{"id":1785,"date":"2026-01-29T12:19:27","date_gmt":"2026-01-29T12:19:27","guid":{"rendered":"https:\/\/spiritdust.pl\/zahlungsarten\/"},"modified":"2026-01-30T05:00:54","modified_gmt":"2026-01-30T05:00:54","slug":"zahlungsarten","status":"publish","type":"page","link":"https:\/\/spiritdust.pl\/de\/zahlungsarten\/","title":{"rendered":"Zahlungsarten"},"content":{"rendered":"\n<p>Im Shop stehen dir ausschlie\u00dflich schnelle und sichere Zahlungsarten zur Verf\u00fcgung, die eine sofortige Bestellbest\u00e4tigung erm\u00f6glichen.<br\/>So wird dein ausgew\u00e4hlter Artikel nicht blockiert und geht sofort in die Bearbeitung.<\/p>\n\n<h2 class=\"wp-block-heading\" id=\"h-przelew-online\">Online-\u00dcberweisung<\/h2>\n\n<p>Die Online-\u00dcberweisung ist eine bequeme Zahlungsart, mit der du deine Bestellung von zu Hause aus abschlie\u00dfen kannst.<br\/>Die Zahlungen werden von bew\u00e4hrten und sicheren Systemen abgewickelt:<\/p>\n\n<div class=\"wp-block-group\"><div class=\"wp-block-group__inner-container is-layout-constrained wp-block-group-is-layout-constrained\">\n<ul class=\"wp-block-list\">\n<li><a href=\"https:\/\/www.payu.com\/\">PayU<\/a> \u2013 beliebtes Online-Zahlungssystem mit sofortiger Transaktionsbest\u00e4tigung<\/li>\n\n\n\n<li><a href=\"https:\/\/www.paypo.pl\/\">PayPo<\/a> \u2013 Option \u201ejetzt kaufen, sp\u00e4ter bezahlen\u201c, mit der du das Produkt zuerst erhalten und pr\u00fcfen kannst<\/li>\n\n\n\n<li><a href=\"https:\/\/www.paypal.com\/\">PayPal<\/a> \u2013 schnelle und sichere Online-Zahlungen<\/li>\n<\/ul>\n<\/div><\/div>\n\n<p>Die gew\u00e4hlte Zahlungsart reserviert das Produkt automatisch.<\/p>\n<div class=\"wp-block-image is-style-default\">\n<figure class=\"alignleft size-full is-resized\"><img decoding=\"async\" width=\"351\" height=\"25\" src=\"https:\/\/spiritdust.pl\/wp-content\/uploads\/2026\/01\/metody-platnosci.svg\" alt=\"\" class=\"wp-image-1351\" style=\"aspect-ratio:14.07624633431085;width:425px;height:auto\"\/><\/figure>\n<\/div>\n<p><\/p>\n\n<p><\/p>\n\n<h2 class=\"wp-block-heading\" id=\"h-platnosc-przy-odbiorze-osobistym\">Zahlung bei Abholung<\/h2>\n\n<p>Du kannst <strong>bei pers\u00f6nlicher Abholung der Bestellung an meiner Adresse bar bezahlen<\/strong>.<br\/>Die Abholung erfolgt nach vorheriger Terminabsprache.<\/p>\n\n<p>Diese Zahlungsart ist nur bei pers\u00f6nlicher Abholung verf\u00fcgbar und gilt nicht f\u00fcr den Versand.<\/p>\n\n<h3 class=\"wp-block-heading\">Weitere Infos<\/h3>\n\n<p>Wenn du mehr \u00fcber die Bestellabwicklung erfahren m\u00f6chtest, schau auch hier vorbei:<\/p>\n\n<ul class=\"wp-block-list\">\n<li><a href=\"https:\/\/spiritdust.pl\/czas-i-koszty-dostawy\">Lieferung<\/a><\/li>\n\n\n\n<li><a href=\"https:\/\/spiritdust.pl\/regulaminy\/?v=288404204e3d\">Shop-AGB<\/a><\/li>\n<\/ul>\n\n<p><\/p>\n","protected":false},"excerpt":{"rendered":"<p>Im Shop stehen dir ausschlie\u00dflich schnelle und sichere Zahlungsarten zur Verf\u00fcgung, die eine sofortige Bestellbest\u00e4tigung erm\u00f6glichen.So wird dein ausgew\u00e4hlter Artikel nicht blockiert und geht sofort in die Bearbeitung. Online-\u00dcberweisung Die Online-\u00dcberweisung ist eine bequeme Zahlungsart, mit der du deine Bestellung von zu Hause aus abschlie\u00dfen kannst.Die Zahlungen werden von bew\u00e4hrten und sicheren Systemen abgewickelt: Die [&hellip;]<\/p>\n","protected":false},"author":1,"featured_media":1788,"parent":0,"menu_order":0,"comment_status":"closed","ping_status":"closed","template":"","meta":{"inline_featured_image":false,"footnotes":""},"class_list":["post-1785","page","type-page","status-publish","has-post-thumbnail","hentry"],"yoast_head":"<!-- This site is optimized with the Yoast SEO plugin v27.5 - https:\/\/yoast.com\/product\/yoast-seo-wordpress\/ -->\n<title>Zahlungsarten \u2013 Spirit Dust<\/title>\n<meta name=\"description\" content=\"Infos zu den verf\u00fcgbaren Zahlungsarten im Spirit Dust Shop. Online-Zahlungen (PayU, PayPal, PayPo) und Barzahlung bei Abholung.\" \/>\n<meta name=\"robots\" content=\"index, follow, max-snippet:-1, max-image-preview:large, max-video-preview:-1\" \/>\n<link rel=\"canonical\" href=\"https:\/\/spiritdust.pl\/de\/zahlungsarten\/\" \/>\n<meta property=\"og:locale\" content=\"de_DE\" \/>\n<meta property=\"og:type\" content=\"article\" \/>\n<meta property=\"og:title\" content=\"Zahlungsarten \u2013 Spirit Dust\" \/>\n<meta property=\"og:description\" content=\"Infos zu den verf\u00fcgbaren Zahlungsarten im Spirit Dust Shop. Online-Zahlungen (PayU, PayPal, PayPo) und Barzahlung bei Abholung.\" \/>\n<meta property=\"og:url\" content=\"https:\/\/spiritdust.pl\/de\/zahlungsarten\/\" \/>\n<meta property=\"og:site_name\" content=\"Spirit Dust\" \/>\n<meta property=\"article:publisher\" content=\"https:\/\/www.facebook.com\/spiritdustmj\/\" \/>\n<meta property=\"article:modified_time\" content=\"2026-01-30T05:00:54+00:00\" \/>\n<meta name=\"twitter:card\" content=\"summary_large_image\" \/>\n<meta name=\"twitter:label1\" content=\"Gesch\u00e4tzte Lesezeit\" \/>\n\t<meta name=\"twitter:data1\" content=\"1\u00a0Minute\" \/>\n<script type=\"application\/ld+json\" class=\"yoast-schema-graph\">{\"@context\":\"https:\\\/\\\/schema.org\",\"@graph\":[{\"@type\":\"WebPage\",\"@id\":\"https:\\\/\\\/spiritdust.pl\\\/de\\\/zahlungsarten\\\/\",\"url\":\"https:\\\/\\\/spiritdust.pl\\\/de\\\/zahlungsarten\\\/\",\"name\":\"Zahlungsarten \u2013 Spirit Dust\",\"isPartOf\":{\"@id\":\"https:\\\/\\\/green-chough-870564.hostingersite.com\\\/#website\"},\"primaryImageOfPage\":{\"@id\":\"https:\\\/\\\/spiritdust.pl\\\/de\\\/zahlungsarten\\\/#primaryimage\"},\"image\":{\"@id\":\"https:\\\/\\\/spiritdust.pl\\\/de\\\/zahlungsarten\\\/#primaryimage\"},\"thumbnailUrl\":\"https:\\\/\\\/spiritdust.pl\\\/wp-content\\\/uploads\\\/2026\\\/01\\\/crystal.svg\",\"datePublished\":\"2026-01-29T12:19:27+00:00\",\"dateModified\":\"2026-01-30T05:00:54+00:00\",\"description\":\"Infos zu den verf\u00fcgbaren Zahlungsarten im Spirit Dust Shop. Online-Zahlungen (PayU, PayPal, PayPo) und Barzahlung bei Abholung.\",\"breadcrumb\":{\"@id\":\"https:\\\/\\\/spiritdust.pl\\\/de\\\/zahlungsarten\\\/#breadcrumb\"},\"inLanguage\":\"de\",\"potentialAction\":[{\"@type\":\"ReadAction\",\"target\":[\"https:\\\/\\\/spiritdust.pl\\\/de\\\/zahlungsarten\\\/\"]}]},{\"@type\":\"ImageObject\",\"inLanguage\":\"de\",\"@id\":\"https:\\\/\\\/spiritdust.pl\\\/de\\\/zahlungsarten\\\/#primaryimage\",\"url\":\"https:\\\/\\\/spiritdust.pl\\\/wp-content\\\/uploads\\\/2026\\\/01\\\/crystal.svg\",\"contentUrl\":\"https:\\\/\\\/spiritdust.pl\\\/wp-content\\\/uploads\\\/2026\\\/01\\\/crystal.svg\",\"width\":108,\"height\":101},{\"@type\":\"BreadcrumbList\",\"@id\":\"https:\\\/\\\/spiritdust.pl\\\/de\\\/zahlungsarten\\\/#breadcrumb\",\"itemListElement\":[{\"@type\":\"ListItem\",\"position\":1,\"name\":\"Strona g\u0142\u00f3wna\",\"item\":\"https:\\\/\\\/spiritdust.pl\\\/de\\\/spirit-dust-schmuck-aus-kupfer-silber-und-natursteinen\\\/\"},{\"@type\":\"ListItem\",\"position\":2,\"name\":\"Zahlungsarten\"}]},{\"@type\":\"WebSite\",\"@id\":\"https:\\\/\\\/green-chough-870564.hostingersite.com\\\/#website\",\"url\":\"https:\\\/\\\/green-chough-870564.hostingersite.com\\\/\",\"name\":\"Spirit Dust\",\"description\":\"Bi\u017cuteria z Miedzi, Srebra i Kamieni Naturalnych\",\"publisher\":{\"@id\":\"https:\\\/\\\/green-chough-870564.hostingersite.com\\\/#organization\"},\"potentialAction\":[{\"@type\":\"SearchAction\",\"target\":{\"@type\":\"EntryPoint\",\"urlTemplate\":\"https:\\\/\\\/green-chough-870564.hostingersite.com\\\/?s={search_term_string}\"},\"query-input\":{\"@type\":\"PropertyValueSpecification\",\"valueRequired\":true,\"valueName\":\"search_term_string\"}}],\"inLanguage\":\"de\"},{\"@type\":\"Organization\",\"@id\":\"https:\\\/\\\/green-chough-870564.hostingersite.com\\\/#organization\",\"name\":\"Geisterstaub\",\"url\":\"https:\\\/\\\/green-chough-870564.hostingersite.com\\\/\",\"logo\":{\"@type\":\"ImageObject\",\"inLanguage\":\"de\",\"@id\":\"https:\\\/\\\/green-chough-870564.hostingersite.com\\\/#\\\/schema\\\/logo\\\/image\\\/\",\"url\":\"https:\\\/\\\/spiritdust.pl\\\/wp-content\\\/uploads\\\/2026\\\/01\\\/logo-sd.png\",\"contentUrl\":\"https:\\\/\\\/spiritdust.pl\\\/wp-content\\\/uploads\\\/2026\\\/01\\\/logo-sd.png\",\"width\":251,\"height\":368,\"caption\":\"Geisterstaub\"},\"image\":{\"@id\":\"https:\\\/\\\/green-chough-870564.hostingersite.com\\\/#\\\/schema\\\/logo\\\/image\\\/\"},\"sameAs\":[\"https:\\\/\\\/www.facebook.com\\\/spiritdustmj\\\/\",\"https:\\\/\\\/instagram.com\\\/spirit__dust\"]}]}<\/script>\n<!-- \/ Yoast SEO plugin. -->","yoast_head_json":{"title":"Zahlungsarten \u2013 Spirit Dust","description":"Infos zu den verf\u00fcgbaren Zahlungsarten im Spirit Dust Shop. Online-Zahlungen (PayU, PayPal, PayPo) und Barzahlung bei Abholung.","robots":{"index":"index","follow":"follow","max-snippet":"max-snippet:-1","max-image-preview":"max-image-preview:large","max-video-preview":"max-video-preview:-1"},"canonical":"https:\/\/spiritdust.pl\/de\/zahlungsarten\/","og_locale":"de_DE","og_type":"article","og_title":"Zahlungsarten \u2013 Spirit Dust","og_description":"Infos zu den verf\u00fcgbaren Zahlungsarten im Spirit Dust Shop. Online-Zahlungen (PayU, PayPal, PayPo) und Barzahlung bei Abholung.","og_url":"https:\/\/spiritdust.pl\/de\/zahlungsarten\/","og_site_name":"Spirit Dust","article_publisher":"https:\/\/www.facebook.com\/spiritdustmj\/","article_modified_time":"2026-01-30T05:00:54+00:00","twitter_card":"summary_large_image","twitter_misc":{"Gesch\u00e4tzte Lesezeit":"1\u00a0Minute"},"schema":{"@context":"https:\/\/schema.org","@graph":[{"@type":"WebPage","@id":"https:\/\/spiritdust.pl\/de\/zahlungsarten\/","url":"https:\/\/spiritdust.pl\/de\/zahlungsarten\/","name":"Zahlungsarten \u2013 Spirit Dust","isPartOf":{"@id":"https:\/\/green-chough-870564.hostingersite.com\/#website"},"primaryImageOfPage":{"@id":"https:\/\/spiritdust.pl\/de\/zahlungsarten\/#primaryimage"},"image":{"@id":"https:\/\/spiritdust.pl\/de\/zahlungsarten\/#primaryimage"},"thumbnailUrl":"https:\/\/spiritdust.pl\/wp-content\/uploads\/2026\/01\/crystal.svg","datePublished":"2026-01-29T12:19:27+00:00","dateModified":"2026-01-30T05:00:54+00:00","description":"Infos zu den verf\u00fcgbaren Zahlungsarten im Spirit Dust Shop. Online-Zahlungen (PayU, PayPal, PayPo) und Barzahlung bei Abholung.","breadcrumb":{"@id":"https:\/\/spiritdust.pl\/de\/zahlungsarten\/#breadcrumb"},"inLanguage":"de","potentialAction":[{"@type":"ReadAction","target":["https:\/\/spiritdust.pl\/de\/zahlungsarten\/"]}]},{"@type":"ImageObject","inLanguage":"de","@id":"https:\/\/spiritdust.pl\/de\/zahlungsarten\/#primaryimage","url":"https:\/\/spiritdust.pl\/wp-content\/uploads\/2026\/01\/crystal.svg","contentUrl":"https:\/\/spiritdust.pl\/wp-content\/uploads\/2026\/01\/crystal.svg","width":108,"height":101},{"@type":"BreadcrumbList","@id":"https:\/\/spiritdust.pl\/de\/zahlungsarten\/#breadcrumb","itemListElement":[{"@type":"ListItem","position":1,"name":"Strona g\u0142\u00f3wna","item":"https:\/\/spiritdust.pl\/de\/spirit-dust-schmuck-aus-kupfer-silber-und-natursteinen\/"},{"@type":"ListItem","position":2,"name":"Zahlungsarten"}]},{"@type":"WebSite","@id":"https:\/\/green-chough-870564.hostingersite.com\/#website","url":"https:\/\/green-chough-870564.hostingersite.com\/","name":"Spirit Dust","description":"Bi\u017cuteria z Miedzi, Srebra i Kamieni Naturalnych","publisher":{"@id":"https:\/\/green-chough-870564.hostingersite.com\/#organization"},"potentialAction":[{"@type":"SearchAction","target":{"@type":"EntryPoint","urlTemplate":"https:\/\/green-chough-870564.hostingersite.com\/?s={search_term_string}"},"query-input":{"@type":"PropertyValueSpecification","valueRequired":true,"valueName":"search_term_string"}}],"inLanguage":"de"},{"@type":"Organization","@id":"https:\/\/green-chough-870564.hostingersite.com\/#organization","name":"Geisterstaub","url":"https:\/\/green-chough-870564.hostingersite.com\/","logo":{"@type":"ImageObject","inLanguage":"de","@id":"https:\/\/green-chough-870564.hostingersite.com\/#\/schema\/logo\/image\/","url":"https:\/\/spiritdust.pl\/wp-content\/uploads\/2026\/01\/logo-sd.png","contentUrl":"https:\/\/spiritdust.pl\/wp-content\/uploads\/2026\/01\/logo-sd.png","width":251,"height":368,"caption":"Geisterstaub"},"image":{"@id":"https:\/\/green-chough-870564.hostingersite.com\/#\/schema\/logo\/image\/"},"sameAs":["https:\/\/www.facebook.com\/spiritdustmj\/","https:\/\/instagram.com\/spirit__dust"]}]}},"_links":{"self":[{"href":"https:\/\/spiritdust.pl\/de\/wp-json\/wp\/v2\/pages\/1785","targetHints":{"allow":["GET"]}}],"collection":[{"href":"https:\/\/spiritdust.pl\/de\/wp-json\/wp\/v2\/pages"}],"about":[{"href":"https:\/\/spiritdust.pl\/de\/wp-json\/wp\/v2\/types\/page"}],"author":[{"embeddable":true,"href":"https:\/\/spiritdust.pl\/de\/wp-json\/wp\/v2\/users\/1"}],"replies":[{"embeddable":true,"href":"https:\/\/spiritdust.pl\/de\/wp-json\/wp\/v2\/comments?post=1785"}],"version-history":[{"count":1,"href":"https:\/\/spiritdust.pl\/de\/wp-json\/wp\/v2\/pages\/1785\/revisions"}],"predecessor-version":[{"id":1790,"href":"https:\/\/spiritdust.pl\/de\/wp-json\/wp\/v2\/pages\/1785\/revisions\/1790"}],"wp:featuredmedia":[{"embeddable":true,"href":"https:\/\/spiritdust.pl\/de\/wp-json\/wp\/v2\/media\/1788"}],"wp:attachment":[{"href":"https:\/\/spiritdust.pl\/de\/wp-json\/wp\/v2\/media?parent=1785"}],"curies":[{"name":"wp","href":"https:\/\/api.w.org\/{rel}","templated":true}]}}