{"id":1831,"date":"2026-01-26T04:50:57","date_gmt":"2026-01-26T04:50:57","guid":{"rendered":"https:\/\/spiritdust.pl\/datenschutzerklaerung\/"},"modified":"2026-01-30T05:01:05","modified_gmt":"2026-01-30T05:01:05","slug":"datenschutzerklaerung","status":"publish","type":"page","link":"https:\/\/spiritdust.pl\/de\/datenschutzerklaerung\/","title":{"rendered":"Datenschutzerkl\u00e4rung"},"content":{"rendered":"\n<h2 class=\"wp-block-heading\" id=\"h-drogi-uzytkowniku\">Lieber Nutzer!<\/h2>\n\n<p>Deine Privatsph\u00e4re ist uns wichtig und wir m\u00f6chten, dass du dich bei der Nutzung unserer Dienste wohlf\u00fchlst. Deshalb pr\u00e4sentieren wir dir im Folgenden die wichtigsten Informationen \u00fcber die Grunds\u00e4tze der Verarbeitung deiner personenbezogenen Daten und der Cookies, die von unserem Shop verwendet werden. Diese Informationen wurden unter Ber\u00fccksichtigung der DSGVO, der Datenschutz-Grundverordnung, erstellt.  <\/p>\n\n<h2 class=\"wp-block-heading\" id=\"h-administrator-danych-osobowych\">VERANTWORTLICHER F\u00dcR DIE PERSONENBEZOGENEN DATEN<\/h2>\n\n<p>MAGDALENA JEDYNAK, Unternehmerin, die ein Gesch\u00e4ft unter dem Namen Spirit Dust Magdalena Jedynak betreibt, eingetragen im Zentralen Register und Informationen \u00fcber die Wirtschaftst\u00e4tigkeit, gef\u00fchrt vom zust\u00e4ndigen Minister f\u00fcr Wirtschaft und F\u00fchrung des Zentralen Registers und Informationen \u00fcber die Wirtschaftst\u00e4tigkeit, Steuernummer 6922458584, REGON-Nummer 520646231, Klasztorna 23, 59-330 \u015acinawa. <\/p>\n\n<p>Wenn du uns bez\u00fcglich der Verarbeitung deiner personenbezogenen Daten kontaktieren m\u00f6chtest, schreibe uns bitte eine E-Mail an: shop@spiritdust.pl.<\/p>\n\n<h2 class=\"wp-block-heading\" id=\"h-twoje-uprawnienia\">DEINE RECHTE<\/h2>\n\n<p>Du hast das Recht zu verlangen:<\/p>\n\n<ul class=\"wp-block-list\">\n<li>Zugang zu deinen personenbezogenen Daten, einschlie\u00dflich des Erhalts einer Kopie deiner Daten (Art. 15 DSGVO oder \u2013 falls zutreffend \u2013 Art. 13 Abs. 1 lit. f DSGVO),<\/li>\n\n\n\n<li>deren Berichtigung (Art. 16 DSGVO),<\/li>\n\n\n\n<li>L\u00f6schung (Art. 17 DSGVO),<\/li>\n\n\n\n<li>Einschr\u00e4nkung der Verarbeitung (Art. 18 DSGVO),<\/li>\n\n\n\n<li>Daten\u00fcbertragbarkeit an einen anderen Verantwortlichen (Art. 20 DSGVO).<\/li>\n<\/ul>\n\n<p>Sowie das Recht:<\/p>\n\n<ul class=\"wp-block-list\">\n<li>jederzeit Widerspruch gegen die Verarbeitung deiner Daten einzulegen:\n<ul class=\"wp-block-list\">\n<li>aus Gr\u00fcnden, die sich aus deiner besonderen Situation ergeben \u2013 gegen die Verarbeitung deiner personenbezogenen Daten, die auf Art. 6 Abs. 1 lit. f DSGVO (d.h. auf unseren berechtigten Interessen) beruht (Art. 21 Abs. 1 DSGVO);  <\/li>\n\n\n\n<li>wenn personenbezogene Daten f\u00fcr Direktmarketingzwecke verarbeitet werden, soweit die Verarbeitung mit solchem Direktmarketing in Verbindung steht (Art. 21 Abs. 2 DSGVO).<\/li>\n<\/ul>\n<\/li>\n<\/ul>\n\n<p>Kontaktiere uns, wenn du deine Rechte aus\u00fcben m\u00f6chtest. Deinen Widerspruch gegen die Verwendung von Cookies (\u00fcber die du weiter unten lesen wirst) kannst du insbesondere \u00fcber die entsprechenden Browsereinstellungen \u00e4u\u00dfern. <\/p>\n\n<p>Wenn du der Meinung bist, dass deine Daten rechtswidrig verarbeitet werden, kannst du eine Beschwerde beim Pr\u00e4sidenten des Amtes f\u00fcr den Schutz personenbezogener Daten einreichen.<\/p>\n\n<h2 class=\"wp-block-heading\" id=\"h-dane-osobowe-i-prywatnosc\">PERSONENBEZOGENE DATEN UND DATENSCHUTZ<\/h2>\n\n<p>Nachfolgend findest du detaillierte Informationen zur Verarbeitung deiner Daten, abh\u00e4ngig von den von dir durchgef\u00fchrten Aktionen.<\/p>\n\n<h3 class=\"wp-block-heading\" id=\"h-1-zlozenie-zamowienia-w-sklepie\">1. Aufgabe einer Bestellung im Shop<\/h3>\n\n<figure class=\"wp-block-table\"><table><tbody><tr><th>ZU WELCHEM ZWECK?<\/th><\/tr><tr><td>Erf\u00fcllung deiner Bestellung<\/td><\/tr><tr><th>AUF WELCHER GRUNDLAGE?<\/th><\/tr><tr><td>Kaufvertrag (Art. 6 Abs. 1 lit. b DSGVO)<\/td><td>gesetzliche Verpflichtung im Zusammenhang mit der Buchhaltung, die uns zur Verarbeitung deiner personenbezogenen Daten verpflichtet (Art. 6 Abs. 1 lit. c DSGVO)<\/td><\/tr><tr><th>WIE LANGE?<\/th><\/tr><tr><td>f\u00fcr die Dauer des oben genannten Vertrags<\/td><td>bis zum Erl\u00f6schen unserer gesetzlichen Verpflichtung im Zusammenhang mit der Buchhaltung<\/td><\/tr><tr><td>au\u00dferdem werden deine Daten bis zum Ablauf der Frist verarbeitet, in der Anspr\u00fcche geltend gemacht werden k\u00f6nnen \u2013 von dir oder von uns<br\/>(weitere Informationen dazu findest du in der letzten Tabelle dieses Abschnitts)<\/td><\/tr><tr><th>WAS PASSIERT, WENN DU KEINE DATEN ANGIBST?<\/th><\/tr><tr><td>du wirst keine Bestellung aufgeben k\u00f6nnen<\/td><\/tr><\/tbody><\/table><\/figure>\n\n<h3 class=\"wp-block-heading\" id=\"h-2-zalozenie-konta-w-sklepie\">2. Erstellung eines Kontos im Shop<\/h3>\n\n<figure class=\"wp-block-table\"><table><tbody><tr><th>ZU WELCHEM ZWECK?<\/th><\/tr><tr><td>Erf\u00fcllung des Vertrags \u00fcber die Bereitstellung des Kontoverwaltungsdienstes im Shop<\/td><\/tr><tr><th>AUF WELCHER GRUNDLAGE?<\/th><\/tr><tr><td>Dienstleistungsvertrag (Art. 6 Abs. 1 lit. b DSGVO)<\/td><\/tr><tr><th>WIE LANGE?<\/th><\/tr><tr><td>bis das Konto von dir oder von uns auf deinen Wunsch gel\u00f6scht wird<\/td><\/tr><tr><td>au\u00dferdem werden deine Daten bis zum Ablauf der Frist verarbeitet, in der Anspr\u00fcche geltend gemacht werden k\u00f6nnen \u2013 von dir oder von uns<br\/>(weitere Informationen dazu findest du in der letzten Tabelle dieses Abschnitts)<\/td><\/tr><tr><th>WAS PASSIERT, WENN DU KEINE DATEN ANGIBST?<\/th><\/tr><tr><td>du wirst kein Konto erstellen und dessen Funktionen nutzen k\u00f6nnen, wie z.B. das Anzeigen der Bestellhistorie oder das \u00dcberpr\u00fcfen des Bestellstatus<\/td><\/tr><\/tbody><\/table><\/figure>\n\n<h3 class=\"wp-block-heading\" id=\"h-3-nawiazanie-z-nami-kontaktu-np-w-celu-zadania-pytania\">3. Kontaktaufnahme mit uns (z.B. um eine Frage zu stellen)<\/h3>\n\n<figure class=\"wp-block-table\"><table><tbody><tr><th>ZU WELCHEM ZWECK?<\/th><\/tr><tr><td>Bearbeitung deiner Anfragen oder Meldungen<\/td><\/tr><tr><th>AUF WELCHER GRUNDLAGE?<\/th><\/tr><tr><td>Vertrag oder auf deinen Wunsch hin ergriffene Ma\u00dfnahmen, die auf dessen Abschluss abzielen (Art. 6 Abs. 1 lit. b DSGVO) \u2013 falls deine Anfrage oder Meldung einen Vertrag betrifft, dessen Partei wir sind oder sein k\u00f6nnten<\/td><td>unser berechtigtes Interesse, das in der Verarbeitung deiner Daten zum Zweck der Kommunikation mit dir besteht (Art. 6 Abs. 1 lit. f DSGVO) \u2013 wenn deine Anfrage oder Meldung nicht mit einem Vertrag in Verbindung steht<\/td><\/tr><tr><th>WIE LANGE?<\/th><\/tr><tr><td>f\u00fcr die Dauer des uns bindenden Vertrags oder \u2013 falls kein Vertrag zustande kommt \u2013 bis zum Ablauf der Verj\u00e4hrungsfrist f\u00fcr Anspr\u00fcche \u2013 siehe die letzte Tabelle dieses Abschnitts*<\/td><td>bis zum Ablauf der Verj\u00e4hrungsfrist f\u00fcr Anspr\u00fcche \u2013 siehe die letzte Tabelle dieses Abschnitts \u2013 oder bis wir deinem Widerspruch gegen die Verarbeitung stattgeben*<\/td><\/tr><tr><td>au\u00dferdem werden deine Daten bis zum Ablauf der Frist verarbeitet, in der Anspr\u00fcche geltend gemacht werden k\u00f6nnen \u2013 von dir oder von uns<br\/>(weitere Informationen dazu findest du in der letzten Tabelle dieses Abschnitts)<\/td><\/tr><tr><th>WAS PASSIERT, WENN DU KEINE DATEN ANGIBST?<\/th><\/tr><tr><td>wir werden deine Anfrage oder Meldung nicht beantworten k\u00f6nnen<\/td><\/tr><\/tbody><\/table><\/figure>\n\n<p>* je nachdem, was im jeweiligen Fall zutrifft und zuerst eintritt<\/p>\n\n<h3 class=\"wp-block-heading\" id=\"h-4-wyrazenie-przez-ciebie-zgody-na-otrzymywanie-od-nas-tresci-marketingowych-np-informacji-o-ofertach-specjalnych\">4. Deine Zustimmung zum Erhalt von Marketinginhalten von uns (z.B. Informationen \u00fcber Sonderangebote)<\/h3>\n\n<figure class=\"wp-block-table\"><table><tbody><tr><th>ZU WELCHEM ZWECK?<\/th><\/tr><tr><td>Versand von Marketinginformationen, insbesondere Sonderangeboten<\/td><\/tr><tr><th>AUF WELCHER GRUNDLAGE?<\/th><\/tr><tr><td>Deine Zustimmung zu unseren Marketingaktivit\u00e4ten (Art. 6 Abs. 1 lit. a DSGVO)<\/td><\/tr><tr><th>WIE LANGE?<\/th><\/tr><tr><td>bis du deine Einwilligung widerrufst \u2013 denke daran, du kannst deine Einwilligung jederzeit widerrufen. Die Datenverarbeitung bis zum Widerruf deiner Einwilligung bleibt rechtm\u00e4\u00dfig. <\/td><\/tr><tr><td>au\u00dferdem werden deine Daten bis zum Ablauf der Frist verarbeitet, in der Anspr\u00fcche geltend gemacht werden k\u00f6nnen \u2013 von dir oder von uns<br\/>(weitere Informationen dazu findest du in der letzten Tabelle dieses Abschnitts)<\/td><\/tr><tr><th>WAS PASSIERT, WENN DU KEINE DATEN ANGIBST?<\/th><\/tr><tr><td>du wirst unsere Marketingmaterialien, einschlie\u00dflich Informationen \u00fcber unsere Sonderangebote, nicht erhalten<\/td><\/tr><\/tbody><\/table><\/figure>\n\n<h3 class=\"wp-block-heading\" id=\"h-5-podjecie-dzialania-lub-zaniechanie-mogace-powodowac-powstanie-roszczen-zwiazanych-ze-sklepem-lub-naszymi-uslugami\">5. Handlung oder Unterlassung, die zu Anspr\u00fcchen im Zusammenhang mit dem Shop oder unseren Dienstleistungen f\u00fchren kann<\/h3>\n\n<figure class=\"wp-block-table\"><table><tbody><tr><th>ZU WELCHEM ZWECK?<\/th><\/tr><tr><td>Feststellung, Geltendmachung oder Abwehr m\u00f6glicher Anspr\u00fcche im Zusammenhang mit dem geschlossenen Vertrag oder den erbrachten Dienstleistungen<\/td><\/tr><tr><th>AUF WELCHER GRUNDLAGE?<\/th><\/tr><tr><td>unser berechtigtes Interesse, das in der Verarbeitung personenbezogener Daten f\u00fcr den oben genannten Zweck besteht (Art. 6 Abs. 1 lit. f DSGVO)<\/td><\/tr><tr><th>WIE LANGE?<\/th><\/tr><tr><td>bis zum Ablauf der Verj\u00e4hrungsfrist f\u00fcr Anspr\u00fcche oder bis wir deinem Widerspruch gegen die Verarbeitung stattgeben*<\/td><\/tr><tr><th>WAS PASSIERT, WENN DU KEINE DATEN ANGIBST?<\/th><\/tr><tr><td>keine M\u00f6glichkeit zur Feststellung, Geltendmachung oder Abwehr von Anspr\u00fcchen<\/td><\/tr><\/tbody><\/table><\/figure>\n\n<p>* je nachdem, was im jeweiligen Fall zutrifft und zuerst eintritt<\/p>\n\n<h2 class=\"wp-block-heading\" id=\"h-bezpieczenstwo-danych\">DATENSICHERHEIT<\/h2>\n\n<p>Bei der Verarbeitung deiner personenbezogenen Daten wenden wir organisatorische und technische Ma\u00dfnahmen gem\u00e4\u00df den einschl\u00e4gigen gesetzlichen Bestimmungen an, einschlie\u00dflich der Verschl\u00fcsselung der Verbindung mittels eines SSL-Zertifikats.<\/p>\n\n<h2 class=\"wp-block-heading\" id=\"h-pliki-cookies\">COOKIES<\/h2>\n\n<p>Unser Shop verwendet, wie die meisten Websites, sogenannte Cookies. Diese Dateien:  <\/p>\n\n<ul class=\"wp-block-list\">\n<li>werden im Speicher deines Ger\u00e4ts (Computer, Telefon usw.) gespeichert;<\/li>\n\n\n\n<li>verursachen keine \u00c4nderungen an den Einstellungen deines Ger\u00e4ts.<\/li>\n<\/ul>\n\n<p>In diesem Shop werden Cookies zu folgenden Zwecken verwendet:<\/p>\n\n<ul class=\"wp-block-list\">\n<li>Speicherung deiner Sitzung<\/li>\n\n\n\n<li>statistischen Zwecken<\/li>\n\n\n\n<li>Marketingzwecken<\/li>\n\n\n\n<li>Bereitstellung von Shop-Funktionen<\/li>\n<\/ul>\n\n<p>Um zu erfahren, wie du Cookies verwalten kannst, einschlie\u00dflich wie du sie in deinem Browser deaktivierst, kannst du die Hilfedatei deines Browsers verwenden. Informationen dazu findest du, indem du die F1-Taste in deinem Browser dr\u00fcckst. Dar\u00fcber hinaus findest du je nach verwendetem Browser entsprechende Anleitungen auf den folgenden Unterseiten:  <\/p>\n\n<ul class=\"wp-block-list\">\n<li><a href=\"https:\/\/support.mozilla.org\/pl\/kb\/wzmocniona-ochrona-przed-sledzeniem-firefox-desktop?redirectlocale=pl&amp;redirectslug=W%C5%82%C4%85czanie+i+wy%C5%82%C4%85czanie+obs%C5%82ugi+ciasteczek\" rel=\"noreferrer noopener\" target=\"_blank\">Firefox<\/a><\/li>\n\n\n\n<li><a href=\"https:\/\/support.google.com\/chrome\/answer\/95647?hl=pl\" rel=\"noreferrer noopener\" target=\"_blank\">Chrome<\/a><\/li>\n\n\n\n<li><a href=\"https:\/\/support.apple.com\/pl-pl\/guide\/safari\/sfri11471\/mac\" rel=\"noreferrer noopener\" target=\"_blank\">Safari<\/a><\/li>\n\n\n\n<li><a href=\"https:\/\/support.microsoft.com\/pl-pl\/help\/4468242\/microsoft-edge-browsing-data-and-privacy\" rel=\"noreferrer noopener\" target=\"_blank\">Internet Explorer \/ Microsoft Edge<\/a><\/li>\n<\/ul>\n\n<p>Cookies werden von uns nicht l\u00e4nger als 1 Tag nach dem letzten Besuch im Shop verarbeitet.<\/p>\n\n<p>Indem du die entsprechenden Optionen deines Browsers nutzt, kannst du jederzeit:<\/p>\n\n<ul class=\"wp-block-list\">\n<li>Cookies l\u00f6schen,<\/li>\n\n\n\n<li>die zuk\u00fcnftige Verwendung von Cookies blockieren.<\/li>\n<\/ul>\n\n<p>In solchen F\u00e4llen werden wir sie nicht l\u00e4nger verarbeiten.<\/p>\n\n<p>Weitere Informationen zu Cookies findest du in der <a href=\"https:\/\/pl.wikipedia.org\/wiki\/HTTP_cookie\">Wikipedia<\/a>.<\/p>\n\n<h2 class=\"wp-block-heading\" id=\"h-uslugi-zewnetrzne-odbiorcy-danych\">EXTERNE DIENSTE \/ DATENEMPF\u00c4NGER<\/h2>\n\n<p>Wir nutzen die Dienste externer Unternehmen, die uns bei der F\u00fchrung unseres Gesch\u00e4fts unterst\u00fctzen. Wir \u00fcberlassen ihnen deine Daten zur Verarbeitung \u2013 diese Unternehmen verarbeiten Daten ausschlie\u00dflich auf unsere dokumentierte Anweisung hin.<\/p>\n\n<p>Nachfolgend findest du eine Liste der Empf\u00e4nger deiner Daten:<\/p>\n\n<figure class=\"wp-block-table\"><table><tbody><tr><th>AKTION<\/th><th>DATENEMPF\u00c4NGER<\/th><th>DATEN\u00dcBERMITTLUNG AUSSERHALB DER EUROP\u00c4ISCHEN UNION<\/th><\/tr><tr><th>JEDE AKTION IM ZUSAMMENHANG MIT DEM SHOP<\/th><td>Betreiber der Online-Handelsplattform<\/td><td>findet nicht statt<\/td><\/tr><tr><th>AUF DER SHOP-WEBSITE VERWEILEN MIT EINSTELLUNGEN, DIE ANALYTISCHE AKTIVIT\u00c4TEN ERLAUBEN<\/th><td>Unternehmen, das analytische Aktivit\u00e4ten auf der Website erm\u00f6glicht<\/td><td>findet nicht statt<\/td><\/tr><tr><th>BESTELLUNG IM SHOP AUFGEBEN<\/th><td>Zahlungsdienstleister<\/td><td>findet nicht statt<\/td><\/tr><tr><td>Unternehmen, das die Warenlieferung sicherstellt \u2013 es sei denn, du hast die Option der pers\u00f6nlichen Abholung gew\u00e4hlt<\/td><td>findet nicht statt<\/td><\/tr><tr><td>Softwareanbieter, der die Gesch\u00e4ftsabwicklung erleichtert (z.B. Buchhaltungssoftware)<\/td><td>findet nicht statt<\/td><\/tr><\/tbody><\/table><\/figure>\n\n<p>Und au\u00dferdem:<\/p>\n\n<p>zust\u00e4ndige \u00f6ffentliche Beh\u00f6rden, soweit wir zur Weitergabe von Daten an sie verpflichtet sind.<\/p>\n\n<p><\/p>\n","protected":false},"excerpt":{"rendered":"<p>Lieber Nutzer! Deine Privatsph\u00e4re ist uns wichtig und wir m\u00f6chten, dass du dich bei der Nutzung unserer Dienste wohlf\u00fchlst. Deshalb pr\u00e4sentieren wir dir im Folgenden die wichtigsten Informationen \u00fcber die Grunds\u00e4tze der Verarbeitung deiner personenbezogenen Daten und der Cookies, die von unserem Shop verwendet werden. Diese Informationen wurden unter Ber\u00fccksichtigung der DSGVO, der Datenschutz-Grundverordnung, erstellt. [&hellip;]<\/p>\n","protected":false},"author":1,"featured_media":0,"parent":0,"menu_order":0,"comment_status":"closed","ping_status":"open","template":"","meta":{"inline_featured_image":false,"footnotes":""},"class_list":["post-1831","page","type-page","status-publish","hentry"],"yoast_head":"<!-- This site is optimized with the Yoast SEO plugin v27.5 - https:\/\/yoast.com\/product\/yoast-seo-wordpress\/ -->\n<title>Datenschutzerkl\u00e4rung - Spirit Dust<\/title>\n<meta name=\"robots\" content=\"index, follow, max-snippet:-1, max-image-preview:large, max-video-preview:-1\" \/>\n<link rel=\"canonical\" href=\"https:\/\/spiritdust.pl\/de\/datenschutzerklaerung\/\" \/>\n<meta property=\"og:locale\" content=\"de_DE\" \/>\n<meta property=\"og:type\" content=\"article\" \/>\n<meta property=\"og:title\" content=\"Datenschutzerkl\u00e4rung - Spirit Dust\" \/>\n<meta property=\"og:description\" content=\"Lieber Nutzer! Deine Privatsph\u00e4re ist uns wichtig und wir m\u00f6chten, dass du dich bei der Nutzung unserer Dienste wohlf\u00fchlst. Deshalb pr\u00e4sentieren wir dir im Folgenden die wichtigsten Informationen \u00fcber die Grunds\u00e4tze der Verarbeitung deiner personenbezogenen Daten und der Cookies, die von unserem Shop verwendet werden. Diese Informationen wurden unter Ber\u00fccksichtigung der DSGVO, der Datenschutz-Grundverordnung, erstellt. [&hellip;]\" \/>\n<meta property=\"og:url\" content=\"https:\/\/spiritdust.pl\/de\/datenschutzerklaerung\/\" \/>\n<meta property=\"og:site_name\" content=\"Spirit Dust\" \/>\n<meta property=\"article:publisher\" content=\"https:\/\/www.facebook.com\/spiritdustmj\/\" \/>\n<meta property=\"article:modified_time\" content=\"2026-01-30T05:01:05+00:00\" \/>\n<meta name=\"twitter:card\" content=\"summary_large_image\" \/>\n<meta name=\"twitter:label1\" content=\"Gesch\u00e4tzte Lesezeit\" \/>\n\t<meta name=\"twitter:data1\" content=\"7\u00a0Minuten\" \/>\n<script type=\"application\/ld+json\" class=\"yoast-schema-graph\">{\"@context\":\"https:\\\/\\\/schema.org\",\"@graph\":[{\"@type\":\"WebPage\",\"@id\":\"https:\\\/\\\/spiritdust.pl\\\/de\\\/datenschutzerklaerung\\\/\",\"url\":\"https:\\\/\\\/spiritdust.pl\\\/de\\\/datenschutzerklaerung\\\/\",\"name\":\"Datenschutzerkl\u00e4rung - Spirit Dust\",\"isPartOf\":{\"@id\":\"https:\\\/\\\/green-chough-870564.hostingersite.com\\\/#website\"},\"datePublished\":\"2026-01-26T04:50:57+00:00\",\"dateModified\":\"2026-01-30T05:01:05+00:00\",\"breadcrumb\":{\"@id\":\"https:\\\/\\\/spiritdust.pl\\\/de\\\/datenschutzerklaerung\\\/#breadcrumb\"},\"inLanguage\":\"de\",\"potentialAction\":[{\"@type\":\"ReadAction\",\"target\":[\"https:\\\/\\\/spiritdust.pl\\\/de\\\/datenschutzerklaerung\\\/\"]}]},{\"@type\":\"BreadcrumbList\",\"@id\":\"https:\\\/\\\/spiritdust.pl\\\/de\\\/datenschutzerklaerung\\\/#breadcrumb\",\"itemListElement\":[{\"@type\":\"ListItem\",\"position\":1,\"name\":\"Strona g\u0142\u00f3wna\",\"item\":\"https:\\\/\\\/spiritdust.pl\\\/de\\\/spirit-dust-schmuck-aus-kupfer-silber-und-natursteinen\\\/\"},{\"@type\":\"ListItem\",\"position\":2,\"name\":\"Datenschutzerkl\u00e4rung\"}]},{\"@type\":\"WebSite\",\"@id\":\"https:\\\/\\\/green-chough-870564.hostingersite.com\\\/#website\",\"url\":\"https:\\\/\\\/green-chough-870564.hostingersite.com\\\/\",\"name\":\"Spirit Dust\",\"description\":\"Bi\u017cuteria z Miedzi, Srebra i Kamieni Naturalnych\",\"publisher\":{\"@id\":\"https:\\\/\\\/green-chough-870564.hostingersite.com\\\/#organization\"},\"potentialAction\":[{\"@type\":\"SearchAction\",\"target\":{\"@type\":\"EntryPoint\",\"urlTemplate\":\"https:\\\/\\\/green-chough-870564.hostingersite.com\\\/?s={search_term_string}\"},\"query-input\":{\"@type\":\"PropertyValueSpecification\",\"valueRequired\":true,\"valueName\":\"search_term_string\"}}],\"inLanguage\":\"de\"},{\"@type\":\"Organization\",\"@id\":\"https:\\\/\\\/green-chough-870564.hostingersite.com\\\/#organization\",\"name\":\"Geisterstaub\",\"url\":\"https:\\\/\\\/green-chough-870564.hostingersite.com\\\/\",\"logo\":{\"@type\":\"ImageObject\",\"inLanguage\":\"de\",\"@id\":\"https:\\\/\\\/green-chough-870564.hostingersite.com\\\/#\\\/schema\\\/logo\\\/image\\\/\",\"url\":\"https:\\\/\\\/spiritdust.pl\\\/wp-content\\\/uploads\\\/2026\\\/01\\\/logo-sd.png\",\"contentUrl\":\"https:\\\/\\\/spiritdust.pl\\\/wp-content\\\/uploads\\\/2026\\\/01\\\/logo-sd.png\",\"width\":251,\"height\":368,\"caption\":\"Geisterstaub\"},\"image\":{\"@id\":\"https:\\\/\\\/green-chough-870564.hostingersite.com\\\/#\\\/schema\\\/logo\\\/image\\\/\"},\"sameAs\":[\"https:\\\/\\\/www.facebook.com\\\/spiritdustmj\\\/\",\"https:\\\/\\\/instagram.com\\\/spirit__dust\"]}]}<\/script>\n<!-- \/ Yoast SEO plugin. -->","yoast_head_json":{"title":"Datenschutzerkl\u00e4rung - Spirit Dust","robots":{"index":"index","follow":"follow","max-snippet":"max-snippet:-1","max-image-preview":"max-image-preview:large","max-video-preview":"max-video-preview:-1"},"canonical":"https:\/\/spiritdust.pl\/de\/datenschutzerklaerung\/","og_locale":"de_DE","og_type":"article","og_title":"Datenschutzerkl\u00e4rung - Spirit Dust","og_description":"Lieber Nutzer! Deine Privatsph\u00e4re ist uns wichtig und wir m\u00f6chten, dass du dich bei der Nutzung unserer Dienste wohlf\u00fchlst. Deshalb pr\u00e4sentieren wir dir im Folgenden die wichtigsten Informationen \u00fcber die Grunds\u00e4tze der Verarbeitung deiner personenbezogenen Daten und der Cookies, die von unserem Shop verwendet werden. Diese Informationen wurden unter Ber\u00fccksichtigung der DSGVO, der Datenschutz-Grundverordnung, erstellt. [&hellip;]","og_url":"https:\/\/spiritdust.pl\/de\/datenschutzerklaerung\/","og_site_name":"Spirit Dust","article_publisher":"https:\/\/www.facebook.com\/spiritdustmj\/","article_modified_time":"2026-01-30T05:01:05+00:00","twitter_card":"summary_large_image","twitter_misc":{"Gesch\u00e4tzte Lesezeit":"7\u00a0Minuten"},"schema":{"@context":"https:\/\/schema.org","@graph":[{"@type":"WebPage","@id":"https:\/\/spiritdust.pl\/de\/datenschutzerklaerung\/","url":"https:\/\/spiritdust.pl\/de\/datenschutzerklaerung\/","name":"Datenschutzerkl\u00e4rung - Spirit Dust","isPartOf":{"@id":"https:\/\/green-chough-870564.hostingersite.com\/#website"},"datePublished":"2026-01-26T04:50:57+00:00","dateModified":"2026-01-30T05:01:05+00:00","breadcrumb":{"@id":"https:\/\/spiritdust.pl\/de\/datenschutzerklaerung\/#breadcrumb"},"inLanguage":"de","potentialAction":[{"@type":"ReadAction","target":["https:\/\/spiritdust.pl\/de\/datenschutzerklaerung\/"]}]},{"@type":"BreadcrumbList","@id":"https:\/\/spiritdust.pl\/de\/datenschutzerklaerung\/#breadcrumb","itemListElement":[{"@type":"ListItem","position":1,"name":"Strona g\u0142\u00f3wna","item":"https:\/\/spiritdust.pl\/de\/spirit-dust-schmuck-aus-kupfer-silber-und-natursteinen\/"},{"@type":"ListItem","position":2,"name":"Datenschutzerkl\u00e4rung"}]},{"@type":"WebSite","@id":"https:\/\/green-chough-870564.hostingersite.com\/#website","url":"https:\/\/green-chough-870564.hostingersite.com\/","name":"Spirit Dust","description":"Bi\u017cuteria z Miedzi, Srebra i Kamieni Naturalnych","publisher":{"@id":"https:\/\/green-chough-870564.hostingersite.com\/#organization"},"potentialAction":[{"@type":"SearchAction","target":{"@type":"EntryPoint","urlTemplate":"https:\/\/green-chough-870564.hostingersite.com\/?s={search_term_string}"},"query-input":{"@type":"PropertyValueSpecification","valueRequired":true,"valueName":"search_term_string"}}],"inLanguage":"de"},{"@type":"Organization","@id":"https:\/\/green-chough-870564.hostingersite.com\/#organization","name":"Geisterstaub","url":"https:\/\/green-chough-870564.hostingersite.com\/","logo":{"@type":"ImageObject","inLanguage":"de","@id":"https:\/\/green-chough-870564.hostingersite.com\/#\/schema\/logo\/image\/","url":"https:\/\/spiritdust.pl\/wp-content\/uploads\/2026\/01\/logo-sd.png","contentUrl":"https:\/\/spiritdust.pl\/wp-content\/uploads\/2026\/01\/logo-sd.png","width":251,"height":368,"caption":"Geisterstaub"},"image":{"@id":"https:\/\/green-chough-870564.hostingersite.com\/#\/schema\/logo\/image\/"},"sameAs":["https:\/\/www.facebook.com\/spiritdustmj\/","https:\/\/instagram.com\/spirit__dust"]}]}},"_links":{"self":[{"href":"https:\/\/spiritdust.pl\/de\/wp-json\/wp\/v2\/pages\/1831","targetHints":{"allow":["GET"]}}],"collection":[{"href":"https:\/\/spiritdust.pl\/de\/wp-json\/wp\/v2\/pages"}],"about":[{"href":"https:\/\/spiritdust.pl\/de\/wp-json\/wp\/v2\/types\/page"}],"author":[{"embeddable":true,"href":"https:\/\/spiritdust.pl\/de\/wp-json\/wp\/v2\/users\/1"}],"replies":[{"embeddable":true,"href":"https:\/\/spiritdust.pl\/de\/wp-json\/wp\/v2\/comments?post=1831"}],"version-history":[{"count":1,"href":"https:\/\/spiritdust.pl\/de\/wp-json\/wp\/v2\/pages\/1831\/revisions"}],"predecessor-version":[{"id":1832,"href":"https:\/\/spiritdust.pl\/de\/wp-json\/wp\/v2\/pages\/1831\/revisions\/1832"}],"wp:attachment":[{"href":"https:\/\/spiritdust.pl\/de\/wp-json\/wp\/v2\/media?parent=1831"}],"curies":[{"name":"wp","href":"https:\/\/api.w.org\/{rel}","templated":true}]}}