{"id":1918,"date":"2026-01-29T13:33:00","date_gmt":"2026-01-29T13:33:00","guid":{"rendered":"https:\/\/spiritdust.pl\/lieferzeit-und-kosten\/"},"modified":"2026-01-30T11:22:31","modified_gmt":"2026-01-30T11:22:31","slug":"lieferzeit-und-kosten","status":"publish","type":"page","link":"https:\/\/spiritdust.pl\/de\/lieferzeit-und-kosten\/","title":{"rendered":"Lieferzeit und -kosten"},"content":{"rendered":"\n<p>Auf dieser Seite findest du Informationen zu den <strong>Lieferzeiten und -kosten<\/strong> von Bestellungen im Spirit Dust Shop.<\/p>\n\n<h3 class=\"wp-block-heading\" id=\"h-koszty-dostawy\">Versandkosten<\/h3>\n\n<p>Die Versandkosten sind <strong>pauschal<\/strong> und h\u00e4ngen nicht von der Anzahl der bestellten Produkte ab.<\/p>\n\n<p>Verf\u00fcgbare Versandarten:<\/p>\n\n<figure class=\"wp-block-table\"><table class=\"has-fixed-layout\"><thead><tr><th>Versandart<\/th><th>Kosten<\/th><th>Lieferzeit<\/th><\/tr><\/thead><tbody><tr><td>InPost Packstationen<\/td><td>16,99 z\u0142<\/td><td>1\u20135 Werktage<\/td><\/tr><tr><td>InPost Kurier<\/td><td>19,99 z\u0142<\/td><td>1\u20135 Werktage<\/td><\/tr><tr><td>Priorit\u00e4ts-Einschreiben (EU)<\/td><td>26 z\u0142<\/td><td>3\u201314 Tage<\/td><\/tr><tr><td>Selbstabholung<\/td><td>0 z\u0142<\/td><td>nach Vereinbarung<\/td><\/tr><\/tbody><\/table><\/figure>\n\n<h3 class=\"wp-block-heading\" id=\"h-czas-realizacji-zamowienia\">Bearbeitungszeit der Bestellung<\/h3>\n\n<p>Die Bearbeitungszeit der Bestellung betr\u00e4gt in der Regel <strong>2\u20135 Werktage<\/strong>.<br\/>Die Produkte werden handgefertigt, daher kann die Versandzeit je nach Anzahl der aktuellen Bestellungen variieren.<\/p>\n\n<p>Nach dem Versand der Sendung erh\u00e4ltst du eine Sendungsverfolgung.<\/p>\n\n<h3 class=\"wp-block-heading\" id=\"h-odbior-osobisty\">Selbstabholung<\/h3>\n\n<p>Eine <strong>Selbstabholung der Bestellung nach vorheriger Terminabsprache<\/strong> ist m\u00f6glich.<br\/>Die Selbstabholung ist kostenlos.<\/p>\n\n<h3 class=\"wp-block-heading\" id=\"h-dodatkowe-informacje\">Zus\u00e4tzliche Informationen<\/h3>\n\n<p>Details zu den Zahlungsarten findest du auf der Seite:<\/p>\n\n<ul class=\"wp-block-list\">\n<li><a href=\"https:\/\/spiritdust.pl\/formy-platnosci\/?v=288404204e3d\">Zahlungsarten<\/a><\/li>\n<\/ul>\n\n<p>Die Regeln f\u00fcr die Auftragsabwicklung sind beschrieben in:<\/p>\n\n<ul class=\"wp-block-list\">\n<li><a href=\"https:\/\/spiritdust.pl\/regulaminy\/?v=288404204e3d\">AGB des Shops<\/a><\/li>\n<\/ul>\n","protected":false},"excerpt":{"rendered":"<p>Auf dieser Seite findest du Informationen zu den Lieferzeiten und -kosten von Bestellungen im Spirit Dust Shop. Versandkosten Die Versandkosten sind pauschal und h\u00e4ngen nicht von der Anzahl der bestellten Produkte ab. Verf\u00fcgbare Versandarten: Versandart Kosten Lieferzeit InPost Packstationen 16,99 z\u0142 1\u20135 Werktage InPost Kurier 19,99 z\u0142 1\u20135 Werktage Priorit\u00e4ts-Einschreiben (EU) 26 z\u0142 3\u201314 Tage [&hellip;]<\/p>\n","protected":false},"author":1,"featured_media":0,"parent":0,"menu_order":0,"comment_status":"closed","ping_status":"closed","template":"","meta":{"inline_featured_image":false,"footnotes":""},"class_list":["post-1918","page","type-page","status-publish","hentry"],"yoast_head":"<!-- This site is optimized with the Yoast SEO plugin v27.5 - https:\/\/yoast.com\/product\/yoast-seo-wordpress\/ -->\n<title>Lieferzeit und -kosten \u2013 Spirit Dust<\/title>\n<meta name=\"description\" content=\"Informiere dich \u00fcber Lieferzeit und -kosten im Spirit Dust Shop. Informationen zu Versandarten, Bearbeitungszeiten und Selbstabholung.\" \/>\n<meta name=\"robots\" content=\"index, follow, max-snippet:-1, max-image-preview:large, max-video-preview:-1\" \/>\n<link rel=\"canonical\" href=\"https:\/\/spiritdust.pl\/de\/lieferzeit-und-kosten\/\" \/>\n<meta property=\"og:locale\" content=\"de_DE\" \/>\n<meta property=\"og:type\" content=\"article\" \/>\n<meta property=\"og:title\" content=\"Lieferzeit und -kosten \u2013 Spirit Dust\" \/>\n<meta property=\"og:description\" content=\"Informiere dich \u00fcber Lieferzeit und -kosten im Spirit Dust Shop. Informationen zu Versandarten, Bearbeitungszeiten und Selbstabholung.\" \/>\n<meta property=\"og:url\" content=\"https:\/\/spiritdust.pl\/de\/lieferzeit-und-kosten\/\" \/>\n<meta property=\"og:site_name\" content=\"Spirit Dust\" \/>\n<meta property=\"article:publisher\" content=\"https:\/\/www.facebook.com\/spiritdustmj\/\" \/>\n<meta property=\"article:modified_time\" content=\"2026-01-30T11:22:31+00:00\" \/>\n<meta name=\"twitter:card\" content=\"summary_large_image\" \/>\n<meta name=\"twitter:label1\" content=\"Gesch\u00e4tzte Lesezeit\" \/>\n\t<meta name=\"twitter:data1\" content=\"1\u00a0Minute\" \/>\n<script type=\"application\/ld+json\" class=\"yoast-schema-graph\">{\"@context\":\"https:\\\/\\\/schema.org\",\"@graph\":[{\"@type\":\"WebPage\",\"@id\":\"https:\\\/\\\/spiritdust.pl\\\/de\\\/lieferzeit-und-kosten\\\/\",\"url\":\"https:\\\/\\\/spiritdust.pl\\\/de\\\/lieferzeit-und-kosten\\\/\",\"name\":\"Lieferzeit und -kosten \u2013 Spirit Dust\",\"isPartOf\":{\"@id\":\"https:\\\/\\\/green-chough-870564.hostingersite.com\\\/#website\"},\"datePublished\":\"2026-01-29T13:33:00+00:00\",\"dateModified\":\"2026-01-30T11:22:31+00:00\",\"description\":\"Informiere dich \u00fcber Lieferzeit und -kosten im Spirit Dust Shop. Informationen zu Versandarten, Bearbeitungszeiten und Selbstabholung.\",\"breadcrumb\":{\"@id\":\"https:\\\/\\\/spiritdust.pl\\\/de\\\/lieferzeit-und-kosten\\\/#breadcrumb\"},\"inLanguage\":\"de\",\"potentialAction\":[{\"@type\":\"ReadAction\",\"target\":[\"https:\\\/\\\/spiritdust.pl\\\/de\\\/lieferzeit-und-kosten\\\/\"]}]},{\"@type\":\"BreadcrumbList\",\"@id\":\"https:\\\/\\\/spiritdust.pl\\\/de\\\/lieferzeit-und-kosten\\\/#breadcrumb\",\"itemListElement\":[{\"@type\":\"ListItem\",\"position\":1,\"name\":\"Strona g\u0142\u00f3wna\",\"item\":\"https:\\\/\\\/spiritdust.pl\\\/de\\\/spirit-dust-schmuck-aus-kupfer-silber-und-natursteinen\\\/\"},{\"@type\":\"ListItem\",\"position\":2,\"name\":\"Lieferzeit und -kosten\"}]},{\"@type\":\"WebSite\",\"@id\":\"https:\\\/\\\/green-chough-870564.hostingersite.com\\\/#website\",\"url\":\"https:\\\/\\\/green-chough-870564.hostingersite.com\\\/\",\"name\":\"Spirit Dust\",\"description\":\"Bi\u017cuteria z Miedzi, Srebra i Kamieni Naturalnych\",\"publisher\":{\"@id\":\"https:\\\/\\\/green-chough-870564.hostingersite.com\\\/#organization\"},\"potentialAction\":[{\"@type\":\"SearchAction\",\"target\":{\"@type\":\"EntryPoint\",\"urlTemplate\":\"https:\\\/\\\/green-chough-870564.hostingersite.com\\\/?s={search_term_string}\"},\"query-input\":{\"@type\":\"PropertyValueSpecification\",\"valueRequired\":true,\"valueName\":\"search_term_string\"}}],\"inLanguage\":\"de\"},{\"@type\":\"Organization\",\"@id\":\"https:\\\/\\\/green-chough-870564.hostingersite.com\\\/#organization\",\"name\":\"Geisterstaub\",\"url\":\"https:\\\/\\\/green-chough-870564.hostingersite.com\\\/\",\"logo\":{\"@type\":\"ImageObject\",\"inLanguage\":\"de\",\"@id\":\"https:\\\/\\\/green-chough-870564.hostingersite.com\\\/#\\\/schema\\\/logo\\\/image\\\/\",\"url\":\"https:\\\/\\\/spiritdust.pl\\\/wp-content\\\/uploads\\\/2026\\\/01\\\/logo-sd.png\",\"contentUrl\":\"https:\\\/\\\/spiritdust.pl\\\/wp-content\\\/uploads\\\/2026\\\/01\\\/logo-sd.png\",\"width\":251,\"height\":368,\"caption\":\"Geisterstaub\"},\"image\":{\"@id\":\"https:\\\/\\\/green-chough-870564.hostingersite.com\\\/#\\\/schema\\\/logo\\\/image\\\/\"},\"sameAs\":[\"https:\\\/\\\/www.facebook.com\\\/spiritdustmj\\\/\",\"https:\\\/\\\/instagram.com\\\/spirit__dust\"]}]}<\/script>\n<!-- \/ Yoast SEO plugin. -->","yoast_head_json":{"title":"Lieferzeit und -kosten \u2013 Spirit Dust","description":"Informiere dich \u00fcber Lieferzeit und -kosten im Spirit Dust Shop. Informationen zu Versandarten, Bearbeitungszeiten und Selbstabholung.","robots":{"index":"index","follow":"follow","max-snippet":"max-snippet:-1","max-image-preview":"max-image-preview:large","max-video-preview":"max-video-preview:-1"},"canonical":"https:\/\/spiritdust.pl\/de\/lieferzeit-und-kosten\/","og_locale":"de_DE","og_type":"article","og_title":"Lieferzeit und -kosten \u2013 Spirit Dust","og_description":"Informiere dich \u00fcber Lieferzeit und -kosten im Spirit Dust Shop. Informationen zu Versandarten, Bearbeitungszeiten und Selbstabholung.","og_url":"https:\/\/spiritdust.pl\/de\/lieferzeit-und-kosten\/","og_site_name":"Spirit Dust","article_publisher":"https:\/\/www.facebook.com\/spiritdustmj\/","article_modified_time":"2026-01-30T11:22:31+00:00","twitter_card":"summary_large_image","twitter_misc":{"Gesch\u00e4tzte Lesezeit":"1\u00a0Minute"},"schema":{"@context":"https:\/\/schema.org","@graph":[{"@type":"WebPage","@id":"https:\/\/spiritdust.pl\/de\/lieferzeit-und-kosten\/","url":"https:\/\/spiritdust.pl\/de\/lieferzeit-und-kosten\/","name":"Lieferzeit und -kosten \u2013 Spirit Dust","isPartOf":{"@id":"https:\/\/green-chough-870564.hostingersite.com\/#website"},"datePublished":"2026-01-29T13:33:00+00:00","dateModified":"2026-01-30T11:22:31+00:00","description":"Informiere dich \u00fcber Lieferzeit und -kosten im Spirit Dust Shop. Informationen zu Versandarten, Bearbeitungszeiten und Selbstabholung.","breadcrumb":{"@id":"https:\/\/spiritdust.pl\/de\/lieferzeit-und-kosten\/#breadcrumb"},"inLanguage":"de","potentialAction":[{"@type":"ReadAction","target":["https:\/\/spiritdust.pl\/de\/lieferzeit-und-kosten\/"]}]},{"@type":"BreadcrumbList","@id":"https:\/\/spiritdust.pl\/de\/lieferzeit-und-kosten\/#breadcrumb","itemListElement":[{"@type":"ListItem","position":1,"name":"Strona g\u0142\u00f3wna","item":"https:\/\/spiritdust.pl\/de\/spirit-dust-schmuck-aus-kupfer-silber-und-natursteinen\/"},{"@type":"ListItem","position":2,"name":"Lieferzeit und -kosten"}]},{"@type":"WebSite","@id":"https:\/\/green-chough-870564.hostingersite.com\/#website","url":"https:\/\/green-chough-870564.hostingersite.com\/","name":"Spirit Dust","description":"Bi\u017cuteria z Miedzi, Srebra i Kamieni Naturalnych","publisher":{"@id":"https:\/\/green-chough-870564.hostingersite.com\/#organization"},"potentialAction":[{"@type":"SearchAction","target":{"@type":"EntryPoint","urlTemplate":"https:\/\/green-chough-870564.hostingersite.com\/?s={search_term_string}"},"query-input":{"@type":"PropertyValueSpecification","valueRequired":true,"valueName":"search_term_string"}}],"inLanguage":"de"},{"@type":"Organization","@id":"https:\/\/green-chough-870564.hostingersite.com\/#organization","name":"Geisterstaub","url":"https:\/\/green-chough-870564.hostingersite.com\/","logo":{"@type":"ImageObject","inLanguage":"de","@id":"https:\/\/green-chough-870564.hostingersite.com\/#\/schema\/logo\/image\/","url":"https:\/\/spiritdust.pl\/wp-content\/uploads\/2026\/01\/logo-sd.png","contentUrl":"https:\/\/spiritdust.pl\/wp-content\/uploads\/2026\/01\/logo-sd.png","width":251,"height":368,"caption":"Geisterstaub"},"image":{"@id":"https:\/\/green-chough-870564.hostingersite.com\/#\/schema\/logo\/image\/"},"sameAs":["https:\/\/www.facebook.com\/spiritdustmj\/","https:\/\/instagram.com\/spirit__dust"]}]}},"_links":{"self":[{"href":"https:\/\/spiritdust.pl\/de\/wp-json\/wp\/v2\/pages\/1918","targetHints":{"allow":["GET"]}}],"collection":[{"href":"https:\/\/spiritdust.pl\/de\/wp-json\/wp\/v2\/pages"}],"about":[{"href":"https:\/\/spiritdust.pl\/de\/wp-json\/wp\/v2\/types\/page"}],"author":[{"embeddable":true,"href":"https:\/\/spiritdust.pl\/de\/wp-json\/wp\/v2\/users\/1"}],"replies":[{"embeddable":true,"href":"https:\/\/spiritdust.pl\/de\/wp-json\/wp\/v2\/comments?post=1918"}],"version-history":[{"count":1,"href":"https:\/\/spiritdust.pl\/de\/wp-json\/wp\/v2\/pages\/1918\/revisions"}],"predecessor-version":[{"id":1920,"href":"https:\/\/spiritdust.pl\/de\/wp-json\/wp\/v2\/pages\/1918\/revisions\/1920"}],"wp:attachment":[{"href":"https:\/\/spiritdust.pl\/de\/wp-json\/wp\/v2\/media?parent=1918"}],"curies":[{"name":"wp","href":"https:\/\/api.w.org\/{rel}","templated":true}]}}