{"id":1937,"date":"2026-01-26T09:14:38","date_gmt":"2026-01-26T09:14:38","guid":{"rendered":"https:\/\/spiritdust.pl\/produkt\/armband-mit-aventurin-glueck-und-fuelle\/"},"modified":"2026-01-26T09:14:38","modified_gmt":"2026-01-26T09:14:38","slug":"armband-mit-aventurin-glueck-und-fuelle","status":"publish","type":"product","link":"https:\/\/spiritdust.pl\/de\/produkt\/armband-mit-aventurin-glueck-und-fuelle\/","title":{"rendered":"Armband mit Aventurin &#8211; Gl\u00fcck und F\u00fclle"},"content":{"rendered":"<p><strong>Aventurin <\/strong>&#8211; bringt Freude, Gl\u00fcck und emotionale Beruhigung. Er st\u00e4rkt Mitgef\u00fchl und Empathie und beruhigt unseren Zorn. Er stimuliert unseren Geist, unsere Kreativit\u00e4t und Motivation. Er ist auch ein Stein des Wohlstands.   <\/p>\n<p><strong>Malachit <\/strong>&#8211; ist ein wichtiger Schutzstein. Er absorbiert negative Energien und Verunreinigungen. Er \u00f6ffnet das Herz f\u00fcr bedingungslose Liebe. Er ermutigt zu Risikobereitschaft und Ver\u00e4nderungen. Er l\u00f6st negative Erfahrungen und alte Traumata auf.    <\/p>\n<p><strong>Citrin <\/strong>&#8211; ist ein energetisierender Stein, der Gl\u00fcck, Mut, Hoffnung und W\u00e4rme spendet. Er steigert das Selbstwertgef\u00fchl, den Selbstausdruck und die Kreativit\u00e4t. Er ist ein m\u00e4chtiger reinigender und revitalisierender Stein. Er zieht F\u00fclle und Wohlstand in unser Leben.   <\/p>\n<p><strong>Mondstein<\/strong> &#8211; ist bekannt als Stein der Neuanf\u00e4nge, er bringt Einsicht und Intuition. Er hebt die Stimmung und beruhigt, st\u00e4rkt psychische F\u00e4higkeiten und d\u00e4mpft Reaktionen, was bei der Selbstanalyse hilft. <\/p>\n<p><strong>H\u00e4matit <\/strong>&#8211; ist ein Stein, der den K\u00f6rper mit Energie f\u00fcllt und belebt. Er steigert Optimismus, Entschlossenheit, Mut, Selbstwertgef\u00fchl und Willenskraft. Er unterst\u00fctzt bei Kreislaufproblemen und erh\u00f6ht den Eisengehalt im Blut.  <\/p>\n","protected":false},"excerpt":{"rendered":"<p class=\"p1\"><span class=\"s1\">Armband mit <strong>Aventurin<\/strong>, <strong>Malachit<\/strong>, <strong>Citrin<\/strong>, <strong>Mondstein<\/strong> <strong>Ksi\u0119\u017cycowym<\/strong> und <strong>H\u00e4matit<\/strong>.<\/span><\/p>\n<p class=\"p1\"><span class=\"s1\">Es ist aus Natursteinen, Abstandshaltern und strapazierf\u00e4higem Polyesterfaden gefertigt. Die Weite ist verstellbar. <\/span><\/p>\n<p class=\"p1\">Ich verpacke den Schmuck in einer dekorativen Schachtel und lege jeder Bestellung einen Beutel sowie zuf\u00e4llige Aufkleber als Geschenk bei. \u2728<\/p>\n<p>&nbsp;<\/p>\n<p><strong data-start=\"1081\" data-end=\"1127\">Das Armband wird speziell f\u00fcr dich angefertigt<\/strong> \u2013 du kannst die Farbe der Zwischenst\u00fccke bei der Bestellung w\u00e4hlen.<br data-start=\"1187\" data-end=\"1190\">Daher handelt es sich um ein personalisiertes Produkt, das <strong data-start=\"1246\" data-end=\"1270\">vom Umtausch ausgeschlossen ist<\/strong>, gem\u00e4\u00df den geltenden Bestimmungen.<\/p>\n","protected":false},"featured_media":1941,"template":"","meta":{"inline_featured_image":false},"product_brand":[],"product_cat":[168,167],"product_tag":[179,178,169,181,171],"class_list":{"0":"post-1937","1":"product","2":"type-product","3":"status-publish","4":"has-post-thumbnail","6":"product_cat-armbander","7":"product_cat-schmuck","8":"product_tag-aventurin","9":"product_tag-citrin","10":"product_tag-hamatit","11":"product_tag-malachit","12":"product_tag-mondstein","14":"first","15":"instock","16":"taxable","17":"shipping-taxable","18":"purchasable","19":"product-type-variable"},"yoast_head":"<!-- This site is optimized with the Yoast SEO plugin v27.5 - https:\/\/yoast.com\/product\/yoast-seo-wordpress\/ -->\n<title>Armband mit Aventurin - Gl\u00fcck und F\u00fclle - Spirit Dust<\/title>\n<meta name=\"description\" content=\"Ein Armband mit Aventurin, Malachit, Citrin, Mondstein und H\u00e4matit bringt Freude, Schutz, Mut und spirituelles Gleichgewicht.\" \/>\n<meta name=\"robots\" content=\"index, follow, max-snippet:-1, max-image-preview:large, max-video-preview:-1\" \/>\n<link rel=\"canonical\" href=\"https:\/\/spiritdust.pl\/de\/produkt\/armband-mit-aventurin-glueck-und-fuelle\/\" \/>\n<meta property=\"og:locale\" content=\"de_DE\" \/>\n<meta property=\"og:type\" content=\"article\" \/>\n<meta property=\"og:title\" content=\"Armband mit Aventurin - Gl\u00fcck und F\u00fclle - Spirit Dust\" \/>\n<meta property=\"og:description\" content=\"Ein Armband mit Aventurin, Malachit, Citrin, Mondstein und H\u00e4matit bringt Freude, Schutz, Mut und spirituelles Gleichgewicht.\" \/>\n<meta property=\"og:url\" content=\"https:\/\/spiritdust.pl\/de\/produkt\/armband-mit-aventurin-glueck-und-fuelle\/\" \/>\n<meta property=\"og:site_name\" content=\"Spirit Dust\" \/>\n<meta property=\"article:publisher\" content=\"https:\/\/www.facebook.com\/spiritdustmj\/\" \/>\n<meta property=\"og:image\" content=\"https:\/\/green-chough-870564.hostingersite.com\/wp-content\/uploads\/2026\/01\/IMG_1256-Niestandardowe.jpg\" \/>\n\t<meta property=\"og:image:width\" content=\"1500\" \/>\n\t<meta property=\"og:image:height\" content=\"1500\" \/>\n\t<meta property=\"og:image:type\" content=\"image\/jpeg\" \/>\n<meta name=\"twitter:card\" content=\"summary_large_image\" \/>\n<meta name=\"twitter:label1\" content=\"Gesch\u00e4tzte Lesezeit\" \/>\n\t<meta name=\"twitter:data1\" content=\"1\u00a0Minute\" \/>\n<script type=\"application\/ld+json\" class=\"yoast-schema-graph\">{\"@context\":\"https:\\\/\\\/schema.org\",\"@graph\":[{\"@type\":\"WebPage\",\"@id\":\"https:\\\/\\\/spiritdust.pl\\\/de\\\/produkt\\\/armband-mit-aventurin-glueck-und-fuelle\\\/\",\"url\":\"https:\\\/\\\/spiritdust.pl\\\/de\\\/produkt\\\/armband-mit-aventurin-glueck-und-fuelle\\\/\",\"name\":\"Armband mit Aventurin - Gl\u00fcck und F\u00fclle - Spirit Dust\",\"isPartOf\":{\"@id\":\"https:\\\/\\\/green-chough-870564.hostingersite.com\\\/#website\"},\"primaryImageOfPage\":{\"@id\":\"https:\\\/\\\/spiritdust.pl\\\/de\\\/produkt\\\/armband-mit-aventurin-glueck-und-fuelle\\\/#primaryimage\"},\"image\":{\"@id\":\"https:\\\/\\\/spiritdust.pl\\\/de\\\/produkt\\\/armband-mit-aventurin-glueck-und-fuelle\\\/#primaryimage\"},\"thumbnailUrl\":\"https:\\\/\\\/spiritdust.pl\\\/wp-content\\\/uploads\\\/2026\\\/01\\\/IMG_1256-Niestandardowe.jpg\",\"datePublished\":\"2026-01-26T09:14:38+00:00\",\"description\":\"Ein Armband mit Aventurin, Malachit, Citrin, Mondstein und H\u00e4matit bringt Freude, Schutz, Mut und spirituelles Gleichgewicht.\",\"breadcrumb\":{\"@id\":\"https:\\\/\\\/spiritdust.pl\\\/de\\\/produkt\\\/armband-mit-aventurin-glueck-und-fuelle\\\/#breadcrumb\"},\"inLanguage\":\"de\",\"potentialAction\":[{\"@type\":\"ReadAction\",\"target\":[\"https:\\\/\\\/spiritdust.pl\\\/de\\\/produkt\\\/armband-mit-aventurin-glueck-und-fuelle\\\/\"]}]},{\"@type\":\"ImageObject\",\"inLanguage\":\"de\",\"@id\":\"https:\\\/\\\/spiritdust.pl\\\/de\\\/produkt\\\/armband-mit-aventurin-glueck-und-fuelle\\\/#primaryimage\",\"url\":\"https:\\\/\\\/spiritdust.pl\\\/wp-content\\\/uploads\\\/2026\\\/01\\\/IMG_1256-Niestandardowe.jpg\",\"contentUrl\":\"https:\\\/\\\/spiritdust.pl\\\/wp-content\\\/uploads\\\/2026\\\/01\\\/IMG_1256-Niestandardowe.jpg\",\"width\":1500,\"height\":1500},{\"@type\":\"BreadcrumbList\",\"@id\":\"https:\\\/\\\/spiritdust.pl\\\/de\\\/produkt\\\/armband-mit-aventurin-glueck-und-fuelle\\\/#breadcrumb\",\"itemListElement\":[{\"@type\":\"ListItem\",\"position\":1,\"name\":\"Strona g\u0142\u00f3wna\",\"item\":\"https:\\\/\\\/spiritdust.pl\\\/de\\\/spirit-dust-schmuck-aus-kupfer-silber-und-natursteinen\\\/\"},{\"@type\":\"ListItem\",\"position\":2,\"name\":\"Shop\",\"item\":\"https:\\\/\\\/green-chough-870564.hostingersite.com\\\/shop\\\/\"},{\"@type\":\"ListItem\",\"position\":3,\"name\":\"Armband mit Aventurin &#8211; Gl\u00fcck und F\u00fclle\"}]},{\"@type\":\"WebSite\",\"@id\":\"https:\\\/\\\/green-chough-870564.hostingersite.com\\\/#website\",\"url\":\"https:\\\/\\\/green-chough-870564.hostingersite.com\\\/\",\"name\":\"Spirit Dust\",\"description\":\"Bi\u017cuteria z Miedzi, Srebra i Kamieni Naturalnych\",\"publisher\":{\"@id\":\"https:\\\/\\\/green-chough-870564.hostingersite.com\\\/#organization\"},\"potentialAction\":[{\"@type\":\"SearchAction\",\"target\":{\"@type\":\"EntryPoint\",\"urlTemplate\":\"https:\\\/\\\/green-chough-870564.hostingersite.com\\\/?s={search_term_string}\"},\"query-input\":{\"@type\":\"PropertyValueSpecification\",\"valueRequired\":true,\"valueName\":\"search_term_string\"}}],\"inLanguage\":\"de\"},{\"@type\":\"Organization\",\"@id\":\"https:\\\/\\\/green-chough-870564.hostingersite.com\\\/#organization\",\"name\":\"Geisterstaub\",\"url\":\"https:\\\/\\\/green-chough-870564.hostingersite.com\\\/\",\"logo\":{\"@type\":\"ImageObject\",\"inLanguage\":\"de\",\"@id\":\"https:\\\/\\\/green-chough-870564.hostingersite.com\\\/#\\\/schema\\\/logo\\\/image\\\/\",\"url\":\"https:\\\/\\\/spiritdust.pl\\\/wp-content\\\/uploads\\\/2026\\\/01\\\/logo-sd.png\",\"contentUrl\":\"https:\\\/\\\/spiritdust.pl\\\/wp-content\\\/uploads\\\/2026\\\/01\\\/logo-sd.png\",\"width\":251,\"height\":368,\"caption\":\"Geisterstaub\"},\"image\":{\"@id\":\"https:\\\/\\\/green-chough-870564.hostingersite.com\\\/#\\\/schema\\\/logo\\\/image\\\/\"},\"sameAs\":[\"https:\\\/\\\/www.facebook.com\\\/spiritdustmj\\\/\",\"https:\\\/\\\/instagram.com\\\/spirit__dust\"]}]}<\/script>\n<!-- \/ Yoast SEO plugin. -->","yoast_head_json":{"title":"Armband mit Aventurin - Gl\u00fcck und F\u00fclle - Spirit Dust","description":"Ein Armband mit Aventurin, Malachit, Citrin, Mondstein und H\u00e4matit bringt Freude, Schutz, Mut und spirituelles Gleichgewicht.","robots":{"index":"index","follow":"follow","max-snippet":"max-snippet:-1","max-image-preview":"max-image-preview:large","max-video-preview":"max-video-preview:-1"},"canonical":"https:\/\/spiritdust.pl\/de\/produkt\/armband-mit-aventurin-glueck-und-fuelle\/","og_locale":"de_DE","og_type":"article","og_title":"Armband mit Aventurin - Gl\u00fcck und F\u00fclle - Spirit Dust","og_description":"Ein Armband mit Aventurin, Malachit, Citrin, Mondstein und H\u00e4matit bringt Freude, Schutz, Mut und spirituelles Gleichgewicht.","og_url":"https:\/\/spiritdust.pl\/de\/produkt\/armband-mit-aventurin-glueck-und-fuelle\/","og_site_name":"Spirit Dust","article_publisher":"https:\/\/www.facebook.com\/spiritdustmj\/","og_image":[{"width":1500,"height":1500,"url":"https:\/\/green-chough-870564.hostingersite.com\/wp-content\/uploads\/2026\/01\/IMG_1256-Niestandardowe.jpg","type":"image\/jpeg"}],"twitter_card":"summary_large_image","twitter_misc":{"Gesch\u00e4tzte Lesezeit":"1\u00a0Minute"},"schema":{"@context":"https:\/\/schema.org","@graph":[{"@type":"WebPage","@id":"https:\/\/spiritdust.pl\/de\/produkt\/armband-mit-aventurin-glueck-und-fuelle\/","url":"https:\/\/spiritdust.pl\/de\/produkt\/armband-mit-aventurin-glueck-und-fuelle\/","name":"Armband mit Aventurin - Gl\u00fcck und F\u00fclle - Spirit Dust","isPartOf":{"@id":"https:\/\/green-chough-870564.hostingersite.com\/#website"},"primaryImageOfPage":{"@id":"https:\/\/spiritdust.pl\/de\/produkt\/armband-mit-aventurin-glueck-und-fuelle\/#primaryimage"},"image":{"@id":"https:\/\/spiritdust.pl\/de\/produkt\/armband-mit-aventurin-glueck-und-fuelle\/#primaryimage"},"thumbnailUrl":"https:\/\/spiritdust.pl\/wp-content\/uploads\/2026\/01\/IMG_1256-Niestandardowe.jpg","datePublished":"2026-01-26T09:14:38+00:00","description":"Ein Armband mit Aventurin, Malachit, Citrin, Mondstein und H\u00e4matit bringt Freude, Schutz, Mut und spirituelles Gleichgewicht.","breadcrumb":{"@id":"https:\/\/spiritdust.pl\/de\/produkt\/armband-mit-aventurin-glueck-und-fuelle\/#breadcrumb"},"inLanguage":"de","potentialAction":[{"@type":"ReadAction","target":["https:\/\/spiritdust.pl\/de\/produkt\/armband-mit-aventurin-glueck-und-fuelle\/"]}]},{"@type":"ImageObject","inLanguage":"de","@id":"https:\/\/spiritdust.pl\/de\/produkt\/armband-mit-aventurin-glueck-und-fuelle\/#primaryimage","url":"https:\/\/spiritdust.pl\/wp-content\/uploads\/2026\/01\/IMG_1256-Niestandardowe.jpg","contentUrl":"https:\/\/spiritdust.pl\/wp-content\/uploads\/2026\/01\/IMG_1256-Niestandardowe.jpg","width":1500,"height":1500},{"@type":"BreadcrumbList","@id":"https:\/\/spiritdust.pl\/de\/produkt\/armband-mit-aventurin-glueck-und-fuelle\/#breadcrumb","itemListElement":[{"@type":"ListItem","position":1,"name":"Strona g\u0142\u00f3wna","item":"https:\/\/spiritdust.pl\/de\/spirit-dust-schmuck-aus-kupfer-silber-und-natursteinen\/"},{"@type":"ListItem","position":2,"name":"Shop","item":"https:\/\/green-chough-870564.hostingersite.com\/shop\/"},{"@type":"ListItem","position":3,"name":"Armband mit Aventurin &#8211; Gl\u00fcck und F\u00fclle"}]},{"@type":"WebSite","@id":"https:\/\/green-chough-870564.hostingersite.com\/#website","url":"https:\/\/green-chough-870564.hostingersite.com\/","name":"Spirit Dust","description":"Bi\u017cuteria z Miedzi, Srebra i Kamieni Naturalnych","publisher":{"@id":"https:\/\/green-chough-870564.hostingersite.com\/#organization"},"potentialAction":[{"@type":"SearchAction","target":{"@type":"EntryPoint","urlTemplate":"https:\/\/green-chough-870564.hostingersite.com\/?s={search_term_string}"},"query-input":{"@type":"PropertyValueSpecification","valueRequired":true,"valueName":"search_term_string"}}],"inLanguage":"de"},{"@type":"Organization","@id":"https:\/\/green-chough-870564.hostingersite.com\/#organization","name":"Geisterstaub","url":"https:\/\/green-chough-870564.hostingersite.com\/","logo":{"@type":"ImageObject","inLanguage":"de","@id":"https:\/\/green-chough-870564.hostingersite.com\/#\/schema\/logo\/image\/","url":"https:\/\/spiritdust.pl\/wp-content\/uploads\/2026\/01\/logo-sd.png","contentUrl":"https:\/\/spiritdust.pl\/wp-content\/uploads\/2026\/01\/logo-sd.png","width":251,"height":368,"caption":"Geisterstaub"},"image":{"@id":"https:\/\/green-chough-870564.hostingersite.com\/#\/schema\/logo\/image\/"},"sameAs":["https:\/\/www.facebook.com\/spiritdustmj\/","https:\/\/instagram.com\/spirit__dust"]}]}},"_links":{"self":[{"href":"https:\/\/spiritdust.pl\/de\/wp-json\/wp\/v2\/product\/1937","targetHints":{"allow":["GET"]}}],"collection":[{"href":"https:\/\/spiritdust.pl\/de\/wp-json\/wp\/v2\/product"}],"about":[{"href":"https:\/\/spiritdust.pl\/de\/wp-json\/wp\/v2\/types\/product"}],"version-history":[{"count":0,"href":"https:\/\/spiritdust.pl\/de\/wp-json\/wp\/v2\/product\/1937\/revisions"}],"wp:featuredmedia":[{"embeddable":true,"href":"https:\/\/spiritdust.pl\/de\/wp-json\/wp\/v2\/media\/1941"}],"wp:attachment":[{"href":"https:\/\/spiritdust.pl\/de\/wp-json\/wp\/v2\/media?parent=1937"}],"wp:term":[{"taxonomy":"product_brand","embeddable":true,"href":"https:\/\/spiritdust.pl\/de\/wp-json\/wp\/v2\/product_brand?post=1937"},{"taxonomy":"product_cat","embeddable":true,"href":"https:\/\/spiritdust.pl\/de\/wp-json\/wp\/v2\/product_cat?post=1937"},{"taxonomy":"product_tag","embeddable":true,"href":"https:\/\/spiritdust.pl\/de\/wp-json\/wp\/v2\/product_tag?post=1937"}],"curies":[{"name":"wp","href":"https:\/\/api.w.org\/{rel}","templated":true}]}}