{"id":1977,"date":"2026-01-26T09:14:38","date_gmt":"2026-01-26T09:14:38","guid":{"rendered":"https:\/\/spiritdust.pl\/produkt\/lotusblueten-ohrringe-925er-silber-rosenquarz-kunzit\/"},"modified":"2026-01-26T09:14:38","modified_gmt":"2026-01-26T09:14:38","slug":"lotusblueten-ohrringe-925er-silber-rosenquarz-kunzit","status":"publish","type":"product","link":"https:\/\/spiritdust.pl\/de\/produkt\/lotusblueten-ohrringe-925er-silber-rosenquarz-kunzit\/","title":{"rendered":"Lotusbl\u00fcten-Ohrringe \u2013 925er Silber, Rosenquarz, Kunzit"},"content":{"rendered":"<h3 data-start=\"100\" data-end=\"170\">\ud83e\ude77 Lotusbl\u00fcten-Ohrringe \u2013 925er Silber, Rosenquarz, Kunzit<\/h3>\n<p data-start=\"148\" data-end=\"482\">Die Ohrringe \u201eLotusbl\u00fcte\u201c sind eine silberne Geschichte \u00fcber weibliche Zartheit und St\u00e4rke. Sie wurden aus Natursteinen gefertigt, die Liebe, Ruhe und innere Gelassenheit f\u00f6rdern \u2013 wie Rosenquarz, Kunzit, peruanischer Opal und Jadeit. Handgefertigt auf Basis von 925er Silber und Ringen mit 30 mm Durchmesser, verbinden sie zarte Form mit solider Verarbeitung.  <\/p>\n<p data-start=\"484\" data-end=\"846\">Diese Ohrringe sind die ideale Wahl f\u00fcr Frauen, die den Wert von Schmuck sch\u00e4tzen \u2013 und ihn nicht nur als Zierde, sondern auch als pers\u00f6nlichen Talisman tragen. Das Symbol der Lotusblume \u2013 unten angebracht \u2013 erinnert an Wiedergeburt, Sanftheit und die innere St\u00e4rke. Dank ihrer leichten Form und harmonischen Farbgebung passen sie sowohl zum Alltag als auch zu besonderen Anl\u00e4ssen.  <\/p>\n<p data-start=\"848\" data-end=\"1053\">\u2728 <strong data-start=\"850\" data-end=\"863\">F\u00fcr wen?<\/strong><br data-start=\"863\" data-end=\"866\">F\u00fcr die sensible, romantische Frau, die Sch\u00f6nheit zu sch\u00e4tzen wei\u00df. F\u00fcr diejenige, die im Alltagsstress nach Gleichgewicht und Trost sucht. Oder einfach \u2013 f\u00fcr dich, wenn du sch\u00f6ne und bedeutungsvolle Dinge magst.  <\/p>\n<hr data-start=\"1396\" data-end=\"1399\">\n<ul>\n<li data-start=\"1431\" data-end=\"1517\">\n<p data-start=\"1433\" data-end=\"1517\"><a class=\"cursor-pointer\" href=\"https:\/\/spiritdust.pl\/kategoria-produktu\/bizuteria\/kolczyki-srebrne\/?v=288404204e3d\" target=\"_blank\" rel=\"noopener\" data-start=\"1433\" data-end=\"1517\">Entdecke weitere Silberohrringe<\/a><\/p>\n<\/li>\n<li data-start=\"1518\" data-end=\"1611\">\n<p data-start=\"1520\" data-end=\"1611\"><a class=\"cursor-pointer\" href=\"https:\/\/spiritdust.pl\/?s=kwarc+r%C3%B3%C5%BCowy&amp;post_type=product&amp;v=288404204e3d\" target=\"_blank\" rel=\"noopener\" data-start=\"1520\" data-end=\"1611\">Entdecke unsere Rosenquarz-Kollektion<\/a><\/p>\n<\/li>\n<li data-start=\"1612\" data-end=\"1688\">\n<p data-start=\"1614\" data-end=\"1688\"><a class=\"cursor-pointer\" href=\"https:\/\/spiritdust.pl\/?s=kunzyt&amp;post_type=product&amp;v=288404204e3d\" target=\"_blank\" rel=\"noopener\" data-start=\"1614\" data-end=\"1688\">Entdecke Schmuck mit Kunzit<\/a><\/p>\n<\/li>\n<\/ul>\n","protected":false},"excerpt":{"rendered":"<p data-start=\"1085\" data-end=\"1229\">Zarte Ohrringe aus 925er Silber mit Natursteinen: Rosenquarz, Kunzit, Opal und Jadeit. Verziert mit einem Lotusbl\u00fcten-Anh\u00e4nger. <\/p>\n<p class=\"p1\">Ich verpacke den Schmuck in einer dekorativen Schachtel und lege jeder Bestellung einen Beutel sowie zuf\u00e4llige Aufkleber als Geschenk bei. \u2728<\/p>\n","protected":false},"featured_media":1978,"template":"","meta":{"inline_featured_image":false},"product_brand":[],"product_cat":[197],"product_tag":[173,201,202,200,199],"class_list":{"0":"post-1977","1":"product","2":"type-product","3":"status-publish","4":"has-post-thumbnail","6":"product_cat-silberohrringe","7":"product_tag-jade","8":"product_tag-kunzit","9":"product_tag-opal","10":"product_tag-rosenquarz","11":"product_tag-silber","13":"first","14":"instock","15":"sale","16":"taxable","17":"shipping-taxable","18":"purchasable","19":"product-type-simple"},"yoast_head":"<!-- This site is optimized with the Yoast SEO plugin v27.5 - https:\/\/yoast.com\/product\/yoast-seo-wordpress\/ -->\n<title>Lotusbl\u00fcten-Ohrringe \u2013 925er Silber, Rosenquarz, Kunzit - Spirit Dust<\/title>\n<meta name=\"description\" content=\"Lotusbl\u00fcten-Ohrringe aus 925er Silber mit Natursteinen: Rosenquarz, Kunzit, Opal und Jadeit. Zarte Form und leicht zu tragen.\" \/>\n<meta name=\"robots\" content=\"index, follow, max-snippet:-1, max-image-preview:large, max-video-preview:-1\" \/>\n<link rel=\"canonical\" href=\"https:\/\/spiritdust.pl\/de\/produkt\/lotusblueten-ohrringe-925er-silber-rosenquarz-kunzit\/\" \/>\n<meta property=\"og:locale\" content=\"de_DE\" \/>\n<meta property=\"og:type\" content=\"article\" \/>\n<meta property=\"og:title\" content=\"Lotusbl\u00fcten-Ohrringe \u2013 925er Silber, Rosenquarz, Kunzit - Spirit Dust\" \/>\n<meta property=\"og:description\" content=\"Lotusbl\u00fcten-Ohrringe aus 925er Silber mit Natursteinen: Rosenquarz, Kunzit, Opal und Jadeit. Zarte Form und leicht zu tragen.\" \/>\n<meta property=\"og:url\" content=\"https:\/\/spiritdust.pl\/de\/produkt\/lotusblueten-ohrringe-925er-silber-rosenquarz-kunzit\/\" \/>\n<meta property=\"og:site_name\" content=\"Spirit Dust\" \/>\n<meta property=\"article:publisher\" content=\"https:\/\/www.facebook.com\/spiritdustmj\/\" \/>\n<meta property=\"og:image\" content=\"https:\/\/green-chough-870564.hostingersite.com\/wp-content\/uploads\/2026\/01\/IMG_1942-Niestandardowe.jpg\" \/>\n\t<meta property=\"og:image:width\" content=\"1500\" \/>\n\t<meta property=\"og:image:height\" content=\"1500\" \/>\n\t<meta property=\"og:image:type\" content=\"image\/jpeg\" \/>\n<meta name=\"twitter:card\" content=\"summary_large_image\" \/>\n<meta name=\"twitter:label1\" content=\"Gesch\u00e4tzte Lesezeit\" \/>\n\t<meta name=\"twitter:data1\" content=\"1\u00a0Minute\" \/>\n<script type=\"application\/ld+json\" class=\"yoast-schema-graph\">{\"@context\":\"https:\\\/\\\/schema.org\",\"@graph\":[{\"@type\":\"WebPage\",\"@id\":\"https:\\\/\\\/spiritdust.pl\\\/de\\\/produkt\\\/lotusblueten-ohrringe-925er-silber-rosenquarz-kunzit\\\/\",\"url\":\"https:\\\/\\\/spiritdust.pl\\\/de\\\/produkt\\\/lotusblueten-ohrringe-925er-silber-rosenquarz-kunzit\\\/\",\"name\":\"Lotusbl\u00fcten-Ohrringe \u2013 925er Silber, Rosenquarz, Kunzit - Spirit Dust\",\"isPartOf\":{\"@id\":\"https:\\\/\\\/green-chough-870564.hostingersite.com\\\/#website\"},\"primaryImageOfPage\":{\"@id\":\"https:\\\/\\\/spiritdust.pl\\\/de\\\/produkt\\\/lotusblueten-ohrringe-925er-silber-rosenquarz-kunzit\\\/#primaryimage\"},\"image\":{\"@id\":\"https:\\\/\\\/spiritdust.pl\\\/de\\\/produkt\\\/lotusblueten-ohrringe-925er-silber-rosenquarz-kunzit\\\/#primaryimage\"},\"thumbnailUrl\":\"https:\\\/\\\/spiritdust.pl\\\/wp-content\\\/uploads\\\/2026\\\/01\\\/IMG_1942-Niestandardowe.jpg\",\"datePublished\":\"2026-01-26T09:14:38+00:00\",\"description\":\"Lotusbl\u00fcten-Ohrringe aus 925er Silber mit Natursteinen: Rosenquarz, Kunzit, Opal und Jadeit. Zarte Form und leicht zu tragen.\",\"breadcrumb\":{\"@id\":\"https:\\\/\\\/spiritdust.pl\\\/de\\\/produkt\\\/lotusblueten-ohrringe-925er-silber-rosenquarz-kunzit\\\/#breadcrumb\"},\"inLanguage\":\"de\",\"potentialAction\":[{\"@type\":\"ReadAction\",\"target\":[\"https:\\\/\\\/spiritdust.pl\\\/de\\\/produkt\\\/lotusblueten-ohrringe-925er-silber-rosenquarz-kunzit\\\/\"]}]},{\"@type\":\"ImageObject\",\"inLanguage\":\"de\",\"@id\":\"https:\\\/\\\/spiritdust.pl\\\/de\\\/produkt\\\/lotusblueten-ohrringe-925er-silber-rosenquarz-kunzit\\\/#primaryimage\",\"url\":\"https:\\\/\\\/spiritdust.pl\\\/wp-content\\\/uploads\\\/2026\\\/01\\\/IMG_1942-Niestandardowe.jpg\",\"contentUrl\":\"https:\\\/\\\/spiritdust.pl\\\/wp-content\\\/uploads\\\/2026\\\/01\\\/IMG_1942-Niestandardowe.jpg\",\"width\":1500,\"height\":1500},{\"@type\":\"BreadcrumbList\",\"@id\":\"https:\\\/\\\/spiritdust.pl\\\/de\\\/produkt\\\/lotusblueten-ohrringe-925er-silber-rosenquarz-kunzit\\\/#breadcrumb\",\"itemListElement\":[{\"@type\":\"ListItem\",\"position\":1,\"name\":\"Strona g\u0142\u00f3wna\",\"item\":\"https:\\\/\\\/spiritdust.pl\\\/de\\\/spirit-dust-schmuck-aus-kupfer-silber-und-natursteinen\\\/\"},{\"@type\":\"ListItem\",\"position\":2,\"name\":\"Shop\",\"item\":\"https:\\\/\\\/green-chough-870564.hostingersite.com\\\/shop\\\/\"},{\"@type\":\"ListItem\",\"position\":3,\"name\":\"Lotusbl\u00fcten-Ohrringe \u2013 925er Silber, Rosenquarz, Kunzit\"}]},{\"@type\":\"WebSite\",\"@id\":\"https:\\\/\\\/green-chough-870564.hostingersite.com\\\/#website\",\"url\":\"https:\\\/\\\/green-chough-870564.hostingersite.com\\\/\",\"name\":\"Spirit Dust\",\"description\":\"Bi\u017cuteria z Miedzi, Srebra i Kamieni Naturalnych\",\"publisher\":{\"@id\":\"https:\\\/\\\/green-chough-870564.hostingersite.com\\\/#organization\"},\"potentialAction\":[{\"@type\":\"SearchAction\",\"target\":{\"@type\":\"EntryPoint\",\"urlTemplate\":\"https:\\\/\\\/green-chough-870564.hostingersite.com\\\/?s={search_term_string}\"},\"query-input\":{\"@type\":\"PropertyValueSpecification\",\"valueRequired\":true,\"valueName\":\"search_term_string\"}}],\"inLanguage\":\"de\"},{\"@type\":\"Organization\",\"@id\":\"https:\\\/\\\/green-chough-870564.hostingersite.com\\\/#organization\",\"name\":\"Geisterstaub\",\"url\":\"https:\\\/\\\/green-chough-870564.hostingersite.com\\\/\",\"logo\":{\"@type\":\"ImageObject\",\"inLanguage\":\"de\",\"@id\":\"https:\\\/\\\/green-chough-870564.hostingersite.com\\\/#\\\/schema\\\/logo\\\/image\\\/\",\"url\":\"https:\\\/\\\/spiritdust.pl\\\/wp-content\\\/uploads\\\/2026\\\/01\\\/logo-sd.png\",\"contentUrl\":\"https:\\\/\\\/spiritdust.pl\\\/wp-content\\\/uploads\\\/2026\\\/01\\\/logo-sd.png\",\"width\":251,\"height\":368,\"caption\":\"Geisterstaub\"},\"image\":{\"@id\":\"https:\\\/\\\/green-chough-870564.hostingersite.com\\\/#\\\/schema\\\/logo\\\/image\\\/\"},\"sameAs\":[\"https:\\\/\\\/www.facebook.com\\\/spiritdustmj\\\/\",\"https:\\\/\\\/instagram.com\\\/spirit__dust\"]}]}<\/script>\n<!-- \/ Yoast SEO plugin. -->","yoast_head_json":{"title":"Lotusbl\u00fcten-Ohrringe \u2013 925er Silber, Rosenquarz, Kunzit - Spirit Dust","description":"Lotusbl\u00fcten-Ohrringe aus 925er Silber mit Natursteinen: Rosenquarz, Kunzit, Opal und Jadeit. Zarte Form und leicht zu tragen.","robots":{"index":"index","follow":"follow","max-snippet":"max-snippet:-1","max-image-preview":"max-image-preview:large","max-video-preview":"max-video-preview:-1"},"canonical":"https:\/\/spiritdust.pl\/de\/produkt\/lotusblueten-ohrringe-925er-silber-rosenquarz-kunzit\/","og_locale":"de_DE","og_type":"article","og_title":"Lotusbl\u00fcten-Ohrringe \u2013 925er Silber, Rosenquarz, Kunzit - Spirit Dust","og_description":"Lotusbl\u00fcten-Ohrringe aus 925er Silber mit Natursteinen: Rosenquarz, Kunzit, Opal und Jadeit. Zarte Form und leicht zu tragen.","og_url":"https:\/\/spiritdust.pl\/de\/produkt\/lotusblueten-ohrringe-925er-silber-rosenquarz-kunzit\/","og_site_name":"Spirit Dust","article_publisher":"https:\/\/www.facebook.com\/spiritdustmj\/","og_image":[{"width":1500,"height":1500,"url":"https:\/\/green-chough-870564.hostingersite.com\/wp-content\/uploads\/2026\/01\/IMG_1942-Niestandardowe.jpg","type":"image\/jpeg"}],"twitter_card":"summary_large_image","twitter_misc":{"Gesch\u00e4tzte Lesezeit":"1\u00a0Minute"},"schema":{"@context":"https:\/\/schema.org","@graph":[{"@type":"WebPage","@id":"https:\/\/spiritdust.pl\/de\/produkt\/lotusblueten-ohrringe-925er-silber-rosenquarz-kunzit\/","url":"https:\/\/spiritdust.pl\/de\/produkt\/lotusblueten-ohrringe-925er-silber-rosenquarz-kunzit\/","name":"Lotusbl\u00fcten-Ohrringe \u2013 925er Silber, Rosenquarz, Kunzit - Spirit Dust","isPartOf":{"@id":"https:\/\/green-chough-870564.hostingersite.com\/#website"},"primaryImageOfPage":{"@id":"https:\/\/spiritdust.pl\/de\/produkt\/lotusblueten-ohrringe-925er-silber-rosenquarz-kunzit\/#primaryimage"},"image":{"@id":"https:\/\/spiritdust.pl\/de\/produkt\/lotusblueten-ohrringe-925er-silber-rosenquarz-kunzit\/#primaryimage"},"thumbnailUrl":"https:\/\/spiritdust.pl\/wp-content\/uploads\/2026\/01\/IMG_1942-Niestandardowe.jpg","datePublished":"2026-01-26T09:14:38+00:00","description":"Lotusbl\u00fcten-Ohrringe aus 925er Silber mit Natursteinen: Rosenquarz, Kunzit, Opal und Jadeit. Zarte Form und leicht zu tragen.","breadcrumb":{"@id":"https:\/\/spiritdust.pl\/de\/produkt\/lotusblueten-ohrringe-925er-silber-rosenquarz-kunzit\/#breadcrumb"},"inLanguage":"de","potentialAction":[{"@type":"ReadAction","target":["https:\/\/spiritdust.pl\/de\/produkt\/lotusblueten-ohrringe-925er-silber-rosenquarz-kunzit\/"]}]},{"@type":"ImageObject","inLanguage":"de","@id":"https:\/\/spiritdust.pl\/de\/produkt\/lotusblueten-ohrringe-925er-silber-rosenquarz-kunzit\/#primaryimage","url":"https:\/\/spiritdust.pl\/wp-content\/uploads\/2026\/01\/IMG_1942-Niestandardowe.jpg","contentUrl":"https:\/\/spiritdust.pl\/wp-content\/uploads\/2026\/01\/IMG_1942-Niestandardowe.jpg","width":1500,"height":1500},{"@type":"BreadcrumbList","@id":"https:\/\/spiritdust.pl\/de\/produkt\/lotusblueten-ohrringe-925er-silber-rosenquarz-kunzit\/#breadcrumb","itemListElement":[{"@type":"ListItem","position":1,"name":"Strona g\u0142\u00f3wna","item":"https:\/\/spiritdust.pl\/de\/spirit-dust-schmuck-aus-kupfer-silber-und-natursteinen\/"},{"@type":"ListItem","position":2,"name":"Shop","item":"https:\/\/green-chough-870564.hostingersite.com\/shop\/"},{"@type":"ListItem","position":3,"name":"Lotusbl\u00fcten-Ohrringe \u2013 925er Silber, Rosenquarz, Kunzit"}]},{"@type":"WebSite","@id":"https:\/\/green-chough-870564.hostingersite.com\/#website","url":"https:\/\/green-chough-870564.hostingersite.com\/","name":"Spirit Dust","description":"Bi\u017cuteria z Miedzi, Srebra i Kamieni Naturalnych","publisher":{"@id":"https:\/\/green-chough-870564.hostingersite.com\/#organization"},"potentialAction":[{"@type":"SearchAction","target":{"@type":"EntryPoint","urlTemplate":"https:\/\/green-chough-870564.hostingersite.com\/?s={search_term_string}"},"query-input":{"@type":"PropertyValueSpecification","valueRequired":true,"valueName":"search_term_string"}}],"inLanguage":"de"},{"@type":"Organization","@id":"https:\/\/green-chough-870564.hostingersite.com\/#organization","name":"Geisterstaub","url":"https:\/\/green-chough-870564.hostingersite.com\/","logo":{"@type":"ImageObject","inLanguage":"de","@id":"https:\/\/green-chough-870564.hostingersite.com\/#\/schema\/logo\/image\/","url":"https:\/\/spiritdust.pl\/wp-content\/uploads\/2026\/01\/logo-sd.png","contentUrl":"https:\/\/spiritdust.pl\/wp-content\/uploads\/2026\/01\/logo-sd.png","width":251,"height":368,"caption":"Geisterstaub"},"image":{"@id":"https:\/\/green-chough-870564.hostingersite.com\/#\/schema\/logo\/image\/"},"sameAs":["https:\/\/www.facebook.com\/spiritdustmj\/","https:\/\/instagram.com\/spirit__dust"]}]}},"_links":{"self":[{"href":"https:\/\/spiritdust.pl\/de\/wp-json\/wp\/v2\/product\/1977","targetHints":{"allow":["GET"]}}],"collection":[{"href":"https:\/\/spiritdust.pl\/de\/wp-json\/wp\/v2\/product"}],"about":[{"href":"https:\/\/spiritdust.pl\/de\/wp-json\/wp\/v2\/types\/product"}],"version-history":[{"count":0,"href":"https:\/\/spiritdust.pl\/de\/wp-json\/wp\/v2\/product\/1977\/revisions"}],"wp:featuredmedia":[{"embeddable":true,"href":"https:\/\/spiritdust.pl\/de\/wp-json\/wp\/v2\/media\/1978"}],"wp:attachment":[{"href":"https:\/\/spiritdust.pl\/de\/wp-json\/wp\/v2\/media?parent=1977"}],"wp:term":[{"taxonomy":"product_brand","embeddable":true,"href":"https:\/\/spiritdust.pl\/de\/wp-json\/wp\/v2\/product_brand?post=1977"},{"taxonomy":"product_cat","embeddable":true,"href":"https:\/\/spiritdust.pl\/de\/wp-json\/wp\/v2\/product_cat?post=1977"},{"taxonomy":"product_tag","embeddable":true,"href":"https:\/\/spiritdust.pl\/de\/wp-json\/wp\/v2\/product_tag?post=1977"}],"curies":[{"name":"wp","href":"https:\/\/api.w.org\/{rel}","templated":true}]}}