{"id":1995,"date":"2026-01-26T09:14:37","date_gmt":"2026-01-26T09:14:37","guid":{"rendered":"https:\/\/spiritdust.pl\/produkt\/ohrringe-mit-labradorit-aschgraue-kreolen-mit-natursteinen\/"},"modified":"2026-01-26T09:14:37","modified_gmt":"2026-01-26T09:14:37","slug":"ohrringe-mit-labradorit-aschgraue-kreolen-mit-natursteinen","status":"publish","type":"product","link":"https:\/\/spiritdust.pl\/de\/produkt\/ohrringe-mit-labradorit-aschgraue-kreolen-mit-natursteinen\/","title":{"rendered":"Ohrringe mit Labradorit \u2013 Aschgraue Kreolen mit Natursteinen"},"content":{"rendered":"<h2 data-start=\"349\" data-end=\"439\">Ohrringe mit Labradorit \u2013 Aschgraue Kreolen mit Natursteinen<\/h2>\n<p data-start=\"441\" data-end=\"889\">Suchst du leichten, eleganten Schmuck mit einer Botschaft? <strong data-start=\"495\" data-end=\"539\">Ohrringe mit Labradorit \u2013 Aschgraue Kreolen<\/strong> sind handgefertigte Ohrringe, geschaffen f\u00fcr Frauen, die Subtilit\u00e4t, Symbolik und Langlebigkeit sch\u00e4tzen. Sie wurden aus <strong data-start=\"662\" data-end=\"684\">vergoldetem Silber<\/strong> und <strong data-start=\"687\" data-end=\"710\">Chirurgenstahl<\/strong> gefertigt, wodurch sie hautfreundlich sind, keine Allergien ausl\u00f6sen und sich gut f\u00fcr den t\u00e4glichen Gebrauch eignen. Die Kreolen haben einen Durchmesser von 31 mm \u2013 sie sind leicht, sichtbar, aber gleichzeitig zart.  <\/p>\n<p data-start=\"891\" data-end=\"1115\">Im Zentrum dieser Komposition befindet sich <strong data-start=\"929\" data-end=\"943\">Labradorit<\/strong> \u2013 ein mystischer Stein mit einem blauen, schimmernden Glanz. Er unterst\u00fctzt die Intuition, hilft, die eigenen Emotionen besser zu verstehen und Entscheidungen im Einklang mit der inneren Wahrheit zu treffen. Ihm zur Seite stehen:  <\/p>\n<ul data-start=\"1117\" data-end=\"1431\">\n<li data-start=\"1117\" data-end=\"1197\">\n<p data-start=\"1119\" data-end=\"1197\"><strong data-start=\"1119\" data-end=\"1140\">Mondstein<\/strong> \u2013 bringt Zartheit und st\u00e4rkt das innere Licht;<\/p>\n<\/li>\n<li data-start=\"1198\" data-end=\"1277\">\n<p data-start=\"1200\" data-end=\"1277\"><strong data-start=\"1200\" data-end=\"1213\">Chalzedon<\/strong> \u2013 beruhigt, f\u00f6rdert eine ruhige Kommunikation und lindert Spannungen;<\/p>\n<\/li>\n<li data-start=\"1278\" data-end=\"1345\">\n<p data-start=\"1280\" data-end=\"1345\"><strong data-start=\"1280\" data-end=\"1293\">Aquamarin<\/strong> \u2013 erleichtert einen flie\u00dfenden, ehrlichen Austausch von Gedanken und Emotionen;<\/p>\n<\/li>\n<li data-start=\"1346\" data-end=\"1431\">\n<p data-start=\"1348\" data-end=\"1431\"><strong data-start=\"1348\" data-end=\"1367\">Bergkristall<\/strong> \u2013 reinigt die Energie und verst\u00e4rkt die Wirkung der anderen Mineralien.<\/p>\n<\/li>\n<\/ul>\n<h3 data-start=\"1433\" data-end=\"1448\">\u2728 F\u00fcr wen?<\/h3>\n<p data-start=\"1450\" data-end=\"1811\">F\u00fcr Frauen, die Schmuck mit Seele lieben \u2013 solchen, der mehr als nur Stil ausdr\u00fcckt. Dies ist ein Vorschlag f\u00fcr jene, die sich mit der Energie von Harmonie, Klarheit und Achtsamkeit umgeben m\u00f6chten. Die Labradorit-Ohrringe passen sowohl zu minimalistischen als auch zu romantischeren Styles \u2013 und eignen sich hervorragend als subtiles Geschenk mit Bedeutung.  <\/p>\n<hr data-start=\"1813\" data-end=\"1816\">\n<h3 data-start=\"1818\" data-end=\"1855\">\ud83d\udd17 Interne und externe Links:<\/h3>\n<ul>\n<li style=\"list-style-type: none\">\n<ul data-start=\"1857\" data-end=\"2161\">\n<li data-start=\"1857\" data-end=\"1972\">\n<p data-start=\"1859\" data-end=\"1972\"><a class=\"cursor-pointer\" href=\"https:\/\/spiritdust.pl\/?s=kolczyki+kamien&amp;post_type=product&amp;v=288404204e3d\" target=\"_blank\" rel=\"noopener\" data-start=\"1859\" data-end=\"1972\">Entdecke alle handgefertigten Ohrringe mit Natursteinen<\/a><\/p>\n<\/li>\n<li data-start=\"1973\" data-end=\"2052\">\n<p data-start=\"1975\" data-end=\"2052\"><a class=\"cursor-pointer\" href=\"https:\/\/spiritdust.pl\/?s=naszyjnik+labradoryt&amp;post_type=product&amp;v=288404204e3d\" target=\"_blank\" rel=\"noopener\" data-start=\"1975\" data-end=\"2052\">Entdecke Halsketten mit Labradorit<\/a><\/p>\n<\/li>\n<\/ul>\n<\/li>\n<\/ul>\n","protected":false},"excerpt":{"rendered":"<p data-start=\"1527\" data-end=\"1675\">Die Ohrringe \u201eAschgraue Kreolen\u201c mit Labradorit und intuitiv unterst\u00fctzenden Steinen sind handgefertigter Schmuck f\u00fcr Frauen, die Leichtigkeit und Bedeutung sch\u00e4tzen.<\/p>\n<p>Sie sind aus vergoldetem Silber und Chirurgenstahl gefertigt. Die Ringe haben einen Durchmesser von 31 mm. <\/p>\n<p>Ich verpacke den Schmuck in einer dekorativen Schachtel und lege jeder Bestellung einen Beutel sowie zuf\u00e4llige Aufkleber als Geschenk bei. \u2728<\/p>\n","protected":false},"featured_media":1996,"template":"","meta":{"inline_featured_image":false},"product_brand":[],"product_cat":[167,197],"product_tag":[193,211,210,171],"class_list":{"0":"post-1995","1":"product","2":"type-product","3":"status-publish","4":"has-post-thumbnail","6":"product_cat-schmuck","7":"product_cat-silberohrringe","8":"product_tag-bergkristall","9":"product_tag-chalzedon","10":"product_tag-labradorit","11":"product_tag-mondstein","13":"first","14":"instock","15":"sale","16":"taxable","17":"shipping-taxable","18":"purchasable","19":"product-type-simple"},"yoast_head":"<!-- This site is optimized with the Yoast SEO plugin v27.5 - https:\/\/yoast.com\/product\/yoast-seo-wordpress\/ -->\n<title>Ohrringe mit Labradorit \u2013 Aschgraue Kreolen mit Natursteinen - Spirit Dust<\/title>\n<meta name=\"description\" content=\"Aschgraue Kreolen mit Labradorit sind leichte Ohrringe aus vergoldetem Silber und Chirurgenstahl, die die Sch\u00f6nheit der Steine mit der sch\u00fctzenden Energie der Natur verbinden.\" \/>\n<meta name=\"robots\" content=\"index, follow, max-snippet:-1, max-image-preview:large, max-video-preview:-1\" \/>\n<link rel=\"canonical\" href=\"https:\/\/spiritdust.pl\/de\/produkt\/ohrringe-mit-labradorit-aschgraue-kreolen-mit-natursteinen\/\" \/>\n<meta property=\"og:locale\" content=\"de_DE\" \/>\n<meta property=\"og:type\" content=\"article\" \/>\n<meta property=\"og:title\" content=\"Ohrringe mit Labradorit \u2013 Aschgraue Kreolen mit Natursteinen - Spirit Dust\" \/>\n<meta property=\"og:description\" content=\"Aschgraue Kreolen mit Labradorit sind leichte Ohrringe aus vergoldetem Silber und Chirurgenstahl, die die Sch\u00f6nheit der Steine mit der sch\u00fctzenden Energie der Natur verbinden.\" \/>\n<meta property=\"og:url\" content=\"https:\/\/spiritdust.pl\/de\/produkt\/ohrringe-mit-labradorit-aschgraue-kreolen-mit-natursteinen\/\" \/>\n<meta property=\"og:site_name\" content=\"Spirit Dust\" \/>\n<meta property=\"article:publisher\" content=\"https:\/\/www.facebook.com\/spiritdustmj\/\" \/>\n<meta property=\"og:image\" content=\"https:\/\/green-chough-870564.hostingersite.com\/wp-content\/uploads\/2026\/01\/DSC02125-2-Niestandardowe.jpg\" \/>\n\t<meta property=\"og:image:width\" content=\"1500\" \/>\n\t<meta property=\"og:image:height\" content=\"1500\" \/>\n\t<meta property=\"og:image:type\" content=\"image\/jpeg\" \/>\n<meta name=\"twitter:card\" content=\"summary_large_image\" \/>\n<meta name=\"twitter:label1\" content=\"Gesch\u00e4tzte Lesezeit\" \/>\n\t<meta name=\"twitter:data1\" content=\"1\u00a0Minute\" \/>\n<script type=\"application\/ld+json\" class=\"yoast-schema-graph\">{\"@context\":\"https:\\\/\\\/schema.org\",\"@graph\":[{\"@type\":\"WebPage\",\"@id\":\"https:\\\/\\\/spiritdust.pl\\\/de\\\/produkt\\\/ohrringe-mit-labradorit-aschgraue-kreolen-mit-natursteinen\\\/\",\"url\":\"https:\\\/\\\/spiritdust.pl\\\/de\\\/produkt\\\/ohrringe-mit-labradorit-aschgraue-kreolen-mit-natursteinen\\\/\",\"name\":\"Ohrringe mit Labradorit \u2013 Aschgraue Kreolen mit Natursteinen - Spirit Dust\",\"isPartOf\":{\"@id\":\"https:\\\/\\\/green-chough-870564.hostingersite.com\\\/#website\"},\"primaryImageOfPage\":{\"@id\":\"https:\\\/\\\/spiritdust.pl\\\/de\\\/produkt\\\/ohrringe-mit-labradorit-aschgraue-kreolen-mit-natursteinen\\\/#primaryimage\"},\"image\":{\"@id\":\"https:\\\/\\\/spiritdust.pl\\\/de\\\/produkt\\\/ohrringe-mit-labradorit-aschgraue-kreolen-mit-natursteinen\\\/#primaryimage\"},\"thumbnailUrl\":\"https:\\\/\\\/spiritdust.pl\\\/wp-content\\\/uploads\\\/2026\\\/01\\\/DSC02125-2-Niestandardowe.jpg\",\"datePublished\":\"2026-01-26T09:14:37+00:00\",\"description\":\"Aschgraue Kreolen mit Labradorit sind leichte Ohrringe aus vergoldetem Silber und Chirurgenstahl, die die Sch\u00f6nheit der Steine mit der sch\u00fctzenden Energie der Natur verbinden.\",\"breadcrumb\":{\"@id\":\"https:\\\/\\\/spiritdust.pl\\\/de\\\/produkt\\\/ohrringe-mit-labradorit-aschgraue-kreolen-mit-natursteinen\\\/#breadcrumb\"},\"inLanguage\":\"de\",\"potentialAction\":[{\"@type\":\"ReadAction\",\"target\":[\"https:\\\/\\\/spiritdust.pl\\\/de\\\/produkt\\\/ohrringe-mit-labradorit-aschgraue-kreolen-mit-natursteinen\\\/\"]}]},{\"@type\":\"ImageObject\",\"inLanguage\":\"de\",\"@id\":\"https:\\\/\\\/spiritdust.pl\\\/de\\\/produkt\\\/ohrringe-mit-labradorit-aschgraue-kreolen-mit-natursteinen\\\/#primaryimage\",\"url\":\"https:\\\/\\\/spiritdust.pl\\\/wp-content\\\/uploads\\\/2026\\\/01\\\/DSC02125-2-Niestandardowe.jpg\",\"contentUrl\":\"https:\\\/\\\/spiritdust.pl\\\/wp-content\\\/uploads\\\/2026\\\/01\\\/DSC02125-2-Niestandardowe.jpg\",\"width\":1500,\"height\":1500},{\"@type\":\"BreadcrumbList\",\"@id\":\"https:\\\/\\\/spiritdust.pl\\\/de\\\/produkt\\\/ohrringe-mit-labradorit-aschgraue-kreolen-mit-natursteinen\\\/#breadcrumb\",\"itemListElement\":[{\"@type\":\"ListItem\",\"position\":1,\"name\":\"Strona g\u0142\u00f3wna\",\"item\":\"https:\\\/\\\/spiritdust.pl\\\/de\\\/spirit-dust-schmuck-aus-kupfer-silber-und-natursteinen\\\/\"},{\"@type\":\"ListItem\",\"position\":2,\"name\":\"Shop\",\"item\":\"https:\\\/\\\/green-chough-870564.hostingersite.com\\\/shop\\\/\"},{\"@type\":\"ListItem\",\"position\":3,\"name\":\"Ohrringe mit Labradorit \u2013 Aschgraue Kreolen mit Natursteinen\"}]},{\"@type\":\"WebSite\",\"@id\":\"https:\\\/\\\/green-chough-870564.hostingersite.com\\\/#website\",\"url\":\"https:\\\/\\\/green-chough-870564.hostingersite.com\\\/\",\"name\":\"Spirit Dust\",\"description\":\"Bi\u017cuteria z Miedzi, Srebra i Kamieni Naturalnych\",\"publisher\":{\"@id\":\"https:\\\/\\\/green-chough-870564.hostingersite.com\\\/#organization\"},\"potentialAction\":[{\"@type\":\"SearchAction\",\"target\":{\"@type\":\"EntryPoint\",\"urlTemplate\":\"https:\\\/\\\/green-chough-870564.hostingersite.com\\\/?s={search_term_string}\"},\"query-input\":{\"@type\":\"PropertyValueSpecification\",\"valueRequired\":true,\"valueName\":\"search_term_string\"}}],\"inLanguage\":\"de\"},{\"@type\":\"Organization\",\"@id\":\"https:\\\/\\\/green-chough-870564.hostingersite.com\\\/#organization\",\"name\":\"Geisterstaub\",\"url\":\"https:\\\/\\\/green-chough-870564.hostingersite.com\\\/\",\"logo\":{\"@type\":\"ImageObject\",\"inLanguage\":\"de\",\"@id\":\"https:\\\/\\\/green-chough-870564.hostingersite.com\\\/#\\\/schema\\\/logo\\\/image\\\/\",\"url\":\"https:\\\/\\\/spiritdust.pl\\\/wp-content\\\/uploads\\\/2026\\\/01\\\/logo-sd.png\",\"contentUrl\":\"https:\\\/\\\/spiritdust.pl\\\/wp-content\\\/uploads\\\/2026\\\/01\\\/logo-sd.png\",\"width\":251,\"height\":368,\"caption\":\"Geisterstaub\"},\"image\":{\"@id\":\"https:\\\/\\\/green-chough-870564.hostingersite.com\\\/#\\\/schema\\\/logo\\\/image\\\/\"},\"sameAs\":[\"https:\\\/\\\/www.facebook.com\\\/spiritdustmj\\\/\",\"https:\\\/\\\/instagram.com\\\/spirit__dust\"]}]}<\/script>\n<!-- \/ Yoast SEO plugin. -->","yoast_head_json":{"title":"Ohrringe mit Labradorit \u2013 Aschgraue Kreolen mit Natursteinen - Spirit Dust","description":"Aschgraue Kreolen mit Labradorit sind leichte Ohrringe aus vergoldetem Silber und Chirurgenstahl, die die Sch\u00f6nheit der Steine mit der sch\u00fctzenden Energie der Natur verbinden.","robots":{"index":"index","follow":"follow","max-snippet":"max-snippet:-1","max-image-preview":"max-image-preview:large","max-video-preview":"max-video-preview:-1"},"canonical":"https:\/\/spiritdust.pl\/de\/produkt\/ohrringe-mit-labradorit-aschgraue-kreolen-mit-natursteinen\/","og_locale":"de_DE","og_type":"article","og_title":"Ohrringe mit Labradorit \u2013 Aschgraue Kreolen mit Natursteinen - Spirit Dust","og_description":"Aschgraue Kreolen mit Labradorit sind leichte Ohrringe aus vergoldetem Silber und Chirurgenstahl, die die Sch\u00f6nheit der Steine mit der sch\u00fctzenden Energie der Natur verbinden.","og_url":"https:\/\/spiritdust.pl\/de\/produkt\/ohrringe-mit-labradorit-aschgraue-kreolen-mit-natursteinen\/","og_site_name":"Spirit Dust","article_publisher":"https:\/\/www.facebook.com\/spiritdustmj\/","og_image":[{"width":1500,"height":1500,"url":"https:\/\/green-chough-870564.hostingersite.com\/wp-content\/uploads\/2026\/01\/DSC02125-2-Niestandardowe.jpg","type":"image\/jpeg"}],"twitter_card":"summary_large_image","twitter_misc":{"Gesch\u00e4tzte Lesezeit":"1\u00a0Minute"},"schema":{"@context":"https:\/\/schema.org","@graph":[{"@type":"WebPage","@id":"https:\/\/spiritdust.pl\/de\/produkt\/ohrringe-mit-labradorit-aschgraue-kreolen-mit-natursteinen\/","url":"https:\/\/spiritdust.pl\/de\/produkt\/ohrringe-mit-labradorit-aschgraue-kreolen-mit-natursteinen\/","name":"Ohrringe mit Labradorit \u2013 Aschgraue Kreolen mit Natursteinen - Spirit Dust","isPartOf":{"@id":"https:\/\/green-chough-870564.hostingersite.com\/#website"},"primaryImageOfPage":{"@id":"https:\/\/spiritdust.pl\/de\/produkt\/ohrringe-mit-labradorit-aschgraue-kreolen-mit-natursteinen\/#primaryimage"},"image":{"@id":"https:\/\/spiritdust.pl\/de\/produkt\/ohrringe-mit-labradorit-aschgraue-kreolen-mit-natursteinen\/#primaryimage"},"thumbnailUrl":"https:\/\/spiritdust.pl\/wp-content\/uploads\/2026\/01\/DSC02125-2-Niestandardowe.jpg","datePublished":"2026-01-26T09:14:37+00:00","description":"Aschgraue Kreolen mit Labradorit sind leichte Ohrringe aus vergoldetem Silber und Chirurgenstahl, die die Sch\u00f6nheit der Steine mit der sch\u00fctzenden Energie der Natur verbinden.","breadcrumb":{"@id":"https:\/\/spiritdust.pl\/de\/produkt\/ohrringe-mit-labradorit-aschgraue-kreolen-mit-natursteinen\/#breadcrumb"},"inLanguage":"de","potentialAction":[{"@type":"ReadAction","target":["https:\/\/spiritdust.pl\/de\/produkt\/ohrringe-mit-labradorit-aschgraue-kreolen-mit-natursteinen\/"]}]},{"@type":"ImageObject","inLanguage":"de","@id":"https:\/\/spiritdust.pl\/de\/produkt\/ohrringe-mit-labradorit-aschgraue-kreolen-mit-natursteinen\/#primaryimage","url":"https:\/\/spiritdust.pl\/wp-content\/uploads\/2026\/01\/DSC02125-2-Niestandardowe.jpg","contentUrl":"https:\/\/spiritdust.pl\/wp-content\/uploads\/2026\/01\/DSC02125-2-Niestandardowe.jpg","width":1500,"height":1500},{"@type":"BreadcrumbList","@id":"https:\/\/spiritdust.pl\/de\/produkt\/ohrringe-mit-labradorit-aschgraue-kreolen-mit-natursteinen\/#breadcrumb","itemListElement":[{"@type":"ListItem","position":1,"name":"Strona g\u0142\u00f3wna","item":"https:\/\/spiritdust.pl\/de\/spirit-dust-schmuck-aus-kupfer-silber-und-natursteinen\/"},{"@type":"ListItem","position":2,"name":"Shop","item":"https:\/\/green-chough-870564.hostingersite.com\/shop\/"},{"@type":"ListItem","position":3,"name":"Ohrringe mit Labradorit \u2013 Aschgraue Kreolen mit Natursteinen"}]},{"@type":"WebSite","@id":"https:\/\/green-chough-870564.hostingersite.com\/#website","url":"https:\/\/green-chough-870564.hostingersite.com\/","name":"Spirit Dust","description":"Bi\u017cuteria z Miedzi, Srebra i Kamieni Naturalnych","publisher":{"@id":"https:\/\/green-chough-870564.hostingersite.com\/#organization"},"potentialAction":[{"@type":"SearchAction","target":{"@type":"EntryPoint","urlTemplate":"https:\/\/green-chough-870564.hostingersite.com\/?s={search_term_string}"},"query-input":{"@type":"PropertyValueSpecification","valueRequired":true,"valueName":"search_term_string"}}],"inLanguage":"de"},{"@type":"Organization","@id":"https:\/\/green-chough-870564.hostingersite.com\/#organization","name":"Geisterstaub","url":"https:\/\/green-chough-870564.hostingersite.com\/","logo":{"@type":"ImageObject","inLanguage":"de","@id":"https:\/\/green-chough-870564.hostingersite.com\/#\/schema\/logo\/image\/","url":"https:\/\/spiritdust.pl\/wp-content\/uploads\/2026\/01\/logo-sd.png","contentUrl":"https:\/\/spiritdust.pl\/wp-content\/uploads\/2026\/01\/logo-sd.png","width":251,"height":368,"caption":"Geisterstaub"},"image":{"@id":"https:\/\/green-chough-870564.hostingersite.com\/#\/schema\/logo\/image\/"},"sameAs":["https:\/\/www.facebook.com\/spiritdustmj\/","https:\/\/instagram.com\/spirit__dust"]}]}},"_links":{"self":[{"href":"https:\/\/spiritdust.pl\/de\/wp-json\/wp\/v2\/product\/1995","targetHints":{"allow":["GET"]}}],"collection":[{"href":"https:\/\/spiritdust.pl\/de\/wp-json\/wp\/v2\/product"}],"about":[{"href":"https:\/\/spiritdust.pl\/de\/wp-json\/wp\/v2\/types\/product"}],"version-history":[{"count":0,"href":"https:\/\/spiritdust.pl\/de\/wp-json\/wp\/v2\/product\/1995\/revisions"}],"wp:featuredmedia":[{"embeddable":true,"href":"https:\/\/spiritdust.pl\/de\/wp-json\/wp\/v2\/media\/1996"}],"wp:attachment":[{"href":"https:\/\/spiritdust.pl\/de\/wp-json\/wp\/v2\/media?parent=1995"}],"wp:term":[{"taxonomy":"product_brand","embeddable":true,"href":"https:\/\/spiritdust.pl\/de\/wp-json\/wp\/v2\/product_brand?post=1995"},{"taxonomy":"product_cat","embeddable":true,"href":"https:\/\/spiritdust.pl\/de\/wp-json\/wp\/v2\/product_cat?post=1995"},{"taxonomy":"product_tag","embeddable":true,"href":"https:\/\/spiritdust.pl\/de\/wp-json\/wp\/v2\/product_tag?post=1995"}],"curies":[{"name":"wp","href":"https:\/\/api.w.org\/{rel}","templated":true}]}}