{"id":2024,"date":"2026-01-26T09:14:37","date_gmt":"2026-01-26T09:14:37","guid":{"rendered":"https:\/\/spiritdust.pl\/produkt\/armband-mit-citrin-geflecht-des-ueberflusses\/"},"modified":"2026-01-26T09:14:37","modified_gmt":"2026-01-26T09:14:37","slug":"armband-mit-citrin-geflecht-des-ueberflusses","status":"publish","type":"product","link":"https:\/\/spiritdust.pl\/de\/produkt\/armband-mit-citrin-geflecht-des-ueberflusses\/","title":{"rendered":"Armband mit Citrin &#8211; Geflecht des \u00dcberflusses"},"content":{"rendered":"<p class=\"p1\"><span class=\"s1\"><strong>Citrin &#8211;<\/strong> ist ein energetisierender Stein, der Gl\u00fcck, Mut, Hoffnung und W\u00e4rme spendet. Er steigert das Selbstwertgef\u00fchl, den Selbstausdruck und die Kreativit\u00e4t. Er ist ein kraftvoller reinigender und revitalisierender Stein. Er zieht F\u00fclle und Wohlstand in unser Leben.   <\/span><\/p>\n<p class=\"p1\"><span class=\"s1\"><strong>Schwarzer Turmalin &#8211;<\/strong> ist der st\u00e4rkste Schutzstein. Er sch\u00fctzt vor \u00e4u\u00dferen Einfl\u00fcssen, Stress, Anspannung und negativer Energie. Er steigert die innere Weisheit, den Mut und die Geduld und ist eine Unterst\u00fctzung f\u00fcr Herz und Geist.  <\/span><\/p>\n<p class=\"p1\"><span class=\"s1\"><strong>Tigerauge &#8211;<\/strong> verleiht Kraft und Mut. Es hat eine sch\u00fctzende Wirkung. Es sch\u00e4rft die Sinne und f\u00f6rdert die Intuition. Es st\u00e4rkt die pers\u00f6nliche Kraft und unterst\u00fctzt bei guten Entscheidungen. Tigerauge kann zur Anregung von Reichtum verwendet werden.    <\/span><\/p>\n<p class=\"p1\"><span class=\"s1\"><strong>Dalmatiner Jaspis &#8211;<\/strong> ein Schutzstein, der alle Negativit\u00e4t in der Umgebung in positive Energie umwandelt. Er hilft dir, deine St\u00e4rken und Schw\u00e4chen klarer zu erkennen. Er steigert das Gef\u00fchl der Freude und unterst\u00fctzt dich beim \u00dcberwinden von Barrieren.  <\/span><\/p>\n<p><strong>H\u00e4matit <\/strong>&#8211; ist ein Stein, der den K\u00f6rper mit Energie f\u00fcllt und belebt. Er steigert Optimismus, Entschlossenheit, Mut, Selbstwertgef\u00fchl und Willenskraft. Er unterst\u00fctzt bei Kreislaufproblemen und erh\u00f6ht den Eisengehalt im Blut.  <\/p>\n","protected":false},"excerpt":{"rendered":"<p>Armband mit <strong>Citrin<\/strong>, <strong>Schwarzem Turmalin<\/strong>, <strong>Tigerauge<\/strong>, <strong>Dalmatiner Jaspis <\/strong>und <strong>H\u00e4matit<\/strong>.<\/p>\n<p class=\"p1\"><span class=\"s1\">Es ist aus Natursteinen, Abstandshaltern und strapazierf\u00e4higem Polyesterfaden gefertigt. Die Weite ist verstellbar. <\/span><\/p>\n<p class=\"p1\">Ich verpacke den Schmuck in einer dekorativen Schachtel und lege jeder Bestellung einen Beutel sowie zuf\u00e4llige Aufkleber als Geschenk bei. \u2728<\/p>\n<p>&nbsp;<\/p>\n<p><strong data-start=\"1081\" data-end=\"1127\">Das Armband wird speziell f\u00fcr dich angefertigt<\/strong> \u2013 du kannst die Farbe der Abstandshalter bei der Bestellung w\u00e4hlen.<br data-start=\"1187\" data-end=\"1190\">Aus diesem Grund ist es ein personalisiertes Produkt, das <strong data-start=\"1246\" data-end=\"1270\">nicht zur\u00fcckgegeben werden kann<\/strong>, gem\u00e4\u00df den geltenden Bestimmungen.<\/p>\n","protected":false},"featured_media":2025,"template":"","meta":{"inline_featured_image":false},"product_brand":[],"product_cat":[168,167],"product_tag":[178,169,170,220,221],"class_list":{"0":"post-2024","1":"product","2":"type-product","3":"status-publish","4":"has-post-thumbnail","6":"product_cat-armbander","7":"product_cat-schmuck","8":"product_tag-citrin","9":"product_tag-hamatit","10":"product_tag-jaspis","11":"product_tag-schwarzer-turmalin","12":"product_tag-tigerauge","14":"first","15":"instock","16":"taxable","17":"shipping-taxable","18":"purchasable","19":"product-type-variable"},"yoast_head":"<!-- This site is optimized with the Yoast SEO plugin v27.5 - https:\/\/yoast.com\/product\/yoast-seo-wordpress\/ -->\n<title>Armband mit Citrin - Geflecht des \u00dcberflusses - Spirit Dust<\/title>\n<meta name=\"description\" content=\"Das Armband verbindet die Energie des Citrins, den Schutz des Schwarzen Turmalins, die Kraft des Tigerauges, die Positivit\u00e4t des Dalmatiner Jaspis und Gesundheit dank H\u00e4matit.\" \/>\n<meta name=\"robots\" content=\"index, follow, max-snippet:-1, max-image-preview:large, max-video-preview:-1\" \/>\n<link rel=\"canonical\" href=\"https:\/\/spiritdust.pl\/de\/produkt\/armband-mit-citrin-geflecht-des-ueberflusses\/\" \/>\n<meta property=\"og:locale\" content=\"de_DE\" \/>\n<meta property=\"og:type\" content=\"article\" \/>\n<meta property=\"og:title\" content=\"Armband mit Citrin - Geflecht des \u00dcberflusses - Spirit Dust\" \/>\n<meta property=\"og:description\" content=\"Das Armband verbindet die Energie des Citrins, den Schutz des Schwarzen Turmalins, die Kraft des Tigerauges, die Positivit\u00e4t des Dalmatiner Jaspis und Gesundheit dank H\u00e4matit.\" \/>\n<meta property=\"og:url\" content=\"https:\/\/spiritdust.pl\/de\/produkt\/armband-mit-citrin-geflecht-des-ueberflusses\/\" \/>\n<meta property=\"og:site_name\" content=\"Spirit Dust\" \/>\n<meta property=\"article:publisher\" content=\"https:\/\/www.facebook.com\/spiritdustmj\/\" \/>\n<meta property=\"og:image\" content=\"https:\/\/green-chough-870564.hostingersite.com\/wp-content\/uploads\/2026\/01\/159.jpg\" \/>\n\t<meta property=\"og:image:width\" content=\"1439\" \/>\n\t<meta property=\"og:image:height\" content=\"1439\" \/>\n\t<meta property=\"og:image:type\" content=\"image\/jpeg\" \/>\n<meta name=\"twitter:card\" content=\"summary_large_image\" \/>\n<meta name=\"twitter:label1\" content=\"Gesch\u00e4tzte Lesezeit\" \/>\n\t<meta name=\"twitter:data1\" content=\"1\u00a0Minute\" \/>\n<script type=\"application\/ld+json\" class=\"yoast-schema-graph\">{\"@context\":\"https:\\\/\\\/schema.org\",\"@graph\":[{\"@type\":\"WebPage\",\"@id\":\"https:\\\/\\\/spiritdust.pl\\\/de\\\/produkt\\\/armband-mit-citrin-geflecht-des-ueberflusses\\\/\",\"url\":\"https:\\\/\\\/spiritdust.pl\\\/de\\\/produkt\\\/armband-mit-citrin-geflecht-des-ueberflusses\\\/\",\"name\":\"Armband mit Citrin - Geflecht des \u00dcberflusses - Spirit Dust\",\"isPartOf\":{\"@id\":\"https:\\\/\\\/green-chough-870564.hostingersite.com\\\/#website\"},\"primaryImageOfPage\":{\"@id\":\"https:\\\/\\\/spiritdust.pl\\\/de\\\/produkt\\\/armband-mit-citrin-geflecht-des-ueberflusses\\\/#primaryimage\"},\"image\":{\"@id\":\"https:\\\/\\\/spiritdust.pl\\\/de\\\/produkt\\\/armband-mit-citrin-geflecht-des-ueberflusses\\\/#primaryimage\"},\"thumbnailUrl\":\"https:\\\/\\\/spiritdust.pl\\\/wp-content\\\/uploads\\\/2026\\\/01\\\/159.jpg\",\"datePublished\":\"2026-01-26T09:14:37+00:00\",\"description\":\"Das Armband verbindet die Energie des Citrins, den Schutz des Schwarzen Turmalins, die Kraft des Tigerauges, die Positivit\u00e4t des Dalmatiner Jaspis und Gesundheit dank H\u00e4matit.\",\"breadcrumb\":{\"@id\":\"https:\\\/\\\/spiritdust.pl\\\/de\\\/produkt\\\/armband-mit-citrin-geflecht-des-ueberflusses\\\/#breadcrumb\"},\"inLanguage\":\"de\",\"potentialAction\":[{\"@type\":\"ReadAction\",\"target\":[\"https:\\\/\\\/spiritdust.pl\\\/de\\\/produkt\\\/armband-mit-citrin-geflecht-des-ueberflusses\\\/\"]}]},{\"@type\":\"ImageObject\",\"inLanguage\":\"de\",\"@id\":\"https:\\\/\\\/spiritdust.pl\\\/de\\\/produkt\\\/armband-mit-citrin-geflecht-des-ueberflusses\\\/#primaryimage\",\"url\":\"https:\\\/\\\/spiritdust.pl\\\/wp-content\\\/uploads\\\/2026\\\/01\\\/159.jpg\",\"contentUrl\":\"https:\\\/\\\/spiritdust.pl\\\/wp-content\\\/uploads\\\/2026\\\/01\\\/159.jpg\",\"width\":1439,\"height\":1439},{\"@type\":\"BreadcrumbList\",\"@id\":\"https:\\\/\\\/spiritdust.pl\\\/de\\\/produkt\\\/armband-mit-citrin-geflecht-des-ueberflusses\\\/#breadcrumb\",\"itemListElement\":[{\"@type\":\"ListItem\",\"position\":1,\"name\":\"Strona g\u0142\u00f3wna\",\"item\":\"https:\\\/\\\/spiritdust.pl\\\/de\\\/spirit-dust-schmuck-aus-kupfer-silber-und-natursteinen\\\/\"},{\"@type\":\"ListItem\",\"position\":2,\"name\":\"Shop\",\"item\":\"https:\\\/\\\/green-chough-870564.hostingersite.com\\\/shop\\\/\"},{\"@type\":\"ListItem\",\"position\":3,\"name\":\"Armband mit Citrin &#8211; Geflecht des \u00dcberflusses\"}]},{\"@type\":\"WebSite\",\"@id\":\"https:\\\/\\\/green-chough-870564.hostingersite.com\\\/#website\",\"url\":\"https:\\\/\\\/green-chough-870564.hostingersite.com\\\/\",\"name\":\"Spirit Dust\",\"description\":\"Bi\u017cuteria z Miedzi, Srebra i Kamieni Naturalnych\",\"publisher\":{\"@id\":\"https:\\\/\\\/green-chough-870564.hostingersite.com\\\/#organization\"},\"potentialAction\":[{\"@type\":\"SearchAction\",\"target\":{\"@type\":\"EntryPoint\",\"urlTemplate\":\"https:\\\/\\\/green-chough-870564.hostingersite.com\\\/?s={search_term_string}\"},\"query-input\":{\"@type\":\"PropertyValueSpecification\",\"valueRequired\":true,\"valueName\":\"search_term_string\"}}],\"inLanguage\":\"de\"},{\"@type\":\"Organization\",\"@id\":\"https:\\\/\\\/green-chough-870564.hostingersite.com\\\/#organization\",\"name\":\"Geisterstaub\",\"url\":\"https:\\\/\\\/green-chough-870564.hostingersite.com\\\/\",\"logo\":{\"@type\":\"ImageObject\",\"inLanguage\":\"de\",\"@id\":\"https:\\\/\\\/green-chough-870564.hostingersite.com\\\/#\\\/schema\\\/logo\\\/image\\\/\",\"url\":\"https:\\\/\\\/spiritdust.pl\\\/wp-content\\\/uploads\\\/2026\\\/01\\\/logo-sd.png\",\"contentUrl\":\"https:\\\/\\\/spiritdust.pl\\\/wp-content\\\/uploads\\\/2026\\\/01\\\/logo-sd.png\",\"width\":251,\"height\":368,\"caption\":\"Geisterstaub\"},\"image\":{\"@id\":\"https:\\\/\\\/green-chough-870564.hostingersite.com\\\/#\\\/schema\\\/logo\\\/image\\\/\"},\"sameAs\":[\"https:\\\/\\\/www.facebook.com\\\/spiritdustmj\\\/\",\"https:\\\/\\\/instagram.com\\\/spirit__dust\"]}]}<\/script>\n<!-- \/ Yoast SEO plugin. -->","yoast_head_json":{"title":"Armband mit Citrin - Geflecht des \u00dcberflusses - Spirit Dust","description":"Das Armband verbindet die Energie des Citrins, den Schutz des Schwarzen Turmalins, die Kraft des Tigerauges, die Positivit\u00e4t des Dalmatiner Jaspis und Gesundheit dank H\u00e4matit.","robots":{"index":"index","follow":"follow","max-snippet":"max-snippet:-1","max-image-preview":"max-image-preview:large","max-video-preview":"max-video-preview:-1"},"canonical":"https:\/\/spiritdust.pl\/de\/produkt\/armband-mit-citrin-geflecht-des-ueberflusses\/","og_locale":"de_DE","og_type":"article","og_title":"Armband mit Citrin - Geflecht des \u00dcberflusses - Spirit Dust","og_description":"Das Armband verbindet die Energie des Citrins, den Schutz des Schwarzen Turmalins, die Kraft des Tigerauges, die Positivit\u00e4t des Dalmatiner Jaspis und Gesundheit dank H\u00e4matit.","og_url":"https:\/\/spiritdust.pl\/de\/produkt\/armband-mit-citrin-geflecht-des-ueberflusses\/","og_site_name":"Spirit Dust","article_publisher":"https:\/\/www.facebook.com\/spiritdustmj\/","og_image":[{"width":1439,"height":1439,"url":"https:\/\/green-chough-870564.hostingersite.com\/wp-content\/uploads\/2026\/01\/159.jpg","type":"image\/jpeg"}],"twitter_card":"summary_large_image","twitter_misc":{"Gesch\u00e4tzte Lesezeit":"1\u00a0Minute"},"schema":{"@context":"https:\/\/schema.org","@graph":[{"@type":"WebPage","@id":"https:\/\/spiritdust.pl\/de\/produkt\/armband-mit-citrin-geflecht-des-ueberflusses\/","url":"https:\/\/spiritdust.pl\/de\/produkt\/armband-mit-citrin-geflecht-des-ueberflusses\/","name":"Armband mit Citrin - Geflecht des \u00dcberflusses - Spirit Dust","isPartOf":{"@id":"https:\/\/green-chough-870564.hostingersite.com\/#website"},"primaryImageOfPage":{"@id":"https:\/\/spiritdust.pl\/de\/produkt\/armband-mit-citrin-geflecht-des-ueberflusses\/#primaryimage"},"image":{"@id":"https:\/\/spiritdust.pl\/de\/produkt\/armband-mit-citrin-geflecht-des-ueberflusses\/#primaryimage"},"thumbnailUrl":"https:\/\/spiritdust.pl\/wp-content\/uploads\/2026\/01\/159.jpg","datePublished":"2026-01-26T09:14:37+00:00","description":"Das Armband verbindet die Energie des Citrins, den Schutz des Schwarzen Turmalins, die Kraft des Tigerauges, die Positivit\u00e4t des Dalmatiner Jaspis und Gesundheit dank H\u00e4matit.","breadcrumb":{"@id":"https:\/\/spiritdust.pl\/de\/produkt\/armband-mit-citrin-geflecht-des-ueberflusses\/#breadcrumb"},"inLanguage":"de","potentialAction":[{"@type":"ReadAction","target":["https:\/\/spiritdust.pl\/de\/produkt\/armband-mit-citrin-geflecht-des-ueberflusses\/"]}]},{"@type":"ImageObject","inLanguage":"de","@id":"https:\/\/spiritdust.pl\/de\/produkt\/armband-mit-citrin-geflecht-des-ueberflusses\/#primaryimage","url":"https:\/\/spiritdust.pl\/wp-content\/uploads\/2026\/01\/159.jpg","contentUrl":"https:\/\/spiritdust.pl\/wp-content\/uploads\/2026\/01\/159.jpg","width":1439,"height":1439},{"@type":"BreadcrumbList","@id":"https:\/\/spiritdust.pl\/de\/produkt\/armband-mit-citrin-geflecht-des-ueberflusses\/#breadcrumb","itemListElement":[{"@type":"ListItem","position":1,"name":"Strona g\u0142\u00f3wna","item":"https:\/\/spiritdust.pl\/de\/spirit-dust-schmuck-aus-kupfer-silber-und-natursteinen\/"},{"@type":"ListItem","position":2,"name":"Shop","item":"https:\/\/green-chough-870564.hostingersite.com\/shop\/"},{"@type":"ListItem","position":3,"name":"Armband mit Citrin &#8211; Geflecht des \u00dcberflusses"}]},{"@type":"WebSite","@id":"https:\/\/green-chough-870564.hostingersite.com\/#website","url":"https:\/\/green-chough-870564.hostingersite.com\/","name":"Spirit Dust","description":"Bi\u017cuteria z Miedzi, Srebra i Kamieni Naturalnych","publisher":{"@id":"https:\/\/green-chough-870564.hostingersite.com\/#organization"},"potentialAction":[{"@type":"SearchAction","target":{"@type":"EntryPoint","urlTemplate":"https:\/\/green-chough-870564.hostingersite.com\/?s={search_term_string}"},"query-input":{"@type":"PropertyValueSpecification","valueRequired":true,"valueName":"search_term_string"}}],"inLanguage":"de"},{"@type":"Organization","@id":"https:\/\/green-chough-870564.hostingersite.com\/#organization","name":"Geisterstaub","url":"https:\/\/green-chough-870564.hostingersite.com\/","logo":{"@type":"ImageObject","inLanguage":"de","@id":"https:\/\/green-chough-870564.hostingersite.com\/#\/schema\/logo\/image\/","url":"https:\/\/spiritdust.pl\/wp-content\/uploads\/2026\/01\/logo-sd.png","contentUrl":"https:\/\/spiritdust.pl\/wp-content\/uploads\/2026\/01\/logo-sd.png","width":251,"height":368,"caption":"Geisterstaub"},"image":{"@id":"https:\/\/green-chough-870564.hostingersite.com\/#\/schema\/logo\/image\/"},"sameAs":["https:\/\/www.facebook.com\/spiritdustmj\/","https:\/\/instagram.com\/spirit__dust"]}]}},"_links":{"self":[{"href":"https:\/\/spiritdust.pl\/de\/wp-json\/wp\/v2\/product\/2024","targetHints":{"allow":["GET"]}}],"collection":[{"href":"https:\/\/spiritdust.pl\/de\/wp-json\/wp\/v2\/product"}],"about":[{"href":"https:\/\/spiritdust.pl\/de\/wp-json\/wp\/v2\/types\/product"}],"version-history":[{"count":0,"href":"https:\/\/spiritdust.pl\/de\/wp-json\/wp\/v2\/product\/2024\/revisions"}],"wp:featuredmedia":[{"embeddable":true,"href":"https:\/\/spiritdust.pl\/de\/wp-json\/wp\/v2\/media\/2025"}],"wp:attachment":[{"href":"https:\/\/spiritdust.pl\/de\/wp-json\/wp\/v2\/media?parent=2024"}],"wp:term":[{"taxonomy":"product_brand","embeddable":true,"href":"https:\/\/spiritdust.pl\/de\/wp-json\/wp\/v2\/product_brand?post=2024"},{"taxonomy":"product_cat","embeddable":true,"href":"https:\/\/spiritdust.pl\/de\/wp-json\/wp\/v2\/product_cat?post=2024"},{"taxonomy":"product_tag","embeddable":true,"href":"https:\/\/spiritdust.pl\/de\/wp-json\/wp\/v2\/product_tag?post=2024"}],"curies":[{"name":"wp","href":"https:\/\/api.w.org\/{rel}","templated":true}]}}