{"id":2029,"date":"2026-01-26T09:15:07","date_gmt":"2026-01-26T09:15:07","guid":{"rendered":"https:\/\/spiritdust.pl\/produkt\/citrin-armband-sonnenkraft\/"},"modified":"2026-01-26T09:15:07","modified_gmt":"2026-01-26T09:15:07","slug":"citrin-armband-sonnenkraft","status":"publish","type":"product","link":"https:\/\/spiritdust.pl\/de\/produkt\/citrin-armband-sonnenkraft\/","title":{"rendered":"Citrin-Armband &#8211; Sonnenkraft"},"content":{"rendered":"<p><strong>Citrin <\/strong>&#8211; ist ein energetisierender Stein, der Gl\u00fcck, Mut, Hoffnung und W\u00e4rme spendet. Er steigert das Selbstwertgef\u00fchl, den Selbstausdruck und die Kreativit\u00e4t. Er ist ein m\u00e4chtiger reinigender und revitalisierender Stein. Er zieht F\u00fclle und Wohlstand in unser Leben.   <\/p>\n<p><strong>Tigerauge<\/strong> \u2013 verleiht St\u00e4rke und Mut. Es wirkt sch\u00fctzend, sch\u00e4rft die Sinne und f\u00f6rdert die Intuition. Es st\u00e4rkt die pers\u00f6nliche Kraft, unterst\u00fctzt bei guten Entscheidungen und kann zur F\u00f6rderung von Reichtum eingesetzt werden.    <\/p>\n<p><strong>Schwarzer Turmalin<\/strong> \u2013 sch\u00fctzt vor \u00e4u\u00dferen Einfl\u00fcssen, Stress, Anspannung und negativer Energie. Er f\u00f6rdert innere Weisheit, Mut und Geduld und ist eine St\u00fctze f\u00fcr Herz und Geist. <\/p>\n","protected":false},"excerpt":{"rendered":"<p class=\"p1\">Das Armband aus <strong>Citrin<\/strong>,<strong> Tigerauge<\/strong> und <strong>Schwarzem Turmalin<\/strong> ist eine Kombination aus nat\u00fcrlicher Eleganz und energetischen Vorteilen. <strong>Citrin<\/strong> bringt Optimismus und Freude, <strong>Tigerauge<\/strong> bietet Schutz und Mut, und <strong>Schwarzer Turmalin<\/strong> wirkt als energetischer Schutzschild. Dieses wundersch\u00f6ne Armband hilft, positive Schwingungen und energetische Balance zu bewahren. <\/p>\n<p class=\"p1\"><span class=\"s1\">Es ist gefertigt aus Natursteinen, Abstandshaltern und strapazierf\u00e4higem Polyesterfaden.<\/span><\/p>\n<p>Das Armband ist verstellbar, sodass du es an dein Handgelenk anpassen kannst.<\/p>\n<p>&nbsp;<\/p>\n<p class=\"p1\">Ich verpacke den Schmuck in einer dekorativen Schachtel und lege jeder Bestellung einen Beutel sowie zuf\u00e4llige Aufkleber als Geschenk bei. \u2728<\/p>\n<p>&nbsp;<\/p>\n<p><strong data-start=\"1081\" data-end=\"1127\">Das Armband wird speziell f\u00fcr dich angefertigt<\/strong> \u2013 du kannst die Farbe der Abstandshalter bei der Bestellung w\u00e4hlen.<br data-start=\"1187\" data-end=\"1190\">Aus diesem Grund ist es ein personalisiertes Produkt, das <strong data-start=\"1246\" data-end=\"1270\">vom Umtausch ausgeschlossen ist<\/strong>, gem\u00e4\u00df den geltenden Bestimmungen.<\/p>\n","protected":false},"featured_media":2036,"template":"","meta":{"inline_featured_image":false},"product_brand":[],"product_cat":[168,167],"product_tag":[178,221,222],"class_list":{"0":"post-2029","1":"product","2":"type-product","3":"status-publish","4":"has-post-thumbnail","6":"product_cat-armbander","7":"product_cat-schmuck","8":"product_tag-citrin","9":"product_tag-tigerauge","10":"product_tag-turmalin","12":"first","13":"instock","14":"taxable","15":"shipping-taxable","16":"purchasable","17":"product-type-variable"},"yoast_head":"<!-- This site is optimized with the Yoast SEO plugin v27.5 - https:\/\/yoast.com\/product\/yoast-seo-wordpress\/ -->\n<title>Citrin-Armband - Sonnenkraft - Spirit Dust<\/title>\n<meta name=\"description\" content=\"Das Citrin-, Tigerauge- und schwarze Turmalin-Armband vereint nat\u00fcrliche Eleganz und energetische Vorteile, spendet Charme und Balance.\" \/>\n<meta name=\"robots\" content=\"index, follow, max-snippet:-1, max-image-preview:large, max-video-preview:-1\" \/>\n<link rel=\"canonical\" href=\"https:\/\/spiritdust.pl\/de\/produkt\/citrin-armband-sonnenkraft\/\" \/>\n<meta property=\"og:locale\" content=\"de_DE\" \/>\n<meta property=\"og:type\" content=\"article\" \/>\n<meta property=\"og:title\" content=\"Citrin-Armband - Sonnenkraft - Spirit Dust\" \/>\n<meta property=\"og:description\" content=\"Das Citrin-, Tigerauge- und schwarze Turmalin-Armband vereint nat\u00fcrliche Eleganz und energetische Vorteile, spendet Charme und Balance.\" \/>\n<meta property=\"og:url\" content=\"https:\/\/spiritdust.pl\/de\/produkt\/citrin-armband-sonnenkraft\/\" \/>\n<meta property=\"og:site_name\" content=\"Spirit Dust\" \/>\n<meta property=\"article:publisher\" content=\"https:\/\/www.facebook.com\/spiritdustmj\/\" \/>\n<meta property=\"og:image\" content=\"https:\/\/green-chough-870564.hostingersite.com\/wp-content\/uploads\/2026\/01\/DSC00913-2-Niestandardowe.jpeg\" \/>\n\t<meta property=\"og:image:width\" content=\"1500\" \/>\n\t<meta property=\"og:image:height\" content=\"1500\" \/>\n\t<meta property=\"og:image:type\" content=\"image\/jpeg\" \/>\n<meta name=\"twitter:card\" content=\"summary_large_image\" \/>\n<meta name=\"twitter:label1\" content=\"Gesch\u00e4tzte Lesezeit\" \/>\n\t<meta name=\"twitter:data1\" content=\"1\u00a0Minute\" \/>\n<script type=\"application\/ld+json\" class=\"yoast-schema-graph\">{\"@context\":\"https:\\\/\\\/schema.org\",\"@graph\":[{\"@type\":\"WebPage\",\"@id\":\"https:\\\/\\\/spiritdust.pl\\\/de\\\/produkt\\\/citrin-armband-sonnenkraft\\\/\",\"url\":\"https:\\\/\\\/spiritdust.pl\\\/de\\\/produkt\\\/citrin-armband-sonnenkraft\\\/\",\"name\":\"Citrin-Armband - Sonnenkraft - Spirit Dust\",\"isPartOf\":{\"@id\":\"https:\\\/\\\/green-chough-870564.hostingersite.com\\\/#website\"},\"primaryImageOfPage\":{\"@id\":\"https:\\\/\\\/spiritdust.pl\\\/de\\\/produkt\\\/citrin-armband-sonnenkraft\\\/#primaryimage\"},\"image\":{\"@id\":\"https:\\\/\\\/spiritdust.pl\\\/de\\\/produkt\\\/citrin-armband-sonnenkraft\\\/#primaryimage\"},\"thumbnailUrl\":\"https:\\\/\\\/spiritdust.pl\\\/wp-content\\\/uploads\\\/2026\\\/01\\\/DSC00913-2-Niestandardowe.jpeg\",\"datePublished\":\"2026-01-26T09:15:07+00:00\",\"description\":\"Das Citrin-, Tigerauge- und schwarze Turmalin-Armband vereint nat\u00fcrliche Eleganz und energetische Vorteile, spendet Charme und Balance.\",\"breadcrumb\":{\"@id\":\"https:\\\/\\\/spiritdust.pl\\\/de\\\/produkt\\\/citrin-armband-sonnenkraft\\\/#breadcrumb\"},\"inLanguage\":\"de\",\"potentialAction\":[{\"@type\":\"ReadAction\",\"target\":[\"https:\\\/\\\/spiritdust.pl\\\/de\\\/produkt\\\/citrin-armband-sonnenkraft\\\/\"]}]},{\"@type\":\"ImageObject\",\"inLanguage\":\"de\",\"@id\":\"https:\\\/\\\/spiritdust.pl\\\/de\\\/produkt\\\/citrin-armband-sonnenkraft\\\/#primaryimage\",\"url\":\"https:\\\/\\\/spiritdust.pl\\\/wp-content\\\/uploads\\\/2026\\\/01\\\/DSC00913-2-Niestandardowe.jpeg\",\"contentUrl\":\"https:\\\/\\\/spiritdust.pl\\\/wp-content\\\/uploads\\\/2026\\\/01\\\/DSC00913-2-Niestandardowe.jpeg\",\"width\":1500,\"height\":1500},{\"@type\":\"BreadcrumbList\",\"@id\":\"https:\\\/\\\/spiritdust.pl\\\/de\\\/produkt\\\/citrin-armband-sonnenkraft\\\/#breadcrumb\",\"itemListElement\":[{\"@type\":\"ListItem\",\"position\":1,\"name\":\"Strona g\u0142\u00f3wna\",\"item\":\"https:\\\/\\\/spiritdust.pl\\\/de\\\/spirit-dust-schmuck-aus-kupfer-silber-und-natursteinen\\\/\"},{\"@type\":\"ListItem\",\"position\":2,\"name\":\"Shop\",\"item\":\"https:\\\/\\\/green-chough-870564.hostingersite.com\\\/shop\\\/\"},{\"@type\":\"ListItem\",\"position\":3,\"name\":\"Citrin-Armband &#8211; Sonnenkraft\"}]},{\"@type\":\"WebSite\",\"@id\":\"https:\\\/\\\/green-chough-870564.hostingersite.com\\\/#website\",\"url\":\"https:\\\/\\\/green-chough-870564.hostingersite.com\\\/\",\"name\":\"Spirit Dust\",\"description\":\"Bi\u017cuteria z Miedzi, Srebra i Kamieni Naturalnych\",\"publisher\":{\"@id\":\"https:\\\/\\\/green-chough-870564.hostingersite.com\\\/#organization\"},\"potentialAction\":[{\"@type\":\"SearchAction\",\"target\":{\"@type\":\"EntryPoint\",\"urlTemplate\":\"https:\\\/\\\/green-chough-870564.hostingersite.com\\\/?s={search_term_string}\"},\"query-input\":{\"@type\":\"PropertyValueSpecification\",\"valueRequired\":true,\"valueName\":\"search_term_string\"}}],\"inLanguage\":\"de\"},{\"@type\":\"Organization\",\"@id\":\"https:\\\/\\\/green-chough-870564.hostingersite.com\\\/#organization\",\"name\":\"Geisterstaub\",\"url\":\"https:\\\/\\\/green-chough-870564.hostingersite.com\\\/\",\"logo\":{\"@type\":\"ImageObject\",\"inLanguage\":\"de\",\"@id\":\"https:\\\/\\\/green-chough-870564.hostingersite.com\\\/#\\\/schema\\\/logo\\\/image\\\/\",\"url\":\"https:\\\/\\\/spiritdust.pl\\\/wp-content\\\/uploads\\\/2026\\\/01\\\/logo-sd.png\",\"contentUrl\":\"https:\\\/\\\/spiritdust.pl\\\/wp-content\\\/uploads\\\/2026\\\/01\\\/logo-sd.png\",\"width\":251,\"height\":368,\"caption\":\"Geisterstaub\"},\"image\":{\"@id\":\"https:\\\/\\\/green-chough-870564.hostingersite.com\\\/#\\\/schema\\\/logo\\\/image\\\/\"},\"sameAs\":[\"https:\\\/\\\/www.facebook.com\\\/spiritdustmj\\\/\",\"https:\\\/\\\/instagram.com\\\/spirit__dust\"]}]}<\/script>\n<!-- \/ Yoast SEO plugin. -->","yoast_head_json":{"title":"Citrin-Armband - Sonnenkraft - Spirit Dust","description":"Das Citrin-, Tigerauge- und schwarze Turmalin-Armband vereint nat\u00fcrliche Eleganz und energetische Vorteile, spendet Charme und Balance.","robots":{"index":"index","follow":"follow","max-snippet":"max-snippet:-1","max-image-preview":"max-image-preview:large","max-video-preview":"max-video-preview:-1"},"canonical":"https:\/\/spiritdust.pl\/de\/produkt\/citrin-armband-sonnenkraft\/","og_locale":"de_DE","og_type":"article","og_title":"Citrin-Armband - Sonnenkraft - Spirit Dust","og_description":"Das Citrin-, Tigerauge- und schwarze Turmalin-Armband vereint nat\u00fcrliche Eleganz und energetische Vorteile, spendet Charme und Balance.","og_url":"https:\/\/spiritdust.pl\/de\/produkt\/citrin-armband-sonnenkraft\/","og_site_name":"Spirit Dust","article_publisher":"https:\/\/www.facebook.com\/spiritdustmj\/","og_image":[{"width":1500,"height":1500,"url":"https:\/\/green-chough-870564.hostingersite.com\/wp-content\/uploads\/2026\/01\/DSC00913-2-Niestandardowe.jpeg","type":"image\/jpeg"}],"twitter_card":"summary_large_image","twitter_misc":{"Gesch\u00e4tzte Lesezeit":"1\u00a0Minute"},"schema":{"@context":"https:\/\/schema.org","@graph":[{"@type":"WebPage","@id":"https:\/\/spiritdust.pl\/de\/produkt\/citrin-armband-sonnenkraft\/","url":"https:\/\/spiritdust.pl\/de\/produkt\/citrin-armband-sonnenkraft\/","name":"Citrin-Armband - Sonnenkraft - Spirit Dust","isPartOf":{"@id":"https:\/\/green-chough-870564.hostingersite.com\/#website"},"primaryImageOfPage":{"@id":"https:\/\/spiritdust.pl\/de\/produkt\/citrin-armband-sonnenkraft\/#primaryimage"},"image":{"@id":"https:\/\/spiritdust.pl\/de\/produkt\/citrin-armband-sonnenkraft\/#primaryimage"},"thumbnailUrl":"https:\/\/spiritdust.pl\/wp-content\/uploads\/2026\/01\/DSC00913-2-Niestandardowe.jpeg","datePublished":"2026-01-26T09:15:07+00:00","description":"Das Citrin-, Tigerauge- und schwarze Turmalin-Armband vereint nat\u00fcrliche Eleganz und energetische Vorteile, spendet Charme und Balance.","breadcrumb":{"@id":"https:\/\/spiritdust.pl\/de\/produkt\/citrin-armband-sonnenkraft\/#breadcrumb"},"inLanguage":"de","potentialAction":[{"@type":"ReadAction","target":["https:\/\/spiritdust.pl\/de\/produkt\/citrin-armband-sonnenkraft\/"]}]},{"@type":"ImageObject","inLanguage":"de","@id":"https:\/\/spiritdust.pl\/de\/produkt\/citrin-armband-sonnenkraft\/#primaryimage","url":"https:\/\/spiritdust.pl\/wp-content\/uploads\/2026\/01\/DSC00913-2-Niestandardowe.jpeg","contentUrl":"https:\/\/spiritdust.pl\/wp-content\/uploads\/2026\/01\/DSC00913-2-Niestandardowe.jpeg","width":1500,"height":1500},{"@type":"BreadcrumbList","@id":"https:\/\/spiritdust.pl\/de\/produkt\/citrin-armband-sonnenkraft\/#breadcrumb","itemListElement":[{"@type":"ListItem","position":1,"name":"Strona g\u0142\u00f3wna","item":"https:\/\/spiritdust.pl\/de\/spirit-dust-schmuck-aus-kupfer-silber-und-natursteinen\/"},{"@type":"ListItem","position":2,"name":"Shop","item":"https:\/\/green-chough-870564.hostingersite.com\/shop\/"},{"@type":"ListItem","position":3,"name":"Citrin-Armband &#8211; Sonnenkraft"}]},{"@type":"WebSite","@id":"https:\/\/green-chough-870564.hostingersite.com\/#website","url":"https:\/\/green-chough-870564.hostingersite.com\/","name":"Spirit Dust","description":"Bi\u017cuteria z Miedzi, Srebra i Kamieni Naturalnych","publisher":{"@id":"https:\/\/green-chough-870564.hostingersite.com\/#organization"},"potentialAction":[{"@type":"SearchAction","target":{"@type":"EntryPoint","urlTemplate":"https:\/\/green-chough-870564.hostingersite.com\/?s={search_term_string}"},"query-input":{"@type":"PropertyValueSpecification","valueRequired":true,"valueName":"search_term_string"}}],"inLanguage":"de"},{"@type":"Organization","@id":"https:\/\/green-chough-870564.hostingersite.com\/#organization","name":"Geisterstaub","url":"https:\/\/green-chough-870564.hostingersite.com\/","logo":{"@type":"ImageObject","inLanguage":"de","@id":"https:\/\/green-chough-870564.hostingersite.com\/#\/schema\/logo\/image\/","url":"https:\/\/spiritdust.pl\/wp-content\/uploads\/2026\/01\/logo-sd.png","contentUrl":"https:\/\/spiritdust.pl\/wp-content\/uploads\/2026\/01\/logo-sd.png","width":251,"height":368,"caption":"Geisterstaub"},"image":{"@id":"https:\/\/green-chough-870564.hostingersite.com\/#\/schema\/logo\/image\/"},"sameAs":["https:\/\/www.facebook.com\/spiritdustmj\/","https:\/\/instagram.com\/spirit__dust"]}]}},"_links":{"self":[{"href":"https:\/\/spiritdust.pl\/de\/wp-json\/wp\/v2\/product\/2029","targetHints":{"allow":["GET"]}}],"collection":[{"href":"https:\/\/spiritdust.pl\/de\/wp-json\/wp\/v2\/product"}],"about":[{"href":"https:\/\/spiritdust.pl\/de\/wp-json\/wp\/v2\/types\/product"}],"version-history":[{"count":0,"href":"https:\/\/spiritdust.pl\/de\/wp-json\/wp\/v2\/product\/2029\/revisions"}],"wp:featuredmedia":[{"embeddable":true,"href":"https:\/\/spiritdust.pl\/de\/wp-json\/wp\/v2\/media\/2036"}],"wp:attachment":[{"href":"https:\/\/spiritdust.pl\/de\/wp-json\/wp\/v2\/media?parent=2029"}],"wp:term":[{"taxonomy":"product_brand","embeddable":true,"href":"https:\/\/spiritdust.pl\/de\/wp-json\/wp\/v2\/product_brand?post=2029"},{"taxonomy":"product_cat","embeddable":true,"href":"https:\/\/spiritdust.pl\/de\/wp-json\/wp\/v2\/product_cat?post=2029"},{"taxonomy":"product_tag","embeddable":true,"href":"https:\/\/spiritdust.pl\/de\/wp-json\/wp\/v2\/product_tag?post=2029"}],"curies":[{"name":"wp","href":"https:\/\/api.w.org\/{rel}","templated":true}]}}