{"id":2070,"date":"2026-01-26T09:15:07","date_gmt":"2026-01-26T09:15:07","guid":{"rendered":"https:\/\/spiritdust.pl\/produkt\/armband-mit-gruenem-kyanit-und-moosachat-naturkollektion\/"},"modified":"2026-01-26T09:15:07","modified_gmt":"2026-01-26T09:15:07","slug":"armband-mit-gruenem-kyanit-und-moosachat-naturkollektion","status":"publish","type":"product","link":"https:\/\/spiritdust.pl\/de\/produkt\/armband-mit-gruenem-kyanit-und-moosachat-naturkollektion\/","title":{"rendered":"Armband mit gr\u00fcnem Kyanit und Moosachat &#8211; Naturkollektion"},"content":{"rendered":"<p><b>Gr\u00fcner Kyanit<\/b> &#8211; ist ein Stein der Harmonie, der helfen kann, Emotionen auszugleichen und das Herz f\u00fcr die Liebe zu \u00f6ffnen. Er f\u00f6rdert Kommunikation, pers\u00f6nliche Transformation und die Verbindung zur Natur. Er kann auch im Prozess der emotionalen Heilung und beim \u00dcberwinden psychischer Blockaden unterst\u00fctzen.  <\/p>\n<p><strong style=\"font-family: var(--wp--preset--font-family--font-main)\">Moosachat &#8211; <\/strong><span style=\"font-family: var(--wp--preset--font-family--font-main)\">er hat subtile, pastellfarbene Nuancen, die ein Gef\u00fchl von Leichtigkeit und Zartheit vermitteln. Er wird mit Schutz und Stabilit\u00e4t assoziiert und f\u00f6rdert das innere Gleichgewicht.<\/span><\/p>\n<p><strong>Indischer Achat &#8211;<\/strong> zeichnet sich durch warme, erdige T\u00f6ne aus. Er ist ein Symbol f\u00fcr den Geist der Zusammenarbeit und Gemeinschaft und f\u00f6rdert das Gef\u00fchl der Einheit mit deiner Umgebung. <\/p>\n<p><strong>H\u00e4matit &#8211; <\/strong>ist ein Stein mit silbrigem Glanz, der innere St\u00e4rke und Mut symbolisiert. Er hilft, das Selbstvertrauen zu st\u00e4rken und das emotionale Gleichgewicht zu bewahren. <\/p>\n<p>&nbsp;<\/p>\n<p>Ein einzigartiges Armband, mit Leidenschaft und Liebe zum Detail gefertigt. Es besteht aus verschiedenen Natursteinen, die eine harmonische Komposition mit wundersch\u00f6nem Aussehen und energetischen Eigenschaften bilden. <\/p>\n<p>Dieses Armband ist nicht nur ein wundersch\u00f6nes Schmuckst\u00fcck, sondern tr\u00e4gt auch eine tiefere Bedeutung und Energie in sich. Seine vielf\u00e4ltigen Steine bilden eine synergetische Verbindung, die deine ruhige Pr\u00e4senz, emotionales Gleichgewicht und eine positive Wahrnehmung der umgebenden Welt unterst\u00fctzen kann. M\u00f6ge es dich als Ausdruck deines Stils und deiner inneren Harmonie begleiten.  <\/p>\n","protected":false},"excerpt":{"rendered":"<p class=\"p1\">Hier ist ein einzigartiges Armband mit <strong>gr\u00fcnem Kyanit<\/strong>, <strong>Moosachat<\/strong>, <strong>indischem Achat<\/strong>, <strong>H\u00e4matit<\/strong> und Zwischenst\u00fccken. Kyanit bringt Ruhe, Moosachat verleiht Zartheit, indischer Achat symbolisiert Gemeinschaft, H\u00e4matit st\u00e4rkt die innere Kraft, und die Zwischenst\u00fccke verleihen Eleganz. Es ist nicht nur ein wundersch\u00f6nes Schmuckst\u00fcck, sondern auch eine Quelle des Gleichgewichts und positiver Energie.  <\/p>\n<p>Das Armband ist verstellbar, sodass du es an dein Handgelenk anpassen kannst.<\/p>\n<p class=\"p1\">Ich verpacke den Schmuck in einer dekorativen Schachtel und lege jeder Bestellung einen Beutel sowie zuf\u00e4llige Aufkleber als Geschenk bei. \u2728<\/p>\n<p>&nbsp;<\/p>\n<p><strong data-start=\"1081\" data-end=\"1127\">Das Armband wird speziell f\u00fcr dich angefertigt<\/strong> \u2013 du kannst die Farbe der Zwischenst\u00fccke bei der Bestellung w\u00e4hlen.<br data-start=\"1187\" data-end=\"1190\">Aus diesem Grund handelt es sich um ein personalisiertes Produkt, das <strong data-start=\"1246\" data-end=\"1270\">vom Umtausch ausgeschlossen ist<\/strong>, gem\u00e4\u00df den geltenden Bestimmungen.<\/p>\n","protected":false},"featured_media":2071,"template":"","meta":{"inline_featured_image":false},"product_brand":[],"product_cat":[168,167],"product_tag":[231,169,232],"class_list":{"0":"post-2070","1":"product","2":"type-product","3":"status-publish","4":"has-post-thumbnail","6":"product_cat-armbander","7":"product_cat-schmuck","8":"product_tag-achat","9":"product_tag-hamatit","10":"product_tag-kyanit","12":"first","13":"instock","14":"taxable","15":"shipping-taxable","16":"purchasable","17":"product-type-simple"},"yoast_head":"<!-- This site is optimized with the Yoast SEO plugin v27.5 - https:\/\/yoast.com\/product\/yoast-seo-wordpress\/ -->\n<title>Entdecke die sch\u00fctzende Kraft des schwarzen Turmalin-Armbands<\/title>\n<meta name=\"description\" content=\"Entdecke die sch\u00fctzende Kraft des Armbands mit gr\u00fcnem Kyanit, Moosachat und H\u00e4matit. Es sch\u00fctzt vor negativen Energien und st\u00e4rkt das Wohlbefinden.\" \/>\n<meta name=\"robots\" content=\"index, follow, max-snippet:-1, max-image-preview:large, max-video-preview:-1\" \/>\n<link rel=\"canonical\" href=\"https:\/\/spiritdust.pl\/de\/produkt\/armband-mit-gruenem-kyanit-und-moosachat-naturkollektion\/\" \/>\n<meta property=\"og:locale\" content=\"de_DE\" \/>\n<meta property=\"og:type\" content=\"article\" \/>\n<meta property=\"og:title\" content=\"Entdecke die sch\u00fctzende Kraft des schwarzen Turmalin-Armbands\" \/>\n<meta property=\"og:description\" content=\"Entdecke die sch\u00fctzende Kraft des Armbands mit gr\u00fcnem Kyanit, Moosachat und H\u00e4matit. Es sch\u00fctzt vor negativen Energien und st\u00e4rkt das Wohlbefinden.\" \/>\n<meta property=\"og:url\" content=\"https:\/\/spiritdust.pl\/de\/produkt\/armband-mit-gruenem-kyanit-und-moosachat-naturkollektion\/\" \/>\n<meta property=\"og:site_name\" content=\"Spirit Dust\" \/>\n<meta property=\"article:publisher\" content=\"https:\/\/www.facebook.com\/spiritdustmj\/\" \/>\n<meta property=\"og:image\" content=\"http:\/\/spiritdust.pl\/wp-content\/uploads\/2026\/01\/DSC01631-Niestandardowe.jpg\" \/>\n\t<meta property=\"og:image:width\" content=\"1500\" \/>\n\t<meta property=\"og:image:height\" content=\"1500\" \/>\n\t<meta property=\"og:image:type\" content=\"image\/jpeg\" \/>\n<meta name=\"twitter:card\" content=\"summary_large_image\" \/>\n<meta name=\"twitter:label1\" content=\"Gesch\u00e4tzte Lesezeit\" \/>\n\t<meta name=\"twitter:data1\" content=\"1\u00a0Minute\" \/>\n<script type=\"application\/ld+json\" class=\"yoast-schema-graph\">{\"@context\":\"https:\\\/\\\/schema.org\",\"@graph\":[{\"@type\":\"WebPage\",\"@id\":\"https:\\\/\\\/spiritdust.pl\\\/de\\\/produkt\\\/armband-mit-gruenem-kyanit-und-moosachat-naturkollektion\\\/\",\"url\":\"https:\\\/\\\/spiritdust.pl\\\/de\\\/produkt\\\/armband-mit-gruenem-kyanit-und-moosachat-naturkollektion\\\/\",\"name\":\"Entdecke die sch\u00fctzende Kraft des schwarzen Turmalin-Armbands\",\"isPartOf\":{\"@id\":\"https:\\\/\\\/green-chough-870564.hostingersite.com\\\/#website\"},\"primaryImageOfPage\":{\"@id\":\"https:\\\/\\\/spiritdust.pl\\\/de\\\/produkt\\\/armband-mit-gruenem-kyanit-und-moosachat-naturkollektion\\\/#primaryimage\"},\"image\":{\"@id\":\"https:\\\/\\\/spiritdust.pl\\\/de\\\/produkt\\\/armband-mit-gruenem-kyanit-und-moosachat-naturkollektion\\\/#primaryimage\"},\"thumbnailUrl\":\"https:\\\/\\\/spiritdust.pl\\\/wp-content\\\/uploads\\\/2026\\\/01\\\/DSC01631-Niestandardowe.jpg\",\"datePublished\":\"2026-01-26T09:15:07+00:00\",\"description\":\"Entdecke die sch\u00fctzende Kraft des Armbands mit gr\u00fcnem Kyanit, Moosachat und H\u00e4matit. Es sch\u00fctzt vor negativen Energien und st\u00e4rkt das Wohlbefinden.\",\"breadcrumb\":{\"@id\":\"https:\\\/\\\/spiritdust.pl\\\/de\\\/produkt\\\/armband-mit-gruenem-kyanit-und-moosachat-naturkollektion\\\/#breadcrumb\"},\"inLanguage\":\"de\",\"potentialAction\":[{\"@type\":\"ReadAction\",\"target\":[\"https:\\\/\\\/spiritdust.pl\\\/de\\\/produkt\\\/armband-mit-gruenem-kyanit-und-moosachat-naturkollektion\\\/\"]}]},{\"@type\":\"ImageObject\",\"inLanguage\":\"de\",\"@id\":\"https:\\\/\\\/spiritdust.pl\\\/de\\\/produkt\\\/armband-mit-gruenem-kyanit-und-moosachat-naturkollektion\\\/#primaryimage\",\"url\":\"https:\\\/\\\/spiritdust.pl\\\/wp-content\\\/uploads\\\/2026\\\/01\\\/DSC01631-Niestandardowe.jpg\",\"contentUrl\":\"https:\\\/\\\/spiritdust.pl\\\/wp-content\\\/uploads\\\/2026\\\/01\\\/DSC01631-Niestandardowe.jpg\",\"width\":1500,\"height\":1500},{\"@type\":\"BreadcrumbList\",\"@id\":\"https:\\\/\\\/spiritdust.pl\\\/de\\\/produkt\\\/armband-mit-gruenem-kyanit-und-moosachat-naturkollektion\\\/#breadcrumb\",\"itemListElement\":[{\"@type\":\"ListItem\",\"position\":1,\"name\":\"Strona g\u0142\u00f3wna\",\"item\":\"https:\\\/\\\/spiritdust.pl\\\/de\\\/spirit-dust-schmuck-aus-kupfer-silber-und-natursteinen\\\/\"},{\"@type\":\"ListItem\",\"position\":2,\"name\":\"Shop\",\"item\":\"https:\\\/\\\/green-chough-870564.hostingersite.com\\\/shop\\\/\"},{\"@type\":\"ListItem\",\"position\":3,\"name\":\"Armband mit gr\u00fcnem Kyanit und Moosachat &#8211; Naturkollektion\"}]},{\"@type\":\"WebSite\",\"@id\":\"https:\\\/\\\/green-chough-870564.hostingersite.com\\\/#website\",\"url\":\"https:\\\/\\\/green-chough-870564.hostingersite.com\\\/\",\"name\":\"Spirit Dust\",\"description\":\"Bi\u017cuteria z Miedzi, Srebra i Kamieni Naturalnych\",\"publisher\":{\"@id\":\"https:\\\/\\\/green-chough-870564.hostingersite.com\\\/#organization\"},\"potentialAction\":[{\"@type\":\"SearchAction\",\"target\":{\"@type\":\"EntryPoint\",\"urlTemplate\":\"https:\\\/\\\/green-chough-870564.hostingersite.com\\\/?s={search_term_string}\"},\"query-input\":{\"@type\":\"PropertyValueSpecification\",\"valueRequired\":true,\"valueName\":\"search_term_string\"}}],\"inLanguage\":\"de\"},{\"@type\":\"Organization\",\"@id\":\"https:\\\/\\\/green-chough-870564.hostingersite.com\\\/#organization\",\"name\":\"Geisterstaub\",\"url\":\"https:\\\/\\\/green-chough-870564.hostingersite.com\\\/\",\"logo\":{\"@type\":\"ImageObject\",\"inLanguage\":\"de\",\"@id\":\"https:\\\/\\\/green-chough-870564.hostingersite.com\\\/#\\\/schema\\\/logo\\\/image\\\/\",\"url\":\"https:\\\/\\\/spiritdust.pl\\\/wp-content\\\/uploads\\\/2026\\\/01\\\/logo-sd.png\",\"contentUrl\":\"https:\\\/\\\/spiritdust.pl\\\/wp-content\\\/uploads\\\/2026\\\/01\\\/logo-sd.png\",\"width\":251,\"height\":368,\"caption\":\"Geisterstaub\"},\"image\":{\"@id\":\"https:\\\/\\\/green-chough-870564.hostingersite.com\\\/#\\\/schema\\\/logo\\\/image\\\/\"},\"sameAs\":[\"https:\\\/\\\/www.facebook.com\\\/spiritdustmj\\\/\",\"https:\\\/\\\/instagram.com\\\/spirit__dust\"]}]}<\/script>\n<!-- \/ Yoast SEO plugin. -->","yoast_head_json":{"title":"Entdecke die sch\u00fctzende Kraft des schwarzen Turmalin-Armbands","description":"Entdecke die sch\u00fctzende Kraft des Armbands mit gr\u00fcnem Kyanit, Moosachat und H\u00e4matit. Es sch\u00fctzt vor negativen Energien und st\u00e4rkt das Wohlbefinden.","robots":{"index":"index","follow":"follow","max-snippet":"max-snippet:-1","max-image-preview":"max-image-preview:large","max-video-preview":"max-video-preview:-1"},"canonical":"https:\/\/spiritdust.pl\/de\/produkt\/armband-mit-gruenem-kyanit-und-moosachat-naturkollektion\/","og_locale":"de_DE","og_type":"article","og_title":"Entdecke die sch\u00fctzende Kraft des schwarzen Turmalin-Armbands","og_description":"Entdecke die sch\u00fctzende Kraft des Armbands mit gr\u00fcnem Kyanit, Moosachat und H\u00e4matit. Es sch\u00fctzt vor negativen Energien und st\u00e4rkt das Wohlbefinden.","og_url":"https:\/\/spiritdust.pl\/de\/produkt\/armband-mit-gruenem-kyanit-und-moosachat-naturkollektion\/","og_site_name":"Spirit Dust","article_publisher":"https:\/\/www.facebook.com\/spiritdustmj\/","og_image":[{"width":1500,"height":1500,"url":"http:\/\/spiritdust.pl\/wp-content\/uploads\/2026\/01\/DSC01631-Niestandardowe.jpg","type":"image\/jpeg"}],"twitter_card":"summary_large_image","twitter_misc":{"Gesch\u00e4tzte Lesezeit":"1\u00a0Minute"},"schema":{"@context":"https:\/\/schema.org","@graph":[{"@type":"WebPage","@id":"https:\/\/spiritdust.pl\/de\/produkt\/armband-mit-gruenem-kyanit-und-moosachat-naturkollektion\/","url":"https:\/\/spiritdust.pl\/de\/produkt\/armband-mit-gruenem-kyanit-und-moosachat-naturkollektion\/","name":"Entdecke die sch\u00fctzende Kraft des schwarzen Turmalin-Armbands","isPartOf":{"@id":"https:\/\/green-chough-870564.hostingersite.com\/#website"},"primaryImageOfPage":{"@id":"https:\/\/spiritdust.pl\/de\/produkt\/armband-mit-gruenem-kyanit-und-moosachat-naturkollektion\/#primaryimage"},"image":{"@id":"https:\/\/spiritdust.pl\/de\/produkt\/armband-mit-gruenem-kyanit-und-moosachat-naturkollektion\/#primaryimage"},"thumbnailUrl":"https:\/\/spiritdust.pl\/wp-content\/uploads\/2026\/01\/DSC01631-Niestandardowe.jpg","datePublished":"2026-01-26T09:15:07+00:00","description":"Entdecke die sch\u00fctzende Kraft des Armbands mit gr\u00fcnem Kyanit, Moosachat und H\u00e4matit. Es sch\u00fctzt vor negativen Energien und st\u00e4rkt das Wohlbefinden.","breadcrumb":{"@id":"https:\/\/spiritdust.pl\/de\/produkt\/armband-mit-gruenem-kyanit-und-moosachat-naturkollektion\/#breadcrumb"},"inLanguage":"de","potentialAction":[{"@type":"ReadAction","target":["https:\/\/spiritdust.pl\/de\/produkt\/armband-mit-gruenem-kyanit-und-moosachat-naturkollektion\/"]}]},{"@type":"ImageObject","inLanguage":"de","@id":"https:\/\/spiritdust.pl\/de\/produkt\/armband-mit-gruenem-kyanit-und-moosachat-naturkollektion\/#primaryimage","url":"https:\/\/spiritdust.pl\/wp-content\/uploads\/2026\/01\/DSC01631-Niestandardowe.jpg","contentUrl":"https:\/\/spiritdust.pl\/wp-content\/uploads\/2026\/01\/DSC01631-Niestandardowe.jpg","width":1500,"height":1500},{"@type":"BreadcrumbList","@id":"https:\/\/spiritdust.pl\/de\/produkt\/armband-mit-gruenem-kyanit-und-moosachat-naturkollektion\/#breadcrumb","itemListElement":[{"@type":"ListItem","position":1,"name":"Strona g\u0142\u00f3wna","item":"https:\/\/spiritdust.pl\/de\/spirit-dust-schmuck-aus-kupfer-silber-und-natursteinen\/"},{"@type":"ListItem","position":2,"name":"Shop","item":"https:\/\/green-chough-870564.hostingersite.com\/shop\/"},{"@type":"ListItem","position":3,"name":"Armband mit gr\u00fcnem Kyanit und Moosachat &#8211; Naturkollektion"}]},{"@type":"WebSite","@id":"https:\/\/green-chough-870564.hostingersite.com\/#website","url":"https:\/\/green-chough-870564.hostingersite.com\/","name":"Spirit Dust","description":"Bi\u017cuteria z Miedzi, Srebra i Kamieni Naturalnych","publisher":{"@id":"https:\/\/green-chough-870564.hostingersite.com\/#organization"},"potentialAction":[{"@type":"SearchAction","target":{"@type":"EntryPoint","urlTemplate":"https:\/\/green-chough-870564.hostingersite.com\/?s={search_term_string}"},"query-input":{"@type":"PropertyValueSpecification","valueRequired":true,"valueName":"search_term_string"}}],"inLanguage":"de"},{"@type":"Organization","@id":"https:\/\/green-chough-870564.hostingersite.com\/#organization","name":"Geisterstaub","url":"https:\/\/green-chough-870564.hostingersite.com\/","logo":{"@type":"ImageObject","inLanguage":"de","@id":"https:\/\/green-chough-870564.hostingersite.com\/#\/schema\/logo\/image\/","url":"https:\/\/spiritdust.pl\/wp-content\/uploads\/2026\/01\/logo-sd.png","contentUrl":"https:\/\/spiritdust.pl\/wp-content\/uploads\/2026\/01\/logo-sd.png","width":251,"height":368,"caption":"Geisterstaub"},"image":{"@id":"https:\/\/green-chough-870564.hostingersite.com\/#\/schema\/logo\/image\/"},"sameAs":["https:\/\/www.facebook.com\/spiritdustmj\/","https:\/\/instagram.com\/spirit__dust"]}]}},"_links":{"self":[{"href":"https:\/\/spiritdust.pl\/de\/wp-json\/wp\/v2\/product\/2070","targetHints":{"allow":["GET"]}}],"collection":[{"href":"https:\/\/spiritdust.pl\/de\/wp-json\/wp\/v2\/product"}],"about":[{"href":"https:\/\/spiritdust.pl\/de\/wp-json\/wp\/v2\/types\/product"}],"version-history":[{"count":0,"href":"https:\/\/spiritdust.pl\/de\/wp-json\/wp\/v2\/product\/2070\/revisions"}],"wp:featuredmedia":[{"embeddable":true,"href":"https:\/\/spiritdust.pl\/de\/wp-json\/wp\/v2\/media\/2071"}],"wp:attachment":[{"href":"https:\/\/spiritdust.pl\/de\/wp-json\/wp\/v2\/media?parent=2070"}],"wp:term":[{"taxonomy":"product_brand","embeddable":true,"href":"https:\/\/spiritdust.pl\/de\/wp-json\/wp\/v2\/product_brand?post=2070"},{"taxonomy":"product_cat","embeddable":true,"href":"https:\/\/spiritdust.pl\/de\/wp-json\/wp\/v2\/product_cat?post=2070"},{"taxonomy":"product_tag","embeddable":true,"href":"https:\/\/spiritdust.pl\/de\/wp-json\/wp\/v2\/product_tag?post=2070"}],"curies":[{"name":"wp","href":"https:\/\/api.w.org\/{rel}","templated":true}]}}