{"id":2121,"date":"2026-01-26T09:15:07","date_gmt":"2026-01-26T09:15:07","guid":{"rendered":"https:\/\/spiritdust.pl\/produkt\/mondsteinarmband-kraft-der-weiblichkeit\/"},"modified":"2026-01-26T09:15:07","modified_gmt":"2026-01-26T09:15:07","slug":"mondsteinarmband-kraft-der-weiblichkeit","status":"publish","type":"product","link":"https:\/\/spiritdust.pl\/de\/produkt\/mondsteinarmband-kraft-der-weiblichkeit\/","title":{"rendered":"Mondsteinarmband &#8211; Kraft der Weiblichkeit"},"content":{"rendered":"<p><strong>Mondstein<\/strong> &#8211; ist bekannt als Stein der Neuanf\u00e4nge, er bringt Einsicht und Intuition. Er hebt die Stimmung und beruhigt, st\u00e4rkt psychische F\u00e4higkeiten und d\u00e4mpft Reaktionen, was bei der Selbstanalyse hilft. <\/p>\n<p><strong>Dalmatiner Jaspis<\/strong> \u2013 ein sch\u00fctzender Stein, der alle Negativit\u00e4t in seiner Umgebung in positive Energie umwandelt. Er hilft, die eigenen St\u00e4rken und Schw\u00e4chen klarer zu erkennen. Er steigert das Gef\u00fchl der Freude und unterst\u00fctzt beim \u00dcberwinden von Barrieren.  <\/p>\n<p><strong>Rosenquarz<\/strong> \u2013 konzentriert sich auf Liebe, Vergebung und Mitgef\u00fchl. Er reduziert Stress und Anspannung. Dieser Stein bringt innere Heilung, indem er die Selbstliebe und das Selbstwertgef\u00fchl st\u00e4rkt.  <\/p>\n<p><strong>Chrysokoll<\/strong> \u2013 erm\u00f6glicht eine klare und liebevolle Kommunikation. Er wirkt wohltuend bei Angst und Stress, da er eine beruhigende und bes\u00e4nftigende Energie mit sich bringt. <\/p>\n<p><strong>Citrin <\/strong>&#8211; ist ein energetisierender Stein, der Gl\u00fcck, Mut, Hoffnung und W\u00e4rme spendet. Er steigert das Selbstwertgef\u00fchl, den Selbstausdruck und die Kreativit\u00e4t. Er ist ein m\u00e4chtiger reinigender und revitalisierender Stein. Er zieht F\u00fclle und Wohlstand in unser Leben.   <\/p>\n<p><strong>Bergkristall<\/strong> \u2013 ist bekannt als der K\u00f6nig der Steine und besitzt die st\u00e4rkste reinigende Wirkung. Er sorgt f\u00fcr Klarheit des Denkens und des Bewusstseins und beseitigt Negativit\u00e4t. <\/p>\n<p><strong>H\u00e4matit<\/strong> \u2013 ist ein Stein, der den K\u00f6rper mit Energie f\u00fcllt und belebt. Er steigert Optimismus, Entschlossenheit, Mut, Selbstwertgef\u00fchl und Willenskraft. Er unterst\u00fctzt bei Kreislaufproblemen und erh\u00f6ht den Eisenwert im Blut.  <\/p>\n","protected":false},"excerpt":{"rendered":"<p class=\"p1\"><span class=\"s1\">Armband mit <strong>Mondstein<\/strong>, <strong>Dalmatiner Jaspis<\/strong>, <strong>Rosenquarz<\/strong>, <strong>Chrysokoll<\/strong>, <strong>Citrin<\/strong>, <strong>Bergkristall<\/strong> und <strong>H\u00e4matit<\/strong>.<\/span><\/p>\n<p class=\"p1\"><span class=\"s1\">Es ist aus Natursteinen, Abstandshaltern und strapazierf\u00e4higem Polyesterfaden gefertigt. Die Weite ist verstellbar. <\/span><\/p>\n<p class=\"p1\">Ich verpacke den Schmuck in einer dekorativen Schachtel und lege jeder Bestellung einen Beutel sowie zuf\u00e4llige Aufkleber als Geschenk bei. \u2728<\/p>\n<p>&nbsp;<\/p>\n<p><strong data-start=\"1081\" data-end=\"1127\">Das Armband wird speziell f\u00fcr dich angefertigt<\/strong> \u2013 du kannst die Farbe der Zwischenst\u00fccke bei der Bestellung w\u00e4hlen.<br data-start=\"1187\" data-end=\"1190\">Daher handelt es sich um ein personalisiertes Produkt, das <strong data-start=\"1246\" data-end=\"1270\">vom Umtausch ausgeschlossen ist<\/strong>, gem\u00e4\u00df den geltenden Bestimmungen.<\/p>\n","protected":false},"featured_media":2122,"template":"","meta":{"inline_featured_image":false},"product_brand":[],"product_cat":[168,167],"product_tag":[193,240,178,169,170,171,200],"class_list":{"0":"post-2121","1":"product","2":"type-product","3":"status-publish","4":"has-post-thumbnail","6":"product_cat-armbander","7":"product_cat-schmuck","8":"product_tag-bergkristall","9":"product_tag-chrysokoll","10":"product_tag-citrin","11":"product_tag-hamatit","12":"product_tag-jaspis","13":"product_tag-mondstein","14":"product_tag-rosenquarz","16":"first","17":"instock","18":"taxable","19":"shipping-taxable","20":"purchasable","21":"product-type-variable"},"yoast_head":"<!-- This site is optimized with the Yoast SEO plugin v27.5 - https:\/\/yoast.com\/product\/yoast-seo-wordpress\/ -->\n<title>Mondsteinarmband - Kraft der Weiblichkeit - Spirit Dust<\/title>\n<meta name=\"description\" content=\"Armband mit Mondstein, Dalmatiner Jaspis, Rosenquarz und weiteren Steinen \u2013 f\u00fcr Schutz, Liebe, Energie und Willenskraft.\" \/>\n<meta name=\"robots\" content=\"index, follow, max-snippet:-1, max-image-preview:large, max-video-preview:-1\" \/>\n<link rel=\"canonical\" href=\"https:\/\/spiritdust.pl\/de\/produkt\/mondsteinarmband-kraft-der-weiblichkeit\/\" \/>\n<meta property=\"og:locale\" content=\"de_DE\" \/>\n<meta property=\"og:type\" content=\"article\" \/>\n<meta property=\"og:title\" content=\"Mondsteinarmband - Kraft der Weiblichkeit - Spirit Dust\" \/>\n<meta property=\"og:description\" content=\"Armband mit Mondstein, Dalmatiner Jaspis, Rosenquarz und weiteren Steinen \u2013 f\u00fcr Schutz, Liebe, Energie und Willenskraft.\" \/>\n<meta property=\"og:url\" content=\"https:\/\/spiritdust.pl\/de\/produkt\/mondsteinarmband-kraft-der-weiblichkeit\/\" \/>\n<meta property=\"og:site_name\" content=\"Spirit Dust\" \/>\n<meta property=\"article:publisher\" content=\"https:\/\/www.facebook.com\/spiritdustmj\/\" \/>\n<meta property=\"og:image\" content=\"http:\/\/spiritdust.pl\/wp-content\/uploads\/2026\/01\/DSC09492-Niestandardowe.jpeg\" \/>\n\t<meta property=\"og:image:width\" content=\"1500\" \/>\n\t<meta property=\"og:image:height\" content=\"1500\" \/>\n\t<meta property=\"og:image:type\" content=\"image\/jpeg\" \/>\n<meta name=\"twitter:card\" content=\"summary_large_image\" \/>\n<meta name=\"twitter:label1\" content=\"Gesch\u00e4tzte Lesezeit\" \/>\n\t<meta name=\"twitter:data1\" content=\"1\u00a0Minute\" \/>\n<script type=\"application\/ld+json\" class=\"yoast-schema-graph\">{\"@context\":\"https:\\\/\\\/schema.org\",\"@graph\":[{\"@type\":\"WebPage\",\"@id\":\"https:\\\/\\\/spiritdust.pl\\\/de\\\/produkt\\\/mondsteinarmband-kraft-der-weiblichkeit\\\/\",\"url\":\"https:\\\/\\\/spiritdust.pl\\\/de\\\/produkt\\\/mondsteinarmband-kraft-der-weiblichkeit\\\/\",\"name\":\"Mondsteinarmband - Kraft der Weiblichkeit - Spirit Dust\",\"isPartOf\":{\"@id\":\"https:\\\/\\\/green-chough-870564.hostingersite.com\\\/#website\"},\"primaryImageOfPage\":{\"@id\":\"https:\\\/\\\/spiritdust.pl\\\/de\\\/produkt\\\/mondsteinarmband-kraft-der-weiblichkeit\\\/#primaryimage\"},\"image\":{\"@id\":\"https:\\\/\\\/spiritdust.pl\\\/de\\\/produkt\\\/mondsteinarmband-kraft-der-weiblichkeit\\\/#primaryimage\"},\"thumbnailUrl\":\"https:\\\/\\\/spiritdust.pl\\\/wp-content\\\/uploads\\\/2026\\\/01\\\/DSC09492-Niestandardowe.jpeg\",\"datePublished\":\"2026-01-26T09:15:07+00:00\",\"description\":\"Armband mit Mondstein, Dalmatiner Jaspis, Rosenquarz und weiteren Steinen \u2013 f\u00fcr Schutz, Liebe, Energie und Willenskraft.\",\"breadcrumb\":{\"@id\":\"https:\\\/\\\/spiritdust.pl\\\/de\\\/produkt\\\/mondsteinarmband-kraft-der-weiblichkeit\\\/#breadcrumb\"},\"inLanguage\":\"de\",\"potentialAction\":[{\"@type\":\"ReadAction\",\"target\":[\"https:\\\/\\\/spiritdust.pl\\\/de\\\/produkt\\\/mondsteinarmband-kraft-der-weiblichkeit\\\/\"]}]},{\"@type\":\"ImageObject\",\"inLanguage\":\"de\",\"@id\":\"https:\\\/\\\/spiritdust.pl\\\/de\\\/produkt\\\/mondsteinarmband-kraft-der-weiblichkeit\\\/#primaryimage\",\"url\":\"https:\\\/\\\/spiritdust.pl\\\/wp-content\\\/uploads\\\/2026\\\/01\\\/DSC09492-Niestandardowe.jpeg\",\"contentUrl\":\"https:\\\/\\\/spiritdust.pl\\\/wp-content\\\/uploads\\\/2026\\\/01\\\/DSC09492-Niestandardowe.jpeg\",\"width\":1500,\"height\":1500},{\"@type\":\"BreadcrumbList\",\"@id\":\"https:\\\/\\\/spiritdust.pl\\\/de\\\/produkt\\\/mondsteinarmband-kraft-der-weiblichkeit\\\/#breadcrumb\",\"itemListElement\":[{\"@type\":\"ListItem\",\"position\":1,\"name\":\"Strona g\u0142\u00f3wna\",\"item\":\"https:\\\/\\\/spiritdust.pl\\\/de\\\/spirit-dust-schmuck-aus-kupfer-silber-und-natursteinen\\\/\"},{\"@type\":\"ListItem\",\"position\":2,\"name\":\"Shop\",\"item\":\"https:\\\/\\\/green-chough-870564.hostingersite.com\\\/shop\\\/\"},{\"@type\":\"ListItem\",\"position\":3,\"name\":\"Mondsteinarmband &#8211; Kraft der Weiblichkeit\"}]},{\"@type\":\"WebSite\",\"@id\":\"https:\\\/\\\/green-chough-870564.hostingersite.com\\\/#website\",\"url\":\"https:\\\/\\\/green-chough-870564.hostingersite.com\\\/\",\"name\":\"Spirit Dust\",\"description\":\"Bi\u017cuteria z Miedzi, Srebra i Kamieni Naturalnych\",\"publisher\":{\"@id\":\"https:\\\/\\\/green-chough-870564.hostingersite.com\\\/#organization\"},\"potentialAction\":[{\"@type\":\"SearchAction\",\"target\":{\"@type\":\"EntryPoint\",\"urlTemplate\":\"https:\\\/\\\/green-chough-870564.hostingersite.com\\\/?s={search_term_string}\"},\"query-input\":{\"@type\":\"PropertyValueSpecification\",\"valueRequired\":true,\"valueName\":\"search_term_string\"}}],\"inLanguage\":\"de\"},{\"@type\":\"Organization\",\"@id\":\"https:\\\/\\\/green-chough-870564.hostingersite.com\\\/#organization\",\"name\":\"Geisterstaub\",\"url\":\"https:\\\/\\\/green-chough-870564.hostingersite.com\\\/\",\"logo\":{\"@type\":\"ImageObject\",\"inLanguage\":\"de\",\"@id\":\"https:\\\/\\\/green-chough-870564.hostingersite.com\\\/#\\\/schema\\\/logo\\\/image\\\/\",\"url\":\"https:\\\/\\\/spiritdust.pl\\\/wp-content\\\/uploads\\\/2026\\\/01\\\/logo-sd.png\",\"contentUrl\":\"https:\\\/\\\/spiritdust.pl\\\/wp-content\\\/uploads\\\/2026\\\/01\\\/logo-sd.png\",\"width\":251,\"height\":368,\"caption\":\"Geisterstaub\"},\"image\":{\"@id\":\"https:\\\/\\\/green-chough-870564.hostingersite.com\\\/#\\\/schema\\\/logo\\\/image\\\/\"},\"sameAs\":[\"https:\\\/\\\/www.facebook.com\\\/spiritdustmj\\\/\",\"https:\\\/\\\/instagram.com\\\/spirit__dust\"]}]}<\/script>\n<!-- \/ Yoast SEO plugin. -->","yoast_head_json":{"title":"Mondsteinarmband - Kraft der Weiblichkeit - Spirit Dust","description":"Armband mit Mondstein, Dalmatiner Jaspis, Rosenquarz und weiteren Steinen \u2013 f\u00fcr Schutz, Liebe, Energie und Willenskraft.","robots":{"index":"index","follow":"follow","max-snippet":"max-snippet:-1","max-image-preview":"max-image-preview:large","max-video-preview":"max-video-preview:-1"},"canonical":"https:\/\/spiritdust.pl\/de\/produkt\/mondsteinarmband-kraft-der-weiblichkeit\/","og_locale":"de_DE","og_type":"article","og_title":"Mondsteinarmband - Kraft der Weiblichkeit - Spirit Dust","og_description":"Armband mit Mondstein, Dalmatiner Jaspis, Rosenquarz und weiteren Steinen \u2013 f\u00fcr Schutz, Liebe, Energie und Willenskraft.","og_url":"https:\/\/spiritdust.pl\/de\/produkt\/mondsteinarmband-kraft-der-weiblichkeit\/","og_site_name":"Spirit Dust","article_publisher":"https:\/\/www.facebook.com\/spiritdustmj\/","og_image":[{"width":1500,"height":1500,"url":"http:\/\/spiritdust.pl\/wp-content\/uploads\/2026\/01\/DSC09492-Niestandardowe.jpeg","type":"image\/jpeg"}],"twitter_card":"summary_large_image","twitter_misc":{"Gesch\u00e4tzte Lesezeit":"1\u00a0Minute"},"schema":{"@context":"https:\/\/schema.org","@graph":[{"@type":"WebPage","@id":"https:\/\/spiritdust.pl\/de\/produkt\/mondsteinarmband-kraft-der-weiblichkeit\/","url":"https:\/\/spiritdust.pl\/de\/produkt\/mondsteinarmband-kraft-der-weiblichkeit\/","name":"Mondsteinarmband - Kraft der Weiblichkeit - Spirit Dust","isPartOf":{"@id":"https:\/\/green-chough-870564.hostingersite.com\/#website"},"primaryImageOfPage":{"@id":"https:\/\/spiritdust.pl\/de\/produkt\/mondsteinarmband-kraft-der-weiblichkeit\/#primaryimage"},"image":{"@id":"https:\/\/spiritdust.pl\/de\/produkt\/mondsteinarmband-kraft-der-weiblichkeit\/#primaryimage"},"thumbnailUrl":"https:\/\/spiritdust.pl\/wp-content\/uploads\/2026\/01\/DSC09492-Niestandardowe.jpeg","datePublished":"2026-01-26T09:15:07+00:00","description":"Armband mit Mondstein, Dalmatiner Jaspis, Rosenquarz und weiteren Steinen \u2013 f\u00fcr Schutz, Liebe, Energie und Willenskraft.","breadcrumb":{"@id":"https:\/\/spiritdust.pl\/de\/produkt\/mondsteinarmband-kraft-der-weiblichkeit\/#breadcrumb"},"inLanguage":"de","potentialAction":[{"@type":"ReadAction","target":["https:\/\/spiritdust.pl\/de\/produkt\/mondsteinarmband-kraft-der-weiblichkeit\/"]}]},{"@type":"ImageObject","inLanguage":"de","@id":"https:\/\/spiritdust.pl\/de\/produkt\/mondsteinarmband-kraft-der-weiblichkeit\/#primaryimage","url":"https:\/\/spiritdust.pl\/wp-content\/uploads\/2026\/01\/DSC09492-Niestandardowe.jpeg","contentUrl":"https:\/\/spiritdust.pl\/wp-content\/uploads\/2026\/01\/DSC09492-Niestandardowe.jpeg","width":1500,"height":1500},{"@type":"BreadcrumbList","@id":"https:\/\/spiritdust.pl\/de\/produkt\/mondsteinarmband-kraft-der-weiblichkeit\/#breadcrumb","itemListElement":[{"@type":"ListItem","position":1,"name":"Strona g\u0142\u00f3wna","item":"https:\/\/spiritdust.pl\/de\/spirit-dust-schmuck-aus-kupfer-silber-und-natursteinen\/"},{"@type":"ListItem","position":2,"name":"Shop","item":"https:\/\/green-chough-870564.hostingersite.com\/shop\/"},{"@type":"ListItem","position":3,"name":"Mondsteinarmband &#8211; Kraft der Weiblichkeit"}]},{"@type":"WebSite","@id":"https:\/\/green-chough-870564.hostingersite.com\/#website","url":"https:\/\/green-chough-870564.hostingersite.com\/","name":"Spirit Dust","description":"Bi\u017cuteria z Miedzi, Srebra i Kamieni Naturalnych","publisher":{"@id":"https:\/\/green-chough-870564.hostingersite.com\/#organization"},"potentialAction":[{"@type":"SearchAction","target":{"@type":"EntryPoint","urlTemplate":"https:\/\/green-chough-870564.hostingersite.com\/?s={search_term_string}"},"query-input":{"@type":"PropertyValueSpecification","valueRequired":true,"valueName":"search_term_string"}}],"inLanguage":"de"},{"@type":"Organization","@id":"https:\/\/green-chough-870564.hostingersite.com\/#organization","name":"Geisterstaub","url":"https:\/\/green-chough-870564.hostingersite.com\/","logo":{"@type":"ImageObject","inLanguage":"de","@id":"https:\/\/green-chough-870564.hostingersite.com\/#\/schema\/logo\/image\/","url":"https:\/\/spiritdust.pl\/wp-content\/uploads\/2026\/01\/logo-sd.png","contentUrl":"https:\/\/spiritdust.pl\/wp-content\/uploads\/2026\/01\/logo-sd.png","width":251,"height":368,"caption":"Geisterstaub"},"image":{"@id":"https:\/\/green-chough-870564.hostingersite.com\/#\/schema\/logo\/image\/"},"sameAs":["https:\/\/www.facebook.com\/spiritdustmj\/","https:\/\/instagram.com\/spirit__dust"]}]}},"_links":{"self":[{"href":"https:\/\/spiritdust.pl\/de\/wp-json\/wp\/v2\/product\/2121","targetHints":{"allow":["GET"]}}],"collection":[{"href":"https:\/\/spiritdust.pl\/de\/wp-json\/wp\/v2\/product"}],"about":[{"href":"https:\/\/spiritdust.pl\/de\/wp-json\/wp\/v2\/types\/product"}],"version-history":[{"count":0,"href":"https:\/\/spiritdust.pl\/de\/wp-json\/wp\/v2\/product\/2121\/revisions"}],"wp:featuredmedia":[{"embeddable":true,"href":"https:\/\/spiritdust.pl\/de\/wp-json\/wp\/v2\/media\/2122"}],"wp:attachment":[{"href":"https:\/\/spiritdust.pl\/de\/wp-json\/wp\/v2\/media?parent=2121"}],"wp:term":[{"taxonomy":"product_brand","embeddable":true,"href":"https:\/\/spiritdust.pl\/de\/wp-json\/wp\/v2\/product_brand?post=2121"},{"taxonomy":"product_cat","embeddable":true,"href":"https:\/\/spiritdust.pl\/de\/wp-json\/wp\/v2\/product_cat?post=2121"},{"taxonomy":"product_tag","embeddable":true,"href":"https:\/\/spiritdust.pl\/de\/wp-json\/wp\/v2\/product_tag?post=2121"}],"curies":[{"name":"wp","href":"https:\/\/api.w.org\/{rel}","templated":true}]}}