{"id":2150,"date":"2026-01-26T09:20:48","date_gmt":"2026-01-26T09:20:48","guid":{"rendered":"https:\/\/spiritdust.pl\/produkt\/armband-mit-rhodochrosit-und-citrin-die-kraft-des-gleichgewichts\/"},"modified":"2026-01-26T09:20:48","modified_gmt":"2026-01-26T09:20:48","slug":"armband-mit-rhodochrosit-und-citrin-die-kraft-des-gleichgewichts","status":"publish","type":"product","link":"https:\/\/spiritdust.pl\/de\/produkt\/armband-mit-rhodochrosit-und-citrin-die-kraft-des-gleichgewichts\/","title":{"rendered":"Armband mit Rhodochrosit und Citrin \u2013 die Kraft des Gleichgewichts"},"content":{"rendered":"<p data-start=\"375\" data-end=\"687\"><strong data-start=\"375\" data-end=\"417\">Das Armband mit Rhodochrosit und Citrin<\/strong> vereint f\u00fcnf einzigartige Natursteine, die zusammen einen harmonischen Raum voller Ruhe, Energie und Mut schaffen. Es ist nicht nur ein Schmuckst\u00fcck, sondern auch eine energetische Unterst\u00fctzung im Alltag \u2013 besonders wenn du zu dir selbst und deinen Absichten zur\u00fcckfinden m\u00f6chtest. <\/p>\n<h4 data-start=\"689\" data-end=\"737\"><strong data-start=\"694\" data-end=\"737\">Die Kraft der Steine, die diesen Talisman bilden:<\/strong><\/h4>\n<ul data-start=\"739\" data-end=\"1577\">\n<li data-start=\"739\" data-end=\"933\">\n<p data-start=\"741\" data-end=\"933\"><strong data-start=\"741\" data-end=\"756\">Rhodochrosit<\/strong> ist ein Stein der Liebe und emotionalen Heilung. Er erleichtert das \u00d6ffnen f\u00fcr Gef\u00fchle, beruhigt und lindert Spannungen. Deshalb wird er oft als Verb\u00fcndeter des Herzens in Zeiten der Transformation bezeichnet.  <\/p>\n<\/li>\n<li data-start=\"934\" data-end=\"1099\">\n<p data-start=\"936\" data-end=\"1099\"><strong data-start=\"936\" data-end=\"947\">Rhodonit<\/strong> wiederum st\u00e4rkt die Selbstliebe und Beziehungen zu anderen. Zudem hilft er, schwierige Emotionen zu z\u00e4hmen und das Gleichgewicht wiederherzustellen, wenn alles zu viel erscheint. <\/p>\n<\/li>\n<li data-start=\"1100\" data-end=\"1235\">\n<p data-start=\"1102\" data-end=\"1235\"><strong data-start=\"1102\" data-end=\"1122\">Sonnenstein<\/strong> bringt Freude und hellt die Stimmung auf. Er verleiht Selbstvertrauen und st\u00e4rkt gleichzeitig die Intuition und die Motivation zum Handeln. <\/p>\n<\/li>\n<li data-start=\"1236\" data-end=\"1406\">\n<p data-start=\"1238\" data-end=\"1406\"><strong data-start=\"1238\" data-end=\"1248\">Citrin<\/strong> zieht Wohlstand, Erfolg und positive Ver\u00e4nderungen an. Er f\u00f6rdert die Konzentration, steigert die Lebensenergie und erinnert dich daran, dass das, was du dir w\u00fcnschst, zum Greifen nah ist. <\/p>\n<\/li>\n<li data-start=\"1407\" data-end=\"1577\">\n<p data-start=\"1409\" data-end=\"1577\"><strong data-start=\"1409\" data-end=\"1420\">H\u00e4matit<\/strong> erdet, sch\u00fctzt und st\u00e4rkt. Er hilft, Ziele zu manifestieren, reinigt von negativen Einfl\u00fcssen und verleiht Mut \u2013 besonders wenn du Erdung brauchst. <\/p>\n<\/li>\n<\/ul>\n<h4 data-start=\"1579\" data-end=\"1617\"><strong data-start=\"1584\" data-end=\"1617\">F\u00fcr wen ist dieses Armband?<\/strong><\/h4>\n<p data-start=\"1619\" data-end=\"1865\">Dies ist ein Vorschlag f\u00fcr Menschen, die ihr emotionales Gleichgewicht wiederfinden und mehr innere Ruhe sp\u00fcren m\u00f6chten. Es eignet sich hervorragend, wenn du dich in einem Ver\u00e4nderungsprozess befindest, mehr Harmonie in Beziehungen suchst oder einfach deine Energie im Alltag unterst\u00fctzen m\u00f6chtest. <\/p>\n<h4 data-start=\"1867\" data-end=\"1899\"><strong data-start=\"1872\" data-end=\"1899\">Warum solltest du es haben?<\/strong><\/h4>\n<p data-start=\"1901\" data-end=\"2231\">Dieser subtile Talisman ist nicht nur Sch\u00f6nheit in Reinform. Das Armband mit Rhodochrosit und Citrin wirkt vielschichtig: Es harmonisiert, sch\u00fctzt und motiviert. Wichtig ist, dass seine nat\u00fcrliche Kraft dich daran erinnert, dass du gleichzeitig sensibel und stark, sanft und ausdauernd sein kannst. Wenn du also sp\u00fcrst, dass dies der richtige Moment ist, greife nach der Unterst\u00fctzung der Natur.   <\/p>\n<h4 data-start=\"2233\" data-end=\"2261\"><strong data-start=\"2238\" data-end=\"2261\">Erfahre mehr:<\/strong><\/h4>\n<p data-start=\"2263\" data-end=\"2420\">Sieh dir andere <a class=\"cursor-pointer\" href=\"https:\/\/spiritdust.pl\/kategoria-produktu\/bizuteria\/bransoletki\/?v=288404204e3d\" target=\"_blank\" rel=\"noopener\" data-start=\"2275\" data-end=\"2365\">Armb\u00e4nder aus Natursteinen<\/a> an und pr\u00fcfe, welche Steine am meisten mit dir resonieren.<\/p>\n","protected":false},"excerpt":{"rendered":"<p data-start=\"642\" data-end=\"765\">Armband mit Rhodochrosit und Citrin \u2013 ein subtiler Talisman, der Selbstliebe, Konzentration und emotionales Gleichgewicht unterst\u00fctzt.<\/p>\n<p>Die Weite ist durch einen Schiebeknoten verstellbar.<\/p>\n<p class=\"p1\">Ich verpacke den Schmuck sorgf\u00e4ltig in einer dekorativen Schachtel, sodass er sofort als Geschenk bereit ist.<\/p>\n<p>&nbsp;<\/p>\n<p><strong data-start=\"1081\" data-end=\"1127\">Das Armband wird speziell f\u00fcr dich angefertigt<\/strong> \u2013 du kannst die Farbe der Zwischenst\u00fccke bei der Bestellung w\u00e4hlen.<br data-start=\"1187\" data-end=\"1190\">Aus diesem Grund handelt es sich um ein personalisiertes Produkt, das <strong data-start=\"1246\" data-end=\"1270\">vom Umtausch ausgeschlossen ist<\/strong>, gem\u00e4\u00df den geltenden Bestimmungen.<\/p>\n","protected":false},"featured_media":2151,"template":"","meta":{"inline_featured_image":false},"product_brand":[],"product_cat":[168,167],"product_tag":[178,169,249,216,217],"class_list":{"0":"post-2150","1":"product","2":"type-product","3":"status-publish","4":"has-post-thumbnail","6":"product_cat-armbander","7":"product_cat-schmuck","8":"product_tag-citrin","9":"product_tag-hamatit","10":"product_tag-rhodochrosit","11":"product_tag-rhodonit","12":"product_tag-sonnenstein","14":"first","15":"instock","16":"taxable","17":"shipping-taxable","18":"purchasable","19":"product-type-variable"},"yoast_head":"<!-- This site is optimized with the Yoast SEO plugin v27.5 - https:\/\/yoast.com\/product\/yoast-seo-wordpress\/ -->\n<title>Armband mit Rhodochrosit und Citrin \u2013 die Kraft des Gleichgewichts - Spirit Dust<\/title>\n<meta name=\"description\" content=\"Das Armband mit Rhodochrosit und Citrin ist ein Talisman f\u00fcr Gleichgewicht und Mut, der die Selbstliebe f\u00f6rdert, Emotionen heilt und positive Ver\u00e4nderungen anzieht.\" \/>\n<meta name=\"robots\" content=\"index, follow, max-snippet:-1, max-image-preview:large, max-video-preview:-1\" \/>\n<link rel=\"canonical\" href=\"https:\/\/spiritdust.pl\/de\/produkt\/armband-mit-rhodochrosit-und-citrin-die-kraft-des-gleichgewichts\/\" \/>\n<meta property=\"og:locale\" content=\"de_DE\" \/>\n<meta property=\"og:type\" content=\"article\" \/>\n<meta property=\"og:title\" content=\"Armband mit Rhodochrosit und Citrin \u2013 die Kraft des Gleichgewichts - Spirit Dust\" \/>\n<meta property=\"og:description\" content=\"Das Armband mit Rhodochrosit und Citrin ist ein Talisman f\u00fcr Gleichgewicht und Mut, der die Selbstliebe f\u00f6rdert, Emotionen heilt und positive Ver\u00e4nderungen anzieht.\" \/>\n<meta property=\"og:url\" content=\"https:\/\/spiritdust.pl\/de\/produkt\/armband-mit-rhodochrosit-und-citrin-die-kraft-des-gleichgewichts\/\" \/>\n<meta property=\"og:site_name\" content=\"Spirit Dust\" \/>\n<meta property=\"article:publisher\" content=\"https:\/\/www.facebook.com\/spiritdustmj\/\" \/>\n<meta property=\"og:image\" content=\"https:\/\/spiritdust.pl\/wp-content\/uploads\/2026\/01\/DSC06258.jpg\" \/>\n\t<meta property=\"og:image:width\" content=\"1088\" \/>\n\t<meta property=\"og:image:height\" content=\"1080\" \/>\n\t<meta property=\"og:image:type\" content=\"image\/jpeg\" \/>\n<meta name=\"twitter:card\" content=\"summary_large_image\" \/>\n<meta name=\"twitter:label1\" content=\"Gesch\u00e4tzte Lesezeit\" \/>\n\t<meta name=\"twitter:data1\" content=\"2\u00a0Minuten\" \/>\n<script type=\"application\/ld+json\" class=\"yoast-schema-graph\">{\"@context\":\"https:\\\/\\\/schema.org\",\"@graph\":[{\"@type\":\"WebPage\",\"@id\":\"https:\\\/\\\/spiritdust.pl\\\/de\\\/produkt\\\/armband-mit-rhodochrosit-und-citrin-die-kraft-des-gleichgewichts\\\/\",\"url\":\"https:\\\/\\\/spiritdust.pl\\\/de\\\/produkt\\\/armband-mit-rhodochrosit-und-citrin-die-kraft-des-gleichgewichts\\\/\",\"name\":\"Armband mit Rhodochrosit und Citrin \u2013 die Kraft des Gleichgewichts - Spirit Dust\",\"isPartOf\":{\"@id\":\"https:\\\/\\\/green-chough-870564.hostingersite.com\\\/#website\"},\"primaryImageOfPage\":{\"@id\":\"https:\\\/\\\/spiritdust.pl\\\/de\\\/produkt\\\/armband-mit-rhodochrosit-und-citrin-die-kraft-des-gleichgewichts\\\/#primaryimage\"},\"image\":{\"@id\":\"https:\\\/\\\/spiritdust.pl\\\/de\\\/produkt\\\/armband-mit-rhodochrosit-und-citrin-die-kraft-des-gleichgewichts\\\/#primaryimage\"},\"thumbnailUrl\":\"https:\\\/\\\/spiritdust.pl\\\/wp-content\\\/uploads\\\/2026\\\/01\\\/DSC06258.jpg\",\"datePublished\":\"2026-01-26T09:20:48+00:00\",\"description\":\"Das Armband mit Rhodochrosit und Citrin ist ein Talisman f\u00fcr Gleichgewicht und Mut, der die Selbstliebe f\u00f6rdert, Emotionen heilt und positive Ver\u00e4nderungen anzieht.\",\"breadcrumb\":{\"@id\":\"https:\\\/\\\/spiritdust.pl\\\/de\\\/produkt\\\/armband-mit-rhodochrosit-und-citrin-die-kraft-des-gleichgewichts\\\/#breadcrumb\"},\"inLanguage\":\"de\",\"potentialAction\":[{\"@type\":\"ReadAction\",\"target\":[\"https:\\\/\\\/spiritdust.pl\\\/de\\\/produkt\\\/armband-mit-rhodochrosit-und-citrin-die-kraft-des-gleichgewichts\\\/\"]}]},{\"@type\":\"ImageObject\",\"inLanguage\":\"de\",\"@id\":\"https:\\\/\\\/spiritdust.pl\\\/de\\\/produkt\\\/armband-mit-rhodochrosit-und-citrin-die-kraft-des-gleichgewichts\\\/#primaryimage\",\"url\":\"https:\\\/\\\/spiritdust.pl\\\/wp-content\\\/uploads\\\/2026\\\/01\\\/DSC06258.jpg\",\"contentUrl\":\"https:\\\/\\\/spiritdust.pl\\\/wp-content\\\/uploads\\\/2026\\\/01\\\/DSC06258.jpg\",\"width\":1088,\"height\":1080},{\"@type\":\"BreadcrumbList\",\"@id\":\"https:\\\/\\\/spiritdust.pl\\\/de\\\/produkt\\\/armband-mit-rhodochrosit-und-citrin-die-kraft-des-gleichgewichts\\\/#breadcrumb\",\"itemListElement\":[{\"@type\":\"ListItem\",\"position\":1,\"name\":\"Strona g\u0142\u00f3wna\",\"item\":\"https:\\\/\\\/spiritdust.pl\\\/de\\\/spirit-dust-schmuck-aus-kupfer-silber-und-natursteinen\\\/\"},{\"@type\":\"ListItem\",\"position\":2,\"name\":\"Shop\",\"item\":\"https:\\\/\\\/green-chough-870564.hostingersite.com\\\/shop\\\/\"},{\"@type\":\"ListItem\",\"position\":3,\"name\":\"Armband mit Rhodochrosit und Citrin \u2013 die Kraft des Gleichgewichts\"}]},{\"@type\":\"WebSite\",\"@id\":\"https:\\\/\\\/green-chough-870564.hostingersite.com\\\/#website\",\"url\":\"https:\\\/\\\/green-chough-870564.hostingersite.com\\\/\",\"name\":\"Spirit Dust\",\"description\":\"Bi\u017cuteria z Miedzi, Srebra i Kamieni Naturalnych\",\"publisher\":{\"@id\":\"https:\\\/\\\/green-chough-870564.hostingersite.com\\\/#organization\"},\"potentialAction\":[{\"@type\":\"SearchAction\",\"target\":{\"@type\":\"EntryPoint\",\"urlTemplate\":\"https:\\\/\\\/green-chough-870564.hostingersite.com\\\/?s={search_term_string}\"},\"query-input\":{\"@type\":\"PropertyValueSpecification\",\"valueRequired\":true,\"valueName\":\"search_term_string\"}}],\"inLanguage\":\"de\"},{\"@type\":\"Organization\",\"@id\":\"https:\\\/\\\/green-chough-870564.hostingersite.com\\\/#organization\",\"name\":\"Geisterstaub\",\"url\":\"https:\\\/\\\/green-chough-870564.hostingersite.com\\\/\",\"logo\":{\"@type\":\"ImageObject\",\"inLanguage\":\"de\",\"@id\":\"https:\\\/\\\/green-chough-870564.hostingersite.com\\\/#\\\/schema\\\/logo\\\/image\\\/\",\"url\":\"https:\\\/\\\/spiritdust.pl\\\/wp-content\\\/uploads\\\/2026\\\/01\\\/logo-sd.png\",\"contentUrl\":\"https:\\\/\\\/spiritdust.pl\\\/wp-content\\\/uploads\\\/2026\\\/01\\\/logo-sd.png\",\"width\":251,\"height\":368,\"caption\":\"Geisterstaub\"},\"image\":{\"@id\":\"https:\\\/\\\/green-chough-870564.hostingersite.com\\\/#\\\/schema\\\/logo\\\/image\\\/\"},\"sameAs\":[\"https:\\\/\\\/www.facebook.com\\\/spiritdustmj\\\/\",\"https:\\\/\\\/instagram.com\\\/spirit__dust\"]}]}<\/script>\n<!-- \/ Yoast SEO plugin. -->","yoast_head_json":{"title":"Armband mit Rhodochrosit und Citrin \u2013 die Kraft des Gleichgewichts - Spirit Dust","description":"Das Armband mit Rhodochrosit und Citrin ist ein Talisman f\u00fcr Gleichgewicht und Mut, der die Selbstliebe f\u00f6rdert, Emotionen heilt und positive Ver\u00e4nderungen anzieht.","robots":{"index":"index","follow":"follow","max-snippet":"max-snippet:-1","max-image-preview":"max-image-preview:large","max-video-preview":"max-video-preview:-1"},"canonical":"https:\/\/spiritdust.pl\/de\/produkt\/armband-mit-rhodochrosit-und-citrin-die-kraft-des-gleichgewichts\/","og_locale":"de_DE","og_type":"article","og_title":"Armband mit Rhodochrosit und Citrin \u2013 die Kraft des Gleichgewichts - Spirit Dust","og_description":"Das Armband mit Rhodochrosit und Citrin ist ein Talisman f\u00fcr Gleichgewicht und Mut, der die Selbstliebe f\u00f6rdert, Emotionen heilt und positive Ver\u00e4nderungen anzieht.","og_url":"https:\/\/spiritdust.pl\/de\/produkt\/armband-mit-rhodochrosit-und-citrin-die-kraft-des-gleichgewichts\/","og_site_name":"Spirit Dust","article_publisher":"https:\/\/www.facebook.com\/spiritdustmj\/","og_image":[{"width":1088,"height":1080,"url":"https:\/\/spiritdust.pl\/wp-content\/uploads\/2026\/01\/DSC06258.jpg","type":"image\/jpeg"}],"twitter_card":"summary_large_image","twitter_misc":{"Gesch\u00e4tzte Lesezeit":"2\u00a0Minuten"},"schema":{"@context":"https:\/\/schema.org","@graph":[{"@type":"WebPage","@id":"https:\/\/spiritdust.pl\/de\/produkt\/armband-mit-rhodochrosit-und-citrin-die-kraft-des-gleichgewichts\/","url":"https:\/\/spiritdust.pl\/de\/produkt\/armband-mit-rhodochrosit-und-citrin-die-kraft-des-gleichgewichts\/","name":"Armband mit Rhodochrosit und Citrin \u2013 die Kraft des Gleichgewichts - Spirit Dust","isPartOf":{"@id":"https:\/\/green-chough-870564.hostingersite.com\/#website"},"primaryImageOfPage":{"@id":"https:\/\/spiritdust.pl\/de\/produkt\/armband-mit-rhodochrosit-und-citrin-die-kraft-des-gleichgewichts\/#primaryimage"},"image":{"@id":"https:\/\/spiritdust.pl\/de\/produkt\/armband-mit-rhodochrosit-und-citrin-die-kraft-des-gleichgewichts\/#primaryimage"},"thumbnailUrl":"https:\/\/spiritdust.pl\/wp-content\/uploads\/2026\/01\/DSC06258.jpg","datePublished":"2026-01-26T09:20:48+00:00","description":"Das Armband mit Rhodochrosit und Citrin ist ein Talisman f\u00fcr Gleichgewicht und Mut, der die Selbstliebe f\u00f6rdert, Emotionen heilt und positive Ver\u00e4nderungen anzieht.","breadcrumb":{"@id":"https:\/\/spiritdust.pl\/de\/produkt\/armband-mit-rhodochrosit-und-citrin-die-kraft-des-gleichgewichts\/#breadcrumb"},"inLanguage":"de","potentialAction":[{"@type":"ReadAction","target":["https:\/\/spiritdust.pl\/de\/produkt\/armband-mit-rhodochrosit-und-citrin-die-kraft-des-gleichgewichts\/"]}]},{"@type":"ImageObject","inLanguage":"de","@id":"https:\/\/spiritdust.pl\/de\/produkt\/armband-mit-rhodochrosit-und-citrin-die-kraft-des-gleichgewichts\/#primaryimage","url":"https:\/\/spiritdust.pl\/wp-content\/uploads\/2026\/01\/DSC06258.jpg","contentUrl":"https:\/\/spiritdust.pl\/wp-content\/uploads\/2026\/01\/DSC06258.jpg","width":1088,"height":1080},{"@type":"BreadcrumbList","@id":"https:\/\/spiritdust.pl\/de\/produkt\/armband-mit-rhodochrosit-und-citrin-die-kraft-des-gleichgewichts\/#breadcrumb","itemListElement":[{"@type":"ListItem","position":1,"name":"Strona g\u0142\u00f3wna","item":"https:\/\/spiritdust.pl\/de\/spirit-dust-schmuck-aus-kupfer-silber-und-natursteinen\/"},{"@type":"ListItem","position":2,"name":"Shop","item":"https:\/\/green-chough-870564.hostingersite.com\/shop\/"},{"@type":"ListItem","position":3,"name":"Armband mit Rhodochrosit und Citrin \u2013 die Kraft des Gleichgewichts"}]},{"@type":"WebSite","@id":"https:\/\/green-chough-870564.hostingersite.com\/#website","url":"https:\/\/green-chough-870564.hostingersite.com\/","name":"Spirit Dust","description":"Bi\u017cuteria z Miedzi, Srebra i Kamieni Naturalnych","publisher":{"@id":"https:\/\/green-chough-870564.hostingersite.com\/#organization"},"potentialAction":[{"@type":"SearchAction","target":{"@type":"EntryPoint","urlTemplate":"https:\/\/green-chough-870564.hostingersite.com\/?s={search_term_string}"},"query-input":{"@type":"PropertyValueSpecification","valueRequired":true,"valueName":"search_term_string"}}],"inLanguage":"de"},{"@type":"Organization","@id":"https:\/\/green-chough-870564.hostingersite.com\/#organization","name":"Geisterstaub","url":"https:\/\/green-chough-870564.hostingersite.com\/","logo":{"@type":"ImageObject","inLanguage":"de","@id":"https:\/\/green-chough-870564.hostingersite.com\/#\/schema\/logo\/image\/","url":"https:\/\/spiritdust.pl\/wp-content\/uploads\/2026\/01\/logo-sd.png","contentUrl":"https:\/\/spiritdust.pl\/wp-content\/uploads\/2026\/01\/logo-sd.png","width":251,"height":368,"caption":"Geisterstaub"},"image":{"@id":"https:\/\/green-chough-870564.hostingersite.com\/#\/schema\/logo\/image\/"},"sameAs":["https:\/\/www.facebook.com\/spiritdustmj\/","https:\/\/instagram.com\/spirit__dust"]}]}},"_links":{"self":[{"href":"https:\/\/spiritdust.pl\/de\/wp-json\/wp\/v2\/product\/2150","targetHints":{"allow":["GET"]}}],"collection":[{"href":"https:\/\/spiritdust.pl\/de\/wp-json\/wp\/v2\/product"}],"about":[{"href":"https:\/\/spiritdust.pl\/de\/wp-json\/wp\/v2\/types\/product"}],"version-history":[{"count":0,"href":"https:\/\/spiritdust.pl\/de\/wp-json\/wp\/v2\/product\/2150\/revisions"}],"wp:featuredmedia":[{"embeddable":true,"href":"https:\/\/spiritdust.pl\/de\/wp-json\/wp\/v2\/media\/2151"}],"wp:attachment":[{"href":"https:\/\/spiritdust.pl\/de\/wp-json\/wp\/v2\/media?parent=2150"}],"wp:term":[{"taxonomy":"product_brand","embeddable":true,"href":"https:\/\/spiritdust.pl\/de\/wp-json\/wp\/v2\/product_brand?post=2150"},{"taxonomy":"product_cat","embeddable":true,"href":"https:\/\/spiritdust.pl\/de\/wp-json\/wp\/v2\/product_cat?post=2150"},{"taxonomy":"product_tag","embeddable":true,"href":"https:\/\/spiritdust.pl\/de\/wp-json\/wp\/v2\/product_tag?post=2150"}],"curies":[{"name":"wp","href":"https:\/\/api.w.org\/{rel}","templated":true}]}}