{"id":2186,"date":"2026-01-26T09:20:25","date_gmt":"2026-01-26T09:20:25","guid":{"rendered":"https:\/\/spiritdust.pl\/produkt\/silberring-nachtgeheimnisse-groesse-125\/"},"modified":"2026-01-26T09:20:25","modified_gmt":"2026-01-26T09:20:25","slug":"silberring-nachtgeheimnisse-groesse-125","status":"publish","type":"product","link":"https:\/\/spiritdust.pl\/de\/produkt\/silberring-nachtgeheimnisse-groesse-125\/","title":{"rendered":"Silberring Nachtgeheimnisse &#8211; Gr\u00f6\u00dfe 12,5."},"content":{"rendered":"<div class=\"flex-1 overflow-hidden\">\n<div class=\"react-scroll-to-bottom--css-occsb-79elbk h-full\">\n<div class=\"react-scroll-to-bottom--css-occsb-1n7m0yu\">\n<div class=\"flex flex-col text-sm pb-9\">\n<div class=\"w-full text-token-text-primary\" dir=\"auto\" data-testid=\"conversation-turn-9\">\n<div class=\"px-4 py-2 justify-center text-base md:gap-6 m-auto\">\n<div class=\"flex flex-1 text-base mx-auto gap-3 juice:gap-4 juice:md:gap-6 md:px-5 lg:px-1 xl:px-5 md:max-w-3xl lg:max-w-[40rem] xl:max-w-[48rem] group final-completion\">\n<div class=\"relative flex w-full flex-col agent-turn\">\n<div class=\"flex-col gap-1 md:gap-3\">\n<div class=\"flex flex-grow flex-col max-w-full\">\n<div class=\"min-h-[20px] text-message flex flex-col items-start gap-3 whitespace-pre-wrap break-words [.text-message+&amp;]:mt-5 overflow-x-auto\" dir=\"auto\" data-message-author-role=\"assistant\" data-message-id=\"30541e44-f1f3-4bd2-8e30-509419f31451\">\n<div class=\"markdown prose w-full break-words dark:prose-invert dark\">\n<p>Entdecke diesen einzigartigen Silberring, der magische Motive des Nachthimmels und eines geheimnisvollen Spinnennetzes vereint. Der Ring ist aus hochwertigstem Silber gefertigt und mit filigranen Details von Sternen, Mond, Spinnennetz und einer zarten Spinne verziert. Ein Schmuckst\u00fcck, das Blicke auf sich zieht und deinem Stil einen besonderen Charakter verleiht.  <\/p>\n<p><strong>Produkteigenschaften:<\/strong><\/p>\n<ul>\n<li><strong>Material:<\/strong> 925er Sterlingsilber<\/li>\n<li><strong>Motive:<\/strong> Sterne, Mond, Spinnennetz, Spinne<\/li>\n<li><strong>Gr\u00f6\u00dfe:<\/strong> 12,5<\/li>\n<li><strong>Gewicht:<\/strong> Leicht und angenehm zu tragen<\/li>\n<li><strong>Verarbeitung:<\/strong> Pr\u00e4zise, handgefertigt mit Liebe zum Detail<\/li>\n<li><strong>Stil:<\/strong> Einzigartig, geheimnisvoll, ideal f\u00fcr jeden Anlass<\/li>\n<\/ul>\n<p><strong>Darum solltest du diesen Ring w\u00e4hlen:<\/strong><\/p>\n<ol>\n<li><strong>Einzigartiges Design:<\/strong> Die Kombination aus Nachthimmel- und Spinnennetzmotiven macht den Ring einzigartig und unverwechselbar.<\/li>\n<li><strong>Hohe Qualit\u00e4t:<\/strong> Aus hochwertigstem Silber gefertigt, garantiert er Langlebigkeit und Eleganz.<\/li>\n<li><strong>Symbolik:<\/strong> Sterne und Mond symbolisieren Tr\u00e4ume und Geheimnis, w\u00e4hrend Spinnennetz und Spinne dem Ring einen mystischen Charme verleihen.<\/li>\n<li><strong>Ideales Geschenk:<\/strong> Perfekt als Geschenk f\u00fcr Liebhaberinnen au\u00dfergew\u00f6hnlichen Schmucks, die Originalit\u00e4t und Stil sch\u00e4tzen.<\/li>\n<\/ol>\n<p>F\u00fcge diesen Silberring deiner Sammlung hinzu, der dich in die Welt magischer N\u00e4chte und geheimnisvoller Geschichten entf\u00fchrt.<\/p>\n<\/div>\n<\/div>\n<\/div>\n<\/div>\n<\/div>\n<\/div>\n<\/div>\n<\/div>\n<\/div>\n<\/div>\n<\/div>\n<\/div>\n","protected":false},"excerpt":{"rendered":"<div class=\"flex-1 overflow-hidden\">\n<div class=\"react-scroll-to-bottom--css-gpzpe-79elbk h-full\">\n<div class=\"react-scroll-to-bottom--css-gpzpe-1n7m0yu\">\n<div class=\"flex flex-col text-sm gizmo:pb-9 dark:bg-gray-800 gizmo:dark:bg-transparent\">\n<div class=\"w-full text-token-text-primary border-b border-black\/10 gizmo:border-0 dark:border-gray-900\/50 gizmo:dark:border-0 bg-gray-50 gizmo:bg-transparent dark:bg-[#444654] gizmo:dark:bg-transparent\" data-testid=\"conversation-turn-5\">\n<div class=\"p-4 gizmo:py-2 justify-center text-base md:gap-6 md:py-6 m-auto\">\n<div class=\"flex flex-1 gap-4 text-base mx-auto md:gap-6 gizmo:gap-3 gizmo:md:px-5 gizmo:lg:px-1 gizmo:xl:px-5 md:max-w-2xl lg:max-w-[38rem] gizmo:md:max-w-3xl gizmo:lg:max-w-[40rem] gizmo:xl:max-w-[48rem] xl:max-w-3xl } group final-completion\">\n<div class=\"relative flex w-[calc(100%-50px)] flex-col gizmo:w-full lg:w-[calc(100%-115px)] agent-turn\">\n<div class=\"flex-col gap-1 md:gap-3\">\n<div class=\"flex flex-grow flex-col max-w-full gap-3 gizmo:gap-0\">\n<div class=\"min-h-[20px] text-message flex flex-col items-start gap-3 whitespace-pre-wrap break-words [.text-message+&amp;]:mt-5 overflow-x-auto\" data-message-author-role=\"assistant\" data-message-id=\"1b122955-23be-4dd9-98ec-1a093db6e5d7\">\n<div class=\"markdown prose w-full break-words dark:prose-invert dark\">\n<p>Ein Silberring mit Sternen-, Mond-, Spinnennetz- und Spinnenmotiven. Gefertigt aus hochwertigem 925er Sterlingsilber, besticht er durch sein einzigartiges, geheimnisvolles Design. Gr\u00f6\u00dfe 12,5, leicht und angenehm zu tragen. Ideal f\u00fcr alle, die originellen und au\u00dfergew\u00f6hnlichen Schmuck sch\u00e4tzen.   <\/p>\n<p>&nbsp;<\/p>\n<p><em>Gr\u00f6\u00dfe:<\/em> 12,5<\/p>\n<p><em>Durchmesser:<\/em> 16,4 mm<\/p>\n<p><em>Umfang:<\/em> 52,5 mm<\/p>\n<p><em style=\"font-family: var(--wp--preset--font-family--font-main)\"><span class=\"s1\">925er Sterlingsilber<\/span><\/em><\/p>\n<\/div>\n<\/div>\n<\/div>\n<\/div>\n<\/div>\n<\/div>\n<\/div>\n<\/div>\n<\/div>\n<\/div>\n<\/div>\n<\/div>\n<p>&nbsp;<\/p>\n<p class=\"p1\">Ich verpacke den Schmuck sorgf\u00e4ltig in einer dekorativen Schachtel, sodass er sofort als Geschenk bereit ist.<\/p>\n","protected":false},"featured_media":2191,"template":"","meta":{"inline_featured_image":false},"product_brand":[],"product_cat":[167,250],"product_tag":[199],"class_list":{"0":"post-2186","1":"product","2":"type-product","3":"status-publish","4":"has-post-thumbnail","6":"product_cat-schmuck","7":"product_cat-silberringe","8":"product_tag-silber","10":"first","11":"instock","12":"taxable","13":"shipping-taxable","14":"purchasable","15":"product-type-simple"},"yoast_head":"<!-- This site is optimized with the Yoast SEO plugin v27.5 - https:\/\/yoast.com\/product\/yoast-seo-wordpress\/ -->\n<title>Silberring Nachtgeheimnisse - Gr\u00f6\u00dfe 12,5. - Spirit Dust<\/title>\n<meta name=\"description\" content=\"Ein Silberring mit Sternen-, Mond-, Spinnennetz- und Spinnenmotiv, der Eleganz und den geheimnisvollen Charme des Nachthimmels vereint.\" \/>\n<meta name=\"robots\" content=\"index, follow, max-snippet:-1, max-image-preview:large, max-video-preview:-1\" \/>\n<link rel=\"canonical\" href=\"https:\/\/spiritdust.pl\/de\/produkt\/silberring-nachtgeheimnisse-groesse-125\/\" \/>\n<meta property=\"og:locale\" content=\"de_DE\" \/>\n<meta property=\"og:type\" content=\"article\" \/>\n<meta property=\"og:title\" content=\"Silberring Nachtgeheimnisse - Gr\u00f6\u00dfe 12,5. - Spirit Dust\" \/>\n<meta property=\"og:description\" content=\"Ein Silberring mit Sternen-, Mond-, Spinnennetz- und Spinnenmotiv, der Eleganz und den geheimnisvollen Charme des Nachthimmels vereint.\" \/>\n<meta property=\"og:url\" content=\"https:\/\/spiritdust.pl\/de\/produkt\/silberring-nachtgeheimnisse-groesse-125\/\" \/>\n<meta property=\"og:site_name\" content=\"Spirit Dust\" \/>\n<meta property=\"article:publisher\" content=\"https:\/\/www.facebook.com\/spiritdustmj\/\" \/>\n<meta property=\"og:image\" content=\"https:\/\/spiritdust.pl\/wp-content\/uploads\/2026\/01\/DSC06116.jpg\" \/>\n\t<meta property=\"og:image:width\" content=\"1088\" \/>\n\t<meta property=\"og:image:height\" content=\"1080\" \/>\n\t<meta property=\"og:image:type\" content=\"image\/jpeg\" \/>\n<meta name=\"twitter:card\" content=\"summary_large_image\" \/>\n<meta name=\"twitter:label1\" content=\"Gesch\u00e4tzte Lesezeit\" \/>\n\t<meta name=\"twitter:data1\" content=\"1\u00a0Minute\" \/>\n<script type=\"application\/ld+json\" class=\"yoast-schema-graph\">{\"@context\":\"https:\\\/\\\/schema.org\",\"@graph\":[{\"@type\":\"WebPage\",\"@id\":\"https:\\\/\\\/spiritdust.pl\\\/de\\\/produkt\\\/silberring-nachtgeheimnisse-groesse-125\\\/\",\"url\":\"https:\\\/\\\/spiritdust.pl\\\/de\\\/produkt\\\/silberring-nachtgeheimnisse-groesse-125\\\/\",\"name\":\"Silberring Nachtgeheimnisse - Gr\u00f6\u00dfe 12,5. - Spirit Dust\",\"isPartOf\":{\"@id\":\"https:\\\/\\\/green-chough-870564.hostingersite.com\\\/#website\"},\"primaryImageOfPage\":{\"@id\":\"https:\\\/\\\/spiritdust.pl\\\/de\\\/produkt\\\/silberring-nachtgeheimnisse-groesse-125\\\/#primaryimage\"},\"image\":{\"@id\":\"https:\\\/\\\/spiritdust.pl\\\/de\\\/produkt\\\/silberring-nachtgeheimnisse-groesse-125\\\/#primaryimage\"},\"thumbnailUrl\":\"https:\\\/\\\/spiritdust.pl\\\/wp-content\\\/uploads\\\/2026\\\/01\\\/DSC06116.jpg\",\"datePublished\":\"2026-01-26T09:20:25+00:00\",\"description\":\"Ein Silberring mit Sternen-, Mond-, Spinnennetz- und Spinnenmotiv, der Eleganz und den geheimnisvollen Charme des Nachthimmels vereint.\",\"breadcrumb\":{\"@id\":\"https:\\\/\\\/spiritdust.pl\\\/de\\\/produkt\\\/silberring-nachtgeheimnisse-groesse-125\\\/#breadcrumb\"},\"inLanguage\":\"de\",\"potentialAction\":[{\"@type\":\"ReadAction\",\"target\":[\"https:\\\/\\\/spiritdust.pl\\\/de\\\/produkt\\\/silberring-nachtgeheimnisse-groesse-125\\\/\"]}]},{\"@type\":\"ImageObject\",\"inLanguage\":\"de\",\"@id\":\"https:\\\/\\\/spiritdust.pl\\\/de\\\/produkt\\\/silberring-nachtgeheimnisse-groesse-125\\\/#primaryimage\",\"url\":\"https:\\\/\\\/spiritdust.pl\\\/wp-content\\\/uploads\\\/2026\\\/01\\\/DSC06116.jpg\",\"contentUrl\":\"https:\\\/\\\/spiritdust.pl\\\/wp-content\\\/uploads\\\/2026\\\/01\\\/DSC06116.jpg\",\"width\":1088,\"height\":1080},{\"@type\":\"BreadcrumbList\",\"@id\":\"https:\\\/\\\/spiritdust.pl\\\/de\\\/produkt\\\/silberring-nachtgeheimnisse-groesse-125\\\/#breadcrumb\",\"itemListElement\":[{\"@type\":\"ListItem\",\"position\":1,\"name\":\"Strona g\u0142\u00f3wna\",\"item\":\"https:\\\/\\\/spiritdust.pl\\\/de\\\/spirit-dust-schmuck-aus-kupfer-silber-und-natursteinen\\\/\"},{\"@type\":\"ListItem\",\"position\":2,\"name\":\"Shop\",\"item\":\"https:\\\/\\\/green-chough-870564.hostingersite.com\\\/shop\\\/\"},{\"@type\":\"ListItem\",\"position\":3,\"name\":\"Silberring Nachtgeheimnisse &#8211; Gr\u00f6\u00dfe 12,5.\"}]},{\"@type\":\"WebSite\",\"@id\":\"https:\\\/\\\/green-chough-870564.hostingersite.com\\\/#website\",\"url\":\"https:\\\/\\\/green-chough-870564.hostingersite.com\\\/\",\"name\":\"Spirit Dust\",\"description\":\"Bi\u017cuteria z Miedzi, Srebra i Kamieni Naturalnych\",\"publisher\":{\"@id\":\"https:\\\/\\\/green-chough-870564.hostingersite.com\\\/#organization\"},\"potentialAction\":[{\"@type\":\"SearchAction\",\"target\":{\"@type\":\"EntryPoint\",\"urlTemplate\":\"https:\\\/\\\/green-chough-870564.hostingersite.com\\\/?s={search_term_string}\"},\"query-input\":{\"@type\":\"PropertyValueSpecification\",\"valueRequired\":true,\"valueName\":\"search_term_string\"}}],\"inLanguage\":\"de\"},{\"@type\":\"Organization\",\"@id\":\"https:\\\/\\\/green-chough-870564.hostingersite.com\\\/#organization\",\"name\":\"Geisterstaub\",\"url\":\"https:\\\/\\\/green-chough-870564.hostingersite.com\\\/\",\"logo\":{\"@type\":\"ImageObject\",\"inLanguage\":\"de\",\"@id\":\"https:\\\/\\\/green-chough-870564.hostingersite.com\\\/#\\\/schema\\\/logo\\\/image\\\/\",\"url\":\"https:\\\/\\\/spiritdust.pl\\\/wp-content\\\/uploads\\\/2026\\\/01\\\/logo-sd.png\",\"contentUrl\":\"https:\\\/\\\/spiritdust.pl\\\/wp-content\\\/uploads\\\/2026\\\/01\\\/logo-sd.png\",\"width\":251,\"height\":368,\"caption\":\"Geisterstaub\"},\"image\":{\"@id\":\"https:\\\/\\\/green-chough-870564.hostingersite.com\\\/#\\\/schema\\\/logo\\\/image\\\/\"},\"sameAs\":[\"https:\\\/\\\/www.facebook.com\\\/spiritdustmj\\\/\",\"https:\\\/\\\/instagram.com\\\/spirit__dust\"]}]}<\/script>\n<!-- \/ Yoast SEO plugin. -->","yoast_head_json":{"title":"Silberring Nachtgeheimnisse - Gr\u00f6\u00dfe 12,5. - Spirit Dust","description":"Ein Silberring mit Sternen-, Mond-, Spinnennetz- und Spinnenmotiv, der Eleganz und den geheimnisvollen Charme des Nachthimmels vereint.","robots":{"index":"index","follow":"follow","max-snippet":"max-snippet:-1","max-image-preview":"max-image-preview:large","max-video-preview":"max-video-preview:-1"},"canonical":"https:\/\/spiritdust.pl\/de\/produkt\/silberring-nachtgeheimnisse-groesse-125\/","og_locale":"de_DE","og_type":"article","og_title":"Silberring Nachtgeheimnisse - Gr\u00f6\u00dfe 12,5. - Spirit Dust","og_description":"Ein Silberring mit Sternen-, Mond-, Spinnennetz- und Spinnenmotiv, der Eleganz und den geheimnisvollen Charme des Nachthimmels vereint.","og_url":"https:\/\/spiritdust.pl\/de\/produkt\/silberring-nachtgeheimnisse-groesse-125\/","og_site_name":"Spirit Dust","article_publisher":"https:\/\/www.facebook.com\/spiritdustmj\/","og_image":[{"width":1088,"height":1080,"url":"https:\/\/spiritdust.pl\/wp-content\/uploads\/2026\/01\/DSC06116.jpg","type":"image\/jpeg"}],"twitter_card":"summary_large_image","twitter_misc":{"Gesch\u00e4tzte Lesezeit":"1\u00a0Minute"},"schema":{"@context":"https:\/\/schema.org","@graph":[{"@type":"WebPage","@id":"https:\/\/spiritdust.pl\/de\/produkt\/silberring-nachtgeheimnisse-groesse-125\/","url":"https:\/\/spiritdust.pl\/de\/produkt\/silberring-nachtgeheimnisse-groesse-125\/","name":"Silberring Nachtgeheimnisse - Gr\u00f6\u00dfe 12,5. - Spirit Dust","isPartOf":{"@id":"https:\/\/green-chough-870564.hostingersite.com\/#website"},"primaryImageOfPage":{"@id":"https:\/\/spiritdust.pl\/de\/produkt\/silberring-nachtgeheimnisse-groesse-125\/#primaryimage"},"image":{"@id":"https:\/\/spiritdust.pl\/de\/produkt\/silberring-nachtgeheimnisse-groesse-125\/#primaryimage"},"thumbnailUrl":"https:\/\/spiritdust.pl\/wp-content\/uploads\/2026\/01\/DSC06116.jpg","datePublished":"2026-01-26T09:20:25+00:00","description":"Ein Silberring mit Sternen-, Mond-, Spinnennetz- und Spinnenmotiv, der Eleganz und den geheimnisvollen Charme des Nachthimmels vereint.","breadcrumb":{"@id":"https:\/\/spiritdust.pl\/de\/produkt\/silberring-nachtgeheimnisse-groesse-125\/#breadcrumb"},"inLanguage":"de","potentialAction":[{"@type":"ReadAction","target":["https:\/\/spiritdust.pl\/de\/produkt\/silberring-nachtgeheimnisse-groesse-125\/"]}]},{"@type":"ImageObject","inLanguage":"de","@id":"https:\/\/spiritdust.pl\/de\/produkt\/silberring-nachtgeheimnisse-groesse-125\/#primaryimage","url":"https:\/\/spiritdust.pl\/wp-content\/uploads\/2026\/01\/DSC06116.jpg","contentUrl":"https:\/\/spiritdust.pl\/wp-content\/uploads\/2026\/01\/DSC06116.jpg","width":1088,"height":1080},{"@type":"BreadcrumbList","@id":"https:\/\/spiritdust.pl\/de\/produkt\/silberring-nachtgeheimnisse-groesse-125\/#breadcrumb","itemListElement":[{"@type":"ListItem","position":1,"name":"Strona g\u0142\u00f3wna","item":"https:\/\/spiritdust.pl\/de\/spirit-dust-schmuck-aus-kupfer-silber-und-natursteinen\/"},{"@type":"ListItem","position":2,"name":"Shop","item":"https:\/\/green-chough-870564.hostingersite.com\/shop\/"},{"@type":"ListItem","position":3,"name":"Silberring Nachtgeheimnisse &#8211; Gr\u00f6\u00dfe 12,5."}]},{"@type":"WebSite","@id":"https:\/\/green-chough-870564.hostingersite.com\/#website","url":"https:\/\/green-chough-870564.hostingersite.com\/","name":"Spirit Dust","description":"Bi\u017cuteria z Miedzi, Srebra i Kamieni Naturalnych","publisher":{"@id":"https:\/\/green-chough-870564.hostingersite.com\/#organization"},"potentialAction":[{"@type":"SearchAction","target":{"@type":"EntryPoint","urlTemplate":"https:\/\/green-chough-870564.hostingersite.com\/?s={search_term_string}"},"query-input":{"@type":"PropertyValueSpecification","valueRequired":true,"valueName":"search_term_string"}}],"inLanguage":"de"},{"@type":"Organization","@id":"https:\/\/green-chough-870564.hostingersite.com\/#organization","name":"Geisterstaub","url":"https:\/\/green-chough-870564.hostingersite.com\/","logo":{"@type":"ImageObject","inLanguage":"de","@id":"https:\/\/green-chough-870564.hostingersite.com\/#\/schema\/logo\/image\/","url":"https:\/\/spiritdust.pl\/wp-content\/uploads\/2026\/01\/logo-sd.png","contentUrl":"https:\/\/spiritdust.pl\/wp-content\/uploads\/2026\/01\/logo-sd.png","width":251,"height":368,"caption":"Geisterstaub"},"image":{"@id":"https:\/\/green-chough-870564.hostingersite.com\/#\/schema\/logo\/image\/"},"sameAs":["https:\/\/www.facebook.com\/spiritdustmj\/","https:\/\/instagram.com\/spirit__dust"]}]}},"_links":{"self":[{"href":"https:\/\/spiritdust.pl\/de\/wp-json\/wp\/v2\/product\/2186","targetHints":{"allow":["GET"]}}],"collection":[{"href":"https:\/\/spiritdust.pl\/de\/wp-json\/wp\/v2\/product"}],"about":[{"href":"https:\/\/spiritdust.pl\/de\/wp-json\/wp\/v2\/types\/product"}],"version-history":[{"count":0,"href":"https:\/\/spiritdust.pl\/de\/wp-json\/wp\/v2\/product\/2186\/revisions"}],"wp:featuredmedia":[{"embeddable":true,"href":"https:\/\/spiritdust.pl\/de\/wp-json\/wp\/v2\/media\/2191"}],"wp:attachment":[{"href":"https:\/\/spiritdust.pl\/de\/wp-json\/wp\/v2\/media?parent=2186"}],"wp:term":[{"taxonomy":"product_brand","embeddable":true,"href":"https:\/\/spiritdust.pl\/de\/wp-json\/wp\/v2\/product_brand?post=2186"},{"taxonomy":"product_cat","embeddable":true,"href":"https:\/\/spiritdust.pl\/de\/wp-json\/wp\/v2\/product_cat?post=2186"},{"taxonomy":"product_tag","embeddable":true,"href":"https:\/\/spiritdust.pl\/de\/wp-json\/wp\/v2\/product_tag?post=2186"}],"curies":[{"name":"wp","href":"https:\/\/api.w.org\/{rel}","templated":true}]}}