{"id":2219,"date":"2026-01-26T09:20:49","date_gmt":"2026-01-26T09:20:49","guid":{"rendered":"https:\/\/spiritdust.pl\/produkt\/halskette-mit-malachit-gruene-harmonie\/"},"modified":"2026-01-26T09:20:49","modified_gmt":"2026-01-26T09:20:49","slug":"halskette-mit-malachit-gruene-harmonie","status":"publish","type":"product","link":"https:\/\/spiritdust.pl\/de\/produkt\/halskette-mit-malachit-gruene-harmonie\/","title":{"rendered":"Halskette mit Malachit &#8211; Gr\u00fcne Harmonie"},"content":{"rendered":"<p>Entdecke eine einzigartige Malachit-Halskette, die Eleganz mit nat\u00fcrlicher Sch\u00f6nheit verbindet. Gefertigt aus hochwertigem Silber, ist die Halskette mit einem Blattmotiv verziert, dessen Herzst\u00fcck ein tiefgr\u00fcner Malachit bildet. Die zarten Bl\u00e4tter um den Stein verleihen dem Schmuckst\u00fcck Eleganz, perfekt f\u00fcr den Alltag sowie f\u00fcr besondere Anl\u00e4sse.  <\/p>\n<p><strong>Malachit<\/strong>, bekannt als Stein der Transformation, f\u00f6rdert Schutz und energetische Erneuerung. Seine gr\u00fcne Farbe stellt das Gleichgewicht wieder her, unterst\u00fctzt die spirituelle Entwicklung und bringt Ruhe, indem sie von negativen Emotionen befreit. <\/p>\n<p><strong>Produkteigenschaften:<\/strong><\/p>\n<ul>\n<li><strong>Material:<\/strong> Hochwertiges 925er Sterlingsilber<\/li>\n<li><strong>Stein:<\/strong> Malachit in tiefem Gr\u00fcn<\/li>\n<li><strong>Motiv:<\/strong> Naturnahes Blattmotiv<\/li>\n<li><strong>Anh\u00e4ngerma\u00dfe:<\/strong> 3 x 4,5 cm<\/li>\n<li><strong>Kettenl\u00e4nge:<\/strong> Verstellbar von 38 bis 50 cm (mit Verl\u00e4ngerung)<\/li>\n<li><strong>Verschluss:<\/strong> Robuster Federringverschluss<\/li>\n<\/ul>\n<p>Diese Halskette ist eine ausgezeichnete Wahl f\u00fcr jeden Anlass. Die verstellbare Kettenl\u00e4nge erm\u00f6glicht eine Anpassung an dein Styling, und der elegante Federringverschluss sorgt f\u00fcr Komfort und Sicherheit. Das Blattmotiv und die intensive Farbe des Malachits unterstreichen deinen individuellen Stil und verleihen subtilen Charme. Perfekt f\u00fcr den Alltag sowie f\u00fcr besondere Anl\u00e4sse.   <\/p>\n","protected":false},"excerpt":{"rendered":"<div class=\"flex-1 overflow-hidden\">\n<div class=\"react-scroll-to-bottom--css-gpzpe-79elbk h-full\">\n<div class=\"react-scroll-to-bottom--css-gpzpe-1n7m0yu\">\n<div class=\"flex flex-col text-sm gizmo:pb-9 dark:bg-gray-800 gizmo:dark:bg-transparent\">\n<div class=\"w-full text-token-text-primary border-b border-black\/10 gizmo:border-0 dark:border-gray-900\/50 gizmo:dark:border-0 bg-gray-50 gizmo:bg-transparent dark:bg-[#444654] gizmo:dark:bg-transparent\" data-testid=\"conversation-turn-5\">\n<div class=\"p-4 gizmo:py-2 justify-center text-base md:gap-6 md:py-6 m-auto\">\n<div class=\"flex flex-1 gap-4 text-base mx-auto md:gap-6 gizmo:gap-3 gizmo:md:px-5 gizmo:lg:px-1 gizmo:xl:px-5 md:max-w-2xl lg:max-w-[38rem] gizmo:md:max-w-3xl gizmo:lg:max-w-[40rem] gizmo:xl:max-w-[48rem] xl:max-w-3xl } group final-completion\">\n<div class=\"relative flex w-[calc(100%-50px)] flex-col gizmo:w-full lg:w-[calc(100%-115px)] agent-turn\">\n<div class=\"flex-col gap-1 md:gap-3\">\n<div class=\"flex flex-grow flex-col max-w-full gap-3 gizmo:gap-0\">\n<div class=\"min-h-[20px] text-message flex flex-col items-start gap-3 whitespace-pre-wrap break-words [.text-message+&amp;]:mt-5 overflow-x-auto\" data-message-author-role=\"assistant\" data-message-id=\"1b122955-23be-4dd9-98ec-1a093db6e5d7\">\n<div class=\"markdown prose w-full break-words dark:prose-invert dark\">\n<div class=\"flex-shrink-0 flex flex-col relative items-end\">\n<div class=\"pt-0.5 juice:pt-0\">\n<div class=\"gizmo-bot-avatar flex h-6 w-6 items-center justify-center overflow-hidden rounded-full juice:h-8 juice:w-8\">\n<div class=\"flex max-w-full flex-col flex-grow\">\n<div class=\"min-h-[20px] text-message flex w-full flex-col items-end gap-2 break-words [.text-message+&amp;]:mt-5 overflow-x-auto whitespace-normal\" dir=\"auto\" data-message-author-role=\"assistant\" data-message-id=\"faeb7102-e0df-4158-8f1f-a11783e29ac5\">\n<div class=\"flex w-full flex-col gap-1 empty:hidden first:pt-[3px]\">\n<div class=\"markdown prose w-full break-words dark:prose-invert dark\">\n<div class=\"flex max-w-full flex-col flex-grow\">\n<div class=\"min-h-[20px] text-message flex w-full flex-col items-end gap-2 break-words [.text-message+&amp;]:mt-5 overflow-x-auto whitespace-normal\" dir=\"auto\" data-message-author-role=\"assistant\" data-message-id=\"faeb7102-e0df-4158-8f1f-a11783e29ac5\">\n<div class=\"flex w-full flex-col gap-1 empty:hidden first:pt-[3px]\">\n<div class=\"markdown prose w-full break-words dark:prose-invert dark\">\n<p>Die Halskette &#8222;Gr\u00fcne Harmonie\u201e kombiniert Silber mit tiefgr\u00fcnem Malachit in einem eleganten Blattmotiv. Gefertigt aus hochwertigem 925er Sterlingsilber, mit verstellbarer Kette und robustem Federringverschluss, ist sie perfekt f\u00fcr jeden Anlass. Malachit, ein Symbol f\u00fcr Schutz und Erneuerung, verleiht dem Schmuckst\u00fcck subtilen Charme und energetische Harmonie.  <\/p>\n<\/div>\n<\/div>\n<\/div>\n<\/div>\n<\/div>\n<\/div>\n<\/div>\n<\/div>\n<\/div>\n<\/div>\n<\/div>\n<\/div>\n<\/div>\n<\/div>\n<\/div>\n<\/div>\n<\/div>\n<\/div>\n<\/div>\n<\/div>\n<\/div>\n<\/div>\n<\/div>\n<p class=\"p1\">Ich verpacke den Schmuck sorgf\u00e4ltig in einer dekorativen Schachtel, sodass er sofort als Geschenk bereit ist.<\/p>\n","protected":false},"featured_media":734,"template":"","meta":{"inline_featured_image":false},"product_brand":[],"product_cat":[167,256],"product_tag":[181,199],"class_list":{"0":"post-2219","1":"product","2":"type-product","3":"status-publish","4":"has-post-thumbnail","6":"product_cat-schmuck","7":"product_cat-silberketten","8":"product_tag-malachit","9":"product_tag-silber","11":"first","12":"instock","13":"taxable","14":"shipping-taxable","15":"purchasable","16":"product-type-simple"},"yoast_head":"<!-- This site is optimized with the Yoast SEO plugin v27.5 - https:\/\/yoast.com\/product\/yoast-seo-wordpress\/ -->\n<title>Halskette mit Malachit - Gr\u00fcne Harmonie - Spirit Dust<\/title>\n<meta name=\"robots\" content=\"index, follow, max-snippet:-1, max-image-preview:large, max-video-preview:-1\" \/>\n<link rel=\"canonical\" href=\"https:\/\/spiritdust.pl\/de\/produkt\/halskette-mit-malachit-gruene-harmonie\/\" \/>\n<meta property=\"og:locale\" content=\"de_DE\" \/>\n<meta property=\"og:type\" content=\"article\" \/>\n<meta property=\"og:title\" content=\"Halskette mit Malachit - Gr\u00fcne Harmonie - Spirit Dust\" \/>\n<meta property=\"og:description\" content=\"Die Halskette &quot;Gr\u00fcne Harmonie&quot; kombiniert Silber mit tiefgr\u00fcnem Malachit in einem eleganten Blattmotiv. Gefertigt aus hochwertigem 925er Sterlingsilber, mit verstellbarer Kette und robustem Federringverschluss, ist sie perfekt f\u00fcr jeden Anlass. Malachit, ein Symbol f\u00fcr Schutz und Erneuerung, verleiht dem Schmuckst\u00fcck subtilen Charme und energetische Harmonie.              Ich verpacke den Schmuck sorgf\u00e4ltig in einer dekorativen Schachtel, sodass er sofort als Geschenk bereit ist.\" \/>\n<meta property=\"og:url\" content=\"https:\/\/spiritdust.pl\/de\/produkt\/halskette-mit-malachit-gruene-harmonie\/\" \/>\n<meta property=\"og:site_name\" content=\"Spirit Dust\" \/>\n<meta property=\"article:publisher\" content=\"https:\/\/www.facebook.com\/spiritdustmj\/\" \/>\n<meta property=\"og:image\" content=\"https:\/\/spiritdust.pl\/wp-content\/uploads\/2026\/01\/DSC06893.jpg\" \/>\n\t<meta property=\"og:image:width\" content=\"1088\" \/>\n\t<meta property=\"og:image:height\" content=\"1080\" \/>\n\t<meta property=\"og:image:type\" content=\"image\/jpeg\" \/>\n<meta name=\"twitter:card\" content=\"summary_large_image\" \/>\n<meta name=\"twitter:label1\" content=\"Gesch\u00e4tzte Lesezeit\" \/>\n\t<meta name=\"twitter:data1\" content=\"1\u00a0Minute\" \/>\n<script type=\"application\/ld+json\" class=\"yoast-schema-graph\">{\"@context\":\"https:\\\/\\\/schema.org\",\"@graph\":[{\"@type\":\"WebPage\",\"@id\":\"https:\\\/\\\/spiritdust.pl\\\/de\\\/produkt\\\/halskette-mit-malachit-gruene-harmonie\\\/\",\"url\":\"https:\\\/\\\/spiritdust.pl\\\/de\\\/produkt\\\/halskette-mit-malachit-gruene-harmonie\\\/\",\"name\":\"Halskette mit Malachit - Gr\u00fcne Harmonie - Spirit Dust\",\"isPartOf\":{\"@id\":\"https:\\\/\\\/green-chough-870564.hostingersite.com\\\/#website\"},\"primaryImageOfPage\":{\"@id\":\"https:\\\/\\\/spiritdust.pl\\\/de\\\/produkt\\\/halskette-mit-malachit-gruene-harmonie\\\/#primaryimage\"},\"image\":{\"@id\":\"https:\\\/\\\/spiritdust.pl\\\/de\\\/produkt\\\/halskette-mit-malachit-gruene-harmonie\\\/#primaryimage\"},\"thumbnailUrl\":\"https:\\\/\\\/spiritdust.pl\\\/wp-content\\\/uploads\\\/2026\\\/01\\\/DSC06893.jpg\",\"datePublished\":\"2026-01-26T09:20:49+00:00\",\"breadcrumb\":{\"@id\":\"https:\\\/\\\/spiritdust.pl\\\/de\\\/produkt\\\/halskette-mit-malachit-gruene-harmonie\\\/#breadcrumb\"},\"inLanguage\":\"de\",\"potentialAction\":[{\"@type\":\"ReadAction\",\"target\":[\"https:\\\/\\\/spiritdust.pl\\\/de\\\/produkt\\\/halskette-mit-malachit-gruene-harmonie\\\/\"]}]},{\"@type\":\"ImageObject\",\"inLanguage\":\"de\",\"@id\":\"https:\\\/\\\/spiritdust.pl\\\/de\\\/produkt\\\/halskette-mit-malachit-gruene-harmonie\\\/#primaryimage\",\"url\":\"https:\\\/\\\/spiritdust.pl\\\/wp-content\\\/uploads\\\/2026\\\/01\\\/DSC06893.jpg\",\"contentUrl\":\"https:\\\/\\\/spiritdust.pl\\\/wp-content\\\/uploads\\\/2026\\\/01\\\/DSC06893.jpg\",\"width\":1088,\"height\":1080},{\"@type\":\"BreadcrumbList\",\"@id\":\"https:\\\/\\\/spiritdust.pl\\\/de\\\/produkt\\\/halskette-mit-malachit-gruene-harmonie\\\/#breadcrumb\",\"itemListElement\":[{\"@type\":\"ListItem\",\"position\":1,\"name\":\"Strona g\u0142\u00f3wna\",\"item\":\"https:\\\/\\\/spiritdust.pl\\\/de\\\/spirit-dust-schmuck-aus-kupfer-silber-und-natursteinen\\\/\"},{\"@type\":\"ListItem\",\"position\":2,\"name\":\"Shop\",\"item\":\"https:\\\/\\\/green-chough-870564.hostingersite.com\\\/shop\\\/\"},{\"@type\":\"ListItem\",\"position\":3,\"name\":\"Halskette mit Malachit &#8211; Gr\u00fcne Harmonie\"}]},{\"@type\":\"WebSite\",\"@id\":\"https:\\\/\\\/green-chough-870564.hostingersite.com\\\/#website\",\"url\":\"https:\\\/\\\/green-chough-870564.hostingersite.com\\\/\",\"name\":\"Spirit Dust\",\"description\":\"Bi\u017cuteria z Miedzi, Srebra i Kamieni Naturalnych\",\"publisher\":{\"@id\":\"https:\\\/\\\/green-chough-870564.hostingersite.com\\\/#organization\"},\"potentialAction\":[{\"@type\":\"SearchAction\",\"target\":{\"@type\":\"EntryPoint\",\"urlTemplate\":\"https:\\\/\\\/green-chough-870564.hostingersite.com\\\/?s={search_term_string}\"},\"query-input\":{\"@type\":\"PropertyValueSpecification\",\"valueRequired\":true,\"valueName\":\"search_term_string\"}}],\"inLanguage\":\"de\"},{\"@type\":\"Organization\",\"@id\":\"https:\\\/\\\/green-chough-870564.hostingersite.com\\\/#organization\",\"name\":\"Geisterstaub\",\"url\":\"https:\\\/\\\/green-chough-870564.hostingersite.com\\\/\",\"logo\":{\"@type\":\"ImageObject\",\"inLanguage\":\"de\",\"@id\":\"https:\\\/\\\/green-chough-870564.hostingersite.com\\\/#\\\/schema\\\/logo\\\/image\\\/\",\"url\":\"https:\\\/\\\/spiritdust.pl\\\/wp-content\\\/uploads\\\/2026\\\/01\\\/logo-sd.png\",\"contentUrl\":\"https:\\\/\\\/spiritdust.pl\\\/wp-content\\\/uploads\\\/2026\\\/01\\\/logo-sd.png\",\"width\":251,\"height\":368,\"caption\":\"Geisterstaub\"},\"image\":{\"@id\":\"https:\\\/\\\/green-chough-870564.hostingersite.com\\\/#\\\/schema\\\/logo\\\/image\\\/\"},\"sameAs\":[\"https:\\\/\\\/www.facebook.com\\\/spiritdustmj\\\/\",\"https:\\\/\\\/instagram.com\\\/spirit__dust\"]}]}<\/script>\n<!-- \/ Yoast SEO plugin. -->","yoast_head_json":{"title":"Halskette mit Malachit - Gr\u00fcne Harmonie - Spirit Dust","robots":{"index":"index","follow":"follow","max-snippet":"max-snippet:-1","max-image-preview":"max-image-preview:large","max-video-preview":"max-video-preview:-1"},"canonical":"https:\/\/spiritdust.pl\/de\/produkt\/halskette-mit-malachit-gruene-harmonie\/","og_locale":"de_DE","og_type":"article","og_title":"Halskette mit Malachit - Gr\u00fcne Harmonie - Spirit Dust","og_description":"Die Halskette \"Gr\u00fcne Harmonie\" kombiniert Silber mit tiefgr\u00fcnem Malachit in einem eleganten Blattmotiv. Gefertigt aus hochwertigem 925er Sterlingsilber, mit verstellbarer Kette und robustem Federringverschluss, ist sie perfekt f\u00fcr jeden Anlass. Malachit, ein Symbol f\u00fcr Schutz und Erneuerung, verleiht dem Schmuckst\u00fcck subtilen Charme und energetische Harmonie.              Ich verpacke den Schmuck sorgf\u00e4ltig in einer dekorativen Schachtel, sodass er sofort als Geschenk bereit ist.","og_url":"https:\/\/spiritdust.pl\/de\/produkt\/halskette-mit-malachit-gruene-harmonie\/","og_site_name":"Spirit Dust","article_publisher":"https:\/\/www.facebook.com\/spiritdustmj\/","og_image":[{"width":1088,"height":1080,"url":"https:\/\/spiritdust.pl\/wp-content\/uploads\/2026\/01\/DSC06893.jpg","type":"image\/jpeg"}],"twitter_card":"summary_large_image","twitter_misc":{"Gesch\u00e4tzte Lesezeit":"1\u00a0Minute"},"schema":{"@context":"https:\/\/schema.org","@graph":[{"@type":"WebPage","@id":"https:\/\/spiritdust.pl\/de\/produkt\/halskette-mit-malachit-gruene-harmonie\/","url":"https:\/\/spiritdust.pl\/de\/produkt\/halskette-mit-malachit-gruene-harmonie\/","name":"Halskette mit Malachit - Gr\u00fcne Harmonie - Spirit Dust","isPartOf":{"@id":"https:\/\/green-chough-870564.hostingersite.com\/#website"},"primaryImageOfPage":{"@id":"https:\/\/spiritdust.pl\/de\/produkt\/halskette-mit-malachit-gruene-harmonie\/#primaryimage"},"image":{"@id":"https:\/\/spiritdust.pl\/de\/produkt\/halskette-mit-malachit-gruene-harmonie\/#primaryimage"},"thumbnailUrl":"https:\/\/spiritdust.pl\/wp-content\/uploads\/2026\/01\/DSC06893.jpg","datePublished":"2026-01-26T09:20:49+00:00","breadcrumb":{"@id":"https:\/\/spiritdust.pl\/de\/produkt\/halskette-mit-malachit-gruene-harmonie\/#breadcrumb"},"inLanguage":"de","potentialAction":[{"@type":"ReadAction","target":["https:\/\/spiritdust.pl\/de\/produkt\/halskette-mit-malachit-gruene-harmonie\/"]}]},{"@type":"ImageObject","inLanguage":"de","@id":"https:\/\/spiritdust.pl\/de\/produkt\/halskette-mit-malachit-gruene-harmonie\/#primaryimage","url":"https:\/\/spiritdust.pl\/wp-content\/uploads\/2026\/01\/DSC06893.jpg","contentUrl":"https:\/\/spiritdust.pl\/wp-content\/uploads\/2026\/01\/DSC06893.jpg","width":1088,"height":1080},{"@type":"BreadcrumbList","@id":"https:\/\/spiritdust.pl\/de\/produkt\/halskette-mit-malachit-gruene-harmonie\/#breadcrumb","itemListElement":[{"@type":"ListItem","position":1,"name":"Strona g\u0142\u00f3wna","item":"https:\/\/spiritdust.pl\/de\/spirit-dust-schmuck-aus-kupfer-silber-und-natursteinen\/"},{"@type":"ListItem","position":2,"name":"Shop","item":"https:\/\/green-chough-870564.hostingersite.com\/shop\/"},{"@type":"ListItem","position":3,"name":"Halskette mit Malachit &#8211; Gr\u00fcne Harmonie"}]},{"@type":"WebSite","@id":"https:\/\/green-chough-870564.hostingersite.com\/#website","url":"https:\/\/green-chough-870564.hostingersite.com\/","name":"Spirit Dust","description":"Bi\u017cuteria z Miedzi, Srebra i Kamieni Naturalnych","publisher":{"@id":"https:\/\/green-chough-870564.hostingersite.com\/#organization"},"potentialAction":[{"@type":"SearchAction","target":{"@type":"EntryPoint","urlTemplate":"https:\/\/green-chough-870564.hostingersite.com\/?s={search_term_string}"},"query-input":{"@type":"PropertyValueSpecification","valueRequired":true,"valueName":"search_term_string"}}],"inLanguage":"de"},{"@type":"Organization","@id":"https:\/\/green-chough-870564.hostingersite.com\/#organization","name":"Geisterstaub","url":"https:\/\/green-chough-870564.hostingersite.com\/","logo":{"@type":"ImageObject","inLanguage":"de","@id":"https:\/\/green-chough-870564.hostingersite.com\/#\/schema\/logo\/image\/","url":"https:\/\/spiritdust.pl\/wp-content\/uploads\/2026\/01\/logo-sd.png","contentUrl":"https:\/\/spiritdust.pl\/wp-content\/uploads\/2026\/01\/logo-sd.png","width":251,"height":368,"caption":"Geisterstaub"},"image":{"@id":"https:\/\/green-chough-870564.hostingersite.com\/#\/schema\/logo\/image\/"},"sameAs":["https:\/\/www.facebook.com\/spiritdustmj\/","https:\/\/instagram.com\/spirit__dust"]}]}},"_links":{"self":[{"href":"https:\/\/spiritdust.pl\/de\/wp-json\/wp\/v2\/product\/2219","targetHints":{"allow":["GET"]}}],"collection":[{"href":"https:\/\/spiritdust.pl\/de\/wp-json\/wp\/v2\/product"}],"about":[{"href":"https:\/\/spiritdust.pl\/de\/wp-json\/wp\/v2\/types\/product"}],"version-history":[{"count":0,"href":"https:\/\/spiritdust.pl\/de\/wp-json\/wp\/v2\/product\/2219\/revisions"}],"wp:featuredmedia":[{"embeddable":true,"href":"https:\/\/spiritdust.pl\/de\/wp-json\/wp\/v2\/media\/734"}],"wp:attachment":[{"href":"https:\/\/spiritdust.pl\/de\/wp-json\/wp\/v2\/media?parent=2219"}],"wp:term":[{"taxonomy":"product_brand","embeddable":true,"href":"https:\/\/spiritdust.pl\/de\/wp-json\/wp\/v2\/product_brand?post=2219"},{"taxonomy":"product_cat","embeddable":true,"href":"https:\/\/spiritdust.pl\/de\/wp-json\/wp\/v2\/product_cat?post=2219"},{"taxonomy":"product_tag","embeddable":true,"href":"https:\/\/spiritdust.pl\/de\/wp-json\/wp\/v2\/product_tag?post=2219"}],"curies":[{"name":"wp","href":"https:\/\/api.w.org\/{rel}","templated":true}]}}