{"id":2220,"date":"2026-01-26T09:20:49","date_gmt":"2026-01-26T09:20:49","guid":{"rendered":"https:\/\/spiritdust.pl\/produkt\/armband-blaue-tiefe-larimar-und-aquamarin-in-harmonie\/"},"modified":"2026-01-26T09:20:49","modified_gmt":"2026-01-26T09:20:49","slug":"armband-blaue-tiefe-larimar-und-aquamarin-in-harmonie","status":"publish","type":"product","link":"https:\/\/spiritdust.pl\/de\/produkt\/armband-blaue-tiefe-larimar-und-aquamarin-in-harmonie\/","title":{"rendered":"Armband Blaue Tiefe \u2013 Larimar und Aquamarin in Harmonie"},"content":{"rendered":"<p><strong>Armband Blaue Tiefe \u2013 Larimar, Amazonit, Aquamarin und Bergkristall in Harmonie<\/strong><\/p>\n<p>Dieses au\u00dfergew\u00f6hnliche Armband ist ein wahres Fest f\u00fcr die Sinne, das die Sch\u00f6nheit der Natur und die Kraft der Natursteine vereint.<\/p>\n<p><strong>Larimar<\/strong> strahlt die Ruhe des Ozeans aus. Seine blauen Farbt\u00f6ne erinnern an den unendlichen Himmel und bringen Harmonie und Trost. Larimar f\u00f6rdert das emotionale Gleichgewicht und ermutigt zu Vergebung und Akzeptanz.  <\/p>\n<p><strong>Aquamarin<\/strong> ist ein beruhigender Stein, der die Energie des Wassers mit der Energie der Luft verbindet. Seine zarte, blaue Farbe symbolisiert Reinheit und Wahrheit, und wenn du ihn tr\u00e4gst, kannst du Leichtigkeit und Klarheit der Gedanken sp\u00fcren. <\/p>\n<p><strong>Amazonit<\/strong> f\u00f6rdert die Kommunikation und den Selbstausdruck. Seine gr\u00fcnlich-blauen Farbt\u00f6ne erinnern an die Natur, und seine Energie hilft dir, tiefere Beziehungen zu anderen aufzubauen. <\/p>\n<p><strong>Bergkristall<\/strong> ist ein universeller Kraftstein, der als Energieverst\u00e4rker wirkt. Seine Transparenz symbolisiert Reinheit und Klarheit des Geistes und f\u00f6rdert zudem Intuition und spirituelle Entwicklung. <\/p>\n<p><strong>H\u00e4matit<\/strong> ist ein Schutzstein, der die Energie stabilisiert und die Erdverbindung unterst\u00fctzt. Er hilft dir bei der Erdung und verleiht dir Selbstvertrauen, was dir einen ausgewogenen Umgang mit den Herausforderungen des Lebens erm\u00f6glicht. <\/p>\n<p>Jeder dieser Steine, eingefasst in ein zartes Armband, bildet ein harmonisches Ganzes, das nicht nur schm\u00fcckt, sondern dich auch im Alltag unterst\u00fctzt.<\/p>\n","protected":false},"excerpt":{"rendered":"<p>Dieses einzigartige Armband vereint die Kraft nat\u00fcrlicher Steine. <strong>Larimar<\/strong> bringt Ruhe und Harmonie, <strong>Aquamarin<\/strong> f\u00f6rdert das emotionale Gleichgewicht und <strong>Amazonit<\/strong> erleichtert die Kommunikation. <strong>Bergkristall<\/strong> st\u00e4rkt Energie und Intuition, w\u00e4hrend <strong>H\u00e4matit<\/strong> stabilisiert und sch\u00fctzt. Wenn du dieses Armband tr\u00e4gst, kannst du Harmonie, Klarheit der Gedanken und tiefere Beziehungen erfahren. <\/p>\n<p>&nbsp;<\/p>\n<p>Die Weite ist durch einen Schiebeknoten verstellbar.<\/p>\n<p class=\"p1\">Ich verpacke den Schmuck sorgf\u00e4ltig in einer dekorativen Schachtel, sodass er sofort als Geschenk bereit ist.<\/p>\n<p>&nbsp;<\/p>\n<p><strong data-start=\"1081\" data-end=\"1127\">Das Armband wird speziell f\u00fcr dich angefertigt<\/strong> \u2013 du kannst die Farbe der Zwischenperlen bei der Bestellung w\u00e4hlen.<br data-start=\"1187\" data-end=\"1190\">Daher ist dies ein personalisiertes Produkt, das <strong data-start=\"1246\" data-end=\"1270\">vom Umtausch ausgeschlossen ist<\/strong>, gem\u00e4\u00df den geltenden Bestimmungen.<\/p>\n","protected":false},"featured_media":2227,"template":"","meta":{"inline_featured_image":false},"product_brand":[],"product_cat":[168,167],"product_tag":[257,193,169,258],"class_list":{"0":"post-2220","1":"product","2":"type-product","3":"status-publish","4":"has-post-thumbnail","6":"product_cat-armbander","7":"product_cat-schmuck","8":"product_tag-amazonit","9":"product_tag-bergkristall","10":"product_tag-hamatit","11":"product_tag-larimar","13":"first","14":"instock","15":"taxable","16":"shipping-taxable","17":"purchasable","18":"product-type-variable"},"yoast_head":"<!-- This site is optimized with the Yoast SEO plugin v27.5 - https:\/\/yoast.com\/product\/yoast-seo-wordpress\/ -->\n<title>Armband Blaue Tiefe \u2013 Larimar und Aquamarin in Harmonie - Spirit Dust<\/title>\n<meta name=\"description\" content=\"Ein Armband aus Larimar, Aquamarin, Amazonit, Bergkristall und H\u00e4matit ist ein Talisman f\u00fcr Harmonie und Ruhe, der Kommunikation und Energie f\u00f6rdert.\" \/>\n<meta name=\"robots\" content=\"index, follow, max-snippet:-1, max-image-preview:large, max-video-preview:-1\" \/>\n<link rel=\"canonical\" href=\"https:\/\/spiritdust.pl\/de\/produkt\/armband-blaue-tiefe-larimar-und-aquamarin-in-harmonie\/\" \/>\n<meta property=\"og:locale\" content=\"de_DE\" \/>\n<meta property=\"og:type\" content=\"article\" \/>\n<meta property=\"og:title\" content=\"Armband Blaue Tiefe \u2013 Larimar und Aquamarin in Harmonie - Spirit Dust\" \/>\n<meta property=\"og:description\" content=\"Ein Armband aus Larimar, Aquamarin, Amazonit, Bergkristall und H\u00e4matit ist ein Talisman f\u00fcr Harmonie und Ruhe, der Kommunikation und Energie f\u00f6rdert.\" \/>\n<meta property=\"og:url\" content=\"https:\/\/spiritdust.pl\/de\/produkt\/armband-blaue-tiefe-larimar-und-aquamarin-in-harmonie\/\" \/>\n<meta property=\"og:site_name\" content=\"Spirit Dust\" \/>\n<meta property=\"article:publisher\" content=\"https:\/\/www.facebook.com\/spiritdustmj\/\" \/>\n<meta property=\"og:image\" content=\"https:\/\/spiritdust.pl\/wp-content\/uploads\/2026\/01\/DSC07226.jpg\" \/>\n\t<meta property=\"og:image:width\" content=\"1088\" \/>\n\t<meta property=\"og:image:height\" content=\"1080\" \/>\n\t<meta property=\"og:image:type\" content=\"image\/jpeg\" \/>\n<meta name=\"twitter:card\" content=\"summary_large_image\" \/>\n<meta name=\"twitter:label1\" content=\"Gesch\u00e4tzte Lesezeit\" \/>\n\t<meta name=\"twitter:data1\" content=\"1\u00a0Minute\" \/>\n<script type=\"application\/ld+json\" class=\"yoast-schema-graph\">{\"@context\":\"https:\\\/\\\/schema.org\",\"@graph\":[{\"@type\":\"WebPage\",\"@id\":\"https:\\\/\\\/spiritdust.pl\\\/de\\\/produkt\\\/armband-blaue-tiefe-larimar-und-aquamarin-in-harmonie\\\/\",\"url\":\"https:\\\/\\\/spiritdust.pl\\\/de\\\/produkt\\\/armband-blaue-tiefe-larimar-und-aquamarin-in-harmonie\\\/\",\"name\":\"Armband Blaue Tiefe \u2013 Larimar und Aquamarin in Harmonie - Spirit Dust\",\"isPartOf\":{\"@id\":\"https:\\\/\\\/green-chough-870564.hostingersite.com\\\/#website\"},\"primaryImageOfPage\":{\"@id\":\"https:\\\/\\\/spiritdust.pl\\\/de\\\/produkt\\\/armband-blaue-tiefe-larimar-und-aquamarin-in-harmonie\\\/#primaryimage\"},\"image\":{\"@id\":\"https:\\\/\\\/spiritdust.pl\\\/de\\\/produkt\\\/armband-blaue-tiefe-larimar-und-aquamarin-in-harmonie\\\/#primaryimage\"},\"thumbnailUrl\":\"https:\\\/\\\/spiritdust.pl\\\/wp-content\\\/uploads\\\/2026\\\/01\\\/DSC07226.jpg\",\"datePublished\":\"2026-01-26T09:20:49+00:00\",\"description\":\"Ein Armband aus Larimar, Aquamarin, Amazonit, Bergkristall und H\u00e4matit ist ein Talisman f\u00fcr Harmonie und Ruhe, der Kommunikation und Energie f\u00f6rdert.\",\"breadcrumb\":{\"@id\":\"https:\\\/\\\/spiritdust.pl\\\/de\\\/produkt\\\/armband-blaue-tiefe-larimar-und-aquamarin-in-harmonie\\\/#breadcrumb\"},\"inLanguage\":\"de\",\"potentialAction\":[{\"@type\":\"ReadAction\",\"target\":[\"https:\\\/\\\/spiritdust.pl\\\/de\\\/produkt\\\/armband-blaue-tiefe-larimar-und-aquamarin-in-harmonie\\\/\"]}]},{\"@type\":\"ImageObject\",\"inLanguage\":\"de\",\"@id\":\"https:\\\/\\\/spiritdust.pl\\\/de\\\/produkt\\\/armband-blaue-tiefe-larimar-und-aquamarin-in-harmonie\\\/#primaryimage\",\"url\":\"https:\\\/\\\/spiritdust.pl\\\/wp-content\\\/uploads\\\/2026\\\/01\\\/DSC07226.jpg\",\"contentUrl\":\"https:\\\/\\\/spiritdust.pl\\\/wp-content\\\/uploads\\\/2026\\\/01\\\/DSC07226.jpg\",\"width\":1088,\"height\":1080},{\"@type\":\"BreadcrumbList\",\"@id\":\"https:\\\/\\\/spiritdust.pl\\\/de\\\/produkt\\\/armband-blaue-tiefe-larimar-und-aquamarin-in-harmonie\\\/#breadcrumb\",\"itemListElement\":[{\"@type\":\"ListItem\",\"position\":1,\"name\":\"Strona g\u0142\u00f3wna\",\"item\":\"https:\\\/\\\/spiritdust.pl\\\/de\\\/spirit-dust-schmuck-aus-kupfer-silber-und-natursteinen\\\/\"},{\"@type\":\"ListItem\",\"position\":2,\"name\":\"Shop\",\"item\":\"https:\\\/\\\/green-chough-870564.hostingersite.com\\\/shop\\\/\"},{\"@type\":\"ListItem\",\"position\":3,\"name\":\"Armband Blaue Tiefe \u2013 Larimar und Aquamarin in Harmonie\"}]},{\"@type\":\"WebSite\",\"@id\":\"https:\\\/\\\/green-chough-870564.hostingersite.com\\\/#website\",\"url\":\"https:\\\/\\\/green-chough-870564.hostingersite.com\\\/\",\"name\":\"Spirit Dust\",\"description\":\"Bi\u017cuteria z Miedzi, Srebra i Kamieni Naturalnych\",\"publisher\":{\"@id\":\"https:\\\/\\\/green-chough-870564.hostingersite.com\\\/#organization\"},\"potentialAction\":[{\"@type\":\"SearchAction\",\"target\":{\"@type\":\"EntryPoint\",\"urlTemplate\":\"https:\\\/\\\/green-chough-870564.hostingersite.com\\\/?s={search_term_string}\"},\"query-input\":{\"@type\":\"PropertyValueSpecification\",\"valueRequired\":true,\"valueName\":\"search_term_string\"}}],\"inLanguage\":\"de\"},{\"@type\":\"Organization\",\"@id\":\"https:\\\/\\\/green-chough-870564.hostingersite.com\\\/#organization\",\"name\":\"Geisterstaub\",\"url\":\"https:\\\/\\\/green-chough-870564.hostingersite.com\\\/\",\"logo\":{\"@type\":\"ImageObject\",\"inLanguage\":\"de\",\"@id\":\"https:\\\/\\\/green-chough-870564.hostingersite.com\\\/#\\\/schema\\\/logo\\\/image\\\/\",\"url\":\"https:\\\/\\\/spiritdust.pl\\\/wp-content\\\/uploads\\\/2026\\\/01\\\/logo-sd.png\",\"contentUrl\":\"https:\\\/\\\/spiritdust.pl\\\/wp-content\\\/uploads\\\/2026\\\/01\\\/logo-sd.png\",\"width\":251,\"height\":368,\"caption\":\"Geisterstaub\"},\"image\":{\"@id\":\"https:\\\/\\\/green-chough-870564.hostingersite.com\\\/#\\\/schema\\\/logo\\\/image\\\/\"},\"sameAs\":[\"https:\\\/\\\/www.facebook.com\\\/spiritdustmj\\\/\",\"https:\\\/\\\/instagram.com\\\/spirit__dust\"]}]}<\/script>\n<!-- \/ Yoast SEO plugin. -->","yoast_head_json":{"title":"Armband Blaue Tiefe \u2013 Larimar und Aquamarin in Harmonie - Spirit Dust","description":"Ein Armband aus Larimar, Aquamarin, Amazonit, Bergkristall und H\u00e4matit ist ein Talisman f\u00fcr Harmonie und Ruhe, der Kommunikation und Energie f\u00f6rdert.","robots":{"index":"index","follow":"follow","max-snippet":"max-snippet:-1","max-image-preview":"max-image-preview:large","max-video-preview":"max-video-preview:-1"},"canonical":"https:\/\/spiritdust.pl\/de\/produkt\/armband-blaue-tiefe-larimar-und-aquamarin-in-harmonie\/","og_locale":"de_DE","og_type":"article","og_title":"Armband Blaue Tiefe \u2013 Larimar und Aquamarin in Harmonie - Spirit Dust","og_description":"Ein Armband aus Larimar, Aquamarin, Amazonit, Bergkristall und H\u00e4matit ist ein Talisman f\u00fcr Harmonie und Ruhe, der Kommunikation und Energie f\u00f6rdert.","og_url":"https:\/\/spiritdust.pl\/de\/produkt\/armband-blaue-tiefe-larimar-und-aquamarin-in-harmonie\/","og_site_name":"Spirit Dust","article_publisher":"https:\/\/www.facebook.com\/spiritdustmj\/","og_image":[{"width":1088,"height":1080,"url":"https:\/\/spiritdust.pl\/wp-content\/uploads\/2026\/01\/DSC07226.jpg","type":"image\/jpeg"}],"twitter_card":"summary_large_image","twitter_misc":{"Gesch\u00e4tzte Lesezeit":"1\u00a0Minute"},"schema":{"@context":"https:\/\/schema.org","@graph":[{"@type":"WebPage","@id":"https:\/\/spiritdust.pl\/de\/produkt\/armband-blaue-tiefe-larimar-und-aquamarin-in-harmonie\/","url":"https:\/\/spiritdust.pl\/de\/produkt\/armband-blaue-tiefe-larimar-und-aquamarin-in-harmonie\/","name":"Armband Blaue Tiefe \u2013 Larimar und Aquamarin in Harmonie - Spirit Dust","isPartOf":{"@id":"https:\/\/green-chough-870564.hostingersite.com\/#website"},"primaryImageOfPage":{"@id":"https:\/\/spiritdust.pl\/de\/produkt\/armband-blaue-tiefe-larimar-und-aquamarin-in-harmonie\/#primaryimage"},"image":{"@id":"https:\/\/spiritdust.pl\/de\/produkt\/armband-blaue-tiefe-larimar-und-aquamarin-in-harmonie\/#primaryimage"},"thumbnailUrl":"https:\/\/spiritdust.pl\/wp-content\/uploads\/2026\/01\/DSC07226.jpg","datePublished":"2026-01-26T09:20:49+00:00","description":"Ein Armband aus Larimar, Aquamarin, Amazonit, Bergkristall und H\u00e4matit ist ein Talisman f\u00fcr Harmonie und Ruhe, der Kommunikation und Energie f\u00f6rdert.","breadcrumb":{"@id":"https:\/\/spiritdust.pl\/de\/produkt\/armband-blaue-tiefe-larimar-und-aquamarin-in-harmonie\/#breadcrumb"},"inLanguage":"de","potentialAction":[{"@type":"ReadAction","target":["https:\/\/spiritdust.pl\/de\/produkt\/armband-blaue-tiefe-larimar-und-aquamarin-in-harmonie\/"]}]},{"@type":"ImageObject","inLanguage":"de","@id":"https:\/\/spiritdust.pl\/de\/produkt\/armband-blaue-tiefe-larimar-und-aquamarin-in-harmonie\/#primaryimage","url":"https:\/\/spiritdust.pl\/wp-content\/uploads\/2026\/01\/DSC07226.jpg","contentUrl":"https:\/\/spiritdust.pl\/wp-content\/uploads\/2026\/01\/DSC07226.jpg","width":1088,"height":1080},{"@type":"BreadcrumbList","@id":"https:\/\/spiritdust.pl\/de\/produkt\/armband-blaue-tiefe-larimar-und-aquamarin-in-harmonie\/#breadcrumb","itemListElement":[{"@type":"ListItem","position":1,"name":"Strona g\u0142\u00f3wna","item":"https:\/\/spiritdust.pl\/de\/spirit-dust-schmuck-aus-kupfer-silber-und-natursteinen\/"},{"@type":"ListItem","position":2,"name":"Shop","item":"https:\/\/green-chough-870564.hostingersite.com\/shop\/"},{"@type":"ListItem","position":3,"name":"Armband Blaue Tiefe \u2013 Larimar und Aquamarin in Harmonie"}]},{"@type":"WebSite","@id":"https:\/\/green-chough-870564.hostingersite.com\/#website","url":"https:\/\/green-chough-870564.hostingersite.com\/","name":"Spirit Dust","description":"Bi\u017cuteria z Miedzi, Srebra i Kamieni Naturalnych","publisher":{"@id":"https:\/\/green-chough-870564.hostingersite.com\/#organization"},"potentialAction":[{"@type":"SearchAction","target":{"@type":"EntryPoint","urlTemplate":"https:\/\/green-chough-870564.hostingersite.com\/?s={search_term_string}"},"query-input":{"@type":"PropertyValueSpecification","valueRequired":true,"valueName":"search_term_string"}}],"inLanguage":"de"},{"@type":"Organization","@id":"https:\/\/green-chough-870564.hostingersite.com\/#organization","name":"Geisterstaub","url":"https:\/\/green-chough-870564.hostingersite.com\/","logo":{"@type":"ImageObject","inLanguage":"de","@id":"https:\/\/green-chough-870564.hostingersite.com\/#\/schema\/logo\/image\/","url":"https:\/\/spiritdust.pl\/wp-content\/uploads\/2026\/01\/logo-sd.png","contentUrl":"https:\/\/spiritdust.pl\/wp-content\/uploads\/2026\/01\/logo-sd.png","width":251,"height":368,"caption":"Geisterstaub"},"image":{"@id":"https:\/\/green-chough-870564.hostingersite.com\/#\/schema\/logo\/image\/"},"sameAs":["https:\/\/www.facebook.com\/spiritdustmj\/","https:\/\/instagram.com\/spirit__dust"]}]}},"_links":{"self":[{"href":"https:\/\/spiritdust.pl\/de\/wp-json\/wp\/v2\/product\/2220","targetHints":{"allow":["GET"]}}],"collection":[{"href":"https:\/\/spiritdust.pl\/de\/wp-json\/wp\/v2\/product"}],"about":[{"href":"https:\/\/spiritdust.pl\/de\/wp-json\/wp\/v2\/types\/product"}],"version-history":[{"count":0,"href":"https:\/\/spiritdust.pl\/de\/wp-json\/wp\/v2\/product\/2220\/revisions"}],"wp:featuredmedia":[{"embeddable":true,"href":"https:\/\/spiritdust.pl\/de\/wp-json\/wp\/v2\/media\/2227"}],"wp:attachment":[{"href":"https:\/\/spiritdust.pl\/de\/wp-json\/wp\/v2\/media?parent=2220"}],"wp:term":[{"taxonomy":"product_brand","embeddable":true,"href":"https:\/\/spiritdust.pl\/de\/wp-json\/wp\/v2\/product_brand?post=2220"},{"taxonomy":"product_cat","embeddable":true,"href":"https:\/\/spiritdust.pl\/de\/wp-json\/wp\/v2\/product_cat?post=2220"},{"taxonomy":"product_tag","embeddable":true,"href":"https:\/\/spiritdust.pl\/de\/wp-json\/wp\/v2\/product_tag?post=2220"}],"curies":[{"name":"wp","href":"https:\/\/api.w.org\/{rel}","templated":true}]}}