{"id":2246,"date":"2026-01-26T09:20:49","date_gmt":"2026-01-26T09:20:49","guid":{"rendered":"https:\/\/spiritdust.pl\/produkt\/chrysopras-armband-natuerliche-harmonie\/"},"modified":"2026-01-26T09:20:49","modified_gmt":"2026-01-26T09:20:49","slug":"chrysopras-armband-natuerliche-harmonie","status":"publish","type":"product","link":"https:\/\/spiritdust.pl\/de\/produkt\/chrysopras-armband-natuerliche-harmonie\/","title":{"rendered":"Chrysopras-Armband \u2013 Nat\u00fcrliche Harmonie"},"content":{"rendered":"<p><strong>Chrysopras<\/strong>, mit seiner saftig gr\u00fcnen Farbe, bringt Ruhe und Frische in dein Leben. Er unterst\u00fctzt emotionale Heilung und macht jeden Moment harmonischer. <\/p>\n<p><strong>Lavastein<\/strong>, aus dem Inneren von Vulkanen gewonnen, symbolisiert St\u00e4rke und Transformation. Er l\u00f6st angesammelte Spannungen und erinnert dich daran, dass Ver\u00e4nderungen Teil des Lebens sind. Indem wir durchs Feuer gehen, werden wir st\u00e4rker.  <\/p>\n<p><strong>Prehnit<\/strong>, der Stein der Intuition und des Schutzes, zieht Harmonie an und entfesselt innere Kr\u00e4fte. Er wirkt wie ein bester Freund, der dir in schwierigen Momenten Rat gibt und dich unterst\u00fctzt. <\/p>\n<p><strong>Smaragd<\/strong>, ein Klassiker unter den Edelsteinen, bringt Liebe, F\u00fclle und erneuernde Energie. Er f\u00f6rdert positive Beziehungen und das Finden inneren Gl\u00fccks. <\/p>\n<p><strong>Moosachat<\/strong>, mit seinem nat\u00fcrlichen, wald\u00e4hnlichen Aussehen, bringt Stabilit\u00e4t, Gleichgewicht und Ruhe. Seine gr\u00fcnen Muster erinnern an die Sch\u00f6nheit der Natur und ihre F\u00e4higkeit zur Regeneration. <\/p>\n<p><strong>Seraphinit<\/strong>, ein wundersch\u00f6ner gr\u00fcner Stein mit zarten silbrigen Adern, strahlt die Energie h\u00f6herer Sph\u00e4ren aus. Er f\u00f6rdert die spirituelle Entwicklung, \u00f6ffnet das Herz f\u00fcr die Liebe und hilft, Kontakt zu h\u00f6heren Kr\u00e4ften aufzunehmen. <\/p>\n","protected":false},"excerpt":{"rendered":"<p><strong>Armband \u201eNat\u00fcrliche Harmonie\u201c<\/strong><\/p>\n<p>Entdecke \u201eNat\u00fcrliche Harmonie\u201c \u2013 ein Armband, das Chrysopras, Lavastein, Prehnit, Smaragd, Moosachat und Seraphinit vereint. Jeder Stein schenkt Ruhe, St\u00e4rke, Intuition und Liebe und f\u00f6rdert so Gleichgewicht und innere Entwicklung. Ideal f\u00fcr alle, die Harmonie und Erneuerung suchen.  <\/p>\n<p>&nbsp;<\/p>\n<p>Die Weite ist durch einen Schiebeknoten verstellbar.<\/p>\n<p class=\"p1\">Ich verpacke den Schmuck sorgf\u00e4ltig in einer dekorativen Schachtel, sodass er sofort als Geschenk bereit ist.<\/p>\n<p>&nbsp;<\/p>\n<p><strong data-start=\"1081\" data-end=\"1127\">Das Armband wird speziell f\u00fcr dich angefertigt<\/strong> \u2013 du kannst die Farbe der Zwischenperlen bei der Bestellung w\u00e4hlen.<br data-start=\"1187\" data-end=\"1190\">Daher ist dies ein personalisiertes Produkt, das <strong data-start=\"1246\" data-end=\"1270\">vom Umtausch ausgeschlossen ist<\/strong>, gem\u00e4\u00df den geltenden Bestimmungen.<\/p>\n","protected":false},"featured_media":2253,"template":"","meta":{"inline_featured_image":false},"product_brand":[],"product_cat":[168,167],"product_tag":[231,265,267,269,266,268],"class_list":{"0":"post-2246","1":"product","2":"type-product","3":"status-publish","4":"has-post-thumbnail","6":"product_cat-armbander","7":"product_cat-schmuck","8":"product_tag-achat","9":"product_tag-chrysopras","10":"product_tag-lavastein","11":"product_tag-prehnit","12":"product_tag-seraphinit","13":"product_tag-smaragd","15":"first","16":"instock","17":"taxable","18":"shipping-taxable","19":"purchasable","20":"product-type-simple"},"yoast_head":"<!-- This site is optimized with the Yoast SEO plugin v27.5 - https:\/\/yoast.com\/product\/yoast-seo-wordpress\/ -->\n<title>Chrysopras-Armband \u2013 Nat\u00fcrliche Harmonie - Spirit Dust<\/title>\n<meta name=\"description\" content=\"Das Armband vereint die Kraft von Edelsteinen, Chrysopras, Lavastein und Smaragd, um Ruhe, St\u00e4rke und Harmonie in dein Leben zu bringen.\" \/>\n<meta name=\"robots\" content=\"index, follow, max-snippet:-1, max-image-preview:large, max-video-preview:-1\" \/>\n<link rel=\"canonical\" href=\"https:\/\/spiritdust.pl\/de\/produkt\/chrysopras-armband-natuerliche-harmonie\/\" \/>\n<meta property=\"og:locale\" content=\"de_DE\" \/>\n<meta property=\"og:type\" content=\"article\" \/>\n<meta property=\"og:title\" content=\"Chrysopras-Armband \u2013 Nat\u00fcrliche Harmonie - Spirit Dust\" \/>\n<meta property=\"og:description\" content=\"Das Armband vereint die Kraft von Edelsteinen, Chrysopras, Lavastein und Smaragd, um Ruhe, St\u00e4rke und Harmonie in dein Leben zu bringen.\" \/>\n<meta property=\"og:url\" content=\"https:\/\/spiritdust.pl\/de\/produkt\/chrysopras-armband-natuerliche-harmonie\/\" \/>\n<meta property=\"og:site_name\" content=\"Spirit Dust\" \/>\n<meta property=\"article:publisher\" content=\"https:\/\/www.facebook.com\/spiritdustmj\/\" \/>\n<meta property=\"og:image\" content=\"https:\/\/spiritdust.pl\/wp-content\/uploads\/2026\/01\/DSC06854.jpg\" \/>\n\t<meta property=\"og:image:width\" content=\"1088\" \/>\n\t<meta property=\"og:image:height\" content=\"1080\" \/>\n\t<meta property=\"og:image:type\" content=\"image\/jpeg\" \/>\n<meta name=\"twitter:card\" content=\"summary_large_image\" \/>\n<meta name=\"twitter:label1\" content=\"Gesch\u00e4tzte Lesezeit\" \/>\n\t<meta name=\"twitter:data1\" content=\"1\u00a0Minute\" \/>\n<script type=\"application\/ld+json\" class=\"yoast-schema-graph\">{\"@context\":\"https:\\\/\\\/schema.org\",\"@graph\":[{\"@type\":\"WebPage\",\"@id\":\"https:\\\/\\\/spiritdust.pl\\\/de\\\/produkt\\\/chrysopras-armband-natuerliche-harmonie\\\/\",\"url\":\"https:\\\/\\\/spiritdust.pl\\\/de\\\/produkt\\\/chrysopras-armband-natuerliche-harmonie\\\/\",\"name\":\"Chrysopras-Armband \u2013 Nat\u00fcrliche Harmonie - Spirit Dust\",\"isPartOf\":{\"@id\":\"https:\\\/\\\/green-chough-870564.hostingersite.com\\\/#website\"},\"primaryImageOfPage\":{\"@id\":\"https:\\\/\\\/spiritdust.pl\\\/de\\\/produkt\\\/chrysopras-armband-natuerliche-harmonie\\\/#primaryimage\"},\"image\":{\"@id\":\"https:\\\/\\\/spiritdust.pl\\\/de\\\/produkt\\\/chrysopras-armband-natuerliche-harmonie\\\/#primaryimage\"},\"thumbnailUrl\":\"https:\\\/\\\/spiritdust.pl\\\/wp-content\\\/uploads\\\/2026\\\/01\\\/DSC06854.jpg\",\"datePublished\":\"2026-01-26T09:20:49+00:00\",\"description\":\"Das Armband vereint die Kraft von Edelsteinen, Chrysopras, Lavastein und Smaragd, um Ruhe, St\u00e4rke und Harmonie in dein Leben zu bringen.\",\"breadcrumb\":{\"@id\":\"https:\\\/\\\/spiritdust.pl\\\/de\\\/produkt\\\/chrysopras-armband-natuerliche-harmonie\\\/#breadcrumb\"},\"inLanguage\":\"de\",\"potentialAction\":[{\"@type\":\"ReadAction\",\"target\":[\"https:\\\/\\\/spiritdust.pl\\\/de\\\/produkt\\\/chrysopras-armband-natuerliche-harmonie\\\/\"]}]},{\"@type\":\"ImageObject\",\"inLanguage\":\"de\",\"@id\":\"https:\\\/\\\/spiritdust.pl\\\/de\\\/produkt\\\/chrysopras-armband-natuerliche-harmonie\\\/#primaryimage\",\"url\":\"https:\\\/\\\/spiritdust.pl\\\/wp-content\\\/uploads\\\/2026\\\/01\\\/DSC06854.jpg\",\"contentUrl\":\"https:\\\/\\\/spiritdust.pl\\\/wp-content\\\/uploads\\\/2026\\\/01\\\/DSC06854.jpg\",\"width\":1088,\"height\":1080},{\"@type\":\"BreadcrumbList\",\"@id\":\"https:\\\/\\\/spiritdust.pl\\\/de\\\/produkt\\\/chrysopras-armband-natuerliche-harmonie\\\/#breadcrumb\",\"itemListElement\":[{\"@type\":\"ListItem\",\"position\":1,\"name\":\"Strona g\u0142\u00f3wna\",\"item\":\"https:\\\/\\\/spiritdust.pl\\\/de\\\/spirit-dust-schmuck-aus-kupfer-silber-und-natursteinen\\\/\"},{\"@type\":\"ListItem\",\"position\":2,\"name\":\"Shop\",\"item\":\"https:\\\/\\\/green-chough-870564.hostingersite.com\\\/shop\\\/\"},{\"@type\":\"ListItem\",\"position\":3,\"name\":\"Chrysopras-Armband \u2013 Nat\u00fcrliche Harmonie\"}]},{\"@type\":\"WebSite\",\"@id\":\"https:\\\/\\\/green-chough-870564.hostingersite.com\\\/#website\",\"url\":\"https:\\\/\\\/green-chough-870564.hostingersite.com\\\/\",\"name\":\"Spirit Dust\",\"description\":\"Bi\u017cuteria z Miedzi, Srebra i Kamieni Naturalnych\",\"publisher\":{\"@id\":\"https:\\\/\\\/green-chough-870564.hostingersite.com\\\/#organization\"},\"potentialAction\":[{\"@type\":\"SearchAction\",\"target\":{\"@type\":\"EntryPoint\",\"urlTemplate\":\"https:\\\/\\\/green-chough-870564.hostingersite.com\\\/?s={search_term_string}\"},\"query-input\":{\"@type\":\"PropertyValueSpecification\",\"valueRequired\":true,\"valueName\":\"search_term_string\"}}],\"inLanguage\":\"de\"},{\"@type\":\"Organization\",\"@id\":\"https:\\\/\\\/green-chough-870564.hostingersite.com\\\/#organization\",\"name\":\"Geisterstaub\",\"url\":\"https:\\\/\\\/green-chough-870564.hostingersite.com\\\/\",\"logo\":{\"@type\":\"ImageObject\",\"inLanguage\":\"de\",\"@id\":\"https:\\\/\\\/green-chough-870564.hostingersite.com\\\/#\\\/schema\\\/logo\\\/image\\\/\",\"url\":\"https:\\\/\\\/spiritdust.pl\\\/wp-content\\\/uploads\\\/2026\\\/01\\\/logo-sd.png\",\"contentUrl\":\"https:\\\/\\\/spiritdust.pl\\\/wp-content\\\/uploads\\\/2026\\\/01\\\/logo-sd.png\",\"width\":251,\"height\":368,\"caption\":\"Geisterstaub\"},\"image\":{\"@id\":\"https:\\\/\\\/green-chough-870564.hostingersite.com\\\/#\\\/schema\\\/logo\\\/image\\\/\"},\"sameAs\":[\"https:\\\/\\\/www.facebook.com\\\/spiritdustmj\\\/\",\"https:\\\/\\\/instagram.com\\\/spirit__dust\"]}]}<\/script>\n<!-- \/ Yoast SEO plugin. -->","yoast_head_json":{"title":"Chrysopras-Armband \u2013 Nat\u00fcrliche Harmonie - Spirit Dust","description":"Das Armband vereint die Kraft von Edelsteinen, Chrysopras, Lavastein und Smaragd, um Ruhe, St\u00e4rke und Harmonie in dein Leben zu bringen.","robots":{"index":"index","follow":"follow","max-snippet":"max-snippet:-1","max-image-preview":"max-image-preview:large","max-video-preview":"max-video-preview:-1"},"canonical":"https:\/\/spiritdust.pl\/de\/produkt\/chrysopras-armband-natuerliche-harmonie\/","og_locale":"de_DE","og_type":"article","og_title":"Chrysopras-Armband \u2013 Nat\u00fcrliche Harmonie - Spirit Dust","og_description":"Das Armband vereint die Kraft von Edelsteinen, Chrysopras, Lavastein und Smaragd, um Ruhe, St\u00e4rke und Harmonie in dein Leben zu bringen.","og_url":"https:\/\/spiritdust.pl\/de\/produkt\/chrysopras-armband-natuerliche-harmonie\/","og_site_name":"Spirit Dust","article_publisher":"https:\/\/www.facebook.com\/spiritdustmj\/","og_image":[{"width":1088,"height":1080,"url":"https:\/\/spiritdust.pl\/wp-content\/uploads\/2026\/01\/DSC06854.jpg","type":"image\/jpeg"}],"twitter_card":"summary_large_image","twitter_misc":{"Gesch\u00e4tzte Lesezeit":"1\u00a0Minute"},"schema":{"@context":"https:\/\/schema.org","@graph":[{"@type":"WebPage","@id":"https:\/\/spiritdust.pl\/de\/produkt\/chrysopras-armband-natuerliche-harmonie\/","url":"https:\/\/spiritdust.pl\/de\/produkt\/chrysopras-armband-natuerliche-harmonie\/","name":"Chrysopras-Armband \u2013 Nat\u00fcrliche Harmonie - Spirit Dust","isPartOf":{"@id":"https:\/\/green-chough-870564.hostingersite.com\/#website"},"primaryImageOfPage":{"@id":"https:\/\/spiritdust.pl\/de\/produkt\/chrysopras-armband-natuerliche-harmonie\/#primaryimage"},"image":{"@id":"https:\/\/spiritdust.pl\/de\/produkt\/chrysopras-armband-natuerliche-harmonie\/#primaryimage"},"thumbnailUrl":"https:\/\/spiritdust.pl\/wp-content\/uploads\/2026\/01\/DSC06854.jpg","datePublished":"2026-01-26T09:20:49+00:00","description":"Das Armband vereint die Kraft von Edelsteinen, Chrysopras, Lavastein und Smaragd, um Ruhe, St\u00e4rke und Harmonie in dein Leben zu bringen.","breadcrumb":{"@id":"https:\/\/spiritdust.pl\/de\/produkt\/chrysopras-armband-natuerliche-harmonie\/#breadcrumb"},"inLanguage":"de","potentialAction":[{"@type":"ReadAction","target":["https:\/\/spiritdust.pl\/de\/produkt\/chrysopras-armband-natuerliche-harmonie\/"]}]},{"@type":"ImageObject","inLanguage":"de","@id":"https:\/\/spiritdust.pl\/de\/produkt\/chrysopras-armband-natuerliche-harmonie\/#primaryimage","url":"https:\/\/spiritdust.pl\/wp-content\/uploads\/2026\/01\/DSC06854.jpg","contentUrl":"https:\/\/spiritdust.pl\/wp-content\/uploads\/2026\/01\/DSC06854.jpg","width":1088,"height":1080},{"@type":"BreadcrumbList","@id":"https:\/\/spiritdust.pl\/de\/produkt\/chrysopras-armband-natuerliche-harmonie\/#breadcrumb","itemListElement":[{"@type":"ListItem","position":1,"name":"Strona g\u0142\u00f3wna","item":"https:\/\/spiritdust.pl\/de\/spirit-dust-schmuck-aus-kupfer-silber-und-natursteinen\/"},{"@type":"ListItem","position":2,"name":"Shop","item":"https:\/\/green-chough-870564.hostingersite.com\/shop\/"},{"@type":"ListItem","position":3,"name":"Chrysopras-Armband \u2013 Nat\u00fcrliche Harmonie"}]},{"@type":"WebSite","@id":"https:\/\/green-chough-870564.hostingersite.com\/#website","url":"https:\/\/green-chough-870564.hostingersite.com\/","name":"Spirit Dust","description":"Bi\u017cuteria z Miedzi, Srebra i Kamieni Naturalnych","publisher":{"@id":"https:\/\/green-chough-870564.hostingersite.com\/#organization"},"potentialAction":[{"@type":"SearchAction","target":{"@type":"EntryPoint","urlTemplate":"https:\/\/green-chough-870564.hostingersite.com\/?s={search_term_string}"},"query-input":{"@type":"PropertyValueSpecification","valueRequired":true,"valueName":"search_term_string"}}],"inLanguage":"de"},{"@type":"Organization","@id":"https:\/\/green-chough-870564.hostingersite.com\/#organization","name":"Geisterstaub","url":"https:\/\/green-chough-870564.hostingersite.com\/","logo":{"@type":"ImageObject","inLanguage":"de","@id":"https:\/\/green-chough-870564.hostingersite.com\/#\/schema\/logo\/image\/","url":"https:\/\/spiritdust.pl\/wp-content\/uploads\/2026\/01\/logo-sd.png","contentUrl":"https:\/\/spiritdust.pl\/wp-content\/uploads\/2026\/01\/logo-sd.png","width":251,"height":368,"caption":"Geisterstaub"},"image":{"@id":"https:\/\/green-chough-870564.hostingersite.com\/#\/schema\/logo\/image\/"},"sameAs":["https:\/\/www.facebook.com\/spiritdustmj\/","https:\/\/instagram.com\/spirit__dust"]}]}},"_links":{"self":[{"href":"https:\/\/spiritdust.pl\/de\/wp-json\/wp\/v2\/product\/2246","targetHints":{"allow":["GET"]}}],"collection":[{"href":"https:\/\/spiritdust.pl\/de\/wp-json\/wp\/v2\/product"}],"about":[{"href":"https:\/\/spiritdust.pl\/de\/wp-json\/wp\/v2\/types\/product"}],"version-history":[{"count":0,"href":"https:\/\/spiritdust.pl\/de\/wp-json\/wp\/v2\/product\/2246\/revisions"}],"wp:featuredmedia":[{"embeddable":true,"href":"https:\/\/spiritdust.pl\/de\/wp-json\/wp\/v2\/media\/2253"}],"wp:attachment":[{"href":"https:\/\/spiritdust.pl\/de\/wp-json\/wp\/v2\/media?parent=2246"}],"wp:term":[{"taxonomy":"product_brand","embeddable":true,"href":"https:\/\/spiritdust.pl\/de\/wp-json\/wp\/v2\/product_brand?post=2246"},{"taxonomy":"product_cat","embeddable":true,"href":"https:\/\/spiritdust.pl\/de\/wp-json\/wp\/v2\/product_cat?post=2246"},{"taxonomy":"product_tag","embeddable":true,"href":"https:\/\/spiritdust.pl\/de\/wp-json\/wp\/v2\/product_tag?post=2246"}],"curies":[{"name":"wp","href":"https:\/\/api.w.org\/{rel}","templated":true}]}}