{"id":2271,"date":"2026-01-26T09:25:19","date_gmt":"2026-01-26T09:25:19","guid":{"rendered":"https:\/\/spiritdust.pl\/produkt\/silberring-mit-gruenquarz-gr-155-herz-des-waldes\/"},"modified":"2026-01-26T09:25:19","modified_gmt":"2026-01-26T09:25:19","slug":"silberring-mit-gruenquarz-gr-155-herz-des-waldes","status":"publish","type":"product","link":"https:\/\/spiritdust.pl\/de\/produkt\/silberring-mit-gruenquarz-gr-155-herz-des-waldes\/","title":{"rendered":"Silberring mit Gr\u00fcnquarz Gr. 15,5 \u2013 Herz des Waldes"},"content":{"rendered":"<div class=\"flex-1 overflow-hidden\">\n<div class=\"react-scroll-to-bottom--css-occsb-79elbk h-full\">\n<div class=\"react-scroll-to-bottom--css-occsb-1n7m0yu\">\n<div class=\"flex flex-col text-sm pb-9\">\n<div class=\"w-full text-token-text-primary\" dir=\"auto\" data-testid=\"conversation-turn-9\">\n<div class=\"px-4 py-2 justify-center text-base md:gap-6 m-auto\">\n<div class=\"flex flex-1 text-base mx-auto gap-3 juice:gap-4 juice:md:gap-6 md:px-5 lg:px-1 xl:px-5 md:max-w-3xl lg:max-w-[40rem] xl:max-w-[48rem] group final-completion\">\n<div class=\"relative flex w-full flex-col agent-turn\">\n<div class=\"flex-col gap-1 md:gap-3\">\n<div class=\"flex flex-grow flex-col max-w-full\">\n<div class=\"min-h-[20px] text-message flex flex-col items-start gap-3 whitespace-pre-wrap break-words [.text-message+&amp;]:mt-5 overflow-x-auto\" dir=\"auto\" data-message-author-role=\"assistant\" data-message-id=\"30541e44-f1f3-4bd2-8e30-509419f31451\">\n<div class=\"markdown prose w-full break-words dark:prose-invert dark\">\n<div class=\"flex flex-grow flex-col max-w-full\">\n<div class=\"min-h-[20px] text-message flex flex-col items-start whitespace-pre-wrap break-words [.text-message+&amp;]:mt-5 juice:w-full juice:items-end overflow-x-auto gap-2\" dir=\"auto\" data-message-author-role=\"assistant\" data-message-id=\"665bb0dd-afe8-4b4b-8479-c369f471f22c\">\n<div class=\"flex w-full flex-col gap-1 juice:empty:hidden juice:first:pt-[3px]\">\n<div class=\"markdown prose w-full break-words dark:prose-invert dark\">\n<div class=\"flex flex-grow flex-col max-w-full\">\n<div class=\"min-h-[20px] text-message flex flex-col items-start whitespace-pre-wrap break-words [.text-message+&amp;]:mt-5 juice:w-full juice:items-end overflow-x-auto gap-2\" dir=\"auto\" data-message-author-role=\"assistant\" data-message-id=\"492f83dc-8daf-4fc4-8405-39b5edb1d3e3\">\n<div class=\"flex w-full flex-col gap-1 juice:empty:hidden juice:first:pt-[3px]\">\n<div class=\"markdown prose w-full break-words dark:prose-invert dark\">\n<div class=\"flex-shrink-0 flex flex-col relative items-end\">\n<div class=\"pt-0.5 juice:pt-0\">\n<div class=\"gizmo-bot-avatar flex h-6 w-6 items-center justify-center overflow-hidden rounded-full juice:h-8 juice:w-8\">\n<div class=\"relative p-1 rounded-sm flex items-center justify-center bg-token-main-surface-primary text-token-text-primary h-8 w-8\">\n<div class=\"flex-shrink-0 flex flex-col relative items-end\">\n<div class=\"pt-0.5 juice:pt-0\">\n<div class=\"gizmo-bot-avatar flex h-6 w-6 items-center justify-center overflow-hidden rounded-full juice:h-8 juice:w-8\">\n<div class=\"relative p-1 rounded-sm flex items-center justify-center bg-token-main-surface-primary text-token-text-primary h-8 w-8\">\n<h3 data-start=\"210\" data-end=\"226\">Herz des Waldes<\/h3>\n<p data-start=\"227\" data-end=\"603\">Dieser <strong data-start=\"231\" data-end=\"273\">Silberring mit Gr\u00fcnquarz<\/strong> sieht aus wie ein St\u00fcck eines uralten Waldes, in Silber gefasst. Der Stein mit den Ma\u00dfen ca. 13 \u00d7 10 mm schimmert mit feinen Reflexen und erinnert an die ruhige Tiefe des Gr\u00fcns, die Augen und Fantasie beruhigt. Dank der kunstvoll verzierten Fassung aus 925er Sterlingsilber erh\u00e4lt das Ganze Charakter und wirkt wie ein Schmuckst\u00fcck aus einem M\u00e4rchen.   <\/p>\n<h3 data-start=\"605\" data-end=\"637\">Symbolik des Gr\u00fcnquarzes<\/h3>\n<p data-start=\"638\" data-end=\"1068\">Gr\u00fcnquarz gilt als Stein der Harmonie und des Gleichgewichts und wird daher oft mit der Energie der Natur in Verbindung gebracht. Er symbolisiert Ruhe, Hoffnung und Erneuerung und hilft, innere St\u00e4rke zu finden. Dar\u00fcber hinaus wurde er in vielen Kulturen als Gl\u00fccksbringer und zur St\u00e4rkung der Intuition angesehen. Deshalb ist dieser <strong data-start=\"942\" data-end=\"984\">Silberring mit Gr\u00fcnquarz<\/strong> nicht nur ein wundersch\u00f6nes Schmuckst\u00fcck, sondern auch ein Amulett, das du nah bei dir tragen kannst.   <\/p>\n<h3 data-start=\"1070\" data-end=\"1101\">Ma\u00dfe und Tragekomfort<\/h3>\n<p data-start=\"1102\" data-end=\"1468\">Der Ring hat die Gr\u00f6\u00dfe 15,5 (Innendurchmesser ca. 15,9 mm), w\u00e4hrend der Gr\u00fcnquarz-Stein ca. 13 \u00d7 10 mm misst. Dank der stabilen Fassung ist der Ring langlebig und angenehm zu tragen. Seine charakteristische Form und Farbe machen ihn sowohl f\u00fcr allt\u00e4gliche Outfits als auch f\u00fcr besondere Anl\u00e4sse passend und unterstreichen den individuellen Stil der Tr\u00e4gerin.   <\/p>\n<h3 data-start=\"1470\" data-end=\"1485\">F\u00fcr wen?<\/h3>\n<ul data-start=\"1486\" data-end=\"1706\">\n<li data-start=\"1486\" data-end=\"1539\">\n<p data-start=\"1488\" data-end=\"1539\">f\u00fcr Frauen, die die Natur und ihre Symbolik lieben,<\/p>\n<\/li>\n<li data-start=\"1540\" data-end=\"1601\">\n<p data-start=\"1542\" data-end=\"1601\">f\u00fcr Menschen, die einzigartigen, handgefertigten Schmuck sch\u00e4tzen,<\/p>\n<\/li>\n<li data-start=\"1602\" data-end=\"1653\">\n<p data-start=\"1604\" data-end=\"1653\">f\u00fcr Liebhaberinnen von Steinen in Gr\u00fcnt\u00f6nen,<\/p>\n<\/li>\n<li data-start=\"1654\" data-end=\"1706\">\n<p data-start=\"1656\" data-end=\"1706\">und auch als Geschenk voller Harmonie und Bedeutung.<\/p>\n<\/li>\n<\/ul>\n<h3 data-start=\"1708\" data-end=\"1733\">Einzigartiger Charakter<\/h3>\n<p data-start=\"1734\" data-end=\"1999\">Jeder Gr\u00fcnquarz ist einzigartig, da er sich in Farbton und Intensit\u00e4t unterscheidet. Dadurch ist dein Ring absolut einzigartig. <\/p>\n<hr data-start=\"2001\" data-end=\"2004\">\n<h2 data-start=\"2006\" data-end=\"2018\">Ma\u00dfe<\/h2>\n<ul data-start=\"2019\" data-end=\"2146\">\n<li data-start=\"2019\" data-end=\"2036\">\n<p data-start=\"2021\" data-end=\"2036\">Gr\u00f6\u00dfe: 15,5<\/p>\n<\/li>\n<li data-start=\"2037\" data-end=\"2073\">\n<p data-start=\"2039\" data-end=\"2073\">Innendurchmesser: ca. 15,9 mm <\/p>\n<\/li>\n<li data-start=\"2074\" data-end=\"2115\">\n<p data-start=\"2076\" data-end=\"2115\">Stein: Gr\u00fcnquarz, ca. 13 \u00d7 10 mm <\/p>\n<\/li>\n<li data-start=\"2116\" data-end=\"2146\">\n<p data-start=\"2118\" data-end=\"2146\">Material: 925er Sterlingsilber<\/p>\n<\/li>\n<\/ul>\n<hr data-start=\"1422\" data-end=\"1425\">\n<p>Sieh dir auch andere <a class=\"cursor-pointer\" href=\"https:\/\/spiritdust.pl\/kategoria-produktu\/bizuteria\/pierscionki-srebrne\/?v=288404204e3d\" target=\"_blank\" rel=\"noopener\" data-start=\"2147\" data-end=\"2204\">einzigartige Silberringe<\/a> an.<\/p>\n<\/div>\n<\/div>\n<\/div>\n<\/div>\n<\/div>\n<\/div>\n<\/div>\n<\/div>\n<\/div>\n<\/div>\n<\/div>\n<\/div>\n<\/div>\n<\/div>\n<\/div>\n<\/div>\n<\/div>\n<\/div>\n<\/div>\n<\/div>\n<\/div>\n<\/div>\n<\/div>\n<\/div>\n<\/div>\n<\/div>\n<\/div>\n<\/div>\n","protected":false},"excerpt":{"rendered":"<div class=\"flex-1 overflow-hidden\">\n<div class=\"react-scroll-to-bottom--css-gpzpe-79elbk h-full\">\n<div class=\"react-scroll-to-bottom--css-gpzpe-1n7m0yu\">\n<div class=\"flex flex-col text-sm gizmo:pb-9 dark:bg-gray-800 gizmo:dark:bg-transparent\">\n<div class=\"w-full text-token-text-primary border-b border-black\/10 gizmo:border-0 dark:border-gray-900\/50 gizmo:dark:border-0 bg-gray-50 gizmo:bg-transparent dark:bg-[#444654] gizmo:dark:bg-transparent\" data-testid=\"conversation-turn-5\">\n<div class=\"p-4 gizmo:py-2 justify-center text-base md:gap-6 md:py-6 m-auto\">\n<div class=\"flex flex-1 gap-4 text-base mx-auto md:gap-6 gizmo:gap-3 gizmo:md:px-5 gizmo:lg:px-1 gizmo:xl:px-5 md:max-w-2xl lg:max-w-[38rem] gizmo:md:max-w-3xl gizmo:lg:max-w-[40rem] gizmo:xl:max-w-[48rem] xl:max-w-3xl } group final-completion\">\n<div class=\"relative flex w-[calc(100%-50px)] flex-col gizmo:w-full lg:w-[calc(100%-115px)] agent-turn\">\n<div class=\"flex-col gap-1 md:gap-3\">\n<div class=\"flex flex-grow flex-col max-w-full gap-3 gizmo:gap-0\">\n<div class=\"min-h-[20px] text-message flex flex-col items-start gap-3 whitespace-pre-wrap break-words [.text-message+&amp;]:mt-5 overflow-x-auto\" data-message-author-role=\"assistant\" data-message-id=\"1b122955-23be-4dd9-98ec-1a093db6e5d7\">\n<div class=\"markdown prose w-full break-words dark:prose-invert dark\">\n<div class=\"flex-shrink-0 flex flex-col relative items-end\">\n<div class=\"pt-0.5 juice:pt-0\">\n<div class=\"gizmo-bot-avatar flex h-6 w-6 items-center justify-center overflow-hidden rounded-full juice:h-8 juice:w-8\">\n<div class=\"flex-shrink-0 flex flex-col relative items-end\">\n<div class=\"pt-0\">\n<div class=\"gizmo-bot-avatar flex h-8 w-8 items-center justify-center overflow-hidden rounded-full\">\n<div class=\"relative p-1 rounded-sm flex items-center justify-center bg-token-main-surface-primary text-token-text-primary h-8 w-8\">\n<div class=\"flex-1 overflow-hidden\">\n<div class=\"h-full\">\n<div class=\"react-scroll-to-bottom--css-nvirs-79elbk h-full\">\n<div class=\"react-scroll-to-bottom--css-nvirs-1n7m0yu\">\n<div class=\"flex flex-col text-sm md:pb-9\">\n<article class=\"w-full text-token-text-primary focus-visible:outline-2 focus-visible:outline-offset-[-4px]\" dir=\"auto\" data-testid=\"conversation-turn-5\" data-scroll-anchor=\"true\">\n<div class=\"m-auto text-base py-[18px] px-3 md:px-4 w-full md:px-5 lg:px-4 xl:px-5\">\n<div class=\"mx-auto flex flex-1 gap-4 text-base md:gap-5 lg:gap-6 md:max-w-3xl lg:max-w-[40rem] xl:max-w-[48rem]\">\n<div class=\"group\/conversation-turn relative flex w-full min-w-0 flex-col agent-turn\">\n<div class=\"flex-col gap-1 md:gap-3\">\n<div class=\"flex max-w-full flex-col flex-grow\">\n<div class=\"min-h-8 text-message flex w-full flex-col items-end gap-2 whitespace-normal break-words [.text-message+&amp;]:mt-5\" dir=\"auto\" data-message-author-role=\"assistant\" data-message-id=\"8db1fdd0-8c55-43ec-914c-ce7541ebe94e\" data-message-model-slug=\"gpt-4o-mini\">\n<div class=\"flex w-full flex-col gap-1 empty:hidden first:pt-[3px]\">\n<div class=\"result-streaming markdown prose w-full break-words dark:prose-invert dark\">\n<div class=\"flex-1 overflow-hidden\">\n<div class=\"h-full\">\n<div class=\"react-scroll-to-bottom--css-nvirs-79elbk h-full\">\n<div class=\"react-scroll-to-bottom--css-nvirs-1n7m0yu\">\n<div class=\"flex flex-col text-sm md:pb-9\">\n<article class=\"w-full text-token-text-primary focus-visible:outline-2 focus-visible:outline-offset-[-4px]\" dir=\"auto\" data-testid=\"conversation-turn-7\" data-scroll-anchor=\"true\">\n<div class=\"m-auto text-base py-[18px] px-3 md:px-4 w-full md:px-5 lg:px-4 xl:px-5\">\n<div class=\"mx-auto flex flex-1 gap-4 text-base md:gap-5 lg:gap-6 md:max-w-3xl lg:max-w-[40rem] xl:max-w-[48rem]\">\n<div class=\"group\/conversation-turn relative flex w-full min-w-0 flex-col agent-turn\">\n<div class=\"flex-col gap-1 md:gap-3\">\n<div class=\"flex max-w-full flex-col flex-grow\">\n<p data-start=\"2172\" data-end=\"2300\">Silberring mit Gr\u00fcnquarz (13 \u00d7 10 mm), Gr\u00f6\u00dfe 15,5. \u201eHerz des Waldes\u201c \u2013 Schmuck, inspiriert von der Natur und ihrer Harmonie.<\/p>\n<p data-start=\"2249\" data-end=\"2276\">Ich verpacke den Schmuck sorgf\u00e4ltig in einer dekorativen Schachtel, sodass er sofort als Geschenk bereit ist.<\/p>\n<\/div>\n<\/div>\n<\/div>\n<\/div>\n<\/div>\n<\/article>\n<\/div>\n<\/div>\n<\/div>\n<\/div>\n<\/div>\n<\/div>\n<\/div>\n<\/div>\n<\/div>\n<\/div>\n<\/div>\n<\/div>\n<\/div>\n<\/article>\n<\/div>\n<\/div>\n<\/div>\n<\/div>\n<\/div>\n<\/div>\n<\/div>\n<\/div>\n<\/div>\n<\/div>\n<\/div>\n<\/div>\n<\/div>\n<\/div>\n<\/div>\n<\/div>\n<\/div>\n<\/div>\n<\/div>\n<\/div>\n<\/div>\n<\/div>\n<\/div>\n<\/div>\n","protected":false},"featured_media":2275,"template":"","meta":{"inline_featured_image":false},"product_brand":[],"product_cat":[167,250],"product_tag":[272,199],"class_list":{"0":"post-2271","1":"product","2":"type-product","3":"status-publish","4":"has-post-thumbnail","6":"product_cat-schmuck","7":"product_cat-silberringe","8":"product_tag-grunquarz","9":"product_tag-silber","11":"first","12":"instock","13":"taxable","14":"shipping-taxable","15":"purchasable","16":"product-type-simple"},"yoast_head":"<!-- This site is optimized with the Yoast SEO plugin v27.5 - https:\/\/yoast.com\/product\/yoast-seo-wordpress\/ -->\n<title>Silberring mit Gr\u00fcnquarz Gr. 15,5 \u2013 Herz des Waldes - Spirit Dust<\/title>\n<meta name=\"description\" content=\"Silberring mit Gr\u00fcnquarz Gr. 15,5. \u201eHerz des Waldes\u201c \u2013 Schmuck aus 925er Sterlingsilber, inspiriert von der Natur und ihrer Harmonie.\" \/>\n<meta name=\"robots\" content=\"index, follow, max-snippet:-1, max-image-preview:large, max-video-preview:-1\" \/>\n<link rel=\"canonical\" href=\"https:\/\/spiritdust.pl\/de\/produkt\/silberring-mit-gruenquarz-gr-155-herz-des-waldes\/\" \/>\n<meta property=\"og:locale\" content=\"de_DE\" \/>\n<meta property=\"og:type\" content=\"article\" \/>\n<meta property=\"og:title\" content=\"Silberring mit Gr\u00fcnquarz Gr. 15,5 \u2013 Herz des Waldes - Spirit Dust\" \/>\n<meta property=\"og:description\" content=\"Silberring mit Gr\u00fcnquarz Gr. 15,5. \u201eHerz des Waldes\u201c \u2013 Schmuck aus 925er Sterlingsilber, inspiriert von der Natur und ihrer Harmonie.\" \/>\n<meta property=\"og:url\" content=\"https:\/\/spiritdust.pl\/de\/produkt\/silberring-mit-gruenquarz-gr-155-herz-des-waldes\/\" \/>\n<meta property=\"og:site_name\" content=\"Spirit Dust\" \/>\n<meta property=\"article:publisher\" content=\"https:\/\/www.facebook.com\/spiritdustmj\/\" \/>\n<meta property=\"og:image\" content=\"https:\/\/spiritdust.pl\/wp-content\/uploads\/2026\/01\/DSC01717-scaled-1.webp\" \/>\n\t<meta property=\"og:image:width\" content=\"1920\" \/>\n\t<meta property=\"og:image:height\" content=\"1920\" \/>\n\t<meta property=\"og:image:type\" content=\"image\/webp\" \/>\n<meta name=\"twitter:card\" content=\"summary_large_image\" \/>\n<meta name=\"twitter:label1\" content=\"Gesch\u00e4tzte Lesezeit\" \/>\n\t<meta name=\"twitter:data1\" content=\"1\u00a0Minute\" \/>\n<script type=\"application\/ld+json\" class=\"yoast-schema-graph\">{\"@context\":\"https:\\\/\\\/schema.org\",\"@graph\":[{\"@type\":\"WebPage\",\"@id\":\"https:\\\/\\\/spiritdust.pl\\\/de\\\/produkt\\\/silberring-mit-gruenquarz-gr-155-herz-des-waldes\\\/\",\"url\":\"https:\\\/\\\/spiritdust.pl\\\/de\\\/produkt\\\/silberring-mit-gruenquarz-gr-155-herz-des-waldes\\\/\",\"name\":\"Silberring mit Gr\u00fcnquarz Gr. 15,5 \u2013 Herz des Waldes - Spirit Dust\",\"isPartOf\":{\"@id\":\"https:\\\/\\\/green-chough-870564.hostingersite.com\\\/#website\"},\"primaryImageOfPage\":{\"@id\":\"https:\\\/\\\/spiritdust.pl\\\/de\\\/produkt\\\/silberring-mit-gruenquarz-gr-155-herz-des-waldes\\\/#primaryimage\"},\"image\":{\"@id\":\"https:\\\/\\\/spiritdust.pl\\\/de\\\/produkt\\\/silberring-mit-gruenquarz-gr-155-herz-des-waldes\\\/#primaryimage\"},\"thumbnailUrl\":\"https:\\\/\\\/spiritdust.pl\\\/wp-content\\\/uploads\\\/2026\\\/01\\\/DSC01717-scaled-1.webp\",\"datePublished\":\"2026-01-26T09:25:19+00:00\",\"description\":\"Silberring mit Gr\u00fcnquarz Gr. 15,5. \u201eHerz des Waldes\u201c \u2013 Schmuck aus 925er Sterlingsilber, inspiriert von der Natur und ihrer Harmonie.\",\"breadcrumb\":{\"@id\":\"https:\\\/\\\/spiritdust.pl\\\/de\\\/produkt\\\/silberring-mit-gruenquarz-gr-155-herz-des-waldes\\\/#breadcrumb\"},\"inLanguage\":\"de\",\"potentialAction\":[{\"@type\":\"ReadAction\",\"target\":[\"https:\\\/\\\/spiritdust.pl\\\/de\\\/produkt\\\/silberring-mit-gruenquarz-gr-155-herz-des-waldes\\\/\"]}]},{\"@type\":\"ImageObject\",\"inLanguage\":\"de\",\"@id\":\"https:\\\/\\\/spiritdust.pl\\\/de\\\/produkt\\\/silberring-mit-gruenquarz-gr-155-herz-des-waldes\\\/#primaryimage\",\"url\":\"https:\\\/\\\/spiritdust.pl\\\/wp-content\\\/uploads\\\/2026\\\/01\\\/DSC01717-scaled-1.webp\",\"contentUrl\":\"https:\\\/\\\/spiritdust.pl\\\/wp-content\\\/uploads\\\/2026\\\/01\\\/DSC01717-scaled-1.webp\",\"width\":1920,\"height\":1920},{\"@type\":\"BreadcrumbList\",\"@id\":\"https:\\\/\\\/spiritdust.pl\\\/de\\\/produkt\\\/silberring-mit-gruenquarz-gr-155-herz-des-waldes\\\/#breadcrumb\",\"itemListElement\":[{\"@type\":\"ListItem\",\"position\":1,\"name\":\"Strona g\u0142\u00f3wna\",\"item\":\"https:\\\/\\\/spiritdust.pl\\\/de\\\/spirit-dust-schmuck-aus-kupfer-silber-und-natursteinen\\\/\"},{\"@type\":\"ListItem\",\"position\":2,\"name\":\"Shop\",\"item\":\"https:\\\/\\\/green-chough-870564.hostingersite.com\\\/shop\\\/\"},{\"@type\":\"ListItem\",\"position\":3,\"name\":\"Silberring mit Gr\u00fcnquarz Gr. 15,5 \u2013 Herz des Waldes\"}]},{\"@type\":\"WebSite\",\"@id\":\"https:\\\/\\\/green-chough-870564.hostingersite.com\\\/#website\",\"url\":\"https:\\\/\\\/green-chough-870564.hostingersite.com\\\/\",\"name\":\"Spirit Dust\",\"description\":\"Bi\u017cuteria z Miedzi, Srebra i Kamieni Naturalnych\",\"publisher\":{\"@id\":\"https:\\\/\\\/green-chough-870564.hostingersite.com\\\/#organization\"},\"potentialAction\":[{\"@type\":\"SearchAction\",\"target\":{\"@type\":\"EntryPoint\",\"urlTemplate\":\"https:\\\/\\\/green-chough-870564.hostingersite.com\\\/?s={search_term_string}\"},\"query-input\":{\"@type\":\"PropertyValueSpecification\",\"valueRequired\":true,\"valueName\":\"search_term_string\"}}],\"inLanguage\":\"de\"},{\"@type\":\"Organization\",\"@id\":\"https:\\\/\\\/green-chough-870564.hostingersite.com\\\/#organization\",\"name\":\"Geisterstaub\",\"url\":\"https:\\\/\\\/green-chough-870564.hostingersite.com\\\/\",\"logo\":{\"@type\":\"ImageObject\",\"inLanguage\":\"de\",\"@id\":\"https:\\\/\\\/green-chough-870564.hostingersite.com\\\/#\\\/schema\\\/logo\\\/image\\\/\",\"url\":\"https:\\\/\\\/spiritdust.pl\\\/wp-content\\\/uploads\\\/2026\\\/01\\\/logo-sd.png\",\"contentUrl\":\"https:\\\/\\\/spiritdust.pl\\\/wp-content\\\/uploads\\\/2026\\\/01\\\/logo-sd.png\",\"width\":251,\"height\":368,\"caption\":\"Geisterstaub\"},\"image\":{\"@id\":\"https:\\\/\\\/green-chough-870564.hostingersite.com\\\/#\\\/schema\\\/logo\\\/image\\\/\"},\"sameAs\":[\"https:\\\/\\\/www.facebook.com\\\/spiritdustmj\\\/\",\"https:\\\/\\\/instagram.com\\\/spirit__dust\"]}]}<\/script>\n<!-- \/ Yoast SEO plugin. -->","yoast_head_json":{"title":"Silberring mit Gr\u00fcnquarz Gr. 15,5 \u2013 Herz des Waldes - Spirit Dust","description":"Silberring mit Gr\u00fcnquarz Gr. 15,5. \u201eHerz des Waldes\u201c \u2013 Schmuck aus 925er Sterlingsilber, inspiriert von der Natur und ihrer Harmonie.","robots":{"index":"index","follow":"follow","max-snippet":"max-snippet:-1","max-image-preview":"max-image-preview:large","max-video-preview":"max-video-preview:-1"},"canonical":"https:\/\/spiritdust.pl\/de\/produkt\/silberring-mit-gruenquarz-gr-155-herz-des-waldes\/","og_locale":"de_DE","og_type":"article","og_title":"Silberring mit Gr\u00fcnquarz Gr. 15,5 \u2013 Herz des Waldes - Spirit Dust","og_description":"Silberring mit Gr\u00fcnquarz Gr. 15,5. \u201eHerz des Waldes\u201c \u2013 Schmuck aus 925er Sterlingsilber, inspiriert von der Natur und ihrer Harmonie.","og_url":"https:\/\/spiritdust.pl\/de\/produkt\/silberring-mit-gruenquarz-gr-155-herz-des-waldes\/","og_site_name":"Spirit Dust","article_publisher":"https:\/\/www.facebook.com\/spiritdustmj\/","og_image":[{"width":1920,"height":1920,"url":"https:\/\/spiritdust.pl\/wp-content\/uploads\/2026\/01\/DSC01717-scaled-1.webp","type":"image\/webp"}],"twitter_card":"summary_large_image","twitter_misc":{"Gesch\u00e4tzte Lesezeit":"1\u00a0Minute"},"schema":{"@context":"https:\/\/schema.org","@graph":[{"@type":"WebPage","@id":"https:\/\/spiritdust.pl\/de\/produkt\/silberring-mit-gruenquarz-gr-155-herz-des-waldes\/","url":"https:\/\/spiritdust.pl\/de\/produkt\/silberring-mit-gruenquarz-gr-155-herz-des-waldes\/","name":"Silberring mit Gr\u00fcnquarz Gr. 15,5 \u2013 Herz des Waldes - Spirit Dust","isPartOf":{"@id":"https:\/\/green-chough-870564.hostingersite.com\/#website"},"primaryImageOfPage":{"@id":"https:\/\/spiritdust.pl\/de\/produkt\/silberring-mit-gruenquarz-gr-155-herz-des-waldes\/#primaryimage"},"image":{"@id":"https:\/\/spiritdust.pl\/de\/produkt\/silberring-mit-gruenquarz-gr-155-herz-des-waldes\/#primaryimage"},"thumbnailUrl":"https:\/\/spiritdust.pl\/wp-content\/uploads\/2026\/01\/DSC01717-scaled-1.webp","datePublished":"2026-01-26T09:25:19+00:00","description":"Silberring mit Gr\u00fcnquarz Gr. 15,5. \u201eHerz des Waldes\u201c \u2013 Schmuck aus 925er Sterlingsilber, inspiriert von der Natur und ihrer Harmonie.","breadcrumb":{"@id":"https:\/\/spiritdust.pl\/de\/produkt\/silberring-mit-gruenquarz-gr-155-herz-des-waldes\/#breadcrumb"},"inLanguage":"de","potentialAction":[{"@type":"ReadAction","target":["https:\/\/spiritdust.pl\/de\/produkt\/silberring-mit-gruenquarz-gr-155-herz-des-waldes\/"]}]},{"@type":"ImageObject","inLanguage":"de","@id":"https:\/\/spiritdust.pl\/de\/produkt\/silberring-mit-gruenquarz-gr-155-herz-des-waldes\/#primaryimage","url":"https:\/\/spiritdust.pl\/wp-content\/uploads\/2026\/01\/DSC01717-scaled-1.webp","contentUrl":"https:\/\/spiritdust.pl\/wp-content\/uploads\/2026\/01\/DSC01717-scaled-1.webp","width":1920,"height":1920},{"@type":"BreadcrumbList","@id":"https:\/\/spiritdust.pl\/de\/produkt\/silberring-mit-gruenquarz-gr-155-herz-des-waldes\/#breadcrumb","itemListElement":[{"@type":"ListItem","position":1,"name":"Strona g\u0142\u00f3wna","item":"https:\/\/spiritdust.pl\/de\/spirit-dust-schmuck-aus-kupfer-silber-und-natursteinen\/"},{"@type":"ListItem","position":2,"name":"Shop","item":"https:\/\/green-chough-870564.hostingersite.com\/shop\/"},{"@type":"ListItem","position":3,"name":"Silberring mit Gr\u00fcnquarz Gr. 15,5 \u2013 Herz des Waldes"}]},{"@type":"WebSite","@id":"https:\/\/green-chough-870564.hostingersite.com\/#website","url":"https:\/\/green-chough-870564.hostingersite.com\/","name":"Spirit Dust","description":"Bi\u017cuteria z Miedzi, Srebra i Kamieni Naturalnych","publisher":{"@id":"https:\/\/green-chough-870564.hostingersite.com\/#organization"},"potentialAction":[{"@type":"SearchAction","target":{"@type":"EntryPoint","urlTemplate":"https:\/\/green-chough-870564.hostingersite.com\/?s={search_term_string}"},"query-input":{"@type":"PropertyValueSpecification","valueRequired":true,"valueName":"search_term_string"}}],"inLanguage":"de"},{"@type":"Organization","@id":"https:\/\/green-chough-870564.hostingersite.com\/#organization","name":"Geisterstaub","url":"https:\/\/green-chough-870564.hostingersite.com\/","logo":{"@type":"ImageObject","inLanguage":"de","@id":"https:\/\/green-chough-870564.hostingersite.com\/#\/schema\/logo\/image\/","url":"https:\/\/spiritdust.pl\/wp-content\/uploads\/2026\/01\/logo-sd.png","contentUrl":"https:\/\/spiritdust.pl\/wp-content\/uploads\/2026\/01\/logo-sd.png","width":251,"height":368,"caption":"Geisterstaub"},"image":{"@id":"https:\/\/green-chough-870564.hostingersite.com\/#\/schema\/logo\/image\/"},"sameAs":["https:\/\/www.facebook.com\/spiritdustmj\/","https:\/\/instagram.com\/spirit__dust"]}]}},"_links":{"self":[{"href":"https:\/\/spiritdust.pl\/de\/wp-json\/wp\/v2\/product\/2271","targetHints":{"allow":["GET"]}}],"collection":[{"href":"https:\/\/spiritdust.pl\/de\/wp-json\/wp\/v2\/product"}],"about":[{"href":"https:\/\/spiritdust.pl\/de\/wp-json\/wp\/v2\/types\/product"}],"version-history":[{"count":0,"href":"https:\/\/spiritdust.pl\/de\/wp-json\/wp\/v2\/product\/2271\/revisions"}],"wp:featuredmedia":[{"embeddable":true,"href":"https:\/\/spiritdust.pl\/de\/wp-json\/wp\/v2\/media\/2275"}],"wp:attachment":[{"href":"https:\/\/spiritdust.pl\/de\/wp-json\/wp\/v2\/media?parent=2271"}],"wp:term":[{"taxonomy":"product_brand","embeddable":true,"href":"https:\/\/spiritdust.pl\/de\/wp-json\/wp\/v2\/product_brand?post=2271"},{"taxonomy":"product_cat","embeddable":true,"href":"https:\/\/spiritdust.pl\/de\/wp-json\/wp\/v2\/product_cat?post=2271"},{"taxonomy":"product_tag","embeddable":true,"href":"https:\/\/spiritdust.pl\/de\/wp-json\/wp\/v2\/product_tag?post=2271"}],"curies":[{"name":"wp","href":"https:\/\/api.w.org\/{rel}","templated":true}]}}