{"id":2340,"date":"2026-01-26T09:21:41","date_gmt":"2026-01-26T09:21:41","guid":{"rendered":"https:\/\/spiritdust.pl\/produkt\/mondsteinring-mottenmotiv-gr-14\/"},"modified":"2026-01-26T09:21:41","modified_gmt":"2026-01-26T09:21:41","slug":"mondsteinring-mottenmotiv-gr-14","status":"publish","type":"product","link":"https:\/\/spiritdust.pl\/de\/produkt\/mondsteinring-mottenmotiv-gr-14\/","title":{"rendered":"Mondsteinring \u2013 Mottenmotiv Gr. 14"},"content":{"rendered":"<div class=\"flex-1 overflow-hidden\">\n<div class=\"react-scroll-to-bottom--css-dvacu-79elbk h-full\">\n<div class=\"react-scroll-to-bottom--css-dvacu-1n7m0yu\">\n<div class=\"flex flex-col text-sm pb-9\">\n<div class=\"w-full text-token-text-primary\" dir=\"auto\" data-testid=\"conversation-turn-7\">\n<div class=\"px-4 py-2 justify-center text-base md:gap-6 m-auto\">\n<div class=\"flex flex-1 text-base mx-auto gap-3 juice:gap-4 juice:md:gap-6 md:px-5 lg:px-1 xl:px-5 md:max-w-3xl lg:max-w-[40rem] xl:max-w-[48rem] group final-completion\">\n<div class=\"relative flex w-full flex-col agent-turn\">\n<div class=\"flex-col gap-1 md:gap-3\">\n<div class=\"flex flex-grow flex-col max-w-full\">\n<div class=\"min-h-[20px] text-message flex flex-col items-start gap-3 whitespace-pre-wrap break-words [.text-message+&amp;]:mt-5 overflow-x-auto\" dir=\"auto\" data-message-author-role=\"assistant\" data-message-id=\"69e9d3be-6734-409e-8f98-92723bdccd3b\">\n<div class=\"markdown prose w-full break-words dark:prose-invert dark\">\n<h3 data-start=\"178\" data-end=\"256\">\u2728 Kupferring mit Mottenmotiv und Mondstein \u2013 Gr\u00f6\u00dfe 14<\/h3>\n<p data-start=\"258\" data-end=\"432\">Ich habe diesen Ring von Hand aus reinem Kupfer gefertigt und einen schillernden Mondstein hinzugef\u00fcgt. Die Natur war meine Inspiration \u2013 die Motte, die nachts dem Licht folgt. <\/p>\n<p data-start=\"434\" data-end=\"613\">Die Mottenform umschmeichelt deinen Finger mit einer subtilen, \u00e4therischen Gestalt, w\u00e4hrend der Mondstein mit einem k\u00fchlen, inneren Glanz erstrahlt. Dieses Mineral f\u00f6rdert Intuition, weibliche Energie und emotionale Harmonie. <\/p>\n<p data-start=\"615\" data-end=\"778\">Ich habe den Ring so entworfen, dass er mit der Zeit noch pers\u00f6nlicher wird. Kupfer dunkelt sanft nach und entwickelt eine edle Patina \u2013 ein nat\u00fcrlicher Prozess. <\/p>\n<p data-start=\"780\" data-end=\"950\">Dieser Kupferring mit Mondstein eignet sich perfekt als Talisman, Geschenk oder t\u00e4glicher Begleiter f\u00fcr alle, die Symbole, Bedeutungen und Schmuck mit Seele lieben.<\/p>\n<p data-start=\"952\" data-end=\"1145\">Entdecke auch andere <a href=\"https:\/\/spiritdust.pl\/kategoria-produktu\/bizuteria\/pierscionki\/?v=288404204e3d\" target=\"_blank\" rel=\"noopener\">Ringe mit Natursteinen<\/a> und <a class=\"cursor-pointer\" href=\"https:\/\/spiritdust.pl\/?s=natura&amp;post_type=product&amp;v=288404204e3d\" target=\"_blank\" rel=\"noopener\" data-start=\"1067\" data-end=\"1144\">von der Natur inspirierten Schmuck<\/a>.<\/p>\n<\/div>\n<\/div>\n<\/div>\n<\/div>\n<\/div>\n<\/div>\n<\/div>\n<\/div>\n<\/div>\n<\/div>\n<\/div>\n<\/div>\n","protected":false},"excerpt":{"rendered":"<p data-start=\"1231\" data-end=\"1373\">K\u00fcnstlerischer Kupferring mit Mottenmotiv und Mondstein \u2013 ein idealer Talisman f\u00fcr Liebhaberinnen von Natur und Magie.<\/p>\n<p><strong>Ma\u00dfe:<\/strong><\/p>\n<ul>\n<li>Gr\u00f6\u00dfe: 14<\/li>\n<li>Innendurchmesser: 17,2 mm<\/li>\n<li>Innenumfang: 54 mm<\/li>\n<li>Steingr\u00f6\u00dfe: 8 x 6 mm<\/li>\n<\/ul>\n<p>Ich verpacke den Schmuck sorgf\u00e4ltig in einer dekorativen Schachtel, sodass er sofort als Geschenk bereit ist.<\/p>\n","protected":false},"featured_media":2342,"template":"","meta":{"inline_featured_image":false},"product_brand":[],"product_cat":[192,167],"product_tag":[171],"class_list":{"0":"post-2340","1":"product","2":"type-product","3":"status-publish","4":"has-post-thumbnail","6":"product_cat-ringe","7":"product_cat-schmuck","8":"product_tag-mondstein","10":"first","11":"instock","12":"taxable","13":"shipping-taxable","14":"purchasable","15":"product-type-simple"},"yoast_head":"<!-- This site is optimized with the Yoast SEO plugin v27.5 - https:\/\/yoast.com\/product\/yoast-seo-wordpress\/ -->\n<title>Mondsteinring \u2013 Mottenmotiv Gr. 14 - Spirit Dust<\/title>\n<meta name=\"description\" content=\"Dieser handgefertigte Kupferring mit Mondstein verbindet die Symbolik des Nachtlichts mit einer einzigartigen, von einer Motte inspirierten Form.\" \/>\n<meta name=\"robots\" content=\"index, follow, max-snippet:-1, max-image-preview:large, max-video-preview:-1\" \/>\n<link rel=\"canonical\" href=\"https:\/\/spiritdust.pl\/de\/produkt\/mondsteinring-mottenmotiv-gr-14\/\" \/>\n<meta property=\"og:locale\" content=\"de_DE\" \/>\n<meta property=\"og:type\" content=\"article\" \/>\n<meta property=\"og:title\" content=\"Mondsteinring \u2013 Mottenmotiv Gr. 14 - Spirit Dust\" \/>\n<meta property=\"og:description\" content=\"Dieser handgefertigte Kupferring mit Mondstein verbindet die Symbolik des Nachtlichts mit einer einzigartigen, von einer Motte inspirierten Form.\" \/>\n<meta property=\"og:url\" content=\"https:\/\/spiritdust.pl\/de\/produkt\/mondsteinring-mottenmotiv-gr-14\/\" \/>\n<meta property=\"og:site_name\" content=\"Spirit Dust\" \/>\n<meta property=\"article:publisher\" content=\"https:\/\/www.facebook.com\/spiritdustmj\/\" \/>\n<meta property=\"og:image\" content=\"https:\/\/spiritdust.pl\/wp-content\/uploads\/2026\/01\/DSC07575.jpg\" \/>\n\t<meta property=\"og:image:width\" content=\"1088\" \/>\n\t<meta property=\"og:image:height\" content=\"1080\" \/>\n\t<meta property=\"og:image:type\" content=\"image\/jpeg\" \/>\n<meta name=\"twitter:card\" content=\"summary_large_image\" \/>\n<meta name=\"twitter:label1\" content=\"Gesch\u00e4tzte Lesezeit\" \/>\n\t<meta name=\"twitter:data1\" content=\"1\u00a0Minute\" \/>\n<script type=\"application\/ld+json\" class=\"yoast-schema-graph\">{\"@context\":\"https:\\\/\\\/schema.org\",\"@graph\":[{\"@type\":\"WebPage\",\"@id\":\"https:\\\/\\\/spiritdust.pl\\\/de\\\/produkt\\\/mondsteinring-mottenmotiv-gr-14\\\/\",\"url\":\"https:\\\/\\\/spiritdust.pl\\\/de\\\/produkt\\\/mondsteinring-mottenmotiv-gr-14\\\/\",\"name\":\"Mondsteinring \u2013 Mottenmotiv Gr. 14 - Spirit Dust\",\"isPartOf\":{\"@id\":\"https:\\\/\\\/green-chough-870564.hostingersite.com\\\/#website\"},\"primaryImageOfPage\":{\"@id\":\"https:\\\/\\\/spiritdust.pl\\\/de\\\/produkt\\\/mondsteinring-mottenmotiv-gr-14\\\/#primaryimage\"},\"image\":{\"@id\":\"https:\\\/\\\/spiritdust.pl\\\/de\\\/produkt\\\/mondsteinring-mottenmotiv-gr-14\\\/#primaryimage\"},\"thumbnailUrl\":\"https:\\\/\\\/spiritdust.pl\\\/wp-content\\\/uploads\\\/2026\\\/01\\\/DSC07575.jpg\",\"datePublished\":\"2026-01-26T09:21:41+00:00\",\"description\":\"Dieser handgefertigte Kupferring mit Mondstein verbindet die Symbolik des Nachtlichts mit einer einzigartigen, von einer Motte inspirierten Form.\",\"breadcrumb\":{\"@id\":\"https:\\\/\\\/spiritdust.pl\\\/de\\\/produkt\\\/mondsteinring-mottenmotiv-gr-14\\\/#breadcrumb\"},\"inLanguage\":\"de\",\"potentialAction\":[{\"@type\":\"ReadAction\",\"target\":[\"https:\\\/\\\/spiritdust.pl\\\/de\\\/produkt\\\/mondsteinring-mottenmotiv-gr-14\\\/\"]}]},{\"@type\":\"ImageObject\",\"inLanguage\":\"de\",\"@id\":\"https:\\\/\\\/spiritdust.pl\\\/de\\\/produkt\\\/mondsteinring-mottenmotiv-gr-14\\\/#primaryimage\",\"url\":\"https:\\\/\\\/spiritdust.pl\\\/wp-content\\\/uploads\\\/2026\\\/01\\\/DSC07575.jpg\",\"contentUrl\":\"https:\\\/\\\/spiritdust.pl\\\/wp-content\\\/uploads\\\/2026\\\/01\\\/DSC07575.jpg\",\"width\":1088,\"height\":1080},{\"@type\":\"BreadcrumbList\",\"@id\":\"https:\\\/\\\/spiritdust.pl\\\/de\\\/produkt\\\/mondsteinring-mottenmotiv-gr-14\\\/#breadcrumb\",\"itemListElement\":[{\"@type\":\"ListItem\",\"position\":1,\"name\":\"Strona g\u0142\u00f3wna\",\"item\":\"https:\\\/\\\/spiritdust.pl\\\/de\\\/spirit-dust-schmuck-aus-kupfer-silber-und-natursteinen\\\/\"},{\"@type\":\"ListItem\",\"position\":2,\"name\":\"Shop\",\"item\":\"https:\\\/\\\/green-chough-870564.hostingersite.com\\\/shop\\\/\"},{\"@type\":\"ListItem\",\"position\":3,\"name\":\"Mondsteinring \u2013 Mottenmotiv Gr. 14\"}]},{\"@type\":\"WebSite\",\"@id\":\"https:\\\/\\\/green-chough-870564.hostingersite.com\\\/#website\",\"url\":\"https:\\\/\\\/green-chough-870564.hostingersite.com\\\/\",\"name\":\"Spirit Dust\",\"description\":\"Bi\u017cuteria z Miedzi, Srebra i Kamieni Naturalnych\",\"publisher\":{\"@id\":\"https:\\\/\\\/green-chough-870564.hostingersite.com\\\/#organization\"},\"potentialAction\":[{\"@type\":\"SearchAction\",\"target\":{\"@type\":\"EntryPoint\",\"urlTemplate\":\"https:\\\/\\\/green-chough-870564.hostingersite.com\\\/?s={search_term_string}\"},\"query-input\":{\"@type\":\"PropertyValueSpecification\",\"valueRequired\":true,\"valueName\":\"search_term_string\"}}],\"inLanguage\":\"de\"},{\"@type\":\"Organization\",\"@id\":\"https:\\\/\\\/green-chough-870564.hostingersite.com\\\/#organization\",\"name\":\"Geisterstaub\",\"url\":\"https:\\\/\\\/green-chough-870564.hostingersite.com\\\/\",\"logo\":{\"@type\":\"ImageObject\",\"inLanguage\":\"de\",\"@id\":\"https:\\\/\\\/green-chough-870564.hostingersite.com\\\/#\\\/schema\\\/logo\\\/image\\\/\",\"url\":\"https:\\\/\\\/spiritdust.pl\\\/wp-content\\\/uploads\\\/2026\\\/01\\\/logo-sd.png\",\"contentUrl\":\"https:\\\/\\\/spiritdust.pl\\\/wp-content\\\/uploads\\\/2026\\\/01\\\/logo-sd.png\",\"width\":251,\"height\":368,\"caption\":\"Geisterstaub\"},\"image\":{\"@id\":\"https:\\\/\\\/green-chough-870564.hostingersite.com\\\/#\\\/schema\\\/logo\\\/image\\\/\"},\"sameAs\":[\"https:\\\/\\\/www.facebook.com\\\/spiritdustmj\\\/\",\"https:\\\/\\\/instagram.com\\\/spirit__dust\"]}]}<\/script>\n<!-- \/ Yoast SEO plugin. -->","yoast_head_json":{"title":"Mondsteinring \u2013 Mottenmotiv Gr. 14 - Spirit Dust","description":"Dieser handgefertigte Kupferring mit Mondstein verbindet die Symbolik des Nachtlichts mit einer einzigartigen, von einer Motte inspirierten Form.","robots":{"index":"index","follow":"follow","max-snippet":"max-snippet:-1","max-image-preview":"max-image-preview:large","max-video-preview":"max-video-preview:-1"},"canonical":"https:\/\/spiritdust.pl\/de\/produkt\/mondsteinring-mottenmotiv-gr-14\/","og_locale":"de_DE","og_type":"article","og_title":"Mondsteinring \u2013 Mottenmotiv Gr. 14 - Spirit Dust","og_description":"Dieser handgefertigte Kupferring mit Mondstein verbindet die Symbolik des Nachtlichts mit einer einzigartigen, von einer Motte inspirierten Form.","og_url":"https:\/\/spiritdust.pl\/de\/produkt\/mondsteinring-mottenmotiv-gr-14\/","og_site_name":"Spirit Dust","article_publisher":"https:\/\/www.facebook.com\/spiritdustmj\/","og_image":[{"width":1088,"height":1080,"url":"https:\/\/spiritdust.pl\/wp-content\/uploads\/2026\/01\/DSC07575.jpg","type":"image\/jpeg"}],"twitter_card":"summary_large_image","twitter_misc":{"Gesch\u00e4tzte Lesezeit":"1\u00a0Minute"},"schema":{"@context":"https:\/\/schema.org","@graph":[{"@type":"WebPage","@id":"https:\/\/spiritdust.pl\/de\/produkt\/mondsteinring-mottenmotiv-gr-14\/","url":"https:\/\/spiritdust.pl\/de\/produkt\/mondsteinring-mottenmotiv-gr-14\/","name":"Mondsteinring \u2013 Mottenmotiv Gr. 14 - Spirit Dust","isPartOf":{"@id":"https:\/\/green-chough-870564.hostingersite.com\/#website"},"primaryImageOfPage":{"@id":"https:\/\/spiritdust.pl\/de\/produkt\/mondsteinring-mottenmotiv-gr-14\/#primaryimage"},"image":{"@id":"https:\/\/spiritdust.pl\/de\/produkt\/mondsteinring-mottenmotiv-gr-14\/#primaryimage"},"thumbnailUrl":"https:\/\/spiritdust.pl\/wp-content\/uploads\/2026\/01\/DSC07575.jpg","datePublished":"2026-01-26T09:21:41+00:00","description":"Dieser handgefertigte Kupferring mit Mondstein verbindet die Symbolik des Nachtlichts mit einer einzigartigen, von einer Motte inspirierten Form.","breadcrumb":{"@id":"https:\/\/spiritdust.pl\/de\/produkt\/mondsteinring-mottenmotiv-gr-14\/#breadcrumb"},"inLanguage":"de","potentialAction":[{"@type":"ReadAction","target":["https:\/\/spiritdust.pl\/de\/produkt\/mondsteinring-mottenmotiv-gr-14\/"]}]},{"@type":"ImageObject","inLanguage":"de","@id":"https:\/\/spiritdust.pl\/de\/produkt\/mondsteinring-mottenmotiv-gr-14\/#primaryimage","url":"https:\/\/spiritdust.pl\/wp-content\/uploads\/2026\/01\/DSC07575.jpg","contentUrl":"https:\/\/spiritdust.pl\/wp-content\/uploads\/2026\/01\/DSC07575.jpg","width":1088,"height":1080},{"@type":"BreadcrumbList","@id":"https:\/\/spiritdust.pl\/de\/produkt\/mondsteinring-mottenmotiv-gr-14\/#breadcrumb","itemListElement":[{"@type":"ListItem","position":1,"name":"Strona g\u0142\u00f3wna","item":"https:\/\/spiritdust.pl\/de\/spirit-dust-schmuck-aus-kupfer-silber-und-natursteinen\/"},{"@type":"ListItem","position":2,"name":"Shop","item":"https:\/\/green-chough-870564.hostingersite.com\/shop\/"},{"@type":"ListItem","position":3,"name":"Mondsteinring \u2013 Mottenmotiv Gr. 14"}]},{"@type":"WebSite","@id":"https:\/\/green-chough-870564.hostingersite.com\/#website","url":"https:\/\/green-chough-870564.hostingersite.com\/","name":"Spirit Dust","description":"Bi\u017cuteria z Miedzi, Srebra i Kamieni Naturalnych","publisher":{"@id":"https:\/\/green-chough-870564.hostingersite.com\/#organization"},"potentialAction":[{"@type":"SearchAction","target":{"@type":"EntryPoint","urlTemplate":"https:\/\/green-chough-870564.hostingersite.com\/?s={search_term_string}"},"query-input":{"@type":"PropertyValueSpecification","valueRequired":true,"valueName":"search_term_string"}}],"inLanguage":"de"},{"@type":"Organization","@id":"https:\/\/green-chough-870564.hostingersite.com\/#organization","name":"Geisterstaub","url":"https:\/\/green-chough-870564.hostingersite.com\/","logo":{"@type":"ImageObject","inLanguage":"de","@id":"https:\/\/green-chough-870564.hostingersite.com\/#\/schema\/logo\/image\/","url":"https:\/\/spiritdust.pl\/wp-content\/uploads\/2026\/01\/logo-sd.png","contentUrl":"https:\/\/spiritdust.pl\/wp-content\/uploads\/2026\/01\/logo-sd.png","width":251,"height":368,"caption":"Geisterstaub"},"image":{"@id":"https:\/\/green-chough-870564.hostingersite.com\/#\/schema\/logo\/image\/"},"sameAs":["https:\/\/www.facebook.com\/spiritdustmj\/","https:\/\/instagram.com\/spirit__dust"]}]}},"_links":{"self":[{"href":"https:\/\/spiritdust.pl\/de\/wp-json\/wp\/v2\/product\/2340","targetHints":{"allow":["GET"]}}],"collection":[{"href":"https:\/\/spiritdust.pl\/de\/wp-json\/wp\/v2\/product"}],"about":[{"href":"https:\/\/spiritdust.pl\/de\/wp-json\/wp\/v2\/types\/product"}],"version-history":[{"count":0,"href":"https:\/\/spiritdust.pl\/de\/wp-json\/wp\/v2\/product\/2340\/revisions"}],"wp:featuredmedia":[{"embeddable":true,"href":"https:\/\/spiritdust.pl\/de\/wp-json\/wp\/v2\/media\/2342"}],"wp:attachment":[{"href":"https:\/\/spiritdust.pl\/de\/wp-json\/wp\/v2\/media?parent=2340"}],"wp:term":[{"taxonomy":"product_brand","embeddable":true,"href":"https:\/\/spiritdust.pl\/de\/wp-json\/wp\/v2\/product_brand?post=2340"},{"taxonomy":"product_cat","embeddable":true,"href":"https:\/\/spiritdust.pl\/de\/wp-json\/wp\/v2\/product_cat?post=2340"},{"taxonomy":"product_tag","embeddable":true,"href":"https:\/\/spiritdust.pl\/de\/wp-json\/wp\/v2\/product_tag?post=2340"}],"curies":[{"name":"wp","href":"https:\/\/api.w.org\/{rel}","templated":true}]}}