{"id":2481,"date":"2026-01-29T15:50:59","date_gmt":"2026-01-29T15:50:59","guid":{"rendered":"https:\/\/spiritdust.pl\/produkt\/silberring-mit-herzfoermigem-granat-145\/"},"modified":"2026-01-29T15:50:59","modified_gmt":"2026-01-29T15:50:59","slug":"silberring-mit-herzfoermigem-granat-145","status":"publish","type":"product","link":"https:\/\/spiritdust.pl\/de\/produkt\/silberring-mit-herzfoermigem-granat-145\/","title":{"rendered":"Silberring mit herzf\u00f6rmigem Granat. 14,5"},"content":{"rendered":"<p data-start=\"226\" data-end=\"629\">Dieser Silberring mit Granat wurde vollst\u00e4ndig von Hand gefertigt, ohne vorgefertigte Elemente. Zuerst habe ich ihn in Wachs modelliert, der Ringschiene eine organische, leicht unregelm\u00e4\u00dfige Form verliehen und ihn dann in 925er Silber gegossen. Dadurch ist die Oberfl\u00e4che des Rings nicht perfekt glatt \u2013 man sieht darauf subtile \u00dcberg\u00e4nge, zarte Vertiefungen und eine nat\u00fcrliche Struktur, die den handwerklichen Charakter der Arbeit unterstreicht.  <\/p>\n<p data-start=\"631\" data-end=\"968\">Das zentrale Element ist ein nat\u00fcrlicher, herzf\u00f6rmig geschliffener Granat. Der Stein hat eine tiefe, dunkelrote Farbe, die je nach Lichteinfall von weinroten T\u00f6nen zu helleren, leuchtenderen Reflexen wechselt. Der Herzschliff ist deutlich, aber nicht \u00fcbertrieben \u2013 der Stein bleibt elegant und ruhig, ohne den Effekt \u00fcberm\u00e4\u00dfiger Verzierung.  <\/p>\n<p data-start=\"970\" data-end=\"1270\"><strong>Granat<\/strong> ist ein seit Jahrhunderten bekannter Stein, der sowohl in der Schmuckherstellung als auch in der Geschichte des symbolischen Schmucks gesch\u00e4tzt wird. Er wird mit Energie, innerer St\u00e4rke und Achtsamkeit f\u00fcr die eigenen Bed\u00fcrfnisse assoziiert. In dieser Form dominiert er jedoch nicht in seiner Bedeutung \u2013 er begleitet vielmehr sanft als nat\u00fcrlicher Akzent mit ausdrucksstarker Farbe.  <\/p>\n<p data-start=\"1272\" data-end=\"1531\">Der Ring hat eine leichte, subtile Form, wodurch er sich gut f\u00fcr den Alltag eignet. Er kann allein oder in Kombination mit anderen, schlichten Ringen getragen werden. Es ist ein Schmuckst\u00fcck f\u00fcr Menschen, die kleine Formen m\u00f6gen, aber Details und Handarbeit sch\u00e4tzen.  <\/p>\n<p data-start=\"1533\" data-end=\"1586\">Er wurde als Einzelst\u00fcck gefertigt und wird nicht wiederholt.<\/p>\n<hr data-start=\"1588\" data-end=\"1591\">\n<p data-start=\"1620\" data-end=\"1806\">Stein: nat\u00fcrlicher Granat<br data-start=\"1644\" data-end=\"1647\">Material: 925er Silber<br data-start=\"1673\" data-end=\"1676\">Ringgr\u00f6\u00dfe: 14,5 (PL)<br data-start=\"1706\" data-end=\"1709\">Innendurchmesser: ca. 17,1 mm<br data-start=\"1741\" data-end=\"1744\">Innenumfang: ca. 54 mm<br data-start=\"1771\" data-end=\"1774\">Steinma\u00dfe: ca. 6 \u00d7 6 mm   <\/p>\n<p data-start=\"2518\" data-end=\"2551\">Entdecke auch andere <a class=\"cursor-pointer\" href=\"https:\/\/spiritdust.pl\/kategoria-produktu\/bizuteria\/pierscionki-srebrne\/?v=288404204e3d\" target=\"_blank\" rel=\"noopener\" data-start=\"2147\" data-end=\"2204\">einzigartige Silberringe<\/a>.<\/p>\n","protected":false},"excerpt":{"rendered":"<p data-start=\"121\" data-end=\"279\">Zarter Silberring mit nat\u00fcrlichem, herzf\u00f6rmigem Granat. Handmodelliert in Wachs und in 925er Silber gegossen. Ein subtiles, einzigartiges Exemplar.  <\/p>\n<p data-start=\"1411\" data-end=\"1583\">Ich verpacke den Schmuck sorgf\u00e4ltig in einer dekorativen Schachtel, sodass er sofort als Geschenk bereit ist.<\/p>\n","protected":false},"featured_media":1674,"template":"","meta":{"inline_featured_image":false},"product_brand":[],"product_cat":[167,250],"product_tag":[297,199],"class_list":{"0":"post-2481","1":"product","2":"type-product","3":"status-publish","4":"has-post-thumbnail","6":"product_cat-schmuck","7":"product_cat-silberringe","8":"product_tag-granat","9":"product_tag-silber","11":"first","12":"instock","13":"taxable","14":"shipping-taxable","15":"purchasable","16":"product-type-simple"},"yoast_head":"<!-- This site is optimized with the Yoast SEO plugin v27.5 - https:\/\/yoast.com\/product\/yoast-seo-wordpress\/ -->\n<title>Silberring mit herzf\u00f6rmigem Granat. 14,5 - Spirit Dust<\/title>\n<meta name=\"description\" content=\"Silberring mit herzf\u00f6rmigem Granat, handgefertigt in Wachsausschmelztechnik. Zarter, einzigartiger Schmuck aus 925er Silber.\" \/>\n<meta name=\"robots\" content=\"index, follow, max-snippet:-1, max-image-preview:large, max-video-preview:-1\" \/>\n<link rel=\"canonical\" href=\"https:\/\/spiritdust.pl\/de\/produkt\/silberring-mit-herzfoermigem-granat-145\/\" \/>\n<meta property=\"og:locale\" content=\"de_DE\" \/>\n<meta property=\"og:type\" content=\"article\" \/>\n<meta property=\"og:title\" content=\"Silberring mit herzf\u00f6rmigem Granat. 14,5 - Spirit Dust\" \/>\n<meta property=\"og:description\" content=\"Silberring mit herzf\u00f6rmigem Granat, handgefertigt in Wachsausschmelztechnik. Zarter, einzigartiger Schmuck aus 925er Silber.\" \/>\n<meta property=\"og:url\" content=\"https:\/\/spiritdust.pl\/de\/produkt\/silberring-mit-herzfoermigem-granat-145\/\" \/>\n<meta property=\"og:site_name\" content=\"Spirit Dust\" \/>\n<meta property=\"article:publisher\" content=\"https:\/\/www.facebook.com\/spiritdustmj\/\" \/>\n<meta property=\"og:image\" content=\"https:\/\/spiritdust.pl\/wp-content\/uploads\/2026\/01\/DSC02515.jpg\" \/>\n\t<meta property=\"og:image:width\" content=\"1920\" \/>\n\t<meta property=\"og:image:height\" content=\"1920\" \/>\n\t<meta property=\"og:image:type\" content=\"image\/jpeg\" \/>\n<meta name=\"twitter:card\" content=\"summary_large_image\" \/>\n<meta name=\"twitter:label1\" content=\"Gesch\u00e4tzte Lesezeit\" \/>\n\t<meta name=\"twitter:data1\" content=\"1\u00a0Minute\" \/>\n<script type=\"application\/ld+json\" class=\"yoast-schema-graph\">{\"@context\":\"https:\\\/\\\/schema.org\",\"@graph\":[{\"@type\":\"WebPage\",\"@id\":\"https:\\\/\\\/spiritdust.pl\\\/de\\\/produkt\\\/silberring-mit-herzfoermigem-granat-145\\\/\",\"url\":\"https:\\\/\\\/spiritdust.pl\\\/de\\\/produkt\\\/silberring-mit-herzfoermigem-granat-145\\\/\",\"name\":\"Silberring mit herzf\u00f6rmigem Granat. 14,5 - Spirit Dust\",\"isPartOf\":{\"@id\":\"https:\\\/\\\/green-chough-870564.hostingersite.com\\\/#website\"},\"primaryImageOfPage\":{\"@id\":\"https:\\\/\\\/spiritdust.pl\\\/de\\\/produkt\\\/silberring-mit-herzfoermigem-granat-145\\\/#primaryimage\"},\"image\":{\"@id\":\"https:\\\/\\\/spiritdust.pl\\\/de\\\/produkt\\\/silberring-mit-herzfoermigem-granat-145\\\/#primaryimage\"},\"thumbnailUrl\":\"https:\\\/\\\/spiritdust.pl\\\/wp-content\\\/uploads\\\/2026\\\/01\\\/DSC02515.jpg\",\"datePublished\":\"2026-01-29T15:50:59+00:00\",\"description\":\"Silberring mit herzf\u00f6rmigem Granat, handgefertigt in Wachsausschmelztechnik. Zarter, einzigartiger Schmuck aus 925er Silber.\",\"breadcrumb\":{\"@id\":\"https:\\\/\\\/spiritdust.pl\\\/de\\\/produkt\\\/silberring-mit-herzfoermigem-granat-145\\\/#breadcrumb\"},\"inLanguage\":\"de\",\"potentialAction\":[{\"@type\":\"ReadAction\",\"target\":[\"https:\\\/\\\/spiritdust.pl\\\/de\\\/produkt\\\/silberring-mit-herzfoermigem-granat-145\\\/\"]}]},{\"@type\":\"ImageObject\",\"inLanguage\":\"de\",\"@id\":\"https:\\\/\\\/spiritdust.pl\\\/de\\\/produkt\\\/silberring-mit-herzfoermigem-granat-145\\\/#primaryimage\",\"url\":\"https:\\\/\\\/spiritdust.pl\\\/wp-content\\\/uploads\\\/2026\\\/01\\\/DSC02515.jpg\",\"contentUrl\":\"https:\\\/\\\/spiritdust.pl\\\/wp-content\\\/uploads\\\/2026\\\/01\\\/DSC02515.jpg\",\"width\":1920,\"height\":1920},{\"@type\":\"BreadcrumbList\",\"@id\":\"https:\\\/\\\/spiritdust.pl\\\/de\\\/produkt\\\/silberring-mit-herzfoermigem-granat-145\\\/#breadcrumb\",\"itemListElement\":[{\"@type\":\"ListItem\",\"position\":1,\"name\":\"Strona g\u0142\u00f3wna\",\"item\":\"https:\\\/\\\/spiritdust.pl\\\/de\\\/spirit-dust-schmuck-aus-kupfer-silber-und-natursteinen\\\/\"},{\"@type\":\"ListItem\",\"position\":2,\"name\":\"Shop\",\"item\":\"https:\\\/\\\/green-chough-870564.hostingersite.com\\\/shop\\\/\"},{\"@type\":\"ListItem\",\"position\":3,\"name\":\"Silberring mit herzf\u00f6rmigem Granat. 14,5\"}]},{\"@type\":\"WebSite\",\"@id\":\"https:\\\/\\\/green-chough-870564.hostingersite.com\\\/#website\",\"url\":\"https:\\\/\\\/green-chough-870564.hostingersite.com\\\/\",\"name\":\"Spirit Dust\",\"description\":\"Bi\u017cuteria z Miedzi, Srebra i Kamieni Naturalnych\",\"publisher\":{\"@id\":\"https:\\\/\\\/green-chough-870564.hostingersite.com\\\/#organization\"},\"potentialAction\":[{\"@type\":\"SearchAction\",\"target\":{\"@type\":\"EntryPoint\",\"urlTemplate\":\"https:\\\/\\\/green-chough-870564.hostingersite.com\\\/?s={search_term_string}\"},\"query-input\":{\"@type\":\"PropertyValueSpecification\",\"valueRequired\":true,\"valueName\":\"search_term_string\"}}],\"inLanguage\":\"de\"},{\"@type\":\"Organization\",\"@id\":\"https:\\\/\\\/green-chough-870564.hostingersite.com\\\/#organization\",\"name\":\"Geisterstaub\",\"url\":\"https:\\\/\\\/green-chough-870564.hostingersite.com\\\/\",\"logo\":{\"@type\":\"ImageObject\",\"inLanguage\":\"de\",\"@id\":\"https:\\\/\\\/green-chough-870564.hostingersite.com\\\/#\\\/schema\\\/logo\\\/image\\\/\",\"url\":\"https:\\\/\\\/spiritdust.pl\\\/wp-content\\\/uploads\\\/2026\\\/01\\\/logo-sd.png\",\"contentUrl\":\"https:\\\/\\\/spiritdust.pl\\\/wp-content\\\/uploads\\\/2026\\\/01\\\/logo-sd.png\",\"width\":251,\"height\":368,\"caption\":\"Geisterstaub\"},\"image\":{\"@id\":\"https:\\\/\\\/green-chough-870564.hostingersite.com\\\/#\\\/schema\\\/logo\\\/image\\\/\"},\"sameAs\":[\"https:\\\/\\\/www.facebook.com\\\/spiritdustmj\\\/\",\"https:\\\/\\\/instagram.com\\\/spirit__dust\"]}]}<\/script>\n<!-- \/ Yoast SEO plugin. -->","yoast_head_json":{"title":"Silberring mit herzf\u00f6rmigem Granat. 14,5 - Spirit Dust","description":"Silberring mit herzf\u00f6rmigem Granat, handgefertigt in Wachsausschmelztechnik. Zarter, einzigartiger Schmuck aus 925er Silber.","robots":{"index":"index","follow":"follow","max-snippet":"max-snippet:-1","max-image-preview":"max-image-preview:large","max-video-preview":"max-video-preview:-1"},"canonical":"https:\/\/spiritdust.pl\/de\/produkt\/silberring-mit-herzfoermigem-granat-145\/","og_locale":"de_DE","og_type":"article","og_title":"Silberring mit herzf\u00f6rmigem Granat. 14,5 - Spirit Dust","og_description":"Silberring mit herzf\u00f6rmigem Granat, handgefertigt in Wachsausschmelztechnik. Zarter, einzigartiger Schmuck aus 925er Silber.","og_url":"https:\/\/spiritdust.pl\/de\/produkt\/silberring-mit-herzfoermigem-granat-145\/","og_site_name":"Spirit Dust","article_publisher":"https:\/\/www.facebook.com\/spiritdustmj\/","og_image":[{"width":1920,"height":1920,"url":"https:\/\/spiritdust.pl\/wp-content\/uploads\/2026\/01\/DSC02515.jpg","type":"image\/jpeg"}],"twitter_card":"summary_large_image","twitter_misc":{"Gesch\u00e4tzte Lesezeit":"1\u00a0Minute"},"schema":{"@context":"https:\/\/schema.org","@graph":[{"@type":"WebPage","@id":"https:\/\/spiritdust.pl\/de\/produkt\/silberring-mit-herzfoermigem-granat-145\/","url":"https:\/\/spiritdust.pl\/de\/produkt\/silberring-mit-herzfoermigem-granat-145\/","name":"Silberring mit herzf\u00f6rmigem Granat. 14,5 - Spirit Dust","isPartOf":{"@id":"https:\/\/green-chough-870564.hostingersite.com\/#website"},"primaryImageOfPage":{"@id":"https:\/\/spiritdust.pl\/de\/produkt\/silberring-mit-herzfoermigem-granat-145\/#primaryimage"},"image":{"@id":"https:\/\/spiritdust.pl\/de\/produkt\/silberring-mit-herzfoermigem-granat-145\/#primaryimage"},"thumbnailUrl":"https:\/\/spiritdust.pl\/wp-content\/uploads\/2026\/01\/DSC02515.jpg","datePublished":"2026-01-29T15:50:59+00:00","description":"Silberring mit herzf\u00f6rmigem Granat, handgefertigt in Wachsausschmelztechnik. Zarter, einzigartiger Schmuck aus 925er Silber.","breadcrumb":{"@id":"https:\/\/spiritdust.pl\/de\/produkt\/silberring-mit-herzfoermigem-granat-145\/#breadcrumb"},"inLanguage":"de","potentialAction":[{"@type":"ReadAction","target":["https:\/\/spiritdust.pl\/de\/produkt\/silberring-mit-herzfoermigem-granat-145\/"]}]},{"@type":"ImageObject","inLanguage":"de","@id":"https:\/\/spiritdust.pl\/de\/produkt\/silberring-mit-herzfoermigem-granat-145\/#primaryimage","url":"https:\/\/spiritdust.pl\/wp-content\/uploads\/2026\/01\/DSC02515.jpg","contentUrl":"https:\/\/spiritdust.pl\/wp-content\/uploads\/2026\/01\/DSC02515.jpg","width":1920,"height":1920},{"@type":"BreadcrumbList","@id":"https:\/\/spiritdust.pl\/de\/produkt\/silberring-mit-herzfoermigem-granat-145\/#breadcrumb","itemListElement":[{"@type":"ListItem","position":1,"name":"Strona g\u0142\u00f3wna","item":"https:\/\/spiritdust.pl\/de\/spirit-dust-schmuck-aus-kupfer-silber-und-natursteinen\/"},{"@type":"ListItem","position":2,"name":"Shop","item":"https:\/\/green-chough-870564.hostingersite.com\/shop\/"},{"@type":"ListItem","position":3,"name":"Silberring mit herzf\u00f6rmigem Granat. 14,5"}]},{"@type":"WebSite","@id":"https:\/\/green-chough-870564.hostingersite.com\/#website","url":"https:\/\/green-chough-870564.hostingersite.com\/","name":"Spirit Dust","description":"Bi\u017cuteria z Miedzi, Srebra i Kamieni Naturalnych","publisher":{"@id":"https:\/\/green-chough-870564.hostingersite.com\/#organization"},"potentialAction":[{"@type":"SearchAction","target":{"@type":"EntryPoint","urlTemplate":"https:\/\/green-chough-870564.hostingersite.com\/?s={search_term_string}"},"query-input":{"@type":"PropertyValueSpecification","valueRequired":true,"valueName":"search_term_string"}}],"inLanguage":"de"},{"@type":"Organization","@id":"https:\/\/green-chough-870564.hostingersite.com\/#organization","name":"Geisterstaub","url":"https:\/\/green-chough-870564.hostingersite.com\/","logo":{"@type":"ImageObject","inLanguage":"de","@id":"https:\/\/green-chough-870564.hostingersite.com\/#\/schema\/logo\/image\/","url":"https:\/\/spiritdust.pl\/wp-content\/uploads\/2026\/01\/logo-sd.png","contentUrl":"https:\/\/spiritdust.pl\/wp-content\/uploads\/2026\/01\/logo-sd.png","width":251,"height":368,"caption":"Geisterstaub"},"image":{"@id":"https:\/\/green-chough-870564.hostingersite.com\/#\/schema\/logo\/image\/"},"sameAs":["https:\/\/www.facebook.com\/spiritdustmj\/","https:\/\/instagram.com\/spirit__dust"]}]}},"_links":{"self":[{"href":"https:\/\/spiritdust.pl\/de\/wp-json\/wp\/v2\/product\/2481","targetHints":{"allow":["GET"]}}],"collection":[{"href":"https:\/\/spiritdust.pl\/de\/wp-json\/wp\/v2\/product"}],"about":[{"href":"https:\/\/spiritdust.pl\/de\/wp-json\/wp\/v2\/types\/product"}],"version-history":[{"count":0,"href":"https:\/\/spiritdust.pl\/de\/wp-json\/wp\/v2\/product\/2481\/revisions"}],"wp:featuredmedia":[{"embeddable":true,"href":"https:\/\/spiritdust.pl\/de\/wp-json\/wp\/v2\/media\/1674"}],"wp:attachment":[{"href":"https:\/\/spiritdust.pl\/de\/wp-json\/wp\/v2\/media?parent=2481"}],"wp:term":[{"taxonomy":"product_brand","embeddable":true,"href":"https:\/\/spiritdust.pl\/de\/wp-json\/wp\/v2\/product_brand?post=2481"},{"taxonomy":"product_cat","embeddable":true,"href":"https:\/\/spiritdust.pl\/de\/wp-json\/wp\/v2\/product_cat?post=2481"},{"taxonomy":"product_tag","embeddable":true,"href":"https:\/\/spiritdust.pl\/de\/wp-json\/wp\/v2\/product_tag?post=2481"}],"curies":[{"name":"wp","href":"https:\/\/api.w.org\/{rel}","templated":true}]}}