{"id":2494,"date":"2026-01-29T15:50:58","date_gmt":"2026-01-29T15:50:58","guid":{"rendered":"https:\/\/spiritdust.pl\/produkt\/silberring-mit-super-seven-15\/"},"modified":"2026-01-29T15:50:58","modified_gmt":"2026-01-29T15:50:58","slug":"silberring-mit-super-seven-15","status":"publish","type":"product","link":"https:\/\/spiritdust.pl\/de\/produkt\/silberring-mit-super-seven-15\/","title":{"rendered":"Silberring mit Super Seven 15"},"content":{"rendered":"<p data-start=\"217\" data-end=\"616\">Dieser Silberring mit Super Seven wurde vollst\u00e4ndig von Hand gefertigt, ohne vorgefertigte Formen. Zuerst habe ich ihn in Wachs modelliert und die Fassung intuitiv um den Stein herum aufgebaut, und erst danach das Ganze in 925er Silber gegossen. Dadurch erh\u00e4lt der Ring eine organische, unregelm\u00e4\u00dfige Struktur \u2013 mit sichtbarer Textur, feinen Unregelm\u00e4\u00dfigkeiten und Details, die das Ergebnis von Handarbeit und keinem wiederholbaren Prozess sind.  <\/p>\n<p data-start=\"618\" data-end=\"1025\">Das zentrale Element ist ein nat\u00fcrlicher Super Seven Stein in unregelm\u00e4\u00dfiger, ovaler Form. Es ist ein Mineral, das durch seinen Inhalt besticht. In seiner transparenten Struktur sind zahlreiche Einschl\u00fcsse in Rot-, Rost- und ged\u00e4mpften Violettt\u00f6nen zu sehen, die unregelm\u00e4\u00dfig im gesamten Stein verteilt sind. Je nach Licht und Blickwinkel ver\u00e4ndert der Stein sein Aussehen und enth\u00fcllt verschiedene Facetten seines Inneren.   <\/p>\n<p data-start=\"1027\" data-end=\"1416\"><strong>Super Seven<\/strong> ist ein seltenes Mineral, das auf nat\u00fcrliche Weise mehrere Kristallstrukturen in sich vereint, darunter Amethyst, Rauchquarz sowie Rutil- und Goethit-Einschl\u00fcsse. Es wird angenommen, dass er die Intuition unterst\u00fctzt, hilft, das innere Gleichgewicht zu bewahren und Entscheidungen im Einklang mit dir selbst f\u00f6rdert. Es ist ein Stein, der oft von Menschen gew\u00e4hlt wird, die Objekte mit Geschichte und Bedeutung sch\u00e4tzen, aber ohne \u00fcbertriebene Symbolik.   <\/p>\n<p data-start=\"1418\" data-end=\"1701\">Der Ring ist ein Unikat \u2013 er wurde in einem einzigen Exemplar gefertigt und wird nicht wiederholt. Er hat eine ausdrucksstarke, aber ruhige Form, die sich gut im Alltag tragen l\u00e4sst und gleichzeitig durch Details und die Struktur des Steins Aufmerksamkeit erregt. Es ist Schmuck, der nicht schreit, aber bemerkt wird.  <\/p>\n<hr data-start=\"1703\" data-end=\"1706\">\n<p data-start=\"1708\" data-end=\"2020\"><strong data-start=\"1708\" data-end=\"1719\">Stein:<\/strong> nat\u00fcrlicher Super Seven<br data-start=\"1741\" data-end=\"1744\"><strong data-start=\"1744\" data-end=\"1757\">Material:<\/strong> 925er Silber<br data-start=\"1774\" data-end=\"1777\"><strong data-start=\"1777\" data-end=\"1801\">Ringgr\u00f6\u00dfe:<\/strong> 15 (PL)<br data-start=\"1809\" data-end=\"1812\"><strong data-start=\"1812\" data-end=\"1836\">Innendurchmesser:<\/strong> ca. <strong data-start=\"1841\" data-end=\"1852\">17,3 mm<\/strong><br data-start=\"1852\" data-end=\"1855\"><strong data-start=\"1855\" data-end=\"1876\">Innenumfang:<\/strong> ca. <strong data-start=\"1881\" data-end=\"1890\">55 mm<\/strong><br data-start=\"1890\" data-end=\"1893\"><strong data-start=\"1893\" data-end=\"1914\">Steinma\u00dfe:<\/strong> ca. <strong data-start=\"1919\" data-end=\"1933\">15 \u00d7 11 mm<\/strong><\/p>\n<p data-start=\"2518\" data-end=\"2551\">Entdecke auch andere <a class=\"cursor-pointer\" href=\"https:\/\/spiritdust.pl\/kategoria-produktu\/bizuteria\/pierscionki-srebrne\/?v=288404204e3d\" target=\"_blank\" rel=\"noopener\" data-start=\"2147\" data-end=\"2204\">einzigartige Silberringe<\/a>.<\/p>\n","protected":false},"excerpt":{"rendered":"<p data-start=\"1903\" data-end=\"2060\">Handgefertigter Silberring mit nat\u00fcrlichem Super Seven Stein. In Wachs modelliert und in 925er Silber gegossen, ein Unikat mit organischer Form. <\/p>\n<p data-start=\"1411\" data-end=\"1583\">Ich verpacke den Schmuck sorgf\u00e4ltig in einer dekorativen Schachtel, sodass er sofort als Geschenk bereit ist.<\/p>\n","protected":false},"featured_media":2495,"template":"","meta":{"inline_featured_image":false},"product_brand":[],"product_cat":[167,250],"product_tag":[199,294],"class_list":{"0":"post-2494","1":"product","2":"type-product","3":"status-publish","4":"has-post-thumbnail","6":"product_cat-schmuck","7":"product_cat-silberringe","8":"product_tag-silber","9":"product_tag-super-seven","11":"first","12":"instock","13":"taxable","14":"shipping-taxable","15":"purchasable","16":"product-type-simple"},"yoast_head":"<!-- This site is optimized with the Yoast SEO plugin v27.5 - https:\/\/yoast.com\/product\/yoast-seo-wordpress\/ -->\n<title>Silberring mit Super Seven 15 - Spirit Dust<\/title>\n<meta name=\"description\" content=\"Handgefertigter Silberring mit Super Seven, in Wachs modelliert und aus 925er Silber gegossen. Einzigartiger Schmuck mit Naturstein.\" \/>\n<meta name=\"robots\" content=\"index, follow, max-snippet:-1, max-image-preview:large, max-video-preview:-1\" \/>\n<link rel=\"canonical\" href=\"https:\/\/spiritdust.pl\/de\/produkt\/silberring-mit-super-seven-15\/\" \/>\n<meta property=\"og:locale\" content=\"de_DE\" \/>\n<meta property=\"og:type\" content=\"article\" \/>\n<meta property=\"og:title\" content=\"Silberring mit Super Seven 15 - Spirit Dust\" \/>\n<meta property=\"og:description\" content=\"Handgefertigter Silberring mit Super Seven, in Wachs modelliert und aus 925er Silber gegossen. Einzigartiger Schmuck mit Naturstein.\" \/>\n<meta property=\"og:url\" content=\"https:\/\/spiritdust.pl\/de\/produkt\/silberring-mit-super-seven-15\/\" \/>\n<meta property=\"og:site_name\" content=\"Spirit Dust\" \/>\n<meta property=\"article:publisher\" content=\"https:\/\/www.facebook.com\/spiritdustmj\/\" \/>\n<meta property=\"og:image\" content=\"https:\/\/spiritdust.pl\/wp-content\/uploads\/2026\/01\/DSC02511.jpg\" \/>\n\t<meta property=\"og:image:width\" content=\"1920\" \/>\n\t<meta property=\"og:image:height\" content=\"1920\" \/>\n\t<meta property=\"og:image:type\" content=\"image\/jpeg\" \/>\n<meta name=\"twitter:card\" content=\"summary_large_image\" \/>\n<meta name=\"twitter:label1\" content=\"Gesch\u00e4tzte Lesezeit\" \/>\n\t<meta name=\"twitter:data1\" content=\"1\u00a0Minute\" \/>\n<script type=\"application\/ld+json\" class=\"yoast-schema-graph\">{\"@context\":\"https:\\\/\\\/schema.org\",\"@graph\":[{\"@type\":\"WebPage\",\"@id\":\"https:\\\/\\\/spiritdust.pl\\\/de\\\/produkt\\\/silberring-mit-super-seven-15\\\/\",\"url\":\"https:\\\/\\\/spiritdust.pl\\\/de\\\/produkt\\\/silberring-mit-super-seven-15\\\/\",\"name\":\"Silberring mit Super Seven 15 - Spirit Dust\",\"isPartOf\":{\"@id\":\"https:\\\/\\\/green-chough-870564.hostingersite.com\\\/#website\"},\"primaryImageOfPage\":{\"@id\":\"https:\\\/\\\/spiritdust.pl\\\/de\\\/produkt\\\/silberring-mit-super-seven-15\\\/#primaryimage\"},\"image\":{\"@id\":\"https:\\\/\\\/spiritdust.pl\\\/de\\\/produkt\\\/silberring-mit-super-seven-15\\\/#primaryimage\"},\"thumbnailUrl\":\"https:\\\/\\\/spiritdust.pl\\\/wp-content\\\/uploads\\\/2026\\\/01\\\/DSC02511.jpg\",\"datePublished\":\"2026-01-29T15:50:58+00:00\",\"description\":\"Handgefertigter Silberring mit Super Seven, in Wachs modelliert und aus 925er Silber gegossen. Einzigartiger Schmuck mit Naturstein.\",\"breadcrumb\":{\"@id\":\"https:\\\/\\\/spiritdust.pl\\\/de\\\/produkt\\\/silberring-mit-super-seven-15\\\/#breadcrumb\"},\"inLanguage\":\"de\",\"potentialAction\":[{\"@type\":\"ReadAction\",\"target\":[\"https:\\\/\\\/spiritdust.pl\\\/de\\\/produkt\\\/silberring-mit-super-seven-15\\\/\"]}]},{\"@type\":\"ImageObject\",\"inLanguage\":\"de\",\"@id\":\"https:\\\/\\\/spiritdust.pl\\\/de\\\/produkt\\\/silberring-mit-super-seven-15\\\/#primaryimage\",\"url\":\"https:\\\/\\\/spiritdust.pl\\\/wp-content\\\/uploads\\\/2026\\\/01\\\/DSC02511.jpg\",\"contentUrl\":\"https:\\\/\\\/spiritdust.pl\\\/wp-content\\\/uploads\\\/2026\\\/01\\\/DSC02511.jpg\",\"width\":1920,\"height\":1920},{\"@type\":\"BreadcrumbList\",\"@id\":\"https:\\\/\\\/spiritdust.pl\\\/de\\\/produkt\\\/silberring-mit-super-seven-15\\\/#breadcrumb\",\"itemListElement\":[{\"@type\":\"ListItem\",\"position\":1,\"name\":\"Strona g\u0142\u00f3wna\",\"item\":\"https:\\\/\\\/spiritdust.pl\\\/de\\\/spirit-dust-schmuck-aus-kupfer-silber-und-natursteinen\\\/\"},{\"@type\":\"ListItem\",\"position\":2,\"name\":\"Shop\",\"item\":\"https:\\\/\\\/green-chough-870564.hostingersite.com\\\/shop\\\/\"},{\"@type\":\"ListItem\",\"position\":3,\"name\":\"Silberring mit Super Seven 15\"}]},{\"@type\":\"WebSite\",\"@id\":\"https:\\\/\\\/green-chough-870564.hostingersite.com\\\/#website\",\"url\":\"https:\\\/\\\/green-chough-870564.hostingersite.com\\\/\",\"name\":\"Spirit Dust\",\"description\":\"Bi\u017cuteria z Miedzi, Srebra i Kamieni Naturalnych\",\"publisher\":{\"@id\":\"https:\\\/\\\/green-chough-870564.hostingersite.com\\\/#organization\"},\"potentialAction\":[{\"@type\":\"SearchAction\",\"target\":{\"@type\":\"EntryPoint\",\"urlTemplate\":\"https:\\\/\\\/green-chough-870564.hostingersite.com\\\/?s={search_term_string}\"},\"query-input\":{\"@type\":\"PropertyValueSpecification\",\"valueRequired\":true,\"valueName\":\"search_term_string\"}}],\"inLanguage\":\"de\"},{\"@type\":\"Organization\",\"@id\":\"https:\\\/\\\/green-chough-870564.hostingersite.com\\\/#organization\",\"name\":\"Geisterstaub\",\"url\":\"https:\\\/\\\/green-chough-870564.hostingersite.com\\\/\",\"logo\":{\"@type\":\"ImageObject\",\"inLanguage\":\"de\",\"@id\":\"https:\\\/\\\/green-chough-870564.hostingersite.com\\\/#\\\/schema\\\/logo\\\/image\\\/\",\"url\":\"https:\\\/\\\/spiritdust.pl\\\/wp-content\\\/uploads\\\/2026\\\/01\\\/logo-sd.png\",\"contentUrl\":\"https:\\\/\\\/spiritdust.pl\\\/wp-content\\\/uploads\\\/2026\\\/01\\\/logo-sd.png\",\"width\":251,\"height\":368,\"caption\":\"Geisterstaub\"},\"image\":{\"@id\":\"https:\\\/\\\/green-chough-870564.hostingersite.com\\\/#\\\/schema\\\/logo\\\/image\\\/\"},\"sameAs\":[\"https:\\\/\\\/www.facebook.com\\\/spiritdustmj\\\/\",\"https:\\\/\\\/instagram.com\\\/spirit__dust\"]}]}<\/script>\n<!-- \/ Yoast SEO plugin. -->","yoast_head_json":{"title":"Silberring mit Super Seven 15 - Spirit Dust","description":"Handgefertigter Silberring mit Super Seven, in Wachs modelliert und aus 925er Silber gegossen. Einzigartiger Schmuck mit Naturstein.","robots":{"index":"index","follow":"follow","max-snippet":"max-snippet:-1","max-image-preview":"max-image-preview:large","max-video-preview":"max-video-preview:-1"},"canonical":"https:\/\/spiritdust.pl\/de\/produkt\/silberring-mit-super-seven-15\/","og_locale":"de_DE","og_type":"article","og_title":"Silberring mit Super Seven 15 - Spirit Dust","og_description":"Handgefertigter Silberring mit Super Seven, in Wachs modelliert und aus 925er Silber gegossen. Einzigartiger Schmuck mit Naturstein.","og_url":"https:\/\/spiritdust.pl\/de\/produkt\/silberring-mit-super-seven-15\/","og_site_name":"Spirit Dust","article_publisher":"https:\/\/www.facebook.com\/spiritdustmj\/","og_image":[{"width":1920,"height":1920,"url":"https:\/\/spiritdust.pl\/wp-content\/uploads\/2026\/01\/DSC02511.jpg","type":"image\/jpeg"}],"twitter_card":"summary_large_image","twitter_misc":{"Gesch\u00e4tzte Lesezeit":"1\u00a0Minute"},"schema":{"@context":"https:\/\/schema.org","@graph":[{"@type":"WebPage","@id":"https:\/\/spiritdust.pl\/de\/produkt\/silberring-mit-super-seven-15\/","url":"https:\/\/spiritdust.pl\/de\/produkt\/silberring-mit-super-seven-15\/","name":"Silberring mit Super Seven 15 - Spirit Dust","isPartOf":{"@id":"https:\/\/green-chough-870564.hostingersite.com\/#website"},"primaryImageOfPage":{"@id":"https:\/\/spiritdust.pl\/de\/produkt\/silberring-mit-super-seven-15\/#primaryimage"},"image":{"@id":"https:\/\/spiritdust.pl\/de\/produkt\/silberring-mit-super-seven-15\/#primaryimage"},"thumbnailUrl":"https:\/\/spiritdust.pl\/wp-content\/uploads\/2026\/01\/DSC02511.jpg","datePublished":"2026-01-29T15:50:58+00:00","description":"Handgefertigter Silberring mit Super Seven, in Wachs modelliert und aus 925er Silber gegossen. Einzigartiger Schmuck mit Naturstein.","breadcrumb":{"@id":"https:\/\/spiritdust.pl\/de\/produkt\/silberring-mit-super-seven-15\/#breadcrumb"},"inLanguage":"de","potentialAction":[{"@type":"ReadAction","target":["https:\/\/spiritdust.pl\/de\/produkt\/silberring-mit-super-seven-15\/"]}]},{"@type":"ImageObject","inLanguage":"de","@id":"https:\/\/spiritdust.pl\/de\/produkt\/silberring-mit-super-seven-15\/#primaryimage","url":"https:\/\/spiritdust.pl\/wp-content\/uploads\/2026\/01\/DSC02511.jpg","contentUrl":"https:\/\/spiritdust.pl\/wp-content\/uploads\/2026\/01\/DSC02511.jpg","width":1920,"height":1920},{"@type":"BreadcrumbList","@id":"https:\/\/spiritdust.pl\/de\/produkt\/silberring-mit-super-seven-15\/#breadcrumb","itemListElement":[{"@type":"ListItem","position":1,"name":"Strona g\u0142\u00f3wna","item":"https:\/\/spiritdust.pl\/de\/spirit-dust-schmuck-aus-kupfer-silber-und-natursteinen\/"},{"@type":"ListItem","position":2,"name":"Shop","item":"https:\/\/green-chough-870564.hostingersite.com\/shop\/"},{"@type":"ListItem","position":3,"name":"Silberring mit Super Seven 15"}]},{"@type":"WebSite","@id":"https:\/\/green-chough-870564.hostingersite.com\/#website","url":"https:\/\/green-chough-870564.hostingersite.com\/","name":"Spirit Dust","description":"Bi\u017cuteria z Miedzi, Srebra i Kamieni Naturalnych","publisher":{"@id":"https:\/\/green-chough-870564.hostingersite.com\/#organization"},"potentialAction":[{"@type":"SearchAction","target":{"@type":"EntryPoint","urlTemplate":"https:\/\/green-chough-870564.hostingersite.com\/?s={search_term_string}"},"query-input":{"@type":"PropertyValueSpecification","valueRequired":true,"valueName":"search_term_string"}}],"inLanguage":"de"},{"@type":"Organization","@id":"https:\/\/green-chough-870564.hostingersite.com\/#organization","name":"Geisterstaub","url":"https:\/\/green-chough-870564.hostingersite.com\/","logo":{"@type":"ImageObject","inLanguage":"de","@id":"https:\/\/green-chough-870564.hostingersite.com\/#\/schema\/logo\/image\/","url":"https:\/\/spiritdust.pl\/wp-content\/uploads\/2026\/01\/logo-sd.png","contentUrl":"https:\/\/spiritdust.pl\/wp-content\/uploads\/2026\/01\/logo-sd.png","width":251,"height":368,"caption":"Geisterstaub"},"image":{"@id":"https:\/\/green-chough-870564.hostingersite.com\/#\/schema\/logo\/image\/"},"sameAs":["https:\/\/www.facebook.com\/spiritdustmj\/","https:\/\/instagram.com\/spirit__dust"]}]}},"_links":{"self":[{"href":"https:\/\/spiritdust.pl\/de\/wp-json\/wp\/v2\/product\/2494","targetHints":{"allow":["GET"]}}],"collection":[{"href":"https:\/\/spiritdust.pl\/de\/wp-json\/wp\/v2\/product"}],"about":[{"href":"https:\/\/spiritdust.pl\/de\/wp-json\/wp\/v2\/types\/product"}],"version-history":[{"count":0,"href":"https:\/\/spiritdust.pl\/de\/wp-json\/wp\/v2\/product\/2494\/revisions"}],"wp:featuredmedia":[{"embeddable":true,"href":"https:\/\/spiritdust.pl\/de\/wp-json\/wp\/v2\/media\/2495"}],"wp:attachment":[{"href":"https:\/\/spiritdust.pl\/de\/wp-json\/wp\/v2\/media?parent=2494"}],"wp:term":[{"taxonomy":"product_brand","embeddable":true,"href":"https:\/\/spiritdust.pl\/de\/wp-json\/wp\/v2\/product_brand?post=2494"},{"taxonomy":"product_cat","embeddable":true,"href":"https:\/\/spiritdust.pl\/de\/wp-json\/wp\/v2\/product_cat?post=2494"},{"taxonomy":"product_tag","embeddable":true,"href":"https:\/\/spiritdust.pl\/de\/wp-json\/wp\/v2\/product_tag?post=2494"}],"curies":[{"name":"wp","href":"https:\/\/api.w.org\/{rel}","templated":true}]}}