{"id":2530,"date":"2026-01-29T15:50:57","date_gmt":"2026-01-29T15:50:57","guid":{"rendered":"https:\/\/spiritdust.pl\/produkt\/armband-mit-citrin-und-karneol-fuer-energie-und-gute-laune\/"},"modified":"2026-01-29T15:50:57","modified_gmt":"2026-01-29T15:50:57","slug":"armband-mit-citrin-und-karneol-fuer-energie-und-gute-laune","status":"publish","type":"product","link":"https:\/\/spiritdust.pl\/de\/produkt\/armband-mit-citrin-und-karneol-fuer-energie-und-gute-laune\/","title":{"rendered":"Armband mit Citrin und Karneol \u2013 f\u00fcr Energie und gute Laune"},"content":{"rendered":"<div class=\"flex-shrink-0 flex flex-col relative items-end\">\n<div class=\"pt-0\">\n<div class=\"gizmo-bot-avatar flex h-8 w-8 items-center justify-center overflow-hidden rounded-full\">\n<div class=\"relative p-1 rounded-sm flex items-center justify-center bg-token-main-surface-primary text-token-text-primary h-8 w-8\">\n<p data-start=\"723\" data-end=\"1162\"><strong data-start=\"723\" data-end=\"790\">Das Armband mit Citrin und Karneol \u2013 f\u00fcr Energie und gute Laune<\/strong> wurde f\u00fcr Menschen geschaffen, die warme, nat\u00fcrliche Farben und Steine m\u00f6gen, die Leichtigkeit verleihen. Es ist ein zartes Modell an einem verstellbaren Faden, das Citrin, Karneol, gelben Opal und H\u00e4matit vereint. Zusammen bilden sie eine Komposition, die Optimismus, Tatkraft und t\u00e4gliche Klarheit unterst\u00fctzt. <em data-start=\"1048\" data-end=\"1087\">Dieses Armband mit Citrin und Karneol<\/em> eignet sich gut, wenn du dir etwas Energie ohne \u00dcbertreibung hinzuf\u00fcgen m\u00f6chtest.  <\/p>\n<p data-start=\"1164\" data-end=\"1653\"><strong data-start=\"1164\" data-end=\"1174\">Citrin<\/strong> gilt als Stein der geistigen Klarheit und guten Laune. Seine klare Farbe hellt die Haut auf und verleiht dem Ganzen einen leichten, sonnigen Charakter. In vielen Beschreibungen wird er als Stein des Wohlstands bezeichnet, obwohl hier das Wichtigste ist, dass er hell und frisch aussieht.  <br data-start=\"1438\" data-end=\"1441\"><strong data-start=\"1441\" data-end=\"1452\">Karneol<\/strong> verleiht W\u00e4rme und Tatkraft. Seine orangefarbenen Nuancen werden mit Energie assoziiert, weshalb dieser mineralische Akzent den Citrin hervorragend erg\u00e4nzt. Im Duo bilden sie ein Set, das die Stimmung hebt und die Konzentration f\u00f6rdert.  <\/p>\n<p data-start=\"1655\" data-end=\"1901\"><strong data-start=\"1655\" data-end=\"1669\">Gelber Opal<\/strong> gleicht das Ganze aus und bringt Ruhe. Seine cremige Farbe mildert die Intensit\u00e4t des Karneols. Dadurch ist das Armband nicht zu \u201efeurig\u201c \u2013 es bewahrt eine nat\u00fcrliche Sanftheit.  <br data-start=\"1836\" data-end=\"1839\"><strong data-start=\"1839\" data-end=\"1850\">H\u00e4matit<\/strong> rundet die Komposition ab und verleiht eine schmuckvolle Struktur.<\/p>\n<p data-start=\"1903\" data-end=\"2226\">Wenn du ein passendes Accessoire dazu m\u00f6chtest, schau dir auch meine <strong data-start=\"1966\" data-end=\"2029\"><a class=\"decorated-link\" href=\"https:\/\/spiritdust.pl\/?s=naszyjnik+kamie%C5%84+ksi%C4%99%C5%BCycowy&amp;post_type=product&amp;v=288404204e3d\" target=\"_blank\" rel=\"noopener\" data-start=\"1968\" data-end=\"2027\">Mondsteinketten<\/a><\/strong> an \u2013 beide Modelle harmonieren farblich sch\u00f6n.<\/p>\n<p data-start=\"2228\" data-end=\"2551\">Ich fertige das Armband an einem robusten, verstellbaren Faden, sodass du es leicht anpassen kannst. Es ist leicht und bequem, daher eignet es sich gut f\u00fcr den Alltag. Dank der warmen Farben passt es zu vielen Stilen \u2013 von hellen bis hin zu kontrastreicheren. Es ist ein ruhiges, nat\u00fcrliches Accessoire, das etwas Energie verleiht, aber gleichzeitig dezent bleibt.   <\/p>\n<\/div>\n<\/div>\n<\/div>\n<\/div>\n","protected":false},"excerpt":{"rendered":"<div class=\"flex max-w-full flex-col flex-grow\">\n<div class=\"min-h-8 text-message flex w-full flex-col items-end gap-2 whitespace-normal break-words text-start [.text-message+&amp;]:mt-5\" dir=\"auto\" data-message-author-role=\"assistant\" data-message-id=\"e37d3b1a-d597-4200-97d4-57fb7acf2184\" data-message-model-slug=\"gpt-4o-mini\">\n<div class=\"flex w-full flex-col gap-1 empty:hidden first:pt-[3px]\">\n<div class=\"&lt;div class=\">\n<div class=\"min-h-8 text-message flex w-full flex-col items-end gap-2 whitespace-normal break-words text-start [.text-message+&amp;]:mt-5\" dir=\"auto\" data-message-author-role=\"assistant\" data-message-id=\"434ce9a3-1eaf-4b96-b199-2a1d18b5b877\" data-message-mode=\"\">\n<p data-start=\"254\" data-end=\"532\"><strong data-start=\"254\" data-end=\"292\">Das Armband mit Citrin und Karneol<\/strong> ist ein warmer, alltagstauglicher Vorschlag f\u00fcr Menschen, die Natursteine m\u00f6gen. Es enth\u00e4lt Citrin, der die geistige Klarheit unterst\u00fctzt, energetischen Karneol, beruhigenden gelben Opal und stabilisierenden H\u00e4matit. Leicht, verstellbar und bequem f\u00fcr den t\u00e4glichen Gebrauch.  <\/p>\n<p data-start=\"2270\" data-end=\"2380\">Ich verpacke den Schmuck sorgf\u00e4ltig in einer dekorativen Schachtel, sodass er sofort als Geschenk bereit ist.<\/p>\n<\/div>\n<p data-start=\"2270\" data-end=\"2380\"><strong data-start=\"1081\" data-end=\"1127\">Das Armband wird speziell f\u00fcr dich angefertigt<\/strong> \u2013 du kannst die Farbe der Zwischenperlen bei der Bestellung w\u00e4hlen.<br data-start=\"1187\" data-end=\"1190\">Aus diesem Grund ist es ein personalisiertes Produkt, das <strong data-start=\"1246\" data-end=\"1270\">vom Umtausch ausgeschlossen ist<\/strong>, gem\u00e4\u00df den geltenden Bestimmungen.<\/p>\n<\/div>\n<\/div>\n<\/div>\n<\/div>\n","protected":false},"featured_media":2538,"template":"","meta":{"inline_featured_image":false},"product_brand":[],"product_cat":[168],"product_tag":[178,307,169,306],"class_list":{"0":"post-2530","1":"product","2":"type-product","3":"status-publish","4":"has-post-thumbnail","6":"product_cat-armbander","7":"product_tag-citrin","8":"product_tag-gelber-opal","9":"product_tag-hamatit","10":"product_tag-karneol","12":"first","13":"instock","14":"taxable","15":"shipping-taxable","16":"purchasable","17":"product-type-variable"},"yoast_head":"<!-- This site is optimized with the Yoast SEO plugin v27.5 - https:\/\/yoast.com\/product\/yoast-seo-wordpress\/ -->\n<title>Armband mit Citrin und Karneol \u2013 f\u00fcr Energie und gute Laune - Spirit Dust<\/title>\n<meta name=\"description\" content=\"Armband mit Citrin und Karneol \u2013 f\u00fcr Energie und gute Laune. Citrin, Karneol, gelber Opal und H\u00e4matit in einer warmen, nat\u00fcrlichen Komposition.\" \/>\n<meta name=\"robots\" content=\"index, follow, max-snippet:-1, max-image-preview:large, max-video-preview:-1\" \/>\n<link rel=\"canonical\" href=\"https:\/\/spiritdust.pl\/de\/produkt\/armband-mit-citrin-und-karneol-fuer-energie-und-gute-laune\/\" \/>\n<meta property=\"og:locale\" content=\"de_DE\" \/>\n<meta property=\"og:type\" content=\"article\" \/>\n<meta property=\"og:title\" content=\"Armband mit Citrin und Karneol \u2013 f\u00fcr Energie und gute Laune - Spirit Dust\" \/>\n<meta property=\"og:description\" content=\"Armband mit Citrin und Karneol \u2013 f\u00fcr Energie und gute Laune. Citrin, Karneol, gelber Opal und H\u00e4matit in einer warmen, nat\u00fcrlichen Komposition.\" \/>\n<meta property=\"og:url\" content=\"https:\/\/spiritdust.pl\/de\/produkt\/armband-mit-citrin-und-karneol-fuer-energie-und-gute-laune\/\" \/>\n<meta property=\"og:site_name\" content=\"Spirit Dust\" \/>\n<meta property=\"article:publisher\" content=\"https:\/\/www.facebook.com\/spiritdustmj\/\" \/>\n<meta property=\"og:image\" content=\"https:\/\/spiritdust.pl\/wp-content\/uploads\/2026\/01\/DSC02278-scaled-1.jpg\" \/>\n\t<meta property=\"og:image:width\" content=\"2560\" \/>\n\t<meta property=\"og:image:height\" content=\"2560\" \/>\n\t<meta property=\"og:image:type\" content=\"image\/jpeg\" \/>\n<meta name=\"twitter:card\" content=\"summary_large_image\" \/>\n<meta name=\"twitter:label1\" content=\"Gesch\u00e4tzte Lesezeit\" \/>\n\t<meta name=\"twitter:data1\" content=\"1\u00a0Minute\" \/>\n<script type=\"application\/ld+json\" class=\"yoast-schema-graph\">{\"@context\":\"https:\\\/\\\/schema.org\",\"@graph\":[{\"@type\":\"WebPage\",\"@id\":\"https:\\\/\\\/spiritdust.pl\\\/de\\\/produkt\\\/armband-mit-citrin-und-karneol-fuer-energie-und-gute-laune\\\/\",\"url\":\"https:\\\/\\\/spiritdust.pl\\\/de\\\/produkt\\\/armband-mit-citrin-und-karneol-fuer-energie-und-gute-laune\\\/\",\"name\":\"Armband mit Citrin und Karneol \u2013 f\u00fcr Energie und gute Laune - Spirit Dust\",\"isPartOf\":{\"@id\":\"https:\\\/\\\/green-chough-870564.hostingersite.com\\\/#website\"},\"primaryImageOfPage\":{\"@id\":\"https:\\\/\\\/spiritdust.pl\\\/de\\\/produkt\\\/armband-mit-citrin-und-karneol-fuer-energie-und-gute-laune\\\/#primaryimage\"},\"image\":{\"@id\":\"https:\\\/\\\/spiritdust.pl\\\/de\\\/produkt\\\/armband-mit-citrin-und-karneol-fuer-energie-und-gute-laune\\\/#primaryimage\"},\"thumbnailUrl\":\"https:\\\/\\\/spiritdust.pl\\\/wp-content\\\/uploads\\\/2026\\\/01\\\/DSC02278-scaled-1.jpg\",\"datePublished\":\"2026-01-29T15:50:57+00:00\",\"description\":\"Armband mit Citrin und Karneol \u2013 f\u00fcr Energie und gute Laune. Citrin, Karneol, gelber Opal und H\u00e4matit in einer warmen, nat\u00fcrlichen Komposition.\",\"breadcrumb\":{\"@id\":\"https:\\\/\\\/spiritdust.pl\\\/de\\\/produkt\\\/armband-mit-citrin-und-karneol-fuer-energie-und-gute-laune\\\/#breadcrumb\"},\"inLanguage\":\"de\",\"potentialAction\":[{\"@type\":\"ReadAction\",\"target\":[\"https:\\\/\\\/spiritdust.pl\\\/de\\\/produkt\\\/armband-mit-citrin-und-karneol-fuer-energie-und-gute-laune\\\/\"]}]},{\"@type\":\"ImageObject\",\"inLanguage\":\"de\",\"@id\":\"https:\\\/\\\/spiritdust.pl\\\/de\\\/produkt\\\/armband-mit-citrin-und-karneol-fuer-energie-und-gute-laune\\\/#primaryimage\",\"url\":\"https:\\\/\\\/spiritdust.pl\\\/wp-content\\\/uploads\\\/2026\\\/01\\\/DSC02278-scaled-1.jpg\",\"contentUrl\":\"https:\\\/\\\/spiritdust.pl\\\/wp-content\\\/uploads\\\/2026\\\/01\\\/DSC02278-scaled-1.jpg\",\"width\":2560,\"height\":2560},{\"@type\":\"BreadcrumbList\",\"@id\":\"https:\\\/\\\/spiritdust.pl\\\/de\\\/produkt\\\/armband-mit-citrin-und-karneol-fuer-energie-und-gute-laune\\\/#breadcrumb\",\"itemListElement\":[{\"@type\":\"ListItem\",\"position\":1,\"name\":\"Strona g\u0142\u00f3wna\",\"item\":\"https:\\\/\\\/spiritdust.pl\\\/de\\\/spirit-dust-schmuck-aus-kupfer-silber-und-natursteinen\\\/\"},{\"@type\":\"ListItem\",\"position\":2,\"name\":\"Shop\",\"item\":\"https:\\\/\\\/green-chough-870564.hostingersite.com\\\/shop\\\/\"},{\"@type\":\"ListItem\",\"position\":3,\"name\":\"Armband mit Citrin und Karneol \u2013 f\u00fcr Energie und gute Laune\"}]},{\"@type\":\"WebSite\",\"@id\":\"https:\\\/\\\/green-chough-870564.hostingersite.com\\\/#website\",\"url\":\"https:\\\/\\\/green-chough-870564.hostingersite.com\\\/\",\"name\":\"Spirit Dust\",\"description\":\"Bi\u017cuteria z Miedzi, Srebra i Kamieni Naturalnych\",\"publisher\":{\"@id\":\"https:\\\/\\\/green-chough-870564.hostingersite.com\\\/#organization\"},\"potentialAction\":[{\"@type\":\"SearchAction\",\"target\":{\"@type\":\"EntryPoint\",\"urlTemplate\":\"https:\\\/\\\/green-chough-870564.hostingersite.com\\\/?s={search_term_string}\"},\"query-input\":{\"@type\":\"PropertyValueSpecification\",\"valueRequired\":true,\"valueName\":\"search_term_string\"}}],\"inLanguage\":\"de\"},{\"@type\":\"Organization\",\"@id\":\"https:\\\/\\\/green-chough-870564.hostingersite.com\\\/#organization\",\"name\":\"Geisterstaub\",\"url\":\"https:\\\/\\\/green-chough-870564.hostingersite.com\\\/\",\"logo\":{\"@type\":\"ImageObject\",\"inLanguage\":\"de\",\"@id\":\"https:\\\/\\\/green-chough-870564.hostingersite.com\\\/#\\\/schema\\\/logo\\\/image\\\/\",\"url\":\"https:\\\/\\\/spiritdust.pl\\\/wp-content\\\/uploads\\\/2026\\\/01\\\/logo-sd.png\",\"contentUrl\":\"https:\\\/\\\/spiritdust.pl\\\/wp-content\\\/uploads\\\/2026\\\/01\\\/logo-sd.png\",\"width\":251,\"height\":368,\"caption\":\"Geisterstaub\"},\"image\":{\"@id\":\"https:\\\/\\\/green-chough-870564.hostingersite.com\\\/#\\\/schema\\\/logo\\\/image\\\/\"},\"sameAs\":[\"https:\\\/\\\/www.facebook.com\\\/spiritdustmj\\\/\",\"https:\\\/\\\/instagram.com\\\/spirit__dust\"]}]}<\/script>\n<!-- \/ Yoast SEO plugin. -->","yoast_head_json":{"title":"Armband mit Citrin und Karneol \u2013 f\u00fcr Energie und gute Laune - Spirit Dust","description":"Armband mit Citrin und Karneol \u2013 f\u00fcr Energie und gute Laune. Citrin, Karneol, gelber Opal und H\u00e4matit in einer warmen, nat\u00fcrlichen Komposition.","robots":{"index":"index","follow":"follow","max-snippet":"max-snippet:-1","max-image-preview":"max-image-preview:large","max-video-preview":"max-video-preview:-1"},"canonical":"https:\/\/spiritdust.pl\/de\/produkt\/armband-mit-citrin-und-karneol-fuer-energie-und-gute-laune\/","og_locale":"de_DE","og_type":"article","og_title":"Armband mit Citrin und Karneol \u2013 f\u00fcr Energie und gute Laune - Spirit Dust","og_description":"Armband mit Citrin und Karneol \u2013 f\u00fcr Energie und gute Laune. Citrin, Karneol, gelber Opal und H\u00e4matit in einer warmen, nat\u00fcrlichen Komposition.","og_url":"https:\/\/spiritdust.pl\/de\/produkt\/armband-mit-citrin-und-karneol-fuer-energie-und-gute-laune\/","og_site_name":"Spirit Dust","article_publisher":"https:\/\/www.facebook.com\/spiritdustmj\/","og_image":[{"width":2560,"height":2560,"url":"https:\/\/spiritdust.pl\/wp-content\/uploads\/2026\/01\/DSC02278-scaled-1.jpg","type":"image\/jpeg"}],"twitter_card":"summary_large_image","twitter_misc":{"Gesch\u00e4tzte Lesezeit":"1\u00a0Minute"},"schema":{"@context":"https:\/\/schema.org","@graph":[{"@type":"WebPage","@id":"https:\/\/spiritdust.pl\/de\/produkt\/armband-mit-citrin-und-karneol-fuer-energie-und-gute-laune\/","url":"https:\/\/spiritdust.pl\/de\/produkt\/armband-mit-citrin-und-karneol-fuer-energie-und-gute-laune\/","name":"Armband mit Citrin und Karneol \u2013 f\u00fcr Energie und gute Laune - Spirit Dust","isPartOf":{"@id":"https:\/\/green-chough-870564.hostingersite.com\/#website"},"primaryImageOfPage":{"@id":"https:\/\/spiritdust.pl\/de\/produkt\/armband-mit-citrin-und-karneol-fuer-energie-und-gute-laune\/#primaryimage"},"image":{"@id":"https:\/\/spiritdust.pl\/de\/produkt\/armband-mit-citrin-und-karneol-fuer-energie-und-gute-laune\/#primaryimage"},"thumbnailUrl":"https:\/\/spiritdust.pl\/wp-content\/uploads\/2026\/01\/DSC02278-scaled-1.jpg","datePublished":"2026-01-29T15:50:57+00:00","description":"Armband mit Citrin und Karneol \u2013 f\u00fcr Energie und gute Laune. Citrin, Karneol, gelber Opal und H\u00e4matit in einer warmen, nat\u00fcrlichen Komposition.","breadcrumb":{"@id":"https:\/\/spiritdust.pl\/de\/produkt\/armband-mit-citrin-und-karneol-fuer-energie-und-gute-laune\/#breadcrumb"},"inLanguage":"de","potentialAction":[{"@type":"ReadAction","target":["https:\/\/spiritdust.pl\/de\/produkt\/armband-mit-citrin-und-karneol-fuer-energie-und-gute-laune\/"]}]},{"@type":"ImageObject","inLanguage":"de","@id":"https:\/\/spiritdust.pl\/de\/produkt\/armband-mit-citrin-und-karneol-fuer-energie-und-gute-laune\/#primaryimage","url":"https:\/\/spiritdust.pl\/wp-content\/uploads\/2026\/01\/DSC02278-scaled-1.jpg","contentUrl":"https:\/\/spiritdust.pl\/wp-content\/uploads\/2026\/01\/DSC02278-scaled-1.jpg","width":2560,"height":2560},{"@type":"BreadcrumbList","@id":"https:\/\/spiritdust.pl\/de\/produkt\/armband-mit-citrin-und-karneol-fuer-energie-und-gute-laune\/#breadcrumb","itemListElement":[{"@type":"ListItem","position":1,"name":"Strona g\u0142\u00f3wna","item":"https:\/\/spiritdust.pl\/de\/spirit-dust-schmuck-aus-kupfer-silber-und-natursteinen\/"},{"@type":"ListItem","position":2,"name":"Shop","item":"https:\/\/green-chough-870564.hostingersite.com\/shop\/"},{"@type":"ListItem","position":3,"name":"Armband mit Citrin und Karneol \u2013 f\u00fcr Energie und gute Laune"}]},{"@type":"WebSite","@id":"https:\/\/green-chough-870564.hostingersite.com\/#website","url":"https:\/\/green-chough-870564.hostingersite.com\/","name":"Spirit Dust","description":"Bi\u017cuteria z Miedzi, Srebra i Kamieni Naturalnych","publisher":{"@id":"https:\/\/green-chough-870564.hostingersite.com\/#organization"},"potentialAction":[{"@type":"SearchAction","target":{"@type":"EntryPoint","urlTemplate":"https:\/\/green-chough-870564.hostingersite.com\/?s={search_term_string}"},"query-input":{"@type":"PropertyValueSpecification","valueRequired":true,"valueName":"search_term_string"}}],"inLanguage":"de"},{"@type":"Organization","@id":"https:\/\/green-chough-870564.hostingersite.com\/#organization","name":"Geisterstaub","url":"https:\/\/green-chough-870564.hostingersite.com\/","logo":{"@type":"ImageObject","inLanguage":"de","@id":"https:\/\/green-chough-870564.hostingersite.com\/#\/schema\/logo\/image\/","url":"https:\/\/spiritdust.pl\/wp-content\/uploads\/2026\/01\/logo-sd.png","contentUrl":"https:\/\/spiritdust.pl\/wp-content\/uploads\/2026\/01\/logo-sd.png","width":251,"height":368,"caption":"Geisterstaub"},"image":{"@id":"https:\/\/green-chough-870564.hostingersite.com\/#\/schema\/logo\/image\/"},"sameAs":["https:\/\/www.facebook.com\/spiritdustmj\/","https:\/\/instagram.com\/spirit__dust"]}]}},"_links":{"self":[{"href":"https:\/\/spiritdust.pl\/de\/wp-json\/wp\/v2\/product\/2530","targetHints":{"allow":["GET"]}}],"collection":[{"href":"https:\/\/spiritdust.pl\/de\/wp-json\/wp\/v2\/product"}],"about":[{"href":"https:\/\/spiritdust.pl\/de\/wp-json\/wp\/v2\/types\/product"}],"version-history":[{"count":0,"href":"https:\/\/spiritdust.pl\/de\/wp-json\/wp\/v2\/product\/2530\/revisions"}],"wp:featuredmedia":[{"embeddable":true,"href":"https:\/\/spiritdust.pl\/de\/wp-json\/wp\/v2\/media\/2538"}],"wp:attachment":[{"href":"https:\/\/spiritdust.pl\/de\/wp-json\/wp\/v2\/media?parent=2530"}],"wp:term":[{"taxonomy":"product_brand","embeddable":true,"href":"https:\/\/spiritdust.pl\/de\/wp-json\/wp\/v2\/product_brand?post=2530"},{"taxonomy":"product_cat","embeddable":true,"href":"https:\/\/spiritdust.pl\/de\/wp-json\/wp\/v2\/product_cat?post=2530"},{"taxonomy":"product_tag","embeddable":true,"href":"https:\/\/spiritdust.pl\/de\/wp-json\/wp\/v2\/product_tag?post=2530"}],"curies":[{"name":"wp","href":"https:\/\/api.w.org\/{rel}","templated":true}]}}