{"id":2544,"date":"2026-01-29T15:50:58","date_gmt":"2026-01-29T15:50:58","guid":{"rendered":"https:\/\/spiritdust.pl\/produkt\/armband-mit-gruenem-kyanit-fuer-harmonie-und-schutz\/"},"modified":"2026-01-29T15:50:58","modified_gmt":"2026-01-29T15:50:58","slug":"armband-mit-gruenem-kyanit-fuer-harmonie-und-schutz","status":"publish","type":"product","link":"https:\/\/spiritdust.pl\/de\/produkt\/armband-mit-gruenem-kyanit-fuer-harmonie-und-schutz\/","title":{"rendered":"Armband mit gr\u00fcnem Kyanit \u2013 f\u00fcr Harmonie und Schutz"},"content":{"rendered":"<div class=\"flex-shrink-0 flex flex-col relative items-end\">\n<div class=\"pt-0\">\n<div class=\"gizmo-bot-avatar flex h-8 w-8 items-center justify-center overflow-hidden rounded-full\">\n<div class=\"relative p-1 rounded-sm flex items-center justify-center bg-token-main-surface-primary text-token-text-primary h-8 w-8\">\n<p data-start=\"575\" data-end=\"1071\"><strong data-start=\"575\" data-end=\"634\">Das Armband mit gr\u00fcnem Kyanit \u2013 f\u00fcr Harmonie und Schutz<\/strong> ist ein Vorschlag f\u00fcr Menschen, die Natursteine in ruhigen, waldigen Farbt\u00f6nen m\u00f6gen. Schon auf den ersten Blick ist klar, dass <em data-start=\"759\" data-end=\"795\">dieses Armband mit gr\u00fcnem Kyanit<\/em> einen sanften, harmonischen Charakter hat und sich f\u00fcr den Alltag eignet. Ich habe hier gr\u00fcnen Kyanit, Fluorit, Grossular-Granat, Nephrit, schwarzen Turmalin, gr\u00fcne Jade, Prehnit und kleine H\u00e4matit-Akzente kombiniert. Zusammen bilden sie eine Komposition, die gleichzeitig beruhigt und Stabilit\u00e4t verleiht.   <\/p>\n<p data-start=\"1073\" data-end=\"1388\">Im Zentrum befindet sich gr\u00fcner Kyanit \u2013 ein Stein, der mit Harmonie, Klarheit und nat\u00fcrlichem Schutz assoziiert wird. Seine raue Struktur und ungew\u00f6hnliche Farbe ziehen sofort die Blicke auf sich. Daneben erscheint Fluorit mit transparenten, k\u00fchlen T\u00f6nen. Er bringt Leichtigkeit und Klarheit, wodurch das Ganze frisch und nat\u00fcrlich wirkt.   <\/p>\n<p data-start=\"1390\" data-end=\"1803\">Im Armband findest du auch Grossular-Granat und Nephrit. Diese beiden Steine verleihen Tiefe und Balance, denn jeder von ihnen hat etwas Erdiges und Stabilisierendes an sich. Dunklere Akzente setzt der schwarze Turmalin, der der Komposition Kontrast verleiht und ihre Energie ordnet. Gr\u00fcne Jade und Prehnit erg\u00e4nzen das Ganze mit sanften, pflanzlichen Farbt\u00f6nen \u2013 ihre Pr\u00e4senz sorgt daf\u00fcr, dass das Armband eine leicht waldige Atmosph\u00e4re bewahrt.   <\/p>\n<p data-start=\"1805\" data-end=\"2000\">H\u00e4matit erscheint in Form kleiner, metallischer Akzente, die dem Schmuck Eleganz und Struktur verleihen. Dadurch wirkt das Ganze nicht nur nat\u00fcrlich und ruhig, sondern auch deutlich schmuckhaft. <\/p>\n<p data-start=\"2002\" data-end=\"2473\">Ich f\u00e4dle das Armband auf ein verstellbares, dunkles Band, das du mit einer Bewegung anpassen kannst. Es ist leicht und bequem, daher kannst du es t\u00e4glich tragen \u2013 auch in Kombination mit anderem Lieblingsschmuck. <\/p>\n<p data-start=\"2366\" data-end=\"2672\">Wenn du Steine mit ruhigem Charakter magst, schau auch bei meinen <strong data-start=\"2436\" data-end=\"2500\"><a class=\"decorated-link\" href=\"https:\/\/spiritdust.pl\/?s=naszyjnik+kamie%C5%84+ksi%C4%99%C5%BCycowy&amp;post_type=product&amp;v=288404204e3d\" target=\"_blank\" rel=\"noopener\" data-start=\"2438\" data-end=\"2498\">Mondstein-Halsketten<\/a><\/strong> vorbei \u2013 zusammen bilden sie ein zartes, feminines Set.<\/p>\n<p data-start=\"2475\" data-end=\"2616\"><em data-start=\"2475\" data-end=\"2511\">Dieses Armband mit gr\u00fcnem Kyanit<\/em> ist ideal f\u00fcr Menschen, die im Schmuck Ruhe, Schutz und eine sanfte, nat\u00fcrliche Energie suchen.<\/p>\n<\/div>\n<\/div>\n<\/div>\n<\/div>\n","protected":false},"excerpt":{"rendered":"<div class=\"flex max-w-full flex-col flex-grow\">\n<div class=\"min-h-8 text-message flex w-full flex-col items-end gap-2 whitespace-normal break-words text-start [.text-message+&amp;]:mt-5\" dir=\"auto\" data-message-author-role=\"assistant\" data-message-id=\"e37d3b1a-d597-4200-97d4-57fb7acf2184\" data-message-model-slug=\"gpt-4o-mini\">\n<div class=\"flex w-full flex-col gap-1 empty:hidden first:pt-[3px]\">\n<div class=\"&lt;div class=\">\n<div class=\"min-h-8 text-message flex w-full flex-col items-end gap-2 whitespace-normal break-words text-start [.text-message+&amp;]:mt-5\" dir=\"auto\" data-message-author-role=\"assistant\" data-message-id=\"434ce9a3-1eaf-4b96-b199-2a1d18b5b877\" data-message-mode=\"\">\n<p data-start=\"2830\" data-end=\"3030\"><strong data-start=\"2830\" data-end=\"2889\">Das Armband mit gr\u00fcnem Kyanit \u2013 f\u00fcr Harmonie und Schutz<\/strong> ist ein zartes Modell mit Kyanit, Fluorit, Nephrit, Grossular-Granat, Prehnit, Jade, schwarzem Turmalin und H\u00e4matit. Leicht, nat\u00fcrlich und verstellbar. <\/p>\n<p data-start=\"2270\" data-end=\"2380\">Ich verpacke den Schmuck sorgf\u00e4ltig in einer dekorativen Schachtel, sodass er sofort als Geschenk bereit ist.<\/p>\n<\/div>\n<\/div>\n<p data-start=\"2270\" data-end=\"2380\"><strong data-start=\"1081\" data-end=\"1127\">Das Armband wird speziell f\u00fcr dich angefertigt<\/strong> \u2013 du kannst die Farbe der Zwischenperlen bei der Bestellung w\u00e4hlen.<br data-start=\"1187\" data-end=\"1190\">Aus diesem Grund ist es ein personalisiertes Produkt, das <strong data-start=\"1246\" data-end=\"1270\">vom Umtausch ausgeschlossen ist<\/strong>, gem\u00e4\u00df den geltenden Bestimmungen.<\/p>\n<\/div>\n<\/div>\n<\/div>\n","protected":false},"featured_media":7063,"template":"","meta":{"inline_featured_image":false},"product_brand":[],"product_cat":[168],"product_tag":[283,309,310,169,173,308,269,220],"class_list":{"0":"post-2544","1":"product","2":"type-product","3":"status-publish","4":"has-post-thumbnail","6":"product_cat-armbander","7":"product_tag-fluorit","8":"product_tag-grossular-granat","9":"product_tag-gruner-kyanit","10":"product_tag-hamatit","11":"product_tag-jade","12":"product_tag-nephrit","13":"product_tag-prehnit","14":"product_tag-schwarzer-turmalin","16":"first","17":"instock","18":"taxable","19":"shipping-taxable","20":"purchasable","21":"product-type-variable"},"yoast_head":"<!-- This site is optimized with the Yoast SEO plugin v27.5 - https:\/\/yoast.com\/product\/yoast-seo-wordpress\/ -->\n<title>Armband mit gr\u00fcnem Kyanit \u2013 f\u00fcr Harmonie und Schutz - Spirit Dust<\/title>\n<meta name=\"description\" content=\"Armband mit gr\u00fcnem Kyanit \u2013 f\u00fcr Harmonie und Schutz. Natursteine: Kyanit, Fluorit, Nephrit, Jade, Grossular, Turmalin und Prehnit.\" \/>\n<meta name=\"robots\" content=\"index, follow, max-snippet:-1, max-image-preview:large, max-video-preview:-1\" \/>\n<link rel=\"canonical\" href=\"https:\/\/spiritdust.pl\/de\/produkt\/armband-mit-gruenem-kyanit-fuer-harmonie-und-schutz\/\" \/>\n<meta property=\"og:locale\" content=\"de_DE\" \/>\n<meta property=\"og:type\" content=\"article\" \/>\n<meta property=\"og:title\" content=\"Armband mit gr\u00fcnem Kyanit \u2013 f\u00fcr Harmonie und Schutz - Spirit Dust\" \/>\n<meta property=\"og:description\" content=\"Armband mit gr\u00fcnem Kyanit \u2013 f\u00fcr Harmonie und Schutz. Natursteine: Kyanit, Fluorit, Nephrit, Jade, Grossular, Turmalin und Prehnit.\" \/>\n<meta property=\"og:url\" content=\"https:\/\/spiritdust.pl\/de\/produkt\/armband-mit-gruenem-kyanit-fuer-harmonie-und-schutz\/\" \/>\n<meta property=\"og:site_name\" content=\"Spirit Dust\" \/>\n<meta property=\"article:publisher\" content=\"https:\/\/www.facebook.com\/spiritdustmj\/\" \/>\n<meta property=\"og:image\" content=\"https:\/\/spiritdust.pl\/wp-content\/uploads\/2026\/01\/DSC02283-scaled-1.jpg\" \/>\n\t<meta property=\"og:image:width\" content=\"2560\" \/>\n\t<meta property=\"og:image:height\" content=\"2560\" \/>\n\t<meta property=\"og:image:type\" content=\"image\/jpeg\" \/>\n<meta name=\"twitter:card\" content=\"summary_large_image\" \/>\n<meta name=\"twitter:label1\" content=\"Gesch\u00e4tzte Lesezeit\" \/>\n\t<meta name=\"twitter:data1\" content=\"2\u00a0Minuten\" \/>\n<script type=\"application\/ld+json\" class=\"yoast-schema-graph\">{\"@context\":\"https:\\\/\\\/schema.org\",\"@graph\":[{\"@type\":\"WebPage\",\"@id\":\"https:\\\/\\\/spiritdust.pl\\\/de\\\/produkt\\\/armband-mit-gruenem-kyanit-fuer-harmonie-und-schutz\\\/\",\"url\":\"https:\\\/\\\/spiritdust.pl\\\/de\\\/produkt\\\/armband-mit-gruenem-kyanit-fuer-harmonie-und-schutz\\\/\",\"name\":\"Armband mit gr\u00fcnem Kyanit \u2013 f\u00fcr Harmonie und Schutz - Spirit Dust\",\"isPartOf\":{\"@id\":\"https:\\\/\\\/green-chough-870564.hostingersite.com\\\/#website\"},\"primaryImageOfPage\":{\"@id\":\"https:\\\/\\\/spiritdust.pl\\\/de\\\/produkt\\\/armband-mit-gruenem-kyanit-fuer-harmonie-und-schutz\\\/#primaryimage\"},\"image\":{\"@id\":\"https:\\\/\\\/spiritdust.pl\\\/de\\\/produkt\\\/armband-mit-gruenem-kyanit-fuer-harmonie-und-schutz\\\/#primaryimage\"},\"thumbnailUrl\":\"https:\\\/\\\/spiritdust.pl\\\/wp-content\\\/uploads\\\/2026\\\/01\\\/DSC02283-scaled-1.jpg\",\"datePublished\":\"2026-01-29T15:50:58+00:00\",\"description\":\"Armband mit gr\u00fcnem Kyanit \u2013 f\u00fcr Harmonie und Schutz. Natursteine: Kyanit, Fluorit, Nephrit, Jade, Grossular, Turmalin und Prehnit.\",\"breadcrumb\":{\"@id\":\"https:\\\/\\\/spiritdust.pl\\\/de\\\/produkt\\\/armband-mit-gruenem-kyanit-fuer-harmonie-und-schutz\\\/#breadcrumb\"},\"inLanguage\":\"de\",\"potentialAction\":[{\"@type\":\"ReadAction\",\"target\":[\"https:\\\/\\\/spiritdust.pl\\\/de\\\/produkt\\\/armband-mit-gruenem-kyanit-fuer-harmonie-und-schutz\\\/\"]}]},{\"@type\":\"ImageObject\",\"inLanguage\":\"de\",\"@id\":\"https:\\\/\\\/spiritdust.pl\\\/de\\\/produkt\\\/armband-mit-gruenem-kyanit-fuer-harmonie-und-schutz\\\/#primaryimage\",\"url\":\"https:\\\/\\\/spiritdust.pl\\\/wp-content\\\/uploads\\\/2026\\\/01\\\/DSC02283-scaled-1.jpg\",\"contentUrl\":\"https:\\\/\\\/spiritdust.pl\\\/wp-content\\\/uploads\\\/2026\\\/01\\\/DSC02283-scaled-1.jpg\",\"width\":2560,\"height\":2560},{\"@type\":\"BreadcrumbList\",\"@id\":\"https:\\\/\\\/spiritdust.pl\\\/de\\\/produkt\\\/armband-mit-gruenem-kyanit-fuer-harmonie-und-schutz\\\/#breadcrumb\",\"itemListElement\":[{\"@type\":\"ListItem\",\"position\":1,\"name\":\"Strona g\u0142\u00f3wna\",\"item\":\"https:\\\/\\\/spiritdust.pl\\\/de\\\/spirit-dust-schmuck-aus-kupfer-silber-und-natursteinen\\\/\"},{\"@type\":\"ListItem\",\"position\":2,\"name\":\"Shop\",\"item\":\"https:\\\/\\\/green-chough-870564.hostingersite.com\\\/shop\\\/\"},{\"@type\":\"ListItem\",\"position\":3,\"name\":\"Armband mit gr\u00fcnem Kyanit \u2013 f\u00fcr Harmonie und Schutz\"}]},{\"@type\":\"WebSite\",\"@id\":\"https:\\\/\\\/green-chough-870564.hostingersite.com\\\/#website\",\"url\":\"https:\\\/\\\/green-chough-870564.hostingersite.com\\\/\",\"name\":\"Spirit Dust\",\"description\":\"Bi\u017cuteria z Miedzi, Srebra i Kamieni Naturalnych\",\"publisher\":{\"@id\":\"https:\\\/\\\/green-chough-870564.hostingersite.com\\\/#organization\"},\"potentialAction\":[{\"@type\":\"SearchAction\",\"target\":{\"@type\":\"EntryPoint\",\"urlTemplate\":\"https:\\\/\\\/green-chough-870564.hostingersite.com\\\/?s={search_term_string}\"},\"query-input\":{\"@type\":\"PropertyValueSpecification\",\"valueRequired\":true,\"valueName\":\"search_term_string\"}}],\"inLanguage\":\"de\"},{\"@type\":\"Organization\",\"@id\":\"https:\\\/\\\/green-chough-870564.hostingersite.com\\\/#organization\",\"name\":\"Geisterstaub\",\"url\":\"https:\\\/\\\/green-chough-870564.hostingersite.com\\\/\",\"logo\":{\"@type\":\"ImageObject\",\"inLanguage\":\"de\",\"@id\":\"https:\\\/\\\/green-chough-870564.hostingersite.com\\\/#\\\/schema\\\/logo\\\/image\\\/\",\"url\":\"https:\\\/\\\/spiritdust.pl\\\/wp-content\\\/uploads\\\/2026\\\/01\\\/logo-sd.png\",\"contentUrl\":\"https:\\\/\\\/spiritdust.pl\\\/wp-content\\\/uploads\\\/2026\\\/01\\\/logo-sd.png\",\"width\":251,\"height\":368,\"caption\":\"Geisterstaub\"},\"image\":{\"@id\":\"https:\\\/\\\/green-chough-870564.hostingersite.com\\\/#\\\/schema\\\/logo\\\/image\\\/\"},\"sameAs\":[\"https:\\\/\\\/www.facebook.com\\\/spiritdustmj\\\/\",\"https:\\\/\\\/instagram.com\\\/spirit__dust\"]}]}<\/script>\n<!-- \/ Yoast SEO plugin. -->","yoast_head_json":{"title":"Armband mit gr\u00fcnem Kyanit \u2013 f\u00fcr Harmonie und Schutz - Spirit Dust","description":"Armband mit gr\u00fcnem Kyanit \u2013 f\u00fcr Harmonie und Schutz. Natursteine: Kyanit, Fluorit, Nephrit, Jade, Grossular, Turmalin und Prehnit.","robots":{"index":"index","follow":"follow","max-snippet":"max-snippet:-1","max-image-preview":"max-image-preview:large","max-video-preview":"max-video-preview:-1"},"canonical":"https:\/\/spiritdust.pl\/de\/produkt\/armband-mit-gruenem-kyanit-fuer-harmonie-und-schutz\/","og_locale":"de_DE","og_type":"article","og_title":"Armband mit gr\u00fcnem Kyanit \u2013 f\u00fcr Harmonie und Schutz - Spirit Dust","og_description":"Armband mit gr\u00fcnem Kyanit \u2013 f\u00fcr Harmonie und Schutz. Natursteine: Kyanit, Fluorit, Nephrit, Jade, Grossular, Turmalin und Prehnit.","og_url":"https:\/\/spiritdust.pl\/de\/produkt\/armband-mit-gruenem-kyanit-fuer-harmonie-und-schutz\/","og_site_name":"Spirit Dust","article_publisher":"https:\/\/www.facebook.com\/spiritdustmj\/","og_image":[{"width":2560,"height":2560,"url":"https:\/\/spiritdust.pl\/wp-content\/uploads\/2026\/01\/DSC02283-scaled-1.jpg","type":"image\/jpeg"}],"twitter_card":"summary_large_image","twitter_misc":{"Gesch\u00e4tzte Lesezeit":"2\u00a0Minuten"},"schema":{"@context":"https:\/\/schema.org","@graph":[{"@type":"WebPage","@id":"https:\/\/spiritdust.pl\/de\/produkt\/armband-mit-gruenem-kyanit-fuer-harmonie-und-schutz\/","url":"https:\/\/spiritdust.pl\/de\/produkt\/armband-mit-gruenem-kyanit-fuer-harmonie-und-schutz\/","name":"Armband mit gr\u00fcnem Kyanit \u2013 f\u00fcr Harmonie und Schutz - Spirit Dust","isPartOf":{"@id":"https:\/\/green-chough-870564.hostingersite.com\/#website"},"primaryImageOfPage":{"@id":"https:\/\/spiritdust.pl\/de\/produkt\/armband-mit-gruenem-kyanit-fuer-harmonie-und-schutz\/#primaryimage"},"image":{"@id":"https:\/\/spiritdust.pl\/de\/produkt\/armband-mit-gruenem-kyanit-fuer-harmonie-und-schutz\/#primaryimage"},"thumbnailUrl":"https:\/\/spiritdust.pl\/wp-content\/uploads\/2026\/01\/DSC02283-scaled-1.jpg","datePublished":"2026-01-29T15:50:58+00:00","description":"Armband mit gr\u00fcnem Kyanit \u2013 f\u00fcr Harmonie und Schutz. Natursteine: Kyanit, Fluorit, Nephrit, Jade, Grossular, Turmalin und Prehnit.","breadcrumb":{"@id":"https:\/\/spiritdust.pl\/de\/produkt\/armband-mit-gruenem-kyanit-fuer-harmonie-und-schutz\/#breadcrumb"},"inLanguage":"de","potentialAction":[{"@type":"ReadAction","target":["https:\/\/spiritdust.pl\/de\/produkt\/armband-mit-gruenem-kyanit-fuer-harmonie-und-schutz\/"]}]},{"@type":"ImageObject","inLanguage":"de","@id":"https:\/\/spiritdust.pl\/de\/produkt\/armband-mit-gruenem-kyanit-fuer-harmonie-und-schutz\/#primaryimage","url":"https:\/\/spiritdust.pl\/wp-content\/uploads\/2026\/01\/DSC02283-scaled-1.jpg","contentUrl":"https:\/\/spiritdust.pl\/wp-content\/uploads\/2026\/01\/DSC02283-scaled-1.jpg","width":2560,"height":2560},{"@type":"BreadcrumbList","@id":"https:\/\/spiritdust.pl\/de\/produkt\/armband-mit-gruenem-kyanit-fuer-harmonie-und-schutz\/#breadcrumb","itemListElement":[{"@type":"ListItem","position":1,"name":"Strona g\u0142\u00f3wna","item":"https:\/\/spiritdust.pl\/de\/spirit-dust-schmuck-aus-kupfer-silber-und-natursteinen\/"},{"@type":"ListItem","position":2,"name":"Shop","item":"https:\/\/green-chough-870564.hostingersite.com\/shop\/"},{"@type":"ListItem","position":3,"name":"Armband mit gr\u00fcnem Kyanit \u2013 f\u00fcr Harmonie und Schutz"}]},{"@type":"WebSite","@id":"https:\/\/green-chough-870564.hostingersite.com\/#website","url":"https:\/\/green-chough-870564.hostingersite.com\/","name":"Spirit Dust","description":"Bi\u017cuteria z Miedzi, Srebra i Kamieni Naturalnych","publisher":{"@id":"https:\/\/green-chough-870564.hostingersite.com\/#organization"},"potentialAction":[{"@type":"SearchAction","target":{"@type":"EntryPoint","urlTemplate":"https:\/\/green-chough-870564.hostingersite.com\/?s={search_term_string}"},"query-input":{"@type":"PropertyValueSpecification","valueRequired":true,"valueName":"search_term_string"}}],"inLanguage":"de"},{"@type":"Organization","@id":"https:\/\/green-chough-870564.hostingersite.com\/#organization","name":"Geisterstaub","url":"https:\/\/green-chough-870564.hostingersite.com\/","logo":{"@type":"ImageObject","inLanguage":"de","@id":"https:\/\/green-chough-870564.hostingersite.com\/#\/schema\/logo\/image\/","url":"https:\/\/spiritdust.pl\/wp-content\/uploads\/2026\/01\/logo-sd.png","contentUrl":"https:\/\/spiritdust.pl\/wp-content\/uploads\/2026\/01\/logo-sd.png","width":251,"height":368,"caption":"Geisterstaub"},"image":{"@id":"https:\/\/green-chough-870564.hostingersite.com\/#\/schema\/logo\/image\/"},"sameAs":["https:\/\/www.facebook.com\/spiritdustmj\/","https:\/\/instagram.com\/spirit__dust"]}]}},"_links":{"self":[{"href":"https:\/\/spiritdust.pl\/de\/wp-json\/wp\/v2\/product\/2544","targetHints":{"allow":["GET"]}}],"collection":[{"href":"https:\/\/spiritdust.pl\/de\/wp-json\/wp\/v2\/product"}],"about":[{"href":"https:\/\/spiritdust.pl\/de\/wp-json\/wp\/v2\/types\/product"}],"version-history":[{"count":0,"href":"https:\/\/spiritdust.pl\/de\/wp-json\/wp\/v2\/product\/2544\/revisions"}],"wp:featuredmedia":[{"embeddable":true,"href":"https:\/\/spiritdust.pl\/de\/wp-json\/wp\/v2\/media\/7063"}],"wp:attachment":[{"href":"https:\/\/spiritdust.pl\/de\/wp-json\/wp\/v2\/media?parent=2544"}],"wp:term":[{"taxonomy":"product_brand","embeddable":true,"href":"https:\/\/spiritdust.pl\/de\/wp-json\/wp\/v2\/product_brand?post=2544"},{"taxonomy":"product_cat","embeddable":true,"href":"https:\/\/spiritdust.pl\/de\/wp-json\/wp\/v2\/product_cat?post=2544"},{"taxonomy":"product_tag","embeddable":true,"href":"https:\/\/spiritdust.pl\/de\/wp-json\/wp\/v2\/product_tag?post=2544"}],"curies":[{"name":"wp","href":"https:\/\/api.w.org\/{rel}","templated":true}]}}