{"id":2552,"date":"2026-01-29T15:50:57","date_gmt":"2026-01-29T15:50:57","guid":{"rendered":"https:\/\/spiritdust.pl\/produkt\/silberkette-mit-mondstein-frosch-spirit-dust\/"},"modified":"2026-01-29T15:50:57","modified_gmt":"2026-01-29T15:50:57","slug":"silberkette-mit-mondstein-frosch-spirit-dust","status":"publish","type":"product","link":"https:\/\/spiritdust.pl\/de\/produkt\/silberkette-mit-mondstein-frosch-spirit-dust\/","title":{"rendered":"Silberkette mit Mondstein \u2013 Frosch | Spirit Dust"},"content":{"rendered":"<div class=\"flex-1 overflow-hidden\">\n<div class=\"react-scroll-to-bottom--css-occsb-79elbk h-full\">\n<div class=\"react-scroll-to-bottom--css-occsb-1n7m0yu\">\n<div class=\"flex flex-col text-sm pb-9\">\n<div class=\"w-full text-token-text-primary\" dir=\"auto\" data-testid=\"conversation-turn-9\">\n<div class=\"px-4 py-2 justify-center text-base md:gap-6 m-auto\">\n<div class=\"flex flex-1 text-base mx-auto gap-3 juice:gap-4 juice:md:gap-6 md:px-5 lg:px-1 xl:px-5 md:max-w-3xl lg:max-w-[40rem] xl:max-w-[48rem] group final-completion\">\n<div class=\"relative flex w-full flex-col agent-turn\">\n<div class=\"flex-col gap-1 md:gap-3\">\n<div class=\"flex flex-grow flex-col max-w-full\">\n<div class=\"min-h-[20px] text-message flex flex-col items-start gap-3 whitespace-pre-wrap break-words [.text-message+&amp;]:mt-5 overflow-x-auto\" dir=\"auto\" data-message-author-role=\"assistant\" data-message-id=\"30541e44-f1f3-4bd2-8e30-509419f31451\">\n<div class=\"markdown prose w-full break-words dark:prose-invert dark\">\n<div class=\"flex flex-grow flex-col max-w-full\">\n<div class=\"min-h-[20px] text-message flex flex-col items-start whitespace-pre-wrap break-words [.text-message+&amp;]:mt-5 juice:w-full juice:items-end overflow-x-auto gap-2\" dir=\"auto\" data-message-author-role=\"assistant\" data-message-id=\"665bb0dd-afe8-4b4b-8479-c369f471f22c\">\n<div class=\"flex w-full flex-col gap-1 juice:empty:hidden juice:first:pt-[3px]\">\n<div class=\"markdown prose w-full break-words dark:prose-invert dark\">\n<div class=\"flex flex-grow flex-col max-w-full\">\n<div class=\"min-h-[20px] text-message flex flex-col items-start whitespace-pre-wrap break-words [.text-message+&amp;]:mt-5 juice:w-full juice:items-end overflow-x-auto gap-2\" dir=\"auto\" data-message-author-role=\"assistant\" data-message-id=\"492f83dc-8daf-4fc4-8405-39b5edb1d3e3\">\n<div class=\"flex w-full flex-col gap-1 juice:empty:hidden juice:first:pt-[3px]\">\n<div class=\"markdown prose w-full break-words dark:prose-invert dark\">\n<div class=\"flex-shrink-0 flex flex-col relative items-end\">\n<div class=\"pt-0.5 juice:pt-0\">\n<div class=\"gizmo-bot-avatar flex h-6 w-6 items-center justify-center overflow-hidden rounded-full juice:h-8 juice:w-8\">\n<div class=\"relative p-1 rounded-sm flex items-center justify-center bg-token-main-surface-primary text-token-text-primary h-8 w-8\">\n<div class=\"flex-shrink-0 flex flex-col relative items-end\">\n<div class=\"pt-0.5 juice:pt-0\">\n<div class=\"gizmo-bot-avatar flex h-6 w-6 items-center justify-center overflow-hidden rounded-full juice:h-8 juice:w-8\">\n<div class=\"relative p-1 rounded-sm flex items-center justify-center bg-token-main-surface-primary text-token-text-primary h-8 w-8\">\n<p data-start=\"245\" data-end=\"535\"><strong data-start=\"245\" data-end=\"290\">Die Silberkette mit Mondstein<\/strong> in Froschform entstand aus der Idee eines kleinen, verzauberten Wesens \u2014 gleichzeitig charmant, verspielt und ein bisschen magisch. Dies ist ein Schmuckst\u00fcck, das sich nicht ernst nimmt. Es besitzt Leichtigkeit, Humor und einen subtilen Glanz, der den Blick erst nach einer Weile anzieht.  <\/p>\n<p data-start=\"537\" data-end=\"861\">Der Frosch sitzt ruhig da, als w\u00fcrde er seinen Mondsteinschatz bewachen. In seinem B\u00e4uchlein gl\u00e4nzt ein kleiner Mondstein, der wundersch\u00f6n auf Licht reagiert \u2014 mal ist er milchig, mal schimmert er zart opalisierend. Dieses Detail l\u00e4sst diese <strong data-start=\"774\" data-end=\"819\">Silberkette mit Mondstein<\/strong> leben und sich je nach Bewegung ver\u00e4ndern.  <\/p>\n<hr data-start=\"863\" data-end=\"866\">\n<h3 data-start=\"868\" data-end=\"907\"><strong data-start=\"872\" data-end=\"907\">Handarbeit und 925er Sterlingsilber<\/strong><\/h3>\n<p data-start=\"909\" data-end=\"1191\">Die Kette wurde von mir handgefertigt aus 925er Sterlingsilber. Zuerst entstand ein Wachsmodell, das dann in Silber gegossen und von Hand veredelt wurde. Dadurch hat jeder Frosch seinen eigenen Charakter \u2014 kleine Unterschiede sind ein nat\u00fcrlicher Teil des Prozesses und ein Beweis daf\u00fcr, dass es sich nicht um Massenproduktion handelt.  <\/p>\n<p data-start=\"1193\" data-end=\"1313\">Die Form ist zart, aber ausdrucksstark. Der Frosch ist nicht \u201ezuckers\u00fc\u00df\u201c \u2014 eher leicht m\u00e4rchenhaft, mit Charakter und ruhiger Energie. <\/p>\n<hr data-start=\"1315\" data-end=\"1318\">\n<h3 data-start=\"1320\" data-end=\"1362\"><strong data-start=\"1324\" data-end=\"1362\">Mondstein \u2013 subtiler Glanz<\/strong><\/h3>\n<p data-start=\"1364\" data-end=\"1637\">Mondstein wird seit Jahrhunderten mit Intuition, Naturzyklen und Ruhe assoziiert. In dieser Form ist er eher ein diskreter Akzent als ein dominierendes Element. Sein Glanz erscheint erst, wenn er Licht einf\u00e4ngt \u2014 und genau das l\u00e4sst dich immer wieder hinschauen.  <\/p>\n<p data-start=\"1639\" data-end=\"1751\">Wenn du mehr \u00fcber das Mineral selbst erfahren m\u00f6chtest, kannst du die Beschreibung des Mondsteins auf Wikipedia nachlesen.<\/p>\n<hr data-start=\"1753\" data-end=\"1756\">\n<h3 data-start=\"1758\" data-end=\"1794\"><strong data-start=\"1762\" data-end=\"1794\">F\u00fcr wen ist diese Kette?<\/strong><\/h3>\n<p data-start=\"1796\" data-end=\"1875\">Diese <strong data-start=\"1800\" data-end=\"1845\">Silberkette mit Mondstein<\/strong> ist eine gute Wahl, wenn:<\/p>\n<ul data-start=\"1876\" data-end=\"2060\">\n<li data-start=\"1876\" data-end=\"1922\">\n<p data-start=\"1878\" data-end=\"1922\">du Schmuck mit Distanz und einem Hauch Humor magst<\/p>\n<\/li>\n<li data-start=\"1923\" data-end=\"1968\">\n<p data-start=\"1925\" data-end=\"1968\">du Handarbeit und einzigartige Formen sch\u00e4tzt<\/p>\n<\/li>\n<li data-start=\"1969\" data-end=\"2013\">\n<p data-start=\"1971\" data-end=\"2013\">du ein Amulett suchst, das nicht w\u00f6rtlich zu nehmen ist<\/p>\n<\/li>\n<li data-start=\"2014\" data-end=\"2060\">\n<p data-start=\"2016\" data-end=\"2060\">du etwas Kleines, aber Charaktervolles tragen m\u00f6chtest<\/p>\n<\/li>\n<\/ul>\n<p data-start=\"2062\" data-end=\"2163\">Es ist auch ein tolles Geschenk \u2014 besonders f\u00fcr jemanden, der Symbolik, Natur und \u201enicht-offensichtliche\u201c Dinge mag.<\/p>\n<hr data-start=\"2165\" data-end=\"2168\">\n<h3 data-start=\"2170\" data-end=\"2198\"><strong data-start=\"2174\" data-end=\"2198\">Technische Details<\/strong><\/h3>\n<ul data-start=\"2200\" data-end=\"2370\">\n<li data-start=\"2200\" data-end=\"2234\">\n<p data-start=\"2202\" data-end=\"2234\"><strong data-start=\"2202\" data-end=\"2215\">Material:<\/strong> 925er Sterlingsilber<\/p>\n<\/li>\n<li data-start=\"2235\" data-end=\"2277\">\n<p data-start=\"2237\" data-end=\"2277\"><strong data-start=\"2237\" data-end=\"2248\">Stein:<\/strong> Mondstein, \u00d8 3 mm<\/p>\n<\/li>\n<li data-start=\"2278\" data-end=\"2319\">\n<p data-start=\"2280\" data-end=\"2319\"><strong data-start=\"2280\" data-end=\"2302\">Ma\u00dfe des Anh\u00e4ngers:<\/strong> ca. 3 \u00d7 1,6 cm <\/p>\n<\/li>\n<li data-start=\"2320\" data-end=\"2370\">\n<p data-start=\"2322\" data-end=\"2370\"><strong data-start=\"2322\" data-end=\"2344\">Kettenl\u00e4nge:<\/strong> 40 cm + 8 cm Verl\u00e4ngerung<\/p>\n<\/li>\n<\/ul>\n<hr data-start=\"1422\" data-end=\"1425\">\n<p>Sieh dir auch andere <a class=\"cursor-pointer\" href=\"https:\/\/spiritdust.pl\/kategoria-produktu\/bizuteria\/pierscionki-srebrne\/?v=288404204e3d\" target=\"_blank\" rel=\"noopener\" data-start=\"2147\" data-end=\"2204\">einzigartige Silberketten<\/a> an.<\/p>\n<\/div>\n<\/div>\n<\/div>\n<\/div>\n<\/div>\n<\/div>\n<\/div>\n<\/div>\n<\/div>\n<\/div>\n<\/div>\n<\/div>\n<\/div>\n<\/div>\n<\/div>\n<\/div>\n<\/div>\n<\/div>\n<\/div>\n<\/div>\n<\/div>\n<\/div>\n<\/div>\n<\/div>\n<\/div>\n<\/div>\n<\/div>\n<\/div>\n","protected":false},"excerpt":{"rendered":"<div class=\"flex-1 overflow-hidden\">\n<div class=\"react-scroll-to-bottom--css-gpzpe-79elbk h-full\">\n<div class=\"react-scroll-to-bottom--css-gpzpe-1n7m0yu\">\n<div class=\"flex flex-col text-sm gizmo:pb-9 dark:bg-gray-800 gizmo:dark:bg-transparent\">\n<div class=\"w-full text-token-text-primary border-b border-black\/10 gizmo:border-0 dark:border-gray-900\/50 gizmo:dark:border-0 bg-gray-50 gizmo:bg-transparent dark:bg-[#444654] gizmo:dark:bg-transparent\" data-testid=\"conversation-turn-5\">\n<div class=\"p-4 gizmo:py-2 justify-center text-base md:gap-6 md:py-6 m-auto\">\n<div class=\"flex flex-1 gap-4 text-base mx-auto md:gap-6 gizmo:gap-3 gizmo:md:px-5 gizmo:lg:px-1 gizmo:xl:px-5 md:max-w-2xl lg:max-w-[38rem] gizmo:md:max-w-3xl gizmo:lg:max-w-[40rem] gizmo:xl:max-w-[48rem] xl:max-w-3xl } group final-completion\">\n<div class=\"relative flex w-[calc(100%-50px)] flex-col gizmo:w-full lg:w-[calc(100%-115px)] agent-turn\">\n<div class=\"flex-col gap-1 md:gap-3\">\n<div class=\"flex flex-grow flex-col max-w-full gap-3 gizmo:gap-0\">\n<div class=\"min-h-[20px] text-message flex flex-col items-start gap-3 whitespace-pre-wrap break-words [.text-message+&amp;]:mt-5 overflow-x-auto\" data-message-author-role=\"assistant\" data-message-id=\"1b122955-23be-4dd9-98ec-1a093db6e5d7\">\n<div class=\"markdown prose w-full break-words dark:prose-invert dark\">\n<div class=\"flex-shrink-0 flex flex-col relative items-end\">\n<div class=\"pt-0.5 juice:pt-0\">\n<div class=\"gizmo-bot-avatar flex h-6 w-6 items-center justify-center overflow-hidden rounded-full juice:h-8 juice:w-8\">\n<div class=\"flex-shrink-0 flex flex-col relative items-end\">\n<div class=\"pt-0\">\n<div class=\"gizmo-bot-avatar flex h-8 w-8 items-center justify-center overflow-hidden rounded-full\">\n<div class=\"relative p-1 rounded-sm flex items-center justify-center bg-token-main-surface-primary text-token-text-primary h-8 w-8\">\n<div class=\"flex-1 overflow-hidden\">\n<div class=\"h-full\">\n<div class=\"react-scroll-to-bottom--css-nvirs-79elbk h-full\">\n<div class=\"react-scroll-to-bottom--css-nvirs-1n7m0yu\">\n<div class=\"flex flex-col text-sm md:pb-9\">\n<article class=\"w-full text-token-text-primary focus-visible:outline-2 focus-visible:outline-offset-[-4px]\" dir=\"auto\" data-testid=\"conversation-turn-5\" data-scroll-anchor=\"true\">\n<div class=\"m-auto text-base py-[18px] px-3 md:px-4 w-full md:px-5 lg:px-4 xl:px-5\">\n<div class=\"mx-auto flex flex-1 gap-4 text-base md:gap-5 lg:gap-6 md:max-w-3xl lg:max-w-[40rem] xl:max-w-[48rem]\">\n<div class=\"group\/conversation-turn relative flex w-full min-w-0 flex-col agent-turn\">\n<div class=\"flex-col gap-1 md:gap-3\">\n<div class=\"flex max-w-full flex-col flex-grow\">\n<div class=\"min-h-8 text-message flex w-full flex-col items-end gap-2 whitespace-normal break-words [.text-message+&amp;]:mt-5\" dir=\"auto\" data-message-author-role=\"assistant\" data-message-id=\"8db1fdd0-8c55-43ec-914c-ce7541ebe94e\" data-message-model-slug=\"gpt-4o-mini\">\n<div class=\"flex w-full flex-col gap-1 empty:hidden first:pt-[3px]\">\n<div class=\"result-streaming markdown prose w-full break-words dark:prose-invert dark\">\n<div class=\"flex-1 overflow-hidden\">\n<div class=\"h-full\">\n<div class=\"react-scroll-to-bottom--css-nvirs-79elbk h-full\">\n<div class=\"react-scroll-to-bottom--css-nvirs-1n7m0yu\">\n<div class=\"flex flex-col text-sm md:pb-9\">\n<article class=\"w-full text-token-text-primary focus-visible:outline-2 focus-visible:outline-offset-[-4px]\" dir=\"auto\" data-testid=\"conversation-turn-7\" data-scroll-anchor=\"true\">\n<div class=\"m-auto text-base py-[18px] px-3 md:px-4 w-full md:px-5 lg:px-4 xl:px-5\">\n<div class=\"mx-auto flex flex-1 gap-4 text-base md:gap-5 lg:gap-6 md:max-w-3xl lg:max-w-[40rem] xl:max-w-[48rem]\">\n<div class=\"group\/conversation-turn relative flex w-full min-w-0 flex-col agent-turn\">\n<div class=\"flex-col gap-1 md:gap-3\">\n<div class=\"flex max-w-full flex-col flex-grow\">\n<p data-start=\"102\" data-end=\"318\"><strong data-start=\"102\" data-end=\"147\">Silberkette mit Mondstein<\/strong> in Froschform, handgefertigt aus 925er Sterlingsilber. Zarte, m\u00e4rchenhafte Form mit subtilem Glanz des Steins im B\u00e4uchlein. Schmuck mit Charakter, Leichtigkeit und einem Hauch Humor.<\/p>\n<p data-start=\"2249\" data-end=\"2276\">Ich verpacke den Schmuck sorgf\u00e4ltig in einer dekorativen Schachtel, sodass er sofort als Geschenk bereit ist.<\/p>\n<\/div>\n<\/div>\n<\/div>\n<\/div>\n<\/div>\n<\/article>\n<\/div>\n<\/div>\n<\/div>\n<\/div>\n<\/div>\n<\/div>\n<\/div>\n<\/div>\n<\/div>\n<\/div>\n<\/div>\n<\/div>\n<\/div>\n<\/article>\n<\/div>\n<\/div>\n<\/div>\n<\/div>\n<\/div>\n<\/div>\n<\/div>\n<\/div>\n<\/div>\n<\/div>\n<\/div>\n<\/div>\n<\/div>\n<\/div>\n<\/div>\n<\/div>\n<\/div>\n<\/div>\n<\/div>\n<\/div>\n<\/div>\n<\/div>\n<\/div>\n<\/div>\n","protected":false},"featured_media":2554,"template":"","meta":{"inline_featured_image":false},"product_brand":[],"product_cat":[167,256],"product_tag":[171,199],"class_list":{"0":"post-2552","1":"product","2":"type-product","3":"status-publish","4":"has-post-thumbnail","6":"product_cat-schmuck","7":"product_cat-silberketten","8":"product_tag-mondstein","9":"product_tag-silber","11":"first","12":"instock","13":"taxable","14":"shipping-taxable","15":"purchasable","16":"product-type-simple"},"yoast_head":"<!-- This site is optimized with the Yoast SEO plugin v27.5 - https:\/\/yoast.com\/product\/yoast-seo-wordpress\/ -->\n<title>Silberkette mit Mondstein \u2013 Frosch | Spirit Dust - Spirit Dust<\/title>\n<meta name=\"description\" content=\"Silberkette mit Mondstein in Form eines magischen Frosches. Handgefertigt aus 925er Sterlingsilber. Einzigartiger Schmuck von Spirit Dust.\" \/>\n<meta name=\"robots\" content=\"index, follow, max-snippet:-1, max-image-preview:large, max-video-preview:-1\" \/>\n<link rel=\"canonical\" href=\"https:\/\/spiritdust.pl\/de\/produkt\/silberkette-mit-mondstein-frosch-spirit-dust\/\" \/>\n<meta property=\"og:locale\" content=\"de_DE\" \/>\n<meta property=\"og:type\" content=\"article\" \/>\n<meta property=\"og:title\" content=\"Silberkette mit Mondstein \u2013 Frosch | Spirit Dust - Spirit Dust\" \/>\n<meta property=\"og:description\" content=\"Silberkette mit Mondstein in Form eines magischen Frosches. Handgefertigt aus 925er Sterlingsilber. Einzigartiger Schmuck von Spirit Dust.\" \/>\n<meta property=\"og:url\" content=\"https:\/\/spiritdust.pl\/de\/produkt\/silberkette-mit-mondstein-frosch-spirit-dust\/\" \/>\n<meta property=\"og:site_name\" content=\"Spirit Dust\" \/>\n<meta property=\"article:publisher\" content=\"https:\/\/www.facebook.com\/spiritdustmj\/\" \/>\n<meta property=\"og:image\" content=\"https:\/\/spiritdust.pl\/wp-content\/uploads\/2026\/01\/DSC02006-2-scaled-1.jpg\" \/>\n\t<meta property=\"og:image:width\" content=\"2560\" \/>\n\t<meta property=\"og:image:height\" content=\"2560\" \/>\n\t<meta property=\"og:image:type\" content=\"image\/jpeg\" \/>\n<meta name=\"twitter:card\" content=\"summary_large_image\" \/>\n<meta name=\"twitter:label1\" content=\"Gesch\u00e4tzte Lesezeit\" \/>\n\t<meta name=\"twitter:data1\" content=\"2\u00a0Minuten\" \/>\n<script type=\"application\/ld+json\" class=\"yoast-schema-graph\">{\"@context\":\"https:\\\/\\\/schema.org\",\"@graph\":[{\"@type\":\"WebPage\",\"@id\":\"https:\\\/\\\/spiritdust.pl\\\/de\\\/produkt\\\/silberkette-mit-mondstein-frosch-spirit-dust\\\/\",\"url\":\"https:\\\/\\\/spiritdust.pl\\\/de\\\/produkt\\\/silberkette-mit-mondstein-frosch-spirit-dust\\\/\",\"name\":\"Silberkette mit Mondstein \u2013 Frosch | Spirit Dust - Spirit Dust\",\"isPartOf\":{\"@id\":\"https:\\\/\\\/green-chough-870564.hostingersite.com\\\/#website\"},\"primaryImageOfPage\":{\"@id\":\"https:\\\/\\\/spiritdust.pl\\\/de\\\/produkt\\\/silberkette-mit-mondstein-frosch-spirit-dust\\\/#primaryimage\"},\"image\":{\"@id\":\"https:\\\/\\\/spiritdust.pl\\\/de\\\/produkt\\\/silberkette-mit-mondstein-frosch-spirit-dust\\\/#primaryimage\"},\"thumbnailUrl\":\"https:\\\/\\\/spiritdust.pl\\\/wp-content\\\/uploads\\\/2026\\\/01\\\/DSC02006-2-scaled-1.jpg\",\"datePublished\":\"2026-01-29T15:50:57+00:00\",\"description\":\"Silberkette mit Mondstein in Form eines magischen Frosches. Handgefertigt aus 925er Sterlingsilber. Einzigartiger Schmuck von Spirit Dust.\",\"breadcrumb\":{\"@id\":\"https:\\\/\\\/spiritdust.pl\\\/de\\\/produkt\\\/silberkette-mit-mondstein-frosch-spirit-dust\\\/#breadcrumb\"},\"inLanguage\":\"de\",\"potentialAction\":[{\"@type\":\"ReadAction\",\"target\":[\"https:\\\/\\\/spiritdust.pl\\\/de\\\/produkt\\\/silberkette-mit-mondstein-frosch-spirit-dust\\\/\"]}]},{\"@type\":\"ImageObject\",\"inLanguage\":\"de\",\"@id\":\"https:\\\/\\\/spiritdust.pl\\\/de\\\/produkt\\\/silberkette-mit-mondstein-frosch-spirit-dust\\\/#primaryimage\",\"url\":\"https:\\\/\\\/spiritdust.pl\\\/wp-content\\\/uploads\\\/2026\\\/01\\\/DSC02006-2-scaled-1.jpg\",\"contentUrl\":\"https:\\\/\\\/spiritdust.pl\\\/wp-content\\\/uploads\\\/2026\\\/01\\\/DSC02006-2-scaled-1.jpg\",\"width\":2560,\"height\":2560},{\"@type\":\"BreadcrumbList\",\"@id\":\"https:\\\/\\\/spiritdust.pl\\\/de\\\/produkt\\\/silberkette-mit-mondstein-frosch-spirit-dust\\\/#breadcrumb\",\"itemListElement\":[{\"@type\":\"ListItem\",\"position\":1,\"name\":\"Strona g\u0142\u00f3wna\",\"item\":\"https:\\\/\\\/spiritdust.pl\\\/de\\\/spirit-dust-schmuck-aus-kupfer-silber-und-natursteinen\\\/\"},{\"@type\":\"ListItem\",\"position\":2,\"name\":\"Shop\",\"item\":\"https:\\\/\\\/green-chough-870564.hostingersite.com\\\/shop\\\/\"},{\"@type\":\"ListItem\",\"position\":3,\"name\":\"Silberkette mit Mondstein \u2013 Frosch | Spirit Dust\"}]},{\"@type\":\"WebSite\",\"@id\":\"https:\\\/\\\/green-chough-870564.hostingersite.com\\\/#website\",\"url\":\"https:\\\/\\\/green-chough-870564.hostingersite.com\\\/\",\"name\":\"Spirit Dust\",\"description\":\"Bi\u017cuteria z Miedzi, Srebra i Kamieni Naturalnych\",\"publisher\":{\"@id\":\"https:\\\/\\\/green-chough-870564.hostingersite.com\\\/#organization\"},\"potentialAction\":[{\"@type\":\"SearchAction\",\"target\":{\"@type\":\"EntryPoint\",\"urlTemplate\":\"https:\\\/\\\/green-chough-870564.hostingersite.com\\\/?s={search_term_string}\"},\"query-input\":{\"@type\":\"PropertyValueSpecification\",\"valueRequired\":true,\"valueName\":\"search_term_string\"}}],\"inLanguage\":\"de\"},{\"@type\":\"Organization\",\"@id\":\"https:\\\/\\\/green-chough-870564.hostingersite.com\\\/#organization\",\"name\":\"Geisterstaub\",\"url\":\"https:\\\/\\\/green-chough-870564.hostingersite.com\\\/\",\"logo\":{\"@type\":\"ImageObject\",\"inLanguage\":\"de\",\"@id\":\"https:\\\/\\\/green-chough-870564.hostingersite.com\\\/#\\\/schema\\\/logo\\\/image\\\/\",\"url\":\"https:\\\/\\\/spiritdust.pl\\\/wp-content\\\/uploads\\\/2026\\\/01\\\/logo-sd.png\",\"contentUrl\":\"https:\\\/\\\/spiritdust.pl\\\/wp-content\\\/uploads\\\/2026\\\/01\\\/logo-sd.png\",\"width\":251,\"height\":368,\"caption\":\"Geisterstaub\"},\"image\":{\"@id\":\"https:\\\/\\\/green-chough-870564.hostingersite.com\\\/#\\\/schema\\\/logo\\\/image\\\/\"},\"sameAs\":[\"https:\\\/\\\/www.facebook.com\\\/spiritdustmj\\\/\",\"https:\\\/\\\/instagram.com\\\/spirit__dust\"]}]}<\/script>\n<!-- \/ Yoast SEO plugin. -->","yoast_head_json":{"title":"Silberkette mit Mondstein \u2013 Frosch | Spirit Dust - Spirit Dust","description":"Silberkette mit Mondstein in Form eines magischen Frosches. Handgefertigt aus 925er Sterlingsilber. Einzigartiger Schmuck von Spirit Dust.","robots":{"index":"index","follow":"follow","max-snippet":"max-snippet:-1","max-image-preview":"max-image-preview:large","max-video-preview":"max-video-preview:-1"},"canonical":"https:\/\/spiritdust.pl\/de\/produkt\/silberkette-mit-mondstein-frosch-spirit-dust\/","og_locale":"de_DE","og_type":"article","og_title":"Silberkette mit Mondstein \u2013 Frosch | Spirit Dust - Spirit Dust","og_description":"Silberkette mit Mondstein in Form eines magischen Frosches. Handgefertigt aus 925er Sterlingsilber. Einzigartiger Schmuck von Spirit Dust.","og_url":"https:\/\/spiritdust.pl\/de\/produkt\/silberkette-mit-mondstein-frosch-spirit-dust\/","og_site_name":"Spirit Dust","article_publisher":"https:\/\/www.facebook.com\/spiritdustmj\/","og_image":[{"width":2560,"height":2560,"url":"https:\/\/spiritdust.pl\/wp-content\/uploads\/2026\/01\/DSC02006-2-scaled-1.jpg","type":"image\/jpeg"}],"twitter_card":"summary_large_image","twitter_misc":{"Gesch\u00e4tzte Lesezeit":"2\u00a0Minuten"},"schema":{"@context":"https:\/\/schema.org","@graph":[{"@type":"WebPage","@id":"https:\/\/spiritdust.pl\/de\/produkt\/silberkette-mit-mondstein-frosch-spirit-dust\/","url":"https:\/\/spiritdust.pl\/de\/produkt\/silberkette-mit-mondstein-frosch-spirit-dust\/","name":"Silberkette mit Mondstein \u2013 Frosch | Spirit Dust - Spirit Dust","isPartOf":{"@id":"https:\/\/green-chough-870564.hostingersite.com\/#website"},"primaryImageOfPage":{"@id":"https:\/\/spiritdust.pl\/de\/produkt\/silberkette-mit-mondstein-frosch-spirit-dust\/#primaryimage"},"image":{"@id":"https:\/\/spiritdust.pl\/de\/produkt\/silberkette-mit-mondstein-frosch-spirit-dust\/#primaryimage"},"thumbnailUrl":"https:\/\/spiritdust.pl\/wp-content\/uploads\/2026\/01\/DSC02006-2-scaled-1.jpg","datePublished":"2026-01-29T15:50:57+00:00","description":"Silberkette mit Mondstein in Form eines magischen Frosches. Handgefertigt aus 925er Sterlingsilber. Einzigartiger Schmuck von Spirit Dust.","breadcrumb":{"@id":"https:\/\/spiritdust.pl\/de\/produkt\/silberkette-mit-mondstein-frosch-spirit-dust\/#breadcrumb"},"inLanguage":"de","potentialAction":[{"@type":"ReadAction","target":["https:\/\/spiritdust.pl\/de\/produkt\/silberkette-mit-mondstein-frosch-spirit-dust\/"]}]},{"@type":"ImageObject","inLanguage":"de","@id":"https:\/\/spiritdust.pl\/de\/produkt\/silberkette-mit-mondstein-frosch-spirit-dust\/#primaryimage","url":"https:\/\/spiritdust.pl\/wp-content\/uploads\/2026\/01\/DSC02006-2-scaled-1.jpg","contentUrl":"https:\/\/spiritdust.pl\/wp-content\/uploads\/2026\/01\/DSC02006-2-scaled-1.jpg","width":2560,"height":2560},{"@type":"BreadcrumbList","@id":"https:\/\/spiritdust.pl\/de\/produkt\/silberkette-mit-mondstein-frosch-spirit-dust\/#breadcrumb","itemListElement":[{"@type":"ListItem","position":1,"name":"Strona g\u0142\u00f3wna","item":"https:\/\/spiritdust.pl\/de\/spirit-dust-schmuck-aus-kupfer-silber-und-natursteinen\/"},{"@type":"ListItem","position":2,"name":"Shop","item":"https:\/\/green-chough-870564.hostingersite.com\/shop\/"},{"@type":"ListItem","position":3,"name":"Silberkette mit Mondstein \u2013 Frosch | Spirit Dust"}]},{"@type":"WebSite","@id":"https:\/\/green-chough-870564.hostingersite.com\/#website","url":"https:\/\/green-chough-870564.hostingersite.com\/","name":"Spirit Dust","description":"Bi\u017cuteria z Miedzi, Srebra i Kamieni Naturalnych","publisher":{"@id":"https:\/\/green-chough-870564.hostingersite.com\/#organization"},"potentialAction":[{"@type":"SearchAction","target":{"@type":"EntryPoint","urlTemplate":"https:\/\/green-chough-870564.hostingersite.com\/?s={search_term_string}"},"query-input":{"@type":"PropertyValueSpecification","valueRequired":true,"valueName":"search_term_string"}}],"inLanguage":"de"},{"@type":"Organization","@id":"https:\/\/green-chough-870564.hostingersite.com\/#organization","name":"Geisterstaub","url":"https:\/\/green-chough-870564.hostingersite.com\/","logo":{"@type":"ImageObject","inLanguage":"de","@id":"https:\/\/green-chough-870564.hostingersite.com\/#\/schema\/logo\/image\/","url":"https:\/\/spiritdust.pl\/wp-content\/uploads\/2026\/01\/logo-sd.png","contentUrl":"https:\/\/spiritdust.pl\/wp-content\/uploads\/2026\/01\/logo-sd.png","width":251,"height":368,"caption":"Geisterstaub"},"image":{"@id":"https:\/\/green-chough-870564.hostingersite.com\/#\/schema\/logo\/image\/"},"sameAs":["https:\/\/www.facebook.com\/spiritdustmj\/","https:\/\/instagram.com\/spirit__dust"]}]}},"_links":{"self":[{"href":"https:\/\/spiritdust.pl\/de\/wp-json\/wp\/v2\/product\/2552","targetHints":{"allow":["GET"]}}],"collection":[{"href":"https:\/\/spiritdust.pl\/de\/wp-json\/wp\/v2\/product"}],"about":[{"href":"https:\/\/spiritdust.pl\/de\/wp-json\/wp\/v2\/types\/product"}],"version-history":[{"count":0,"href":"https:\/\/spiritdust.pl\/de\/wp-json\/wp\/v2\/product\/2552\/revisions"}],"wp:featuredmedia":[{"embeddable":true,"href":"https:\/\/spiritdust.pl\/de\/wp-json\/wp\/v2\/media\/2554"}],"wp:attachment":[{"href":"https:\/\/spiritdust.pl\/de\/wp-json\/wp\/v2\/media?parent=2552"}],"wp:term":[{"taxonomy":"product_brand","embeddable":true,"href":"https:\/\/spiritdust.pl\/de\/wp-json\/wp\/v2\/product_brand?post=2552"},{"taxonomy":"product_cat","embeddable":true,"href":"https:\/\/spiritdust.pl\/de\/wp-json\/wp\/v2\/product_cat?post=2552"},{"taxonomy":"product_tag","embeddable":true,"href":"https:\/\/spiritdust.pl\/de\/wp-json\/wp\/v2\/product_tag?post=2552"}],"curies":[{"name":"wp","href":"https:\/\/api.w.org\/{rel}","templated":true}]}}