{"id":2598,"date":"2026-01-26T09:20:49","date_gmt":"2026-01-26T09:20:49","guid":{"rendered":"https:\/\/spiritdust.pl\/produkt\/eleganz-der-elemente-armband-mit-onyx-lava\/"},"modified":"2026-01-26T09:20:49","modified_gmt":"2026-01-26T09:20:49","slug":"eleganz-der-elemente-armband-mit-onyx-lava","status":"publish","type":"product","link":"https:\/\/spiritdust.pl\/de\/produkt\/eleganz-der-elemente-armband-mit-onyx-lava\/","title":{"rendered":"Eleganz der Elemente: Armband mit Onyx, Lava"},"content":{"rendered":"<p><strong>Armband mit Onyx, Lavastein und H\u00e4matiten<\/strong><\/p>\n<p>Entdecke die Kraft von Harmonie und Schutz mit unserem einzigartigen Armband, das Onyx, Lavastein und H\u00e4matit vereint. Jeder dieser Steine bringt einzigartige Eigenschaften mit sich, die zusammen ein au\u00dfergew\u00f6hnliches, energetisches Ganzes bilden. <\/p>\n<p><strong>Onyx<\/strong> \u2013 Dieser Stein ist ein Symbol f\u00fcr Stabilit\u00e4t und Schutz. Er hilft bei der Konzentration, st\u00e4rkt die Willenskraft und zieht positive Energien an. Seine tiefe, schwarze Farbe wirkt beruhigend und f\u00f6rdert die Meditation, wodurch innerer Frieden entsteht.  <\/p>\n<p><strong>Lavastein<\/strong> \u2013 Gewonnen aus Vulkanausbr\u00fcchen, ist Lavastein ein Stein der Transformation und Wiedergeburt. Seine rohe Energie unterst\u00fctzt emotionale Prozesse und hilft, sich von negativen Einfl\u00fcssen zu befreien. Er wirkt reinigend und verleiht Mut, Herausforderungen zu meistern.  <\/p>\n<p><strong>H\u00e4matit<\/strong> \u2013 Dieser Stein mit metallischem Glanz ist bekannt f\u00fcr seine erdenden und stabilisierenden Eigenschaften. Er hilft, emotionales Gleichgewicht zu erreichen, st\u00e4rkt das Selbstvertrauen und wirkt sch\u00fctzend. H\u00e4matit ist auch eine hervorragende Unterst\u00fctzung bei der Regeneration nach Stress und Ersch\u00f6pfung.  <\/p>\n<p>Unser Armband verleiht nicht nur Eleganz, sondern bringt auch die Energie der Steine in dein t\u00e4gliches Leben und unterst\u00fctzt gleichzeitig dein Streben nach Harmonie und innerem Frieden.<\/p>\n","protected":false},"excerpt":{"rendered":"<p>Ein elegantes Armband, das die Kraft von Onyx, die vulkanische Urspr\u00fcnglichkeit von Lava und die Stabilit\u00e4t von H\u00e4matit vereint. Onyx verleiht einen geheimnisvollen Glanz, Lavastein strahlt die Energie der Elemente aus und H\u00e4matit sorgt f\u00fcr eine solide Basis und Schutz. Ideal f\u00fcr jeden Anlass, verleiht es jedem Outfit Stil und Charakter.  <\/p>\n<p>&nbsp;<\/p>\n<p>Die Weite ist durch einen Schiebeknoten verstellbar.<\/p>\n<p class=\"p1\">Ich verpacke den Schmuck sorgf\u00e4ltig in einer dekorativen Schachtel, sodass er sofort als Geschenk bereit ist.<\/p>\n<p>&nbsp;<\/p>\n<p><strong data-start=\"1081\" data-end=\"1127\">Das Armband wird speziell f\u00fcr dich angefertigt<\/strong> \u2013 du kannst die Farbe der Zwischenperlen bei der Bestellung w\u00e4hlen.<br data-start=\"1187\" data-end=\"1190\">Aus diesem Grund ist es ein personalisiertes Produkt, das gem\u00e4\u00df den geltenden Bestimmungen <strong data-start=\"1246\" data-end=\"1270\">vom Umtausch ausgeschlossen<\/strong> ist.<\/p>\n","protected":false},"featured_media":2599,"template":"","meta":{"inline_featured_image":false},"product_brand":[],"product_cat":[168,167],"product_tag":[169,267,319],"class_list":{"0":"post-2598","1":"product","2":"type-product","3":"status-publish","4":"has-post-thumbnail","6":"product_cat-armbander","7":"product_cat-schmuck","8":"product_tag-hamatit","9":"product_tag-lavastein","10":"product_tag-onyx","12":"first","13":"instock","14":"taxable","15":"shipping-taxable","16":"purchasable","17":"product-type-simple"},"yoast_head":"<!-- This site is optimized with the Yoast SEO plugin v27.5 - https:\/\/yoast.com\/product\/yoast-seo-wordpress\/ -->\n<title>Eleganz der Elemente: Armband mit Onyx, Lava - Spirit Dust<\/title>\n<meta name=\"description\" content=\"Stilvolles Armband, das die Eleganz von Onyx, die Urspr\u00fcnglichkeit von Lavastein und die Kraft von H\u00e4matit vereint \u2013 perfekt f\u00fcr alle, die einzigartiges Design und die Wirkung von Steinen sch\u00e4tzen.\" \/>\n<meta name=\"robots\" content=\"index, follow, max-snippet:-1, max-image-preview:large, max-video-preview:-1\" \/>\n<link rel=\"canonical\" href=\"https:\/\/spiritdust.pl\/de\/produkt\/eleganz-der-elemente-armband-mit-onyx-lava\/\" \/>\n<meta property=\"og:locale\" content=\"de_DE\" \/>\n<meta property=\"og:type\" content=\"article\" \/>\n<meta property=\"og:title\" content=\"Eleganz der Elemente: Armband mit Onyx, Lava - Spirit Dust\" \/>\n<meta property=\"og:description\" content=\"Stilvolles Armband, das die Eleganz von Onyx, die Urspr\u00fcnglichkeit von Lavastein und die Kraft von H\u00e4matit vereint \u2013 perfekt f\u00fcr alle, die einzigartiges Design und die Wirkung von Steinen sch\u00e4tzen.\" \/>\n<meta property=\"og:url\" content=\"https:\/\/spiritdust.pl\/de\/produkt\/eleganz-der-elemente-armband-mit-onyx-lava\/\" \/>\n<meta property=\"og:site_name\" content=\"Spirit Dust\" \/>\n<meta property=\"article:publisher\" content=\"https:\/\/www.facebook.com\/spiritdustmj\/\" \/>\n<meta property=\"og:image\" content=\"https:\/\/spiritdust.pl\/wp-content\/uploads\/2026\/01\/DSC06508.jpg\" \/>\n\t<meta property=\"og:image:width\" content=\"1088\" \/>\n\t<meta property=\"og:image:height\" content=\"1080\" \/>\n\t<meta property=\"og:image:type\" content=\"image\/jpeg\" \/>\n<meta name=\"twitter:card\" content=\"summary_large_image\" \/>\n<meta name=\"twitter:label1\" content=\"Gesch\u00e4tzte Lesezeit\" \/>\n\t<meta name=\"twitter:data1\" content=\"1\u00a0Minute\" \/>\n<script type=\"application\/ld+json\" class=\"yoast-schema-graph\">{\"@context\":\"https:\\\/\\\/schema.org\",\"@graph\":[{\"@type\":\"WebPage\",\"@id\":\"https:\\\/\\\/spiritdust.pl\\\/de\\\/produkt\\\/eleganz-der-elemente-armband-mit-onyx-lava\\\/\",\"url\":\"https:\\\/\\\/spiritdust.pl\\\/de\\\/produkt\\\/eleganz-der-elemente-armband-mit-onyx-lava\\\/\",\"name\":\"Eleganz der Elemente: Armband mit Onyx, Lava - Spirit Dust\",\"isPartOf\":{\"@id\":\"https:\\\/\\\/green-chough-870564.hostingersite.com\\\/#website\"},\"primaryImageOfPage\":{\"@id\":\"https:\\\/\\\/spiritdust.pl\\\/de\\\/produkt\\\/eleganz-der-elemente-armband-mit-onyx-lava\\\/#primaryimage\"},\"image\":{\"@id\":\"https:\\\/\\\/spiritdust.pl\\\/de\\\/produkt\\\/eleganz-der-elemente-armband-mit-onyx-lava\\\/#primaryimage\"},\"thumbnailUrl\":\"https:\\\/\\\/spiritdust.pl\\\/wp-content\\\/uploads\\\/2026\\\/01\\\/DSC06508.jpg\",\"datePublished\":\"2026-01-26T09:20:49+00:00\",\"description\":\"Stilvolles Armband, das die Eleganz von Onyx, die Urspr\u00fcnglichkeit von Lavastein und die Kraft von H\u00e4matit vereint \u2013 perfekt f\u00fcr alle, die einzigartiges Design und die Wirkung von Steinen sch\u00e4tzen.\",\"breadcrumb\":{\"@id\":\"https:\\\/\\\/spiritdust.pl\\\/de\\\/produkt\\\/eleganz-der-elemente-armband-mit-onyx-lava\\\/#breadcrumb\"},\"inLanguage\":\"de\",\"potentialAction\":[{\"@type\":\"ReadAction\",\"target\":[\"https:\\\/\\\/spiritdust.pl\\\/de\\\/produkt\\\/eleganz-der-elemente-armband-mit-onyx-lava\\\/\"]}]},{\"@type\":\"ImageObject\",\"inLanguage\":\"de\",\"@id\":\"https:\\\/\\\/spiritdust.pl\\\/de\\\/produkt\\\/eleganz-der-elemente-armband-mit-onyx-lava\\\/#primaryimage\",\"url\":\"https:\\\/\\\/spiritdust.pl\\\/wp-content\\\/uploads\\\/2026\\\/01\\\/DSC06508.jpg\",\"contentUrl\":\"https:\\\/\\\/spiritdust.pl\\\/wp-content\\\/uploads\\\/2026\\\/01\\\/DSC06508.jpg\",\"width\":1088,\"height\":1080},{\"@type\":\"BreadcrumbList\",\"@id\":\"https:\\\/\\\/spiritdust.pl\\\/de\\\/produkt\\\/eleganz-der-elemente-armband-mit-onyx-lava\\\/#breadcrumb\",\"itemListElement\":[{\"@type\":\"ListItem\",\"position\":1,\"name\":\"Strona g\u0142\u00f3wna\",\"item\":\"https:\\\/\\\/spiritdust.pl\\\/de\\\/spirit-dust-schmuck-aus-kupfer-silber-und-natursteinen\\\/\"},{\"@type\":\"ListItem\",\"position\":2,\"name\":\"Shop\",\"item\":\"https:\\\/\\\/green-chough-870564.hostingersite.com\\\/shop\\\/\"},{\"@type\":\"ListItem\",\"position\":3,\"name\":\"Eleganz der Elemente: Armband mit Onyx, Lava\"}]},{\"@type\":\"WebSite\",\"@id\":\"https:\\\/\\\/green-chough-870564.hostingersite.com\\\/#website\",\"url\":\"https:\\\/\\\/green-chough-870564.hostingersite.com\\\/\",\"name\":\"Spirit Dust\",\"description\":\"Bi\u017cuteria z Miedzi, Srebra i Kamieni Naturalnych\",\"publisher\":{\"@id\":\"https:\\\/\\\/green-chough-870564.hostingersite.com\\\/#organization\"},\"potentialAction\":[{\"@type\":\"SearchAction\",\"target\":{\"@type\":\"EntryPoint\",\"urlTemplate\":\"https:\\\/\\\/green-chough-870564.hostingersite.com\\\/?s={search_term_string}\"},\"query-input\":{\"@type\":\"PropertyValueSpecification\",\"valueRequired\":true,\"valueName\":\"search_term_string\"}}],\"inLanguage\":\"de\"},{\"@type\":\"Organization\",\"@id\":\"https:\\\/\\\/green-chough-870564.hostingersite.com\\\/#organization\",\"name\":\"Geisterstaub\",\"url\":\"https:\\\/\\\/green-chough-870564.hostingersite.com\\\/\",\"logo\":{\"@type\":\"ImageObject\",\"inLanguage\":\"de\",\"@id\":\"https:\\\/\\\/green-chough-870564.hostingersite.com\\\/#\\\/schema\\\/logo\\\/image\\\/\",\"url\":\"https:\\\/\\\/spiritdust.pl\\\/wp-content\\\/uploads\\\/2026\\\/01\\\/logo-sd.png\",\"contentUrl\":\"https:\\\/\\\/spiritdust.pl\\\/wp-content\\\/uploads\\\/2026\\\/01\\\/logo-sd.png\",\"width\":251,\"height\":368,\"caption\":\"Geisterstaub\"},\"image\":{\"@id\":\"https:\\\/\\\/green-chough-870564.hostingersite.com\\\/#\\\/schema\\\/logo\\\/image\\\/\"},\"sameAs\":[\"https:\\\/\\\/www.facebook.com\\\/spiritdustmj\\\/\",\"https:\\\/\\\/instagram.com\\\/spirit__dust\"]}]}<\/script>\n<!-- \/ Yoast SEO plugin. -->","yoast_head_json":{"title":"Eleganz der Elemente: Armband mit Onyx, Lava - Spirit Dust","description":"Stilvolles Armband, das die Eleganz von Onyx, die Urspr\u00fcnglichkeit von Lavastein und die Kraft von H\u00e4matit vereint \u2013 perfekt f\u00fcr alle, die einzigartiges Design und die Wirkung von Steinen sch\u00e4tzen.","robots":{"index":"index","follow":"follow","max-snippet":"max-snippet:-1","max-image-preview":"max-image-preview:large","max-video-preview":"max-video-preview:-1"},"canonical":"https:\/\/spiritdust.pl\/de\/produkt\/eleganz-der-elemente-armband-mit-onyx-lava\/","og_locale":"de_DE","og_type":"article","og_title":"Eleganz der Elemente: Armband mit Onyx, Lava - Spirit Dust","og_description":"Stilvolles Armband, das die Eleganz von Onyx, die Urspr\u00fcnglichkeit von Lavastein und die Kraft von H\u00e4matit vereint \u2013 perfekt f\u00fcr alle, die einzigartiges Design und die Wirkung von Steinen sch\u00e4tzen.","og_url":"https:\/\/spiritdust.pl\/de\/produkt\/eleganz-der-elemente-armband-mit-onyx-lava\/","og_site_name":"Spirit Dust","article_publisher":"https:\/\/www.facebook.com\/spiritdustmj\/","og_image":[{"width":1088,"height":1080,"url":"https:\/\/spiritdust.pl\/wp-content\/uploads\/2026\/01\/DSC06508.jpg","type":"image\/jpeg"}],"twitter_card":"summary_large_image","twitter_misc":{"Gesch\u00e4tzte Lesezeit":"1\u00a0Minute"},"schema":{"@context":"https:\/\/schema.org","@graph":[{"@type":"WebPage","@id":"https:\/\/spiritdust.pl\/de\/produkt\/eleganz-der-elemente-armband-mit-onyx-lava\/","url":"https:\/\/spiritdust.pl\/de\/produkt\/eleganz-der-elemente-armband-mit-onyx-lava\/","name":"Eleganz der Elemente: Armband mit Onyx, Lava - Spirit Dust","isPartOf":{"@id":"https:\/\/green-chough-870564.hostingersite.com\/#website"},"primaryImageOfPage":{"@id":"https:\/\/spiritdust.pl\/de\/produkt\/eleganz-der-elemente-armband-mit-onyx-lava\/#primaryimage"},"image":{"@id":"https:\/\/spiritdust.pl\/de\/produkt\/eleganz-der-elemente-armband-mit-onyx-lava\/#primaryimage"},"thumbnailUrl":"https:\/\/spiritdust.pl\/wp-content\/uploads\/2026\/01\/DSC06508.jpg","datePublished":"2026-01-26T09:20:49+00:00","description":"Stilvolles Armband, das die Eleganz von Onyx, die Urspr\u00fcnglichkeit von Lavastein und die Kraft von H\u00e4matit vereint \u2013 perfekt f\u00fcr alle, die einzigartiges Design und die Wirkung von Steinen sch\u00e4tzen.","breadcrumb":{"@id":"https:\/\/spiritdust.pl\/de\/produkt\/eleganz-der-elemente-armband-mit-onyx-lava\/#breadcrumb"},"inLanguage":"de","potentialAction":[{"@type":"ReadAction","target":["https:\/\/spiritdust.pl\/de\/produkt\/eleganz-der-elemente-armband-mit-onyx-lava\/"]}]},{"@type":"ImageObject","inLanguage":"de","@id":"https:\/\/spiritdust.pl\/de\/produkt\/eleganz-der-elemente-armband-mit-onyx-lava\/#primaryimage","url":"https:\/\/spiritdust.pl\/wp-content\/uploads\/2026\/01\/DSC06508.jpg","contentUrl":"https:\/\/spiritdust.pl\/wp-content\/uploads\/2026\/01\/DSC06508.jpg","width":1088,"height":1080},{"@type":"BreadcrumbList","@id":"https:\/\/spiritdust.pl\/de\/produkt\/eleganz-der-elemente-armband-mit-onyx-lava\/#breadcrumb","itemListElement":[{"@type":"ListItem","position":1,"name":"Strona g\u0142\u00f3wna","item":"https:\/\/spiritdust.pl\/de\/spirit-dust-schmuck-aus-kupfer-silber-und-natursteinen\/"},{"@type":"ListItem","position":2,"name":"Shop","item":"https:\/\/green-chough-870564.hostingersite.com\/shop\/"},{"@type":"ListItem","position":3,"name":"Eleganz der Elemente: Armband mit Onyx, Lava"}]},{"@type":"WebSite","@id":"https:\/\/green-chough-870564.hostingersite.com\/#website","url":"https:\/\/green-chough-870564.hostingersite.com\/","name":"Spirit Dust","description":"Bi\u017cuteria z Miedzi, Srebra i Kamieni Naturalnych","publisher":{"@id":"https:\/\/green-chough-870564.hostingersite.com\/#organization"},"potentialAction":[{"@type":"SearchAction","target":{"@type":"EntryPoint","urlTemplate":"https:\/\/green-chough-870564.hostingersite.com\/?s={search_term_string}"},"query-input":{"@type":"PropertyValueSpecification","valueRequired":true,"valueName":"search_term_string"}}],"inLanguage":"de"},{"@type":"Organization","@id":"https:\/\/green-chough-870564.hostingersite.com\/#organization","name":"Geisterstaub","url":"https:\/\/green-chough-870564.hostingersite.com\/","logo":{"@type":"ImageObject","inLanguage":"de","@id":"https:\/\/green-chough-870564.hostingersite.com\/#\/schema\/logo\/image\/","url":"https:\/\/spiritdust.pl\/wp-content\/uploads\/2026\/01\/logo-sd.png","contentUrl":"https:\/\/spiritdust.pl\/wp-content\/uploads\/2026\/01\/logo-sd.png","width":251,"height":368,"caption":"Geisterstaub"},"image":{"@id":"https:\/\/green-chough-870564.hostingersite.com\/#\/schema\/logo\/image\/"},"sameAs":["https:\/\/www.facebook.com\/spiritdustmj\/","https:\/\/instagram.com\/spirit__dust"]}]}},"_links":{"self":[{"href":"https:\/\/spiritdust.pl\/de\/wp-json\/wp\/v2\/product\/2598","targetHints":{"allow":["GET"]}}],"collection":[{"href":"https:\/\/spiritdust.pl\/de\/wp-json\/wp\/v2\/product"}],"about":[{"href":"https:\/\/spiritdust.pl\/de\/wp-json\/wp\/v2\/types\/product"}],"version-history":[{"count":0,"href":"https:\/\/spiritdust.pl\/de\/wp-json\/wp\/v2\/product\/2598\/revisions"}],"wp:featuredmedia":[{"embeddable":true,"href":"https:\/\/spiritdust.pl\/de\/wp-json\/wp\/v2\/media\/2599"}],"wp:attachment":[{"href":"https:\/\/spiritdust.pl\/de\/wp-json\/wp\/v2\/media?parent=2598"}],"wp:term":[{"taxonomy":"product_brand","embeddable":true,"href":"https:\/\/spiritdust.pl\/de\/wp-json\/wp\/v2\/product_brand?post=2598"},{"taxonomy":"product_cat","embeddable":true,"href":"https:\/\/spiritdust.pl\/de\/wp-json\/wp\/v2\/product_cat?post=2598"},{"taxonomy":"product_tag","embeddable":true,"href":"https:\/\/spiritdust.pl\/de\/wp-json\/wp\/v2\/product_tag?post=2598"}],"curies":[{"name":"wp","href":"https:\/\/api.w.org\/{rel}","templated":true}]}}