{"id":2603,"date":"2026-01-26T09:20:49","date_gmt":"2026-01-26T09:20:49","guid":{"rendered":"https:\/\/spiritdust.pl\/produkt\/erdkraft-armband-mit-moosachat-lavastein\/"},"modified":"2026-01-26T09:20:49","modified_gmt":"2026-01-26T09:20:49","slug":"erdkraft-armband-mit-moosachat-lavastein","status":"publish","type":"product","link":"https:\/\/spiritdust.pl\/de\/produkt\/erdkraft-armband-mit-moosachat-lavastein\/","title":{"rendered":"Erdkraft: Armband mit Moosachat, Lavastein"},"content":{"rendered":"<p><strong>Armband mit Moosachat, Lavastein und H\u00e4matit<\/strong><\/p>\n<p>Dieses einzigartige Armband vereint drei kraftvolle Steine zu einer harmonischen und energetischen Komposition.<\/p>\n<ul>\n<li><strong>Moosachat<\/strong> ist ein Stein voller Leben und Wachstum. Seine gr\u00fcne, moosbedeckte Oberfl\u00e4che symbolisiert Erneuerung und F\u00fclle. Moosachat unterst\u00fctzt die pers\u00f6nliche Entwicklung, bringt Ruhe und emotionale Stabilit\u00e4t. Er erleichtert die Verbindung zur Natur und st\u00e4rkt das Gef\u00fchl der Harmonie.   <\/li>\n<li><strong>Lavastein<\/strong> ist ein roher, vulkanischer Stein, der kraftvolle Energie ausstrahlt. Er ist ein Symbol f\u00fcr Transformation und Erneuerung und wirkt als Katalysator f\u00fcr positive Ver\u00e4nderungen. Seine intensive Energie hilft, Herausforderungen zu meistern und Schwierigkeiten zu begegnen, indem sie Heilungs- und Wiederaufbauprozesse unterst\u00fctzt.  <\/li>\n<li><strong>H\u00e4matit<\/strong> ist ein Schutzstein, der unseren Willen und unsere Konzentration st\u00e4rkt. Er wirkt als Energiestabilisator und hilft, emotionales und mentales Gleichgewicht zu bewahren. H\u00e4matit f\u00f6rdert Selbstdisziplin und Selbstvertrauen, sch\u00fctzt vor negativen Einfl\u00fcssen und unterst\u00fctzt klares Denken.  <\/li>\n<\/ul>\n<p>Dieses Armband ist nicht nur ein elegantes Schmuckst\u00fcck, sondern auch eine Quelle energetischer Unterst\u00fctzung und Schutz. Ideal f\u00fcr alle, die Harmonie und Kraft im Alltag suchen. <\/p>\n","protected":false},"excerpt":{"rendered":"<p>Entdecke die Harmonie der Natur mit unserem Armband, das Moosachate, Lavastein und H\u00e4matite vereint. Moosachat symbolisiert Ruhe und Stabilit\u00e4t, Lavastein verleiht Energie und Kraft, und H\u00e4matit unterst\u00fctzt Mut und Selbstvertrauen. Ideal f\u00fcr den Alltag, passt es perfekt zu jedem Stil und bringt nat\u00fcrliche Eleganz und positive Energie in dein Leben.  <\/p>\n<p>&nbsp;<\/p>\n<p>Die Weite ist durch einen Schiebeknoten verstellbar.<\/p>\n<p class=\"p1\">Ich verpacke den Schmuck sorgf\u00e4ltig in einer dekorativen Schachtel, sodass er sofort als Geschenk bereit ist.<\/p>\n<p>&nbsp;<\/p>\n<p><strong data-start=\"1081\" data-end=\"1127\">Das Armband wird speziell f\u00fcr dich angefertigt<\/strong> \u2013 du kannst die Farbe der Zwischenperlen bei der Bestellung w\u00e4hlen.<br data-start=\"1187\" data-end=\"1190\">Daher ist es ein personalisiertes Produkt, das <strong data-start=\"1246\" data-end=\"1270\">vom Umtausch ausgeschlossen ist<\/strong>, gem\u00e4\u00df den geltenden Bestimmungen.<\/p>\n","protected":false},"featured_media":2604,"template":"","meta":{"inline_featured_image":false},"product_brand":[],"product_cat":[168,167],"product_tag":[231,169,267],"class_list":{"0":"post-2603","1":"product","2":"type-product","3":"status-publish","4":"has-post-thumbnail","6":"product_cat-armbander","7":"product_cat-schmuck","8":"product_tag-achat","9":"product_tag-hamatit","10":"product_tag-lavastein","12":"first","13":"instock","14":"taxable","15":"shipping-taxable","16":"purchasable","17":"product-type-variable"},"yoast_head":"<!-- This site is optimized with the Yoast SEO plugin v27.5 - https:\/\/yoast.com\/product\/yoast-seo-wordpress\/ -->\n<title>Erdkraft: Armband mit Moosachat, Lavastein - Spirit Dust<\/title>\n<meta name=\"description\" content=\"Elegantes Armband, das Moosachat, Lavastein und H\u00e4matit vereint und die Kraft der Natur harmonisch mit subtilem Stil verbindet.\" \/>\n<meta name=\"robots\" content=\"index, follow, max-snippet:-1, max-image-preview:large, max-video-preview:-1\" \/>\n<link rel=\"canonical\" href=\"https:\/\/spiritdust.pl\/de\/produkt\/erdkraft-armband-mit-moosachat-lavastein\/\" \/>\n<meta property=\"og:locale\" content=\"de_DE\" \/>\n<meta property=\"og:type\" content=\"article\" \/>\n<meta property=\"og:title\" content=\"Erdkraft: Armband mit Moosachat, Lavastein - Spirit Dust\" \/>\n<meta property=\"og:description\" content=\"Elegantes Armband, das Moosachat, Lavastein und H\u00e4matit vereint und die Kraft der Natur harmonisch mit subtilem Stil verbindet.\" \/>\n<meta property=\"og:url\" content=\"https:\/\/spiritdust.pl\/de\/produkt\/erdkraft-armband-mit-moosachat-lavastein\/\" \/>\n<meta property=\"og:site_name\" content=\"Spirit Dust\" \/>\n<meta property=\"article:publisher\" content=\"https:\/\/www.facebook.com\/spiritdustmj\/\" \/>\n<meta property=\"og:image\" content=\"https:\/\/spiritdust.pl\/wp-content\/uploads\/2026\/01\/DSC06513.jpg\" \/>\n\t<meta property=\"og:image:width\" content=\"1088\" \/>\n\t<meta property=\"og:image:height\" content=\"1080\" \/>\n\t<meta property=\"og:image:type\" content=\"image\/jpeg\" \/>\n<meta name=\"twitter:card\" content=\"summary_large_image\" \/>\n<meta name=\"twitter:label1\" content=\"Gesch\u00e4tzte Lesezeit\" \/>\n\t<meta name=\"twitter:data1\" content=\"1\u00a0Minute\" \/>\n<script type=\"application\/ld+json\" class=\"yoast-schema-graph\">{\"@context\":\"https:\\\/\\\/schema.org\",\"@graph\":[{\"@type\":\"WebPage\",\"@id\":\"https:\\\/\\\/spiritdust.pl\\\/de\\\/produkt\\\/erdkraft-armband-mit-moosachat-lavastein\\\/\",\"url\":\"https:\\\/\\\/spiritdust.pl\\\/de\\\/produkt\\\/erdkraft-armband-mit-moosachat-lavastein\\\/\",\"name\":\"Erdkraft: Armband mit Moosachat, Lavastein - Spirit Dust\",\"isPartOf\":{\"@id\":\"https:\\\/\\\/green-chough-870564.hostingersite.com\\\/#website\"},\"primaryImageOfPage\":{\"@id\":\"https:\\\/\\\/spiritdust.pl\\\/de\\\/produkt\\\/erdkraft-armband-mit-moosachat-lavastein\\\/#primaryimage\"},\"image\":{\"@id\":\"https:\\\/\\\/spiritdust.pl\\\/de\\\/produkt\\\/erdkraft-armband-mit-moosachat-lavastein\\\/#primaryimage\"},\"thumbnailUrl\":\"https:\\\/\\\/spiritdust.pl\\\/wp-content\\\/uploads\\\/2026\\\/01\\\/DSC06513.jpg\",\"datePublished\":\"2026-01-26T09:20:49+00:00\",\"description\":\"Elegantes Armband, das Moosachat, Lavastein und H\u00e4matit vereint und die Kraft der Natur harmonisch mit subtilem Stil verbindet.\",\"breadcrumb\":{\"@id\":\"https:\\\/\\\/spiritdust.pl\\\/de\\\/produkt\\\/erdkraft-armband-mit-moosachat-lavastein\\\/#breadcrumb\"},\"inLanguage\":\"de\",\"potentialAction\":[{\"@type\":\"ReadAction\",\"target\":[\"https:\\\/\\\/spiritdust.pl\\\/de\\\/produkt\\\/erdkraft-armband-mit-moosachat-lavastein\\\/\"]}]},{\"@type\":\"ImageObject\",\"inLanguage\":\"de\",\"@id\":\"https:\\\/\\\/spiritdust.pl\\\/de\\\/produkt\\\/erdkraft-armband-mit-moosachat-lavastein\\\/#primaryimage\",\"url\":\"https:\\\/\\\/spiritdust.pl\\\/wp-content\\\/uploads\\\/2026\\\/01\\\/DSC06513.jpg\",\"contentUrl\":\"https:\\\/\\\/spiritdust.pl\\\/wp-content\\\/uploads\\\/2026\\\/01\\\/DSC06513.jpg\",\"width\":1088,\"height\":1080},{\"@type\":\"BreadcrumbList\",\"@id\":\"https:\\\/\\\/spiritdust.pl\\\/de\\\/produkt\\\/erdkraft-armband-mit-moosachat-lavastein\\\/#breadcrumb\",\"itemListElement\":[{\"@type\":\"ListItem\",\"position\":1,\"name\":\"Strona g\u0142\u00f3wna\",\"item\":\"https:\\\/\\\/spiritdust.pl\\\/de\\\/spirit-dust-schmuck-aus-kupfer-silber-und-natursteinen\\\/\"},{\"@type\":\"ListItem\",\"position\":2,\"name\":\"Shop\",\"item\":\"https:\\\/\\\/green-chough-870564.hostingersite.com\\\/shop\\\/\"},{\"@type\":\"ListItem\",\"position\":3,\"name\":\"Erdkraft: Armband mit Moosachat, Lavastein\"}]},{\"@type\":\"WebSite\",\"@id\":\"https:\\\/\\\/green-chough-870564.hostingersite.com\\\/#website\",\"url\":\"https:\\\/\\\/green-chough-870564.hostingersite.com\\\/\",\"name\":\"Spirit Dust\",\"description\":\"Bi\u017cuteria z Miedzi, Srebra i Kamieni Naturalnych\",\"publisher\":{\"@id\":\"https:\\\/\\\/green-chough-870564.hostingersite.com\\\/#organization\"},\"potentialAction\":[{\"@type\":\"SearchAction\",\"target\":{\"@type\":\"EntryPoint\",\"urlTemplate\":\"https:\\\/\\\/green-chough-870564.hostingersite.com\\\/?s={search_term_string}\"},\"query-input\":{\"@type\":\"PropertyValueSpecification\",\"valueRequired\":true,\"valueName\":\"search_term_string\"}}],\"inLanguage\":\"de\"},{\"@type\":\"Organization\",\"@id\":\"https:\\\/\\\/green-chough-870564.hostingersite.com\\\/#organization\",\"name\":\"Geisterstaub\",\"url\":\"https:\\\/\\\/green-chough-870564.hostingersite.com\\\/\",\"logo\":{\"@type\":\"ImageObject\",\"inLanguage\":\"de\",\"@id\":\"https:\\\/\\\/green-chough-870564.hostingersite.com\\\/#\\\/schema\\\/logo\\\/image\\\/\",\"url\":\"https:\\\/\\\/spiritdust.pl\\\/wp-content\\\/uploads\\\/2026\\\/01\\\/logo-sd.png\",\"contentUrl\":\"https:\\\/\\\/spiritdust.pl\\\/wp-content\\\/uploads\\\/2026\\\/01\\\/logo-sd.png\",\"width\":251,\"height\":368,\"caption\":\"Geisterstaub\"},\"image\":{\"@id\":\"https:\\\/\\\/green-chough-870564.hostingersite.com\\\/#\\\/schema\\\/logo\\\/image\\\/\"},\"sameAs\":[\"https:\\\/\\\/www.facebook.com\\\/spiritdustmj\\\/\",\"https:\\\/\\\/instagram.com\\\/spirit__dust\"]}]}<\/script>\n<!-- \/ Yoast SEO plugin. -->","yoast_head_json":{"title":"Erdkraft: Armband mit Moosachat, Lavastein - Spirit Dust","description":"Elegantes Armband, das Moosachat, Lavastein und H\u00e4matit vereint und die Kraft der Natur harmonisch mit subtilem Stil verbindet.","robots":{"index":"index","follow":"follow","max-snippet":"max-snippet:-1","max-image-preview":"max-image-preview:large","max-video-preview":"max-video-preview:-1"},"canonical":"https:\/\/spiritdust.pl\/de\/produkt\/erdkraft-armband-mit-moosachat-lavastein\/","og_locale":"de_DE","og_type":"article","og_title":"Erdkraft: Armband mit Moosachat, Lavastein - Spirit Dust","og_description":"Elegantes Armband, das Moosachat, Lavastein und H\u00e4matit vereint und die Kraft der Natur harmonisch mit subtilem Stil verbindet.","og_url":"https:\/\/spiritdust.pl\/de\/produkt\/erdkraft-armband-mit-moosachat-lavastein\/","og_site_name":"Spirit Dust","article_publisher":"https:\/\/www.facebook.com\/spiritdustmj\/","og_image":[{"width":1088,"height":1080,"url":"https:\/\/spiritdust.pl\/wp-content\/uploads\/2026\/01\/DSC06513.jpg","type":"image\/jpeg"}],"twitter_card":"summary_large_image","twitter_misc":{"Gesch\u00e4tzte Lesezeit":"1\u00a0Minute"},"schema":{"@context":"https:\/\/schema.org","@graph":[{"@type":"WebPage","@id":"https:\/\/spiritdust.pl\/de\/produkt\/erdkraft-armband-mit-moosachat-lavastein\/","url":"https:\/\/spiritdust.pl\/de\/produkt\/erdkraft-armband-mit-moosachat-lavastein\/","name":"Erdkraft: Armband mit Moosachat, Lavastein - Spirit Dust","isPartOf":{"@id":"https:\/\/green-chough-870564.hostingersite.com\/#website"},"primaryImageOfPage":{"@id":"https:\/\/spiritdust.pl\/de\/produkt\/erdkraft-armband-mit-moosachat-lavastein\/#primaryimage"},"image":{"@id":"https:\/\/spiritdust.pl\/de\/produkt\/erdkraft-armband-mit-moosachat-lavastein\/#primaryimage"},"thumbnailUrl":"https:\/\/spiritdust.pl\/wp-content\/uploads\/2026\/01\/DSC06513.jpg","datePublished":"2026-01-26T09:20:49+00:00","description":"Elegantes Armband, das Moosachat, Lavastein und H\u00e4matit vereint und die Kraft der Natur harmonisch mit subtilem Stil verbindet.","breadcrumb":{"@id":"https:\/\/spiritdust.pl\/de\/produkt\/erdkraft-armband-mit-moosachat-lavastein\/#breadcrumb"},"inLanguage":"de","potentialAction":[{"@type":"ReadAction","target":["https:\/\/spiritdust.pl\/de\/produkt\/erdkraft-armband-mit-moosachat-lavastein\/"]}]},{"@type":"ImageObject","inLanguage":"de","@id":"https:\/\/spiritdust.pl\/de\/produkt\/erdkraft-armband-mit-moosachat-lavastein\/#primaryimage","url":"https:\/\/spiritdust.pl\/wp-content\/uploads\/2026\/01\/DSC06513.jpg","contentUrl":"https:\/\/spiritdust.pl\/wp-content\/uploads\/2026\/01\/DSC06513.jpg","width":1088,"height":1080},{"@type":"BreadcrumbList","@id":"https:\/\/spiritdust.pl\/de\/produkt\/erdkraft-armband-mit-moosachat-lavastein\/#breadcrumb","itemListElement":[{"@type":"ListItem","position":1,"name":"Strona g\u0142\u00f3wna","item":"https:\/\/spiritdust.pl\/de\/spirit-dust-schmuck-aus-kupfer-silber-und-natursteinen\/"},{"@type":"ListItem","position":2,"name":"Shop","item":"https:\/\/green-chough-870564.hostingersite.com\/shop\/"},{"@type":"ListItem","position":3,"name":"Erdkraft: Armband mit Moosachat, Lavastein"}]},{"@type":"WebSite","@id":"https:\/\/green-chough-870564.hostingersite.com\/#website","url":"https:\/\/green-chough-870564.hostingersite.com\/","name":"Spirit Dust","description":"Bi\u017cuteria z Miedzi, Srebra i Kamieni Naturalnych","publisher":{"@id":"https:\/\/green-chough-870564.hostingersite.com\/#organization"},"potentialAction":[{"@type":"SearchAction","target":{"@type":"EntryPoint","urlTemplate":"https:\/\/green-chough-870564.hostingersite.com\/?s={search_term_string}"},"query-input":{"@type":"PropertyValueSpecification","valueRequired":true,"valueName":"search_term_string"}}],"inLanguage":"de"},{"@type":"Organization","@id":"https:\/\/green-chough-870564.hostingersite.com\/#organization","name":"Geisterstaub","url":"https:\/\/green-chough-870564.hostingersite.com\/","logo":{"@type":"ImageObject","inLanguage":"de","@id":"https:\/\/green-chough-870564.hostingersite.com\/#\/schema\/logo\/image\/","url":"https:\/\/spiritdust.pl\/wp-content\/uploads\/2026\/01\/logo-sd.png","contentUrl":"https:\/\/spiritdust.pl\/wp-content\/uploads\/2026\/01\/logo-sd.png","width":251,"height":368,"caption":"Geisterstaub"},"image":{"@id":"https:\/\/green-chough-870564.hostingersite.com\/#\/schema\/logo\/image\/"},"sameAs":["https:\/\/www.facebook.com\/spiritdustmj\/","https:\/\/instagram.com\/spirit__dust"]}]}},"_links":{"self":[{"href":"https:\/\/spiritdust.pl\/de\/wp-json\/wp\/v2\/product\/2603","targetHints":{"allow":["GET"]}}],"collection":[{"href":"https:\/\/spiritdust.pl\/de\/wp-json\/wp\/v2\/product"}],"about":[{"href":"https:\/\/spiritdust.pl\/de\/wp-json\/wp\/v2\/types\/product"}],"version-history":[{"count":0,"href":"https:\/\/spiritdust.pl\/de\/wp-json\/wp\/v2\/product\/2603\/revisions"}],"wp:featuredmedia":[{"embeddable":true,"href":"https:\/\/spiritdust.pl\/de\/wp-json\/wp\/v2\/media\/2604"}],"wp:attachment":[{"href":"https:\/\/spiritdust.pl\/de\/wp-json\/wp\/v2\/media?parent=2603"}],"wp:term":[{"taxonomy":"product_brand","embeddable":true,"href":"https:\/\/spiritdust.pl\/de\/wp-json\/wp\/v2\/product_brand?post=2603"},{"taxonomy":"product_cat","embeddable":true,"href":"https:\/\/spiritdust.pl\/de\/wp-json\/wp\/v2\/product_cat?post=2603"},{"taxonomy":"product_tag","embeddable":true,"href":"https:\/\/spiritdust.pl\/de\/wp-json\/wp\/v2\/product_tag?post=2603"}],"curies":[{"name":"wp","href":"https:\/\/api.w.org\/{rel}","templated":true}]}}