{"id":2631,"date":"2026-01-26T09:20:49","date_gmt":"2026-01-26T09:20:49","guid":{"rendered":"https:\/\/spiritdust.pl\/produkt\/armband-sonnenglanz-mit-sonnenstein\/"},"modified":"2026-01-26T09:20:49","modified_gmt":"2026-01-26T09:20:49","slug":"armband-sonnenglanz-mit-sonnenstein","status":"publish","type":"product","link":"https:\/\/spiritdust.pl\/de\/produkt\/armband-sonnenglanz-mit-sonnenstein\/","title":{"rendered":"Armband \u201eSonnenglanz\u201c mit Sonnenstein"},"content":{"rendered":"<p><strong>Armband \u201eSonnenglanz\u201c mit Sonnenstein, Bergkristall und H\u00e4matit<\/strong><\/p>\n<p>Entdecke Harmonie und Energie mit unserem einzigartigen Armband, das drei kraftvolle Steine vereint: Sonnenstein, Bergkristall und H\u00e4matit.<\/p>\n<ul>\n<li><strong>Sonnenstein<\/strong> \u2013 Bekannt f\u00fcr seinen strahlenden Glanz, symbolisiert dieser Stein Freude und Optimismus. Als Quelle positiver Energie gilt der Sonnenstein, der Selbstakzeptanz f\u00f6rdert, das Selbstvertrauen st\u00e4rkt und das Herz mit Licht und W\u00e4rme erf\u00fcllt. <\/li>\n<li><strong>Bergkristall<\/strong> \u2013 Als \u201euniverseller Stein\u201c bekannt, wirkt der Bergkristall als kraftvoller Energieverst\u00e4rker. Er unterst\u00fctzt die Klarheit der Gedanken, die Meditation und das Anziehen positiver Schwingungen, wobei er gleichzeitig emotionales und spirituelles Gleichgewicht f\u00f6rdert. <\/li>\n<li><strong>H\u00e4matit<\/strong> \u2013 Dieser erdende Stein ist bekannt f\u00fcr seine F\u00e4higkeit, das Gef\u00fchl von Sicherheit und Stabilit\u00e4t zu st\u00e4rken. H\u00e4matit unterst\u00fctzt die Konzentration, sch\u00fctzt vor negativen Energien und hilft, die innere Harmonie wiederherzustellen. <\/li>\n<\/ul>\n<p>Das Armband \u201eSonnenglanz\u201c verbindet diese drei Steine zu einem eleganten Ganzen und bietet nicht nur ein einzigartiges Design, sondern auch metaphysische Vorteile, die Gleichgewicht, positives Denken und innere St\u00e4rke f\u00f6rdern.<\/p>\n<p>Ideal f\u00fcr den Alltag oder als Geschenk f\u00fcr einen besonderen Menschen.<\/p>\n","protected":false},"excerpt":{"rendered":"<p>Ein elegantes Armband, das Sonnenstein, Bergkristall und H\u00e4matit vereint. Der Sonnenstein spendet Energie und Optimismus, der Bergkristall verst\u00e4rkt positive Schwingungen und der H\u00e4matit stabilisiert und sch\u00fctzt. Ideal f\u00fcr den Alltag und besondere Anl\u00e4sse.  <\/p>\n<p>&nbsp;<\/p>\n<p>Die Weite ist durch einen Schiebeknoten verstellbar.<\/p>\n<p class=\"p1\">Ich verpacke den Schmuck sorgf\u00e4ltig in einer dekorativen Schachtel, sodass er sofort als Geschenk bereit ist.<\/p>\n","protected":false},"featured_media":2633,"template":"","meta":{"inline_featured_image":false},"product_brand":[],"product_cat":[168],"product_tag":[193,169,217],"class_list":{"0":"post-2631","1":"product","2":"type-product","3":"status-publish","4":"has-post-thumbnail","6":"product_cat-armbander","7":"product_tag-bergkristall","8":"product_tag-hamatit","9":"product_tag-sonnenstein","11":"first","12":"instock","13":"taxable","14":"shipping-taxable","15":"purchasable","16":"product-type-simple"},"yoast_head":"<!-- This site is optimized with the Yoast SEO plugin v27.5 - https:\/\/yoast.com\/product\/yoast-seo-wordpress\/ -->\n<title>Armband \u201eSonnenglanz\u201c mit Sonnenstein - Spirit Dust<\/title>\n<meta name=\"description\" content=\"Das Armband mit Sonnenstein, Bergkristall und H\u00e4matit vereint strahlenden Glanz, Klarheit und Schutz und bietet Eleganz und Harmonie.\" \/>\n<meta name=\"robots\" content=\"index, follow, max-snippet:-1, max-image-preview:large, max-video-preview:-1\" \/>\n<link rel=\"canonical\" href=\"https:\/\/spiritdust.pl\/de\/produkt\/armband-sonnenglanz-mit-sonnenstein\/\" \/>\n<meta property=\"og:locale\" content=\"de_DE\" \/>\n<meta property=\"og:type\" content=\"article\" \/>\n<meta property=\"og:title\" content=\"Armband \u201eSonnenglanz\u201c mit Sonnenstein - Spirit Dust\" \/>\n<meta property=\"og:description\" content=\"Das Armband mit Sonnenstein, Bergkristall und H\u00e4matit vereint strahlenden Glanz, Klarheit und Schutz und bietet Eleganz und Harmonie.\" \/>\n<meta property=\"og:url\" content=\"https:\/\/spiritdust.pl\/de\/produkt\/armband-sonnenglanz-mit-sonnenstein\/\" \/>\n<meta property=\"og:site_name\" content=\"Spirit Dust\" \/>\n<meta property=\"article:publisher\" content=\"https:\/\/www.facebook.com\/spiritdustmj\/\" \/>\n<meta property=\"og:image\" content=\"https:\/\/spiritdust.pl\/wp-content\/uploads\/2026\/01\/DSC06486.jpg\" \/>\n\t<meta property=\"og:image:width\" content=\"1088\" \/>\n\t<meta property=\"og:image:height\" content=\"1080\" \/>\n\t<meta property=\"og:image:type\" content=\"image\/jpeg\" \/>\n<meta name=\"twitter:card\" content=\"summary_large_image\" \/>\n<meta name=\"twitter:label1\" content=\"Gesch\u00e4tzte Lesezeit\" \/>\n\t<meta name=\"twitter:data1\" content=\"1\u00a0Minute\" \/>\n<script type=\"application\/ld+json\" class=\"yoast-schema-graph\">{\"@context\":\"https:\\\/\\\/schema.org\",\"@graph\":[{\"@type\":\"WebPage\",\"@id\":\"https:\\\/\\\/spiritdust.pl\\\/de\\\/produkt\\\/armband-sonnenglanz-mit-sonnenstein\\\/\",\"url\":\"https:\\\/\\\/spiritdust.pl\\\/de\\\/produkt\\\/armband-sonnenglanz-mit-sonnenstein\\\/\",\"name\":\"Armband \u201eSonnenglanz\u201c mit Sonnenstein - Spirit Dust\",\"isPartOf\":{\"@id\":\"https:\\\/\\\/green-chough-870564.hostingersite.com\\\/#website\"},\"primaryImageOfPage\":{\"@id\":\"https:\\\/\\\/spiritdust.pl\\\/de\\\/produkt\\\/armband-sonnenglanz-mit-sonnenstein\\\/#primaryimage\"},\"image\":{\"@id\":\"https:\\\/\\\/spiritdust.pl\\\/de\\\/produkt\\\/armband-sonnenglanz-mit-sonnenstein\\\/#primaryimage\"},\"thumbnailUrl\":\"https:\\\/\\\/spiritdust.pl\\\/wp-content\\\/uploads\\\/2026\\\/01\\\/DSC06486.jpg\",\"datePublished\":\"2026-01-26T09:20:49+00:00\",\"description\":\"Das Armband mit Sonnenstein, Bergkristall und H\u00e4matit vereint strahlenden Glanz, Klarheit und Schutz und bietet Eleganz und Harmonie.\",\"breadcrumb\":{\"@id\":\"https:\\\/\\\/spiritdust.pl\\\/de\\\/produkt\\\/armband-sonnenglanz-mit-sonnenstein\\\/#breadcrumb\"},\"inLanguage\":\"de\",\"potentialAction\":[{\"@type\":\"ReadAction\",\"target\":[\"https:\\\/\\\/spiritdust.pl\\\/de\\\/produkt\\\/armband-sonnenglanz-mit-sonnenstein\\\/\"]}]},{\"@type\":\"ImageObject\",\"inLanguage\":\"de\",\"@id\":\"https:\\\/\\\/spiritdust.pl\\\/de\\\/produkt\\\/armband-sonnenglanz-mit-sonnenstein\\\/#primaryimage\",\"url\":\"https:\\\/\\\/spiritdust.pl\\\/wp-content\\\/uploads\\\/2026\\\/01\\\/DSC06486.jpg\",\"contentUrl\":\"https:\\\/\\\/spiritdust.pl\\\/wp-content\\\/uploads\\\/2026\\\/01\\\/DSC06486.jpg\",\"width\":1088,\"height\":1080},{\"@type\":\"BreadcrumbList\",\"@id\":\"https:\\\/\\\/spiritdust.pl\\\/de\\\/produkt\\\/armband-sonnenglanz-mit-sonnenstein\\\/#breadcrumb\",\"itemListElement\":[{\"@type\":\"ListItem\",\"position\":1,\"name\":\"Strona g\u0142\u00f3wna\",\"item\":\"https:\\\/\\\/spiritdust.pl\\\/de\\\/spirit-dust-schmuck-aus-kupfer-silber-und-natursteinen\\\/\"},{\"@type\":\"ListItem\",\"position\":2,\"name\":\"Shop\",\"item\":\"https:\\\/\\\/green-chough-870564.hostingersite.com\\\/shop\\\/\"},{\"@type\":\"ListItem\",\"position\":3,\"name\":\"Armband \u201eSonnenglanz\u201c mit Sonnenstein\"}]},{\"@type\":\"WebSite\",\"@id\":\"https:\\\/\\\/green-chough-870564.hostingersite.com\\\/#website\",\"url\":\"https:\\\/\\\/green-chough-870564.hostingersite.com\\\/\",\"name\":\"Spirit Dust\",\"description\":\"Bi\u017cuteria z Miedzi, Srebra i Kamieni Naturalnych\",\"publisher\":{\"@id\":\"https:\\\/\\\/green-chough-870564.hostingersite.com\\\/#organization\"},\"potentialAction\":[{\"@type\":\"SearchAction\",\"target\":{\"@type\":\"EntryPoint\",\"urlTemplate\":\"https:\\\/\\\/green-chough-870564.hostingersite.com\\\/?s={search_term_string}\"},\"query-input\":{\"@type\":\"PropertyValueSpecification\",\"valueRequired\":true,\"valueName\":\"search_term_string\"}}],\"inLanguage\":\"de\"},{\"@type\":\"Organization\",\"@id\":\"https:\\\/\\\/green-chough-870564.hostingersite.com\\\/#organization\",\"name\":\"Geisterstaub\",\"url\":\"https:\\\/\\\/green-chough-870564.hostingersite.com\\\/\",\"logo\":{\"@type\":\"ImageObject\",\"inLanguage\":\"de\",\"@id\":\"https:\\\/\\\/green-chough-870564.hostingersite.com\\\/#\\\/schema\\\/logo\\\/image\\\/\",\"url\":\"https:\\\/\\\/spiritdust.pl\\\/wp-content\\\/uploads\\\/2026\\\/01\\\/logo-sd.png\",\"contentUrl\":\"https:\\\/\\\/spiritdust.pl\\\/wp-content\\\/uploads\\\/2026\\\/01\\\/logo-sd.png\",\"width\":251,\"height\":368,\"caption\":\"Geisterstaub\"},\"image\":{\"@id\":\"https:\\\/\\\/green-chough-870564.hostingersite.com\\\/#\\\/schema\\\/logo\\\/image\\\/\"},\"sameAs\":[\"https:\\\/\\\/www.facebook.com\\\/spiritdustmj\\\/\",\"https:\\\/\\\/instagram.com\\\/spirit__dust\"]}]}<\/script>\n<!-- \/ Yoast SEO plugin. -->","yoast_head_json":{"title":"Armband \u201eSonnenglanz\u201c mit Sonnenstein - Spirit Dust","description":"Das Armband mit Sonnenstein, Bergkristall und H\u00e4matit vereint strahlenden Glanz, Klarheit und Schutz und bietet Eleganz und Harmonie.","robots":{"index":"index","follow":"follow","max-snippet":"max-snippet:-1","max-image-preview":"max-image-preview:large","max-video-preview":"max-video-preview:-1"},"canonical":"https:\/\/spiritdust.pl\/de\/produkt\/armband-sonnenglanz-mit-sonnenstein\/","og_locale":"de_DE","og_type":"article","og_title":"Armband \u201eSonnenglanz\u201c mit Sonnenstein - Spirit Dust","og_description":"Das Armband mit Sonnenstein, Bergkristall und H\u00e4matit vereint strahlenden Glanz, Klarheit und Schutz und bietet Eleganz und Harmonie.","og_url":"https:\/\/spiritdust.pl\/de\/produkt\/armband-sonnenglanz-mit-sonnenstein\/","og_site_name":"Spirit Dust","article_publisher":"https:\/\/www.facebook.com\/spiritdustmj\/","og_image":[{"width":1088,"height":1080,"url":"https:\/\/spiritdust.pl\/wp-content\/uploads\/2026\/01\/DSC06486.jpg","type":"image\/jpeg"}],"twitter_card":"summary_large_image","twitter_misc":{"Gesch\u00e4tzte Lesezeit":"1\u00a0Minute"},"schema":{"@context":"https:\/\/schema.org","@graph":[{"@type":"WebPage","@id":"https:\/\/spiritdust.pl\/de\/produkt\/armband-sonnenglanz-mit-sonnenstein\/","url":"https:\/\/spiritdust.pl\/de\/produkt\/armband-sonnenglanz-mit-sonnenstein\/","name":"Armband \u201eSonnenglanz\u201c mit Sonnenstein - Spirit Dust","isPartOf":{"@id":"https:\/\/green-chough-870564.hostingersite.com\/#website"},"primaryImageOfPage":{"@id":"https:\/\/spiritdust.pl\/de\/produkt\/armband-sonnenglanz-mit-sonnenstein\/#primaryimage"},"image":{"@id":"https:\/\/spiritdust.pl\/de\/produkt\/armband-sonnenglanz-mit-sonnenstein\/#primaryimage"},"thumbnailUrl":"https:\/\/spiritdust.pl\/wp-content\/uploads\/2026\/01\/DSC06486.jpg","datePublished":"2026-01-26T09:20:49+00:00","description":"Das Armband mit Sonnenstein, Bergkristall und H\u00e4matit vereint strahlenden Glanz, Klarheit und Schutz und bietet Eleganz und Harmonie.","breadcrumb":{"@id":"https:\/\/spiritdust.pl\/de\/produkt\/armband-sonnenglanz-mit-sonnenstein\/#breadcrumb"},"inLanguage":"de","potentialAction":[{"@type":"ReadAction","target":["https:\/\/spiritdust.pl\/de\/produkt\/armband-sonnenglanz-mit-sonnenstein\/"]}]},{"@type":"ImageObject","inLanguage":"de","@id":"https:\/\/spiritdust.pl\/de\/produkt\/armband-sonnenglanz-mit-sonnenstein\/#primaryimage","url":"https:\/\/spiritdust.pl\/wp-content\/uploads\/2026\/01\/DSC06486.jpg","contentUrl":"https:\/\/spiritdust.pl\/wp-content\/uploads\/2026\/01\/DSC06486.jpg","width":1088,"height":1080},{"@type":"BreadcrumbList","@id":"https:\/\/spiritdust.pl\/de\/produkt\/armband-sonnenglanz-mit-sonnenstein\/#breadcrumb","itemListElement":[{"@type":"ListItem","position":1,"name":"Strona g\u0142\u00f3wna","item":"https:\/\/spiritdust.pl\/de\/spirit-dust-schmuck-aus-kupfer-silber-und-natursteinen\/"},{"@type":"ListItem","position":2,"name":"Shop","item":"https:\/\/green-chough-870564.hostingersite.com\/shop\/"},{"@type":"ListItem","position":3,"name":"Armband \u201eSonnenglanz\u201c mit Sonnenstein"}]},{"@type":"WebSite","@id":"https:\/\/green-chough-870564.hostingersite.com\/#website","url":"https:\/\/green-chough-870564.hostingersite.com\/","name":"Spirit Dust","description":"Bi\u017cuteria z Miedzi, Srebra i Kamieni Naturalnych","publisher":{"@id":"https:\/\/green-chough-870564.hostingersite.com\/#organization"},"potentialAction":[{"@type":"SearchAction","target":{"@type":"EntryPoint","urlTemplate":"https:\/\/green-chough-870564.hostingersite.com\/?s={search_term_string}"},"query-input":{"@type":"PropertyValueSpecification","valueRequired":true,"valueName":"search_term_string"}}],"inLanguage":"de"},{"@type":"Organization","@id":"https:\/\/green-chough-870564.hostingersite.com\/#organization","name":"Geisterstaub","url":"https:\/\/green-chough-870564.hostingersite.com\/","logo":{"@type":"ImageObject","inLanguage":"de","@id":"https:\/\/green-chough-870564.hostingersite.com\/#\/schema\/logo\/image\/","url":"https:\/\/spiritdust.pl\/wp-content\/uploads\/2026\/01\/logo-sd.png","contentUrl":"https:\/\/spiritdust.pl\/wp-content\/uploads\/2026\/01\/logo-sd.png","width":251,"height":368,"caption":"Geisterstaub"},"image":{"@id":"https:\/\/green-chough-870564.hostingersite.com\/#\/schema\/logo\/image\/"},"sameAs":["https:\/\/www.facebook.com\/spiritdustmj\/","https:\/\/instagram.com\/spirit__dust"]}]}},"_links":{"self":[{"href":"https:\/\/spiritdust.pl\/de\/wp-json\/wp\/v2\/product\/2631","targetHints":{"allow":["GET"]}}],"collection":[{"href":"https:\/\/spiritdust.pl\/de\/wp-json\/wp\/v2\/product"}],"about":[{"href":"https:\/\/spiritdust.pl\/de\/wp-json\/wp\/v2\/types\/product"}],"version-history":[{"count":0,"href":"https:\/\/spiritdust.pl\/de\/wp-json\/wp\/v2\/product\/2631\/revisions"}],"wp:featuredmedia":[{"embeddable":true,"href":"https:\/\/spiritdust.pl\/de\/wp-json\/wp\/v2\/media\/2633"}],"wp:attachment":[{"href":"https:\/\/spiritdust.pl\/de\/wp-json\/wp\/v2\/media?parent=2631"}],"wp:term":[{"taxonomy":"product_brand","embeddable":true,"href":"https:\/\/spiritdust.pl\/de\/wp-json\/wp\/v2\/product_brand?post=2631"},{"taxonomy":"product_cat","embeddable":true,"href":"https:\/\/spiritdust.pl\/de\/wp-json\/wp\/v2\/product_cat?post=2631"},{"taxonomy":"product_tag","embeddable":true,"href":"https:\/\/spiritdust.pl\/de\/wp-json\/wp\/v2\/product_tag?post=2631"}],"curies":[{"name":"wp","href":"https:\/\/api.w.org\/{rel}","templated":true}]}}