{"id":2651,"date":"2026-01-26T09:20:25","date_gmt":"2026-01-26T09:20:25","guid":{"rendered":"https:\/\/spiritdust.pl\/produkt\/kupfer-pilzring-mit-rohem-rubin-groesse-18\/"},"modified":"2026-05-09T06:49:58","modified_gmt":"2026-05-09T06:49:58","slug":"kupfer-pilzring-mit-rohem-rubin-groesse-18","status":"publish","type":"product","link":"https:\/\/spiritdust.pl\/de\/produkt\/kupfer-pilzring-mit-rohem-rubin-groesse-18\/","title":{"rendered":"Kupfer-Pilzring mit rohem Rubin - Gr\u00f6\u00dfe 18."},"content":{"rendered":"<div class=\"flex-1 overflow-hidden\">\n<div class=\"react-scroll-to-bottom--css-occsb-79elbk h-full\">\n<div class=\"react-scroll-to-bottom--css-occsb-1n7m0yu\">\n<div class=\"flex flex-col text-sm pb-9\">\n<div class=\"w-full text-token-text-primary\" dir=\"auto\" data-testid=\"conversation-turn-9\">\n<div class=\"px-4 py-2 justify-center text-base md:gap-6 m-auto\">\n<div class=\"flex flex-1 text-base mx-auto gap-3 juice:gap-4 juice:md:gap-6 md:px-5 lg:px-1 xl:px-5 md:max-w-3xl lg:max-w-[40rem] xl:max-w-[48rem] group final-completion\">\n<div class=\"relative flex w-full flex-col agent-turn\">\n<div class=\"flex-col gap-1 md:gap-3\">\n<div class=\"flex flex-grow flex-col max-w-full\">\n<div class=\"min-h-[20px] text-message flex flex-col items-start gap-3 whitespace-pre-wrap break-words [.text-message+&amp;]:mt-5 overflow-x-auto\" dir=\"auto\" data-message-author-role=\"assistant\" data-message-id=\"30541e44-f1f3-4bd2-8e30-509419f31451\">\n<div class=\"markdown prose w-full break-words dark:prose-invert dark\">\n<div class=\"flex flex-grow flex-col max-w-full\">\n<div class=\"min-h-[20px] text-message flex flex-col items-start whitespace-pre-wrap break-words [.text-message+&amp;]:mt-5 juice:w-full juice:items-end overflow-x-auto gap-2\" dir=\"auto\" data-message-author-role=\"assistant\" data-message-id=\"665bb0dd-afe8-4b4b-8479-c369f471f22c\">\n<div class=\"flex w-full flex-col gap-1 juice:empty:hidden juice:first:pt-[3px]\">\n<div class=\"markdown prose w-full break-words dark:prose-invert dark\">\n<p><strong>Kupfer-Pilzring mit rohem Rubin - Leicht Verstellbar (Gr\u00f6\u00dfe 18)<\/strong><\/p>\n<p>Dieser bezaubernde Ring vereint die nat\u00fcrliche Eleganz von Kupfer mit dem einzigartigen Charme eines Rohrubins. Jedes St\u00fcck wurde sorgf\u00e4ltig gefertigt, um einen unverwechselbaren, einzigartigen Look zu kreieren. <\/p>\n<p>&nbsp;<\/p>\n<p><strong>Rubin<\/strong> ist ein au\u00dfergew\u00f6hnlicher Stein, gefangen zwischen Erde und Feuer. Es ist ein Juwel, das seit Tausenden von Jahren Blicke auf sich zieht und mit seiner intensiven Farbe und seinem einzigartigen Glanz begeistert. <\/p>\n<p>Seine Geschichte wird mit der Feder der Liebe, Leidenschaft, des Mutes und des Erfolgs geschrieben. Wie kein anderer Stein symbolisiert der Rubin die Emotionen und W\u00fcnsche des menschlichen Herzens. In jedem Atemzug steckt seine Energie, die dem Tr\u00e4ger Kraft, Entschlossenheit und den Glauben an die eigenen F\u00e4higkeiten schenkt.  <\/p>\n<p>Doch der Rubin ist nicht nur ein materielles Juwel. Man sagt, der Rubin st\u00e4rke wie ein Tropfen Lebensblut die Lebensenergie, f\u00f6rdere die Blutzirkulation und belebe die Sinne. Es ist ein Stein, der hilft, St\u00fcrme zu \u00fcberstehen, indem er Ruhe und St\u00e4rke in den schwierigsten Momenten bewahrt.  <\/p>\n<p>Man glaubt, der Rubin sei ein H\u00fcter der Liebe, der seinem Tr\u00e4ger Harmonie und Gl\u00fcck anzieht und romantische Beziehungen st\u00e4rkt. Er ist wie eine Flamme, die nicht nur w\u00e4rmt, sondern auch den Weg durch die Dunkelheit erhellt. Rubine sind nicht nur Steine, sie sind Geschichten, die<strong> ewig in den Herzen derer leben, die sie tragen.<\/strong>  <\/p>\n<p>&nbsp;<\/p>\n<ul>\n<li><strong>Material<\/strong>: Hochwertiges Kupfer<\/li>\n<li><strong>Stein<\/strong>: Rohrubin<\/li>\n<li><strong>Verstellbare Gr\u00f6\u00dfe<\/strong>: 18 (leichte Anpassung m\u00f6glich)<\/li>\n<li><strong>Stil<\/strong>: Pilzring<\/li>\n<li><strong>Finish<\/strong>: Handpoliert<\/li>\n<\/ul>\n<p>Dieser Ring ist nicht nur ein au\u00dfergew\u00f6hnliches Schmuckst\u00fcck, sondern auch ein Ausdruck von Individualit\u00e4t und nat\u00fcrlicher Sch\u00f6nheit. Jeder Rohrubin hat seine eigenen einzigartigen Merkmale, was jedes St\u00fcck zu einem Unikat macht. <\/p>\n<p>Verleihe deiner Schmuckkollektion einen Hauch von Glanz und Raffinesse mit diesem Kupferring im Pilzdesign mit Rohrubin. Perfekt sowohl f\u00fcr den Alltag als auch f\u00fcr besondere Anl\u00e4sse. <\/p>\n<\/div>\n<\/div>\n<\/div>\n<\/div>\n<\/div>\n<\/div>\n<\/div>\n<\/div>\n<\/div>\n<\/div>\n<\/div>\n<\/div>\n<\/div>\n<\/div>\n<\/div>\n<\/div>\n","protected":false},"excerpt":{"rendered":"<div class=\"flex-1 overflow-hidden\">\n<div class=\"react-scroll-to-bottom--css-gpzpe-79elbk h-full\">\n<div class=\"react-scroll-to-bottom--css-gpzpe-1n7m0yu\">\n<div class=\"flex flex-col text-sm gizmo:pb-9 dark:bg-gray-800 gizmo:dark:bg-transparent\">\n<div class=\"w-full text-token-text-primary border-b border-black\/10 gizmo:border-0 dark:border-gray-900\/50 gizmo:dark:border-0 bg-gray-50 gizmo:bg-transparent dark:bg-[#444654] gizmo:dark:bg-transparent\" data-testid=\"conversation-turn-5\">\n<div class=\"p-4 gizmo:py-2 justify-center text-base md:gap-6 md:py-6 m-auto\">\n<div class=\"flex flex-1 gap-4 text-base mx-auto md:gap-6 gizmo:gap-3 gizmo:md:px-5 gizmo:lg:px-1 gizmo:xl:px-5 md:max-w-2xl lg:max-w-[38rem] gizmo:md:max-w-3xl gizmo:lg:max-w-[40rem] gizmo:xl:max-w-[48rem] xl:max-w-3xl } group final-completion\">\n<div class=\"relative flex w-[calc(100%-50px)] flex-col gizmo:w-full lg:w-[calc(100%-115px)] agent-turn\">\n<div class=\"flex-col gap-1 md:gap-3\">\n<div class=\"flex flex-grow flex-col max-w-full gap-3 gizmo:gap-0\">\n<div class=\"min-h-[20px] text-message flex flex-col items-start gap-3 whitespace-pre-wrap break-words [.text-message+&amp;]:mt-5 overflow-x-auto\" data-message-author-role=\"assistant\" data-message-id=\"1b122955-23be-4dd9-98ec-1a093db6e5d7\">\n<div class=\"markdown prose w-full break-words dark:prose-invert dark\">\n<p><strong>Kupfer-Pilzring mit rohem Rubin - Verstellbar (Gr\u00f6\u00dfe 18)<\/strong><\/p>\n<p>Eleganter Pilzring mit rohem Rubin aus Kupfer gefertigt. Einzigartig und in verstellbarer Gr\u00f6\u00dfe (18), ein ideales Accessoire f\u00fcr den t\u00e4glichen und besonderen Stil. <\/p>\n<\/div>\n<\/div>\n<\/div>\n<\/div>\n<\/div>\n<\/div>\n<\/div>\n<\/div>\n<\/div>\n<\/div>\n<\/div>\n<\/div>\n<p>&nbsp;<\/p>\n<p class=\"p1\">Ich verpacke den Schmuck in einer dekorativen Schachtel und lege jeder Bestellung einen Beutel sowie zuf\u00e4llige Aufkleber als Geschenk bei. \u2728<\/p>\n","protected":false},"featured_media":7079,"template":"","meta":{"inline_featured_image":false},"product_brand":[],"product_cat":[192,167],"product_tag":[320],"class_list":{"0":"post-2651","1":"product","2":"type-product","3":"status-publish","4":"has-post-thumbnail","6":"product_cat-ringe","7":"product_cat-schmuck","8":"product_tag-rubin","10":"first","11":"instock","12":"sale","13":"taxable","14":"shipping-taxable","15":"purchasable","16":"product-type-simple"},"yoast_head":"<!-- This site is optimized with the Yoast SEO plugin v27.5 - https:\/\/yoast.com\/product\/yoast-seo-wordpress\/ -->\n<title>Kupfer-Pilzring mit rohem Rubin - Gr\u00f6\u00dfe 18. - Spirit Dust<\/title>\n<meta name=\"description\" content=\"Einzigartiger Kupferring im Pilzdesign mit Rohrubin, leicht verstellbar, verleiht jedem Outfit nat\u00fcrlichen Charme und Eleganz.\" \/>\n<meta name=\"robots\" content=\"index, follow, max-snippet:-1, max-image-preview:large, max-video-preview:-1\" \/>\n<link rel=\"canonical\" href=\"https:\/\/spiritdust.pl\/de\/produkt\/kupfer-pilzring-mit-rohem-rubin-groesse-18\/\" \/>\n<meta property=\"og:locale\" content=\"de_DE\" \/>\n<meta property=\"og:type\" content=\"article\" \/>\n<meta property=\"og:title\" content=\"Kupfer-Pilzring mit rohem Rubin - Gr\u00f6\u00dfe 18. - Spirit Dust\" \/>\n<meta property=\"og:description\" content=\"Einzigartiger Kupferring im Pilzdesign mit Rohrubin, leicht verstellbar, verleiht jedem Outfit nat\u00fcrlichen Charme und Eleganz.\" \/>\n<meta property=\"og:url\" content=\"https:\/\/spiritdust.pl\/de\/produkt\/kupfer-pilzring-mit-rohem-rubin-groesse-18\/\" \/>\n<meta property=\"og:site_name\" content=\"Spirit Dust\" \/>\n<meta property=\"article:publisher\" content=\"https:\/\/www.facebook.com\/spiritdustmj\/\" \/>\n<meta property=\"article:modified_time\" content=\"2026-05-09T06:49:58+00:00\" \/>\n<meta property=\"og:image\" content=\"https:\/\/spiritdust.pl\/wp-content\/uploads\/2026\/01\/DSC06028.jpg\" \/>\n\t<meta property=\"og:image:width\" content=\"1088\" \/>\n\t<meta property=\"og:image:height\" content=\"1080\" \/>\n\t<meta property=\"og:image:type\" content=\"image\/jpeg\" \/>\n<meta name=\"twitter:card\" content=\"summary_large_image\" \/>\n<meta name=\"twitter:label1\" content=\"Gesch\u00e4tzte Lesezeit\" \/>\n\t<meta name=\"twitter:data1\" content=\"2\u00a0Minuten\" \/>\n<script type=\"application\/ld+json\" class=\"yoast-schema-graph\">{\"@context\":\"https:\\\/\\\/schema.org\",\"@graph\":[{\"@type\":\"WebPage\",\"@id\":\"https:\\\/\\\/spiritdust.pl\\\/de\\\/produkt\\\/kupfer-pilzring-mit-rohem-rubin-groesse-18\\\/\",\"url\":\"https:\\\/\\\/spiritdust.pl\\\/de\\\/produkt\\\/kupfer-pilzring-mit-rohem-rubin-groesse-18\\\/\",\"name\":\"Kupfer-Pilzring mit rohem Rubin - Gr\u00f6\u00dfe 18. - Spirit Dust\",\"isPartOf\":{\"@id\":\"https:\\\/\\\/green-chough-870564.hostingersite.com\\\/#website\"},\"primaryImageOfPage\":{\"@id\":\"https:\\\/\\\/spiritdust.pl\\\/de\\\/produkt\\\/kupfer-pilzring-mit-rohem-rubin-groesse-18\\\/#primaryimage\"},\"image\":{\"@id\":\"https:\\\/\\\/spiritdust.pl\\\/de\\\/produkt\\\/kupfer-pilzring-mit-rohem-rubin-groesse-18\\\/#primaryimage\"},\"thumbnailUrl\":\"https:\\\/\\\/spiritdust.pl\\\/wp-content\\\/uploads\\\/2026\\\/01\\\/DSC06028.jpg\",\"datePublished\":\"2026-01-26T09:20:25+00:00\",\"dateModified\":\"2026-05-09T06:49:58+00:00\",\"description\":\"Einzigartiger Kupferring im Pilzdesign mit Rohrubin, leicht verstellbar, verleiht jedem Outfit nat\u00fcrlichen Charme und Eleganz.\",\"breadcrumb\":{\"@id\":\"https:\\\/\\\/spiritdust.pl\\\/de\\\/produkt\\\/kupfer-pilzring-mit-rohem-rubin-groesse-18\\\/#breadcrumb\"},\"inLanguage\":\"de\",\"potentialAction\":[{\"@type\":\"ReadAction\",\"target\":[\"https:\\\/\\\/spiritdust.pl\\\/de\\\/produkt\\\/kupfer-pilzring-mit-rohem-rubin-groesse-18\\\/\"]}]},{\"@type\":\"ImageObject\",\"inLanguage\":\"de\",\"@id\":\"https:\\\/\\\/spiritdust.pl\\\/de\\\/produkt\\\/kupfer-pilzring-mit-rohem-rubin-groesse-18\\\/#primaryimage\",\"url\":\"https:\\\/\\\/spiritdust.pl\\\/wp-content\\\/uploads\\\/2026\\\/01\\\/DSC06028.jpg\",\"contentUrl\":\"https:\\\/\\\/spiritdust.pl\\\/wp-content\\\/uploads\\\/2026\\\/01\\\/DSC06028.jpg\",\"width\":1088,\"height\":1080},{\"@type\":\"BreadcrumbList\",\"@id\":\"https:\\\/\\\/spiritdust.pl\\\/de\\\/produkt\\\/kupfer-pilzring-mit-rohem-rubin-groesse-18\\\/#breadcrumb\",\"itemListElement\":[{\"@type\":\"ListItem\",\"position\":1,\"name\":\"Strona g\u0142\u00f3wna\",\"item\":\"https:\\\/\\\/spiritdust.pl\\\/de\\\/spirit-dust-schmuck-aus-kupfer-silber-und-natursteinen\\\/\"},{\"@type\":\"ListItem\",\"position\":2,\"name\":\"Shop\",\"item\":\"https:\\\/\\\/green-chough-870564.hostingersite.com\\\/shop\\\/\"},{\"@type\":\"ListItem\",\"position\":3,\"name\":\"Kupfer-Pilzring mit rohem Rubin &#8211; Gr\u00f6\u00dfe 18.\"}]},{\"@type\":\"WebSite\",\"@id\":\"https:\\\/\\\/green-chough-870564.hostingersite.com\\\/#website\",\"url\":\"https:\\\/\\\/green-chough-870564.hostingersite.com\\\/\",\"name\":\"Spirit Dust\",\"description\":\"Bi\u017cuteria z Miedzi, Srebra i Kamieni Naturalnych\",\"publisher\":{\"@id\":\"https:\\\/\\\/green-chough-870564.hostingersite.com\\\/#organization\"},\"potentialAction\":[{\"@type\":\"SearchAction\",\"target\":{\"@type\":\"EntryPoint\",\"urlTemplate\":\"https:\\\/\\\/green-chough-870564.hostingersite.com\\\/?s={search_term_string}\"},\"query-input\":{\"@type\":\"PropertyValueSpecification\",\"valueRequired\":true,\"valueName\":\"search_term_string\"}}],\"inLanguage\":\"de\"},{\"@type\":\"Organization\",\"@id\":\"https:\\\/\\\/green-chough-870564.hostingersite.com\\\/#organization\",\"name\":\"Geisterstaub\",\"url\":\"https:\\\/\\\/green-chough-870564.hostingersite.com\\\/\",\"logo\":{\"@type\":\"ImageObject\",\"inLanguage\":\"de\",\"@id\":\"https:\\\/\\\/green-chough-870564.hostingersite.com\\\/#\\\/schema\\\/logo\\\/image\\\/\",\"url\":\"https:\\\/\\\/spiritdust.pl\\\/wp-content\\\/uploads\\\/2026\\\/01\\\/logo-sd.png\",\"contentUrl\":\"https:\\\/\\\/spiritdust.pl\\\/wp-content\\\/uploads\\\/2026\\\/01\\\/logo-sd.png\",\"width\":251,\"height\":368,\"caption\":\"Geisterstaub\"},\"image\":{\"@id\":\"https:\\\/\\\/green-chough-870564.hostingersite.com\\\/#\\\/schema\\\/logo\\\/image\\\/\"},\"sameAs\":[\"https:\\\/\\\/www.facebook.com\\\/spiritdustmj\\\/\",\"https:\\\/\\\/instagram.com\\\/spirit__dust\"]}]}<\/script>\n<!-- \/ Yoast SEO plugin. -->","yoast_head_json":{"title":"Kupfer-Pilzring mit rohem Rubin - Gr\u00f6\u00dfe 18. - Spirit Dust","description":"Einzigartiger Kupferring im Pilzdesign mit Rohrubin, leicht verstellbar, verleiht jedem Outfit nat\u00fcrlichen Charme und Eleganz.","robots":{"index":"index","follow":"follow","max-snippet":"max-snippet:-1","max-image-preview":"max-image-preview:large","max-video-preview":"max-video-preview:-1"},"canonical":"https:\/\/spiritdust.pl\/de\/produkt\/kupfer-pilzring-mit-rohem-rubin-groesse-18\/","og_locale":"de_DE","og_type":"article","og_title":"Kupfer-Pilzring mit rohem Rubin - Gr\u00f6\u00dfe 18. - Spirit Dust","og_description":"Einzigartiger Kupferring im Pilzdesign mit Rohrubin, leicht verstellbar, verleiht jedem Outfit nat\u00fcrlichen Charme und Eleganz.","og_url":"https:\/\/spiritdust.pl\/de\/produkt\/kupfer-pilzring-mit-rohem-rubin-groesse-18\/","og_site_name":"Spirit Dust","article_publisher":"https:\/\/www.facebook.com\/spiritdustmj\/","article_modified_time":"2026-05-09T06:49:58+00:00","og_image":[{"width":1088,"height":1080,"url":"https:\/\/spiritdust.pl\/wp-content\/uploads\/2026\/01\/DSC06028.jpg","type":"image\/jpeg"}],"twitter_card":"summary_large_image","twitter_misc":{"Gesch\u00e4tzte Lesezeit":"2\u00a0Minuten"},"schema":{"@context":"https:\/\/schema.org","@graph":[{"@type":"WebPage","@id":"https:\/\/spiritdust.pl\/de\/produkt\/kupfer-pilzring-mit-rohem-rubin-groesse-18\/","url":"https:\/\/spiritdust.pl\/de\/produkt\/kupfer-pilzring-mit-rohem-rubin-groesse-18\/","name":"Kupfer-Pilzring mit rohem Rubin - Gr\u00f6\u00dfe 18. - Spirit Dust","isPartOf":{"@id":"https:\/\/green-chough-870564.hostingersite.com\/#website"},"primaryImageOfPage":{"@id":"https:\/\/spiritdust.pl\/de\/produkt\/kupfer-pilzring-mit-rohem-rubin-groesse-18\/#primaryimage"},"image":{"@id":"https:\/\/spiritdust.pl\/de\/produkt\/kupfer-pilzring-mit-rohem-rubin-groesse-18\/#primaryimage"},"thumbnailUrl":"https:\/\/spiritdust.pl\/wp-content\/uploads\/2026\/01\/DSC06028.jpg","datePublished":"2026-01-26T09:20:25+00:00","dateModified":"2026-05-09T06:49:58+00:00","description":"Einzigartiger Kupferring im Pilzdesign mit Rohrubin, leicht verstellbar, verleiht jedem Outfit nat\u00fcrlichen Charme und Eleganz.","breadcrumb":{"@id":"https:\/\/spiritdust.pl\/de\/produkt\/kupfer-pilzring-mit-rohem-rubin-groesse-18\/#breadcrumb"},"inLanguage":"de","potentialAction":[{"@type":"ReadAction","target":["https:\/\/spiritdust.pl\/de\/produkt\/kupfer-pilzring-mit-rohem-rubin-groesse-18\/"]}]},{"@type":"ImageObject","inLanguage":"de","@id":"https:\/\/spiritdust.pl\/de\/produkt\/kupfer-pilzring-mit-rohem-rubin-groesse-18\/#primaryimage","url":"https:\/\/spiritdust.pl\/wp-content\/uploads\/2026\/01\/DSC06028.jpg","contentUrl":"https:\/\/spiritdust.pl\/wp-content\/uploads\/2026\/01\/DSC06028.jpg","width":1088,"height":1080},{"@type":"BreadcrumbList","@id":"https:\/\/spiritdust.pl\/de\/produkt\/kupfer-pilzring-mit-rohem-rubin-groesse-18\/#breadcrumb","itemListElement":[{"@type":"ListItem","position":1,"name":"Strona g\u0142\u00f3wna","item":"https:\/\/spiritdust.pl\/de\/spirit-dust-schmuck-aus-kupfer-silber-und-natursteinen\/"},{"@type":"ListItem","position":2,"name":"Shop","item":"https:\/\/green-chough-870564.hostingersite.com\/shop\/"},{"@type":"ListItem","position":3,"name":"Kupfer-Pilzring mit rohem Rubin &#8211; Gr\u00f6\u00dfe 18."}]},{"@type":"WebSite","@id":"https:\/\/green-chough-870564.hostingersite.com\/#website","url":"https:\/\/green-chough-870564.hostingersite.com\/","name":"Spirit Dust","description":"Bi\u017cuteria z Miedzi, Srebra i Kamieni Naturalnych","publisher":{"@id":"https:\/\/green-chough-870564.hostingersite.com\/#organization"},"potentialAction":[{"@type":"SearchAction","target":{"@type":"EntryPoint","urlTemplate":"https:\/\/green-chough-870564.hostingersite.com\/?s={search_term_string}"},"query-input":{"@type":"PropertyValueSpecification","valueRequired":true,"valueName":"search_term_string"}}],"inLanguage":"de"},{"@type":"Organization","@id":"https:\/\/green-chough-870564.hostingersite.com\/#organization","name":"Geisterstaub","url":"https:\/\/green-chough-870564.hostingersite.com\/","logo":{"@type":"ImageObject","inLanguage":"de","@id":"https:\/\/green-chough-870564.hostingersite.com\/#\/schema\/logo\/image\/","url":"https:\/\/spiritdust.pl\/wp-content\/uploads\/2026\/01\/logo-sd.png","contentUrl":"https:\/\/spiritdust.pl\/wp-content\/uploads\/2026\/01\/logo-sd.png","width":251,"height":368,"caption":"Geisterstaub"},"image":{"@id":"https:\/\/green-chough-870564.hostingersite.com\/#\/schema\/logo\/image\/"},"sameAs":["https:\/\/www.facebook.com\/spiritdustmj\/","https:\/\/instagram.com\/spirit__dust"]}]}},"_links":{"self":[{"href":"https:\/\/spiritdust.pl\/de\/wp-json\/wp\/v2\/product\/2651","targetHints":{"allow":["GET"]}}],"collection":[{"href":"https:\/\/spiritdust.pl\/de\/wp-json\/wp\/v2\/product"}],"about":[{"href":"https:\/\/spiritdust.pl\/de\/wp-json\/wp\/v2\/types\/product"}],"version-history":[{"count":1,"href":"https:\/\/spiritdust.pl\/de\/wp-json\/wp\/v2\/product\/2651\/revisions"}],"predecessor-version":[{"id":7147,"href":"https:\/\/spiritdust.pl\/de\/wp-json\/wp\/v2\/product\/2651\/revisions\/7147"}],"wp:featuredmedia":[{"embeddable":true,"href":"https:\/\/spiritdust.pl\/de\/wp-json\/wp\/v2\/media\/7079"}],"wp:attachment":[{"href":"https:\/\/spiritdust.pl\/de\/wp-json\/wp\/v2\/media?parent=2651"}],"wp:term":[{"taxonomy":"product_brand","embeddable":true,"href":"https:\/\/spiritdust.pl\/de\/wp-json\/wp\/v2\/product_brand?post=2651"},{"taxonomy":"product_cat","embeddable":true,"href":"https:\/\/spiritdust.pl\/de\/wp-json\/wp\/v2\/product_cat?post=2651"},{"taxonomy":"product_tag","embeddable":true,"href":"https:\/\/spiritdust.pl\/de\/wp-json\/wp\/v2\/product_tag?post=2651"}],"curies":[{"name":"wp","href":"https:\/\/api.w.org\/{rel}","templated":true}]}}