{"id":2775,"date":"2026-01-26T09:20:25","date_gmt":"2026-01-26T09:20:25","guid":{"rendered":"https:\/\/spiritdust.pl\/produkt\/silbernacht-halskette-eichhoernchen-unter-sternen\/"},"modified":"2026-01-26T09:20:25","modified_gmt":"2026-01-26T09:20:25","slug":"silbernacht-halskette-eichhoernchen-unter-sternen","status":"publish","type":"product","link":"https:\/\/spiritdust.pl\/de\/produkt\/silbernacht-halskette-eichhoernchen-unter-sternen\/","title":{"rendered":"Silbernacht-Halskette: Eichh\u00f6rnchen unter Sternen"},"content":{"rendered":"<div class=\"flex-1 overflow-hidden\">\n<div class=\"react-scroll-to-bottom--css-occsb-79elbk h-full\">\n<div class=\"react-scroll-to-bottom--css-occsb-1n7m0yu\">\n<div class=\"flex flex-col text-sm pb-9\">\n<div class=\"w-full text-token-text-primary\" dir=\"auto\" data-testid=\"conversation-turn-9\">\n<div class=\"px-4 py-2 justify-center text-base md:gap-6 m-auto\">\n<div class=\"flex flex-1 text-base mx-auto gap-3 juice:gap-4 juice:md:gap-6 md:px-5 lg:px-1 xl:px-5 md:max-w-3xl lg:max-w-[40rem] xl:max-w-[48rem] group final-completion\">\n<div class=\"relative flex w-full flex-col agent-turn\">\n<div class=\"flex-col gap-1 md:gap-3\">\n<div class=\"flex flex-grow flex-col max-w-full\">\n<div class=\"min-h-[20px] text-message flex flex-col items-start gap-3 whitespace-pre-wrap break-words [.text-message+&amp;]:mt-5 overflow-x-auto\" dir=\"auto\" data-message-author-role=\"assistant\" data-message-id=\"30541e44-f1f3-4bd2-8e30-509419f31451\">\n<div class=\"markdown prose w-full break-words dark:prose-invert dark\">\n<p><strong>Halskette &#8222;Silberne Nacht\u201e mit schlafendem Eichh\u00f6rnchen-Motiv<\/strong><\/p>\n<p>Tauche ein in den mystischen Charme des Nachthimmels mit unserer Halskette &#8222;Silberne Nacht\u201e. Ihre Einzigartigkeit entsteht durch die Kombination von Silber mit dem blauen Schimmer des Labradorits und zarten Motiven, die sich auf die n\u00e4chtliche Szenerie beziehen. <\/p>\n<p>Im Mittelpunkt der Halskette befindet sich ein Labradoritstein, der bei unterschiedlichem Licht mit blauen, \u00fcberirdischen Reflexen schimmert. Labradorit, bekannt f\u00fcr seine sch\u00fctzenden Eigenschaften und inspirierende Energie, verleiht dieser einzigartigen Halskette Tiefe und Geheimnis. <\/p>\n<p>Das Motiv eines schlafenden Eichh\u00f6rnchens, zart auf die Oberfl\u00e4che des Silbermedaillons graviert, verleiht der Halskette Charme und Ruhe. Das Eichh\u00f6rnchen, das Harmonie mit der Natur und einen Moment der Stille symbolisiert, harmoniert perfekt mit dem mystischen Glanz des Labradorits. <\/p>\n<p>Rund um das Medaillon sind silberne Sterne verstreut, die dem Ganzen Magie und Romantik verleihen.<\/p>\n<p>Diese Halskette wird nicht nur deinen Hals schm\u00fccken, sondern dir auch ein Gef\u00fchl von Ruhe und Geborgenheit schenken, wenn du in ihre mystische Sch\u00f6nheit eintauchst.<\/p>\n<\/div>\n<\/div>\n<\/div>\n<\/div>\n<\/div>\n<\/div>\n<\/div>\n<\/div>\n<\/div>\n<\/div>\n<\/div>\n<\/div>\n","protected":false},"excerpt":{"rendered":"<div class=\"flex-1 overflow-hidden\">\n<div class=\"react-scroll-to-bottom--css-gpzpe-79elbk h-full\">\n<div class=\"react-scroll-to-bottom--css-gpzpe-1n7m0yu\">\n<div class=\"flex flex-col text-sm gizmo:pb-9 dark:bg-gray-800 gizmo:dark:bg-transparent\">\n<div class=\"w-full text-token-text-primary border-b border-black\/10 gizmo:border-0 dark:border-gray-900\/50 gizmo:dark:border-0 bg-gray-50 gizmo:bg-transparent dark:bg-[#444654] gizmo:dark:bg-transparent\" data-testid=\"conversation-turn-5\">\n<div class=\"p-4 gizmo:py-2 justify-center text-base md:gap-6 md:py-6 m-auto\">\n<div class=\"flex flex-1 gap-4 text-base mx-auto md:gap-6 gizmo:gap-3 gizmo:md:px-5 gizmo:lg:px-1 gizmo:xl:px-5 md:max-w-2xl lg:max-w-[38rem] gizmo:md:max-w-3xl gizmo:lg:max-w-[40rem] gizmo:xl:max-w-[48rem] xl:max-w-3xl } group final-completion\">\n<div class=\"relative flex w-[calc(100%-50px)] flex-col gizmo:w-full lg:w-[calc(100%-115px)] agent-turn\">\n<div class=\"flex-col gap-1 md:gap-3\">\n<div class=\"flex flex-grow flex-col max-w-full gap-3 gizmo:gap-0\">\n<div class=\"min-h-[20px] text-message flex flex-col items-start gap-3 whitespace-pre-wrap break-words [.text-message+&amp;]:mt-5 overflow-x-auto\" data-message-author-role=\"assistant\" data-message-id=\"1b122955-23be-4dd9-98ec-1a093db6e5d7\">\n<div class=\"markdown prose w-full break-words dark:prose-invert dark\">\n<p>Diese bezaubernde Silberkette vereint Eleganz und den Charme der Natur. Der Anh\u00e4nger mit einem subtil schimmernden Labradorit zeigt ein schlafendes Eichh\u00f6rnchen, das friedlich unter dem Sternenhimmel schlummert. Zarte sternf\u00f6rmige Ausschnitte verleihen ihm einen einzigartigen Reiz. Dies ist der ideale Schmuck f\u00fcr Naturliebhaber und Liebhaber magischer Nachtlandschaften.   <\/p>\n<p>&nbsp;<\/p>\n<\/div>\n<\/div>\n<\/div>\n<\/div>\n<\/div>\n<\/div>\n<\/div>\n<\/div>\n<\/div>\n<\/div>\n<\/div>\n<\/div>\n<p><em><span class=\"s1\">925er Sterlingsilber<\/span><\/em><\/p>\n<p><em><span class=\"s1\">Silbergewicht: <\/span><\/em><span class=\"s1\">11,22<\/span><span class=\"s1\"> g<\/span><\/p>\n<p><em><span class=\"s1\">Ma\u00dfe des Anh\u00e4ngers: <\/span><\/em><span class=\"s1\">4<\/span> cm x 2,5 cm<\/p>\n<p><em>Ma\u00dfe des Steins: <\/em>16 x 10 mm<\/p>\n<p><em><span class=\"s1\">Kettenl\u00e4nge:<\/span><\/em><span class=\"s1\"> ca. 45 cm<\/span><\/p>\n<p>&nbsp;<\/p>\n<p class=\"p1\">Ich verpacke den Schmuck in einer dekorativen Schachtel und lege jeder Bestellung einen Beutel sowie zuf\u00e4llige Aufkleber als Geschenk bei. \u2728<\/p>\n","protected":false},"featured_media":2776,"template":"","meta":{"inline_featured_image":false},"product_brand":[],"product_cat":[167,256],"product_tag":[210,199],"class_list":{"0":"post-2775","1":"product","2":"type-product","3":"status-publish","4":"has-post-thumbnail","6":"product_cat-schmuck","7":"product_cat-silberketten","8":"product_tag-labradorit","9":"product_tag-silber","11":"first","12":"instock","13":"sale","14":"taxable","15":"shipping-taxable","16":"purchasable","17":"product-type-simple"},"yoast_head":"<!-- This site is optimized with the Yoast SEO plugin v27.5 - https:\/\/yoast.com\/product\/yoast-seo-wordpress\/ -->\n<title>Silbernacht-Halskette: Eichh\u00f6rnchen unter Sternen - Spirit Dust<\/title>\n<meta name=\"description\" content=\"Entdecke die Harmonie von Natur und Himmel in unserer silbernen Halskette mit Labradorit, subtil verziert mit einem schlafenden Eichh\u00f6rnchen-Motiv und zarten Sternen.\" \/>\n<meta name=\"robots\" content=\"index, follow, max-snippet:-1, max-image-preview:large, max-video-preview:-1\" \/>\n<link rel=\"canonical\" href=\"https:\/\/spiritdust.pl\/de\/produkt\/silbernacht-halskette-eichhoernchen-unter-sternen\/\" \/>\n<meta property=\"og:locale\" content=\"de_DE\" \/>\n<meta property=\"og:type\" content=\"article\" \/>\n<meta property=\"og:title\" content=\"Silbernacht-Halskette: Eichh\u00f6rnchen unter Sternen - Spirit Dust\" \/>\n<meta property=\"og:description\" content=\"Entdecke die Harmonie von Natur und Himmel in unserer silbernen Halskette mit Labradorit, subtil verziert mit einem schlafenden Eichh\u00f6rnchen-Motiv und zarten Sternen.\" \/>\n<meta property=\"og:url\" content=\"https:\/\/spiritdust.pl\/de\/produkt\/silbernacht-halskette-eichhoernchen-unter-sternen\/\" \/>\n<meta property=\"og:site_name\" content=\"Spirit Dust\" \/>\n<meta property=\"article:publisher\" content=\"https:\/\/www.facebook.com\/spiritdustmj\/\" \/>\n<meta property=\"og:image\" content=\"https:\/\/spiritdust.pl\/wp-content\/uploads\/2026\/01\/DSC05659.jpg\" \/>\n\t<meta property=\"og:image:width\" content=\"1088\" \/>\n\t<meta property=\"og:image:height\" content=\"1080\" \/>\n\t<meta property=\"og:image:type\" content=\"image\/jpeg\" \/>\n<meta name=\"twitter:card\" content=\"summary_large_image\" \/>\n<meta name=\"twitter:label1\" content=\"Gesch\u00e4tzte Lesezeit\" \/>\n\t<meta name=\"twitter:data1\" content=\"1\u00a0Minute\" \/>\n<script type=\"application\/ld+json\" class=\"yoast-schema-graph\">{\"@context\":\"https:\\\/\\\/schema.org\",\"@graph\":[{\"@type\":\"WebPage\",\"@id\":\"https:\\\/\\\/spiritdust.pl\\\/de\\\/produkt\\\/silbernacht-halskette-eichhoernchen-unter-sternen\\\/\",\"url\":\"https:\\\/\\\/spiritdust.pl\\\/de\\\/produkt\\\/silbernacht-halskette-eichhoernchen-unter-sternen\\\/\",\"name\":\"Silbernacht-Halskette: Eichh\u00f6rnchen unter Sternen - Spirit Dust\",\"isPartOf\":{\"@id\":\"https:\\\/\\\/green-chough-870564.hostingersite.com\\\/#website\"},\"primaryImageOfPage\":{\"@id\":\"https:\\\/\\\/spiritdust.pl\\\/de\\\/produkt\\\/silbernacht-halskette-eichhoernchen-unter-sternen\\\/#primaryimage\"},\"image\":{\"@id\":\"https:\\\/\\\/spiritdust.pl\\\/de\\\/produkt\\\/silbernacht-halskette-eichhoernchen-unter-sternen\\\/#primaryimage\"},\"thumbnailUrl\":\"https:\\\/\\\/spiritdust.pl\\\/wp-content\\\/uploads\\\/2026\\\/01\\\/DSC05659.jpg\",\"datePublished\":\"2026-01-26T09:20:25+00:00\",\"description\":\"Entdecke die Harmonie von Natur und Himmel in unserer silbernen Halskette mit Labradorit, subtil verziert mit einem schlafenden Eichh\u00f6rnchen-Motiv und zarten Sternen.\",\"breadcrumb\":{\"@id\":\"https:\\\/\\\/spiritdust.pl\\\/de\\\/produkt\\\/silbernacht-halskette-eichhoernchen-unter-sternen\\\/#breadcrumb\"},\"inLanguage\":\"de\",\"potentialAction\":[{\"@type\":\"ReadAction\",\"target\":[\"https:\\\/\\\/spiritdust.pl\\\/de\\\/produkt\\\/silbernacht-halskette-eichhoernchen-unter-sternen\\\/\"]}]},{\"@type\":\"ImageObject\",\"inLanguage\":\"de\",\"@id\":\"https:\\\/\\\/spiritdust.pl\\\/de\\\/produkt\\\/silbernacht-halskette-eichhoernchen-unter-sternen\\\/#primaryimage\",\"url\":\"https:\\\/\\\/spiritdust.pl\\\/wp-content\\\/uploads\\\/2026\\\/01\\\/DSC05659.jpg\",\"contentUrl\":\"https:\\\/\\\/spiritdust.pl\\\/wp-content\\\/uploads\\\/2026\\\/01\\\/DSC05659.jpg\",\"width\":1088,\"height\":1080},{\"@type\":\"BreadcrumbList\",\"@id\":\"https:\\\/\\\/spiritdust.pl\\\/de\\\/produkt\\\/silbernacht-halskette-eichhoernchen-unter-sternen\\\/#breadcrumb\",\"itemListElement\":[{\"@type\":\"ListItem\",\"position\":1,\"name\":\"Strona g\u0142\u00f3wna\",\"item\":\"https:\\\/\\\/spiritdust.pl\\\/de\\\/spirit-dust-schmuck-aus-kupfer-silber-und-natursteinen\\\/\"},{\"@type\":\"ListItem\",\"position\":2,\"name\":\"Shop\",\"item\":\"https:\\\/\\\/green-chough-870564.hostingersite.com\\\/shop\\\/\"},{\"@type\":\"ListItem\",\"position\":3,\"name\":\"Silbernacht-Halskette: Eichh\u00f6rnchen unter Sternen\"}]},{\"@type\":\"WebSite\",\"@id\":\"https:\\\/\\\/green-chough-870564.hostingersite.com\\\/#website\",\"url\":\"https:\\\/\\\/green-chough-870564.hostingersite.com\\\/\",\"name\":\"Spirit Dust\",\"description\":\"Bi\u017cuteria z Miedzi, Srebra i Kamieni Naturalnych\",\"publisher\":{\"@id\":\"https:\\\/\\\/green-chough-870564.hostingersite.com\\\/#organization\"},\"potentialAction\":[{\"@type\":\"SearchAction\",\"target\":{\"@type\":\"EntryPoint\",\"urlTemplate\":\"https:\\\/\\\/green-chough-870564.hostingersite.com\\\/?s={search_term_string}\"},\"query-input\":{\"@type\":\"PropertyValueSpecification\",\"valueRequired\":true,\"valueName\":\"search_term_string\"}}],\"inLanguage\":\"de\"},{\"@type\":\"Organization\",\"@id\":\"https:\\\/\\\/green-chough-870564.hostingersite.com\\\/#organization\",\"name\":\"Geisterstaub\",\"url\":\"https:\\\/\\\/green-chough-870564.hostingersite.com\\\/\",\"logo\":{\"@type\":\"ImageObject\",\"inLanguage\":\"de\",\"@id\":\"https:\\\/\\\/green-chough-870564.hostingersite.com\\\/#\\\/schema\\\/logo\\\/image\\\/\",\"url\":\"https:\\\/\\\/spiritdust.pl\\\/wp-content\\\/uploads\\\/2026\\\/01\\\/logo-sd.png\",\"contentUrl\":\"https:\\\/\\\/spiritdust.pl\\\/wp-content\\\/uploads\\\/2026\\\/01\\\/logo-sd.png\",\"width\":251,\"height\":368,\"caption\":\"Geisterstaub\"},\"image\":{\"@id\":\"https:\\\/\\\/green-chough-870564.hostingersite.com\\\/#\\\/schema\\\/logo\\\/image\\\/\"},\"sameAs\":[\"https:\\\/\\\/www.facebook.com\\\/spiritdustmj\\\/\",\"https:\\\/\\\/instagram.com\\\/spirit__dust\"]}]}<\/script>\n<!-- \/ Yoast SEO plugin. -->","yoast_head_json":{"title":"Silbernacht-Halskette: Eichh\u00f6rnchen unter Sternen - Spirit Dust","description":"Entdecke die Harmonie von Natur und Himmel in unserer silbernen Halskette mit Labradorit, subtil verziert mit einem schlafenden Eichh\u00f6rnchen-Motiv und zarten Sternen.","robots":{"index":"index","follow":"follow","max-snippet":"max-snippet:-1","max-image-preview":"max-image-preview:large","max-video-preview":"max-video-preview:-1"},"canonical":"https:\/\/spiritdust.pl\/de\/produkt\/silbernacht-halskette-eichhoernchen-unter-sternen\/","og_locale":"de_DE","og_type":"article","og_title":"Silbernacht-Halskette: Eichh\u00f6rnchen unter Sternen - Spirit Dust","og_description":"Entdecke die Harmonie von Natur und Himmel in unserer silbernen Halskette mit Labradorit, subtil verziert mit einem schlafenden Eichh\u00f6rnchen-Motiv und zarten Sternen.","og_url":"https:\/\/spiritdust.pl\/de\/produkt\/silbernacht-halskette-eichhoernchen-unter-sternen\/","og_site_name":"Spirit Dust","article_publisher":"https:\/\/www.facebook.com\/spiritdustmj\/","og_image":[{"width":1088,"height":1080,"url":"https:\/\/spiritdust.pl\/wp-content\/uploads\/2026\/01\/DSC05659.jpg","type":"image\/jpeg"}],"twitter_card":"summary_large_image","twitter_misc":{"Gesch\u00e4tzte Lesezeit":"1\u00a0Minute"},"schema":{"@context":"https:\/\/schema.org","@graph":[{"@type":"WebPage","@id":"https:\/\/spiritdust.pl\/de\/produkt\/silbernacht-halskette-eichhoernchen-unter-sternen\/","url":"https:\/\/spiritdust.pl\/de\/produkt\/silbernacht-halskette-eichhoernchen-unter-sternen\/","name":"Silbernacht-Halskette: Eichh\u00f6rnchen unter Sternen - Spirit Dust","isPartOf":{"@id":"https:\/\/green-chough-870564.hostingersite.com\/#website"},"primaryImageOfPage":{"@id":"https:\/\/spiritdust.pl\/de\/produkt\/silbernacht-halskette-eichhoernchen-unter-sternen\/#primaryimage"},"image":{"@id":"https:\/\/spiritdust.pl\/de\/produkt\/silbernacht-halskette-eichhoernchen-unter-sternen\/#primaryimage"},"thumbnailUrl":"https:\/\/spiritdust.pl\/wp-content\/uploads\/2026\/01\/DSC05659.jpg","datePublished":"2026-01-26T09:20:25+00:00","description":"Entdecke die Harmonie von Natur und Himmel in unserer silbernen Halskette mit Labradorit, subtil verziert mit einem schlafenden Eichh\u00f6rnchen-Motiv und zarten Sternen.","breadcrumb":{"@id":"https:\/\/spiritdust.pl\/de\/produkt\/silbernacht-halskette-eichhoernchen-unter-sternen\/#breadcrumb"},"inLanguage":"de","potentialAction":[{"@type":"ReadAction","target":["https:\/\/spiritdust.pl\/de\/produkt\/silbernacht-halskette-eichhoernchen-unter-sternen\/"]}]},{"@type":"ImageObject","inLanguage":"de","@id":"https:\/\/spiritdust.pl\/de\/produkt\/silbernacht-halskette-eichhoernchen-unter-sternen\/#primaryimage","url":"https:\/\/spiritdust.pl\/wp-content\/uploads\/2026\/01\/DSC05659.jpg","contentUrl":"https:\/\/spiritdust.pl\/wp-content\/uploads\/2026\/01\/DSC05659.jpg","width":1088,"height":1080},{"@type":"BreadcrumbList","@id":"https:\/\/spiritdust.pl\/de\/produkt\/silbernacht-halskette-eichhoernchen-unter-sternen\/#breadcrumb","itemListElement":[{"@type":"ListItem","position":1,"name":"Strona g\u0142\u00f3wna","item":"https:\/\/spiritdust.pl\/de\/spirit-dust-schmuck-aus-kupfer-silber-und-natursteinen\/"},{"@type":"ListItem","position":2,"name":"Shop","item":"https:\/\/green-chough-870564.hostingersite.com\/shop\/"},{"@type":"ListItem","position":3,"name":"Silbernacht-Halskette: Eichh\u00f6rnchen unter Sternen"}]},{"@type":"WebSite","@id":"https:\/\/green-chough-870564.hostingersite.com\/#website","url":"https:\/\/green-chough-870564.hostingersite.com\/","name":"Spirit Dust","description":"Bi\u017cuteria z Miedzi, Srebra i Kamieni Naturalnych","publisher":{"@id":"https:\/\/green-chough-870564.hostingersite.com\/#organization"},"potentialAction":[{"@type":"SearchAction","target":{"@type":"EntryPoint","urlTemplate":"https:\/\/green-chough-870564.hostingersite.com\/?s={search_term_string}"},"query-input":{"@type":"PropertyValueSpecification","valueRequired":true,"valueName":"search_term_string"}}],"inLanguage":"de"},{"@type":"Organization","@id":"https:\/\/green-chough-870564.hostingersite.com\/#organization","name":"Geisterstaub","url":"https:\/\/green-chough-870564.hostingersite.com\/","logo":{"@type":"ImageObject","inLanguage":"de","@id":"https:\/\/green-chough-870564.hostingersite.com\/#\/schema\/logo\/image\/","url":"https:\/\/spiritdust.pl\/wp-content\/uploads\/2026\/01\/logo-sd.png","contentUrl":"https:\/\/spiritdust.pl\/wp-content\/uploads\/2026\/01\/logo-sd.png","width":251,"height":368,"caption":"Geisterstaub"},"image":{"@id":"https:\/\/green-chough-870564.hostingersite.com\/#\/schema\/logo\/image\/"},"sameAs":["https:\/\/www.facebook.com\/spiritdustmj\/","https:\/\/instagram.com\/spirit__dust"]}]}},"_links":{"self":[{"href":"https:\/\/spiritdust.pl\/de\/wp-json\/wp\/v2\/product\/2775","targetHints":{"allow":["GET"]}}],"collection":[{"href":"https:\/\/spiritdust.pl\/de\/wp-json\/wp\/v2\/product"}],"about":[{"href":"https:\/\/spiritdust.pl\/de\/wp-json\/wp\/v2\/types\/product"}],"version-history":[{"count":0,"href":"https:\/\/spiritdust.pl\/de\/wp-json\/wp\/v2\/product\/2775\/revisions"}],"wp:featuredmedia":[{"embeddable":true,"href":"https:\/\/spiritdust.pl\/de\/wp-json\/wp\/v2\/media\/2776"}],"wp:attachment":[{"href":"https:\/\/spiritdust.pl\/de\/wp-json\/wp\/v2\/media?parent=2775"}],"wp:term":[{"taxonomy":"product_brand","embeddable":true,"href":"https:\/\/spiritdust.pl\/de\/wp-json\/wp\/v2\/product_brand?post=2775"},{"taxonomy":"product_cat","embeddable":true,"href":"https:\/\/spiritdust.pl\/de\/wp-json\/wp\/v2\/product_cat?post=2775"},{"taxonomy":"product_tag","embeddable":true,"href":"https:\/\/spiritdust.pl\/de\/wp-json\/wp\/v2\/product_tag?post=2775"}],"curies":[{"name":"wp","href":"https:\/\/api.w.org\/{rel}","templated":true}]}}