{"id":2795,"date":"2026-01-26T09:20:25","date_gmt":"2026-01-26T09:20:25","guid":{"rendered":"https:\/\/spiritdust.pl\/produkt\/opal-traum-silberkette-mit-schlafendem-baerenmotiv\/"},"modified":"2026-01-26T09:20:25","modified_gmt":"2026-01-26T09:20:25","slug":"opal-traum-silberkette-mit-schlafendem-baerenmotiv","status":"publish","type":"product","link":"https:\/\/spiritdust.pl\/de\/produkt\/opal-traum-silberkette-mit-schlafendem-baerenmotiv\/","title":{"rendered":"Opal-Traum: Silberkette mit schlafendem B\u00e4renmotiv"},"content":{"rendered":"<div class=\"flex-1 overflow-hidden\">\n<div class=\"react-scroll-to-bottom--css-occsb-79elbk h-full\">\n<div class=\"react-scroll-to-bottom--css-occsb-1n7m0yu\">\n<div class=\"flex flex-col text-sm pb-9\">\n<div class=\"w-full text-token-text-primary\" dir=\"auto\" data-testid=\"conversation-turn-9\">\n<div class=\"px-4 py-2 justify-center text-base md:gap-6 m-auto\">\n<div class=\"flex flex-1 text-base mx-auto gap-3 juice:gap-4 juice:md:gap-6 md:px-5 lg:px-1 xl:px-5 md:max-w-3xl lg:max-w-[40rem] xl:max-w-[48rem] group final-completion\">\n<div class=\"relative flex w-full flex-col agent-turn\">\n<div class=\"flex-col gap-1 md:gap-3\">\n<div class=\"flex flex-grow flex-col max-w-full\">\n<div class=\"min-h-[20px] text-message flex flex-col items-start gap-3 whitespace-pre-wrap break-words [.text-message+&amp;]:mt-5 overflow-x-auto\" dir=\"auto\" data-message-author-role=\"assistant\" data-message-id=\"30541e44-f1f3-4bd2-8e30-509419f31451\">\n<div class=\"markdown prose w-full break-words dark:prose-invert dark\">\n<p>Tauche ein in die Magie des Nachthimmels mit unserer einzigartigen Halskette &#8222;Opal-Traum\u201e. Gefertigt aus hochwertigem Silber, besticht diese bezaubernde Halskette nicht nur durch ihr sch\u00f6nes Design, sondern auch durch die au\u00dfergew\u00f6hnliche Energie des Opalsteins aus Australien. <\/p>\n<p>Das zentrale Element der Halskette ist ein kunstvoll gefertigtes Motiv eines schlafenden B\u00e4ren, das Ruhe und unbeschwerte Momente der Entspannung symbolisiert. Es ist umgeben von zarten Sternen und einem silbernen Mond, die ein einzigartiges Bild einer magischen Nacht schaffen. <\/p>\n<p>Der australische Opal, im Herzen der Halskette platziert, strahlt Subtilit\u00e4t und einen geheimnisvollen Glanz aus, der an die unerforschten Tiefen des Kosmos erinnert. Seine nat\u00fcrliche Sch\u00f6nheit macht jede Halskette einzigartig, \u00e4hnlich den Sternen am Nachthimmel. <\/p>\n<p><strong>Australischer Opal<\/strong> &#8211; ist ein Juwel, das nicht nur durch sein au\u00dfergew\u00f6hnliches Farbenspiel begeistert, sondern auch das Geheimnis ferner Welten in sich tr\u00e4gt. Seine Farben schimmern von zarten Pastellt\u00f6nen bis zu intensiven Nuancen und erzeugen einen einzigartigen Lichttanz. Es ist ein Stein, der Fantasie, Intuition und Inspiration symbolisiert. Seine au\u00dfergew\u00f6hnliche Energie verbindet Himmel und Erde und entf\u00fchrt uns in eine magische Welt der Tr\u00e4ume und Hoffnungen.   <\/p>\n<p>Diese Halskette erg\u00e4nzt nicht nur perfekt deine Schmucksammlung, sondern ist auch ein au\u00dfergew\u00f6hnliches Geschenk f\u00fcr alle, die Einzigartigkeit und die Magie des Nachthimmels sch\u00e4tzen.<\/p>\n<\/div>\n<\/div>\n<\/div>\n<\/div>\n<\/div>\n<\/div>\n<\/div>\n<\/div>\n<\/div>\n<\/div>\n<\/div>\n<\/div>\n","protected":false},"excerpt":{"rendered":"<div class=\"flex-1 overflow-hidden\">\n<div class=\"react-scroll-to-bottom--css-gpzpe-79elbk h-full\">\n<div class=\"react-scroll-to-bottom--css-gpzpe-1n7m0yu\">\n<div class=\"flex flex-col text-sm gizmo:pb-9 dark:bg-gray-800 gizmo:dark:bg-transparent\">\n<div class=\"w-full text-token-text-primary border-b border-black\/10 gizmo:border-0 dark:border-gray-900\/50 gizmo:dark:border-0 bg-gray-50 gizmo:bg-transparent dark:bg-[#444654] gizmo:dark:bg-transparent\" data-testid=\"conversation-turn-5\">\n<div class=\"p-4 gizmo:py-2 justify-center text-base md:gap-6 md:py-6 m-auto\">\n<div class=\"flex flex-1 gap-4 text-base mx-auto md:gap-6 gizmo:gap-3 gizmo:md:px-5 gizmo:lg:px-1 gizmo:xl:px-5 md:max-w-2xl lg:max-w-[38rem] gizmo:md:max-w-3xl gizmo:lg:max-w-[40rem] gizmo:xl:max-w-[48rem] xl:max-w-3xl } group final-completion\">\n<div class=\"relative flex w-[calc(100%-50px)] flex-col gizmo:w-full lg:w-[calc(100%-115px)] agent-turn\">\n<div class=\"flex-col gap-1 md:gap-3\">\n<div class=\"flex flex-grow flex-col max-w-full gap-3 gizmo:gap-0\">\n<div class=\"min-h-[20px] text-message flex flex-col items-start gap-3 whitespace-pre-wrap break-words [.text-message+&amp;]:mt-5 overflow-x-auto\" data-message-author-role=\"assistant\" data-message-id=\"1b122955-23be-4dd9-98ec-1a093db6e5d7\">\n<div class=\"markdown prose w-full break-words dark:prose-invert dark\">\n<p>&#8222;Halskette Opal-Traum\u201e ist eine mystische Kombination aus Eleganz und dem Charme kindlicher Unschuld. Gefertigt aus 925er Sterlingsilber, pr\u00e4sentiert diese einzigartige Halskette einen wundersch\u00f6nen <strong>Australischen Opal<\/strong>, einen Stein mit magischer Aura und reichen Farben, die wie Flammen im Feuer schimmern. Dieser Opal gilt als Schutzstein, der Gl\u00fcck bringt und zu Tr\u00e4umen inspiriert. Seine au\u00dfergew\u00f6hnliche F\u00e4rbung erinnert an den Nachthimmel, was perfekt mit dem zarten Motiv des schlafenden B\u00e4ren, der Sterne und des Mondes harmoniert und dieser einzigartigen Halskette Magie und Charme verleiht. Erwecke deine n\u00e4chtlichen Tr\u00e4ume zum Leben mit dieser Halskette, die eine perfekte Erg\u00e4nzung f\u00fcr jedes Outfit sein wird und gleichzeitig eine Erinnerung an die Magie und Sch\u00f6nheit der Welt, die in deiner Reichweite liegt.    <\/p>\n<p>&nbsp;<\/p>\n<\/div>\n<\/div>\n<\/div>\n<\/div>\n<\/div>\n<\/div>\n<\/div>\n<\/div>\n<\/div>\n<\/div>\n<\/div>\n<\/div>\n<p><em><span class=\"s1\">925er Sterlingsilber<\/span><\/em><\/p>\n<p><em><span class=\"s1\">Silbergewicht: <\/span><\/em><span class=\"s1\">10,07<\/span><span class=\"s1\"> g<\/span><\/p>\n<p><em><span class=\"s1\">Anh\u00e4ngerma\u00dfe: <\/span><\/em><span class=\"s1\">4<\/span> cm x 2,5 cm<\/p>\n<p><em>Steinma\u00dfe: <\/em>10 x 7 mm<\/p>\n<p><em><span class=\"s1\">Kettenl\u00e4nge:<\/span><\/em><span class=\"s1\"> ca. 45 cm<\/span><\/p>\n<p>&nbsp;<\/p>\n<p class=\"p1\">Ich verpacke den Schmuck in einer dekorativen Schachtel und lege jeder Bestellung einen Beutel sowie zuf\u00e4llige Aufkleber als Geschenk bei. \u2728<\/p>\n","protected":false},"featured_media":2797,"template":"","meta":{"inline_featured_image":false},"product_brand":[],"product_cat":[167,256],"product_tag":[329,199],"class_list":{"0":"post-2795","1":"product","2":"type-product","3":"status-publish","4":"has-post-thumbnail","6":"product_cat-schmuck","7":"product_cat-silberketten","8":"product_tag-australischer-opal","9":"product_tag-silber","11":"first","12":"instock","13":"sale","14":"taxable","15":"shipping-taxable","16":"purchasable","17":"product-type-simple"},"yoast_head":"<!-- This site is optimized with the Yoast SEO plugin v27.5 - https:\/\/yoast.com\/product\/yoast-seo-wordpress\/ -->\n<title>Opal-Traum: Silberkette mit schlafendem B\u00e4renmotiv - Spirit Dust<\/title>\n<meta name=\"description\" content=\"Fange Tr\u00e4ume ein in einer Silberkette, verziert mit australischem Opal und einem bezaubernden Motiv aus schlafendem B\u00e4ren, Sternen und Mond.\" \/>\n<meta name=\"robots\" content=\"index, follow, max-snippet:-1, max-image-preview:large, max-video-preview:-1\" \/>\n<link rel=\"canonical\" href=\"https:\/\/spiritdust.pl\/de\/produkt\/opal-traum-silberkette-mit-schlafendem-baerenmotiv\/\" \/>\n<meta property=\"og:locale\" content=\"de_DE\" \/>\n<meta property=\"og:type\" content=\"article\" \/>\n<meta property=\"og:title\" content=\"Opal-Traum: Silberkette mit schlafendem B\u00e4renmotiv - Spirit Dust\" \/>\n<meta property=\"og:description\" content=\"Fange Tr\u00e4ume ein in einer Silberkette, verziert mit australischem Opal und einem bezaubernden Motiv aus schlafendem B\u00e4ren, Sternen und Mond.\" \/>\n<meta property=\"og:url\" content=\"https:\/\/spiritdust.pl\/de\/produkt\/opal-traum-silberkette-mit-schlafendem-baerenmotiv\/\" \/>\n<meta property=\"og:site_name\" content=\"Spirit Dust\" \/>\n<meta property=\"article:publisher\" content=\"https:\/\/www.facebook.com\/spiritdustmj\/\" \/>\n<meta property=\"og:image\" content=\"https:\/\/spiritdust.pl\/wp-content\/uploads\/2026\/01\/DSC05673.jpg\" \/>\n\t<meta property=\"og:image:width\" content=\"1088\" \/>\n\t<meta property=\"og:image:height\" content=\"1080\" \/>\n\t<meta property=\"og:image:type\" content=\"image\/jpeg\" \/>\n<meta name=\"twitter:card\" content=\"summary_large_image\" \/>\n<meta name=\"twitter:label1\" content=\"Gesch\u00e4tzte Lesezeit\" \/>\n\t<meta name=\"twitter:data1\" content=\"1\u00a0Minute\" \/>\n<script type=\"application\/ld+json\" class=\"yoast-schema-graph\">{\"@context\":\"https:\\\/\\\/schema.org\",\"@graph\":[{\"@type\":\"WebPage\",\"@id\":\"https:\\\/\\\/spiritdust.pl\\\/de\\\/produkt\\\/opal-traum-silberkette-mit-schlafendem-baerenmotiv\\\/\",\"url\":\"https:\\\/\\\/spiritdust.pl\\\/de\\\/produkt\\\/opal-traum-silberkette-mit-schlafendem-baerenmotiv\\\/\",\"name\":\"Opal-Traum: Silberkette mit schlafendem B\u00e4renmotiv - Spirit Dust\",\"isPartOf\":{\"@id\":\"https:\\\/\\\/green-chough-870564.hostingersite.com\\\/#website\"},\"primaryImageOfPage\":{\"@id\":\"https:\\\/\\\/spiritdust.pl\\\/de\\\/produkt\\\/opal-traum-silberkette-mit-schlafendem-baerenmotiv\\\/#primaryimage\"},\"image\":{\"@id\":\"https:\\\/\\\/spiritdust.pl\\\/de\\\/produkt\\\/opal-traum-silberkette-mit-schlafendem-baerenmotiv\\\/#primaryimage\"},\"thumbnailUrl\":\"https:\\\/\\\/spiritdust.pl\\\/wp-content\\\/uploads\\\/2026\\\/01\\\/DSC05673.jpg\",\"datePublished\":\"2026-01-26T09:20:25+00:00\",\"description\":\"Fange Tr\u00e4ume ein in einer Silberkette, verziert mit australischem Opal und einem bezaubernden Motiv aus schlafendem B\u00e4ren, Sternen und Mond.\",\"breadcrumb\":{\"@id\":\"https:\\\/\\\/spiritdust.pl\\\/de\\\/produkt\\\/opal-traum-silberkette-mit-schlafendem-baerenmotiv\\\/#breadcrumb\"},\"inLanguage\":\"de\",\"potentialAction\":[{\"@type\":\"ReadAction\",\"target\":[\"https:\\\/\\\/spiritdust.pl\\\/de\\\/produkt\\\/opal-traum-silberkette-mit-schlafendem-baerenmotiv\\\/\"]}]},{\"@type\":\"ImageObject\",\"inLanguage\":\"de\",\"@id\":\"https:\\\/\\\/spiritdust.pl\\\/de\\\/produkt\\\/opal-traum-silberkette-mit-schlafendem-baerenmotiv\\\/#primaryimage\",\"url\":\"https:\\\/\\\/spiritdust.pl\\\/wp-content\\\/uploads\\\/2026\\\/01\\\/DSC05673.jpg\",\"contentUrl\":\"https:\\\/\\\/spiritdust.pl\\\/wp-content\\\/uploads\\\/2026\\\/01\\\/DSC05673.jpg\",\"width\":1088,\"height\":1080},{\"@type\":\"BreadcrumbList\",\"@id\":\"https:\\\/\\\/spiritdust.pl\\\/de\\\/produkt\\\/opal-traum-silberkette-mit-schlafendem-baerenmotiv\\\/#breadcrumb\",\"itemListElement\":[{\"@type\":\"ListItem\",\"position\":1,\"name\":\"Strona g\u0142\u00f3wna\",\"item\":\"https:\\\/\\\/spiritdust.pl\\\/de\\\/spirit-dust-schmuck-aus-kupfer-silber-und-natursteinen\\\/\"},{\"@type\":\"ListItem\",\"position\":2,\"name\":\"Shop\",\"item\":\"https:\\\/\\\/green-chough-870564.hostingersite.com\\\/shop\\\/\"},{\"@type\":\"ListItem\",\"position\":3,\"name\":\"Opal-Traum: Silberkette mit schlafendem B\u00e4renmotiv\"}]},{\"@type\":\"WebSite\",\"@id\":\"https:\\\/\\\/green-chough-870564.hostingersite.com\\\/#website\",\"url\":\"https:\\\/\\\/green-chough-870564.hostingersite.com\\\/\",\"name\":\"Spirit Dust\",\"description\":\"Bi\u017cuteria z Miedzi, Srebra i Kamieni Naturalnych\",\"publisher\":{\"@id\":\"https:\\\/\\\/green-chough-870564.hostingersite.com\\\/#organization\"},\"potentialAction\":[{\"@type\":\"SearchAction\",\"target\":{\"@type\":\"EntryPoint\",\"urlTemplate\":\"https:\\\/\\\/green-chough-870564.hostingersite.com\\\/?s={search_term_string}\"},\"query-input\":{\"@type\":\"PropertyValueSpecification\",\"valueRequired\":true,\"valueName\":\"search_term_string\"}}],\"inLanguage\":\"de\"},{\"@type\":\"Organization\",\"@id\":\"https:\\\/\\\/green-chough-870564.hostingersite.com\\\/#organization\",\"name\":\"Geisterstaub\",\"url\":\"https:\\\/\\\/green-chough-870564.hostingersite.com\\\/\",\"logo\":{\"@type\":\"ImageObject\",\"inLanguage\":\"de\",\"@id\":\"https:\\\/\\\/green-chough-870564.hostingersite.com\\\/#\\\/schema\\\/logo\\\/image\\\/\",\"url\":\"https:\\\/\\\/spiritdust.pl\\\/wp-content\\\/uploads\\\/2026\\\/01\\\/logo-sd.png\",\"contentUrl\":\"https:\\\/\\\/spiritdust.pl\\\/wp-content\\\/uploads\\\/2026\\\/01\\\/logo-sd.png\",\"width\":251,\"height\":368,\"caption\":\"Geisterstaub\"},\"image\":{\"@id\":\"https:\\\/\\\/green-chough-870564.hostingersite.com\\\/#\\\/schema\\\/logo\\\/image\\\/\"},\"sameAs\":[\"https:\\\/\\\/www.facebook.com\\\/spiritdustmj\\\/\",\"https:\\\/\\\/instagram.com\\\/spirit__dust\"]}]}<\/script>\n<!-- \/ Yoast SEO plugin. -->","yoast_head_json":{"title":"Opal-Traum: Silberkette mit schlafendem B\u00e4renmotiv - Spirit Dust","description":"Fange Tr\u00e4ume ein in einer Silberkette, verziert mit australischem Opal und einem bezaubernden Motiv aus schlafendem B\u00e4ren, Sternen und Mond.","robots":{"index":"index","follow":"follow","max-snippet":"max-snippet:-1","max-image-preview":"max-image-preview:large","max-video-preview":"max-video-preview:-1"},"canonical":"https:\/\/spiritdust.pl\/de\/produkt\/opal-traum-silberkette-mit-schlafendem-baerenmotiv\/","og_locale":"de_DE","og_type":"article","og_title":"Opal-Traum: Silberkette mit schlafendem B\u00e4renmotiv - Spirit Dust","og_description":"Fange Tr\u00e4ume ein in einer Silberkette, verziert mit australischem Opal und einem bezaubernden Motiv aus schlafendem B\u00e4ren, Sternen und Mond.","og_url":"https:\/\/spiritdust.pl\/de\/produkt\/opal-traum-silberkette-mit-schlafendem-baerenmotiv\/","og_site_name":"Spirit Dust","article_publisher":"https:\/\/www.facebook.com\/spiritdustmj\/","og_image":[{"width":1088,"height":1080,"url":"https:\/\/spiritdust.pl\/wp-content\/uploads\/2026\/01\/DSC05673.jpg","type":"image\/jpeg"}],"twitter_card":"summary_large_image","twitter_misc":{"Gesch\u00e4tzte Lesezeit":"1\u00a0Minute"},"schema":{"@context":"https:\/\/schema.org","@graph":[{"@type":"WebPage","@id":"https:\/\/spiritdust.pl\/de\/produkt\/opal-traum-silberkette-mit-schlafendem-baerenmotiv\/","url":"https:\/\/spiritdust.pl\/de\/produkt\/opal-traum-silberkette-mit-schlafendem-baerenmotiv\/","name":"Opal-Traum: Silberkette mit schlafendem B\u00e4renmotiv - Spirit Dust","isPartOf":{"@id":"https:\/\/green-chough-870564.hostingersite.com\/#website"},"primaryImageOfPage":{"@id":"https:\/\/spiritdust.pl\/de\/produkt\/opal-traum-silberkette-mit-schlafendem-baerenmotiv\/#primaryimage"},"image":{"@id":"https:\/\/spiritdust.pl\/de\/produkt\/opal-traum-silberkette-mit-schlafendem-baerenmotiv\/#primaryimage"},"thumbnailUrl":"https:\/\/spiritdust.pl\/wp-content\/uploads\/2026\/01\/DSC05673.jpg","datePublished":"2026-01-26T09:20:25+00:00","description":"Fange Tr\u00e4ume ein in einer Silberkette, verziert mit australischem Opal und einem bezaubernden Motiv aus schlafendem B\u00e4ren, Sternen und Mond.","breadcrumb":{"@id":"https:\/\/spiritdust.pl\/de\/produkt\/opal-traum-silberkette-mit-schlafendem-baerenmotiv\/#breadcrumb"},"inLanguage":"de","potentialAction":[{"@type":"ReadAction","target":["https:\/\/spiritdust.pl\/de\/produkt\/opal-traum-silberkette-mit-schlafendem-baerenmotiv\/"]}]},{"@type":"ImageObject","inLanguage":"de","@id":"https:\/\/spiritdust.pl\/de\/produkt\/opal-traum-silberkette-mit-schlafendem-baerenmotiv\/#primaryimage","url":"https:\/\/spiritdust.pl\/wp-content\/uploads\/2026\/01\/DSC05673.jpg","contentUrl":"https:\/\/spiritdust.pl\/wp-content\/uploads\/2026\/01\/DSC05673.jpg","width":1088,"height":1080},{"@type":"BreadcrumbList","@id":"https:\/\/spiritdust.pl\/de\/produkt\/opal-traum-silberkette-mit-schlafendem-baerenmotiv\/#breadcrumb","itemListElement":[{"@type":"ListItem","position":1,"name":"Strona g\u0142\u00f3wna","item":"https:\/\/spiritdust.pl\/de\/spirit-dust-schmuck-aus-kupfer-silber-und-natursteinen\/"},{"@type":"ListItem","position":2,"name":"Shop","item":"https:\/\/green-chough-870564.hostingersite.com\/shop\/"},{"@type":"ListItem","position":3,"name":"Opal-Traum: Silberkette mit schlafendem B\u00e4renmotiv"}]},{"@type":"WebSite","@id":"https:\/\/green-chough-870564.hostingersite.com\/#website","url":"https:\/\/green-chough-870564.hostingersite.com\/","name":"Spirit Dust","description":"Bi\u017cuteria z Miedzi, Srebra i Kamieni Naturalnych","publisher":{"@id":"https:\/\/green-chough-870564.hostingersite.com\/#organization"},"potentialAction":[{"@type":"SearchAction","target":{"@type":"EntryPoint","urlTemplate":"https:\/\/green-chough-870564.hostingersite.com\/?s={search_term_string}"},"query-input":{"@type":"PropertyValueSpecification","valueRequired":true,"valueName":"search_term_string"}}],"inLanguage":"de"},{"@type":"Organization","@id":"https:\/\/green-chough-870564.hostingersite.com\/#organization","name":"Geisterstaub","url":"https:\/\/green-chough-870564.hostingersite.com\/","logo":{"@type":"ImageObject","inLanguage":"de","@id":"https:\/\/green-chough-870564.hostingersite.com\/#\/schema\/logo\/image\/","url":"https:\/\/spiritdust.pl\/wp-content\/uploads\/2026\/01\/logo-sd.png","contentUrl":"https:\/\/spiritdust.pl\/wp-content\/uploads\/2026\/01\/logo-sd.png","width":251,"height":368,"caption":"Geisterstaub"},"image":{"@id":"https:\/\/green-chough-870564.hostingersite.com\/#\/schema\/logo\/image\/"},"sameAs":["https:\/\/www.facebook.com\/spiritdustmj\/","https:\/\/instagram.com\/spirit__dust"]}]}},"_links":{"self":[{"href":"https:\/\/spiritdust.pl\/de\/wp-json\/wp\/v2\/product\/2795","targetHints":{"allow":["GET"]}}],"collection":[{"href":"https:\/\/spiritdust.pl\/de\/wp-json\/wp\/v2\/product"}],"about":[{"href":"https:\/\/spiritdust.pl\/de\/wp-json\/wp\/v2\/types\/product"}],"version-history":[{"count":0,"href":"https:\/\/spiritdust.pl\/de\/wp-json\/wp\/v2\/product\/2795\/revisions"}],"wp:featuredmedia":[{"embeddable":true,"href":"https:\/\/spiritdust.pl\/de\/wp-json\/wp\/v2\/media\/2797"}],"wp:attachment":[{"href":"https:\/\/spiritdust.pl\/de\/wp-json\/wp\/v2\/media?parent=2795"}],"wp:term":[{"taxonomy":"product_brand","embeddable":true,"href":"https:\/\/spiritdust.pl\/de\/wp-json\/wp\/v2\/product_brand?post=2795"},{"taxonomy":"product_cat","embeddable":true,"href":"https:\/\/spiritdust.pl\/de\/wp-json\/wp\/v2\/product_cat?post=2795"},{"taxonomy":"product_tag","embeddable":true,"href":"https:\/\/spiritdust.pl\/de\/wp-json\/wp\/v2\/product_tag?post=2795"}],"curies":[{"name":"wp","href":"https:\/\/api.w.org\/{rel}","templated":true}]}}