{"id":2822,"date":"2026-01-26T09:20:25","date_gmt":"2026-01-26T09:20:25","guid":{"rendered":"https:\/\/spiritdust.pl\/produkt\/verzaubertes-blatt-silberne-halskette-mit-malachit-und-amethyst\/"},"modified":"2026-01-26T09:20:25","modified_gmt":"2026-01-26T09:20:25","slug":"verzaubertes-blatt-silberne-halskette-mit-malachit-und-amethyst","status":"publish","type":"product","link":"https:\/\/spiritdust.pl\/de\/produkt\/verzaubertes-blatt-silberne-halskette-mit-malachit-und-amethyst\/","title":{"rendered":"Verzaubertes Blatt: Silberne Halskette mit Malachit und Amethyst"},"content":{"rendered":"<div class=\"flex-1 overflow-hidden\">\n<div class=\"react-scroll-to-bottom--css-occsb-79elbk h-full\">\n<div class=\"react-scroll-to-bottom--css-occsb-1n7m0yu\">\n<div class=\"flex flex-col text-sm pb-9\">\n<div class=\"w-full text-token-text-primary\" dir=\"auto\" data-testid=\"conversation-turn-9\">\n<div class=\"px-4 py-2 justify-center text-base md:gap-6 m-auto\">\n<div class=\"flex flex-1 text-base mx-auto gap-3 juice:gap-4 juice:md:gap-6 md:px-5 lg:px-1 xl:px-5 md:max-w-3xl lg:max-w-[40rem] xl:max-w-[48rem] group final-completion\">\n<div class=\"relative flex w-full flex-col agent-turn\">\n<div class=\"flex-col gap-1 md:gap-3\">\n<div class=\"flex flex-grow flex-col max-w-full\">\n<div class=\"min-h-[20px] text-message flex flex-col items-start gap-3 whitespace-pre-wrap break-words [.text-message+&amp;]:mt-5 overflow-x-auto\" dir=\"auto\" data-message-author-role=\"assistant\" data-message-id=\"30541e44-f1f3-4bd2-8e30-509419f31451\">\n<div class=\"markdown prose w-full break-words dark:prose-invert dark\">\n<p><strong>Verzaubertes Blatt: Silberne Halskette mit Malachit und Amethyst<\/strong><\/p>\n<p>Verleihe deinen Looks einen Hauch Natur mit dieser bezaubernden Silberhalskette mit Malachit und Amethyst. Gefertigt aus hochwertigstem Silber, pr\u00e4sentiert die Halskette eine harmonische Kombination aus zwei wundersch\u00f6nen Edelsteinen \u2013 Malachit und Amethyst. <\/p>\n<p>Das Hauptelement der Halskette ist ein zartes Blattmotiv, das sorgf\u00e4ltig ausgeschnitten wurde und diesem einzigartigen Schmuckst\u00fcck besonderen Charme und Subtilit\u00e4t verleiht. <strong>Malachit<\/strong>, bekannt f\u00fcr seine sch\u00fctzenden und heilenden Eigenschaften, vereint sich mit <strong>Amethyst<\/strong>, der Ruhe und Gedankenklarheit symbolisiert.<\/p>\n<p>Eine lange Kette aus massivem Silber sorgt f\u00fcr angenehmen Tragekomfort. Die Halskette ist nicht nur Ausdruck deines Stils, sondern strahlt auch die Kraft der Natur und Harmonie aus. <\/p>\n<p>Genie\u00dfe die N\u00e4he zur Natur und f\u00fcge deiner Schmucksammlung einen einzigartigen Akzent hinzu mit unserer Silberhalskette mit Malachit und Amethyst.<\/p>\n<\/div>\n<\/div>\n<\/div>\n<\/div>\n<\/div>\n<\/div>\n<\/div>\n<\/div>\n<\/div>\n<\/div>\n<\/div>\n<\/div>\n","protected":false},"excerpt":{"rendered":"<div class=\"flex-1 overflow-hidden\">\n<div class=\"react-scroll-to-bottom--css-gpzpe-79elbk h-full\">\n<div class=\"react-scroll-to-bottom--css-gpzpe-1n7m0yu\">\n<div class=\"flex flex-col text-sm gizmo:pb-9 dark:bg-gray-800 gizmo:dark:bg-transparent\">\n<div class=\"w-full text-token-text-primary border-b border-black\/10 gizmo:border-0 dark:border-gray-900\/50 gizmo:dark:border-0 bg-gray-50 gizmo:bg-transparent dark:bg-[#444654] gizmo:dark:bg-transparent\" data-testid=\"conversation-turn-5\">\n<div class=\"p-4 gizmo:py-2 justify-center text-base md:gap-6 md:py-6 m-auto\">\n<div class=\"flex flex-1 gap-4 text-base mx-auto md:gap-6 gizmo:gap-3 gizmo:md:px-5 gizmo:lg:px-1 gizmo:xl:px-5 md:max-w-2xl lg:max-w-[38rem] gizmo:md:max-w-3xl gizmo:lg:max-w-[40rem] gizmo:xl:max-w-[48rem] xl:max-w-3xl } group final-completion\">\n<div class=\"relative flex w-[calc(100%-50px)] flex-col gizmo:w-full lg:w-[calc(100%-115px)] agent-turn\">\n<div class=\"flex-col gap-1 md:gap-3\">\n<div class=\"flex flex-grow flex-col max-w-full gap-3 gizmo:gap-0\">\n<div class=\"min-h-[20px] text-message flex flex-col items-start gap-3 whitespace-pre-wrap break-words [.text-message+&amp;]:mt-5 overflow-x-auto\" data-message-author-role=\"assistant\" data-message-id=\"1b122955-23be-4dd9-98ec-1a093db6e5d7\">\n<div class=\"markdown prose w-full break-words dark:prose-invert dark\">\n<p>Eine Silberhalskette mit <strong>Malachit<\/strong> und <strong>Amethyst<\/strong> ist eine Kombination aus Eleganz und Natur. Das zarte, ausgeschnittene Blattmotiv verleiht ihr einen besonderen Charme. Malachit und Amethyst, als Schutzsteine bekannt, verleihen nicht nur Sch\u00f6nheit, sondern auch positive Energie. Diese Halskette ist eine ausgezeichnete Wahl f\u00fcr alle, die die Harmonie der Natur und subtile Eleganz bei sich tragen m\u00f6chten.   <\/p>\n<p>&nbsp;<\/p>\n<\/div>\n<\/div>\n<\/div>\n<\/div>\n<\/div>\n<\/div>\n<\/div>\n<\/div>\n<\/div>\n<\/div>\n<\/div>\n<\/div>\n<p><em><span class=\"s1\">925er Sterlingsilber<\/span><\/em><\/p>\n<p><em><span class=\"s1\">Silbergewicht: <\/span><\/em><span class=\"s1\">14,54 g<\/span><\/p>\n<p><em><span class=\"s1\">Anh\u00e4ngerma\u00dfe: 5,3<\/span><\/em> cm x 2,5 cm<\/p>\n<p><em>Steinma\u00dfe: <\/em>3,8 x 1,8 cm und \u00d8 6 mm<\/p>\n<p><em><span class=\"s1\">Kettenl\u00e4nge:<\/span><\/em><span class=\"s1\"> ca. 45 cm<\/span><\/p>\n<p>&nbsp;<\/p>\n<p class=\"p1\">Ich verpacke den Schmuck in einer dekorativen Schachtel und lege jeder Bestellung einen Beutel sowie zuf\u00e4llige Aufkleber als Geschenk bei. \u2728<\/p>\n","protected":false},"featured_media":2823,"template":"","meta":{"inline_featured_image":false},"product_brand":[],"product_cat":[167,256],"product_tag":[172,181,199],"class_list":{"0":"post-2822","1":"product","2":"type-product","3":"status-publish","4":"has-post-thumbnail","6":"product_cat-schmuck","7":"product_cat-silberketten","8":"product_tag-amethyst","9":"product_tag-malachit","10":"product_tag-silber","12":"first","13":"instock","14":"sale","15":"taxable","16":"shipping-taxable","17":"purchasable","18":"product-type-simple"},"yoast_head":"<!-- This site is optimized with the Yoast SEO plugin v27.5 - https:\/\/yoast.com\/product\/yoast-seo-wordpress\/ -->\n<title>Verzaubertes Blatt: Silberne Halskette mit Malachit und Amethyst - Spirit Dust<\/title>\n<meta name=\"description\" content=\"Bezaubernde Silberhalskette, verziert mit Malachit und Amethyst, erg\u00e4nzt durch ein ausgeschnittenes Blattmotiv, das Naturharmonie und Eleganz ausstrahlt.\" \/>\n<meta name=\"robots\" content=\"index, follow, max-snippet:-1, max-image-preview:large, max-video-preview:-1\" \/>\n<link rel=\"canonical\" href=\"https:\/\/spiritdust.pl\/de\/produkt\/verzaubertes-blatt-silberne-halskette-mit-malachit-und-amethyst\/\" \/>\n<meta property=\"og:locale\" content=\"de_DE\" \/>\n<meta property=\"og:type\" content=\"article\" \/>\n<meta property=\"og:title\" content=\"Verzaubertes Blatt: Silberne Halskette mit Malachit und Amethyst - Spirit Dust\" \/>\n<meta property=\"og:description\" content=\"Bezaubernde Silberhalskette, verziert mit Malachit und Amethyst, erg\u00e4nzt durch ein ausgeschnittenes Blattmotiv, das Naturharmonie und Eleganz ausstrahlt.\" \/>\n<meta property=\"og:url\" content=\"https:\/\/spiritdust.pl\/de\/produkt\/verzaubertes-blatt-silberne-halskette-mit-malachit-und-amethyst\/\" \/>\n<meta property=\"og:site_name\" content=\"Spirit Dust\" \/>\n<meta property=\"article:publisher\" content=\"https:\/\/www.facebook.com\/spiritdustmj\/\" \/>\n<meta property=\"og:image\" content=\"https:\/\/spiritdust.pl\/wp-content\/uploads\/2026\/01\/DSC05741.jpg\" \/>\n\t<meta property=\"og:image:width\" content=\"1088\" \/>\n\t<meta property=\"og:image:height\" content=\"1080\" \/>\n\t<meta property=\"og:image:type\" content=\"image\/jpeg\" \/>\n<meta name=\"twitter:card\" content=\"summary_large_image\" \/>\n<meta name=\"twitter:label1\" content=\"Gesch\u00e4tzte Lesezeit\" \/>\n\t<meta name=\"twitter:data1\" content=\"1\u00a0Minute\" \/>\n<script type=\"application\/ld+json\" class=\"yoast-schema-graph\">{\"@context\":\"https:\\\/\\\/schema.org\",\"@graph\":[{\"@type\":\"WebPage\",\"@id\":\"https:\\\/\\\/spiritdust.pl\\\/de\\\/produkt\\\/verzaubertes-blatt-silberne-halskette-mit-malachit-und-amethyst\\\/\",\"url\":\"https:\\\/\\\/spiritdust.pl\\\/de\\\/produkt\\\/verzaubertes-blatt-silberne-halskette-mit-malachit-und-amethyst\\\/\",\"name\":\"Verzaubertes Blatt: Silberne Halskette mit Malachit und Amethyst - Spirit Dust\",\"isPartOf\":{\"@id\":\"https:\\\/\\\/green-chough-870564.hostingersite.com\\\/#website\"},\"primaryImageOfPage\":{\"@id\":\"https:\\\/\\\/spiritdust.pl\\\/de\\\/produkt\\\/verzaubertes-blatt-silberne-halskette-mit-malachit-und-amethyst\\\/#primaryimage\"},\"image\":{\"@id\":\"https:\\\/\\\/spiritdust.pl\\\/de\\\/produkt\\\/verzaubertes-blatt-silberne-halskette-mit-malachit-und-amethyst\\\/#primaryimage\"},\"thumbnailUrl\":\"https:\\\/\\\/spiritdust.pl\\\/wp-content\\\/uploads\\\/2026\\\/01\\\/DSC05741.jpg\",\"datePublished\":\"2026-01-26T09:20:25+00:00\",\"description\":\"Bezaubernde Silberhalskette, verziert mit Malachit und Amethyst, erg\u00e4nzt durch ein ausgeschnittenes Blattmotiv, das Naturharmonie und Eleganz ausstrahlt.\",\"breadcrumb\":{\"@id\":\"https:\\\/\\\/spiritdust.pl\\\/de\\\/produkt\\\/verzaubertes-blatt-silberne-halskette-mit-malachit-und-amethyst\\\/#breadcrumb\"},\"inLanguage\":\"de\",\"potentialAction\":[{\"@type\":\"ReadAction\",\"target\":[\"https:\\\/\\\/spiritdust.pl\\\/de\\\/produkt\\\/verzaubertes-blatt-silberne-halskette-mit-malachit-und-amethyst\\\/\"]}]},{\"@type\":\"ImageObject\",\"inLanguage\":\"de\",\"@id\":\"https:\\\/\\\/spiritdust.pl\\\/de\\\/produkt\\\/verzaubertes-blatt-silberne-halskette-mit-malachit-und-amethyst\\\/#primaryimage\",\"url\":\"https:\\\/\\\/spiritdust.pl\\\/wp-content\\\/uploads\\\/2026\\\/01\\\/DSC05741.jpg\",\"contentUrl\":\"https:\\\/\\\/spiritdust.pl\\\/wp-content\\\/uploads\\\/2026\\\/01\\\/DSC05741.jpg\",\"width\":1088,\"height\":1080},{\"@type\":\"BreadcrumbList\",\"@id\":\"https:\\\/\\\/spiritdust.pl\\\/de\\\/produkt\\\/verzaubertes-blatt-silberne-halskette-mit-malachit-und-amethyst\\\/#breadcrumb\",\"itemListElement\":[{\"@type\":\"ListItem\",\"position\":1,\"name\":\"Strona g\u0142\u00f3wna\",\"item\":\"https:\\\/\\\/spiritdust.pl\\\/de\\\/spirit-dust-schmuck-aus-kupfer-silber-und-natursteinen\\\/\"},{\"@type\":\"ListItem\",\"position\":2,\"name\":\"Shop\",\"item\":\"https:\\\/\\\/green-chough-870564.hostingersite.com\\\/shop\\\/\"},{\"@type\":\"ListItem\",\"position\":3,\"name\":\"Verzaubertes Blatt: Silberne Halskette mit Malachit und Amethyst\"}]},{\"@type\":\"WebSite\",\"@id\":\"https:\\\/\\\/green-chough-870564.hostingersite.com\\\/#website\",\"url\":\"https:\\\/\\\/green-chough-870564.hostingersite.com\\\/\",\"name\":\"Spirit Dust\",\"description\":\"Bi\u017cuteria z Miedzi, Srebra i Kamieni Naturalnych\",\"publisher\":{\"@id\":\"https:\\\/\\\/green-chough-870564.hostingersite.com\\\/#organization\"},\"potentialAction\":[{\"@type\":\"SearchAction\",\"target\":{\"@type\":\"EntryPoint\",\"urlTemplate\":\"https:\\\/\\\/green-chough-870564.hostingersite.com\\\/?s={search_term_string}\"},\"query-input\":{\"@type\":\"PropertyValueSpecification\",\"valueRequired\":true,\"valueName\":\"search_term_string\"}}],\"inLanguage\":\"de\"},{\"@type\":\"Organization\",\"@id\":\"https:\\\/\\\/green-chough-870564.hostingersite.com\\\/#organization\",\"name\":\"Geisterstaub\",\"url\":\"https:\\\/\\\/green-chough-870564.hostingersite.com\\\/\",\"logo\":{\"@type\":\"ImageObject\",\"inLanguage\":\"de\",\"@id\":\"https:\\\/\\\/green-chough-870564.hostingersite.com\\\/#\\\/schema\\\/logo\\\/image\\\/\",\"url\":\"https:\\\/\\\/spiritdust.pl\\\/wp-content\\\/uploads\\\/2026\\\/01\\\/logo-sd.png\",\"contentUrl\":\"https:\\\/\\\/spiritdust.pl\\\/wp-content\\\/uploads\\\/2026\\\/01\\\/logo-sd.png\",\"width\":251,\"height\":368,\"caption\":\"Geisterstaub\"},\"image\":{\"@id\":\"https:\\\/\\\/green-chough-870564.hostingersite.com\\\/#\\\/schema\\\/logo\\\/image\\\/\"},\"sameAs\":[\"https:\\\/\\\/www.facebook.com\\\/spiritdustmj\\\/\",\"https:\\\/\\\/instagram.com\\\/spirit__dust\"]}]}<\/script>\n<!-- \/ Yoast SEO plugin. -->","yoast_head_json":{"title":"Verzaubertes Blatt: Silberne Halskette mit Malachit und Amethyst - Spirit Dust","description":"Bezaubernde Silberhalskette, verziert mit Malachit und Amethyst, erg\u00e4nzt durch ein ausgeschnittenes Blattmotiv, das Naturharmonie und Eleganz ausstrahlt.","robots":{"index":"index","follow":"follow","max-snippet":"max-snippet:-1","max-image-preview":"max-image-preview:large","max-video-preview":"max-video-preview:-1"},"canonical":"https:\/\/spiritdust.pl\/de\/produkt\/verzaubertes-blatt-silberne-halskette-mit-malachit-und-amethyst\/","og_locale":"de_DE","og_type":"article","og_title":"Verzaubertes Blatt: Silberne Halskette mit Malachit und Amethyst - Spirit Dust","og_description":"Bezaubernde Silberhalskette, verziert mit Malachit und Amethyst, erg\u00e4nzt durch ein ausgeschnittenes Blattmotiv, das Naturharmonie und Eleganz ausstrahlt.","og_url":"https:\/\/spiritdust.pl\/de\/produkt\/verzaubertes-blatt-silberne-halskette-mit-malachit-und-amethyst\/","og_site_name":"Spirit Dust","article_publisher":"https:\/\/www.facebook.com\/spiritdustmj\/","og_image":[{"width":1088,"height":1080,"url":"https:\/\/spiritdust.pl\/wp-content\/uploads\/2026\/01\/DSC05741.jpg","type":"image\/jpeg"}],"twitter_card":"summary_large_image","twitter_misc":{"Gesch\u00e4tzte Lesezeit":"1\u00a0Minute"},"schema":{"@context":"https:\/\/schema.org","@graph":[{"@type":"WebPage","@id":"https:\/\/spiritdust.pl\/de\/produkt\/verzaubertes-blatt-silberne-halskette-mit-malachit-und-amethyst\/","url":"https:\/\/spiritdust.pl\/de\/produkt\/verzaubertes-blatt-silberne-halskette-mit-malachit-und-amethyst\/","name":"Verzaubertes Blatt: Silberne Halskette mit Malachit und Amethyst - Spirit Dust","isPartOf":{"@id":"https:\/\/green-chough-870564.hostingersite.com\/#website"},"primaryImageOfPage":{"@id":"https:\/\/spiritdust.pl\/de\/produkt\/verzaubertes-blatt-silberne-halskette-mit-malachit-und-amethyst\/#primaryimage"},"image":{"@id":"https:\/\/spiritdust.pl\/de\/produkt\/verzaubertes-blatt-silberne-halskette-mit-malachit-und-amethyst\/#primaryimage"},"thumbnailUrl":"https:\/\/spiritdust.pl\/wp-content\/uploads\/2026\/01\/DSC05741.jpg","datePublished":"2026-01-26T09:20:25+00:00","description":"Bezaubernde Silberhalskette, verziert mit Malachit und Amethyst, erg\u00e4nzt durch ein ausgeschnittenes Blattmotiv, das Naturharmonie und Eleganz ausstrahlt.","breadcrumb":{"@id":"https:\/\/spiritdust.pl\/de\/produkt\/verzaubertes-blatt-silberne-halskette-mit-malachit-und-amethyst\/#breadcrumb"},"inLanguage":"de","potentialAction":[{"@type":"ReadAction","target":["https:\/\/spiritdust.pl\/de\/produkt\/verzaubertes-blatt-silberne-halskette-mit-malachit-und-amethyst\/"]}]},{"@type":"ImageObject","inLanguage":"de","@id":"https:\/\/spiritdust.pl\/de\/produkt\/verzaubertes-blatt-silberne-halskette-mit-malachit-und-amethyst\/#primaryimage","url":"https:\/\/spiritdust.pl\/wp-content\/uploads\/2026\/01\/DSC05741.jpg","contentUrl":"https:\/\/spiritdust.pl\/wp-content\/uploads\/2026\/01\/DSC05741.jpg","width":1088,"height":1080},{"@type":"BreadcrumbList","@id":"https:\/\/spiritdust.pl\/de\/produkt\/verzaubertes-blatt-silberne-halskette-mit-malachit-und-amethyst\/#breadcrumb","itemListElement":[{"@type":"ListItem","position":1,"name":"Strona g\u0142\u00f3wna","item":"https:\/\/spiritdust.pl\/de\/spirit-dust-schmuck-aus-kupfer-silber-und-natursteinen\/"},{"@type":"ListItem","position":2,"name":"Shop","item":"https:\/\/green-chough-870564.hostingersite.com\/shop\/"},{"@type":"ListItem","position":3,"name":"Verzaubertes Blatt: Silberne Halskette mit Malachit und Amethyst"}]},{"@type":"WebSite","@id":"https:\/\/green-chough-870564.hostingersite.com\/#website","url":"https:\/\/green-chough-870564.hostingersite.com\/","name":"Spirit Dust","description":"Bi\u017cuteria z Miedzi, Srebra i Kamieni Naturalnych","publisher":{"@id":"https:\/\/green-chough-870564.hostingersite.com\/#organization"},"potentialAction":[{"@type":"SearchAction","target":{"@type":"EntryPoint","urlTemplate":"https:\/\/green-chough-870564.hostingersite.com\/?s={search_term_string}"},"query-input":{"@type":"PropertyValueSpecification","valueRequired":true,"valueName":"search_term_string"}}],"inLanguage":"de"},{"@type":"Organization","@id":"https:\/\/green-chough-870564.hostingersite.com\/#organization","name":"Geisterstaub","url":"https:\/\/green-chough-870564.hostingersite.com\/","logo":{"@type":"ImageObject","inLanguage":"de","@id":"https:\/\/green-chough-870564.hostingersite.com\/#\/schema\/logo\/image\/","url":"https:\/\/spiritdust.pl\/wp-content\/uploads\/2026\/01\/logo-sd.png","contentUrl":"https:\/\/spiritdust.pl\/wp-content\/uploads\/2026\/01\/logo-sd.png","width":251,"height":368,"caption":"Geisterstaub"},"image":{"@id":"https:\/\/green-chough-870564.hostingersite.com\/#\/schema\/logo\/image\/"},"sameAs":["https:\/\/www.facebook.com\/spiritdustmj\/","https:\/\/instagram.com\/spirit__dust"]}]}},"_links":{"self":[{"href":"https:\/\/spiritdust.pl\/de\/wp-json\/wp\/v2\/product\/2822","targetHints":{"allow":["GET"]}}],"collection":[{"href":"https:\/\/spiritdust.pl\/de\/wp-json\/wp\/v2\/product"}],"about":[{"href":"https:\/\/spiritdust.pl\/de\/wp-json\/wp\/v2\/types\/product"}],"version-history":[{"count":0,"href":"https:\/\/spiritdust.pl\/de\/wp-json\/wp\/v2\/product\/2822\/revisions"}],"wp:featuredmedia":[{"embeddable":true,"href":"https:\/\/spiritdust.pl\/de\/wp-json\/wp\/v2\/media\/2823"}],"wp:attachment":[{"href":"https:\/\/spiritdust.pl\/de\/wp-json\/wp\/v2\/media?parent=2822"}],"wp:term":[{"taxonomy":"product_brand","embeddable":true,"href":"https:\/\/spiritdust.pl\/de\/wp-json\/wp\/v2\/product_brand?post=2822"},{"taxonomy":"product_cat","embeddable":true,"href":"https:\/\/spiritdust.pl\/de\/wp-json\/wp\/v2\/product_cat?post=2822"},{"taxonomy":"product_tag","embeddable":true,"href":"https:\/\/spiritdust.pl\/de\/wp-json\/wp\/v2\/product_tag?post=2822"}],"curies":[{"name":"wp","href":"https:\/\/api.w.org\/{rel}","templated":true}]}}