{"id":2929,"date":"2026-01-26T09:17:49","date_gmt":"2026-01-26T09:17:49","guid":{"rendered":"https:\/\/spiritdust.pl\/produkt\/eleganz-der-erde-armband-mit-schwarzem-turmalin\/"},"modified":"2026-01-26T09:17:49","modified_gmt":"2026-01-26T09:17:49","slug":"eleganz-der-erde-armband-mit-schwarzem-turmalin","status":"publish","type":"product","link":"https:\/\/spiritdust.pl\/de\/produkt\/eleganz-der-erde-armband-mit-schwarzem-turmalin\/","title":{"rendered":"Eleganz der Erde &#8211; Armband mit schwarzem Turmalin"},"content":{"rendered":"<p data-start=\"377\" data-end=\"775\">Das Armband \u201eEleganz der Erde\u201c verbindet die Kraft des Schutzes mit nat\u00fcrlicher Beruhigung. Dank seiner ged\u00e4mpften Farbpalette und erdenden Mineralien unterst\u00fctzt es sowohl K\u00f6rper als auch Geist \u2013 besonders wenn du ins Gleichgewicht zur\u00fcckfinden m\u00f6chtest. Dar\u00fcber hinaus bietet die Kombination von Steinen wie schwarzem Turmalin, Jadeit und Cappuccino-Jaspis nicht nur energetische Unterst\u00fctzung, sondern auch ein Gef\u00fchl innerer Sicherheit.  <\/p>\n<hr data-start=\"777\" data-end=\"780\">\n<h3 data-start=\"782\" data-end=\"805\">\u2728 Wirkung der Steine<\/h3>\n<h4 data-start=\"807\" data-end=\"861\">\ud83d\udd39 <strong data-start=\"815\" data-end=\"834\">Schwarzer Turmalin<\/strong> \u2013 Schutz und Reinigung<\/h4>\n<p data-start=\"862\" data-end=\"1079\">Dieser starke Schutzstein hilft dir, dich von negativen Einfl\u00fcssen \u2013 sowohl energetischen als auch emotionalen \u2013 abzugrenzen. Zudem unterst\u00fctzt er die Reinigung des Energiefeldes und st\u00e4rkt gleichzeitig Vitalit\u00e4t und Widerstandsf\u00e4higkeit. <\/p>\n<h4 data-start=\"1081\" data-end=\"1134\">\ud83d\udd39 <strong data-start=\"1089\" data-end=\"1110\">Marmorierter Jadeit<\/strong> \u2013 Harmonie und Wohlstand<\/h4>\n<p data-start=\"1135\" data-end=\"1293\">Ein Symbol f\u00fcr Ruhe und sanfte St\u00e4rke. Er hilft dir, dein inneres Gleichgewicht zu finden und f\u00f6rdert den Aufbau harmonischer Beziehungen \u2013 sowohl zu anderen als auch zu dir selbst. <\/p>\n<h4 data-start=\"1295\" data-end=\"1354\">\ud83d\udd39 <strong data-start=\"1303\" data-end=\"1324\">Cappuccino-Jaspis<\/strong> \u2013 Stabilit\u00e4t und Erdung<\/h4>\n<p data-start=\"1355\" data-end=\"1508\">Seine creme-kaffeefarbene Zeichnung erinnert an die Energie der Erde. Er hilft dir, dein Gef\u00fchl der Sicherheit wiederzuerlangen, unterst\u00fctzt emotionale Widerstandsf\u00e4higkeit und mentale Erdung. <\/p>\n<h4 data-start=\"1510\" data-end=\"1547\">\ud83d\udd39 <strong data-start=\"1518\" data-end=\"1529\">H\u00e4matit<\/strong> \u2013 Kraft und Erneuerung<\/h4>\n<p data-start=\"1548\" data-end=\"1707\">Bekannt als \u201eStein der Erde\u201c erdet H\u00e4matit hervorragend und hilft dir, in deine Mitte zur\u00fcckzufinden. Er unterst\u00fctzt die Regeneration und erh\u00f6ht die Schwingung der k\u00f6rperlichen St\u00e4rke und inneren Widerstandsf\u00e4higkeit. <\/p>\n<hr data-start=\"1709\" data-end=\"1712\">\n<h3 data-start=\"1714\" data-end=\"1730\">\ud83c\udf3f F\u00fcr wen?<\/h3>\n<p data-start=\"1732\" data-end=\"2076\">F\u00fcr jeden, der die Kraft der Erdung und die subtile Eleganz der Natur sch\u00e4tzt. Das Armband \u201eEleganz der Erde\u201c unterst\u00fctzt dich im Alltag \u2013 es sch\u00fctzt, erdet, aber erinnert dich auch daran, dass St\u00e4rke in Einfachheit und Ruhe liegt. Es eignet sich hervorragend als Talisman f\u00fcr Zeiten des Umbruchs, der Herausforderungen oder einfach dann, wenn du dich mehr \u201ehier und jetzt\u201c f\u00fchlen m\u00f6chtest.  <\/p>\n","protected":false},"excerpt":{"rendered":"<p data-start=\"2109\" data-end=\"2290\">Das Armband mit schwarzem Turmalin \u201eEleganz der Erde\u201c unterst\u00fctzt energetischen Schutz, Erdung und emotionale Stabilit\u00e4t. Natursteine verleihen Harmonie und Kraft f\u00fcr den Alltag. <\/p>\n<p>&nbsp;<\/p>\n<p>Die Weite ist durch einen Schiebeknoten verstellbar.<\/p>\n<p class=\"p1\">Ich verpacke den Schmuck in einer dekorativen Schachtel und lege jeder Bestellung einen Beutel sowie zuf\u00e4llige Aufkleber als Geschenk bei. \u2728<\/p>\n<p>&nbsp;<\/p>\n<p>Die Armb\u00e4nder werden auf Bestellung gefertigt. Aufgrund der Personalisierung der Spacer-Farbe unterliegen sie nicht dem Standard-R\u00fcckgabeverfahren. <\/p>\n","protected":false},"featured_media":2934,"template":"","meta":{"inline_featured_image":false},"product_brand":[],"product_cat":[168,167],"product_tag":[169,173,170,220],"class_list":{"0":"post-2929","1":"product","2":"type-product","3":"status-publish","4":"has-post-thumbnail","6":"product_cat-armbander","7":"product_cat-schmuck","8":"product_tag-hamatit","9":"product_tag-jade","10":"product_tag-jaspis","11":"product_tag-schwarzer-turmalin","13":"first","14":"instock","15":"taxable","16":"shipping-taxable","17":"purchasable","18":"product-type-variable"},"yoast_head":"<!-- This site is optimized with the Yoast SEO plugin v27.5 - https:\/\/yoast.com\/product\/yoast-seo-wordpress\/ -->\n<title>Eleganz der Erde - Armband mit schwarzem Turmalin - Spirit Dust<\/title>\n<meta name=\"description\" content=\"\u201eEleganz der Erde\u201c ist ein Schutzarmband mit schwarzem Turmalin und Jadeit, das erdet, beruhigt und dir hilft, dich sicher zu f\u00fchlen.\" \/>\n<meta name=\"robots\" content=\"index, follow, max-snippet:-1, max-image-preview:large, max-video-preview:-1\" \/>\n<link rel=\"canonical\" href=\"https:\/\/spiritdust.pl\/de\/produkt\/eleganz-der-erde-armband-mit-schwarzem-turmalin\/\" \/>\n<meta property=\"og:locale\" content=\"de_DE\" \/>\n<meta property=\"og:type\" content=\"article\" \/>\n<meta property=\"og:title\" content=\"Eleganz der Erde - Armband mit schwarzem Turmalin - Spirit Dust\" \/>\n<meta property=\"og:description\" content=\"\u201eEleganz der Erde\u201c ist ein Schutzarmband mit schwarzem Turmalin und Jadeit, das erdet, beruhigt und dir hilft, dich sicher zu f\u00fchlen.\" \/>\n<meta property=\"og:url\" content=\"https:\/\/spiritdust.pl\/de\/produkt\/eleganz-der-erde-armband-mit-schwarzem-turmalin\/\" \/>\n<meta property=\"og:site_name\" content=\"Spirit Dust\" \/>\n<meta property=\"article:publisher\" content=\"https:\/\/www.facebook.com\/spiritdustmj\/\" \/>\n<meta property=\"og:image\" content=\"https:\/\/spiritdust.pl\/wp-content\/uploads\/2026\/01\/DSC04655-2-1.jpg\" \/>\n\t<meta property=\"og:image:width\" content=\"1088\" \/>\n\t<meta property=\"og:image:height\" content=\"1080\" \/>\n\t<meta property=\"og:image:type\" content=\"image\/jpeg\" \/>\n<meta name=\"twitter:card\" content=\"summary_large_image\" \/>\n<meta name=\"twitter:label1\" content=\"Gesch\u00e4tzte Lesezeit\" \/>\n\t<meta name=\"twitter:data1\" content=\"1\u00a0Minute\" \/>\n<script type=\"application\/ld+json\" class=\"yoast-schema-graph\">{\"@context\":\"https:\\\/\\\/schema.org\",\"@graph\":[{\"@type\":\"WebPage\",\"@id\":\"https:\\\/\\\/spiritdust.pl\\\/de\\\/produkt\\\/eleganz-der-erde-armband-mit-schwarzem-turmalin\\\/\",\"url\":\"https:\\\/\\\/spiritdust.pl\\\/de\\\/produkt\\\/eleganz-der-erde-armband-mit-schwarzem-turmalin\\\/\",\"name\":\"Eleganz der Erde - Armband mit schwarzem Turmalin - Spirit Dust\",\"isPartOf\":{\"@id\":\"https:\\\/\\\/green-chough-870564.hostingersite.com\\\/#website\"},\"primaryImageOfPage\":{\"@id\":\"https:\\\/\\\/spiritdust.pl\\\/de\\\/produkt\\\/eleganz-der-erde-armband-mit-schwarzem-turmalin\\\/#primaryimage\"},\"image\":{\"@id\":\"https:\\\/\\\/spiritdust.pl\\\/de\\\/produkt\\\/eleganz-der-erde-armband-mit-schwarzem-turmalin\\\/#primaryimage\"},\"thumbnailUrl\":\"https:\\\/\\\/spiritdust.pl\\\/wp-content\\\/uploads\\\/2026\\\/01\\\/DSC04655-2-1.jpg\",\"datePublished\":\"2026-01-26T09:17:49+00:00\",\"description\":\"\u201eEleganz der Erde\u201c ist ein Schutzarmband mit schwarzem Turmalin und Jadeit, das erdet, beruhigt und dir hilft, dich sicher zu f\u00fchlen.\",\"breadcrumb\":{\"@id\":\"https:\\\/\\\/spiritdust.pl\\\/de\\\/produkt\\\/eleganz-der-erde-armband-mit-schwarzem-turmalin\\\/#breadcrumb\"},\"inLanguage\":\"de\",\"potentialAction\":[{\"@type\":\"ReadAction\",\"target\":[\"https:\\\/\\\/spiritdust.pl\\\/de\\\/produkt\\\/eleganz-der-erde-armband-mit-schwarzem-turmalin\\\/\"]}]},{\"@type\":\"ImageObject\",\"inLanguage\":\"de\",\"@id\":\"https:\\\/\\\/spiritdust.pl\\\/de\\\/produkt\\\/eleganz-der-erde-armband-mit-schwarzem-turmalin\\\/#primaryimage\",\"url\":\"https:\\\/\\\/spiritdust.pl\\\/wp-content\\\/uploads\\\/2026\\\/01\\\/DSC04655-2-1.jpg\",\"contentUrl\":\"https:\\\/\\\/spiritdust.pl\\\/wp-content\\\/uploads\\\/2026\\\/01\\\/DSC04655-2-1.jpg\",\"width\":1088,\"height\":1080},{\"@type\":\"BreadcrumbList\",\"@id\":\"https:\\\/\\\/spiritdust.pl\\\/de\\\/produkt\\\/eleganz-der-erde-armband-mit-schwarzem-turmalin\\\/#breadcrumb\",\"itemListElement\":[{\"@type\":\"ListItem\",\"position\":1,\"name\":\"Strona g\u0142\u00f3wna\",\"item\":\"https:\\\/\\\/spiritdust.pl\\\/de\\\/spirit-dust-schmuck-aus-kupfer-silber-und-natursteinen\\\/\"},{\"@type\":\"ListItem\",\"position\":2,\"name\":\"Shop\",\"item\":\"https:\\\/\\\/green-chough-870564.hostingersite.com\\\/shop\\\/\"},{\"@type\":\"ListItem\",\"position\":3,\"name\":\"Eleganz der Erde &#8211; Armband mit schwarzem Turmalin\"}]},{\"@type\":\"WebSite\",\"@id\":\"https:\\\/\\\/green-chough-870564.hostingersite.com\\\/#website\",\"url\":\"https:\\\/\\\/green-chough-870564.hostingersite.com\\\/\",\"name\":\"Spirit Dust\",\"description\":\"Bi\u017cuteria z Miedzi, Srebra i Kamieni Naturalnych\",\"publisher\":{\"@id\":\"https:\\\/\\\/green-chough-870564.hostingersite.com\\\/#organization\"},\"potentialAction\":[{\"@type\":\"SearchAction\",\"target\":{\"@type\":\"EntryPoint\",\"urlTemplate\":\"https:\\\/\\\/green-chough-870564.hostingersite.com\\\/?s={search_term_string}\"},\"query-input\":{\"@type\":\"PropertyValueSpecification\",\"valueRequired\":true,\"valueName\":\"search_term_string\"}}],\"inLanguage\":\"de\"},{\"@type\":\"Organization\",\"@id\":\"https:\\\/\\\/green-chough-870564.hostingersite.com\\\/#organization\",\"name\":\"Geisterstaub\",\"url\":\"https:\\\/\\\/green-chough-870564.hostingersite.com\\\/\",\"logo\":{\"@type\":\"ImageObject\",\"inLanguage\":\"de\",\"@id\":\"https:\\\/\\\/green-chough-870564.hostingersite.com\\\/#\\\/schema\\\/logo\\\/image\\\/\",\"url\":\"https:\\\/\\\/spiritdust.pl\\\/wp-content\\\/uploads\\\/2026\\\/01\\\/logo-sd.png\",\"contentUrl\":\"https:\\\/\\\/spiritdust.pl\\\/wp-content\\\/uploads\\\/2026\\\/01\\\/logo-sd.png\",\"width\":251,\"height\":368,\"caption\":\"Geisterstaub\"},\"image\":{\"@id\":\"https:\\\/\\\/green-chough-870564.hostingersite.com\\\/#\\\/schema\\\/logo\\\/image\\\/\"},\"sameAs\":[\"https:\\\/\\\/www.facebook.com\\\/spiritdustmj\\\/\",\"https:\\\/\\\/instagram.com\\\/spirit__dust\"]}]}<\/script>\n<!-- \/ Yoast SEO plugin. -->","yoast_head_json":{"title":"Eleganz der Erde - Armband mit schwarzem Turmalin - Spirit Dust","description":"\u201eEleganz der Erde\u201c ist ein Schutzarmband mit schwarzem Turmalin und Jadeit, das erdet, beruhigt und dir hilft, dich sicher zu f\u00fchlen.","robots":{"index":"index","follow":"follow","max-snippet":"max-snippet:-1","max-image-preview":"max-image-preview:large","max-video-preview":"max-video-preview:-1"},"canonical":"https:\/\/spiritdust.pl\/de\/produkt\/eleganz-der-erde-armband-mit-schwarzem-turmalin\/","og_locale":"de_DE","og_type":"article","og_title":"Eleganz der Erde - Armband mit schwarzem Turmalin - Spirit Dust","og_description":"\u201eEleganz der Erde\u201c ist ein Schutzarmband mit schwarzem Turmalin und Jadeit, das erdet, beruhigt und dir hilft, dich sicher zu f\u00fchlen.","og_url":"https:\/\/spiritdust.pl\/de\/produkt\/eleganz-der-erde-armband-mit-schwarzem-turmalin\/","og_site_name":"Spirit Dust","article_publisher":"https:\/\/www.facebook.com\/spiritdustmj\/","og_image":[{"width":1088,"height":1080,"url":"https:\/\/spiritdust.pl\/wp-content\/uploads\/2026\/01\/DSC04655-2-1.jpg","type":"image\/jpeg"}],"twitter_card":"summary_large_image","twitter_misc":{"Gesch\u00e4tzte Lesezeit":"1\u00a0Minute"},"schema":{"@context":"https:\/\/schema.org","@graph":[{"@type":"WebPage","@id":"https:\/\/spiritdust.pl\/de\/produkt\/eleganz-der-erde-armband-mit-schwarzem-turmalin\/","url":"https:\/\/spiritdust.pl\/de\/produkt\/eleganz-der-erde-armband-mit-schwarzem-turmalin\/","name":"Eleganz der Erde - Armband mit schwarzem Turmalin - Spirit Dust","isPartOf":{"@id":"https:\/\/green-chough-870564.hostingersite.com\/#website"},"primaryImageOfPage":{"@id":"https:\/\/spiritdust.pl\/de\/produkt\/eleganz-der-erde-armband-mit-schwarzem-turmalin\/#primaryimage"},"image":{"@id":"https:\/\/spiritdust.pl\/de\/produkt\/eleganz-der-erde-armband-mit-schwarzem-turmalin\/#primaryimage"},"thumbnailUrl":"https:\/\/spiritdust.pl\/wp-content\/uploads\/2026\/01\/DSC04655-2-1.jpg","datePublished":"2026-01-26T09:17:49+00:00","description":"\u201eEleganz der Erde\u201c ist ein Schutzarmband mit schwarzem Turmalin und Jadeit, das erdet, beruhigt und dir hilft, dich sicher zu f\u00fchlen.","breadcrumb":{"@id":"https:\/\/spiritdust.pl\/de\/produkt\/eleganz-der-erde-armband-mit-schwarzem-turmalin\/#breadcrumb"},"inLanguage":"de","potentialAction":[{"@type":"ReadAction","target":["https:\/\/spiritdust.pl\/de\/produkt\/eleganz-der-erde-armband-mit-schwarzem-turmalin\/"]}]},{"@type":"ImageObject","inLanguage":"de","@id":"https:\/\/spiritdust.pl\/de\/produkt\/eleganz-der-erde-armband-mit-schwarzem-turmalin\/#primaryimage","url":"https:\/\/spiritdust.pl\/wp-content\/uploads\/2026\/01\/DSC04655-2-1.jpg","contentUrl":"https:\/\/spiritdust.pl\/wp-content\/uploads\/2026\/01\/DSC04655-2-1.jpg","width":1088,"height":1080},{"@type":"BreadcrumbList","@id":"https:\/\/spiritdust.pl\/de\/produkt\/eleganz-der-erde-armband-mit-schwarzem-turmalin\/#breadcrumb","itemListElement":[{"@type":"ListItem","position":1,"name":"Strona g\u0142\u00f3wna","item":"https:\/\/spiritdust.pl\/de\/spirit-dust-schmuck-aus-kupfer-silber-und-natursteinen\/"},{"@type":"ListItem","position":2,"name":"Shop","item":"https:\/\/green-chough-870564.hostingersite.com\/shop\/"},{"@type":"ListItem","position":3,"name":"Eleganz der Erde &#8211; Armband mit schwarzem Turmalin"}]},{"@type":"WebSite","@id":"https:\/\/green-chough-870564.hostingersite.com\/#website","url":"https:\/\/green-chough-870564.hostingersite.com\/","name":"Spirit Dust","description":"Bi\u017cuteria z Miedzi, Srebra i Kamieni Naturalnych","publisher":{"@id":"https:\/\/green-chough-870564.hostingersite.com\/#organization"},"potentialAction":[{"@type":"SearchAction","target":{"@type":"EntryPoint","urlTemplate":"https:\/\/green-chough-870564.hostingersite.com\/?s={search_term_string}"},"query-input":{"@type":"PropertyValueSpecification","valueRequired":true,"valueName":"search_term_string"}}],"inLanguage":"de"},{"@type":"Organization","@id":"https:\/\/green-chough-870564.hostingersite.com\/#organization","name":"Geisterstaub","url":"https:\/\/green-chough-870564.hostingersite.com\/","logo":{"@type":"ImageObject","inLanguage":"de","@id":"https:\/\/green-chough-870564.hostingersite.com\/#\/schema\/logo\/image\/","url":"https:\/\/spiritdust.pl\/wp-content\/uploads\/2026\/01\/logo-sd.png","contentUrl":"https:\/\/spiritdust.pl\/wp-content\/uploads\/2026\/01\/logo-sd.png","width":251,"height":368,"caption":"Geisterstaub"},"image":{"@id":"https:\/\/green-chough-870564.hostingersite.com\/#\/schema\/logo\/image\/"},"sameAs":["https:\/\/www.facebook.com\/spiritdustmj\/","https:\/\/instagram.com\/spirit__dust"]}]}},"_links":{"self":[{"href":"https:\/\/spiritdust.pl\/de\/wp-json\/wp\/v2\/product\/2929","targetHints":{"allow":["GET"]}}],"collection":[{"href":"https:\/\/spiritdust.pl\/de\/wp-json\/wp\/v2\/product"}],"about":[{"href":"https:\/\/spiritdust.pl\/de\/wp-json\/wp\/v2\/types\/product"}],"version-history":[{"count":0,"href":"https:\/\/spiritdust.pl\/de\/wp-json\/wp\/v2\/product\/2929\/revisions"}],"wp:featuredmedia":[{"embeddable":true,"href":"https:\/\/spiritdust.pl\/de\/wp-json\/wp\/v2\/media\/2934"}],"wp:attachment":[{"href":"https:\/\/spiritdust.pl\/de\/wp-json\/wp\/v2\/media?parent=2929"}],"wp:term":[{"taxonomy":"product_brand","embeddable":true,"href":"https:\/\/spiritdust.pl\/de\/wp-json\/wp\/v2\/product_brand?post=2929"},{"taxonomy":"product_cat","embeddable":true,"href":"https:\/\/spiritdust.pl\/de\/wp-json\/wp\/v2\/product_cat?post=2929"},{"taxonomy":"product_tag","embeddable":true,"href":"https:\/\/spiritdust.pl\/de\/wp-json\/wp\/v2\/product_tag?post=2929"}],"curies":[{"name":"wp","href":"https:\/\/api.w.org\/{rel}","templated":true}]}}