{"id":2955,"date":"2026-01-26T09:17:49","date_gmt":"2026-01-26T09:17:49","guid":{"rendered":"https:\/\/spiritdust.pl\/produkt\/erdvibrationen-armband-mit-chrysopras\/"},"modified":"2026-01-26T09:17:49","modified_gmt":"2026-01-26T09:17:49","slug":"erdvibrationen-armband-mit-chrysopras","status":"publish","type":"product","link":"https:\/\/spiritdust.pl\/de\/produkt\/erdvibrationen-armband-mit-chrysopras\/","title":{"rendered":"Erdvibrationen &#8211; Armband mit Chrysopras"},"content":{"rendered":"<p data-start=\"446\" data-end=\"872\"><strong data-start=\"446\" data-end=\"478\">Das Armband \u201eErdvibrationen\u201c<\/strong> ist eine harmonische Kombination nat\u00fcrlicher Mineralien, die emotionale Erdung, Kommunikation und energetischen Schutz unterst\u00fctzen. Seine Farben \u2013 inspiriert von den Nuancen von Erde, Bl\u00e4ttern und Steinen \u2013 symbolisieren eine tiefe Verbindung zur Natur. Dar\u00fcber hinaus wirkt jeder der verwendeten Steine auf einer anderen Ebene: emotional, spirituell und physisch, weshalb das Armband ganzheitlich wirkt und deinen pers\u00f6nlichen Rhythmus st\u00e4rkt.  <\/p>\n<hr data-start=\"874\" data-end=\"877\">\n<h3 data-start=\"879\" data-end=\"902\">\u2728 Wirkung der Steine<\/h3>\n<h4 data-start=\"904\" data-end=\"945\">\ud83d\udd39 <strong data-start=\"912\" data-end=\"926\">Chrysopras<\/strong> \u2013 Herz und Emotionen<\/h4>\n<p data-start=\"946\" data-end=\"1150\">Bekannt f\u00fcr seine zarte, gr\u00fcnliche Farbe, unterst\u00fctzt Chrysopras die emotionale Ausgeglichenheit, Beruhigung und innere Harmonie. Er hilft auch, F\u00fclle anzuziehen und ein Gef\u00fchl emotionaler Sicherheit zu vermitteln. <\/p>\n<h4 data-start=\"1152\" data-end=\"1189\">\ud83d\udd39 <strong data-start=\"1160\" data-end=\"1170\">Jaspis<\/strong> \u2013 Schutz und St\u00e4rke<\/h4>\n<p data-start=\"1190\" data-end=\"1389\">Obwohl er in vielen Farbvarianten vorkommt, unterst\u00fctzt seine Energie stets Stabilit\u00e4t, Erdung und Schutz. Wichtig ist \u2013 er hilft, eine st\u00e4rkere Beziehung zur Natur aufzubauen und st\u00e4rkt das Vertrauen ins Leben. <\/p>\n<h4 data-start=\"1391\" data-end=\"1436\">\ud83d\udd39 <strong data-start=\"1399\" data-end=\"1410\">Bronzit<\/strong> \u2013 Stabilisierung und Ruhe<\/h4>\n<p data-start=\"1437\" data-end=\"1609\">Er sch\u00fctzt vor \u00e4u\u00dferen Einfl\u00fcssen und hilft, innere Ruhe und Klarheit der Gedanken zu bewahren. Er ist besonders empfehlenswert in Momenten der \u00dcberlastung oder des Informationschaos. <\/p>\n<h4 data-start=\"1611\" data-end=\"1677\">\ud83d\udd39 <strong data-start=\"1619\" data-end=\"1637\">Flussstein<\/strong> (Flussachat) \u2013 Fluss und Sanftheit<\/h4>\n<p data-start=\"1678\" data-end=\"1870\">Die zarten, pastellfarbenen T\u00f6ne dieses Steins unterst\u00fctzen emotionale Harmonie, Sanftheit und Geduld. Interessanterweise werden ihm auch Eigenschaften zugeschrieben, die den emotionalen Heilungsprozess f\u00f6rdern. <\/p>\n<h4 data-start=\"1872\" data-end=\"1921\">\ud83d\udd39 <strong data-start=\"1880\" data-end=\"1890\">T\u00fcrkis<\/strong> \u2013 Selbstausdruck und Weisheit<\/h4>\n<p data-start=\"1922\" data-end=\"2064\">Er wirkt auf das Halschakra \u2013 daher unterst\u00fctzt er Kommunikation, Authentizit\u00e4t und Mut beim Ausdruck von Gef\u00fchlen. Er verbindet geistige Klarheit mit emotionaler Ruhe. <\/p>\n<h4 data-start=\"2066\" data-end=\"2110\">\ud83d\udd39 <strong data-start=\"2074\" data-end=\"2085\">H\u00e4matit<\/strong> \u2013 Erdung und Energie<\/h4>\n<p data-start=\"2111\" data-end=\"2268\">Seine metallische Struktur symbolisiert innere St\u00e4rke und Stabilisierung. Er hilft, sich von unn\u00f6tigen Einfl\u00fcssen abzugrenzen und zieht gleichzeitig positive Schwingungen an. <\/p>\n<hr data-start=\"2270\" data-end=\"2273\">\n<h3 data-start=\"2275\" data-end=\"2291\">\ud83c\udf3f F\u00fcr wen?<\/h3>\n<p data-start=\"2293\" data-end=\"2633\">F\u00fcr diejenigen, die den Kontakt zu ihrer eigenen Intuition und Natur st\u00e4rken m\u00f6chten. F\u00fcr sensible, intensiv f\u00fchlende Menschen, die ein Gleichgewicht zwischen Aktivit\u00e4t und Ruhe ben\u00f6tigen. Das Armband \u201eErdvibrationen\u201c sch\u00fctzt nicht nur energetisch, sondern unterst\u00fctzt auch den Selbstausdruck und die innere Entwicklung \u2013 deshalb eignet es sich so gut f\u00fcr das t\u00e4gliche Tragen.  <\/p>\n","protected":false},"excerpt":{"rendered":"<p data-start=\"2666\" data-end=\"2868\">Das Armband \u201eErdvibrationen\u201c mit Chrysopras und Natursteinen st\u00e4rkt emotionale Ausgeglichenheit, Erdung und Kommunikation. Ideal f\u00fcr sensible Menschen, die Ruhe und energetischen Schutz suchen. <\/p>\n<p>&nbsp;<\/p>\n<p>Die Weite ist durch einen Schiebeknoten verstellbar.<\/p>\n<p class=\"p1\">Ich verpacke den Schmuck in einer dekorativen Schachtel und lege jeder Bestellung einen Beutel sowie zuf\u00e4llige Aufkleber als Geschenk bei. \u2728<\/p>\n<p>&nbsp;<\/p>\n<p><strong data-start=\"1081\" data-end=\"1127\">Das Armband wird speziell f\u00fcr dich angefertigt<\/strong> \u2013 du kannst die Farbe der Zwischenst\u00fccke bei der Bestellung w\u00e4hlen.<br data-start=\"1187\" data-end=\"1190\">Aus diesem Grund ist es ein personalisiertes Produkt, das gem\u00e4\u00df den geltenden Bestimmungen <strong data-start=\"1246\" data-end=\"1270\">vom Umtausch ausgeschlossen<\/strong> ist.<\/p>\n","protected":false},"featured_media":2956,"template":"","meta":{"inline_featured_image":false},"product_brand":[],"product_cat":[168,167],"product_tag":[231,336,265,335,169,170,334],"class_list":{"0":"post-2955","1":"product","2":"type-product","3":"status-publish","4":"has-post-thumbnail","6":"product_cat-armbander","7":"product_cat-schmuck","8":"product_tag-achat","9":"product_tag-bronzit","10":"product_tag-chrysopras","11":"product_tag-flussstein","12":"product_tag-hamatit","13":"product_tag-jaspis","14":"product_tag-turkis","16":"first","17":"instock","18":"taxable","19":"shipping-taxable","20":"purchasable","21":"product-type-variable"},"yoast_head":"<!-- This site is optimized with the Yoast SEO plugin v27.5 - https:\/\/yoast.com\/product\/yoast-seo-wordpress\/ -->\n<title>Erdvibrationen - Armband mit Chrysopras - Spirit Dust<\/title>\n<meta name=\"description\" content=\"Das Armband \u201eErdvibrationen\u201c beruhigt Emotionen, erdet und \u00f6ffnet f\u00fcr Kommunikation \u2013 es f\u00f6rdert die innere Harmonie und hilft dir, im Einklang mit der Natur zu handeln.\" \/>\n<meta name=\"robots\" content=\"index, follow, max-snippet:-1, max-image-preview:large, max-video-preview:-1\" \/>\n<link rel=\"canonical\" href=\"https:\/\/spiritdust.pl\/de\/produkt\/erdvibrationen-armband-mit-chrysopras\/\" \/>\n<meta property=\"og:locale\" content=\"de_DE\" \/>\n<meta property=\"og:type\" content=\"article\" \/>\n<meta property=\"og:title\" content=\"Erdvibrationen - Armband mit Chrysopras - Spirit Dust\" \/>\n<meta property=\"og:description\" content=\"Das Armband \u201eErdvibrationen\u201c beruhigt Emotionen, erdet und \u00f6ffnet f\u00fcr Kommunikation \u2013 es f\u00f6rdert die innere Harmonie und hilft dir, im Einklang mit der Natur zu handeln.\" \/>\n<meta property=\"og:url\" content=\"https:\/\/spiritdust.pl\/de\/produkt\/erdvibrationen-armband-mit-chrysopras\/\" \/>\n<meta property=\"og:site_name\" content=\"Spirit Dust\" \/>\n<meta property=\"article:publisher\" content=\"https:\/\/www.facebook.com\/spiritdustmj\/\" \/>\n<meta property=\"og:image\" content=\"https:\/\/spiritdust.pl\/wp-content\/uploads\/2026\/01\/DSC04646-2-1.jpg\" \/>\n\t<meta property=\"og:image:width\" content=\"1088\" \/>\n\t<meta property=\"og:image:height\" content=\"1080\" \/>\n\t<meta property=\"og:image:type\" content=\"image\/jpeg\" \/>\n<meta name=\"twitter:card\" content=\"summary_large_image\" \/>\n<meta name=\"twitter:label1\" content=\"Gesch\u00e4tzte Lesezeit\" \/>\n\t<meta name=\"twitter:data1\" content=\"2\u00a0Minuten\" \/>\n<script type=\"application\/ld+json\" class=\"yoast-schema-graph\">{\"@context\":\"https:\\\/\\\/schema.org\",\"@graph\":[{\"@type\":\"WebPage\",\"@id\":\"https:\\\/\\\/spiritdust.pl\\\/de\\\/produkt\\\/erdvibrationen-armband-mit-chrysopras\\\/\",\"url\":\"https:\\\/\\\/spiritdust.pl\\\/de\\\/produkt\\\/erdvibrationen-armband-mit-chrysopras\\\/\",\"name\":\"Erdvibrationen - Armband mit Chrysopras - Spirit Dust\",\"isPartOf\":{\"@id\":\"https:\\\/\\\/green-chough-870564.hostingersite.com\\\/#website\"},\"primaryImageOfPage\":{\"@id\":\"https:\\\/\\\/spiritdust.pl\\\/de\\\/produkt\\\/erdvibrationen-armband-mit-chrysopras\\\/#primaryimage\"},\"image\":{\"@id\":\"https:\\\/\\\/spiritdust.pl\\\/de\\\/produkt\\\/erdvibrationen-armband-mit-chrysopras\\\/#primaryimage\"},\"thumbnailUrl\":\"https:\\\/\\\/spiritdust.pl\\\/wp-content\\\/uploads\\\/2026\\\/01\\\/DSC04646-2-1.jpg\",\"datePublished\":\"2026-01-26T09:17:49+00:00\",\"description\":\"Das Armband \u201eErdvibrationen\u201c beruhigt Emotionen, erdet und \u00f6ffnet f\u00fcr Kommunikation \u2013 es f\u00f6rdert die innere Harmonie und hilft dir, im Einklang mit der Natur zu handeln.\",\"breadcrumb\":{\"@id\":\"https:\\\/\\\/spiritdust.pl\\\/de\\\/produkt\\\/erdvibrationen-armband-mit-chrysopras\\\/#breadcrumb\"},\"inLanguage\":\"de\",\"potentialAction\":[{\"@type\":\"ReadAction\",\"target\":[\"https:\\\/\\\/spiritdust.pl\\\/de\\\/produkt\\\/erdvibrationen-armband-mit-chrysopras\\\/\"]}]},{\"@type\":\"ImageObject\",\"inLanguage\":\"de\",\"@id\":\"https:\\\/\\\/spiritdust.pl\\\/de\\\/produkt\\\/erdvibrationen-armband-mit-chrysopras\\\/#primaryimage\",\"url\":\"https:\\\/\\\/spiritdust.pl\\\/wp-content\\\/uploads\\\/2026\\\/01\\\/DSC04646-2-1.jpg\",\"contentUrl\":\"https:\\\/\\\/spiritdust.pl\\\/wp-content\\\/uploads\\\/2026\\\/01\\\/DSC04646-2-1.jpg\",\"width\":1088,\"height\":1080},{\"@type\":\"BreadcrumbList\",\"@id\":\"https:\\\/\\\/spiritdust.pl\\\/de\\\/produkt\\\/erdvibrationen-armband-mit-chrysopras\\\/#breadcrumb\",\"itemListElement\":[{\"@type\":\"ListItem\",\"position\":1,\"name\":\"Strona g\u0142\u00f3wna\",\"item\":\"https:\\\/\\\/spiritdust.pl\\\/de\\\/spirit-dust-schmuck-aus-kupfer-silber-und-natursteinen\\\/\"},{\"@type\":\"ListItem\",\"position\":2,\"name\":\"Shop\",\"item\":\"https:\\\/\\\/green-chough-870564.hostingersite.com\\\/shop\\\/\"},{\"@type\":\"ListItem\",\"position\":3,\"name\":\"Erdvibrationen &#8211; Armband mit Chrysopras\"}]},{\"@type\":\"WebSite\",\"@id\":\"https:\\\/\\\/green-chough-870564.hostingersite.com\\\/#website\",\"url\":\"https:\\\/\\\/green-chough-870564.hostingersite.com\\\/\",\"name\":\"Spirit Dust\",\"description\":\"Bi\u017cuteria z Miedzi, Srebra i Kamieni Naturalnych\",\"publisher\":{\"@id\":\"https:\\\/\\\/green-chough-870564.hostingersite.com\\\/#organization\"},\"potentialAction\":[{\"@type\":\"SearchAction\",\"target\":{\"@type\":\"EntryPoint\",\"urlTemplate\":\"https:\\\/\\\/green-chough-870564.hostingersite.com\\\/?s={search_term_string}\"},\"query-input\":{\"@type\":\"PropertyValueSpecification\",\"valueRequired\":true,\"valueName\":\"search_term_string\"}}],\"inLanguage\":\"de\"},{\"@type\":\"Organization\",\"@id\":\"https:\\\/\\\/green-chough-870564.hostingersite.com\\\/#organization\",\"name\":\"Geisterstaub\",\"url\":\"https:\\\/\\\/green-chough-870564.hostingersite.com\\\/\",\"logo\":{\"@type\":\"ImageObject\",\"inLanguage\":\"de\",\"@id\":\"https:\\\/\\\/green-chough-870564.hostingersite.com\\\/#\\\/schema\\\/logo\\\/image\\\/\",\"url\":\"https:\\\/\\\/spiritdust.pl\\\/wp-content\\\/uploads\\\/2026\\\/01\\\/logo-sd.png\",\"contentUrl\":\"https:\\\/\\\/spiritdust.pl\\\/wp-content\\\/uploads\\\/2026\\\/01\\\/logo-sd.png\",\"width\":251,\"height\":368,\"caption\":\"Geisterstaub\"},\"image\":{\"@id\":\"https:\\\/\\\/green-chough-870564.hostingersite.com\\\/#\\\/schema\\\/logo\\\/image\\\/\"},\"sameAs\":[\"https:\\\/\\\/www.facebook.com\\\/spiritdustmj\\\/\",\"https:\\\/\\\/instagram.com\\\/spirit__dust\"]}]}<\/script>\n<!-- \/ Yoast SEO plugin. -->","yoast_head_json":{"title":"Erdvibrationen - Armband mit Chrysopras - Spirit Dust","description":"Das Armband \u201eErdvibrationen\u201c beruhigt Emotionen, erdet und \u00f6ffnet f\u00fcr Kommunikation \u2013 es f\u00f6rdert die innere Harmonie und hilft dir, im Einklang mit der Natur zu handeln.","robots":{"index":"index","follow":"follow","max-snippet":"max-snippet:-1","max-image-preview":"max-image-preview:large","max-video-preview":"max-video-preview:-1"},"canonical":"https:\/\/spiritdust.pl\/de\/produkt\/erdvibrationen-armband-mit-chrysopras\/","og_locale":"de_DE","og_type":"article","og_title":"Erdvibrationen - Armband mit Chrysopras - Spirit Dust","og_description":"Das Armband \u201eErdvibrationen\u201c beruhigt Emotionen, erdet und \u00f6ffnet f\u00fcr Kommunikation \u2013 es f\u00f6rdert die innere Harmonie und hilft dir, im Einklang mit der Natur zu handeln.","og_url":"https:\/\/spiritdust.pl\/de\/produkt\/erdvibrationen-armband-mit-chrysopras\/","og_site_name":"Spirit Dust","article_publisher":"https:\/\/www.facebook.com\/spiritdustmj\/","og_image":[{"width":1088,"height":1080,"url":"https:\/\/spiritdust.pl\/wp-content\/uploads\/2026\/01\/DSC04646-2-1.jpg","type":"image\/jpeg"}],"twitter_card":"summary_large_image","twitter_misc":{"Gesch\u00e4tzte Lesezeit":"2\u00a0Minuten"},"schema":{"@context":"https:\/\/schema.org","@graph":[{"@type":"WebPage","@id":"https:\/\/spiritdust.pl\/de\/produkt\/erdvibrationen-armband-mit-chrysopras\/","url":"https:\/\/spiritdust.pl\/de\/produkt\/erdvibrationen-armband-mit-chrysopras\/","name":"Erdvibrationen - Armband mit Chrysopras - Spirit Dust","isPartOf":{"@id":"https:\/\/green-chough-870564.hostingersite.com\/#website"},"primaryImageOfPage":{"@id":"https:\/\/spiritdust.pl\/de\/produkt\/erdvibrationen-armband-mit-chrysopras\/#primaryimage"},"image":{"@id":"https:\/\/spiritdust.pl\/de\/produkt\/erdvibrationen-armband-mit-chrysopras\/#primaryimage"},"thumbnailUrl":"https:\/\/spiritdust.pl\/wp-content\/uploads\/2026\/01\/DSC04646-2-1.jpg","datePublished":"2026-01-26T09:17:49+00:00","description":"Das Armband \u201eErdvibrationen\u201c beruhigt Emotionen, erdet und \u00f6ffnet f\u00fcr Kommunikation \u2013 es f\u00f6rdert die innere Harmonie und hilft dir, im Einklang mit der Natur zu handeln.","breadcrumb":{"@id":"https:\/\/spiritdust.pl\/de\/produkt\/erdvibrationen-armband-mit-chrysopras\/#breadcrumb"},"inLanguage":"de","potentialAction":[{"@type":"ReadAction","target":["https:\/\/spiritdust.pl\/de\/produkt\/erdvibrationen-armband-mit-chrysopras\/"]}]},{"@type":"ImageObject","inLanguage":"de","@id":"https:\/\/spiritdust.pl\/de\/produkt\/erdvibrationen-armband-mit-chrysopras\/#primaryimage","url":"https:\/\/spiritdust.pl\/wp-content\/uploads\/2026\/01\/DSC04646-2-1.jpg","contentUrl":"https:\/\/spiritdust.pl\/wp-content\/uploads\/2026\/01\/DSC04646-2-1.jpg","width":1088,"height":1080},{"@type":"BreadcrumbList","@id":"https:\/\/spiritdust.pl\/de\/produkt\/erdvibrationen-armband-mit-chrysopras\/#breadcrumb","itemListElement":[{"@type":"ListItem","position":1,"name":"Strona g\u0142\u00f3wna","item":"https:\/\/spiritdust.pl\/de\/spirit-dust-schmuck-aus-kupfer-silber-und-natursteinen\/"},{"@type":"ListItem","position":2,"name":"Shop","item":"https:\/\/green-chough-870564.hostingersite.com\/shop\/"},{"@type":"ListItem","position":3,"name":"Erdvibrationen &#8211; Armband mit Chrysopras"}]},{"@type":"WebSite","@id":"https:\/\/green-chough-870564.hostingersite.com\/#website","url":"https:\/\/green-chough-870564.hostingersite.com\/","name":"Spirit Dust","description":"Bi\u017cuteria z Miedzi, Srebra i Kamieni Naturalnych","publisher":{"@id":"https:\/\/green-chough-870564.hostingersite.com\/#organization"},"potentialAction":[{"@type":"SearchAction","target":{"@type":"EntryPoint","urlTemplate":"https:\/\/green-chough-870564.hostingersite.com\/?s={search_term_string}"},"query-input":{"@type":"PropertyValueSpecification","valueRequired":true,"valueName":"search_term_string"}}],"inLanguage":"de"},{"@type":"Organization","@id":"https:\/\/green-chough-870564.hostingersite.com\/#organization","name":"Geisterstaub","url":"https:\/\/green-chough-870564.hostingersite.com\/","logo":{"@type":"ImageObject","inLanguage":"de","@id":"https:\/\/green-chough-870564.hostingersite.com\/#\/schema\/logo\/image\/","url":"https:\/\/spiritdust.pl\/wp-content\/uploads\/2026\/01\/logo-sd.png","contentUrl":"https:\/\/spiritdust.pl\/wp-content\/uploads\/2026\/01\/logo-sd.png","width":251,"height":368,"caption":"Geisterstaub"},"image":{"@id":"https:\/\/green-chough-870564.hostingersite.com\/#\/schema\/logo\/image\/"},"sameAs":["https:\/\/www.facebook.com\/spiritdustmj\/","https:\/\/instagram.com\/spirit__dust"]}]}},"_links":{"self":[{"href":"https:\/\/spiritdust.pl\/de\/wp-json\/wp\/v2\/product\/2955","targetHints":{"allow":["GET"]}}],"collection":[{"href":"https:\/\/spiritdust.pl\/de\/wp-json\/wp\/v2\/product"}],"about":[{"href":"https:\/\/spiritdust.pl\/de\/wp-json\/wp\/v2\/types\/product"}],"version-history":[{"count":0,"href":"https:\/\/spiritdust.pl\/de\/wp-json\/wp\/v2\/product\/2955\/revisions"}],"wp:featuredmedia":[{"embeddable":true,"href":"https:\/\/spiritdust.pl\/de\/wp-json\/wp\/v2\/media\/2956"}],"wp:attachment":[{"href":"https:\/\/spiritdust.pl\/de\/wp-json\/wp\/v2\/media?parent=2955"}],"wp:term":[{"taxonomy":"product_brand","embeddable":true,"href":"https:\/\/spiritdust.pl\/de\/wp-json\/wp\/v2\/product_brand?post=2955"},{"taxonomy":"product_cat","embeddable":true,"href":"https:\/\/spiritdust.pl\/de\/wp-json\/wp\/v2\/product_cat?post=2955"},{"taxonomy":"product_tag","embeddable":true,"href":"https:\/\/spiritdust.pl\/de\/wp-json\/wp\/v2\/product_tag?post=2955"}],"curies":[{"name":"wp","href":"https:\/\/api.w.org\/{rel}","templated":true}]}}