{"id":2968,"date":"2026-01-26T09:17:49","date_gmt":"2026-01-26T09:17:49","guid":{"rendered":"https:\/\/spiritdust.pl\/produkt\/harmonie-der-erde-nephrit-armband\/"},"modified":"2026-01-26T09:17:49","modified_gmt":"2026-01-26T09:17:49","slug":"harmonie-der-erde-nephrit-armband","status":"publish","type":"product","link":"https:\/\/spiritdust.pl\/de\/produkt\/harmonie-der-erde-nephrit-armband\/","title":{"rendered":"Harmonie der Erde &#8211; Nephrit-Armband"},"content":{"rendered":"<p data-start=\"378\" data-end=\"828\"><strong data-start=\"378\" data-end=\"421\">Das Nephrit-Armband \u201eHarmonie der Erde\u201c<\/strong> verbindet die Kraft der Erde mit der Sanftheit innerer Ruhe. Seine warmen, nat\u00fcrlichen Farben wirken beruhigend, und die sorgf\u00e4ltig ausgew\u00e4hlten Steine unterst\u00fctzen dich emotional und energetisch. Einerseits beruhigt es, andererseits stellt es Stabilit\u00e4t wieder her und hilft dir, zu deinem eigenen Rhythmus zur\u00fcckzufinden. Dar\u00fcber hinaus wird das Armband durch die Kombination von Nephrit, Tigerauge und Jade zu deinem pers\u00f6nlichen Talisman des Gleichgewichts.   <\/p>\n<hr data-start=\"830\" data-end=\"833\">\n<h3 data-start=\"835\" data-end=\"888\">\u2728 Wirkung der Steine \u2013 f\u00fcr das Gleichgewicht von K\u00f6rper und Geist<\/h3>\n<h4 data-start=\"890\" data-end=\"934\">\ud83d\udd39 <strong data-start=\"898\" data-end=\"908\">Nephrit<\/strong> \u2013 Harmonie und Beruhigung<\/h4>\n<p data-start=\"935\" data-end=\"1055\">Er f\u00f6rdert innere Ruhe, hilft, Emotionen zu beruhigen und das Gleichgewicht wiederzufinden. Zudem zieht er Wohlstand an und wirkt sch\u00fctzend. <\/p>\n<h4 data-start=\"1057\" data-end=\"1114\">\ud83d\udd39 <strong data-start=\"1065\" data-end=\"1087\">Dalmatiner Jaspis<\/strong> \u2013 Distanz und Heiterkeit<\/h4>\n<p data-start=\"1115\" data-end=\"1235\">Obwohl seine Energie sanft ist, hilft er effektiv, Spannungen abzubauen und verleiht gleichzeitig Leichtigkeit und Humor.<\/p>\n<h4 data-start=\"1237\" data-end=\"1291\">\ud83d\udd39 <strong data-start=\"1245\" data-end=\"1261\">Tigerauge<\/strong> \u2013 Handlungskraft und Intuition<\/h4>\n<p data-start=\"1292\" data-end=\"1422\">Es sch\u00fctzt vor Ablenkung, st\u00e4rkt die Konzentration und aktiviert dabei die Intuition. Dadurch erleichtert es gute Entscheidungen. <\/p>\n<h4 data-start=\"1424\" data-end=\"1469\">\ud83d\udd39 <strong data-start=\"1432\" data-end=\"1442\">Jadeit<\/strong> \u2013 Wohlstand und Gleichgewicht<\/h4>\n<p data-start=\"1470\" data-end=\"1594\">Seit Jahrhunderten als Stein des Wohlstands bekannt. Er erleichtert es, in schwierigen Situationen ruhig zu bleiben und hilft dir, im Einklang mit dir selbst zu handeln. <\/p>\n<h4 data-start=\"1596\" data-end=\"1645\">\ud83d\udd39 <strong data-start=\"1604\" data-end=\"1617\">Aventurin<\/strong> \u2013 Frische und Manifestation<\/h4>\n<p data-start=\"1646\" data-end=\"1770\">Er hilft, Tr\u00e4ume zu verwirklichen und unterst\u00fctzt die kreative Energie. Zudem \u00f6ffnet er f\u00fcr F\u00fclle \u2013 sowohl innere als auch \u00e4u\u00dfere. <\/p>\n<h4 data-start=\"1772\" data-end=\"1820\">\ud83d\udd39 <strong data-start=\"1780\" data-end=\"1791\">H\u00e4matit<\/strong> \u2013 Stabilit\u00e4t und Regeneration<\/h4>\n<p data-start=\"1821\" data-end=\"1954\">Er erdet, befreit den Geist von Anspannung und stellt die Konzentration wieder her. Er ist unersetzlich, wenn du dich \u00fcberlastet oder vom K\u00f6rper getrennt f\u00fchlst. <\/p>\n<hr data-start=\"1956\" data-end=\"1959\">\n<h3 data-start=\"1961\" data-end=\"1977\">\ud83c\udf3e F\u00fcr wen?<\/h3>\n<p data-start=\"1979\" data-end=\"2354\">F\u00fcr jede Person, die achtsamer und ruhiger leben m\u00f6chte \u2013 egal ob sie gerade eine intensive Zeit durchmacht oder einfach mehr Balance im Alltag sucht. Das Armband \u201eHarmonie der Erde\u201c unterst\u00fctzt sowohl in Momenten des Handelns als auch in Momenten des Innehaltens. Wichtig ist \u2013 es wirkt subtil und gleichzeitig effektiv, indem es dich daran erinnert, was wirklich wichtig ist.  <\/p>\n","protected":false},"excerpt":{"rendered":"<p data-start=\"2387\" data-end=\"2580\">Das Armband \u201eHarmonie der Erde\u201c mit Nephrit und Natursteinen hilft, das Gleichgewicht wiederzufinden, Emotionen zu beruhigen und im Einklang mit dem eigenen Rhythmus zu handeln. Ideal f\u00fcr die t\u00e4gliche energetische Unterst\u00fctzung. <\/p>\n<p>Die Weite ist durch einen Schiebeknoten verstellbar.<\/p>\n<p class=\"p1\">Ich verpacke den Schmuck in einer dekorativen Schachtel und lege jeder Bestellung einen Beutel sowie zuf\u00e4llige Aufkleber als Geschenk bei. \u2728<\/p>\n<p>&nbsp;<\/p>\n<p><strong data-start=\"1081\" data-end=\"1127\">Das Armband wird speziell f\u00fcr dich angefertigt<\/strong> \u2013 du kannst die Farbe der Zwischenst\u00fccke bei der Bestellung w\u00e4hlen.<br data-start=\"1187\" data-end=\"1190\">Aus diesem Grund handelt es sich um ein personalisiertes Produkt, das <strong data-start=\"1246\" data-end=\"1270\">vom Umtausch ausgeschlossen ist<\/strong>, gem\u00e4\u00df den geltenden Bestimmungen.<\/p>\n","protected":false},"featured_media":2972,"template":"","meta":{"inline_featured_image":false},"product_brand":[],"product_cat":[168,167],"product_tag":[179,315,169,173,308,221],"class_list":{"0":"post-2968","1":"product","2":"type-product","3":"status-publish","4":"has-post-thumbnail","6":"product_cat-armbander","7":"product_cat-schmuck","8":"product_tag-aventurin","9":"product_tag-dalmatiner-jaspis","10":"product_tag-hamatit","11":"product_tag-jade","12":"product_tag-nephrit","13":"product_tag-tigerauge","15":"first","16":"instock","17":"taxable","18":"shipping-taxable","19":"purchasable","20":"product-type-variable"},"yoast_head":"<!-- This site is optimized with the Yoast SEO plugin v27.5 - https:\/\/yoast.com\/product\/yoast-seo-wordpress\/ -->\n<title>Harmonie der Erde - Nephrit-Armband - Spirit Dust<\/title>\n<meta name=\"description\" content=\"Zart, aber kraftvoll \u2013 \u201eHarmonie der Erde\u201c ist ein Nephrit-Armband, das dich erdet, sch\u00fctzt und innere Ruhe schenkt, selbst wenn die Welt rast.\" \/>\n<meta name=\"robots\" content=\"index, follow, max-snippet:-1, max-image-preview:large, max-video-preview:-1\" \/>\n<link rel=\"canonical\" href=\"https:\/\/spiritdust.pl\/de\/produkt\/harmonie-der-erde-nephrit-armband\/\" \/>\n<meta property=\"og:locale\" content=\"de_DE\" \/>\n<meta property=\"og:type\" content=\"article\" \/>\n<meta property=\"og:title\" content=\"Harmonie der Erde - Nephrit-Armband - Spirit Dust\" \/>\n<meta property=\"og:description\" content=\"Zart, aber kraftvoll \u2013 \u201eHarmonie der Erde\u201c ist ein Nephrit-Armband, das dich erdet, sch\u00fctzt und innere Ruhe schenkt, selbst wenn die Welt rast.\" \/>\n<meta property=\"og:url\" content=\"https:\/\/spiritdust.pl\/de\/produkt\/harmonie-der-erde-nephrit-armband\/\" \/>\n<meta property=\"og:site_name\" content=\"Spirit Dust\" \/>\n<meta property=\"article:publisher\" content=\"https:\/\/www.facebook.com\/spiritdustmj\/\" \/>\n<meta property=\"og:image\" content=\"https:\/\/spiritdust.pl\/wp-content\/uploads\/2026\/01\/DSC04637-2-1.jpg\" \/>\n\t<meta property=\"og:image:width\" content=\"1088\" \/>\n\t<meta property=\"og:image:height\" content=\"1080\" \/>\n\t<meta property=\"og:image:type\" content=\"image\/jpeg\" \/>\n<meta name=\"twitter:card\" content=\"summary_large_image\" \/>\n<meta name=\"twitter:label1\" content=\"Gesch\u00e4tzte Lesezeit\" \/>\n\t<meta name=\"twitter:data1\" content=\"2\u00a0Minuten\" \/>\n<script type=\"application\/ld+json\" class=\"yoast-schema-graph\">{\"@context\":\"https:\\\/\\\/schema.org\",\"@graph\":[{\"@type\":\"WebPage\",\"@id\":\"https:\\\/\\\/spiritdust.pl\\\/de\\\/produkt\\\/harmonie-der-erde-nephrit-armband\\\/\",\"url\":\"https:\\\/\\\/spiritdust.pl\\\/de\\\/produkt\\\/harmonie-der-erde-nephrit-armband\\\/\",\"name\":\"Harmonie der Erde - Nephrit-Armband - Spirit Dust\",\"isPartOf\":{\"@id\":\"https:\\\/\\\/green-chough-870564.hostingersite.com\\\/#website\"},\"primaryImageOfPage\":{\"@id\":\"https:\\\/\\\/spiritdust.pl\\\/de\\\/produkt\\\/harmonie-der-erde-nephrit-armband\\\/#primaryimage\"},\"image\":{\"@id\":\"https:\\\/\\\/spiritdust.pl\\\/de\\\/produkt\\\/harmonie-der-erde-nephrit-armband\\\/#primaryimage\"},\"thumbnailUrl\":\"https:\\\/\\\/spiritdust.pl\\\/wp-content\\\/uploads\\\/2026\\\/01\\\/DSC04637-2-1.jpg\",\"datePublished\":\"2026-01-26T09:17:49+00:00\",\"description\":\"Zart, aber kraftvoll \u2013 \u201eHarmonie der Erde\u201c ist ein Nephrit-Armband, das dich erdet, sch\u00fctzt und innere Ruhe schenkt, selbst wenn die Welt rast.\",\"breadcrumb\":{\"@id\":\"https:\\\/\\\/spiritdust.pl\\\/de\\\/produkt\\\/harmonie-der-erde-nephrit-armband\\\/#breadcrumb\"},\"inLanguage\":\"de\",\"potentialAction\":[{\"@type\":\"ReadAction\",\"target\":[\"https:\\\/\\\/spiritdust.pl\\\/de\\\/produkt\\\/harmonie-der-erde-nephrit-armband\\\/\"]}]},{\"@type\":\"ImageObject\",\"inLanguage\":\"de\",\"@id\":\"https:\\\/\\\/spiritdust.pl\\\/de\\\/produkt\\\/harmonie-der-erde-nephrit-armband\\\/#primaryimage\",\"url\":\"https:\\\/\\\/spiritdust.pl\\\/wp-content\\\/uploads\\\/2026\\\/01\\\/DSC04637-2-1.jpg\",\"contentUrl\":\"https:\\\/\\\/spiritdust.pl\\\/wp-content\\\/uploads\\\/2026\\\/01\\\/DSC04637-2-1.jpg\",\"width\":1088,\"height\":1080},{\"@type\":\"BreadcrumbList\",\"@id\":\"https:\\\/\\\/spiritdust.pl\\\/de\\\/produkt\\\/harmonie-der-erde-nephrit-armband\\\/#breadcrumb\",\"itemListElement\":[{\"@type\":\"ListItem\",\"position\":1,\"name\":\"Strona g\u0142\u00f3wna\",\"item\":\"https:\\\/\\\/spiritdust.pl\\\/de\\\/spirit-dust-schmuck-aus-kupfer-silber-und-natursteinen\\\/\"},{\"@type\":\"ListItem\",\"position\":2,\"name\":\"Shop\",\"item\":\"https:\\\/\\\/green-chough-870564.hostingersite.com\\\/shop\\\/\"},{\"@type\":\"ListItem\",\"position\":3,\"name\":\"Harmonie der Erde &#8211; Nephrit-Armband\"}]},{\"@type\":\"WebSite\",\"@id\":\"https:\\\/\\\/green-chough-870564.hostingersite.com\\\/#website\",\"url\":\"https:\\\/\\\/green-chough-870564.hostingersite.com\\\/\",\"name\":\"Spirit Dust\",\"description\":\"Bi\u017cuteria z Miedzi, Srebra i Kamieni Naturalnych\",\"publisher\":{\"@id\":\"https:\\\/\\\/green-chough-870564.hostingersite.com\\\/#organization\"},\"potentialAction\":[{\"@type\":\"SearchAction\",\"target\":{\"@type\":\"EntryPoint\",\"urlTemplate\":\"https:\\\/\\\/green-chough-870564.hostingersite.com\\\/?s={search_term_string}\"},\"query-input\":{\"@type\":\"PropertyValueSpecification\",\"valueRequired\":true,\"valueName\":\"search_term_string\"}}],\"inLanguage\":\"de\"},{\"@type\":\"Organization\",\"@id\":\"https:\\\/\\\/green-chough-870564.hostingersite.com\\\/#organization\",\"name\":\"Geisterstaub\",\"url\":\"https:\\\/\\\/green-chough-870564.hostingersite.com\\\/\",\"logo\":{\"@type\":\"ImageObject\",\"inLanguage\":\"de\",\"@id\":\"https:\\\/\\\/green-chough-870564.hostingersite.com\\\/#\\\/schema\\\/logo\\\/image\\\/\",\"url\":\"https:\\\/\\\/spiritdust.pl\\\/wp-content\\\/uploads\\\/2026\\\/01\\\/logo-sd.png\",\"contentUrl\":\"https:\\\/\\\/spiritdust.pl\\\/wp-content\\\/uploads\\\/2026\\\/01\\\/logo-sd.png\",\"width\":251,\"height\":368,\"caption\":\"Geisterstaub\"},\"image\":{\"@id\":\"https:\\\/\\\/green-chough-870564.hostingersite.com\\\/#\\\/schema\\\/logo\\\/image\\\/\"},\"sameAs\":[\"https:\\\/\\\/www.facebook.com\\\/spiritdustmj\\\/\",\"https:\\\/\\\/instagram.com\\\/spirit__dust\"]}]}<\/script>\n<!-- \/ Yoast SEO plugin. -->","yoast_head_json":{"title":"Harmonie der Erde - Nephrit-Armband - Spirit Dust","description":"Zart, aber kraftvoll \u2013 \u201eHarmonie der Erde\u201c ist ein Nephrit-Armband, das dich erdet, sch\u00fctzt und innere Ruhe schenkt, selbst wenn die Welt rast.","robots":{"index":"index","follow":"follow","max-snippet":"max-snippet:-1","max-image-preview":"max-image-preview:large","max-video-preview":"max-video-preview:-1"},"canonical":"https:\/\/spiritdust.pl\/de\/produkt\/harmonie-der-erde-nephrit-armband\/","og_locale":"de_DE","og_type":"article","og_title":"Harmonie der Erde - Nephrit-Armband - Spirit Dust","og_description":"Zart, aber kraftvoll \u2013 \u201eHarmonie der Erde\u201c ist ein Nephrit-Armband, das dich erdet, sch\u00fctzt und innere Ruhe schenkt, selbst wenn die Welt rast.","og_url":"https:\/\/spiritdust.pl\/de\/produkt\/harmonie-der-erde-nephrit-armband\/","og_site_name":"Spirit Dust","article_publisher":"https:\/\/www.facebook.com\/spiritdustmj\/","og_image":[{"width":1088,"height":1080,"url":"https:\/\/spiritdust.pl\/wp-content\/uploads\/2026\/01\/DSC04637-2-1.jpg","type":"image\/jpeg"}],"twitter_card":"summary_large_image","twitter_misc":{"Gesch\u00e4tzte Lesezeit":"2\u00a0Minuten"},"schema":{"@context":"https:\/\/schema.org","@graph":[{"@type":"WebPage","@id":"https:\/\/spiritdust.pl\/de\/produkt\/harmonie-der-erde-nephrit-armband\/","url":"https:\/\/spiritdust.pl\/de\/produkt\/harmonie-der-erde-nephrit-armband\/","name":"Harmonie der Erde - Nephrit-Armband - Spirit Dust","isPartOf":{"@id":"https:\/\/green-chough-870564.hostingersite.com\/#website"},"primaryImageOfPage":{"@id":"https:\/\/spiritdust.pl\/de\/produkt\/harmonie-der-erde-nephrit-armband\/#primaryimage"},"image":{"@id":"https:\/\/spiritdust.pl\/de\/produkt\/harmonie-der-erde-nephrit-armband\/#primaryimage"},"thumbnailUrl":"https:\/\/spiritdust.pl\/wp-content\/uploads\/2026\/01\/DSC04637-2-1.jpg","datePublished":"2026-01-26T09:17:49+00:00","description":"Zart, aber kraftvoll \u2013 \u201eHarmonie der Erde\u201c ist ein Nephrit-Armband, das dich erdet, sch\u00fctzt und innere Ruhe schenkt, selbst wenn die Welt rast.","breadcrumb":{"@id":"https:\/\/spiritdust.pl\/de\/produkt\/harmonie-der-erde-nephrit-armband\/#breadcrumb"},"inLanguage":"de","potentialAction":[{"@type":"ReadAction","target":["https:\/\/spiritdust.pl\/de\/produkt\/harmonie-der-erde-nephrit-armband\/"]}]},{"@type":"ImageObject","inLanguage":"de","@id":"https:\/\/spiritdust.pl\/de\/produkt\/harmonie-der-erde-nephrit-armband\/#primaryimage","url":"https:\/\/spiritdust.pl\/wp-content\/uploads\/2026\/01\/DSC04637-2-1.jpg","contentUrl":"https:\/\/spiritdust.pl\/wp-content\/uploads\/2026\/01\/DSC04637-2-1.jpg","width":1088,"height":1080},{"@type":"BreadcrumbList","@id":"https:\/\/spiritdust.pl\/de\/produkt\/harmonie-der-erde-nephrit-armband\/#breadcrumb","itemListElement":[{"@type":"ListItem","position":1,"name":"Strona g\u0142\u00f3wna","item":"https:\/\/spiritdust.pl\/de\/spirit-dust-schmuck-aus-kupfer-silber-und-natursteinen\/"},{"@type":"ListItem","position":2,"name":"Shop","item":"https:\/\/green-chough-870564.hostingersite.com\/shop\/"},{"@type":"ListItem","position":3,"name":"Harmonie der Erde &#8211; Nephrit-Armband"}]},{"@type":"WebSite","@id":"https:\/\/green-chough-870564.hostingersite.com\/#website","url":"https:\/\/green-chough-870564.hostingersite.com\/","name":"Spirit Dust","description":"Bi\u017cuteria z Miedzi, Srebra i Kamieni Naturalnych","publisher":{"@id":"https:\/\/green-chough-870564.hostingersite.com\/#organization"},"potentialAction":[{"@type":"SearchAction","target":{"@type":"EntryPoint","urlTemplate":"https:\/\/green-chough-870564.hostingersite.com\/?s={search_term_string}"},"query-input":{"@type":"PropertyValueSpecification","valueRequired":true,"valueName":"search_term_string"}}],"inLanguage":"de"},{"@type":"Organization","@id":"https:\/\/green-chough-870564.hostingersite.com\/#organization","name":"Geisterstaub","url":"https:\/\/green-chough-870564.hostingersite.com\/","logo":{"@type":"ImageObject","inLanguage":"de","@id":"https:\/\/green-chough-870564.hostingersite.com\/#\/schema\/logo\/image\/","url":"https:\/\/spiritdust.pl\/wp-content\/uploads\/2026\/01\/logo-sd.png","contentUrl":"https:\/\/spiritdust.pl\/wp-content\/uploads\/2026\/01\/logo-sd.png","width":251,"height":368,"caption":"Geisterstaub"},"image":{"@id":"https:\/\/green-chough-870564.hostingersite.com\/#\/schema\/logo\/image\/"},"sameAs":["https:\/\/www.facebook.com\/spiritdustmj\/","https:\/\/instagram.com\/spirit__dust"]}]}},"_links":{"self":[{"href":"https:\/\/spiritdust.pl\/de\/wp-json\/wp\/v2\/product\/2968","targetHints":{"allow":["GET"]}}],"collection":[{"href":"https:\/\/spiritdust.pl\/de\/wp-json\/wp\/v2\/product"}],"about":[{"href":"https:\/\/spiritdust.pl\/de\/wp-json\/wp\/v2\/types\/product"}],"version-history":[{"count":0,"href":"https:\/\/spiritdust.pl\/de\/wp-json\/wp\/v2\/product\/2968\/revisions"}],"wp:featuredmedia":[{"embeddable":true,"href":"https:\/\/spiritdust.pl\/de\/wp-json\/wp\/v2\/media\/2972"}],"wp:attachment":[{"href":"https:\/\/spiritdust.pl\/de\/wp-json\/wp\/v2\/media?parent=2968"}],"wp:term":[{"taxonomy":"product_brand","embeddable":true,"href":"https:\/\/spiritdust.pl\/de\/wp-json\/wp\/v2\/product_brand?post=2968"},{"taxonomy":"product_cat","embeddable":true,"href":"https:\/\/spiritdust.pl\/de\/wp-json\/wp\/v2\/product_cat?post=2968"},{"taxonomy":"product_tag","embeddable":true,"href":"https:\/\/spiritdust.pl\/de\/wp-json\/wp\/v2\/product_tag?post=2968"}],"curies":[{"name":"wp","href":"https:\/\/api.w.org\/{rel}","templated":true}]}}