{"id":2976,"date":"2026-01-26T09:17:49","date_gmt":"2026-01-26T09:17:49","guid":{"rendered":"https:\/\/spiritdust.pl\/produkt\/mystik-der-mineralien-armband-mit-kunzit-und-rhodonit\/"},"modified":"2026-01-26T09:17:49","modified_gmt":"2026-01-26T09:17:49","slug":"mystik-der-mineralien-armband-mit-kunzit-und-rhodonit","status":"publish","type":"product","link":"https:\/\/spiritdust.pl\/de\/produkt\/mystik-der-mineralien-armband-mit-kunzit-und-rhodonit\/","title":{"rendered":"Mystik der Mineralien &#8211; Armband mit Kunzit und Rhodonit"},"content":{"rendered":"<p data-start=\"416\" data-end=\"763\">Das Armband \u201eMystik der Mineralien\u201c ist ein zarter, energetischer Schmuck aus Natursteinen, der emotionale Ruhe, Intuition und harmonische Beziehungen unterst\u00fctzt. Es vereint Rosa-, Violett- und Gr\u00fcnt\u00f6ne und schafft eine subtile Komposition, die gleichzeitig beruhigt und st\u00e4rkt. Es ist das ideale Armband f\u00fcr sensible, empathische und nach Balance suchende Menschen.  <\/p>\n<p data-start=\"765\" data-end=\"900\">Wenn du dieses Armband tr\u00e4gst, umh\u00fcllst du dich mit der unterst\u00fctzenden Energie der Mineralien, die dir helfen, zu dir selbst zur\u00fcckzufinden, aus dem Herzen zu sprechen und mit Leichtigkeit zu handeln.<\/p>\n<hr data-start=\"902\" data-end=\"905\">\n<h3 data-start=\"907\" data-end=\"935\">\u2728 Wie wirken die Steine?<\/h3>\n<ul data-start=\"937\" data-end=\"1623\">\n<li data-start=\"937\" data-end=\"1057\">\n<p data-start=\"939\" data-end=\"1057\"><strong data-start=\"939\" data-end=\"949\">Kunzit<\/strong> \u2013 Stein der Beruhigung und Ruhe; hilft, emotionales Gleichgewicht wiederzuerlangen und sich f\u00fcr subtile Intuition zu \u00f6ffnen.<\/p>\n<\/li>\n<li data-start=\"1058\" data-end=\"1157\">\n<p data-start=\"1060\" data-end=\"1157\"><strong data-start=\"1060\" data-end=\"1071\">Rhodonit<\/strong> \u2013 unterst\u00fctzt Beziehungen und Empathie, f\u00f6rdert die Heilung von Emotionen und den Aufbau gesunder Bindungen.<\/p>\n<\/li>\n<li data-start=\"1158\" data-end=\"1233\">\n<p data-start=\"1160\" data-end=\"1233\"><strong data-start=\"1160\" data-end=\"1180\">Peruanischer Opal<\/strong> \u2013 bringt Frische, Leichtigkeit und optimistische Energie.<\/p>\n<\/li>\n<li data-start=\"1234\" data-end=\"1326\">\n<p data-start=\"1236\" data-end=\"1326\"><strong data-start=\"1236\" data-end=\"1256\">Bilderjaspis<\/strong> \u2013 erdet, hilft bei der Manifestation und dabei, an den eigenen Absichten festzuhalten.<\/p>\n<\/li>\n<li data-start=\"1327\" data-end=\"1395\">\n<p data-start=\"1329\" data-end=\"1395\"><strong data-start=\"1329\" data-end=\"1339\">Apatit<\/strong> \u2013 verbessert die Klarheit der Gedanken, Konzentration und Kommunikation.<\/p>\n<\/li>\n<li data-start=\"1396\" data-end=\"1463\">\n<p data-start=\"1398\" data-end=\"1463\"><strong data-start=\"1398\" data-end=\"1410\">Amazonit<\/strong> \u2013 lindert Stress, unterst\u00fctzt den Mut, Gef\u00fchle auszudr\u00fccken.<\/p>\n<\/li>\n<li data-start=\"1464\" data-end=\"1529\">\n<p data-start=\"1466\" data-end=\"1529\"><strong data-start=\"1466\" data-end=\"1476\">Jadeit<\/strong> \u2013 harmonisiert, st\u00e4rkt die innere Kraft, beruhigt.<\/p>\n<\/li>\n<li data-start=\"1530\" data-end=\"1623\">\n<p data-start=\"1532\" data-end=\"1623\"><strong data-start=\"1532\" data-end=\"1543\">H\u00e4matit<\/strong> \u2013 erdet stark, hilft beim Aufbau von Sicherheit und Selbstvertrauen.<\/p>\n<\/li>\n<\/ul>\n<hr data-start=\"1625\" data-end=\"1628\">\n<h2 data-start=\"1630\" data-end=\"1665\">\ud83c\udf3f F\u00fcr wen ist dieses Armband?<\/h2>\n<p data-start=\"1667\" data-end=\"1929\">Das Armband mit Kunzit und Rhodonit ist ideal f\u00fcr hochsensible, kreative, spirituell offene Menschen sowie f\u00fcr diejenigen, die die Qualit\u00e4t ihrer Beziehungen zu anderen und zu sich selbst verbessern m\u00f6chten. Es eignet sich f\u00fcr den Alltag und f\u00fcr die Arbeit mit Absichten, Emotionen oder der Herzenergie. <\/p>\n","protected":false},"excerpt":{"rendered":"<p data-start=\"1963\" data-end=\"2136\">Ein zartes Armband mit Kunzit, Rhodonit und Natursteinen unterst\u00fctzt emotionales Gleichgewicht, Intuition und Beziehungen. Idealer Schmuck f\u00fcr sensible und empathische Menschen. <\/p>\n<p>&nbsp;<\/p>\n<p>Die Weite ist durch einen Schiebeknoten verstellbar.<\/p>\n<p class=\"p1\">Ich verpacke den Schmuck in einer dekorativen Schachtel und lege jeder Bestellung einen Beutel sowie zuf\u00e4llige Aufkleber als Geschenk bei. \u2728<\/p>\n<p>&nbsp;<\/p>\n<p><strong data-start=\"1081\" data-end=\"1127\">Das Armband wird speziell f\u00fcr dich angefertigt<\/strong> \u2013 du kannst die Farbe der Zwischenst\u00fccke bei der Bestellung w\u00e4hlen.<br data-start=\"1187\" data-end=\"1190\">Aus diesem Grund ist es ein personalisiertes Produkt, das <strong data-start=\"1246\" data-end=\"1270\">vom Umtausch ausgeschlossen ist<\/strong>, gem\u00e4\u00df den geltenden Bestimmungen.<\/p>\n","protected":false},"featured_media":2980,"template":"","meta":{"inline_featured_image":false},"product_brand":[],"product_cat":[168,167],"product_tag":[257,340,317,169,173,201,216,316],"class_list":{"0":"post-2976","1":"product","2":"type-product","3":"status-publish","4":"has-post-thumbnail","6":"product_cat-armbander","7":"product_cat-schmuck","8":"product_tag-amazonit","9":"product_tag-apatit","10":"product_tag-bilderjaspis","11":"product_tag-hamatit","12":"product_tag-jade","13":"product_tag-kunzit","14":"product_tag-rhodonit","15":"product_tag-rosa-opal","17":"first","18":"instock","19":"taxable","20":"shipping-taxable","21":"purchasable","22":"product-type-variable"},"yoast_head":"<!-- This site is optimized with the Yoast SEO plugin v27.5 - https:\/\/yoast.com\/product\/yoast-seo-wordpress\/ -->\n<title>Mystik der Mineralien - Armband mit Kunzit und Rhodonit - Spirit Dust<\/title>\n<meta name=\"description\" content=\"\u201eMystik der Mineralien\u201c ist ein Armband aus Natursteinen, das beruhigt, Emotionen unterst\u00fctzt und die Verbindung zur inneren Harmonie wiederherstellt.\" \/>\n<meta name=\"robots\" content=\"index, follow, max-snippet:-1, max-image-preview:large, max-video-preview:-1\" \/>\n<link rel=\"canonical\" href=\"https:\/\/spiritdust.pl\/de\/produkt\/mystik-der-mineralien-armband-mit-kunzit-und-rhodonit\/\" \/>\n<meta property=\"og:locale\" content=\"de_DE\" \/>\n<meta property=\"og:type\" content=\"article\" \/>\n<meta property=\"og:title\" content=\"Mystik der Mineralien - Armband mit Kunzit und Rhodonit - Spirit Dust\" \/>\n<meta property=\"og:description\" content=\"Armband mit Kunzit, Rhodonit, Peruanischem Opal, Bilderjaspis, Apatit, Amazonit, Jadeit und H\u00e4matit \u2013 Energie und Sch\u00f6nheit der Natur in einem.\" \/>\n<meta property=\"og:url\" content=\"https:\/\/spiritdust.pl\/de\/produkt\/mystik-der-mineralien-armband-mit-kunzit-und-rhodonit\/\" \/>\n<meta property=\"og:site_name\" content=\"Spirit Dust\" \/>\n<meta property=\"article:publisher\" content=\"https:\/\/www.facebook.com\/spiritdustmj\/\" \/>\n<meta property=\"og:image\" content=\"https:\/\/spiritdust.pl\/wp-content\/uploads\/2026\/01\/DSC04668-2-1.jpg\" \/>\n\t<meta property=\"og:image:width\" content=\"1088\" \/>\n\t<meta property=\"og:image:height\" content=\"1080\" \/>\n\t<meta property=\"og:image:type\" content=\"image\/jpeg\" \/>\n<meta name=\"twitter:card\" content=\"summary_large_image\" \/>\n<meta name=\"twitter:description\" content=\"Armband mit Kunzit, Rhodonit, Peruanischem Opal, Bilderjaspis, Apatit, Amazonit, Jadeit und H\u00e4matit \u2013 Energie und Sch\u00f6nheit der Natur in einem.\" \/>\n<meta name=\"twitter:label1\" content=\"Gesch\u00e4tzte Lesezeit\" \/>\n\t<meta name=\"twitter:data1\" content=\"1\u00a0Minute\" \/>\n<script type=\"application\/ld+json\" class=\"yoast-schema-graph\">{\"@context\":\"https:\\\/\\\/schema.org\",\"@graph\":[{\"@type\":\"WebPage\",\"@id\":\"https:\\\/\\\/spiritdust.pl\\\/de\\\/produkt\\\/mystik-der-mineralien-armband-mit-kunzit-und-rhodonit\\\/\",\"url\":\"https:\\\/\\\/spiritdust.pl\\\/de\\\/produkt\\\/mystik-der-mineralien-armband-mit-kunzit-und-rhodonit\\\/\",\"name\":\"Mystik der Mineralien - Armband mit Kunzit und Rhodonit - Spirit Dust\",\"isPartOf\":{\"@id\":\"https:\\\/\\\/green-chough-870564.hostingersite.com\\\/#website\"},\"primaryImageOfPage\":{\"@id\":\"https:\\\/\\\/spiritdust.pl\\\/de\\\/produkt\\\/mystik-der-mineralien-armband-mit-kunzit-und-rhodonit\\\/#primaryimage\"},\"image\":{\"@id\":\"https:\\\/\\\/spiritdust.pl\\\/de\\\/produkt\\\/mystik-der-mineralien-armband-mit-kunzit-und-rhodonit\\\/#primaryimage\"},\"thumbnailUrl\":\"https:\\\/\\\/spiritdust.pl\\\/wp-content\\\/uploads\\\/2026\\\/01\\\/DSC04668-2-1.jpg\",\"datePublished\":\"2026-01-26T09:17:49+00:00\",\"description\":\"\u201eMystik der Mineralien\u201c ist ein Armband aus Natursteinen, das beruhigt, Emotionen unterst\u00fctzt und die Verbindung zur inneren Harmonie wiederherstellt.\",\"breadcrumb\":{\"@id\":\"https:\\\/\\\/spiritdust.pl\\\/de\\\/produkt\\\/mystik-der-mineralien-armband-mit-kunzit-und-rhodonit\\\/#breadcrumb\"},\"inLanguage\":\"de\",\"potentialAction\":[{\"@type\":\"ReadAction\",\"target\":[\"https:\\\/\\\/spiritdust.pl\\\/de\\\/produkt\\\/mystik-der-mineralien-armband-mit-kunzit-und-rhodonit\\\/\"]}]},{\"@type\":\"ImageObject\",\"inLanguage\":\"de\",\"@id\":\"https:\\\/\\\/spiritdust.pl\\\/de\\\/produkt\\\/mystik-der-mineralien-armband-mit-kunzit-und-rhodonit\\\/#primaryimage\",\"url\":\"https:\\\/\\\/spiritdust.pl\\\/wp-content\\\/uploads\\\/2026\\\/01\\\/DSC04668-2-1.jpg\",\"contentUrl\":\"https:\\\/\\\/spiritdust.pl\\\/wp-content\\\/uploads\\\/2026\\\/01\\\/DSC04668-2-1.jpg\",\"width\":1088,\"height\":1080},{\"@type\":\"BreadcrumbList\",\"@id\":\"https:\\\/\\\/spiritdust.pl\\\/de\\\/produkt\\\/mystik-der-mineralien-armband-mit-kunzit-und-rhodonit\\\/#breadcrumb\",\"itemListElement\":[{\"@type\":\"ListItem\",\"position\":1,\"name\":\"Strona g\u0142\u00f3wna\",\"item\":\"https:\\\/\\\/spiritdust.pl\\\/de\\\/spirit-dust-schmuck-aus-kupfer-silber-und-natursteinen\\\/\"},{\"@type\":\"ListItem\",\"position\":2,\"name\":\"Shop\",\"item\":\"https:\\\/\\\/green-chough-870564.hostingersite.com\\\/shop\\\/\"},{\"@type\":\"ListItem\",\"position\":3,\"name\":\"Mystik der Mineralien &#8211; Armband mit Kunzit und Rhodonit\"}]},{\"@type\":\"WebSite\",\"@id\":\"https:\\\/\\\/green-chough-870564.hostingersite.com\\\/#website\",\"url\":\"https:\\\/\\\/green-chough-870564.hostingersite.com\\\/\",\"name\":\"Spirit Dust\",\"description\":\"Bi\u017cuteria z Miedzi, Srebra i Kamieni Naturalnych\",\"publisher\":{\"@id\":\"https:\\\/\\\/green-chough-870564.hostingersite.com\\\/#organization\"},\"potentialAction\":[{\"@type\":\"SearchAction\",\"target\":{\"@type\":\"EntryPoint\",\"urlTemplate\":\"https:\\\/\\\/green-chough-870564.hostingersite.com\\\/?s={search_term_string}\"},\"query-input\":{\"@type\":\"PropertyValueSpecification\",\"valueRequired\":true,\"valueName\":\"search_term_string\"}}],\"inLanguage\":\"de\"},{\"@type\":\"Organization\",\"@id\":\"https:\\\/\\\/green-chough-870564.hostingersite.com\\\/#organization\",\"name\":\"Geisterstaub\",\"url\":\"https:\\\/\\\/green-chough-870564.hostingersite.com\\\/\",\"logo\":{\"@type\":\"ImageObject\",\"inLanguage\":\"de\",\"@id\":\"https:\\\/\\\/green-chough-870564.hostingersite.com\\\/#\\\/schema\\\/logo\\\/image\\\/\",\"url\":\"https:\\\/\\\/spiritdust.pl\\\/wp-content\\\/uploads\\\/2026\\\/01\\\/logo-sd.png\",\"contentUrl\":\"https:\\\/\\\/spiritdust.pl\\\/wp-content\\\/uploads\\\/2026\\\/01\\\/logo-sd.png\",\"width\":251,\"height\":368,\"caption\":\"Geisterstaub\"},\"image\":{\"@id\":\"https:\\\/\\\/green-chough-870564.hostingersite.com\\\/#\\\/schema\\\/logo\\\/image\\\/\"},\"sameAs\":[\"https:\\\/\\\/www.facebook.com\\\/spiritdustmj\\\/\",\"https:\\\/\\\/instagram.com\\\/spirit__dust\"]}]}<\/script>\n<!-- \/ Yoast SEO plugin. -->","yoast_head_json":{"title":"Mystik der Mineralien - Armband mit Kunzit und Rhodonit - Spirit Dust","description":"\u201eMystik der Mineralien\u201c ist ein Armband aus Natursteinen, das beruhigt, Emotionen unterst\u00fctzt und die Verbindung zur inneren Harmonie wiederherstellt.","robots":{"index":"index","follow":"follow","max-snippet":"max-snippet:-1","max-image-preview":"max-image-preview:large","max-video-preview":"max-video-preview:-1"},"canonical":"https:\/\/spiritdust.pl\/de\/produkt\/mystik-der-mineralien-armband-mit-kunzit-und-rhodonit\/","og_locale":"de_DE","og_type":"article","og_title":"Mystik der Mineralien - Armband mit Kunzit und Rhodonit - Spirit Dust","og_description":"Armband mit Kunzit, Rhodonit, Peruanischem Opal, Bilderjaspis, Apatit, Amazonit, Jadeit und H\u00e4matit \u2013 Energie und Sch\u00f6nheit der Natur in einem.","og_url":"https:\/\/spiritdust.pl\/de\/produkt\/mystik-der-mineralien-armband-mit-kunzit-und-rhodonit\/","og_site_name":"Spirit Dust","article_publisher":"https:\/\/www.facebook.com\/spiritdustmj\/","og_image":[{"width":1088,"height":1080,"url":"https:\/\/spiritdust.pl\/wp-content\/uploads\/2026\/01\/DSC04668-2-1.jpg","type":"image\/jpeg"}],"twitter_card":"summary_large_image","twitter_description":"Armband mit Kunzit, Rhodonit, Peruanischem Opal, Bilderjaspis, Apatit, Amazonit, Jadeit und H\u00e4matit \u2013 Energie und Sch\u00f6nheit der Natur in einem.","twitter_misc":{"Gesch\u00e4tzte Lesezeit":"1\u00a0Minute"},"schema":{"@context":"https:\/\/schema.org","@graph":[{"@type":"WebPage","@id":"https:\/\/spiritdust.pl\/de\/produkt\/mystik-der-mineralien-armband-mit-kunzit-und-rhodonit\/","url":"https:\/\/spiritdust.pl\/de\/produkt\/mystik-der-mineralien-armband-mit-kunzit-und-rhodonit\/","name":"Mystik der Mineralien - Armband mit Kunzit und Rhodonit - Spirit Dust","isPartOf":{"@id":"https:\/\/green-chough-870564.hostingersite.com\/#website"},"primaryImageOfPage":{"@id":"https:\/\/spiritdust.pl\/de\/produkt\/mystik-der-mineralien-armband-mit-kunzit-und-rhodonit\/#primaryimage"},"image":{"@id":"https:\/\/spiritdust.pl\/de\/produkt\/mystik-der-mineralien-armband-mit-kunzit-und-rhodonit\/#primaryimage"},"thumbnailUrl":"https:\/\/spiritdust.pl\/wp-content\/uploads\/2026\/01\/DSC04668-2-1.jpg","datePublished":"2026-01-26T09:17:49+00:00","description":"\u201eMystik der Mineralien\u201c ist ein Armband aus Natursteinen, das beruhigt, Emotionen unterst\u00fctzt und die Verbindung zur inneren Harmonie wiederherstellt.","breadcrumb":{"@id":"https:\/\/spiritdust.pl\/de\/produkt\/mystik-der-mineralien-armband-mit-kunzit-und-rhodonit\/#breadcrumb"},"inLanguage":"de","potentialAction":[{"@type":"ReadAction","target":["https:\/\/spiritdust.pl\/de\/produkt\/mystik-der-mineralien-armband-mit-kunzit-und-rhodonit\/"]}]},{"@type":"ImageObject","inLanguage":"de","@id":"https:\/\/spiritdust.pl\/de\/produkt\/mystik-der-mineralien-armband-mit-kunzit-und-rhodonit\/#primaryimage","url":"https:\/\/spiritdust.pl\/wp-content\/uploads\/2026\/01\/DSC04668-2-1.jpg","contentUrl":"https:\/\/spiritdust.pl\/wp-content\/uploads\/2026\/01\/DSC04668-2-1.jpg","width":1088,"height":1080},{"@type":"BreadcrumbList","@id":"https:\/\/spiritdust.pl\/de\/produkt\/mystik-der-mineralien-armband-mit-kunzit-und-rhodonit\/#breadcrumb","itemListElement":[{"@type":"ListItem","position":1,"name":"Strona g\u0142\u00f3wna","item":"https:\/\/spiritdust.pl\/de\/spirit-dust-schmuck-aus-kupfer-silber-und-natursteinen\/"},{"@type":"ListItem","position":2,"name":"Shop","item":"https:\/\/green-chough-870564.hostingersite.com\/shop\/"},{"@type":"ListItem","position":3,"name":"Mystik der Mineralien &#8211; Armband mit Kunzit und Rhodonit"}]},{"@type":"WebSite","@id":"https:\/\/green-chough-870564.hostingersite.com\/#website","url":"https:\/\/green-chough-870564.hostingersite.com\/","name":"Spirit Dust","description":"Bi\u017cuteria z Miedzi, Srebra i Kamieni Naturalnych","publisher":{"@id":"https:\/\/green-chough-870564.hostingersite.com\/#organization"},"potentialAction":[{"@type":"SearchAction","target":{"@type":"EntryPoint","urlTemplate":"https:\/\/green-chough-870564.hostingersite.com\/?s={search_term_string}"},"query-input":{"@type":"PropertyValueSpecification","valueRequired":true,"valueName":"search_term_string"}}],"inLanguage":"de"},{"@type":"Organization","@id":"https:\/\/green-chough-870564.hostingersite.com\/#organization","name":"Geisterstaub","url":"https:\/\/green-chough-870564.hostingersite.com\/","logo":{"@type":"ImageObject","inLanguage":"de","@id":"https:\/\/green-chough-870564.hostingersite.com\/#\/schema\/logo\/image\/","url":"https:\/\/spiritdust.pl\/wp-content\/uploads\/2026\/01\/logo-sd.png","contentUrl":"https:\/\/spiritdust.pl\/wp-content\/uploads\/2026\/01\/logo-sd.png","width":251,"height":368,"caption":"Geisterstaub"},"image":{"@id":"https:\/\/green-chough-870564.hostingersite.com\/#\/schema\/logo\/image\/"},"sameAs":["https:\/\/www.facebook.com\/spiritdustmj\/","https:\/\/instagram.com\/spirit__dust"]}]}},"_links":{"self":[{"href":"https:\/\/spiritdust.pl\/de\/wp-json\/wp\/v2\/product\/2976","targetHints":{"allow":["GET"]}}],"collection":[{"href":"https:\/\/spiritdust.pl\/de\/wp-json\/wp\/v2\/product"}],"about":[{"href":"https:\/\/spiritdust.pl\/de\/wp-json\/wp\/v2\/types\/product"}],"version-history":[{"count":0,"href":"https:\/\/spiritdust.pl\/de\/wp-json\/wp\/v2\/product\/2976\/revisions"}],"wp:featuredmedia":[{"embeddable":true,"href":"https:\/\/spiritdust.pl\/de\/wp-json\/wp\/v2\/media\/2980"}],"wp:attachment":[{"href":"https:\/\/spiritdust.pl\/de\/wp-json\/wp\/v2\/media?parent=2976"}],"wp:term":[{"taxonomy":"product_brand","embeddable":true,"href":"https:\/\/spiritdust.pl\/de\/wp-json\/wp\/v2\/product_brand?post=2976"},{"taxonomy":"product_cat","embeddable":true,"href":"https:\/\/spiritdust.pl\/de\/wp-json\/wp\/v2\/product_cat?post=2976"},{"taxonomy":"product_tag","embeddable":true,"href":"https:\/\/spiritdust.pl\/de\/wp-json\/wp\/v2\/product_tag?post=2976"}],"curies":[{"name":"wp","href":"https:\/\/api.w.org\/{rel}","templated":true}]}}