{"id":3032,"date":"2026-01-26T09:17:28","date_gmt":"2026-01-26T09:17:28","guid":{"rendered":"https:\/\/spiritdust.pl\/produkt\/steinmagie-rosegoldring-mit-aethiopischem-opal-13\/"},"modified":"2026-01-26T09:17:28","modified_gmt":"2026-01-26T09:17:28","slug":"steinmagie-rosegoldring-mit-aethiopischem-opal-13","status":"publish","type":"product","link":"https:\/\/spiritdust.pl\/de\/produkt\/steinmagie-rosegoldring-mit-aethiopischem-opal-13\/","title":{"rendered":"Steinmagie &#8211; Ros\u00e9goldring mit \u00e4thiopischem Opal 13"},"content":{"rendered":"<p><strong>Opal<\/strong> &#8211; wird seit jeher mit Liebe, Leidenschaft und Verlangen assoziiert. Er ist ein verf\u00fchrerischer Stein, der emotionale Zust\u00e4nde verst\u00e4rkt und Hemmungen l\u00f6st. Er kann auch als emotionaler Stabilisator wirken. Man sagt, das Tragen von Opal bringe Loyalit\u00e4t und Treue.   <\/p>\n<p>&nbsp;<\/p>\n<p>Die Oxidation von Kupfer ist ein nat\u00fcrlicher Prozess, der durch die Einwirkung von Luft, Wasser und anderen Verbindungen entsteht.<\/p>\n<p>&nbsp;<\/p>\n<p class=\"p1\"><em><span class=\"s1\">Wie reinigst du Kupferschmuck?<\/span><\/em><\/p>\n<p class=\"p1\" style=\"text-align: left\"><span class=\"s1\"><strong>Natronpaste<\/strong>:<\/span><strong><span class=\"s1\"> <\/span><\/strong><span class=\"s1\">Mische gleiche Mengen Salz und Natron mit etwas Zitronensaft, bis du eine Paste erh\u00e4ltst.<\/span><\/p>\n<p class=\"p1\"><strong class=\"whb\">Salz- und Essigl\u00f6sung: <\/strong>Kochsalz und Essig sind ebenfalls ein einfaches Reinigungsmittel, das du mit Haushaltsartikeln zubereiten kannst. Mische einfach gleiche Mengen Essig und Salz, um eine L\u00f6sung zur Reinigung deines Kupferschmucks zu erhalten. <\/p>\n<p class=\"p1\"><strong class=\"whb\">Zitrone mit Salz: <\/strong>Wenn du eine Zitrone hast, kannst du sie in deinen Kupferschmuck reiben, um ihn zu reinigen. Bestreue die Zitrone einfach mit Salz und reibe dann den Schmuck damit ab. (Wenn du eine tiefere Reinigung ben\u00f6tigst, f\u00fcge der Zitrone auch etwas Maismehl und Natron hinzu. Dies sorgt f\u00fcr eine tiefere Reinigung).  <\/p>\n<p class=\"p1\"><strong class=\"whb\">Ketchup: <\/strong>funktioniert normalerweise gut bei Schmuck mit vielen Details. Ketchup kann direkt auf den Schmuck aufgetragen und dann mit den Fingern oder einem Tuch eingerieben werden. <\/p>\n<p class=\"p1\"><strong class=\"whb\">Wasser mit milder Seife: <\/strong>Milde Seife oder sogar Sp\u00fclmittel kann f\u00fcr Kupferschmuck verwendet werden. Stelle nur sicher, dass du eine kleine Menge verwendest. Ein paar Tropfen milder Seife reichen aus, um Kupferschmuck zu reinigen.  <\/p>\n","protected":false},"excerpt":{"rendered":"<p class=\"p1\">Der Ring mit <strong>\u00e4thiopischem Opal<\/strong> ist eine Kombination aus au\u00dfergew\u00f6hnlicher Eleganz und subtiler Sch\u00f6nheit. Dieser Stein strahlt einen geheimnisvollen Glanz aus und begeistert mit einzigartigen Lichtreflexen. Seine zarten Farbt\u00f6ne und seine seltene Natur machen jeden Ring zu einem Unikat. W\u00e4hle dieses einzigartige Naturwerk, das deine Individualit\u00e4t unterstreicht und die Besonderheit der Momente, in denen du ihn tr\u00e4gst, zus\u00e4tzlich hervorhebt.   <\/p>\n<p>&nbsp;<\/p>\n<p>Ringma\u00dfe:<\/p>\n<p>Gr\u00f6\u00dfe: 13<\/p>\n<p>Durchmesser: 16,6 mm<\/p>\n<p>Umfang: 53 mm<\/p>\n<p>Steingr\u00f6\u00dfe: \u00d8 6 mm<\/p>\n<p>&nbsp;<\/p>\n<div>\n<div class=\"intro\">\n<p>Ich verpacke den Schmuck in einer dekorativen Schachtel und lege jeder Bestellung einen Beutel sowie zuf\u00e4llige Aufkleber als Geschenk bei. \u2728<\/p>\n<\/div>\n<\/div>\n","protected":false},"featured_media":3034,"template":"","meta":{"inline_featured_image":false},"product_brand":[],"product_cat":[192],"product_tag":[202],"class_list":{"0":"post-3032","1":"product","2":"type-product","3":"status-publish","4":"has-post-thumbnail","6":"product_cat-ringe","7":"product_tag-opal","9":"first","10":"instock","11":"sale","12":"taxable","13":"shipping-taxable","14":"purchasable","15":"product-type-simple"},"yoast_head":"<!-- This site is optimized with the Yoast SEO plugin v27.5 - https:\/\/yoast.com\/product\/yoast-seo-wordpress\/ -->\n<title>Steinmagie - Ros\u00e9goldring mit \u00e4thiopischem Opal 13 - Spirit Dust<\/title>\n<meta name=\"description\" content=\"Bewundere die nat\u00fcrliche Mystik und den einzigartigen Glanz des rohen Opals, der in diesem Ring rohe Eleganz und Steinmagie vereint.\" \/>\n<meta name=\"robots\" content=\"index, follow, max-snippet:-1, max-image-preview:large, max-video-preview:-1\" \/>\n<link rel=\"canonical\" href=\"https:\/\/spiritdust.pl\/de\/produkt\/steinmagie-rosegoldring-mit-aethiopischem-opal-13\/\" \/>\n<meta property=\"og:locale\" content=\"de_DE\" \/>\n<meta property=\"og:type\" content=\"article\" \/>\n<meta property=\"og:title\" content=\"Steinmagie - Ros\u00e9goldring mit \u00e4thiopischem Opal 13 - Spirit Dust\" \/>\n<meta property=\"og:description\" content=\"Bewundere die nat\u00fcrliche Mystik und den einzigartigen Glanz des rohen Opals, der in diesem Ring rohe Eleganz und Steinmagie vereint.\" \/>\n<meta property=\"og:url\" content=\"https:\/\/spiritdust.pl\/de\/produkt\/steinmagie-rosegoldring-mit-aethiopischem-opal-13\/\" \/>\n<meta property=\"og:site_name\" content=\"Spirit Dust\" \/>\n<meta property=\"article:publisher\" content=\"https:\/\/www.facebook.com\/spiritdustmj\/\" \/>\n<meta property=\"og:image\" content=\"https:\/\/spiritdust.pl\/wp-content\/uploads\/2026\/01\/DSC04249-2.jpg\" \/>\n\t<meta property=\"og:image:width\" content=\"1088\" \/>\n\t<meta property=\"og:image:height\" content=\"1080\" \/>\n\t<meta property=\"og:image:type\" content=\"image\/jpeg\" \/>\n<meta name=\"twitter:card\" content=\"summary_large_image\" \/>\n<meta name=\"twitter:label1\" content=\"Gesch\u00e4tzte Lesezeit\" \/>\n\t<meta name=\"twitter:data1\" content=\"1\u00a0Minute\" \/>\n<script type=\"application\/ld+json\" class=\"yoast-schema-graph\">{\"@context\":\"https:\\\/\\\/schema.org\",\"@graph\":[{\"@type\":\"WebPage\",\"@id\":\"https:\\\/\\\/spiritdust.pl\\\/de\\\/produkt\\\/steinmagie-rosegoldring-mit-aethiopischem-opal-13\\\/\",\"url\":\"https:\\\/\\\/spiritdust.pl\\\/de\\\/produkt\\\/steinmagie-rosegoldring-mit-aethiopischem-opal-13\\\/\",\"name\":\"Steinmagie - Ros\u00e9goldring mit \u00e4thiopischem Opal 13 - Spirit Dust\",\"isPartOf\":{\"@id\":\"https:\\\/\\\/green-chough-870564.hostingersite.com\\\/#website\"},\"primaryImageOfPage\":{\"@id\":\"https:\\\/\\\/spiritdust.pl\\\/de\\\/produkt\\\/steinmagie-rosegoldring-mit-aethiopischem-opal-13\\\/#primaryimage\"},\"image\":{\"@id\":\"https:\\\/\\\/spiritdust.pl\\\/de\\\/produkt\\\/steinmagie-rosegoldring-mit-aethiopischem-opal-13\\\/#primaryimage\"},\"thumbnailUrl\":\"https:\\\/\\\/spiritdust.pl\\\/wp-content\\\/uploads\\\/2026\\\/01\\\/DSC04249-2.jpg\",\"datePublished\":\"2026-01-26T09:17:28+00:00\",\"description\":\"Bewundere die nat\u00fcrliche Mystik und den einzigartigen Glanz des rohen Opals, der in diesem Ring rohe Eleganz und Steinmagie vereint.\",\"breadcrumb\":{\"@id\":\"https:\\\/\\\/spiritdust.pl\\\/de\\\/produkt\\\/steinmagie-rosegoldring-mit-aethiopischem-opal-13\\\/#breadcrumb\"},\"inLanguage\":\"de\",\"potentialAction\":[{\"@type\":\"ReadAction\",\"target\":[\"https:\\\/\\\/spiritdust.pl\\\/de\\\/produkt\\\/steinmagie-rosegoldring-mit-aethiopischem-opal-13\\\/\"]}]},{\"@type\":\"ImageObject\",\"inLanguage\":\"de\",\"@id\":\"https:\\\/\\\/spiritdust.pl\\\/de\\\/produkt\\\/steinmagie-rosegoldring-mit-aethiopischem-opal-13\\\/#primaryimage\",\"url\":\"https:\\\/\\\/spiritdust.pl\\\/wp-content\\\/uploads\\\/2026\\\/01\\\/DSC04249-2.jpg\",\"contentUrl\":\"https:\\\/\\\/spiritdust.pl\\\/wp-content\\\/uploads\\\/2026\\\/01\\\/DSC04249-2.jpg\",\"width\":1088,\"height\":1080},{\"@type\":\"BreadcrumbList\",\"@id\":\"https:\\\/\\\/spiritdust.pl\\\/de\\\/produkt\\\/steinmagie-rosegoldring-mit-aethiopischem-opal-13\\\/#breadcrumb\",\"itemListElement\":[{\"@type\":\"ListItem\",\"position\":1,\"name\":\"Strona g\u0142\u00f3wna\",\"item\":\"https:\\\/\\\/spiritdust.pl\\\/de\\\/spirit-dust-schmuck-aus-kupfer-silber-und-natursteinen\\\/\"},{\"@type\":\"ListItem\",\"position\":2,\"name\":\"Shop\",\"item\":\"https:\\\/\\\/green-chough-870564.hostingersite.com\\\/shop\\\/\"},{\"@type\":\"ListItem\",\"position\":3,\"name\":\"Steinmagie &#8211; Ros\u00e9goldring mit \u00e4thiopischem Opal 13\"}]},{\"@type\":\"WebSite\",\"@id\":\"https:\\\/\\\/green-chough-870564.hostingersite.com\\\/#website\",\"url\":\"https:\\\/\\\/green-chough-870564.hostingersite.com\\\/\",\"name\":\"Spirit Dust\",\"description\":\"Bi\u017cuteria z Miedzi, Srebra i Kamieni Naturalnych\",\"publisher\":{\"@id\":\"https:\\\/\\\/green-chough-870564.hostingersite.com\\\/#organization\"},\"potentialAction\":[{\"@type\":\"SearchAction\",\"target\":{\"@type\":\"EntryPoint\",\"urlTemplate\":\"https:\\\/\\\/green-chough-870564.hostingersite.com\\\/?s={search_term_string}\"},\"query-input\":{\"@type\":\"PropertyValueSpecification\",\"valueRequired\":true,\"valueName\":\"search_term_string\"}}],\"inLanguage\":\"de\"},{\"@type\":\"Organization\",\"@id\":\"https:\\\/\\\/green-chough-870564.hostingersite.com\\\/#organization\",\"name\":\"Geisterstaub\",\"url\":\"https:\\\/\\\/green-chough-870564.hostingersite.com\\\/\",\"logo\":{\"@type\":\"ImageObject\",\"inLanguage\":\"de\",\"@id\":\"https:\\\/\\\/green-chough-870564.hostingersite.com\\\/#\\\/schema\\\/logo\\\/image\\\/\",\"url\":\"https:\\\/\\\/spiritdust.pl\\\/wp-content\\\/uploads\\\/2026\\\/01\\\/logo-sd.png\",\"contentUrl\":\"https:\\\/\\\/spiritdust.pl\\\/wp-content\\\/uploads\\\/2026\\\/01\\\/logo-sd.png\",\"width\":251,\"height\":368,\"caption\":\"Geisterstaub\"},\"image\":{\"@id\":\"https:\\\/\\\/green-chough-870564.hostingersite.com\\\/#\\\/schema\\\/logo\\\/image\\\/\"},\"sameAs\":[\"https:\\\/\\\/www.facebook.com\\\/spiritdustmj\\\/\",\"https:\\\/\\\/instagram.com\\\/spirit__dust\"]}]}<\/script>\n<!-- \/ Yoast SEO plugin. -->","yoast_head_json":{"title":"Steinmagie - Ros\u00e9goldring mit \u00e4thiopischem Opal 13 - Spirit Dust","description":"Bewundere die nat\u00fcrliche Mystik und den einzigartigen Glanz des rohen Opals, der in diesem Ring rohe Eleganz und Steinmagie vereint.","robots":{"index":"index","follow":"follow","max-snippet":"max-snippet:-1","max-image-preview":"max-image-preview:large","max-video-preview":"max-video-preview:-1"},"canonical":"https:\/\/spiritdust.pl\/de\/produkt\/steinmagie-rosegoldring-mit-aethiopischem-opal-13\/","og_locale":"de_DE","og_type":"article","og_title":"Steinmagie - Ros\u00e9goldring mit \u00e4thiopischem Opal 13 - Spirit Dust","og_description":"Bewundere die nat\u00fcrliche Mystik und den einzigartigen Glanz des rohen Opals, der in diesem Ring rohe Eleganz und Steinmagie vereint.","og_url":"https:\/\/spiritdust.pl\/de\/produkt\/steinmagie-rosegoldring-mit-aethiopischem-opal-13\/","og_site_name":"Spirit Dust","article_publisher":"https:\/\/www.facebook.com\/spiritdustmj\/","og_image":[{"width":1088,"height":1080,"url":"https:\/\/spiritdust.pl\/wp-content\/uploads\/2026\/01\/DSC04249-2.jpg","type":"image\/jpeg"}],"twitter_card":"summary_large_image","twitter_misc":{"Gesch\u00e4tzte Lesezeit":"1\u00a0Minute"},"schema":{"@context":"https:\/\/schema.org","@graph":[{"@type":"WebPage","@id":"https:\/\/spiritdust.pl\/de\/produkt\/steinmagie-rosegoldring-mit-aethiopischem-opal-13\/","url":"https:\/\/spiritdust.pl\/de\/produkt\/steinmagie-rosegoldring-mit-aethiopischem-opal-13\/","name":"Steinmagie - Ros\u00e9goldring mit \u00e4thiopischem Opal 13 - Spirit Dust","isPartOf":{"@id":"https:\/\/green-chough-870564.hostingersite.com\/#website"},"primaryImageOfPage":{"@id":"https:\/\/spiritdust.pl\/de\/produkt\/steinmagie-rosegoldring-mit-aethiopischem-opal-13\/#primaryimage"},"image":{"@id":"https:\/\/spiritdust.pl\/de\/produkt\/steinmagie-rosegoldring-mit-aethiopischem-opal-13\/#primaryimage"},"thumbnailUrl":"https:\/\/spiritdust.pl\/wp-content\/uploads\/2026\/01\/DSC04249-2.jpg","datePublished":"2026-01-26T09:17:28+00:00","description":"Bewundere die nat\u00fcrliche Mystik und den einzigartigen Glanz des rohen Opals, der in diesem Ring rohe Eleganz und Steinmagie vereint.","breadcrumb":{"@id":"https:\/\/spiritdust.pl\/de\/produkt\/steinmagie-rosegoldring-mit-aethiopischem-opal-13\/#breadcrumb"},"inLanguage":"de","potentialAction":[{"@type":"ReadAction","target":["https:\/\/spiritdust.pl\/de\/produkt\/steinmagie-rosegoldring-mit-aethiopischem-opal-13\/"]}]},{"@type":"ImageObject","inLanguage":"de","@id":"https:\/\/spiritdust.pl\/de\/produkt\/steinmagie-rosegoldring-mit-aethiopischem-opal-13\/#primaryimage","url":"https:\/\/spiritdust.pl\/wp-content\/uploads\/2026\/01\/DSC04249-2.jpg","contentUrl":"https:\/\/spiritdust.pl\/wp-content\/uploads\/2026\/01\/DSC04249-2.jpg","width":1088,"height":1080},{"@type":"BreadcrumbList","@id":"https:\/\/spiritdust.pl\/de\/produkt\/steinmagie-rosegoldring-mit-aethiopischem-opal-13\/#breadcrumb","itemListElement":[{"@type":"ListItem","position":1,"name":"Strona g\u0142\u00f3wna","item":"https:\/\/spiritdust.pl\/de\/spirit-dust-schmuck-aus-kupfer-silber-und-natursteinen\/"},{"@type":"ListItem","position":2,"name":"Shop","item":"https:\/\/green-chough-870564.hostingersite.com\/shop\/"},{"@type":"ListItem","position":3,"name":"Steinmagie &#8211; Ros\u00e9goldring mit \u00e4thiopischem Opal 13"}]},{"@type":"WebSite","@id":"https:\/\/green-chough-870564.hostingersite.com\/#website","url":"https:\/\/green-chough-870564.hostingersite.com\/","name":"Spirit Dust","description":"Bi\u017cuteria z Miedzi, Srebra i Kamieni Naturalnych","publisher":{"@id":"https:\/\/green-chough-870564.hostingersite.com\/#organization"},"potentialAction":[{"@type":"SearchAction","target":{"@type":"EntryPoint","urlTemplate":"https:\/\/green-chough-870564.hostingersite.com\/?s={search_term_string}"},"query-input":{"@type":"PropertyValueSpecification","valueRequired":true,"valueName":"search_term_string"}}],"inLanguage":"de"},{"@type":"Organization","@id":"https:\/\/green-chough-870564.hostingersite.com\/#organization","name":"Geisterstaub","url":"https:\/\/green-chough-870564.hostingersite.com\/","logo":{"@type":"ImageObject","inLanguage":"de","@id":"https:\/\/green-chough-870564.hostingersite.com\/#\/schema\/logo\/image\/","url":"https:\/\/spiritdust.pl\/wp-content\/uploads\/2026\/01\/logo-sd.png","contentUrl":"https:\/\/spiritdust.pl\/wp-content\/uploads\/2026\/01\/logo-sd.png","width":251,"height":368,"caption":"Geisterstaub"},"image":{"@id":"https:\/\/green-chough-870564.hostingersite.com\/#\/schema\/logo\/image\/"},"sameAs":["https:\/\/www.facebook.com\/spiritdustmj\/","https:\/\/instagram.com\/spirit__dust"]}]}},"_links":{"self":[{"href":"https:\/\/spiritdust.pl\/de\/wp-json\/wp\/v2\/product\/3032","targetHints":{"allow":["GET"]}}],"collection":[{"href":"https:\/\/spiritdust.pl\/de\/wp-json\/wp\/v2\/product"}],"about":[{"href":"https:\/\/spiritdust.pl\/de\/wp-json\/wp\/v2\/types\/product"}],"version-history":[{"count":0,"href":"https:\/\/spiritdust.pl\/de\/wp-json\/wp\/v2\/product\/3032\/revisions"}],"wp:featuredmedia":[{"embeddable":true,"href":"https:\/\/spiritdust.pl\/de\/wp-json\/wp\/v2\/media\/3034"}],"wp:attachment":[{"href":"https:\/\/spiritdust.pl\/de\/wp-json\/wp\/v2\/media?parent=3032"}],"wp:term":[{"taxonomy":"product_brand","embeddable":true,"href":"https:\/\/spiritdust.pl\/de\/wp-json\/wp\/v2\/product_brand?post=3032"},{"taxonomy":"product_cat","embeddable":true,"href":"https:\/\/spiritdust.pl\/de\/wp-json\/wp\/v2\/product_cat?post=3032"},{"taxonomy":"product_tag","embeddable":true,"href":"https:\/\/spiritdust.pl\/de\/wp-json\/wp\/v2\/product_tag?post=3032"}],"curies":[{"name":"wp","href":"https:\/\/api.w.org\/{rel}","templated":true}]}}