{"id":3123,"date":"2026-01-26T09:17:01","date_gmt":"2026-01-26T09:17:01","guid":{"rendered":"https:\/\/spiritdust.pl\/produkt\/auf-den-spuren-der-natur-ring-mit-rohem-smaragd-16\/"},"modified":"2026-01-26T09:17:01","modified_gmt":"2026-01-26T09:17:01","slug":"auf-den-spuren-der-natur-ring-mit-rohem-smaragd-16","status":"publish","type":"product","link":"https:\/\/spiritdust.pl\/de\/produkt\/auf-den-spuren-der-natur-ring-mit-rohem-smaragd-16\/","title":{"rendered":"Auf den Spuren der Natur &#8211; Ring mit rohem Smaragd 16"},"content":{"rendered":"<p><strong>Smaragd<\/strong> \u2013 ein Stein mit m\u00e4chtigen metaphysischen Eigenschaften, der mit Harmonie, Gleichgewicht, Herzschutz sowie der F\u00e4higkeit, die Intuition zu st\u00e4rken und innere Weisheit zu entwickeln, assoziiert wird.<\/p>\n<p>&nbsp;<\/p>\n<p>Die Oxidation von Kupfer ist ein nat\u00fcrlicher Prozess, der durch die Einwirkung von Luft, Wasser und anderen Verbindungen entsteht.<\/p>\n<p>&nbsp;<\/p>\n<p class=\"p1\"><em><span class=\"s1\">Wie reinigst du Kupferschmuck?<\/span><\/em><\/p>\n<p class=\"p1\" style=\"text-align: left\"><span class=\"s1\"><strong>Natronpaste<\/strong>:<\/span><strong><span class=\"s1\"> <\/span><\/strong><span class=\"s1\">Mische gleiche Mengen Salz und Natron mit etwas Zitronensaft, bis du eine Paste erh\u00e4ltst.<\/span><\/p>\n<p class=\"p1\"><strong class=\"whb\">Salz- und Essigl\u00f6sung: <\/strong>Kochsalz und Essig sind ebenfalls ein einfaches Reinigungsmittel, das du mit Haushaltsartikeln zubereiten kannst. Mische einfach gleiche Mengen Essig und Salz, um eine L\u00f6sung zur Reinigung deines Kupferschmucks zu erhalten. <\/p>\n<p class=\"p1\"><strong class=\"whb\">Zitrone mit Salz: <\/strong>Wenn du eine Zitrone hast, kannst du sie in deinen Kupferschmuck reiben, um ihn zu reinigen. Bestreue die Zitrone einfach mit Salz und reibe dann den Schmuck damit ab. (Wenn du eine tiefere Reinigung ben\u00f6tigst, f\u00fcge der Zitrone auch etwas Maismehl und Natron hinzu. Dies sorgt f\u00fcr eine tiefere Reinigung).  <\/p>\n<p class=\"p1\"><strong class=\"whb\">Ketchup: <\/strong>funktioniert normalerweise gut bei Schmuck mit vielen Details. Ketchup kann direkt auf den Schmuck aufgetragen und dann mit den Fingern oder einem Tuch eingerieben werden. <\/p>\n<p class=\"p1\"><strong class=\"whb\">Wasser mit milder Seife: <\/strong>Milde Seife oder sogar Sp\u00fclmittel kann f\u00fcr Kupferschmuck verwendet werden. Stelle nur sicher, dass du eine kleine Menge verwendest. Ein paar Tropfen milder Seife reichen aus, um Kupferschmuck zu reinigen.  <\/p>\n","protected":false},"excerpt":{"rendered":"<p class=\"p1\">Dieser Ring mit rohem <strong>Smaragd<\/strong>, gefasst in Kupfer, ist ein einzigartiges Schmuckst\u00fcck, das die nat\u00fcrliche Sch\u00f6nheit des Steins bewahrt. Der rohe, gr\u00fcne Smaragd verleiht dem Ring Charakter. Das den Stein umgebende Kupfer sorgt f\u00fcr einen rustikalen Look. Diese Kombination aus der Rohheit des Steins und des Metalls schafft ein originelles und nat\u00fcrliches Design.   <\/p>\n<p>&nbsp;<\/p>\n<p>Ringma\u00dfe:<\/p>\n<p>Gr\u00f6\u00dfe: 16<\/p>\n<p>Innendurchmesser: ca. 17,6 mm<\/p>\n<p>Innenumfang: ca. 56 mm<\/p>\n<p>Steinma\u00dfe: 11 x 7 mm<\/p>\n<p>&nbsp;<\/p>\n<div>\n<div class=\"intro\">\n<p>Ich verpacke den Schmuck in einer dekorativen Schachtel und lege jeder Bestellung einen Beutel sowie zuf\u00e4llige Aufkleber als Geschenk bei. \u2728<\/p>\n<\/div>\n<\/div>\n","protected":false},"featured_media":3127,"template":"","meta":{"inline_featured_image":false},"product_brand":[],"product_cat":[192],"product_tag":[268],"class_list":{"0":"post-3123","1":"product","2":"type-product","3":"status-publish","4":"has-post-thumbnail","6":"product_cat-ringe","7":"product_tag-smaragd","9":"first","10":"instock","11":"sale","12":"taxable","13":"shipping-taxable","14":"purchasable","15":"product-type-simple"},"yoast_head":"<!-- This site is optimized with the Yoast SEO plugin v27.5 - https:\/\/yoast.com\/product\/yoast-seo-wordpress\/ -->\n<title>Auf den Spuren der Natur - Ring mit rohem Smaragd 16 - Spirit Dust<\/title>\n<meta name=\"description\" content=\"Der Ring mit rohem Smaragd ist ein elegantes Accessoire, das durch die intensive gr\u00fcne Farbe des Steins und eine zarte Kupferfassung besticht.\" \/>\n<meta name=\"robots\" content=\"index, follow, max-snippet:-1, max-image-preview:large, max-video-preview:-1\" \/>\n<link rel=\"canonical\" href=\"https:\/\/spiritdust.pl\/de\/produkt\/auf-den-spuren-der-natur-ring-mit-rohem-smaragd-16\/\" \/>\n<meta property=\"og:locale\" content=\"de_DE\" \/>\n<meta property=\"og:type\" content=\"article\" \/>\n<meta property=\"og:title\" content=\"Auf den Spuren der Natur - Ring mit rohem Smaragd 16 - Spirit Dust\" \/>\n<meta property=\"og:description\" content=\"Der Ring mit rohem Smaragd ist ein elegantes Accessoire, das durch die intensive gr\u00fcne Farbe des Steins und eine zarte Kupferfassung besticht.\" \/>\n<meta property=\"og:url\" content=\"https:\/\/spiritdust.pl\/de\/produkt\/auf-den-spuren-der-natur-ring-mit-rohem-smaragd-16\/\" \/>\n<meta property=\"og:site_name\" content=\"Spirit Dust\" \/>\n<meta property=\"article:publisher\" content=\"https:\/\/www.facebook.com\/spiritdustmj\/\" \/>\n<meta property=\"og:image\" content=\"https:\/\/spiritdust.pl\/wp-content\/uploads\/2026\/01\/DSC04049.jpg\" \/>\n\t<meta property=\"og:image:width\" content=\"1088\" \/>\n\t<meta property=\"og:image:height\" content=\"1080\" \/>\n\t<meta property=\"og:image:type\" content=\"image\/jpeg\" \/>\n<meta name=\"twitter:card\" content=\"summary_large_image\" \/>\n<meta name=\"twitter:label1\" content=\"Gesch\u00e4tzte Lesezeit\" \/>\n\t<meta name=\"twitter:data1\" content=\"1\u00a0Minute\" \/>\n<script type=\"application\/ld+json\" class=\"yoast-schema-graph\">{\"@context\":\"https:\\\/\\\/schema.org\",\"@graph\":[{\"@type\":\"WebPage\",\"@id\":\"https:\\\/\\\/spiritdust.pl\\\/de\\\/produkt\\\/auf-den-spuren-der-natur-ring-mit-rohem-smaragd-16\\\/\",\"url\":\"https:\\\/\\\/spiritdust.pl\\\/de\\\/produkt\\\/auf-den-spuren-der-natur-ring-mit-rohem-smaragd-16\\\/\",\"name\":\"Auf den Spuren der Natur - Ring mit rohem Smaragd 16 - Spirit Dust\",\"isPartOf\":{\"@id\":\"https:\\\/\\\/green-chough-870564.hostingersite.com\\\/#website\"},\"primaryImageOfPage\":{\"@id\":\"https:\\\/\\\/spiritdust.pl\\\/de\\\/produkt\\\/auf-den-spuren-der-natur-ring-mit-rohem-smaragd-16\\\/#primaryimage\"},\"image\":{\"@id\":\"https:\\\/\\\/spiritdust.pl\\\/de\\\/produkt\\\/auf-den-spuren-der-natur-ring-mit-rohem-smaragd-16\\\/#primaryimage\"},\"thumbnailUrl\":\"https:\\\/\\\/spiritdust.pl\\\/wp-content\\\/uploads\\\/2026\\\/01\\\/DSC04049.jpg\",\"datePublished\":\"2026-01-26T09:17:01+00:00\",\"description\":\"Der Ring mit rohem Smaragd ist ein elegantes Accessoire, das durch die intensive gr\u00fcne Farbe des Steins und eine zarte Kupferfassung besticht.\",\"breadcrumb\":{\"@id\":\"https:\\\/\\\/spiritdust.pl\\\/de\\\/produkt\\\/auf-den-spuren-der-natur-ring-mit-rohem-smaragd-16\\\/#breadcrumb\"},\"inLanguage\":\"de\",\"potentialAction\":[{\"@type\":\"ReadAction\",\"target\":[\"https:\\\/\\\/spiritdust.pl\\\/de\\\/produkt\\\/auf-den-spuren-der-natur-ring-mit-rohem-smaragd-16\\\/\"]}]},{\"@type\":\"ImageObject\",\"inLanguage\":\"de\",\"@id\":\"https:\\\/\\\/spiritdust.pl\\\/de\\\/produkt\\\/auf-den-spuren-der-natur-ring-mit-rohem-smaragd-16\\\/#primaryimage\",\"url\":\"https:\\\/\\\/spiritdust.pl\\\/wp-content\\\/uploads\\\/2026\\\/01\\\/DSC04049.jpg\",\"contentUrl\":\"https:\\\/\\\/spiritdust.pl\\\/wp-content\\\/uploads\\\/2026\\\/01\\\/DSC04049.jpg\",\"width\":1088,\"height\":1080},{\"@type\":\"BreadcrumbList\",\"@id\":\"https:\\\/\\\/spiritdust.pl\\\/de\\\/produkt\\\/auf-den-spuren-der-natur-ring-mit-rohem-smaragd-16\\\/#breadcrumb\",\"itemListElement\":[{\"@type\":\"ListItem\",\"position\":1,\"name\":\"Strona g\u0142\u00f3wna\",\"item\":\"https:\\\/\\\/spiritdust.pl\\\/de\\\/spirit-dust-schmuck-aus-kupfer-silber-und-natursteinen\\\/\"},{\"@type\":\"ListItem\",\"position\":2,\"name\":\"Shop\",\"item\":\"https:\\\/\\\/green-chough-870564.hostingersite.com\\\/shop\\\/\"},{\"@type\":\"ListItem\",\"position\":3,\"name\":\"Auf den Spuren der Natur &#8211; Ring mit rohem Smaragd 16\"}]},{\"@type\":\"WebSite\",\"@id\":\"https:\\\/\\\/green-chough-870564.hostingersite.com\\\/#website\",\"url\":\"https:\\\/\\\/green-chough-870564.hostingersite.com\\\/\",\"name\":\"Spirit Dust\",\"description\":\"Bi\u017cuteria z Miedzi, Srebra i Kamieni Naturalnych\",\"publisher\":{\"@id\":\"https:\\\/\\\/green-chough-870564.hostingersite.com\\\/#organization\"},\"potentialAction\":[{\"@type\":\"SearchAction\",\"target\":{\"@type\":\"EntryPoint\",\"urlTemplate\":\"https:\\\/\\\/green-chough-870564.hostingersite.com\\\/?s={search_term_string}\"},\"query-input\":{\"@type\":\"PropertyValueSpecification\",\"valueRequired\":true,\"valueName\":\"search_term_string\"}}],\"inLanguage\":\"de\"},{\"@type\":\"Organization\",\"@id\":\"https:\\\/\\\/green-chough-870564.hostingersite.com\\\/#organization\",\"name\":\"Geisterstaub\",\"url\":\"https:\\\/\\\/green-chough-870564.hostingersite.com\\\/\",\"logo\":{\"@type\":\"ImageObject\",\"inLanguage\":\"de\",\"@id\":\"https:\\\/\\\/green-chough-870564.hostingersite.com\\\/#\\\/schema\\\/logo\\\/image\\\/\",\"url\":\"https:\\\/\\\/spiritdust.pl\\\/wp-content\\\/uploads\\\/2026\\\/01\\\/logo-sd.png\",\"contentUrl\":\"https:\\\/\\\/spiritdust.pl\\\/wp-content\\\/uploads\\\/2026\\\/01\\\/logo-sd.png\",\"width\":251,\"height\":368,\"caption\":\"Geisterstaub\"},\"image\":{\"@id\":\"https:\\\/\\\/green-chough-870564.hostingersite.com\\\/#\\\/schema\\\/logo\\\/image\\\/\"},\"sameAs\":[\"https:\\\/\\\/www.facebook.com\\\/spiritdustmj\\\/\",\"https:\\\/\\\/instagram.com\\\/spirit__dust\"]}]}<\/script>\n<!-- \/ Yoast SEO plugin. -->","yoast_head_json":{"title":"Auf den Spuren der Natur - Ring mit rohem Smaragd 16 - Spirit Dust","description":"Der Ring mit rohem Smaragd ist ein elegantes Accessoire, das durch die intensive gr\u00fcne Farbe des Steins und eine zarte Kupferfassung besticht.","robots":{"index":"index","follow":"follow","max-snippet":"max-snippet:-1","max-image-preview":"max-image-preview:large","max-video-preview":"max-video-preview:-1"},"canonical":"https:\/\/spiritdust.pl\/de\/produkt\/auf-den-spuren-der-natur-ring-mit-rohem-smaragd-16\/","og_locale":"de_DE","og_type":"article","og_title":"Auf den Spuren der Natur - Ring mit rohem Smaragd 16 - Spirit Dust","og_description":"Der Ring mit rohem Smaragd ist ein elegantes Accessoire, das durch die intensive gr\u00fcne Farbe des Steins und eine zarte Kupferfassung besticht.","og_url":"https:\/\/spiritdust.pl\/de\/produkt\/auf-den-spuren-der-natur-ring-mit-rohem-smaragd-16\/","og_site_name":"Spirit Dust","article_publisher":"https:\/\/www.facebook.com\/spiritdustmj\/","og_image":[{"width":1088,"height":1080,"url":"https:\/\/spiritdust.pl\/wp-content\/uploads\/2026\/01\/DSC04049.jpg","type":"image\/jpeg"}],"twitter_card":"summary_large_image","twitter_misc":{"Gesch\u00e4tzte Lesezeit":"1\u00a0Minute"},"schema":{"@context":"https:\/\/schema.org","@graph":[{"@type":"WebPage","@id":"https:\/\/spiritdust.pl\/de\/produkt\/auf-den-spuren-der-natur-ring-mit-rohem-smaragd-16\/","url":"https:\/\/spiritdust.pl\/de\/produkt\/auf-den-spuren-der-natur-ring-mit-rohem-smaragd-16\/","name":"Auf den Spuren der Natur - Ring mit rohem Smaragd 16 - Spirit Dust","isPartOf":{"@id":"https:\/\/green-chough-870564.hostingersite.com\/#website"},"primaryImageOfPage":{"@id":"https:\/\/spiritdust.pl\/de\/produkt\/auf-den-spuren-der-natur-ring-mit-rohem-smaragd-16\/#primaryimage"},"image":{"@id":"https:\/\/spiritdust.pl\/de\/produkt\/auf-den-spuren-der-natur-ring-mit-rohem-smaragd-16\/#primaryimage"},"thumbnailUrl":"https:\/\/spiritdust.pl\/wp-content\/uploads\/2026\/01\/DSC04049.jpg","datePublished":"2026-01-26T09:17:01+00:00","description":"Der Ring mit rohem Smaragd ist ein elegantes Accessoire, das durch die intensive gr\u00fcne Farbe des Steins und eine zarte Kupferfassung besticht.","breadcrumb":{"@id":"https:\/\/spiritdust.pl\/de\/produkt\/auf-den-spuren-der-natur-ring-mit-rohem-smaragd-16\/#breadcrumb"},"inLanguage":"de","potentialAction":[{"@type":"ReadAction","target":["https:\/\/spiritdust.pl\/de\/produkt\/auf-den-spuren-der-natur-ring-mit-rohem-smaragd-16\/"]}]},{"@type":"ImageObject","inLanguage":"de","@id":"https:\/\/spiritdust.pl\/de\/produkt\/auf-den-spuren-der-natur-ring-mit-rohem-smaragd-16\/#primaryimage","url":"https:\/\/spiritdust.pl\/wp-content\/uploads\/2026\/01\/DSC04049.jpg","contentUrl":"https:\/\/spiritdust.pl\/wp-content\/uploads\/2026\/01\/DSC04049.jpg","width":1088,"height":1080},{"@type":"BreadcrumbList","@id":"https:\/\/spiritdust.pl\/de\/produkt\/auf-den-spuren-der-natur-ring-mit-rohem-smaragd-16\/#breadcrumb","itemListElement":[{"@type":"ListItem","position":1,"name":"Strona g\u0142\u00f3wna","item":"https:\/\/spiritdust.pl\/de\/spirit-dust-schmuck-aus-kupfer-silber-und-natursteinen\/"},{"@type":"ListItem","position":2,"name":"Shop","item":"https:\/\/green-chough-870564.hostingersite.com\/shop\/"},{"@type":"ListItem","position":3,"name":"Auf den Spuren der Natur &#8211; Ring mit rohem Smaragd 16"}]},{"@type":"WebSite","@id":"https:\/\/green-chough-870564.hostingersite.com\/#website","url":"https:\/\/green-chough-870564.hostingersite.com\/","name":"Spirit Dust","description":"Bi\u017cuteria z Miedzi, Srebra i Kamieni Naturalnych","publisher":{"@id":"https:\/\/green-chough-870564.hostingersite.com\/#organization"},"potentialAction":[{"@type":"SearchAction","target":{"@type":"EntryPoint","urlTemplate":"https:\/\/green-chough-870564.hostingersite.com\/?s={search_term_string}"},"query-input":{"@type":"PropertyValueSpecification","valueRequired":true,"valueName":"search_term_string"}}],"inLanguage":"de"},{"@type":"Organization","@id":"https:\/\/green-chough-870564.hostingersite.com\/#organization","name":"Geisterstaub","url":"https:\/\/green-chough-870564.hostingersite.com\/","logo":{"@type":"ImageObject","inLanguage":"de","@id":"https:\/\/green-chough-870564.hostingersite.com\/#\/schema\/logo\/image\/","url":"https:\/\/spiritdust.pl\/wp-content\/uploads\/2026\/01\/logo-sd.png","contentUrl":"https:\/\/spiritdust.pl\/wp-content\/uploads\/2026\/01\/logo-sd.png","width":251,"height":368,"caption":"Geisterstaub"},"image":{"@id":"https:\/\/green-chough-870564.hostingersite.com\/#\/schema\/logo\/image\/"},"sameAs":["https:\/\/www.facebook.com\/spiritdustmj\/","https:\/\/instagram.com\/spirit__dust"]}]}},"_links":{"self":[{"href":"https:\/\/spiritdust.pl\/de\/wp-json\/wp\/v2\/product\/3123","targetHints":{"allow":["GET"]}}],"collection":[{"href":"https:\/\/spiritdust.pl\/de\/wp-json\/wp\/v2\/product"}],"about":[{"href":"https:\/\/spiritdust.pl\/de\/wp-json\/wp\/v2\/types\/product"}],"version-history":[{"count":0,"href":"https:\/\/spiritdust.pl\/de\/wp-json\/wp\/v2\/product\/3123\/revisions"}],"wp:featuredmedia":[{"embeddable":true,"href":"https:\/\/spiritdust.pl\/de\/wp-json\/wp\/v2\/media\/3127"}],"wp:attachment":[{"href":"https:\/\/spiritdust.pl\/de\/wp-json\/wp\/v2\/media?parent=3123"}],"wp:term":[{"taxonomy":"product_brand","embeddable":true,"href":"https:\/\/spiritdust.pl\/de\/wp-json\/wp\/v2\/product_brand?post=3123"},{"taxonomy":"product_cat","embeddable":true,"href":"https:\/\/spiritdust.pl\/de\/wp-json\/wp\/v2\/product_cat?post=3123"},{"taxonomy":"product_tag","embeddable":true,"href":"https:\/\/spiritdust.pl\/de\/wp-json\/wp\/v2\/product_tag?post=3123"}],"curies":[{"name":"wp","href":"https:\/\/api.w.org\/{rel}","templated":true}]}}