{"id":3134,"date":"2026-01-26T09:17:00","date_gmt":"2026-01-26T09:17:00","guid":{"rendered":"https:\/\/spiritdust.pl\/produkt\/opalstrahlen-der-liebe-energiearmband\/"},"modified":"2026-01-26T09:17:00","modified_gmt":"2026-01-26T09:17:00","slug":"opalstrahlen-der-liebe-energiearmband","status":"publish","type":"product","link":"https:\/\/spiritdust.pl\/de\/produkt\/opalstrahlen-der-liebe-energiearmband\/","title":{"rendered":"Opalstrahlen der Liebe &#8211; Energiearmband"},"content":{"rendered":"<p><strong>Rosa Opal &#8211;<\/strong> symbolisiert Liebe, Emotionen und Harmonie. Sein rosafarbener Farbton verleiht Zartheit und Sanftheit. <\/p>\n<p><strong>Rubin &#8211;<\/strong> ist ein Stein der Leidenschaft, Energie und Lebenskraft. Sein intensives Rot repr\u00e4sentiert Liebe und Entschlossenheit. <\/p>\n<p><strong>Rhodochrosit &#8211;<\/strong> unterst\u00fctzt emotionales Gleichgewicht, zwischenmenschliche Beziehungen und Selbstentwicklung. Sein rosafarbener Farbton symbolisiert die Zartheit des Herzens. <\/p>\n<p><strong>Rosa Turmalin &#8211;<\/strong> wird mit Liebe, Empathie und Sensibilit\u00e4t assoziiert. Er hilft, die Bed\u00fcrfnisse anderer zu verstehen. <\/p>\n<p><strong>Rosenquarz &#8211;<\/strong> ist der Stein der bedingungslosen Liebe. Er hilft, das Herz zu \u00f6ffnen, Emotionen zu heilen und Harmonie aufzubauen. <\/p>\n<p><strong>Bergkristall &#8211;<\/strong> ist ein reiner Energietr\u00e4ger, symbolisiert Gedankenkl\u00e4rung und spirituelle Transparenz.<\/p>\n<p><strong>Rhodonit &#8211;<\/strong> f\u00f6rdert emotionales Gleichgewicht, Kreativit\u00e4t und Selbstliebe. Seine rosa Farbe symbolisiert die Harmonie des Herzens. <\/p>\n<p><strong>H\u00e4matit &#8211;<\/strong> ist ein Stein der St\u00e4rke, des Schutzes und der Erdung. Er hilft, Selbstvertrauen und Stabilit\u00e4t aufzubauen. <\/p>\n<p>Diese Steine, in einem Armband vereint, bilden eine harmonische Energiemischung, die das emotionale, spirituelle und physische Gleichgewicht des Tr\u00e4gers unterst\u00fctzen kann.<\/p>\n","protected":false},"excerpt":{"rendered":"<p>Tauche ein in das magische Licht des Armbands mit <strong>Rosa Opal<\/strong>, <strong>Rubin<\/strong>, <strong>Rhodochrosit<\/strong>, <strong>Rosa Turmalin<\/strong>, <strong>Rosenquarz<\/strong>, <strong>Bergkristall<\/strong>, <strong>Rhodonit<\/strong> und <strong>H\u00e4matit<\/strong>, wo sich die m\u00e4chtige Energie der Edelsteine vereint, um eine au\u00dfergew\u00f6hnliche Harmonie zu schaffen und positive Kraft auszustrahlen.<\/p>\n<p>&nbsp;<\/p>\n<p>Die Weite ist durch einen Schiebeknoten verstellbar.<\/p>\n<p class=\"p1\">Ich verpacke den Schmuck in einer dekorativen Schachtel und lege jeder Bestellung einen Beutel sowie zuf\u00e4llige Aufkleber als Geschenk bei. \u2728<\/p>\n<p>&nbsp;<\/p>\n<p><strong data-start=\"1081\" data-end=\"1127\">Das Armband wird speziell f\u00fcr dich angefertigt<\/strong> \u2013 du kannst die Farbe der Zwischenst\u00fccke bei der Bestellung w\u00e4hlen.<br data-start=\"1187\" data-end=\"1190\">Aus diesem Grund handelt es sich um ein personalisiertes Produkt, das gem\u00e4\u00df den geltenden Bestimmungen <strong data-start=\"1246\" data-end=\"1270\">vom Umtausch ausgeschlossen ist<\/strong>.<\/p>\n","protected":false},"featured_media":3135,"template":"","meta":{"inline_featured_image":false},"product_brand":[],"product_cat":[168,167],"product_tag":[193,169,249,216,316,287,200,320],"class_list":{"0":"post-3134","1":"product","2":"type-product","3":"status-publish","4":"has-post-thumbnail","6":"product_cat-armbander","7":"product_cat-schmuck","8":"product_tag-bergkristall","9":"product_tag-hamatit","10":"product_tag-rhodochrosit","11":"product_tag-rhodonit","12":"product_tag-rosa-opal","13":"product_tag-rosa-turmalin","14":"product_tag-rosenquarz","15":"product_tag-rubin","17":"first","18":"instock","19":"taxable","20":"shipping-taxable","21":"product-type-variable"},"yoast_head":"<!-- This site is optimized with the Yoast SEO plugin v27.5 - https:\/\/yoast.com\/product\/yoast-seo-wordpress\/ -->\n<title>Opalstrahlen der Liebe - Energiearmband - Spirit Dust<\/title>\n<meta name=\"description\" content=\"Skorpion-Armband mit Malachit, schwarzem Turmalin, Jaspis, Rubin, Achat, Granat, Schneeflockenobsidian und H\u00e4matit: Die Kraft der Natursteine.\" \/>\n<meta name=\"robots\" content=\"index, follow, max-snippet:-1, max-image-preview:large, max-video-preview:-1\" \/>\n<link rel=\"canonical\" href=\"https:\/\/spiritdust.pl\/de\/produkt\/opalstrahlen-der-liebe-energiearmband\/\" \/>\n<meta property=\"og:locale\" content=\"de_DE\" \/>\n<meta property=\"og:type\" content=\"article\" \/>\n<meta property=\"og:title\" content=\"Opalstrahlen der Liebe - Energiearmband - Spirit Dust\" \/>\n<meta property=\"og:description\" content=\"Skorpion-Armband mit Malachit, schwarzem Turmalin, Jaspis, Rubin, Achat, Granat, Schneeflockenobsidian und H\u00e4matit: Die Kraft der Natursteine.\" \/>\n<meta property=\"og:url\" content=\"https:\/\/spiritdust.pl\/de\/produkt\/opalstrahlen-der-liebe-energiearmband\/\" \/>\n<meta property=\"og:site_name\" content=\"Spirit Dust\" \/>\n<meta property=\"article:publisher\" content=\"https:\/\/www.facebook.com\/spiritdustmj\/\" \/>\n<meta property=\"og:image\" content=\"https:\/\/spiritdust.pl\/wp-content\/uploads\/2026\/01\/DSC03717.jpg\" \/>\n\t<meta property=\"og:image:width\" content=\"1088\" \/>\n\t<meta property=\"og:image:height\" content=\"1080\" \/>\n\t<meta property=\"og:image:type\" content=\"image\/jpeg\" \/>\n<meta name=\"twitter:card\" content=\"summary_large_image\" \/>\n<meta name=\"twitter:label1\" content=\"Gesch\u00e4tzte Lesezeit\" \/>\n\t<meta name=\"twitter:data1\" content=\"1\u00a0Minute\" \/>\n<script type=\"application\/ld+json\" class=\"yoast-schema-graph\">{\"@context\":\"https:\\\/\\\/schema.org\",\"@graph\":[{\"@type\":\"WebPage\",\"@id\":\"https:\\\/\\\/spiritdust.pl\\\/de\\\/produkt\\\/opalstrahlen-der-liebe-energiearmband\\\/\",\"url\":\"https:\\\/\\\/spiritdust.pl\\\/de\\\/produkt\\\/opalstrahlen-der-liebe-energiearmband\\\/\",\"name\":\"Opalstrahlen der Liebe - Energiearmband - Spirit Dust\",\"isPartOf\":{\"@id\":\"https:\\\/\\\/green-chough-870564.hostingersite.com\\\/#website\"},\"primaryImageOfPage\":{\"@id\":\"https:\\\/\\\/spiritdust.pl\\\/de\\\/produkt\\\/opalstrahlen-der-liebe-energiearmband\\\/#primaryimage\"},\"image\":{\"@id\":\"https:\\\/\\\/spiritdust.pl\\\/de\\\/produkt\\\/opalstrahlen-der-liebe-energiearmband\\\/#primaryimage\"},\"thumbnailUrl\":\"https:\\\/\\\/spiritdust.pl\\\/wp-content\\\/uploads\\\/2026\\\/01\\\/DSC03717.jpg\",\"datePublished\":\"2026-01-26T09:17:00+00:00\",\"description\":\"Skorpion-Armband mit Malachit, schwarzem Turmalin, Jaspis, Rubin, Achat, Granat, Schneeflockenobsidian und H\u00e4matit: Die Kraft der Natursteine.\",\"breadcrumb\":{\"@id\":\"https:\\\/\\\/spiritdust.pl\\\/de\\\/produkt\\\/opalstrahlen-der-liebe-energiearmband\\\/#breadcrumb\"},\"inLanguage\":\"de\",\"potentialAction\":[{\"@type\":\"ReadAction\",\"target\":[\"https:\\\/\\\/spiritdust.pl\\\/de\\\/produkt\\\/opalstrahlen-der-liebe-energiearmband\\\/\"]}]},{\"@type\":\"ImageObject\",\"inLanguage\":\"de\",\"@id\":\"https:\\\/\\\/spiritdust.pl\\\/de\\\/produkt\\\/opalstrahlen-der-liebe-energiearmband\\\/#primaryimage\",\"url\":\"https:\\\/\\\/spiritdust.pl\\\/wp-content\\\/uploads\\\/2026\\\/01\\\/DSC03717.jpg\",\"contentUrl\":\"https:\\\/\\\/spiritdust.pl\\\/wp-content\\\/uploads\\\/2026\\\/01\\\/DSC03717.jpg\",\"width\":1088,\"height\":1080},{\"@type\":\"BreadcrumbList\",\"@id\":\"https:\\\/\\\/spiritdust.pl\\\/de\\\/produkt\\\/opalstrahlen-der-liebe-energiearmband\\\/#breadcrumb\",\"itemListElement\":[{\"@type\":\"ListItem\",\"position\":1,\"name\":\"Strona g\u0142\u00f3wna\",\"item\":\"https:\\\/\\\/spiritdust.pl\\\/de\\\/spirit-dust-schmuck-aus-kupfer-silber-und-natursteinen\\\/\"},{\"@type\":\"ListItem\",\"position\":2,\"name\":\"Shop\",\"item\":\"https:\\\/\\\/green-chough-870564.hostingersite.com\\\/shop\\\/\"},{\"@type\":\"ListItem\",\"position\":3,\"name\":\"Opalstrahlen der Liebe &#8211; Energiearmband\"}]},{\"@type\":\"WebSite\",\"@id\":\"https:\\\/\\\/green-chough-870564.hostingersite.com\\\/#website\",\"url\":\"https:\\\/\\\/green-chough-870564.hostingersite.com\\\/\",\"name\":\"Spirit Dust\",\"description\":\"Bi\u017cuteria z Miedzi, Srebra i Kamieni Naturalnych\",\"publisher\":{\"@id\":\"https:\\\/\\\/green-chough-870564.hostingersite.com\\\/#organization\"},\"potentialAction\":[{\"@type\":\"SearchAction\",\"target\":{\"@type\":\"EntryPoint\",\"urlTemplate\":\"https:\\\/\\\/green-chough-870564.hostingersite.com\\\/?s={search_term_string}\"},\"query-input\":{\"@type\":\"PropertyValueSpecification\",\"valueRequired\":true,\"valueName\":\"search_term_string\"}}],\"inLanguage\":\"de\"},{\"@type\":\"Organization\",\"@id\":\"https:\\\/\\\/green-chough-870564.hostingersite.com\\\/#organization\",\"name\":\"Geisterstaub\",\"url\":\"https:\\\/\\\/green-chough-870564.hostingersite.com\\\/\",\"logo\":{\"@type\":\"ImageObject\",\"inLanguage\":\"de\",\"@id\":\"https:\\\/\\\/green-chough-870564.hostingersite.com\\\/#\\\/schema\\\/logo\\\/image\\\/\",\"url\":\"https:\\\/\\\/spiritdust.pl\\\/wp-content\\\/uploads\\\/2026\\\/01\\\/logo-sd.png\",\"contentUrl\":\"https:\\\/\\\/spiritdust.pl\\\/wp-content\\\/uploads\\\/2026\\\/01\\\/logo-sd.png\",\"width\":251,\"height\":368,\"caption\":\"Geisterstaub\"},\"image\":{\"@id\":\"https:\\\/\\\/green-chough-870564.hostingersite.com\\\/#\\\/schema\\\/logo\\\/image\\\/\"},\"sameAs\":[\"https:\\\/\\\/www.facebook.com\\\/spiritdustmj\\\/\",\"https:\\\/\\\/instagram.com\\\/spirit__dust\"]}]}<\/script>\n<!-- \/ Yoast SEO plugin. -->","yoast_head_json":{"title":"Opalstrahlen der Liebe - Energiearmband - Spirit Dust","description":"Skorpion-Armband mit Malachit, schwarzem Turmalin, Jaspis, Rubin, Achat, Granat, Schneeflockenobsidian und H\u00e4matit: Die Kraft der Natursteine.","robots":{"index":"index","follow":"follow","max-snippet":"max-snippet:-1","max-image-preview":"max-image-preview:large","max-video-preview":"max-video-preview:-1"},"canonical":"https:\/\/spiritdust.pl\/de\/produkt\/opalstrahlen-der-liebe-energiearmband\/","og_locale":"de_DE","og_type":"article","og_title":"Opalstrahlen der Liebe - Energiearmband - Spirit Dust","og_description":"Skorpion-Armband mit Malachit, schwarzem Turmalin, Jaspis, Rubin, Achat, Granat, Schneeflockenobsidian und H\u00e4matit: Die Kraft der Natursteine.","og_url":"https:\/\/spiritdust.pl\/de\/produkt\/opalstrahlen-der-liebe-energiearmband\/","og_site_name":"Spirit Dust","article_publisher":"https:\/\/www.facebook.com\/spiritdustmj\/","og_image":[{"width":1088,"height":1080,"url":"https:\/\/spiritdust.pl\/wp-content\/uploads\/2026\/01\/DSC03717.jpg","type":"image\/jpeg"}],"twitter_card":"summary_large_image","twitter_misc":{"Gesch\u00e4tzte Lesezeit":"1\u00a0Minute"},"schema":{"@context":"https:\/\/schema.org","@graph":[{"@type":"WebPage","@id":"https:\/\/spiritdust.pl\/de\/produkt\/opalstrahlen-der-liebe-energiearmband\/","url":"https:\/\/spiritdust.pl\/de\/produkt\/opalstrahlen-der-liebe-energiearmband\/","name":"Opalstrahlen der Liebe - Energiearmband - Spirit Dust","isPartOf":{"@id":"https:\/\/green-chough-870564.hostingersite.com\/#website"},"primaryImageOfPage":{"@id":"https:\/\/spiritdust.pl\/de\/produkt\/opalstrahlen-der-liebe-energiearmband\/#primaryimage"},"image":{"@id":"https:\/\/spiritdust.pl\/de\/produkt\/opalstrahlen-der-liebe-energiearmband\/#primaryimage"},"thumbnailUrl":"https:\/\/spiritdust.pl\/wp-content\/uploads\/2026\/01\/DSC03717.jpg","datePublished":"2026-01-26T09:17:00+00:00","description":"Skorpion-Armband mit Malachit, schwarzem Turmalin, Jaspis, Rubin, Achat, Granat, Schneeflockenobsidian und H\u00e4matit: Die Kraft der Natursteine.","breadcrumb":{"@id":"https:\/\/spiritdust.pl\/de\/produkt\/opalstrahlen-der-liebe-energiearmband\/#breadcrumb"},"inLanguage":"de","potentialAction":[{"@type":"ReadAction","target":["https:\/\/spiritdust.pl\/de\/produkt\/opalstrahlen-der-liebe-energiearmband\/"]}]},{"@type":"ImageObject","inLanguage":"de","@id":"https:\/\/spiritdust.pl\/de\/produkt\/opalstrahlen-der-liebe-energiearmband\/#primaryimage","url":"https:\/\/spiritdust.pl\/wp-content\/uploads\/2026\/01\/DSC03717.jpg","contentUrl":"https:\/\/spiritdust.pl\/wp-content\/uploads\/2026\/01\/DSC03717.jpg","width":1088,"height":1080},{"@type":"BreadcrumbList","@id":"https:\/\/spiritdust.pl\/de\/produkt\/opalstrahlen-der-liebe-energiearmband\/#breadcrumb","itemListElement":[{"@type":"ListItem","position":1,"name":"Strona g\u0142\u00f3wna","item":"https:\/\/spiritdust.pl\/de\/spirit-dust-schmuck-aus-kupfer-silber-und-natursteinen\/"},{"@type":"ListItem","position":2,"name":"Shop","item":"https:\/\/green-chough-870564.hostingersite.com\/shop\/"},{"@type":"ListItem","position":3,"name":"Opalstrahlen der Liebe &#8211; Energiearmband"}]},{"@type":"WebSite","@id":"https:\/\/green-chough-870564.hostingersite.com\/#website","url":"https:\/\/green-chough-870564.hostingersite.com\/","name":"Spirit Dust","description":"Bi\u017cuteria z Miedzi, Srebra i Kamieni Naturalnych","publisher":{"@id":"https:\/\/green-chough-870564.hostingersite.com\/#organization"},"potentialAction":[{"@type":"SearchAction","target":{"@type":"EntryPoint","urlTemplate":"https:\/\/green-chough-870564.hostingersite.com\/?s={search_term_string}"},"query-input":{"@type":"PropertyValueSpecification","valueRequired":true,"valueName":"search_term_string"}}],"inLanguage":"de"},{"@type":"Organization","@id":"https:\/\/green-chough-870564.hostingersite.com\/#organization","name":"Geisterstaub","url":"https:\/\/green-chough-870564.hostingersite.com\/","logo":{"@type":"ImageObject","inLanguage":"de","@id":"https:\/\/green-chough-870564.hostingersite.com\/#\/schema\/logo\/image\/","url":"https:\/\/spiritdust.pl\/wp-content\/uploads\/2026\/01\/logo-sd.png","contentUrl":"https:\/\/spiritdust.pl\/wp-content\/uploads\/2026\/01\/logo-sd.png","width":251,"height":368,"caption":"Geisterstaub"},"image":{"@id":"https:\/\/green-chough-870564.hostingersite.com\/#\/schema\/logo\/image\/"},"sameAs":["https:\/\/www.facebook.com\/spiritdustmj\/","https:\/\/instagram.com\/spirit__dust"]}]}},"_links":{"self":[{"href":"https:\/\/spiritdust.pl\/de\/wp-json\/wp\/v2\/product\/3134","targetHints":{"allow":["GET"]}}],"collection":[{"href":"https:\/\/spiritdust.pl\/de\/wp-json\/wp\/v2\/product"}],"about":[{"href":"https:\/\/spiritdust.pl\/de\/wp-json\/wp\/v2\/types\/product"}],"version-history":[{"count":0,"href":"https:\/\/spiritdust.pl\/de\/wp-json\/wp\/v2\/product\/3134\/revisions"}],"wp:featuredmedia":[{"embeddable":true,"href":"https:\/\/spiritdust.pl\/de\/wp-json\/wp\/v2\/media\/3135"}],"wp:attachment":[{"href":"https:\/\/spiritdust.pl\/de\/wp-json\/wp\/v2\/media?parent=3134"}],"wp:term":[{"taxonomy":"product_brand","embeddable":true,"href":"https:\/\/spiritdust.pl\/de\/wp-json\/wp\/v2\/product_brand?post=3134"},{"taxonomy":"product_cat","embeddable":true,"href":"https:\/\/spiritdust.pl\/de\/wp-json\/wp\/v2\/product_cat?post=3134"},{"taxonomy":"product_tag","embeddable":true,"href":"https:\/\/spiritdust.pl\/de\/wp-json\/wp\/v2\/product_tag?post=3134"}],"curies":[{"name":"wp","href":"https:\/\/api.w.org\/{rel}","templated":true}]}}