{"id":3148,"date":"2026-01-26T09:17:00","date_gmt":"2026-01-26T09:17:00","guid":{"rendered":"https:\/\/spiritdust.pl\/produkt\/feuerstein-armband-mit-lava-obsidian\/"},"modified":"2026-01-26T09:17:00","modified_gmt":"2026-01-26T09:17:00","slug":"feuerstein-armband-mit-lava-obsidian","status":"publish","type":"product","link":"https:\/\/spiritdust.pl\/de\/produkt\/feuerstein-armband-mit-lava-obsidian\/","title":{"rendered":"Feuerstein &#8211; Armband mit Lava, Obsidian"},"content":{"rendered":"<p><strong>Vulkanlava <\/strong>&#8211; hat die Eigenschaft, negative Energie zu b\u00fcndeln und in positive umzuwandeln. Sie stimuliert zudem einen sanften Energiefluss, der heilend auf K\u00f6rper, Geist und Seele wirkt. <\/p>\n<p><strong>Obsidian<\/strong> \u2013 ein stark sch\u00fctzender Stein, der einen Schild gegen Negativit\u00e4t bildet. Er reduziert Stress und psychische Anspannung. Er stellt die Klarheit des Geistes wieder her und beseitigt Verwirrung. Er hilft dir, herauszufinden, wer du wirklich bist.   <\/p>\n<p><strong>H\u00e4matit &#8211;<\/strong> ist ein Erdstein, der mit St\u00e4rke, Mut und Ausgeglichenheit assoziiert wird. Er f\u00f6rdert die Konzentration, unterst\u00fctzt das Kreislaufsystem und energetisiert den K\u00f6rper. <\/p>\n","protected":false},"excerpt":{"rendered":"<p>Das Armband aus <strong>Vulkanlava<\/strong>, mattem <strong>Obsidian<\/strong> und Kupfer-<strong>H\u00e4matit<\/strong> ist ein einzigartiges und stilvolles Accessoire, das die Kraft nat\u00fcrlicher Steine vereint. Die Vulkanlava spendet Energie und symbolisiert die Kraft der Natur, w\u00e4hrend der matte Obsidian Ruhe und Ausgeglichenheit bringt. Der Kupferh\u00e4matit verleiht Eleganz und einen einzigartigen Glanz. Dieses Armband unterstreicht nicht nur deine Individualit\u00e4t, sondern bringt auch positive Energie und Schutz mit sich. Ideal f\u00fcr den Alltag oder als besonderes Geschenk f\u00fcr einen lieben Menschen.    <\/p>\n<p>&nbsp;<\/p>\n<p>Die Weite ist durch einen Schiebeknoten verstellbar.<\/p>\n<p class=\"p1\">Ich verpacke den Schmuck in einer dekorativen Schachtel und lege jeder Bestellung einen Beutel sowie zuf\u00e4llige Aufkleber als Geschenk bei. \u2728<\/p>\n<p>&nbsp;<\/p>\n<p><strong data-start=\"1081\" data-end=\"1127\">Das Armband wird speziell f\u00fcr dich angefertigt<\/strong> \u2013 du kannst die Farbe der Zwischenperlen bei der Bestellung w\u00e4hlen.<br data-start=\"1187\" data-end=\"1190\">Aus diesem Grund ist es ein personalisiertes Produkt, das gem\u00e4\u00df den geltenden Bestimmungen <strong data-start=\"1246\" data-end=\"1270\">vom Umtausch ausgeschlossen<\/strong> ist.<\/p>\n","protected":false},"featured_media":3150,"template":"","meta":{"inline_featured_image":false},"product_brand":[],"product_cat":[168,167],"product_tag":[169,267,236],"class_list":{"0":"post-3148","1":"product","2":"type-product","3":"status-publish","4":"has-post-thumbnail","6":"product_cat-armbander","7":"product_cat-schmuck","8":"product_tag-hamatit","9":"product_tag-lavastein","10":"product_tag-obsidian","12":"first","13":"instock","14":"taxable","15":"shipping-taxable","16":"product-type-variable"},"yoast_head":"<!-- This site is optimized with the Yoast SEO plugin v27.5 - https:\/\/yoast.com\/product\/yoast-seo-wordpress\/ -->\n<title>Feuerstein - Armband mit Lava, Obsidian - Spirit Dust<\/title>\n<meta name=\"description\" content=\"Armband aus Vulkangestein, mattem Obsidian und Kupferh\u00e4matit \u2013 eine Kombination aus Naturkraft und Eleganz in einem einzigartigen Accessoire.\" \/>\n<meta name=\"robots\" content=\"index, follow, max-snippet:-1, max-image-preview:large, max-video-preview:-1\" \/>\n<link rel=\"canonical\" href=\"https:\/\/spiritdust.pl\/de\/produkt\/feuerstein-armband-mit-lava-obsidian\/\" \/>\n<meta property=\"og:locale\" content=\"de_DE\" \/>\n<meta property=\"og:type\" content=\"article\" \/>\n<meta property=\"og:title\" content=\"Feuerstein - Armband mit Lava, Obsidian - Spirit Dust\" \/>\n<meta property=\"og:description\" content=\"Armband aus Vulkangestein, mattem Obsidian und Kupferh\u00e4matit \u2013 eine Kombination aus Naturkraft und Eleganz in einem einzigartigen Accessoire.\" \/>\n<meta property=\"og:url\" content=\"https:\/\/spiritdust.pl\/de\/produkt\/feuerstein-armband-mit-lava-obsidian\/\" \/>\n<meta property=\"og:site_name\" content=\"Spirit Dust\" \/>\n<meta property=\"article:publisher\" content=\"https:\/\/www.facebook.com\/spiritdustmj\/\" \/>\n<meta property=\"og:image\" content=\"https:\/\/spiritdust.pl\/wp-content\/uploads\/2026\/01\/DSC03565.jpg\" \/>\n\t<meta property=\"og:image:width\" content=\"1088\" \/>\n\t<meta property=\"og:image:height\" content=\"1080\" \/>\n\t<meta property=\"og:image:type\" content=\"image\/jpeg\" \/>\n<meta name=\"twitter:card\" content=\"summary_large_image\" \/>\n<script type=\"application\/ld+json\" class=\"yoast-schema-graph\">{\"@context\":\"https:\\\/\\\/schema.org\",\"@graph\":[{\"@type\":\"WebPage\",\"@id\":\"https:\\\/\\\/spiritdust.pl\\\/de\\\/produkt\\\/feuerstein-armband-mit-lava-obsidian\\\/\",\"url\":\"https:\\\/\\\/spiritdust.pl\\\/de\\\/produkt\\\/feuerstein-armband-mit-lava-obsidian\\\/\",\"name\":\"Feuerstein - Armband mit Lava, Obsidian - Spirit Dust\",\"isPartOf\":{\"@id\":\"https:\\\/\\\/green-chough-870564.hostingersite.com\\\/#website\"},\"primaryImageOfPage\":{\"@id\":\"https:\\\/\\\/spiritdust.pl\\\/de\\\/produkt\\\/feuerstein-armband-mit-lava-obsidian\\\/#primaryimage\"},\"image\":{\"@id\":\"https:\\\/\\\/spiritdust.pl\\\/de\\\/produkt\\\/feuerstein-armband-mit-lava-obsidian\\\/#primaryimage\"},\"thumbnailUrl\":\"https:\\\/\\\/spiritdust.pl\\\/wp-content\\\/uploads\\\/2026\\\/01\\\/DSC03565.jpg\",\"datePublished\":\"2026-01-26T09:17:00+00:00\",\"description\":\"Armband aus Vulkangestein, mattem Obsidian und Kupferh\u00e4matit \u2013 eine Kombination aus Naturkraft und Eleganz in einem einzigartigen Accessoire.\",\"breadcrumb\":{\"@id\":\"https:\\\/\\\/spiritdust.pl\\\/de\\\/produkt\\\/feuerstein-armband-mit-lava-obsidian\\\/#breadcrumb\"},\"inLanguage\":\"de\",\"potentialAction\":[{\"@type\":\"ReadAction\",\"target\":[\"https:\\\/\\\/spiritdust.pl\\\/de\\\/produkt\\\/feuerstein-armband-mit-lava-obsidian\\\/\"]}]},{\"@type\":\"ImageObject\",\"inLanguage\":\"de\",\"@id\":\"https:\\\/\\\/spiritdust.pl\\\/de\\\/produkt\\\/feuerstein-armband-mit-lava-obsidian\\\/#primaryimage\",\"url\":\"https:\\\/\\\/spiritdust.pl\\\/wp-content\\\/uploads\\\/2026\\\/01\\\/DSC03565.jpg\",\"contentUrl\":\"https:\\\/\\\/spiritdust.pl\\\/wp-content\\\/uploads\\\/2026\\\/01\\\/DSC03565.jpg\",\"width\":1088,\"height\":1080},{\"@type\":\"BreadcrumbList\",\"@id\":\"https:\\\/\\\/spiritdust.pl\\\/de\\\/produkt\\\/feuerstein-armband-mit-lava-obsidian\\\/#breadcrumb\",\"itemListElement\":[{\"@type\":\"ListItem\",\"position\":1,\"name\":\"Strona g\u0142\u00f3wna\",\"item\":\"https:\\\/\\\/spiritdust.pl\\\/de\\\/spirit-dust-schmuck-aus-kupfer-silber-und-natursteinen\\\/\"},{\"@type\":\"ListItem\",\"position\":2,\"name\":\"Shop\",\"item\":\"https:\\\/\\\/green-chough-870564.hostingersite.com\\\/shop\\\/\"},{\"@type\":\"ListItem\",\"position\":3,\"name\":\"Feuerstein &#8211; Armband mit Lava, Obsidian\"}]},{\"@type\":\"WebSite\",\"@id\":\"https:\\\/\\\/green-chough-870564.hostingersite.com\\\/#website\",\"url\":\"https:\\\/\\\/green-chough-870564.hostingersite.com\\\/\",\"name\":\"Spirit Dust\",\"description\":\"Bi\u017cuteria z Miedzi, Srebra i Kamieni Naturalnych\",\"publisher\":{\"@id\":\"https:\\\/\\\/green-chough-870564.hostingersite.com\\\/#organization\"},\"potentialAction\":[{\"@type\":\"SearchAction\",\"target\":{\"@type\":\"EntryPoint\",\"urlTemplate\":\"https:\\\/\\\/green-chough-870564.hostingersite.com\\\/?s={search_term_string}\"},\"query-input\":{\"@type\":\"PropertyValueSpecification\",\"valueRequired\":true,\"valueName\":\"search_term_string\"}}],\"inLanguage\":\"de\"},{\"@type\":\"Organization\",\"@id\":\"https:\\\/\\\/green-chough-870564.hostingersite.com\\\/#organization\",\"name\":\"Geisterstaub\",\"url\":\"https:\\\/\\\/green-chough-870564.hostingersite.com\\\/\",\"logo\":{\"@type\":\"ImageObject\",\"inLanguage\":\"de\",\"@id\":\"https:\\\/\\\/green-chough-870564.hostingersite.com\\\/#\\\/schema\\\/logo\\\/image\\\/\",\"url\":\"https:\\\/\\\/spiritdust.pl\\\/wp-content\\\/uploads\\\/2026\\\/01\\\/logo-sd.png\",\"contentUrl\":\"https:\\\/\\\/spiritdust.pl\\\/wp-content\\\/uploads\\\/2026\\\/01\\\/logo-sd.png\",\"width\":251,\"height\":368,\"caption\":\"Geisterstaub\"},\"image\":{\"@id\":\"https:\\\/\\\/green-chough-870564.hostingersite.com\\\/#\\\/schema\\\/logo\\\/image\\\/\"},\"sameAs\":[\"https:\\\/\\\/www.facebook.com\\\/spiritdustmj\\\/\",\"https:\\\/\\\/instagram.com\\\/spirit__dust\"]}]}<\/script>\n<!-- \/ Yoast SEO plugin. -->","yoast_head_json":{"title":"Feuerstein - Armband mit Lava, Obsidian - Spirit Dust","description":"Armband aus Vulkangestein, mattem Obsidian und Kupferh\u00e4matit \u2013 eine Kombination aus Naturkraft und Eleganz in einem einzigartigen Accessoire.","robots":{"index":"index","follow":"follow","max-snippet":"max-snippet:-1","max-image-preview":"max-image-preview:large","max-video-preview":"max-video-preview:-1"},"canonical":"https:\/\/spiritdust.pl\/de\/produkt\/feuerstein-armband-mit-lava-obsidian\/","og_locale":"de_DE","og_type":"article","og_title":"Feuerstein - Armband mit Lava, Obsidian - Spirit Dust","og_description":"Armband aus Vulkangestein, mattem Obsidian und Kupferh\u00e4matit \u2013 eine Kombination aus Naturkraft und Eleganz in einem einzigartigen Accessoire.","og_url":"https:\/\/spiritdust.pl\/de\/produkt\/feuerstein-armband-mit-lava-obsidian\/","og_site_name":"Spirit Dust","article_publisher":"https:\/\/www.facebook.com\/spiritdustmj\/","og_image":[{"width":1088,"height":1080,"url":"https:\/\/spiritdust.pl\/wp-content\/uploads\/2026\/01\/DSC03565.jpg","type":"image\/jpeg"}],"twitter_card":"summary_large_image","schema":{"@context":"https:\/\/schema.org","@graph":[{"@type":"WebPage","@id":"https:\/\/spiritdust.pl\/de\/produkt\/feuerstein-armband-mit-lava-obsidian\/","url":"https:\/\/spiritdust.pl\/de\/produkt\/feuerstein-armband-mit-lava-obsidian\/","name":"Feuerstein - Armband mit Lava, Obsidian - Spirit Dust","isPartOf":{"@id":"https:\/\/green-chough-870564.hostingersite.com\/#website"},"primaryImageOfPage":{"@id":"https:\/\/spiritdust.pl\/de\/produkt\/feuerstein-armband-mit-lava-obsidian\/#primaryimage"},"image":{"@id":"https:\/\/spiritdust.pl\/de\/produkt\/feuerstein-armband-mit-lava-obsidian\/#primaryimage"},"thumbnailUrl":"https:\/\/spiritdust.pl\/wp-content\/uploads\/2026\/01\/DSC03565.jpg","datePublished":"2026-01-26T09:17:00+00:00","description":"Armband aus Vulkangestein, mattem Obsidian und Kupferh\u00e4matit \u2013 eine Kombination aus Naturkraft und Eleganz in einem einzigartigen Accessoire.","breadcrumb":{"@id":"https:\/\/spiritdust.pl\/de\/produkt\/feuerstein-armband-mit-lava-obsidian\/#breadcrumb"},"inLanguage":"de","potentialAction":[{"@type":"ReadAction","target":["https:\/\/spiritdust.pl\/de\/produkt\/feuerstein-armband-mit-lava-obsidian\/"]}]},{"@type":"ImageObject","inLanguage":"de","@id":"https:\/\/spiritdust.pl\/de\/produkt\/feuerstein-armband-mit-lava-obsidian\/#primaryimage","url":"https:\/\/spiritdust.pl\/wp-content\/uploads\/2026\/01\/DSC03565.jpg","contentUrl":"https:\/\/spiritdust.pl\/wp-content\/uploads\/2026\/01\/DSC03565.jpg","width":1088,"height":1080},{"@type":"BreadcrumbList","@id":"https:\/\/spiritdust.pl\/de\/produkt\/feuerstein-armband-mit-lava-obsidian\/#breadcrumb","itemListElement":[{"@type":"ListItem","position":1,"name":"Strona g\u0142\u00f3wna","item":"https:\/\/spiritdust.pl\/de\/spirit-dust-schmuck-aus-kupfer-silber-und-natursteinen\/"},{"@type":"ListItem","position":2,"name":"Shop","item":"https:\/\/green-chough-870564.hostingersite.com\/shop\/"},{"@type":"ListItem","position":3,"name":"Feuerstein &#8211; Armband mit Lava, Obsidian"}]},{"@type":"WebSite","@id":"https:\/\/green-chough-870564.hostingersite.com\/#website","url":"https:\/\/green-chough-870564.hostingersite.com\/","name":"Spirit Dust","description":"Bi\u017cuteria z Miedzi, Srebra i Kamieni Naturalnych","publisher":{"@id":"https:\/\/green-chough-870564.hostingersite.com\/#organization"},"potentialAction":[{"@type":"SearchAction","target":{"@type":"EntryPoint","urlTemplate":"https:\/\/green-chough-870564.hostingersite.com\/?s={search_term_string}"},"query-input":{"@type":"PropertyValueSpecification","valueRequired":true,"valueName":"search_term_string"}}],"inLanguage":"de"},{"@type":"Organization","@id":"https:\/\/green-chough-870564.hostingersite.com\/#organization","name":"Geisterstaub","url":"https:\/\/green-chough-870564.hostingersite.com\/","logo":{"@type":"ImageObject","inLanguage":"de","@id":"https:\/\/green-chough-870564.hostingersite.com\/#\/schema\/logo\/image\/","url":"https:\/\/spiritdust.pl\/wp-content\/uploads\/2026\/01\/logo-sd.png","contentUrl":"https:\/\/spiritdust.pl\/wp-content\/uploads\/2026\/01\/logo-sd.png","width":251,"height":368,"caption":"Geisterstaub"},"image":{"@id":"https:\/\/green-chough-870564.hostingersite.com\/#\/schema\/logo\/image\/"},"sameAs":["https:\/\/www.facebook.com\/spiritdustmj\/","https:\/\/instagram.com\/spirit__dust"]}]}},"_links":{"self":[{"href":"https:\/\/spiritdust.pl\/de\/wp-json\/wp\/v2\/product\/3148","targetHints":{"allow":["GET"]}}],"collection":[{"href":"https:\/\/spiritdust.pl\/de\/wp-json\/wp\/v2\/product"}],"about":[{"href":"https:\/\/spiritdust.pl\/de\/wp-json\/wp\/v2\/types\/product"}],"version-history":[{"count":0,"href":"https:\/\/spiritdust.pl\/de\/wp-json\/wp\/v2\/product\/3148\/revisions"}],"wp:featuredmedia":[{"embeddable":true,"href":"https:\/\/spiritdust.pl\/de\/wp-json\/wp\/v2\/media\/3150"}],"wp:attachment":[{"href":"https:\/\/spiritdust.pl\/de\/wp-json\/wp\/v2\/media?parent=3148"}],"wp:term":[{"taxonomy":"product_brand","embeddable":true,"href":"https:\/\/spiritdust.pl\/de\/wp-json\/wp\/v2\/product_brand?post=3148"},{"taxonomy":"product_cat","embeddable":true,"href":"https:\/\/spiritdust.pl\/de\/wp-json\/wp\/v2\/product_cat?post=3148"},{"taxonomy":"product_tag","embeddable":true,"href":"https:\/\/spiritdust.pl\/de\/wp-json\/wp\/v2\/product_tag?post=3148"}],"curies":[{"name":"wp","href":"https:\/\/api.w.org\/{rel}","templated":true}]}}