{"id":3202,"date":"2026-01-26T09:17:00","date_gmt":"2026-01-26T09:17:00","guid":{"rendered":"https:\/\/spiritdust.pl\/produkt\/energie-armband-mit-schwarzem-turmalin-und-steinen\/"},"modified":"2026-01-26T09:17:00","modified_gmt":"2026-01-26T09:17:00","slug":"energie-armband-mit-schwarzem-turmalin-und-steinen","status":"publish","type":"product","link":"https:\/\/spiritdust.pl\/de\/produkt\/energie-armband-mit-schwarzem-turmalin-und-steinen\/","title":{"rendered":"Energie-Armband mit Schwarzem Turmalin und Steinen"},"content":{"rendered":"<p><strong>Schwarzer Turmalin:<\/strong> Schutz vor negativer Energie.<\/p>\n<p><strong>Larvikit:<\/strong> St\u00e4rkt die Intuition und reduziert Stress.<\/p>\n<p><strong>Moosachat:<\/strong> Stein der Harmonie und des Schutzes.<\/p>\n<p><strong>Labradorit:<\/strong> Unterst\u00fctzt die Entwicklung von Intuition und psychischen F\u00e4higkeiten.<\/p>\n<p><strong>H\u00e4matit:<\/strong> Stabilisiert, sch\u00fctzt und spendet Energie.<\/p>\n<p><strong>Vulkangestein:<\/strong> Symbol der Naturkraft und des Wandels.<\/p>\n","protected":false},"excerpt":{"rendered":"<p>Entdecke die magische Harmonie der Natur mit diesem einzigartigen Natursteinarmband. <strong>Schwarzer Turmalin<\/strong> bietet Schutz vor negativer Energie, w\u00e4hrend <strong>Larvikit<\/strong> und <strong>Moosachat<\/strong> Gleichgewicht und Ruhe bringen. <strong>Labradorit<\/strong> verleiht einen geheimnisvollen Glanz, und <strong>H\u00e4matit<\/strong> spendet Lebenskraft. Das Ganze wird durch den subtilen Charme von <strong>Vulkangestein<\/strong> abgerundet. Es ist nicht nur ein Schmuckst\u00fcck, sondern ein Talisman, der die Kraft nat\u00fcrlicher Steine f\u00fcr dein Wohlbefinden und deine Sch\u00f6nheit vereint.  <\/p>\n<p>Die Weite ist durch einen Schiebeknoten verstellbar.<\/p>\n<p class=\"p1\">Ich verpacke den Schmuck in einer dekorativen Schachtel und lege jeder Bestellung einen Beutel sowie zuf\u00e4llige Aufkleber als Geschenk bei. \u2728<\/p>\n<p>&nbsp;<\/p>\n<p><strong data-start=\"1081\" data-end=\"1127\">Das Armband wird speziell f\u00fcr dich angefertigt<\/strong> \u2013 du kannst die Farbe der Zwischenperlen bei der Bestellung w\u00e4hlen.<br data-start=\"1187\" data-end=\"1190\">Daher handelt es sich um ein personalisiertes Produkt, das gem\u00e4\u00df den geltenden Bestimmungen <strong data-start=\"1246\" data-end=\"1270\">vom Umtausch ausgeschlossen ist<\/strong>.<\/p>\n","protected":false},"featured_media":3206,"template":"","meta":{"inline_featured_image":false},"product_brand":[],"product_cat":[168,167],"product_tag":[231,169,210,346,267,220],"class_list":{"0":"post-3202","1":"product","2":"type-product","3":"status-publish","4":"has-post-thumbnail","6":"product_cat-armbander","7":"product_cat-schmuck","8":"product_tag-achat","9":"product_tag-hamatit","10":"product_tag-labradorit","11":"product_tag-larvikit","12":"product_tag-lavastein","13":"product_tag-schwarzer-turmalin","15":"first","16":"instock","17":"taxable","18":"shipping-taxable","19":"purchasable","20":"product-type-variable"},"yoast_head":"<!-- This site is optimized with the Yoast SEO plugin v27.5 - https:\/\/yoast.com\/product\/yoast-seo-wordpress\/ -->\n<title>Energie-Armband mit Schwarzem Turmalin und Steinen - Spirit Dust<\/title>\n<meta name=\"description\" content=\"Das Erdenergie-Armband mit Schwarzem Turmalin, Larvikit, Moosachat, Labradorit, H\u00e4matit und Vulkangestein strahlt die Kraft und Sch\u00f6nheit der Natur aus.\" \/>\n<meta name=\"robots\" content=\"index, follow, max-snippet:-1, max-image-preview:large, max-video-preview:-1\" \/>\n<link rel=\"canonical\" href=\"https:\/\/spiritdust.pl\/de\/produkt\/energie-armband-mit-schwarzem-turmalin-und-steinen\/\" \/>\n<meta property=\"og:locale\" content=\"de_DE\" \/>\n<meta property=\"og:type\" content=\"article\" \/>\n<meta property=\"og:title\" content=\"Energie-Armband mit Schwarzem Turmalin und Steinen - Spirit Dust\" \/>\n<meta property=\"og:description\" content=\"Das Erdenergie-Armband mit Schwarzem Turmalin, Larvikit, Moosachat, Labradorit, H\u00e4matit und Vulkangestein strahlt die Kraft und Sch\u00f6nheit der Natur aus.\" \/>\n<meta property=\"og:url\" content=\"https:\/\/spiritdust.pl\/de\/produkt\/energie-armband-mit-schwarzem-turmalin-und-steinen\/\" \/>\n<meta property=\"og:site_name\" content=\"Spirit Dust\" \/>\n<meta property=\"article:publisher\" content=\"https:\/\/www.facebook.com\/spiritdustmj\/\" \/>\n<meta property=\"og:image\" content=\"https:\/\/spiritdust.pl\/wp-content\/uploads\/2026\/01\/DSC03261.jpg\" \/>\n\t<meta property=\"og:image:width\" content=\"1088\" \/>\n\t<meta property=\"og:image:height\" content=\"1080\" \/>\n\t<meta property=\"og:image:type\" content=\"image\/jpeg\" \/>\n<meta name=\"twitter:card\" content=\"summary_large_image\" \/>\n<script type=\"application\/ld+json\" class=\"yoast-schema-graph\">{\"@context\":\"https:\\\/\\\/schema.org\",\"@graph\":[{\"@type\":\"WebPage\",\"@id\":\"https:\\\/\\\/spiritdust.pl\\\/de\\\/produkt\\\/energie-armband-mit-schwarzem-turmalin-und-steinen\\\/\",\"url\":\"https:\\\/\\\/spiritdust.pl\\\/de\\\/produkt\\\/energie-armband-mit-schwarzem-turmalin-und-steinen\\\/\",\"name\":\"Energie-Armband mit Schwarzem Turmalin und Steinen - Spirit Dust\",\"isPartOf\":{\"@id\":\"https:\\\/\\\/green-chough-870564.hostingersite.com\\\/#website\"},\"primaryImageOfPage\":{\"@id\":\"https:\\\/\\\/spiritdust.pl\\\/de\\\/produkt\\\/energie-armband-mit-schwarzem-turmalin-und-steinen\\\/#primaryimage\"},\"image\":{\"@id\":\"https:\\\/\\\/spiritdust.pl\\\/de\\\/produkt\\\/energie-armband-mit-schwarzem-turmalin-und-steinen\\\/#primaryimage\"},\"thumbnailUrl\":\"https:\\\/\\\/spiritdust.pl\\\/wp-content\\\/uploads\\\/2026\\\/01\\\/DSC03261.jpg\",\"datePublished\":\"2026-01-26T09:17:00+00:00\",\"description\":\"Das Erdenergie-Armband mit Schwarzem Turmalin, Larvikit, Moosachat, Labradorit, H\u00e4matit und Vulkangestein strahlt die Kraft und Sch\u00f6nheit der Natur aus.\",\"breadcrumb\":{\"@id\":\"https:\\\/\\\/spiritdust.pl\\\/de\\\/produkt\\\/energie-armband-mit-schwarzem-turmalin-und-steinen\\\/#breadcrumb\"},\"inLanguage\":\"de\",\"potentialAction\":[{\"@type\":\"ReadAction\",\"target\":[\"https:\\\/\\\/spiritdust.pl\\\/de\\\/produkt\\\/energie-armband-mit-schwarzem-turmalin-und-steinen\\\/\"]}]},{\"@type\":\"ImageObject\",\"inLanguage\":\"de\",\"@id\":\"https:\\\/\\\/spiritdust.pl\\\/de\\\/produkt\\\/energie-armband-mit-schwarzem-turmalin-und-steinen\\\/#primaryimage\",\"url\":\"https:\\\/\\\/spiritdust.pl\\\/wp-content\\\/uploads\\\/2026\\\/01\\\/DSC03261.jpg\",\"contentUrl\":\"https:\\\/\\\/spiritdust.pl\\\/wp-content\\\/uploads\\\/2026\\\/01\\\/DSC03261.jpg\",\"width\":1088,\"height\":1080},{\"@type\":\"BreadcrumbList\",\"@id\":\"https:\\\/\\\/spiritdust.pl\\\/de\\\/produkt\\\/energie-armband-mit-schwarzem-turmalin-und-steinen\\\/#breadcrumb\",\"itemListElement\":[{\"@type\":\"ListItem\",\"position\":1,\"name\":\"Strona g\u0142\u00f3wna\",\"item\":\"https:\\\/\\\/spiritdust.pl\\\/de\\\/spirit-dust-schmuck-aus-kupfer-silber-und-natursteinen\\\/\"},{\"@type\":\"ListItem\",\"position\":2,\"name\":\"Shop\",\"item\":\"https:\\\/\\\/green-chough-870564.hostingersite.com\\\/shop\\\/\"},{\"@type\":\"ListItem\",\"position\":3,\"name\":\"Energie-Armband mit Schwarzem Turmalin und Steinen\"}]},{\"@type\":\"WebSite\",\"@id\":\"https:\\\/\\\/green-chough-870564.hostingersite.com\\\/#website\",\"url\":\"https:\\\/\\\/green-chough-870564.hostingersite.com\\\/\",\"name\":\"Spirit Dust\",\"description\":\"Bi\u017cuteria z Miedzi, Srebra i Kamieni Naturalnych\",\"publisher\":{\"@id\":\"https:\\\/\\\/green-chough-870564.hostingersite.com\\\/#organization\"},\"potentialAction\":[{\"@type\":\"SearchAction\",\"target\":{\"@type\":\"EntryPoint\",\"urlTemplate\":\"https:\\\/\\\/green-chough-870564.hostingersite.com\\\/?s={search_term_string}\"},\"query-input\":{\"@type\":\"PropertyValueSpecification\",\"valueRequired\":true,\"valueName\":\"search_term_string\"}}],\"inLanguage\":\"de\"},{\"@type\":\"Organization\",\"@id\":\"https:\\\/\\\/green-chough-870564.hostingersite.com\\\/#organization\",\"name\":\"Geisterstaub\",\"url\":\"https:\\\/\\\/green-chough-870564.hostingersite.com\\\/\",\"logo\":{\"@type\":\"ImageObject\",\"inLanguage\":\"de\",\"@id\":\"https:\\\/\\\/green-chough-870564.hostingersite.com\\\/#\\\/schema\\\/logo\\\/image\\\/\",\"url\":\"https:\\\/\\\/spiritdust.pl\\\/wp-content\\\/uploads\\\/2026\\\/01\\\/logo-sd.png\",\"contentUrl\":\"https:\\\/\\\/spiritdust.pl\\\/wp-content\\\/uploads\\\/2026\\\/01\\\/logo-sd.png\",\"width\":251,\"height\":368,\"caption\":\"Geisterstaub\"},\"image\":{\"@id\":\"https:\\\/\\\/green-chough-870564.hostingersite.com\\\/#\\\/schema\\\/logo\\\/image\\\/\"},\"sameAs\":[\"https:\\\/\\\/www.facebook.com\\\/spiritdustmj\\\/\",\"https:\\\/\\\/instagram.com\\\/spirit__dust\"]}]}<\/script>\n<!-- \/ Yoast SEO plugin. -->","yoast_head_json":{"title":"Energie-Armband mit Schwarzem Turmalin und Steinen - Spirit Dust","description":"Das Erdenergie-Armband mit Schwarzem Turmalin, Larvikit, Moosachat, Labradorit, H\u00e4matit und Vulkangestein strahlt die Kraft und Sch\u00f6nheit der Natur aus.","robots":{"index":"index","follow":"follow","max-snippet":"max-snippet:-1","max-image-preview":"max-image-preview:large","max-video-preview":"max-video-preview:-1"},"canonical":"https:\/\/spiritdust.pl\/de\/produkt\/energie-armband-mit-schwarzem-turmalin-und-steinen\/","og_locale":"de_DE","og_type":"article","og_title":"Energie-Armband mit Schwarzem Turmalin und Steinen - Spirit Dust","og_description":"Das Erdenergie-Armband mit Schwarzem Turmalin, Larvikit, Moosachat, Labradorit, H\u00e4matit und Vulkangestein strahlt die Kraft und Sch\u00f6nheit der Natur aus.","og_url":"https:\/\/spiritdust.pl\/de\/produkt\/energie-armband-mit-schwarzem-turmalin-und-steinen\/","og_site_name":"Spirit Dust","article_publisher":"https:\/\/www.facebook.com\/spiritdustmj\/","og_image":[{"width":1088,"height":1080,"url":"https:\/\/spiritdust.pl\/wp-content\/uploads\/2026\/01\/DSC03261.jpg","type":"image\/jpeg"}],"twitter_card":"summary_large_image","schema":{"@context":"https:\/\/schema.org","@graph":[{"@type":"WebPage","@id":"https:\/\/spiritdust.pl\/de\/produkt\/energie-armband-mit-schwarzem-turmalin-und-steinen\/","url":"https:\/\/spiritdust.pl\/de\/produkt\/energie-armband-mit-schwarzem-turmalin-und-steinen\/","name":"Energie-Armband mit Schwarzem Turmalin und Steinen - Spirit Dust","isPartOf":{"@id":"https:\/\/green-chough-870564.hostingersite.com\/#website"},"primaryImageOfPage":{"@id":"https:\/\/spiritdust.pl\/de\/produkt\/energie-armband-mit-schwarzem-turmalin-und-steinen\/#primaryimage"},"image":{"@id":"https:\/\/spiritdust.pl\/de\/produkt\/energie-armband-mit-schwarzem-turmalin-und-steinen\/#primaryimage"},"thumbnailUrl":"https:\/\/spiritdust.pl\/wp-content\/uploads\/2026\/01\/DSC03261.jpg","datePublished":"2026-01-26T09:17:00+00:00","description":"Das Erdenergie-Armband mit Schwarzem Turmalin, Larvikit, Moosachat, Labradorit, H\u00e4matit und Vulkangestein strahlt die Kraft und Sch\u00f6nheit der Natur aus.","breadcrumb":{"@id":"https:\/\/spiritdust.pl\/de\/produkt\/energie-armband-mit-schwarzem-turmalin-und-steinen\/#breadcrumb"},"inLanguage":"de","potentialAction":[{"@type":"ReadAction","target":["https:\/\/spiritdust.pl\/de\/produkt\/energie-armband-mit-schwarzem-turmalin-und-steinen\/"]}]},{"@type":"ImageObject","inLanguage":"de","@id":"https:\/\/spiritdust.pl\/de\/produkt\/energie-armband-mit-schwarzem-turmalin-und-steinen\/#primaryimage","url":"https:\/\/spiritdust.pl\/wp-content\/uploads\/2026\/01\/DSC03261.jpg","contentUrl":"https:\/\/spiritdust.pl\/wp-content\/uploads\/2026\/01\/DSC03261.jpg","width":1088,"height":1080},{"@type":"BreadcrumbList","@id":"https:\/\/spiritdust.pl\/de\/produkt\/energie-armband-mit-schwarzem-turmalin-und-steinen\/#breadcrumb","itemListElement":[{"@type":"ListItem","position":1,"name":"Strona g\u0142\u00f3wna","item":"https:\/\/spiritdust.pl\/de\/spirit-dust-schmuck-aus-kupfer-silber-und-natursteinen\/"},{"@type":"ListItem","position":2,"name":"Shop","item":"https:\/\/green-chough-870564.hostingersite.com\/shop\/"},{"@type":"ListItem","position":3,"name":"Energie-Armband mit Schwarzem Turmalin und Steinen"}]},{"@type":"WebSite","@id":"https:\/\/green-chough-870564.hostingersite.com\/#website","url":"https:\/\/green-chough-870564.hostingersite.com\/","name":"Spirit Dust","description":"Bi\u017cuteria z Miedzi, Srebra i Kamieni Naturalnych","publisher":{"@id":"https:\/\/green-chough-870564.hostingersite.com\/#organization"},"potentialAction":[{"@type":"SearchAction","target":{"@type":"EntryPoint","urlTemplate":"https:\/\/green-chough-870564.hostingersite.com\/?s={search_term_string}"},"query-input":{"@type":"PropertyValueSpecification","valueRequired":true,"valueName":"search_term_string"}}],"inLanguage":"de"},{"@type":"Organization","@id":"https:\/\/green-chough-870564.hostingersite.com\/#organization","name":"Geisterstaub","url":"https:\/\/green-chough-870564.hostingersite.com\/","logo":{"@type":"ImageObject","inLanguage":"de","@id":"https:\/\/green-chough-870564.hostingersite.com\/#\/schema\/logo\/image\/","url":"https:\/\/spiritdust.pl\/wp-content\/uploads\/2026\/01\/logo-sd.png","contentUrl":"https:\/\/spiritdust.pl\/wp-content\/uploads\/2026\/01\/logo-sd.png","width":251,"height":368,"caption":"Geisterstaub"},"image":{"@id":"https:\/\/green-chough-870564.hostingersite.com\/#\/schema\/logo\/image\/"},"sameAs":["https:\/\/www.facebook.com\/spiritdustmj\/","https:\/\/instagram.com\/spirit__dust"]}]}},"_links":{"self":[{"href":"https:\/\/spiritdust.pl\/de\/wp-json\/wp\/v2\/product\/3202","targetHints":{"allow":["GET"]}}],"collection":[{"href":"https:\/\/spiritdust.pl\/de\/wp-json\/wp\/v2\/product"}],"about":[{"href":"https:\/\/spiritdust.pl\/de\/wp-json\/wp\/v2\/types\/product"}],"version-history":[{"count":0,"href":"https:\/\/spiritdust.pl\/de\/wp-json\/wp\/v2\/product\/3202\/revisions"}],"wp:featuredmedia":[{"embeddable":true,"href":"https:\/\/spiritdust.pl\/de\/wp-json\/wp\/v2\/media\/3206"}],"wp:attachment":[{"href":"https:\/\/spiritdust.pl\/de\/wp-json\/wp\/v2\/media?parent=3202"}],"wp:term":[{"taxonomy":"product_brand","embeddable":true,"href":"https:\/\/spiritdust.pl\/de\/wp-json\/wp\/v2\/product_brand?post=3202"},{"taxonomy":"product_cat","embeddable":true,"href":"https:\/\/spiritdust.pl\/de\/wp-json\/wp\/v2\/product_cat?post=3202"},{"taxonomy":"product_tag","embeddable":true,"href":"https:\/\/spiritdust.pl\/de\/wp-json\/wp\/v2\/product_tag?post=3202"}],"curies":[{"name":"wp","href":"https:\/\/api.w.org\/{rel}","templated":true}]}}