{"id":3212,"date":"2026-01-26T09:17:00","date_gmt":"2026-01-26T09:17:00","guid":{"rendered":"https:\/\/spiritdust.pl\/produkt\/skorpion-kraft-armband-mit-malachit-und-rubin\/"},"modified":"2026-01-26T09:17:00","modified_gmt":"2026-01-26T09:17:00","slug":"skorpion-kraft-armband-mit-malachit-und-rubin","status":"publish","type":"product","link":"https:\/\/spiritdust.pl\/de\/produkt\/skorpion-kraft-armband-mit-malachit-und-rubin\/","title":{"rendered":"Skorpion-Kraft - Armband mit Malachit und Rubin"},"content":{"rendered":"<p data-start=\"269\" data-end=\"614\">Dieses Armband wurde f\u00fcr diejenigen geschaffen, die sich selbst, ihr Leben und ihre Energie transformieren m\u00f6chten. Es vereint Steine, die nicht nur sch\u00fctzen und erden, sondern auch Leidenschaft, Mut und spirituelle Kraft verleihen. Inspiriert vom Zeichen des Skorpions, verbindet es emotionale Tiefe mit einem m\u00e4chtigen inneren Feuer. Dar\u00fcber hinaus unterst\u00fctzt es dich, wenn du an der Schwelle einer Ver\u00e4nderung stehst.   <\/p>\n<hr data-start=\"616\" data-end=\"619\">\n<h3 data-start=\"621\" data-end=\"650\">\ud83d\udd25 Wie wirken die Steine?<\/h3>\n<ul data-start=\"652\" data-end=\"1778\">\n<li data-start=\"652\" data-end=\"802\">\n<p data-start=\"654\" data-end=\"802\"><strong data-start=\"654\" data-end=\"666\">Malachit<\/strong> symbolisiert Transformation. Er hilft, schwierige Erfahrungen in innere St\u00e4rke umzuwandeln, sch\u00fctzt und f\u00f6rdert gleichzeitig die spirituelle Entwicklung. <\/p>\n<\/li>\n<li data-start=\"804\" data-end=\"948\">\n<p data-start=\"806\" data-end=\"948\"><strong data-start=\"806\" data-end=\"825\">Schwarzer Turmalin<\/strong> absorbiert negative Energie, wirkt sch\u00fctzend und stellt das energetische Gleichgewicht wieder her \u2013 besonders in Momenten starker Emotionen.<\/p>\n<\/li>\n<li data-start=\"950\" data-end=\"1091\">\n<p data-start=\"952\" data-end=\"1091\"><strong data-start=\"952\" data-end=\"974\">Dalmatiner Jaspis<\/strong> stabilisiert, bringt Freude und hilft, das emotionale Gleichgewicht zu bewahren. Dank ihm f\u00e4llt es leichter, sich selbst mit Milde zu betrachten. <\/p>\n<\/li>\n<li data-start=\"1093\" data-end=\"1244\">\n<p data-start=\"1095\" data-end=\"1244\"><strong data-start=\"1095\" data-end=\"1104\">Rubin<\/strong> verleiht Mut, Energie und Leidenschaft. Wichtig ist, dass er auch die Motivation st\u00e4rkt und das Selbstvertrauen f\u00f6rdert, weshalb er sich hervorragend in Zeiten von Herausforderungen bew\u00e4hrt. <\/p>\n<\/li>\n<li data-start=\"1246\" data-end=\"1356\">\n<p data-start=\"1248\" data-end=\"1356\"><strong data-start=\"1248\" data-end=\"1264\">Moosachat<\/strong> beruhigt Spannungen, hilft, mit Stress umzugehen und den Kontakt zur inneren Ruhe zu bewahren.<\/p>\n<\/li>\n<li data-start=\"1358\" data-end=\"1483\">\n<p data-start=\"1360\" data-end=\"1483\"><strong data-start=\"1360\" data-end=\"1370\">Granat<\/strong> ist eine Quelle der Inspiration und des Handelns. Er hilft, in Bewegung zu kommen, Ziele zu erreichen und die eigenen W\u00fcnsche nicht zu vergessen. <\/p>\n<\/li>\n<li data-start=\"1485\" data-end=\"1627\">\n<p data-start=\"1487\" data-end=\"1627\"><strong data-start=\"1487\" data-end=\"1507\">Schneeobsidian<\/strong> reinigt, wehrt negative Einfl\u00fcsse ab und f\u00f6rdert die Klarheit des Geistes. Dadurch unterst\u00fctzt er bei guten Entscheidungen. <\/p>\n<\/li>\n<li data-start=\"1629\" data-end=\"1778\">\n<p data-start=\"1631\" data-end=\"1778\"><strong data-start=\"1631\" data-end=\"1642\">H\u00e4matit<\/strong> erdet und st\u00e4rkt. Er verleiht Entschlossenheit, Mut und k\u00f6rperliche St\u00e4rke \u2013 unterst\u00fctzt den K\u00f6rper und energetisiert den Organismus, auch im Hinblick auf die Gesundheit. <\/p>\n<\/li>\n<\/ul>\n<hr data-start=\"1780\" data-end=\"1783\">\n<h3 data-start=\"1785\" data-end=\"1801\">\ud83e\udd82 F\u00fcr wen?<\/h3>\n<p data-start=\"1803\" data-end=\"2052\">F\u00fcr die Frau (oder Person), die mutig in sich blickt und keine Angst vor Ver\u00e4nderungen hat. F\u00fcr diejenige, die intensive Emotionen durchlebt, aber anstatt sich zur\u00fcckzuziehen \u2013 mit Kraft und Klarheit weitergehen m\u00f6chte. \u201eSkorpion-Kraft\u201c ist nicht nur ein Schmuckst\u00fcck. Es ist ein Amulett der Transformation.   <\/p>\n","protected":false},"excerpt":{"rendered":"<p data-start=\"2081\" data-end=\"2234\">Das Armband \u201eSkorpion-Kraft\u201c unterst\u00fctzt Transformation, st\u00e4rkt den Mut und erdet. Es hilft, schwierige Emotionen in St\u00e4rke umzuwandeln und wirkt wie ein energetischer Schild. <\/p>\n<p>&nbsp;<\/p>\n<p>Die Weite ist durch einen Schiebeknoten verstellbar.<\/p>\n<p class=\"p1\">Ich verpacke den Schmuck in einer dekorativen Schachtel und lege jeder Bestellung einen Beutel sowie zuf\u00e4llige Aufkleber als Geschenk bei. \u2728<\/p>\n<p>&nbsp;<\/p>\n<p><strong data-start=\"1081\" data-end=\"1127\">Das Armband wird speziell f\u00fcr dich angefertigt<\/strong> \u2013 du kannst die Farbe der Zwischenst\u00fccke bei der Bestellung w\u00e4hlen.<br data-start=\"1187\" data-end=\"1190\">Aus diesem Grund ist es ein personalisiertes Produkt, das gem\u00e4\u00df den geltenden Bestimmungen <strong data-start=\"1246\" data-end=\"1270\">vom Umtausch ausgeschlossen<\/strong> ist.<\/p>\n","protected":false},"featured_media":3213,"template":"","meta":{"inline_featured_image":false},"product_brand":[],"product_cat":[168,167],"product_tag":[231,315,297,169,181,320,347,220],"class_list":{"0":"post-3212","1":"product","2":"type-product","3":"status-publish","4":"has-post-thumbnail","6":"product_cat-armbander","7":"product_cat-schmuck","8":"product_tag-achat","9":"product_tag-dalmatiner-jaspis","10":"product_tag-granat","11":"product_tag-hamatit","12":"product_tag-malachit","13":"product_tag-rubin","14":"product_tag-schneeobsidian","15":"product_tag-schwarzer-turmalin","17":"first","18":"instock","19":"taxable","20":"shipping-taxable","21":"product-type-variable"},"yoast_head":"<!-- This site is optimized with the Yoast SEO plugin v27.5 - https:\/\/yoast.com\/product\/yoast-seo-wordpress\/ -->\n<title>Skorpion-Kraft - Armband mit Malachit und Rubin - Spirit Dust<\/title>\n<meta name=\"description\" content=\"Ein transformierendes Armband mit Malachit und Rubin, das dich sch\u00fctzt, st\u00e4rkt und mit innerer Kraft und Gelassenheit durch Ver\u00e4nderungen f\u00fchrt.\" \/>\n<meta name=\"robots\" content=\"index, follow, max-snippet:-1, max-image-preview:large, max-video-preview:-1\" \/>\n<link rel=\"canonical\" href=\"https:\/\/spiritdust.pl\/de\/produkt\/skorpion-kraft-armband-mit-malachit-und-rubin\/\" \/>\n<meta property=\"og:locale\" content=\"de_DE\" \/>\n<meta property=\"og:type\" content=\"article\" \/>\n<meta property=\"og:title\" content=\"Skorpion-Kraft - Armband mit Malachit und Rubin - Spirit Dust\" \/>\n<meta property=\"og:description\" content=\"Ein transformierendes Armband mit Malachit und Rubin, das dich sch\u00fctzt, st\u00e4rkt und mit innerer Kraft und Gelassenheit durch Ver\u00e4nderungen f\u00fchrt.\" \/>\n<meta property=\"og:url\" content=\"https:\/\/spiritdust.pl\/de\/produkt\/skorpion-kraft-armband-mit-malachit-und-rubin\/\" \/>\n<meta property=\"og:site_name\" content=\"Spirit Dust\" \/>\n<meta property=\"article:publisher\" content=\"https:\/\/www.facebook.com\/spiritdustmj\/\" \/>\n<meta property=\"og:image\" content=\"https:\/\/spiritdust.pl\/wp-content\/uploads\/2026\/01\/DSC03299.jpg\" \/>\n\t<meta property=\"og:image:width\" content=\"1088\" \/>\n\t<meta property=\"og:image:height\" content=\"1080\" \/>\n\t<meta property=\"og:image:type\" content=\"image\/jpeg\" \/>\n<meta name=\"twitter:card\" content=\"summary_large_image\" \/>\n<meta name=\"twitter:label1\" content=\"Gesch\u00e4tzte Lesezeit\" \/>\n\t<meta name=\"twitter:data1\" content=\"2\u00a0Minuten\" \/>\n<script type=\"application\/ld+json\" class=\"yoast-schema-graph\">{\"@context\":\"https:\\\/\\\/schema.org\",\"@graph\":[{\"@type\":\"WebPage\",\"@id\":\"https:\\\/\\\/spiritdust.pl\\\/de\\\/produkt\\\/skorpion-kraft-armband-mit-malachit-und-rubin\\\/\",\"url\":\"https:\\\/\\\/spiritdust.pl\\\/de\\\/produkt\\\/skorpion-kraft-armband-mit-malachit-und-rubin\\\/\",\"name\":\"Skorpion-Kraft - Armband mit Malachit und Rubin - Spirit Dust\",\"isPartOf\":{\"@id\":\"https:\\\/\\\/green-chough-870564.hostingersite.com\\\/#website\"},\"primaryImageOfPage\":{\"@id\":\"https:\\\/\\\/spiritdust.pl\\\/de\\\/produkt\\\/skorpion-kraft-armband-mit-malachit-und-rubin\\\/#primaryimage\"},\"image\":{\"@id\":\"https:\\\/\\\/spiritdust.pl\\\/de\\\/produkt\\\/skorpion-kraft-armband-mit-malachit-und-rubin\\\/#primaryimage\"},\"thumbnailUrl\":\"https:\\\/\\\/spiritdust.pl\\\/wp-content\\\/uploads\\\/2026\\\/01\\\/DSC03299.jpg\",\"datePublished\":\"2026-01-26T09:17:00+00:00\",\"description\":\"Ein transformierendes Armband mit Malachit und Rubin, das dich sch\u00fctzt, st\u00e4rkt und mit innerer Kraft und Gelassenheit durch Ver\u00e4nderungen f\u00fchrt.\",\"breadcrumb\":{\"@id\":\"https:\\\/\\\/spiritdust.pl\\\/de\\\/produkt\\\/skorpion-kraft-armband-mit-malachit-und-rubin\\\/#breadcrumb\"},\"inLanguage\":\"de\",\"potentialAction\":[{\"@type\":\"ReadAction\",\"target\":[\"https:\\\/\\\/spiritdust.pl\\\/de\\\/produkt\\\/skorpion-kraft-armband-mit-malachit-und-rubin\\\/\"]}]},{\"@type\":\"ImageObject\",\"inLanguage\":\"de\",\"@id\":\"https:\\\/\\\/spiritdust.pl\\\/de\\\/produkt\\\/skorpion-kraft-armband-mit-malachit-und-rubin\\\/#primaryimage\",\"url\":\"https:\\\/\\\/spiritdust.pl\\\/wp-content\\\/uploads\\\/2026\\\/01\\\/DSC03299.jpg\",\"contentUrl\":\"https:\\\/\\\/spiritdust.pl\\\/wp-content\\\/uploads\\\/2026\\\/01\\\/DSC03299.jpg\",\"width\":1088,\"height\":1080},{\"@type\":\"BreadcrumbList\",\"@id\":\"https:\\\/\\\/spiritdust.pl\\\/de\\\/produkt\\\/skorpion-kraft-armband-mit-malachit-und-rubin\\\/#breadcrumb\",\"itemListElement\":[{\"@type\":\"ListItem\",\"position\":1,\"name\":\"Strona g\u0142\u00f3wna\",\"item\":\"https:\\\/\\\/spiritdust.pl\\\/de\\\/spirit-dust-schmuck-aus-kupfer-silber-und-natursteinen\\\/\"},{\"@type\":\"ListItem\",\"position\":2,\"name\":\"Shop\",\"item\":\"https:\\\/\\\/green-chough-870564.hostingersite.com\\\/shop\\\/\"},{\"@type\":\"ListItem\",\"position\":3,\"name\":\"Skorpion-Kraft &#8211; Armband mit Malachit und Rubin\"}]},{\"@type\":\"WebSite\",\"@id\":\"https:\\\/\\\/green-chough-870564.hostingersite.com\\\/#website\",\"url\":\"https:\\\/\\\/green-chough-870564.hostingersite.com\\\/\",\"name\":\"Spirit Dust\",\"description\":\"Bi\u017cuteria z Miedzi, Srebra i Kamieni Naturalnych\",\"publisher\":{\"@id\":\"https:\\\/\\\/green-chough-870564.hostingersite.com\\\/#organization\"},\"potentialAction\":[{\"@type\":\"SearchAction\",\"target\":{\"@type\":\"EntryPoint\",\"urlTemplate\":\"https:\\\/\\\/green-chough-870564.hostingersite.com\\\/?s={search_term_string}\"},\"query-input\":{\"@type\":\"PropertyValueSpecification\",\"valueRequired\":true,\"valueName\":\"search_term_string\"}}],\"inLanguage\":\"de\"},{\"@type\":\"Organization\",\"@id\":\"https:\\\/\\\/green-chough-870564.hostingersite.com\\\/#organization\",\"name\":\"Geisterstaub\",\"url\":\"https:\\\/\\\/green-chough-870564.hostingersite.com\\\/\",\"logo\":{\"@type\":\"ImageObject\",\"inLanguage\":\"de\",\"@id\":\"https:\\\/\\\/green-chough-870564.hostingersite.com\\\/#\\\/schema\\\/logo\\\/image\\\/\",\"url\":\"https:\\\/\\\/spiritdust.pl\\\/wp-content\\\/uploads\\\/2026\\\/01\\\/logo-sd.png\",\"contentUrl\":\"https:\\\/\\\/spiritdust.pl\\\/wp-content\\\/uploads\\\/2026\\\/01\\\/logo-sd.png\",\"width\":251,\"height\":368,\"caption\":\"Geisterstaub\"},\"image\":{\"@id\":\"https:\\\/\\\/green-chough-870564.hostingersite.com\\\/#\\\/schema\\\/logo\\\/image\\\/\"},\"sameAs\":[\"https:\\\/\\\/www.facebook.com\\\/spiritdustmj\\\/\",\"https:\\\/\\\/instagram.com\\\/spirit__dust\"]}]}<\/script>\n<!-- \/ Yoast SEO plugin. -->","yoast_head_json":{"title":"Skorpion-Kraft - Armband mit Malachit und Rubin - Spirit Dust","description":"Ein transformierendes Armband mit Malachit und Rubin, das dich sch\u00fctzt, st\u00e4rkt und mit innerer Kraft und Gelassenheit durch Ver\u00e4nderungen f\u00fchrt.","robots":{"index":"index","follow":"follow","max-snippet":"max-snippet:-1","max-image-preview":"max-image-preview:large","max-video-preview":"max-video-preview:-1"},"canonical":"https:\/\/spiritdust.pl\/de\/produkt\/skorpion-kraft-armband-mit-malachit-und-rubin\/","og_locale":"de_DE","og_type":"article","og_title":"Skorpion-Kraft - Armband mit Malachit und Rubin - Spirit Dust","og_description":"Ein transformierendes Armband mit Malachit und Rubin, das dich sch\u00fctzt, st\u00e4rkt und mit innerer Kraft und Gelassenheit durch Ver\u00e4nderungen f\u00fchrt.","og_url":"https:\/\/spiritdust.pl\/de\/produkt\/skorpion-kraft-armband-mit-malachit-und-rubin\/","og_site_name":"Spirit Dust","article_publisher":"https:\/\/www.facebook.com\/spiritdustmj\/","og_image":[{"width":1088,"height":1080,"url":"https:\/\/spiritdust.pl\/wp-content\/uploads\/2026\/01\/DSC03299.jpg","type":"image\/jpeg"}],"twitter_card":"summary_large_image","twitter_misc":{"Gesch\u00e4tzte Lesezeit":"2\u00a0Minuten"},"schema":{"@context":"https:\/\/schema.org","@graph":[{"@type":"WebPage","@id":"https:\/\/spiritdust.pl\/de\/produkt\/skorpion-kraft-armband-mit-malachit-und-rubin\/","url":"https:\/\/spiritdust.pl\/de\/produkt\/skorpion-kraft-armband-mit-malachit-und-rubin\/","name":"Skorpion-Kraft - Armband mit Malachit und Rubin - Spirit Dust","isPartOf":{"@id":"https:\/\/green-chough-870564.hostingersite.com\/#website"},"primaryImageOfPage":{"@id":"https:\/\/spiritdust.pl\/de\/produkt\/skorpion-kraft-armband-mit-malachit-und-rubin\/#primaryimage"},"image":{"@id":"https:\/\/spiritdust.pl\/de\/produkt\/skorpion-kraft-armband-mit-malachit-und-rubin\/#primaryimage"},"thumbnailUrl":"https:\/\/spiritdust.pl\/wp-content\/uploads\/2026\/01\/DSC03299.jpg","datePublished":"2026-01-26T09:17:00+00:00","description":"Ein transformierendes Armband mit Malachit und Rubin, das dich sch\u00fctzt, st\u00e4rkt und mit innerer Kraft und Gelassenheit durch Ver\u00e4nderungen f\u00fchrt.","breadcrumb":{"@id":"https:\/\/spiritdust.pl\/de\/produkt\/skorpion-kraft-armband-mit-malachit-und-rubin\/#breadcrumb"},"inLanguage":"de","potentialAction":[{"@type":"ReadAction","target":["https:\/\/spiritdust.pl\/de\/produkt\/skorpion-kraft-armband-mit-malachit-und-rubin\/"]}]},{"@type":"ImageObject","inLanguage":"de","@id":"https:\/\/spiritdust.pl\/de\/produkt\/skorpion-kraft-armband-mit-malachit-und-rubin\/#primaryimage","url":"https:\/\/spiritdust.pl\/wp-content\/uploads\/2026\/01\/DSC03299.jpg","contentUrl":"https:\/\/spiritdust.pl\/wp-content\/uploads\/2026\/01\/DSC03299.jpg","width":1088,"height":1080},{"@type":"BreadcrumbList","@id":"https:\/\/spiritdust.pl\/de\/produkt\/skorpion-kraft-armband-mit-malachit-und-rubin\/#breadcrumb","itemListElement":[{"@type":"ListItem","position":1,"name":"Strona g\u0142\u00f3wna","item":"https:\/\/spiritdust.pl\/de\/spirit-dust-schmuck-aus-kupfer-silber-und-natursteinen\/"},{"@type":"ListItem","position":2,"name":"Shop","item":"https:\/\/green-chough-870564.hostingersite.com\/shop\/"},{"@type":"ListItem","position":3,"name":"Skorpion-Kraft &#8211; Armband mit Malachit und Rubin"}]},{"@type":"WebSite","@id":"https:\/\/green-chough-870564.hostingersite.com\/#website","url":"https:\/\/green-chough-870564.hostingersite.com\/","name":"Spirit Dust","description":"Bi\u017cuteria z Miedzi, Srebra i Kamieni Naturalnych","publisher":{"@id":"https:\/\/green-chough-870564.hostingersite.com\/#organization"},"potentialAction":[{"@type":"SearchAction","target":{"@type":"EntryPoint","urlTemplate":"https:\/\/green-chough-870564.hostingersite.com\/?s={search_term_string}"},"query-input":{"@type":"PropertyValueSpecification","valueRequired":true,"valueName":"search_term_string"}}],"inLanguage":"de"},{"@type":"Organization","@id":"https:\/\/green-chough-870564.hostingersite.com\/#organization","name":"Geisterstaub","url":"https:\/\/green-chough-870564.hostingersite.com\/","logo":{"@type":"ImageObject","inLanguage":"de","@id":"https:\/\/green-chough-870564.hostingersite.com\/#\/schema\/logo\/image\/","url":"https:\/\/spiritdust.pl\/wp-content\/uploads\/2026\/01\/logo-sd.png","contentUrl":"https:\/\/spiritdust.pl\/wp-content\/uploads\/2026\/01\/logo-sd.png","width":251,"height":368,"caption":"Geisterstaub"},"image":{"@id":"https:\/\/green-chough-870564.hostingersite.com\/#\/schema\/logo\/image\/"},"sameAs":["https:\/\/www.facebook.com\/spiritdustmj\/","https:\/\/instagram.com\/spirit__dust"]}]}},"_links":{"self":[{"href":"https:\/\/spiritdust.pl\/de\/wp-json\/wp\/v2\/product\/3212","targetHints":{"allow":["GET"]}}],"collection":[{"href":"https:\/\/spiritdust.pl\/de\/wp-json\/wp\/v2\/product"}],"about":[{"href":"https:\/\/spiritdust.pl\/de\/wp-json\/wp\/v2\/types\/product"}],"version-history":[{"count":0,"href":"https:\/\/spiritdust.pl\/de\/wp-json\/wp\/v2\/product\/3212\/revisions"}],"wp:featuredmedia":[{"embeddable":true,"href":"https:\/\/spiritdust.pl\/de\/wp-json\/wp\/v2\/media\/3213"}],"wp:attachment":[{"href":"https:\/\/spiritdust.pl\/de\/wp-json\/wp\/v2\/media?parent=3212"}],"wp:term":[{"taxonomy":"product_brand","embeddable":true,"href":"https:\/\/spiritdust.pl\/de\/wp-json\/wp\/v2\/product_brand?post=3212"},{"taxonomy":"product_cat","embeddable":true,"href":"https:\/\/spiritdust.pl\/de\/wp-json\/wp\/v2\/product_cat?post=3212"},{"taxonomy":"product_tag","embeddable":true,"href":"https:\/\/spiritdust.pl\/de\/wp-json\/wp\/v2\/product_tag?post=3212"}],"curies":[{"name":"wp","href":"https:\/\/api.w.org\/{rel}","templated":true}]}}