{"id":3234,"date":"2026-01-26T09:17:00","date_gmt":"2026-01-26T09:17:00","guid":{"rendered":"https:\/\/spiritdust.pl\/produkt\/magie-der-erde-armband-mit-seraphinit-und-moosachat\/"},"modified":"2026-01-26T09:17:00","modified_gmt":"2026-01-26T09:17:00","slug":"magie-der-erde-armband-mit-seraphinit-und-moosachat","status":"publish","type":"product","link":"https:\/\/spiritdust.pl\/de\/produkt\/magie-der-erde-armband-mit-seraphinit-und-moosachat\/","title":{"rendered":"Magie der Erde &#8211; Armband mit Seraphinit und Moosachat"},"content":{"rendered":"<p><strong>Seraphinit <\/strong>&#8211; Es hei\u00dft, er sei einer der wichtigsten Steine, die entdeckt wurden, um sich mit h\u00f6heren Energien zu verbinden und zu kommunizieren. Er reinigt die Aura. Er verbessert das Wohlbefinden, unterst\u00fctzt die Selbstheilung und hilft, die Nerven zu beruhigen.  <\/p>\n<p><strong>Jadeit <\/strong>&#8211; gilt als Gl\u00fccksstein. Er bietet Schutz vor negativen Energien und Wesenheiten und st\u00e4rkt Kreativit\u00e4t und Vorstellungskraft. <\/p>\n<p><strong>Mokait <\/strong>&#8211; Er unterst\u00fctzt in stressigen Zeiten. Er bringt Ruhe und ein Gef\u00fchl der Ganzheit. Er hilft bei der Entscheidungsfindung. Er f\u00f6rdert die emotionale Entwicklung und bietet einen Schutzschild vor negativen oder gef\u00e4hrlichen Situationen.   <\/p>\n<p><strong>Moosachat<\/strong> &#8211; ist ein Stein der St\u00e4rke und des Mutes. Seine heilenden und reinigenden Eigenschaften eliminieren negative Energie. Dank seiner tiefen, erdigen Kraft ist der Moosachat stark mit der Natur und Mutter Erde verbunden.  <\/p>\n<p><strong>Labradorit <\/strong>&#8211; ist ein sehr mystischer und sch\u00fctzender Stein. Er f\u00f6rdert die Intuition und erh\u00f6ht das Bewusstsein. Er ist ein Stein der Transformation, Reflexion und des Aufzeigens wahrer Absichten.  <\/p>\n<p><strong>H\u00e4matit <\/strong>&#8211; ist ein Stein, der den K\u00f6rper mit Energie f\u00fcllt und belebt. Er steigert Optimismus, Entschlossenheit, Mut, Selbstwertgef\u00fchl und Willenskraft. Er unterst\u00fctzt bei Kreislaufproblemen und erh\u00f6ht den Eisengehalt im Blut.  <\/p>\n","protected":false},"excerpt":{"rendered":"<p>Entdecke die Kraft der Natur in einem einzigartigen Armband, das die Sch\u00f6nheit des <strong>Seraphinits<\/strong>, die St\u00e4rke des <strong>Jadeits<\/strong>, die Weisheit des <strong>Mokaits<\/strong>, die Stabilit\u00e4t des <strong>Moosachats<\/strong>, die Mystik des <strong>Labradorits<\/strong> und die Intensit\u00e4t des <strong>H\u00e4matits<\/strong> vereint. Jeder Stein bringt einzigartige Eigenschaften mit sich und bildet eine harmonische Komposition, die das energetische Gleichgewicht unterst\u00fctzt und zu positiven Ver\u00e4nderungen inspiriert. Wenn du dieses Armband tr\u00e4gst, umgibst du dich mit der Essenz der Erde, die deine Einzigartigkeit unterstreicht und dir gleichzeitig erm\u00f6glicht, dein Inneres zu entdecken.  <\/p>\n<p>Die Weite ist durch einen Schiebeknoten verstellbar.<\/p>\n<p class=\"p1\">Ich verpacke den Schmuck in einer dekorativen Schachtel und lege jeder Bestellung einen Beutel sowie zuf\u00e4llige Aufkleber als Geschenk bei. \u2728<\/p>\n<p>&nbsp;<\/p>\n<p><strong data-start=\"1081\" data-end=\"1127\">Das Armband wird speziell f\u00fcr dich angefertigt<\/strong> \u2013 du kannst die Farbe der Zwischenperlen bei der Bestellung w\u00e4hlen.<br data-start=\"1187\" data-end=\"1190\">Aus diesem Grund handelt es sich um ein personalisiertes Produkt, das <strong data-start=\"1246\" data-end=\"1270\">vom Umtausch ausgeschlossen ist<\/strong>, gem\u00e4\u00df den geltenden Bestimmungen.<\/p>\n","protected":false},"featured_media":3240,"template":"","meta":{"inline_featured_image":false},"product_brand":[],"product_cat":[168,167],"product_tag":[231,169,173,170,210,349,266],"class_list":{"0":"post-3234","1":"product","2":"type-product","3":"status-publish","4":"has-post-thumbnail","6":"product_cat-armbander","7":"product_cat-schmuck","8":"product_tag-achat","9":"product_tag-hamatit","10":"product_tag-jade","11":"product_tag-jaspis","12":"product_tag-labradorit","13":"product_tag-mokait","14":"product_tag-seraphinit","16":"first","17":"instock","18":"taxable","19":"shipping-taxable","20":"purchasable","21":"product-type-variable"},"yoast_head":"<!-- This site is optimized with the Yoast SEO plugin v27.5 - https:\/\/yoast.com\/product\/yoast-seo-wordpress\/ -->\n<title>Magie der Erde - Armband mit Seraphinit und Moosachat - Spirit Dust<\/title>\n<meta name=\"description\" content=\"Ein Armband aus Seraphinit, Jadeit, Mokait, Moosachat, Labradorit und H\u00e4matit, das die Sch\u00f6nheit der Steine mit positiver Energie verbindet.\" \/>\n<meta name=\"robots\" content=\"index, follow, max-snippet:-1, max-image-preview:large, max-video-preview:-1\" \/>\n<link rel=\"canonical\" href=\"https:\/\/spiritdust.pl\/de\/produkt\/magie-der-erde-armband-mit-seraphinit-und-moosachat\/\" \/>\n<meta property=\"og:locale\" content=\"de_DE\" \/>\n<meta property=\"og:type\" content=\"article\" \/>\n<meta property=\"og:title\" content=\"Magie der Erde - Armband mit Seraphinit und Moosachat - Spirit Dust\" \/>\n<meta property=\"og:description\" content=\"Ein Armband aus Seraphinit, Jadeit, Mokait, Moosachat, Labradorit und H\u00e4matit, das die Sch\u00f6nheit der Steine mit positiver Energie verbindet.\" \/>\n<meta property=\"og:url\" content=\"https:\/\/spiritdust.pl\/de\/produkt\/magie-der-erde-armband-mit-seraphinit-und-moosachat\/\" \/>\n<meta property=\"og:site_name\" content=\"Spirit Dust\" \/>\n<meta property=\"article:publisher\" content=\"https:\/\/www.facebook.com\/spiritdustmj\/\" \/>\n<meta property=\"og:image\" content=\"https:\/\/spiritdust.pl\/wp-content\/uploads\/2026\/01\/DSC03285-1.jpg\" \/>\n\t<meta property=\"og:image:width\" content=\"1088\" \/>\n\t<meta property=\"og:image:height\" content=\"1080\" \/>\n\t<meta property=\"og:image:type\" content=\"image\/jpeg\" \/>\n<meta name=\"twitter:card\" content=\"summary_large_image\" \/>\n<meta name=\"twitter:label1\" content=\"Gesch\u00e4tzte Lesezeit\" \/>\n\t<meta name=\"twitter:data1\" content=\"1\u00a0Minute\" \/>\n<script type=\"application\/ld+json\" class=\"yoast-schema-graph\">{\"@context\":\"https:\\\/\\\/schema.org\",\"@graph\":[{\"@type\":\"WebPage\",\"@id\":\"https:\\\/\\\/spiritdust.pl\\\/de\\\/produkt\\\/magie-der-erde-armband-mit-seraphinit-und-moosachat\\\/\",\"url\":\"https:\\\/\\\/spiritdust.pl\\\/de\\\/produkt\\\/magie-der-erde-armband-mit-seraphinit-und-moosachat\\\/\",\"name\":\"Magie der Erde - Armband mit Seraphinit und Moosachat - Spirit Dust\",\"isPartOf\":{\"@id\":\"https:\\\/\\\/green-chough-870564.hostingersite.com\\\/#website\"},\"primaryImageOfPage\":{\"@id\":\"https:\\\/\\\/spiritdust.pl\\\/de\\\/produkt\\\/magie-der-erde-armband-mit-seraphinit-und-moosachat\\\/#primaryimage\"},\"image\":{\"@id\":\"https:\\\/\\\/spiritdust.pl\\\/de\\\/produkt\\\/magie-der-erde-armband-mit-seraphinit-und-moosachat\\\/#primaryimage\"},\"thumbnailUrl\":\"https:\\\/\\\/spiritdust.pl\\\/wp-content\\\/uploads\\\/2026\\\/01\\\/DSC03285-1.jpg\",\"datePublished\":\"2026-01-26T09:17:00+00:00\",\"description\":\"Ein Armband aus Seraphinit, Jadeit, Mokait, Moosachat, Labradorit und H\u00e4matit, das die Sch\u00f6nheit der Steine mit positiver Energie verbindet.\",\"breadcrumb\":{\"@id\":\"https:\\\/\\\/spiritdust.pl\\\/de\\\/produkt\\\/magie-der-erde-armband-mit-seraphinit-und-moosachat\\\/#breadcrumb\"},\"inLanguage\":\"de\",\"potentialAction\":[{\"@type\":\"ReadAction\",\"target\":[\"https:\\\/\\\/spiritdust.pl\\\/de\\\/produkt\\\/magie-der-erde-armband-mit-seraphinit-und-moosachat\\\/\"]}]},{\"@type\":\"ImageObject\",\"inLanguage\":\"de\",\"@id\":\"https:\\\/\\\/spiritdust.pl\\\/de\\\/produkt\\\/magie-der-erde-armband-mit-seraphinit-und-moosachat\\\/#primaryimage\",\"url\":\"https:\\\/\\\/spiritdust.pl\\\/wp-content\\\/uploads\\\/2026\\\/01\\\/DSC03285-1.jpg\",\"contentUrl\":\"https:\\\/\\\/spiritdust.pl\\\/wp-content\\\/uploads\\\/2026\\\/01\\\/DSC03285-1.jpg\",\"width\":1088,\"height\":1080},{\"@type\":\"BreadcrumbList\",\"@id\":\"https:\\\/\\\/spiritdust.pl\\\/de\\\/produkt\\\/magie-der-erde-armband-mit-seraphinit-und-moosachat\\\/#breadcrumb\",\"itemListElement\":[{\"@type\":\"ListItem\",\"position\":1,\"name\":\"Strona g\u0142\u00f3wna\",\"item\":\"https:\\\/\\\/spiritdust.pl\\\/de\\\/spirit-dust-schmuck-aus-kupfer-silber-und-natursteinen\\\/\"},{\"@type\":\"ListItem\",\"position\":2,\"name\":\"Shop\",\"item\":\"https:\\\/\\\/green-chough-870564.hostingersite.com\\\/shop\\\/\"},{\"@type\":\"ListItem\",\"position\":3,\"name\":\"Magie der Erde &#8211; Armband mit Seraphinit und Moosachat\"}]},{\"@type\":\"WebSite\",\"@id\":\"https:\\\/\\\/green-chough-870564.hostingersite.com\\\/#website\",\"url\":\"https:\\\/\\\/green-chough-870564.hostingersite.com\\\/\",\"name\":\"Spirit Dust\",\"description\":\"Bi\u017cuteria z Miedzi, Srebra i Kamieni Naturalnych\",\"publisher\":{\"@id\":\"https:\\\/\\\/green-chough-870564.hostingersite.com\\\/#organization\"},\"potentialAction\":[{\"@type\":\"SearchAction\",\"target\":{\"@type\":\"EntryPoint\",\"urlTemplate\":\"https:\\\/\\\/green-chough-870564.hostingersite.com\\\/?s={search_term_string}\"},\"query-input\":{\"@type\":\"PropertyValueSpecification\",\"valueRequired\":true,\"valueName\":\"search_term_string\"}}],\"inLanguage\":\"de\"},{\"@type\":\"Organization\",\"@id\":\"https:\\\/\\\/green-chough-870564.hostingersite.com\\\/#organization\",\"name\":\"Geisterstaub\",\"url\":\"https:\\\/\\\/green-chough-870564.hostingersite.com\\\/\",\"logo\":{\"@type\":\"ImageObject\",\"inLanguage\":\"de\",\"@id\":\"https:\\\/\\\/green-chough-870564.hostingersite.com\\\/#\\\/schema\\\/logo\\\/image\\\/\",\"url\":\"https:\\\/\\\/spiritdust.pl\\\/wp-content\\\/uploads\\\/2026\\\/01\\\/logo-sd.png\",\"contentUrl\":\"https:\\\/\\\/spiritdust.pl\\\/wp-content\\\/uploads\\\/2026\\\/01\\\/logo-sd.png\",\"width\":251,\"height\":368,\"caption\":\"Geisterstaub\"},\"image\":{\"@id\":\"https:\\\/\\\/green-chough-870564.hostingersite.com\\\/#\\\/schema\\\/logo\\\/image\\\/\"},\"sameAs\":[\"https:\\\/\\\/www.facebook.com\\\/spiritdustmj\\\/\",\"https:\\\/\\\/instagram.com\\\/spirit__dust\"]}]}<\/script>\n<!-- \/ Yoast SEO plugin. -->","yoast_head_json":{"title":"Magie der Erde - Armband mit Seraphinit und Moosachat - Spirit Dust","description":"Ein Armband aus Seraphinit, Jadeit, Mokait, Moosachat, Labradorit und H\u00e4matit, das die Sch\u00f6nheit der Steine mit positiver Energie verbindet.","robots":{"index":"index","follow":"follow","max-snippet":"max-snippet:-1","max-image-preview":"max-image-preview:large","max-video-preview":"max-video-preview:-1"},"canonical":"https:\/\/spiritdust.pl\/de\/produkt\/magie-der-erde-armband-mit-seraphinit-und-moosachat\/","og_locale":"de_DE","og_type":"article","og_title":"Magie der Erde - Armband mit Seraphinit und Moosachat - Spirit Dust","og_description":"Ein Armband aus Seraphinit, Jadeit, Mokait, Moosachat, Labradorit und H\u00e4matit, das die Sch\u00f6nheit der Steine mit positiver Energie verbindet.","og_url":"https:\/\/spiritdust.pl\/de\/produkt\/magie-der-erde-armband-mit-seraphinit-und-moosachat\/","og_site_name":"Spirit Dust","article_publisher":"https:\/\/www.facebook.com\/spiritdustmj\/","og_image":[{"width":1088,"height":1080,"url":"https:\/\/spiritdust.pl\/wp-content\/uploads\/2026\/01\/DSC03285-1.jpg","type":"image\/jpeg"}],"twitter_card":"summary_large_image","twitter_misc":{"Gesch\u00e4tzte Lesezeit":"1\u00a0Minute"},"schema":{"@context":"https:\/\/schema.org","@graph":[{"@type":"WebPage","@id":"https:\/\/spiritdust.pl\/de\/produkt\/magie-der-erde-armband-mit-seraphinit-und-moosachat\/","url":"https:\/\/spiritdust.pl\/de\/produkt\/magie-der-erde-armband-mit-seraphinit-und-moosachat\/","name":"Magie der Erde - Armband mit Seraphinit und Moosachat - Spirit Dust","isPartOf":{"@id":"https:\/\/green-chough-870564.hostingersite.com\/#website"},"primaryImageOfPage":{"@id":"https:\/\/spiritdust.pl\/de\/produkt\/magie-der-erde-armband-mit-seraphinit-und-moosachat\/#primaryimage"},"image":{"@id":"https:\/\/spiritdust.pl\/de\/produkt\/magie-der-erde-armband-mit-seraphinit-und-moosachat\/#primaryimage"},"thumbnailUrl":"https:\/\/spiritdust.pl\/wp-content\/uploads\/2026\/01\/DSC03285-1.jpg","datePublished":"2026-01-26T09:17:00+00:00","description":"Ein Armband aus Seraphinit, Jadeit, Mokait, Moosachat, Labradorit und H\u00e4matit, das die Sch\u00f6nheit der Steine mit positiver Energie verbindet.","breadcrumb":{"@id":"https:\/\/spiritdust.pl\/de\/produkt\/magie-der-erde-armband-mit-seraphinit-und-moosachat\/#breadcrumb"},"inLanguage":"de","potentialAction":[{"@type":"ReadAction","target":["https:\/\/spiritdust.pl\/de\/produkt\/magie-der-erde-armband-mit-seraphinit-und-moosachat\/"]}]},{"@type":"ImageObject","inLanguage":"de","@id":"https:\/\/spiritdust.pl\/de\/produkt\/magie-der-erde-armband-mit-seraphinit-und-moosachat\/#primaryimage","url":"https:\/\/spiritdust.pl\/wp-content\/uploads\/2026\/01\/DSC03285-1.jpg","contentUrl":"https:\/\/spiritdust.pl\/wp-content\/uploads\/2026\/01\/DSC03285-1.jpg","width":1088,"height":1080},{"@type":"BreadcrumbList","@id":"https:\/\/spiritdust.pl\/de\/produkt\/magie-der-erde-armband-mit-seraphinit-und-moosachat\/#breadcrumb","itemListElement":[{"@type":"ListItem","position":1,"name":"Strona g\u0142\u00f3wna","item":"https:\/\/spiritdust.pl\/de\/spirit-dust-schmuck-aus-kupfer-silber-und-natursteinen\/"},{"@type":"ListItem","position":2,"name":"Shop","item":"https:\/\/green-chough-870564.hostingersite.com\/shop\/"},{"@type":"ListItem","position":3,"name":"Magie der Erde &#8211; Armband mit Seraphinit und Moosachat"}]},{"@type":"WebSite","@id":"https:\/\/green-chough-870564.hostingersite.com\/#website","url":"https:\/\/green-chough-870564.hostingersite.com\/","name":"Spirit Dust","description":"Bi\u017cuteria z Miedzi, Srebra i Kamieni Naturalnych","publisher":{"@id":"https:\/\/green-chough-870564.hostingersite.com\/#organization"},"potentialAction":[{"@type":"SearchAction","target":{"@type":"EntryPoint","urlTemplate":"https:\/\/green-chough-870564.hostingersite.com\/?s={search_term_string}"},"query-input":{"@type":"PropertyValueSpecification","valueRequired":true,"valueName":"search_term_string"}}],"inLanguage":"de"},{"@type":"Organization","@id":"https:\/\/green-chough-870564.hostingersite.com\/#organization","name":"Geisterstaub","url":"https:\/\/green-chough-870564.hostingersite.com\/","logo":{"@type":"ImageObject","inLanguage":"de","@id":"https:\/\/green-chough-870564.hostingersite.com\/#\/schema\/logo\/image\/","url":"https:\/\/spiritdust.pl\/wp-content\/uploads\/2026\/01\/logo-sd.png","contentUrl":"https:\/\/spiritdust.pl\/wp-content\/uploads\/2026\/01\/logo-sd.png","width":251,"height":368,"caption":"Geisterstaub"},"image":{"@id":"https:\/\/green-chough-870564.hostingersite.com\/#\/schema\/logo\/image\/"},"sameAs":["https:\/\/www.facebook.com\/spiritdustmj\/","https:\/\/instagram.com\/spirit__dust"]}]}},"_links":{"self":[{"href":"https:\/\/spiritdust.pl\/de\/wp-json\/wp\/v2\/product\/3234","targetHints":{"allow":["GET"]}}],"collection":[{"href":"https:\/\/spiritdust.pl\/de\/wp-json\/wp\/v2\/product"}],"about":[{"href":"https:\/\/spiritdust.pl\/de\/wp-json\/wp\/v2\/types\/product"}],"version-history":[{"count":0,"href":"https:\/\/spiritdust.pl\/de\/wp-json\/wp\/v2\/product\/3234\/revisions"}],"wp:featuredmedia":[{"embeddable":true,"href":"https:\/\/spiritdust.pl\/de\/wp-json\/wp\/v2\/media\/3240"}],"wp:attachment":[{"href":"https:\/\/spiritdust.pl\/de\/wp-json\/wp\/v2\/media?parent=3234"}],"wp:term":[{"taxonomy":"product_brand","embeddable":true,"href":"https:\/\/spiritdust.pl\/de\/wp-json\/wp\/v2\/product_brand?post=3234"},{"taxonomy":"product_cat","embeddable":true,"href":"https:\/\/spiritdust.pl\/de\/wp-json\/wp\/v2\/product_cat?post=3234"},{"taxonomy":"product_tag","embeddable":true,"href":"https:\/\/spiritdust.pl\/de\/wp-json\/wp\/v2\/product_tag?post=3234"}],"curies":[{"name":"wp","href":"https:\/\/api.w.org\/{rel}","templated":true}]}}