{"id":3247,"date":"2026-01-26T09:17:00","date_gmt":"2026-01-26T09:17:00","guid":{"rendered":"https:\/\/spiritdust.pl\/produkt\/armband-der-erde-und-des-feuers-jade-granat-malachit\/"},"modified":"2026-01-26T09:17:00","modified_gmt":"2026-01-26T09:17:00","slug":"armband-der-erde-und-des-feuers-jade-granat-malachit","status":"publish","type":"product","link":"https:\/\/spiritdust.pl\/de\/produkt\/armband-der-erde-und-des-feuers-jade-granat-malachit\/","title":{"rendered":"Armband der Erde und des Feuers &#8211; Jade, Granat, Malachit"},"content":{"rendered":"<p><strong>Nephrit <\/strong>&#8211; kann Schutz, gute Gesundheit und Gl\u00fcck bieten. Es ist ein Edelstein, der F\u00fclle anzieht. Er besitzt eine zerstreuende Energie, die hilft, Emotionen zu stabilisieren.  <\/p>\n<p><strong>Granat <\/strong>&#8211; Stein des Engagements. Er entfernt negative Energien. Er sorgt f\u00fcr Sicherheit und Stabilit\u00e4t. Er ist ein sehr ausgleichender, aufbauender Stein.   <\/p>\n<p><strong>Malachit <\/strong>&#8211; ist ein wichtiger Schutzstein. Er absorbiert negative Energien und Verunreinigungen. Er \u00f6ffnet das Herz f\u00fcr bedingungslose Liebe. Er ermutigt zu Risikobereitschaft und Ver\u00e4nderungen. Er l\u00f6st negative Erfahrungen und alte Traumata auf.    <\/p>\n<p><strong>H\u00e4matit <\/strong>&#8211; ist ein Stein, der den K\u00f6rper mit Energie f\u00fcllt und belebt. Er steigert Optimismus, Entschlossenheit, Mut, Selbstwertgef\u00fchl und Willenskraft. Er unterst\u00fctzt bei Kreislaufproblemen und erh\u00f6ht den Eisengehalt im Blut.  <\/p>\n","protected":false},"excerpt":{"rendered":"<p>Ein Armband aus <strong>Jade<\/strong>, <strong>Granat<\/strong>, <strong>Malachit<\/strong> und <strong>H\u00e4matit<\/strong> ist eine Kombination aus St\u00e4rke und Harmonie. Diese Steine symbolisieren Ruhe, Energie, emotionale Gesundheit und Entschlossenheit. Es zu tragen hilft dir, von diesen Eigenschaften zu profitieren und verleiht deinem Stil gleichzeitig Eleganz.  <\/p>\n<p>Die Weite ist durch einen Schiebeknoten verstellbar.<\/p>\n<p class=\"p1\">Ich verpacke den Schmuck in einer dekorativen Schachtel und lege jeder Bestellung einen Beutel sowie zuf\u00e4llige Aufkleber als Geschenk bei. \u2728<\/p>\n<p>&nbsp;<\/p>\n<p><strong data-start=\"1081\" data-end=\"1127\">Das Armband wird speziell f\u00fcr dich angefertigt<\/strong> \u2013 du kannst die Farbe der Abstandshalter bei der Bestellung w\u00e4hlen.<br data-start=\"1187\" data-end=\"1190\">Aus diesem Grund ist es ein personalisiertes Produkt, das <strong data-start=\"1246\" data-end=\"1270\">vom Umtausch ausgeschlossen ist<\/strong>, gem\u00e4\u00df den geltenden Bestimmungen.<\/p>\n","protected":false},"featured_media":3253,"template":"","meta":{"inline_featured_image":false},"product_brand":[],"product_cat":[168,167],"product_tag":[297,169,181,308],"class_list":{"0":"post-3247","1":"product","2":"type-product","3":"status-publish","4":"has-post-thumbnail","6":"product_cat-armbander","7":"product_cat-schmuck","8":"product_tag-granat","9":"product_tag-hamatit","10":"product_tag-malachit","11":"product_tag-nephrit","13":"first","14":"instock","15":"taxable","16":"shipping-taxable","17":"product-type-variable"},"yoast_head":"<!-- This site is optimized with the Yoast SEO plugin v27.5 - https:\/\/yoast.com\/product\/yoast-seo-wordpress\/ -->\n<title>Armband der Erde und des Feuers - Jade, Granat, Malachit - Spirit Dust<\/title>\n<meta name=\"description\" content=\"Ein Armband aus Jade, Granat, Malachit und H\u00e4matit ist eine Kombination aus St\u00e4rke und Harmonie. Diese Steine symbolisieren Ruhe, Energie und Entschlossenheit.\" \/>\n<meta name=\"robots\" content=\"index, follow, max-snippet:-1, max-image-preview:large, max-video-preview:-1\" \/>\n<link rel=\"canonical\" href=\"https:\/\/spiritdust.pl\/de\/produkt\/armband-der-erde-und-des-feuers-jade-granat-malachit\/\" \/>\n<meta property=\"og:locale\" content=\"de_DE\" \/>\n<meta property=\"og:type\" content=\"article\" \/>\n<meta property=\"og:title\" content=\"Armband der Erde und des Feuers - Jade, Granat, Malachit - Spirit Dust\" \/>\n<meta property=\"og:description\" content=\"Ein Armband aus Jade, Granat, Malachit und H\u00e4matit ist eine Kombination aus St\u00e4rke und Harmonie. Diese Steine symbolisieren Ruhe, Energie und Entschlossenheit.\" \/>\n<meta property=\"og:url\" content=\"https:\/\/spiritdust.pl\/de\/produkt\/armband-der-erde-und-des-feuers-jade-granat-malachit\/\" \/>\n<meta property=\"og:site_name\" content=\"Spirit Dust\" \/>\n<meta property=\"article:publisher\" content=\"https:\/\/www.facebook.com\/spiritdustmj\/\" \/>\n<meta property=\"og:image\" content=\"https:\/\/spiritdust.pl\/wp-content\/uploads\/2026\/01\/DSC02588.jpg\" \/>\n\t<meta property=\"og:image:width\" content=\"1088\" \/>\n\t<meta property=\"og:image:height\" content=\"1080\" \/>\n\t<meta property=\"og:image:type\" content=\"image\/jpeg\" \/>\n<meta name=\"twitter:card\" content=\"summary_large_image\" \/>\n<meta name=\"twitter:label1\" content=\"Gesch\u00e4tzte Lesezeit\" \/>\n\t<meta name=\"twitter:data1\" content=\"1\u00a0Minute\" \/>\n<script type=\"application\/ld+json\" class=\"yoast-schema-graph\">{\"@context\":\"https:\\\/\\\/schema.org\",\"@graph\":[{\"@type\":\"WebPage\",\"@id\":\"https:\\\/\\\/spiritdust.pl\\\/de\\\/produkt\\\/armband-der-erde-und-des-feuers-jade-granat-malachit\\\/\",\"url\":\"https:\\\/\\\/spiritdust.pl\\\/de\\\/produkt\\\/armband-der-erde-und-des-feuers-jade-granat-malachit\\\/\",\"name\":\"Armband der Erde und des Feuers - Jade, Granat, Malachit - Spirit Dust\",\"isPartOf\":{\"@id\":\"https:\\\/\\\/green-chough-870564.hostingersite.com\\\/#website\"},\"primaryImageOfPage\":{\"@id\":\"https:\\\/\\\/spiritdust.pl\\\/de\\\/produkt\\\/armband-der-erde-und-des-feuers-jade-granat-malachit\\\/#primaryimage\"},\"image\":{\"@id\":\"https:\\\/\\\/spiritdust.pl\\\/de\\\/produkt\\\/armband-der-erde-und-des-feuers-jade-granat-malachit\\\/#primaryimage\"},\"thumbnailUrl\":\"https:\\\/\\\/spiritdust.pl\\\/wp-content\\\/uploads\\\/2026\\\/01\\\/DSC02588.jpg\",\"datePublished\":\"2026-01-26T09:17:00+00:00\",\"description\":\"Ein Armband aus Jade, Granat, Malachit und H\u00e4matit ist eine Kombination aus St\u00e4rke und Harmonie. Diese Steine symbolisieren Ruhe, Energie und Entschlossenheit.\",\"breadcrumb\":{\"@id\":\"https:\\\/\\\/spiritdust.pl\\\/de\\\/produkt\\\/armband-der-erde-und-des-feuers-jade-granat-malachit\\\/#breadcrumb\"},\"inLanguage\":\"de\",\"potentialAction\":[{\"@type\":\"ReadAction\",\"target\":[\"https:\\\/\\\/spiritdust.pl\\\/de\\\/produkt\\\/armband-der-erde-und-des-feuers-jade-granat-malachit\\\/\"]}]},{\"@type\":\"ImageObject\",\"inLanguage\":\"de\",\"@id\":\"https:\\\/\\\/spiritdust.pl\\\/de\\\/produkt\\\/armband-der-erde-und-des-feuers-jade-granat-malachit\\\/#primaryimage\",\"url\":\"https:\\\/\\\/spiritdust.pl\\\/wp-content\\\/uploads\\\/2026\\\/01\\\/DSC02588.jpg\",\"contentUrl\":\"https:\\\/\\\/spiritdust.pl\\\/wp-content\\\/uploads\\\/2026\\\/01\\\/DSC02588.jpg\",\"width\":1088,\"height\":1080},{\"@type\":\"BreadcrumbList\",\"@id\":\"https:\\\/\\\/spiritdust.pl\\\/de\\\/produkt\\\/armband-der-erde-und-des-feuers-jade-granat-malachit\\\/#breadcrumb\",\"itemListElement\":[{\"@type\":\"ListItem\",\"position\":1,\"name\":\"Strona g\u0142\u00f3wna\",\"item\":\"https:\\\/\\\/spiritdust.pl\\\/de\\\/spirit-dust-schmuck-aus-kupfer-silber-und-natursteinen\\\/\"},{\"@type\":\"ListItem\",\"position\":2,\"name\":\"Shop\",\"item\":\"https:\\\/\\\/green-chough-870564.hostingersite.com\\\/shop\\\/\"},{\"@type\":\"ListItem\",\"position\":3,\"name\":\"Armband der Erde und des Feuers &#8211; Jade, Granat, Malachit\"}]},{\"@type\":\"WebSite\",\"@id\":\"https:\\\/\\\/green-chough-870564.hostingersite.com\\\/#website\",\"url\":\"https:\\\/\\\/green-chough-870564.hostingersite.com\\\/\",\"name\":\"Spirit Dust\",\"description\":\"Bi\u017cuteria z Miedzi, Srebra i Kamieni Naturalnych\",\"publisher\":{\"@id\":\"https:\\\/\\\/green-chough-870564.hostingersite.com\\\/#organization\"},\"potentialAction\":[{\"@type\":\"SearchAction\",\"target\":{\"@type\":\"EntryPoint\",\"urlTemplate\":\"https:\\\/\\\/green-chough-870564.hostingersite.com\\\/?s={search_term_string}\"},\"query-input\":{\"@type\":\"PropertyValueSpecification\",\"valueRequired\":true,\"valueName\":\"search_term_string\"}}],\"inLanguage\":\"de\"},{\"@type\":\"Organization\",\"@id\":\"https:\\\/\\\/green-chough-870564.hostingersite.com\\\/#organization\",\"name\":\"Geisterstaub\",\"url\":\"https:\\\/\\\/green-chough-870564.hostingersite.com\\\/\",\"logo\":{\"@type\":\"ImageObject\",\"inLanguage\":\"de\",\"@id\":\"https:\\\/\\\/green-chough-870564.hostingersite.com\\\/#\\\/schema\\\/logo\\\/image\\\/\",\"url\":\"https:\\\/\\\/spiritdust.pl\\\/wp-content\\\/uploads\\\/2026\\\/01\\\/logo-sd.png\",\"contentUrl\":\"https:\\\/\\\/spiritdust.pl\\\/wp-content\\\/uploads\\\/2026\\\/01\\\/logo-sd.png\",\"width\":251,\"height\":368,\"caption\":\"Geisterstaub\"},\"image\":{\"@id\":\"https:\\\/\\\/green-chough-870564.hostingersite.com\\\/#\\\/schema\\\/logo\\\/image\\\/\"},\"sameAs\":[\"https:\\\/\\\/www.facebook.com\\\/spiritdustmj\\\/\",\"https:\\\/\\\/instagram.com\\\/spirit__dust\"]}]}<\/script>\n<!-- \/ Yoast SEO plugin. -->","yoast_head_json":{"title":"Armband der Erde und des Feuers - Jade, Granat, Malachit - Spirit Dust","description":"Ein Armband aus Jade, Granat, Malachit und H\u00e4matit ist eine Kombination aus St\u00e4rke und Harmonie. Diese Steine symbolisieren Ruhe, Energie und Entschlossenheit.","robots":{"index":"index","follow":"follow","max-snippet":"max-snippet:-1","max-image-preview":"max-image-preview:large","max-video-preview":"max-video-preview:-1"},"canonical":"https:\/\/spiritdust.pl\/de\/produkt\/armband-der-erde-und-des-feuers-jade-granat-malachit\/","og_locale":"de_DE","og_type":"article","og_title":"Armband der Erde und des Feuers - Jade, Granat, Malachit - Spirit Dust","og_description":"Ein Armband aus Jade, Granat, Malachit und H\u00e4matit ist eine Kombination aus St\u00e4rke und Harmonie. Diese Steine symbolisieren Ruhe, Energie und Entschlossenheit.","og_url":"https:\/\/spiritdust.pl\/de\/produkt\/armband-der-erde-und-des-feuers-jade-granat-malachit\/","og_site_name":"Spirit Dust","article_publisher":"https:\/\/www.facebook.com\/spiritdustmj\/","og_image":[{"width":1088,"height":1080,"url":"https:\/\/spiritdust.pl\/wp-content\/uploads\/2026\/01\/DSC02588.jpg","type":"image\/jpeg"}],"twitter_card":"summary_large_image","twitter_misc":{"Gesch\u00e4tzte Lesezeit":"1\u00a0Minute"},"schema":{"@context":"https:\/\/schema.org","@graph":[{"@type":"WebPage","@id":"https:\/\/spiritdust.pl\/de\/produkt\/armband-der-erde-und-des-feuers-jade-granat-malachit\/","url":"https:\/\/spiritdust.pl\/de\/produkt\/armband-der-erde-und-des-feuers-jade-granat-malachit\/","name":"Armband der Erde und des Feuers - Jade, Granat, Malachit - Spirit Dust","isPartOf":{"@id":"https:\/\/green-chough-870564.hostingersite.com\/#website"},"primaryImageOfPage":{"@id":"https:\/\/spiritdust.pl\/de\/produkt\/armband-der-erde-und-des-feuers-jade-granat-malachit\/#primaryimage"},"image":{"@id":"https:\/\/spiritdust.pl\/de\/produkt\/armband-der-erde-und-des-feuers-jade-granat-malachit\/#primaryimage"},"thumbnailUrl":"https:\/\/spiritdust.pl\/wp-content\/uploads\/2026\/01\/DSC02588.jpg","datePublished":"2026-01-26T09:17:00+00:00","description":"Ein Armband aus Jade, Granat, Malachit und H\u00e4matit ist eine Kombination aus St\u00e4rke und Harmonie. Diese Steine symbolisieren Ruhe, Energie und Entschlossenheit.","breadcrumb":{"@id":"https:\/\/spiritdust.pl\/de\/produkt\/armband-der-erde-und-des-feuers-jade-granat-malachit\/#breadcrumb"},"inLanguage":"de","potentialAction":[{"@type":"ReadAction","target":["https:\/\/spiritdust.pl\/de\/produkt\/armband-der-erde-und-des-feuers-jade-granat-malachit\/"]}]},{"@type":"ImageObject","inLanguage":"de","@id":"https:\/\/spiritdust.pl\/de\/produkt\/armband-der-erde-und-des-feuers-jade-granat-malachit\/#primaryimage","url":"https:\/\/spiritdust.pl\/wp-content\/uploads\/2026\/01\/DSC02588.jpg","contentUrl":"https:\/\/spiritdust.pl\/wp-content\/uploads\/2026\/01\/DSC02588.jpg","width":1088,"height":1080},{"@type":"BreadcrumbList","@id":"https:\/\/spiritdust.pl\/de\/produkt\/armband-der-erde-und-des-feuers-jade-granat-malachit\/#breadcrumb","itemListElement":[{"@type":"ListItem","position":1,"name":"Strona g\u0142\u00f3wna","item":"https:\/\/spiritdust.pl\/de\/spirit-dust-schmuck-aus-kupfer-silber-und-natursteinen\/"},{"@type":"ListItem","position":2,"name":"Shop","item":"https:\/\/green-chough-870564.hostingersite.com\/shop\/"},{"@type":"ListItem","position":3,"name":"Armband der Erde und des Feuers &#8211; Jade, Granat, Malachit"}]},{"@type":"WebSite","@id":"https:\/\/green-chough-870564.hostingersite.com\/#website","url":"https:\/\/green-chough-870564.hostingersite.com\/","name":"Spirit Dust","description":"Bi\u017cuteria z Miedzi, Srebra i Kamieni Naturalnych","publisher":{"@id":"https:\/\/green-chough-870564.hostingersite.com\/#organization"},"potentialAction":[{"@type":"SearchAction","target":{"@type":"EntryPoint","urlTemplate":"https:\/\/green-chough-870564.hostingersite.com\/?s={search_term_string}"},"query-input":{"@type":"PropertyValueSpecification","valueRequired":true,"valueName":"search_term_string"}}],"inLanguage":"de"},{"@type":"Organization","@id":"https:\/\/green-chough-870564.hostingersite.com\/#organization","name":"Geisterstaub","url":"https:\/\/green-chough-870564.hostingersite.com\/","logo":{"@type":"ImageObject","inLanguage":"de","@id":"https:\/\/green-chough-870564.hostingersite.com\/#\/schema\/logo\/image\/","url":"https:\/\/spiritdust.pl\/wp-content\/uploads\/2026\/01\/logo-sd.png","contentUrl":"https:\/\/spiritdust.pl\/wp-content\/uploads\/2026\/01\/logo-sd.png","width":251,"height":368,"caption":"Geisterstaub"},"image":{"@id":"https:\/\/green-chough-870564.hostingersite.com\/#\/schema\/logo\/image\/"},"sameAs":["https:\/\/www.facebook.com\/spiritdustmj\/","https:\/\/instagram.com\/spirit__dust"]}]}},"_links":{"self":[{"href":"https:\/\/spiritdust.pl\/de\/wp-json\/wp\/v2\/product\/3247","targetHints":{"allow":["GET"]}}],"collection":[{"href":"https:\/\/spiritdust.pl\/de\/wp-json\/wp\/v2\/product"}],"about":[{"href":"https:\/\/spiritdust.pl\/de\/wp-json\/wp\/v2\/types\/product"}],"version-history":[{"count":0,"href":"https:\/\/spiritdust.pl\/de\/wp-json\/wp\/v2\/product\/3247\/revisions"}],"wp:featuredmedia":[{"embeddable":true,"href":"https:\/\/spiritdust.pl\/de\/wp-json\/wp\/v2\/media\/3253"}],"wp:attachment":[{"href":"https:\/\/spiritdust.pl\/de\/wp-json\/wp\/v2\/media?parent=3247"}],"wp:term":[{"taxonomy":"product_brand","embeddable":true,"href":"https:\/\/spiritdust.pl\/de\/wp-json\/wp\/v2\/product_brand?post=3247"},{"taxonomy":"product_cat","embeddable":true,"href":"https:\/\/spiritdust.pl\/de\/wp-json\/wp\/v2\/product_cat?post=3247"},{"taxonomy":"product_tag","embeddable":true,"href":"https:\/\/spiritdust.pl\/de\/wp-json\/wp\/v2\/product_tag?post=3247"}],"curies":[{"name":"wp","href":"https:\/\/api.w.org\/{rel}","templated":true}]}}