{"id":3298,"date":"2026-01-26T09:15:09","date_gmt":"2026-01-26T09:15:09","guid":{"rendered":"https:\/\/spiritdust.pl\/produkt\/vitalstein-armband-chrysopras-tigerauge\/"},"modified":"2026-01-26T09:15:09","modified_gmt":"2026-01-26T09:15:09","slug":"vitalstein-armband-chrysopras-tigerauge","status":"publish","type":"product","link":"https:\/\/spiritdust.pl\/de\/produkt\/vitalstein-armband-chrysopras-tigerauge\/","title":{"rendered":"Vitalstein-Armband &#8211; Chrysopras, Tigerauge"},"content":{"rendered":"<p><strong>Chrysopras<\/strong> \u2013 zieht Liebe, F\u00fclle und Wohlstand an. Er bringt Freude und Gl\u00fcck. Er f\u00f6rdert Kreativit\u00e4t und bringt Talente zum Vorschein. Er hilft, das Herz von Sorgen zu heilen.   <\/p>\n<p><strong>Tigerauge<\/strong> \u2013 verleiht St\u00e4rke und Mut. Es wirkt sch\u00fctzend, sch\u00e4rft die Sinne und f\u00f6rdert die Intuition. Es st\u00e4rkt die pers\u00f6nliche Kraft, unterst\u00fctzt bei guten Entscheidungen und kann zur F\u00f6rderung von Reichtum eingesetzt werden.    <\/p>\n<p><strong>Moosachat<\/strong> \u2013 ein Stein der St\u00e4rke und des Mutes. Seine heilenden und reinigenden Eigenschaften eliminieren negative Energie. Dank seiner tiefen, erdigen Kraft ist der Moosachat stark mit der Natur und Mutter Erde verbunden.  <\/p>\n<p><strong>H\u00e4matit <\/strong>&#8211; ist ein Stein, der den K\u00f6rper mit Energie f\u00fcllt und belebt. Er steigert Optimismus, Entschlossenheit, Mut, Selbstwertgef\u00fchl und Willenskraft. Er unterst\u00fctzt bei Kreislaufproblemen und erh\u00f6ht den Eisengehalt im Blut.  <\/p>\n","protected":false},"excerpt":{"rendered":"<p>Dieses einzigartige Armband vereint die Kraft von vier Natursteinen, um Harmonie und Schutz in dein Leben zu bringen. <strong>Chrysopras<\/strong> verleiht Herzenergie und st\u00e4rkt das emotionale Gleichgewicht. <strong>Tigerauge<\/strong> schenkt Selbstvertrauen und wehrt negative Einfl\u00fcsse ab. <strong>Moosachat<\/strong> f\u00f6rdert Ruhe und emotionale Stabilit\u00e4t, und <strong>H\u00e4matit<\/strong> verleiht Vitalit\u00e4t und st\u00e4rkt den K\u00f6rper. Es ist ein Armband, das Natur und Energie verbindet und so ein harmonisches und sch\u00fctzendes Amulett an deinem Handgelenk schafft. <\/p>\n<p>Die Weite ist durch einen Schiebeknoten verstellbar.<\/p>\n<p class=\"p1\">Ich verpacke den Schmuck in einer dekorativen Schachtel und lege jeder Bestellung einen Beutel sowie zuf\u00e4llige Aufkleber als Geschenk bei. \u2728<\/p>\n<p>&nbsp;<\/p>\n<p><strong data-start=\"1081\" data-end=\"1127\">Das Armband wird speziell f\u00fcr dich angefertigt<\/strong> \u2013 du kannst die Farbe der Zwischenst\u00fccke bei der Bestellung w\u00e4hlen.<br data-start=\"1187\" data-end=\"1190\">Aus diesem Grund handelt es sich um ein personalisiertes Produkt, das gem\u00e4\u00df den geltenden Bestimmungen <strong data-start=\"1246\" data-end=\"1270\">vom Umtausch ausgeschlossen<\/strong> ist.<\/p>\n","protected":false},"featured_media":3303,"template":"","meta":{"inline_featured_image":false},"product_brand":[],"product_cat":[168,167],"product_tag":[231,265,169,221],"class_list":{"0":"post-3298","1":"product","2":"type-product","3":"status-publish","4":"has-post-thumbnail","6":"product_cat-armbander","7":"product_cat-schmuck","8":"product_tag-achat","9":"product_tag-chrysopras","10":"product_tag-hamatit","11":"product_tag-tigerauge","13":"first","14":"instock","15":"taxable","16":"shipping-taxable","17":"purchasable","18":"product-type-variable"},"yoast_head":"<!-- This site is optimized with the Yoast SEO plugin v27.5 - https:\/\/yoast.com\/product\/yoast-seo-wordpress\/ -->\n<title>Vitalstein-Armband - Chrysopras, Tigerauge - Spirit Dust<\/title>\n<meta name=\"description\" content=\"Armband mit Chrysopras, Tigerauge, Moosachat und H\u00e4matit \u2013 eine kraftvolle Kombination f\u00fcr Harmonie und Schutz. Natursteine.\" \/>\n<meta name=\"robots\" content=\"index, follow, max-snippet:-1, max-image-preview:large, max-video-preview:-1\" \/>\n<link rel=\"canonical\" href=\"https:\/\/spiritdust.pl\/de\/produkt\/vitalstein-armband-chrysopras-tigerauge\/\" \/>\n<meta property=\"og:locale\" content=\"de_DE\" \/>\n<meta property=\"og:type\" content=\"article\" \/>\n<meta property=\"og:title\" content=\"Vitalstein-Armband - Chrysopras, Tigerauge - Spirit Dust\" \/>\n<meta property=\"og:description\" content=\"Armband mit Chrysopras, Tigerauge, Moosachat und H\u00e4matit \u2013 eine kraftvolle Kombination f\u00fcr Harmonie und Schutz. Natursteine.\" \/>\n<meta property=\"og:url\" content=\"https:\/\/spiritdust.pl\/de\/produkt\/vitalstein-armband-chrysopras-tigerauge\/\" \/>\n<meta property=\"og:site_name\" content=\"Spirit Dust\" \/>\n<meta property=\"article:publisher\" content=\"https:\/\/www.facebook.com\/spiritdustmj\/\" \/>\n<meta property=\"og:image\" content=\"https:\/\/spiritdust.pl\/wp-content\/uploads\/2026\/01\/DSC02558.jpg\" \/>\n\t<meta property=\"og:image:width\" content=\"1088\" \/>\n\t<meta property=\"og:image:height\" content=\"1080\" \/>\n\t<meta property=\"og:image:type\" content=\"image\/jpeg\" \/>\n<meta name=\"twitter:card\" content=\"summary_large_image\" \/>\n<meta name=\"twitter:label1\" content=\"Gesch\u00e4tzte Lesezeit\" \/>\n\t<meta name=\"twitter:data1\" content=\"1\u00a0Minute\" \/>\n<script type=\"application\/ld+json\" class=\"yoast-schema-graph\">{\"@context\":\"https:\\\/\\\/schema.org\",\"@graph\":[{\"@type\":\"WebPage\",\"@id\":\"https:\\\/\\\/spiritdust.pl\\\/de\\\/produkt\\\/vitalstein-armband-chrysopras-tigerauge\\\/\",\"url\":\"https:\\\/\\\/spiritdust.pl\\\/de\\\/produkt\\\/vitalstein-armband-chrysopras-tigerauge\\\/\",\"name\":\"Vitalstein-Armband - Chrysopras, Tigerauge - Spirit Dust\",\"isPartOf\":{\"@id\":\"https:\\\/\\\/green-chough-870564.hostingersite.com\\\/#website\"},\"primaryImageOfPage\":{\"@id\":\"https:\\\/\\\/spiritdust.pl\\\/de\\\/produkt\\\/vitalstein-armband-chrysopras-tigerauge\\\/#primaryimage\"},\"image\":{\"@id\":\"https:\\\/\\\/spiritdust.pl\\\/de\\\/produkt\\\/vitalstein-armband-chrysopras-tigerauge\\\/#primaryimage\"},\"thumbnailUrl\":\"https:\\\/\\\/spiritdust.pl\\\/wp-content\\\/uploads\\\/2026\\\/01\\\/DSC02558.jpg\",\"datePublished\":\"2026-01-26T09:15:09+00:00\",\"description\":\"Armband mit Chrysopras, Tigerauge, Moosachat und H\u00e4matit \u2013 eine kraftvolle Kombination f\u00fcr Harmonie und Schutz. Natursteine.\",\"breadcrumb\":{\"@id\":\"https:\\\/\\\/spiritdust.pl\\\/de\\\/produkt\\\/vitalstein-armband-chrysopras-tigerauge\\\/#breadcrumb\"},\"inLanguage\":\"de\",\"potentialAction\":[{\"@type\":\"ReadAction\",\"target\":[\"https:\\\/\\\/spiritdust.pl\\\/de\\\/produkt\\\/vitalstein-armband-chrysopras-tigerauge\\\/\"]}]},{\"@type\":\"ImageObject\",\"inLanguage\":\"de\",\"@id\":\"https:\\\/\\\/spiritdust.pl\\\/de\\\/produkt\\\/vitalstein-armband-chrysopras-tigerauge\\\/#primaryimage\",\"url\":\"https:\\\/\\\/spiritdust.pl\\\/wp-content\\\/uploads\\\/2026\\\/01\\\/DSC02558.jpg\",\"contentUrl\":\"https:\\\/\\\/spiritdust.pl\\\/wp-content\\\/uploads\\\/2026\\\/01\\\/DSC02558.jpg\",\"width\":1088,\"height\":1080},{\"@type\":\"BreadcrumbList\",\"@id\":\"https:\\\/\\\/spiritdust.pl\\\/de\\\/produkt\\\/vitalstein-armband-chrysopras-tigerauge\\\/#breadcrumb\",\"itemListElement\":[{\"@type\":\"ListItem\",\"position\":1,\"name\":\"Strona g\u0142\u00f3wna\",\"item\":\"https:\\\/\\\/spiritdust.pl\\\/de\\\/spirit-dust-schmuck-aus-kupfer-silber-und-natursteinen\\\/\"},{\"@type\":\"ListItem\",\"position\":2,\"name\":\"Shop\",\"item\":\"https:\\\/\\\/green-chough-870564.hostingersite.com\\\/shop\\\/\"},{\"@type\":\"ListItem\",\"position\":3,\"name\":\"Vitalstein-Armband &#8211; Chrysopras, Tigerauge\"}]},{\"@type\":\"WebSite\",\"@id\":\"https:\\\/\\\/green-chough-870564.hostingersite.com\\\/#website\",\"url\":\"https:\\\/\\\/green-chough-870564.hostingersite.com\\\/\",\"name\":\"Spirit Dust\",\"description\":\"Bi\u017cuteria z Miedzi, Srebra i Kamieni Naturalnych\",\"publisher\":{\"@id\":\"https:\\\/\\\/green-chough-870564.hostingersite.com\\\/#organization\"},\"potentialAction\":[{\"@type\":\"SearchAction\",\"target\":{\"@type\":\"EntryPoint\",\"urlTemplate\":\"https:\\\/\\\/green-chough-870564.hostingersite.com\\\/?s={search_term_string}\"},\"query-input\":{\"@type\":\"PropertyValueSpecification\",\"valueRequired\":true,\"valueName\":\"search_term_string\"}}],\"inLanguage\":\"de\"},{\"@type\":\"Organization\",\"@id\":\"https:\\\/\\\/green-chough-870564.hostingersite.com\\\/#organization\",\"name\":\"Geisterstaub\",\"url\":\"https:\\\/\\\/green-chough-870564.hostingersite.com\\\/\",\"logo\":{\"@type\":\"ImageObject\",\"inLanguage\":\"de\",\"@id\":\"https:\\\/\\\/green-chough-870564.hostingersite.com\\\/#\\\/schema\\\/logo\\\/image\\\/\",\"url\":\"https:\\\/\\\/spiritdust.pl\\\/wp-content\\\/uploads\\\/2026\\\/01\\\/logo-sd.png\",\"contentUrl\":\"https:\\\/\\\/spiritdust.pl\\\/wp-content\\\/uploads\\\/2026\\\/01\\\/logo-sd.png\",\"width\":251,\"height\":368,\"caption\":\"Geisterstaub\"},\"image\":{\"@id\":\"https:\\\/\\\/green-chough-870564.hostingersite.com\\\/#\\\/schema\\\/logo\\\/image\\\/\"},\"sameAs\":[\"https:\\\/\\\/www.facebook.com\\\/spiritdustmj\\\/\",\"https:\\\/\\\/instagram.com\\\/spirit__dust\"]}]}<\/script>\n<!-- \/ Yoast SEO plugin. -->","yoast_head_json":{"title":"Vitalstein-Armband - Chrysopras, Tigerauge - Spirit Dust","description":"Armband mit Chrysopras, Tigerauge, Moosachat und H\u00e4matit \u2013 eine kraftvolle Kombination f\u00fcr Harmonie und Schutz. Natursteine.","robots":{"index":"index","follow":"follow","max-snippet":"max-snippet:-1","max-image-preview":"max-image-preview:large","max-video-preview":"max-video-preview:-1"},"canonical":"https:\/\/spiritdust.pl\/de\/produkt\/vitalstein-armband-chrysopras-tigerauge\/","og_locale":"de_DE","og_type":"article","og_title":"Vitalstein-Armband - Chrysopras, Tigerauge - Spirit Dust","og_description":"Armband mit Chrysopras, Tigerauge, Moosachat und H\u00e4matit \u2013 eine kraftvolle Kombination f\u00fcr Harmonie und Schutz. Natursteine.","og_url":"https:\/\/spiritdust.pl\/de\/produkt\/vitalstein-armband-chrysopras-tigerauge\/","og_site_name":"Spirit Dust","article_publisher":"https:\/\/www.facebook.com\/spiritdustmj\/","og_image":[{"width":1088,"height":1080,"url":"https:\/\/spiritdust.pl\/wp-content\/uploads\/2026\/01\/DSC02558.jpg","type":"image\/jpeg"}],"twitter_card":"summary_large_image","twitter_misc":{"Gesch\u00e4tzte Lesezeit":"1\u00a0Minute"},"schema":{"@context":"https:\/\/schema.org","@graph":[{"@type":"WebPage","@id":"https:\/\/spiritdust.pl\/de\/produkt\/vitalstein-armband-chrysopras-tigerauge\/","url":"https:\/\/spiritdust.pl\/de\/produkt\/vitalstein-armband-chrysopras-tigerauge\/","name":"Vitalstein-Armband - Chrysopras, Tigerauge - Spirit Dust","isPartOf":{"@id":"https:\/\/green-chough-870564.hostingersite.com\/#website"},"primaryImageOfPage":{"@id":"https:\/\/spiritdust.pl\/de\/produkt\/vitalstein-armband-chrysopras-tigerauge\/#primaryimage"},"image":{"@id":"https:\/\/spiritdust.pl\/de\/produkt\/vitalstein-armband-chrysopras-tigerauge\/#primaryimage"},"thumbnailUrl":"https:\/\/spiritdust.pl\/wp-content\/uploads\/2026\/01\/DSC02558.jpg","datePublished":"2026-01-26T09:15:09+00:00","description":"Armband mit Chrysopras, Tigerauge, Moosachat und H\u00e4matit \u2013 eine kraftvolle Kombination f\u00fcr Harmonie und Schutz. Natursteine.","breadcrumb":{"@id":"https:\/\/spiritdust.pl\/de\/produkt\/vitalstein-armband-chrysopras-tigerauge\/#breadcrumb"},"inLanguage":"de","potentialAction":[{"@type":"ReadAction","target":["https:\/\/spiritdust.pl\/de\/produkt\/vitalstein-armband-chrysopras-tigerauge\/"]}]},{"@type":"ImageObject","inLanguage":"de","@id":"https:\/\/spiritdust.pl\/de\/produkt\/vitalstein-armband-chrysopras-tigerauge\/#primaryimage","url":"https:\/\/spiritdust.pl\/wp-content\/uploads\/2026\/01\/DSC02558.jpg","contentUrl":"https:\/\/spiritdust.pl\/wp-content\/uploads\/2026\/01\/DSC02558.jpg","width":1088,"height":1080},{"@type":"BreadcrumbList","@id":"https:\/\/spiritdust.pl\/de\/produkt\/vitalstein-armband-chrysopras-tigerauge\/#breadcrumb","itemListElement":[{"@type":"ListItem","position":1,"name":"Strona g\u0142\u00f3wna","item":"https:\/\/spiritdust.pl\/de\/spirit-dust-schmuck-aus-kupfer-silber-und-natursteinen\/"},{"@type":"ListItem","position":2,"name":"Shop","item":"https:\/\/green-chough-870564.hostingersite.com\/shop\/"},{"@type":"ListItem","position":3,"name":"Vitalstein-Armband &#8211; Chrysopras, Tigerauge"}]},{"@type":"WebSite","@id":"https:\/\/green-chough-870564.hostingersite.com\/#website","url":"https:\/\/green-chough-870564.hostingersite.com\/","name":"Spirit Dust","description":"Bi\u017cuteria z Miedzi, Srebra i Kamieni Naturalnych","publisher":{"@id":"https:\/\/green-chough-870564.hostingersite.com\/#organization"},"potentialAction":[{"@type":"SearchAction","target":{"@type":"EntryPoint","urlTemplate":"https:\/\/green-chough-870564.hostingersite.com\/?s={search_term_string}"},"query-input":{"@type":"PropertyValueSpecification","valueRequired":true,"valueName":"search_term_string"}}],"inLanguage":"de"},{"@type":"Organization","@id":"https:\/\/green-chough-870564.hostingersite.com\/#organization","name":"Geisterstaub","url":"https:\/\/green-chough-870564.hostingersite.com\/","logo":{"@type":"ImageObject","inLanguage":"de","@id":"https:\/\/green-chough-870564.hostingersite.com\/#\/schema\/logo\/image\/","url":"https:\/\/spiritdust.pl\/wp-content\/uploads\/2026\/01\/logo-sd.png","contentUrl":"https:\/\/spiritdust.pl\/wp-content\/uploads\/2026\/01\/logo-sd.png","width":251,"height":368,"caption":"Geisterstaub"},"image":{"@id":"https:\/\/green-chough-870564.hostingersite.com\/#\/schema\/logo\/image\/"},"sameAs":["https:\/\/www.facebook.com\/spiritdustmj\/","https:\/\/instagram.com\/spirit__dust"]}]}},"_links":{"self":[{"href":"https:\/\/spiritdust.pl\/de\/wp-json\/wp\/v2\/product\/3298","targetHints":{"allow":["GET"]}}],"collection":[{"href":"https:\/\/spiritdust.pl\/de\/wp-json\/wp\/v2\/product"}],"about":[{"href":"https:\/\/spiritdust.pl\/de\/wp-json\/wp\/v2\/types\/product"}],"version-history":[{"count":0,"href":"https:\/\/spiritdust.pl\/de\/wp-json\/wp\/v2\/product\/3298\/revisions"}],"wp:featuredmedia":[{"embeddable":true,"href":"https:\/\/spiritdust.pl\/de\/wp-json\/wp\/v2\/media\/3303"}],"wp:attachment":[{"href":"https:\/\/spiritdust.pl\/de\/wp-json\/wp\/v2\/media?parent=3298"}],"wp:term":[{"taxonomy":"product_brand","embeddable":true,"href":"https:\/\/spiritdust.pl\/de\/wp-json\/wp\/v2\/product_brand?post=3298"},{"taxonomy":"product_cat","embeddable":true,"href":"https:\/\/spiritdust.pl\/de\/wp-json\/wp\/v2\/product_cat?post=3298"},{"taxonomy":"product_tag","embeddable":true,"href":"https:\/\/spiritdust.pl\/de\/wp-json\/wp\/v2\/product_tag?post=3298"}],"curies":[{"name":"wp","href":"https:\/\/api.w.org\/{rel}","templated":true}]}}