{"id":3302,"date":"2026-01-26T09:17:00","date_gmt":"2026-01-26T09:17:00","guid":{"rendered":"https:\/\/spiritdust.pl\/produkt\/armband-der-sanftmutsteine-chrysopras-larimar\/"},"modified":"2026-01-26T09:17:00","modified_gmt":"2026-01-26T09:17:00","slug":"armband-der-sanftmutsteine-chrysopras-larimar","status":"publish","type":"product","link":"https:\/\/spiritdust.pl\/de\/produkt\/armband-der-sanftmutsteine-chrysopras-larimar\/","title":{"rendered":"Armband der Sanftmutsteine &#8211; Chrysopras, Larimar"},"content":{"rendered":"<p><strong>Chrysopras <\/strong>&#8211; ist ein Stein, der Liebe, F\u00fclle und Wohlstand anzieht. Er bringt Freude und Gl\u00fcck. Er f\u00f6rdert Kreativit\u00e4t und bringt Talente zum Vorschein. Er hilft, das Herz von Sorgen zu heilen.   <\/p>\n<p><strong>Tigerauge &#8211;<\/strong> verleiht Kraft und Mut. Es hat eine sch\u00fctzende Wirkung. Es sch\u00e4rft die Sinne und f\u00f6rdert die Intuition. Es st\u00e4rkt die pers\u00f6nliche Kraft und unterst\u00fctzt bei guten Entscheidungen. Tigerauge kann zur Anregung von Reichtum verwendet werden.    <\/p>\n<p><strong>Larimar <\/strong>&#8211; gilt als beruhigender Stein. Er unterst\u00fctzt die Kommunikation. Er bringt Klarheit, strahlende Heilenergie und Liebe. Er wird gestressten Menschen empfohlen.   <\/p>\n<p><strong>T\u00fcrkis <\/strong>&#8211; ist ein Stein der Reinigung. Er stabilisiert Stimmungsschwankungen und bringt innere Ruhe. Er f\u00f6rdert die Selbstverwirklichung und kreative Probleml\u00f6sung. Er ist ein Symbol der Freundschaft.   <\/p>\n<p><strong>H\u00e4matit <\/strong>&#8211; ist ein Stein, der den K\u00f6rper mit Energie f\u00fcllt und belebt. Er steigert Optimismus, Entschlossenheit, Mut, Selbstwertgef\u00fchl und Willenskraft. Er unterst\u00fctzt bei Kreislaufproblemen und erh\u00f6ht den Eisengehalt im Blut.  <\/p>\n","protected":false},"excerpt":{"rendered":"<p>Armband mit <strong>Chrysopras<\/strong>, <strong>Tigerauge<\/strong>, <strong>Larimar<\/strong>, <strong>T\u00fcrkis<\/strong> und <strong>H\u00e4matit<\/strong> &#8211; Harmonie, Selbstvertrauen, Ruhe, Kommunikation und St\u00e4rke in einem. Das Tragen dieses Armbands ist eine Verbindung der Kraft der Natur mit der Sch\u00f6nheit der Steine. <\/p>\n<p>Die Weite ist durch einen Schiebeknoten verstellbar.<\/p>\n<p class=\"p1\">Ich verpacke den Schmuck in einer dekorativen Schachtel und lege jeder Bestellung einen Beutel sowie zuf\u00e4llige Aufkleber als Geschenk bei. \u2728<\/p>\n<p>&nbsp;<\/p>\n<p><strong data-start=\"1081\" data-end=\"1127\">Das Armband wird speziell f\u00fcr dich angefertigt<\/strong> \u2013 du kannst die Farbe der Zwischenperlen bei der Bestellung w\u00e4hlen.<br data-start=\"1187\" data-end=\"1190\">Aus diesem Grund ist es ein personalisiertes Produkt, das gem\u00e4\u00df den geltenden Bestimmungen <strong data-start=\"1246\" data-end=\"1270\">vom Umtausch ausgeschlossen ist<\/strong>.<\/p>\n","protected":false},"featured_media":3306,"template":"","meta":{"inline_featured_image":false},"product_brand":[],"product_cat":[168,167],"product_tag":[265,169,258,221,334],"class_list":{"0":"post-3302","1":"product","2":"type-product","3":"status-publish","4":"has-post-thumbnail","6":"product_cat-armbander","7":"product_cat-schmuck","8":"product_tag-chrysopras","9":"product_tag-hamatit","10":"product_tag-larimar","11":"product_tag-tigerauge","12":"product_tag-turkis","14":"first","15":"instock","16":"taxable","17":"shipping-taxable","18":"product-type-variable"},"yoast_head":"<!-- This site is optimized with the Yoast SEO plugin v27.5 - https:\/\/yoast.com\/product\/yoast-seo-wordpress\/ -->\n<title>Armband der Sanftmutsteine - Chrysopras, Larimar - Spirit Dust<\/title>\n<meta name=\"description\" content=\"Armband mit Chrysopras, Tigerauge, Larimar, T\u00fcrkis und H\u00e4matit - Harmonie, Selbstvertrauen, Ruhe, Kommunikation und St\u00e4rke in einem.\" \/>\n<meta name=\"robots\" content=\"index, follow, max-snippet:-1, max-image-preview:large, max-video-preview:-1\" \/>\n<link rel=\"canonical\" href=\"https:\/\/spiritdust.pl\/de\/produkt\/armband-der-sanftmutsteine-chrysopras-larimar\/\" \/>\n<meta property=\"og:locale\" content=\"de_DE\" \/>\n<meta property=\"og:type\" content=\"article\" \/>\n<meta property=\"og:title\" content=\"Armband der Sanftmutsteine - Chrysopras, Larimar - Spirit Dust\" \/>\n<meta property=\"og:description\" content=\"Armband mit Chrysopras, Tigerauge, Larimar, T\u00fcrkis und H\u00e4matit - Harmonie, Selbstvertrauen, Ruhe, Kommunikation und St\u00e4rke in einem.\" \/>\n<meta property=\"og:url\" content=\"https:\/\/spiritdust.pl\/de\/produkt\/armband-der-sanftmutsteine-chrysopras-larimar\/\" \/>\n<meta property=\"og:site_name\" content=\"Spirit Dust\" \/>\n<meta property=\"article:publisher\" content=\"https:\/\/www.facebook.com\/spiritdustmj\/\" \/>\n<meta property=\"og:image\" content=\"https:\/\/spiritdust.pl\/wp-content\/uploads\/2026\/01\/DSC02563.jpg\" \/>\n\t<meta property=\"og:image:width\" content=\"1088\" \/>\n\t<meta property=\"og:image:height\" content=\"1080\" \/>\n\t<meta property=\"og:image:type\" content=\"image\/jpeg\" \/>\n<meta name=\"twitter:card\" content=\"summary_large_image\" \/>\n<meta name=\"twitter:label1\" content=\"Gesch\u00e4tzte Lesezeit\" \/>\n\t<meta name=\"twitter:data1\" content=\"1\u00a0Minute\" \/>\n<script type=\"application\/ld+json\" class=\"yoast-schema-graph\">{\"@context\":\"https:\\\/\\\/schema.org\",\"@graph\":[{\"@type\":\"WebPage\",\"@id\":\"https:\\\/\\\/spiritdust.pl\\\/de\\\/produkt\\\/armband-der-sanftmutsteine-chrysopras-larimar\\\/\",\"url\":\"https:\\\/\\\/spiritdust.pl\\\/de\\\/produkt\\\/armband-der-sanftmutsteine-chrysopras-larimar\\\/\",\"name\":\"Armband der Sanftmutsteine - Chrysopras, Larimar - Spirit Dust\",\"isPartOf\":{\"@id\":\"https:\\\/\\\/green-chough-870564.hostingersite.com\\\/#website\"},\"primaryImageOfPage\":{\"@id\":\"https:\\\/\\\/spiritdust.pl\\\/de\\\/produkt\\\/armband-der-sanftmutsteine-chrysopras-larimar\\\/#primaryimage\"},\"image\":{\"@id\":\"https:\\\/\\\/spiritdust.pl\\\/de\\\/produkt\\\/armband-der-sanftmutsteine-chrysopras-larimar\\\/#primaryimage\"},\"thumbnailUrl\":\"https:\\\/\\\/spiritdust.pl\\\/wp-content\\\/uploads\\\/2026\\\/01\\\/DSC02563.jpg\",\"datePublished\":\"2026-01-26T09:17:00+00:00\",\"description\":\"Armband mit Chrysopras, Tigerauge, Larimar, T\u00fcrkis und H\u00e4matit - Harmonie, Selbstvertrauen, Ruhe, Kommunikation und St\u00e4rke in einem.\",\"breadcrumb\":{\"@id\":\"https:\\\/\\\/spiritdust.pl\\\/de\\\/produkt\\\/armband-der-sanftmutsteine-chrysopras-larimar\\\/#breadcrumb\"},\"inLanguage\":\"de\",\"potentialAction\":[{\"@type\":\"ReadAction\",\"target\":[\"https:\\\/\\\/spiritdust.pl\\\/de\\\/produkt\\\/armband-der-sanftmutsteine-chrysopras-larimar\\\/\"]}]},{\"@type\":\"ImageObject\",\"inLanguage\":\"de\",\"@id\":\"https:\\\/\\\/spiritdust.pl\\\/de\\\/produkt\\\/armband-der-sanftmutsteine-chrysopras-larimar\\\/#primaryimage\",\"url\":\"https:\\\/\\\/spiritdust.pl\\\/wp-content\\\/uploads\\\/2026\\\/01\\\/DSC02563.jpg\",\"contentUrl\":\"https:\\\/\\\/spiritdust.pl\\\/wp-content\\\/uploads\\\/2026\\\/01\\\/DSC02563.jpg\",\"width\":1088,\"height\":1080},{\"@type\":\"BreadcrumbList\",\"@id\":\"https:\\\/\\\/spiritdust.pl\\\/de\\\/produkt\\\/armband-der-sanftmutsteine-chrysopras-larimar\\\/#breadcrumb\",\"itemListElement\":[{\"@type\":\"ListItem\",\"position\":1,\"name\":\"Strona g\u0142\u00f3wna\",\"item\":\"https:\\\/\\\/spiritdust.pl\\\/de\\\/spirit-dust-schmuck-aus-kupfer-silber-und-natursteinen\\\/\"},{\"@type\":\"ListItem\",\"position\":2,\"name\":\"Shop\",\"item\":\"https:\\\/\\\/green-chough-870564.hostingersite.com\\\/shop\\\/\"},{\"@type\":\"ListItem\",\"position\":3,\"name\":\"Armband der Sanftmutsteine &#8211; Chrysopras, Larimar\"}]},{\"@type\":\"WebSite\",\"@id\":\"https:\\\/\\\/green-chough-870564.hostingersite.com\\\/#website\",\"url\":\"https:\\\/\\\/green-chough-870564.hostingersite.com\\\/\",\"name\":\"Spirit Dust\",\"description\":\"Bi\u017cuteria z Miedzi, Srebra i Kamieni Naturalnych\",\"publisher\":{\"@id\":\"https:\\\/\\\/green-chough-870564.hostingersite.com\\\/#organization\"},\"potentialAction\":[{\"@type\":\"SearchAction\",\"target\":{\"@type\":\"EntryPoint\",\"urlTemplate\":\"https:\\\/\\\/green-chough-870564.hostingersite.com\\\/?s={search_term_string}\"},\"query-input\":{\"@type\":\"PropertyValueSpecification\",\"valueRequired\":true,\"valueName\":\"search_term_string\"}}],\"inLanguage\":\"de\"},{\"@type\":\"Organization\",\"@id\":\"https:\\\/\\\/green-chough-870564.hostingersite.com\\\/#organization\",\"name\":\"Geisterstaub\",\"url\":\"https:\\\/\\\/green-chough-870564.hostingersite.com\\\/\",\"logo\":{\"@type\":\"ImageObject\",\"inLanguage\":\"de\",\"@id\":\"https:\\\/\\\/green-chough-870564.hostingersite.com\\\/#\\\/schema\\\/logo\\\/image\\\/\",\"url\":\"https:\\\/\\\/spiritdust.pl\\\/wp-content\\\/uploads\\\/2026\\\/01\\\/logo-sd.png\",\"contentUrl\":\"https:\\\/\\\/spiritdust.pl\\\/wp-content\\\/uploads\\\/2026\\\/01\\\/logo-sd.png\",\"width\":251,\"height\":368,\"caption\":\"Geisterstaub\"},\"image\":{\"@id\":\"https:\\\/\\\/green-chough-870564.hostingersite.com\\\/#\\\/schema\\\/logo\\\/image\\\/\"},\"sameAs\":[\"https:\\\/\\\/www.facebook.com\\\/spiritdustmj\\\/\",\"https:\\\/\\\/instagram.com\\\/spirit__dust\"]}]}<\/script>\n<!-- \/ Yoast SEO plugin. -->","yoast_head_json":{"title":"Armband der Sanftmutsteine - Chrysopras, Larimar - Spirit Dust","description":"Armband mit Chrysopras, Tigerauge, Larimar, T\u00fcrkis und H\u00e4matit - Harmonie, Selbstvertrauen, Ruhe, Kommunikation und St\u00e4rke in einem.","robots":{"index":"index","follow":"follow","max-snippet":"max-snippet:-1","max-image-preview":"max-image-preview:large","max-video-preview":"max-video-preview:-1"},"canonical":"https:\/\/spiritdust.pl\/de\/produkt\/armband-der-sanftmutsteine-chrysopras-larimar\/","og_locale":"de_DE","og_type":"article","og_title":"Armband der Sanftmutsteine - Chrysopras, Larimar - Spirit Dust","og_description":"Armband mit Chrysopras, Tigerauge, Larimar, T\u00fcrkis und H\u00e4matit - Harmonie, Selbstvertrauen, Ruhe, Kommunikation und St\u00e4rke in einem.","og_url":"https:\/\/spiritdust.pl\/de\/produkt\/armband-der-sanftmutsteine-chrysopras-larimar\/","og_site_name":"Spirit Dust","article_publisher":"https:\/\/www.facebook.com\/spiritdustmj\/","og_image":[{"width":1088,"height":1080,"url":"https:\/\/spiritdust.pl\/wp-content\/uploads\/2026\/01\/DSC02563.jpg","type":"image\/jpeg"}],"twitter_card":"summary_large_image","twitter_misc":{"Gesch\u00e4tzte Lesezeit":"1\u00a0Minute"},"schema":{"@context":"https:\/\/schema.org","@graph":[{"@type":"WebPage","@id":"https:\/\/spiritdust.pl\/de\/produkt\/armband-der-sanftmutsteine-chrysopras-larimar\/","url":"https:\/\/spiritdust.pl\/de\/produkt\/armband-der-sanftmutsteine-chrysopras-larimar\/","name":"Armband der Sanftmutsteine - Chrysopras, Larimar - Spirit Dust","isPartOf":{"@id":"https:\/\/green-chough-870564.hostingersite.com\/#website"},"primaryImageOfPage":{"@id":"https:\/\/spiritdust.pl\/de\/produkt\/armband-der-sanftmutsteine-chrysopras-larimar\/#primaryimage"},"image":{"@id":"https:\/\/spiritdust.pl\/de\/produkt\/armband-der-sanftmutsteine-chrysopras-larimar\/#primaryimage"},"thumbnailUrl":"https:\/\/spiritdust.pl\/wp-content\/uploads\/2026\/01\/DSC02563.jpg","datePublished":"2026-01-26T09:17:00+00:00","description":"Armband mit Chrysopras, Tigerauge, Larimar, T\u00fcrkis und H\u00e4matit - Harmonie, Selbstvertrauen, Ruhe, Kommunikation und St\u00e4rke in einem.","breadcrumb":{"@id":"https:\/\/spiritdust.pl\/de\/produkt\/armband-der-sanftmutsteine-chrysopras-larimar\/#breadcrumb"},"inLanguage":"de","potentialAction":[{"@type":"ReadAction","target":["https:\/\/spiritdust.pl\/de\/produkt\/armband-der-sanftmutsteine-chrysopras-larimar\/"]}]},{"@type":"ImageObject","inLanguage":"de","@id":"https:\/\/spiritdust.pl\/de\/produkt\/armband-der-sanftmutsteine-chrysopras-larimar\/#primaryimage","url":"https:\/\/spiritdust.pl\/wp-content\/uploads\/2026\/01\/DSC02563.jpg","contentUrl":"https:\/\/spiritdust.pl\/wp-content\/uploads\/2026\/01\/DSC02563.jpg","width":1088,"height":1080},{"@type":"BreadcrumbList","@id":"https:\/\/spiritdust.pl\/de\/produkt\/armband-der-sanftmutsteine-chrysopras-larimar\/#breadcrumb","itemListElement":[{"@type":"ListItem","position":1,"name":"Strona g\u0142\u00f3wna","item":"https:\/\/spiritdust.pl\/de\/spirit-dust-schmuck-aus-kupfer-silber-und-natursteinen\/"},{"@type":"ListItem","position":2,"name":"Shop","item":"https:\/\/green-chough-870564.hostingersite.com\/shop\/"},{"@type":"ListItem","position":3,"name":"Armband der Sanftmutsteine &#8211; Chrysopras, Larimar"}]},{"@type":"WebSite","@id":"https:\/\/green-chough-870564.hostingersite.com\/#website","url":"https:\/\/green-chough-870564.hostingersite.com\/","name":"Spirit Dust","description":"Bi\u017cuteria z Miedzi, Srebra i Kamieni Naturalnych","publisher":{"@id":"https:\/\/green-chough-870564.hostingersite.com\/#organization"},"potentialAction":[{"@type":"SearchAction","target":{"@type":"EntryPoint","urlTemplate":"https:\/\/green-chough-870564.hostingersite.com\/?s={search_term_string}"},"query-input":{"@type":"PropertyValueSpecification","valueRequired":true,"valueName":"search_term_string"}}],"inLanguage":"de"},{"@type":"Organization","@id":"https:\/\/green-chough-870564.hostingersite.com\/#organization","name":"Geisterstaub","url":"https:\/\/green-chough-870564.hostingersite.com\/","logo":{"@type":"ImageObject","inLanguage":"de","@id":"https:\/\/green-chough-870564.hostingersite.com\/#\/schema\/logo\/image\/","url":"https:\/\/spiritdust.pl\/wp-content\/uploads\/2026\/01\/logo-sd.png","contentUrl":"https:\/\/spiritdust.pl\/wp-content\/uploads\/2026\/01\/logo-sd.png","width":251,"height":368,"caption":"Geisterstaub"},"image":{"@id":"https:\/\/green-chough-870564.hostingersite.com\/#\/schema\/logo\/image\/"},"sameAs":["https:\/\/www.facebook.com\/spiritdustmj\/","https:\/\/instagram.com\/spirit__dust"]}]}},"_links":{"self":[{"href":"https:\/\/spiritdust.pl\/de\/wp-json\/wp\/v2\/product\/3302","targetHints":{"allow":["GET"]}}],"collection":[{"href":"https:\/\/spiritdust.pl\/de\/wp-json\/wp\/v2\/product"}],"about":[{"href":"https:\/\/spiritdust.pl\/de\/wp-json\/wp\/v2\/types\/product"}],"version-history":[{"count":0,"href":"https:\/\/spiritdust.pl\/de\/wp-json\/wp\/v2\/product\/3302\/revisions"}],"wp:featuredmedia":[{"embeddable":true,"href":"https:\/\/spiritdust.pl\/de\/wp-json\/wp\/v2\/media\/3306"}],"wp:attachment":[{"href":"https:\/\/spiritdust.pl\/de\/wp-json\/wp\/v2\/media?parent=3302"}],"wp:term":[{"taxonomy":"product_brand","embeddable":true,"href":"https:\/\/spiritdust.pl\/de\/wp-json\/wp\/v2\/product_brand?post=3302"},{"taxonomy":"product_cat","embeddable":true,"href":"https:\/\/spiritdust.pl\/de\/wp-json\/wp\/v2\/product_cat?post=3302"},{"taxonomy":"product_tag","embeddable":true,"href":"https:\/\/spiritdust.pl\/de\/wp-json\/wp\/v2\/product_tag?post=3302"}],"curies":[{"name":"wp","href":"https:\/\/api.w.org\/{rel}","templated":true}]}}