{"id":3326,"date":"2026-01-26T09:15:09","date_gmt":"2026-01-26T09:15:09","guid":{"rendered":"https:\/\/spiritdust.pl\/produkt\/armband-der-staerke-und-liebe-kunzit-rubin-granat\/"},"modified":"2026-01-26T09:15:09","modified_gmt":"2026-01-26T09:15:09","slug":"armband-der-staerke-und-liebe-kunzit-rubin-granat","status":"publish","type":"product","link":"https:\/\/spiritdust.pl\/de\/produkt\/armband-der-staerke-und-liebe-kunzit-rubin-granat\/","title":{"rendered":"Armband der St\u00e4rke und Liebe &#8211; Kunzit, Rubin, Granat"},"content":{"rendered":"<p><strong>Kunzit <\/strong>&#8211; f\u00f6rdert Liebe auf allen Ebenen, l\u00f6st negative Gef\u00fchle auf. Er hat starke Eigenschaften, die die Stimmung verbessern und helfen, emotionale Probleme wie Angst und Stress zu heilen. <\/p>\n<p><strong>Jadeit <\/strong>&#8211; gilt als Gl\u00fccksstein. Er bietet Schutz vor negativen Energien und Wesenheiten und st\u00e4rkt Kreativit\u00e4t und Vorstellungskraft. <\/p>\n<p><strong>Phosphosiderit <\/strong>&#8211; hat eine wunderbar beruhigende, lindernde Schwingung, die bei Stress und Angst hilft. Er ist ein Kristall mit starker, herzbasierter Energie. <\/p>\n<p><strong>Rubin <\/strong>&#8211; ist ein m\u00e4chtiger Stein, der vor b\u00f6sen Kr\u00e4ften sch\u00fctzt. Er steigert Verlangen und Energie und l\u00e4sst dich die sinnliche Freude des Lebens genie\u00dfen. Er sch\u00e4rft den Geist und f\u00f6rdert die Konzentration.  <\/p>\n<p><strong>Granat <\/strong>&#8211; Stein des Engagements. Er entfernt negative Energien. Er sorgt f\u00fcr Sicherheit und Stabilit\u00e4t. Er ist ein sehr ausgleichender, aufbauender Stein.   <\/p>\n<p><strong>H\u00e4matit <\/strong>&#8211; ist ein Stein, der den K\u00f6rper mit Energie f\u00fcllt und belebt. Er steigert Optimismus, Entschlossenheit, Mut, Selbstwertgef\u00fchl und Willenskraft. Er unterst\u00fctzt bei Kreislaufproblemen und erh\u00f6ht den Eisengehalt im Blut.  <\/p>\n","protected":false},"excerpt":{"rendered":"<p>Armband mit <strong>Kunzit<\/strong>, <strong>Jadeit<\/strong>, <strong>Phosphosiderit<\/strong>, <strong>Rubin<\/strong>, <strong>Granat<\/strong> und <strong>H\u00e4matit<\/strong> &#8211; Es vereint St\u00e4rke, Harmonie und Leidenschaft, um dein Leben zu inspirieren.<\/p>\n<p>Die Weite ist durch einen Schiebeknoten verstellbar.<\/p>\n<p class=\"p1\">Ich verpacke den Schmuck in einer dekorativen Schachtel und lege jeder Bestellung einen Beutel sowie zuf\u00e4llige Aufkleber als Geschenk bei. \u2728<\/p>\n<p>&nbsp;<\/p>\n<p><strong data-start=\"1081\" data-end=\"1127\">Das Armband wird speziell f\u00fcr dich angefertigt<\/strong> \u2013 du kannst die Farbe der Zwischenperlen bei der Bestellung w\u00e4hlen.<br data-start=\"1187\" data-end=\"1190\">Aus diesem Grund ist es ein personalisiertes Produkt, das <strong data-start=\"1246\" data-end=\"1270\">vom Umtausch ausgeschlossen ist<\/strong>, gem\u00e4\u00df den geltenden Bestimmungen.<\/p>\n","protected":false},"featured_media":3330,"template":"","meta":{"inline_featured_image":false},"product_brand":[],"product_cat":[168,167],"product_tag":[297,169,173,201,208,320],"class_list":{"0":"post-3326","1":"product","2":"type-product","3":"status-publish","4":"has-post-thumbnail","6":"product_cat-armbander","7":"product_cat-schmuck","8":"product_tag-granat","9":"product_tag-hamatit","10":"product_tag-jade","11":"product_tag-kunzit","12":"product_tag-phosphosiderit","13":"product_tag-rubin","15":"first","16":"instock","17":"taxable","18":"shipping-taxable","19":"purchasable","20":"product-type-variable"},"yoast_head":"<!-- This site is optimized with the Yoast SEO plugin v27.5 - https:\/\/yoast.com\/product\/yoast-seo-wordpress\/ -->\n<title>Armband der St\u00e4rke und Liebe - Kunzit, Rubin, Granat - Spirit Dust<\/title>\n<meta name=\"description\" content=\"Armband mit Kunzit, Jadeit, Phosphosiderit, Rubin, Granat und H\u00e4matit. Es vereint St\u00e4rke, Harmonie und Leidenschaft. St\u00e4rke und Liebe.\" \/>\n<meta name=\"robots\" content=\"index, follow, max-snippet:-1, max-image-preview:large, max-video-preview:-1\" \/>\n<link rel=\"canonical\" href=\"https:\/\/spiritdust.pl\/de\/produkt\/armband-der-staerke-und-liebe-kunzit-rubin-granat\/\" \/>\n<meta property=\"og:locale\" content=\"de_DE\" \/>\n<meta property=\"og:type\" content=\"article\" \/>\n<meta property=\"og:title\" content=\"Armband der St\u00e4rke und Liebe - Kunzit, Rubin, Granat - Spirit Dust\" \/>\n<meta property=\"og:description\" content=\"Armband mit Kunzit, Jadeit, Phosphosiderit, Rubin, Granat und H\u00e4matit. Es vereint St\u00e4rke, Harmonie und Leidenschaft. St\u00e4rke und Liebe.\" \/>\n<meta property=\"og:url\" content=\"https:\/\/spiritdust.pl\/de\/produkt\/armband-der-staerke-und-liebe-kunzit-rubin-granat\/\" \/>\n<meta property=\"og:site_name\" content=\"Spirit Dust\" \/>\n<meta property=\"article:publisher\" content=\"https:\/\/www.facebook.com\/spiritdustmj\/\" \/>\n<meta property=\"og:image\" content=\"https:\/\/spiritdust.pl\/wp-content\/uploads\/2026\/01\/DSC02554-1.jpg\" \/>\n\t<meta property=\"og:image:width\" content=\"1088\" \/>\n\t<meta property=\"og:image:height\" content=\"1080\" \/>\n\t<meta property=\"og:image:type\" content=\"image\/jpeg\" \/>\n<meta name=\"twitter:card\" content=\"summary_large_image\" \/>\n<meta name=\"twitter:label1\" content=\"Gesch\u00e4tzte Lesezeit\" \/>\n\t<meta name=\"twitter:data1\" content=\"1\u00a0Minute\" \/>\n<script type=\"application\/ld+json\" class=\"yoast-schema-graph\">{\"@context\":\"https:\\\/\\\/schema.org\",\"@graph\":[{\"@type\":\"WebPage\",\"@id\":\"https:\\\/\\\/spiritdust.pl\\\/de\\\/produkt\\\/armband-der-staerke-und-liebe-kunzit-rubin-granat\\\/\",\"url\":\"https:\\\/\\\/spiritdust.pl\\\/de\\\/produkt\\\/armband-der-staerke-und-liebe-kunzit-rubin-granat\\\/\",\"name\":\"Armband der St\u00e4rke und Liebe - Kunzit, Rubin, Granat - Spirit Dust\",\"isPartOf\":{\"@id\":\"https:\\\/\\\/green-chough-870564.hostingersite.com\\\/#website\"},\"primaryImageOfPage\":{\"@id\":\"https:\\\/\\\/spiritdust.pl\\\/de\\\/produkt\\\/armband-der-staerke-und-liebe-kunzit-rubin-granat\\\/#primaryimage\"},\"image\":{\"@id\":\"https:\\\/\\\/spiritdust.pl\\\/de\\\/produkt\\\/armband-der-staerke-und-liebe-kunzit-rubin-granat\\\/#primaryimage\"},\"thumbnailUrl\":\"https:\\\/\\\/spiritdust.pl\\\/wp-content\\\/uploads\\\/2026\\\/01\\\/DSC02554-1.jpg\",\"datePublished\":\"2026-01-26T09:15:09+00:00\",\"description\":\"Armband mit Kunzit, Jadeit, Phosphosiderit, Rubin, Granat und H\u00e4matit. Es vereint St\u00e4rke, Harmonie und Leidenschaft. St\u00e4rke und Liebe.\",\"breadcrumb\":{\"@id\":\"https:\\\/\\\/spiritdust.pl\\\/de\\\/produkt\\\/armband-der-staerke-und-liebe-kunzit-rubin-granat\\\/#breadcrumb\"},\"inLanguage\":\"de\",\"potentialAction\":[{\"@type\":\"ReadAction\",\"target\":[\"https:\\\/\\\/spiritdust.pl\\\/de\\\/produkt\\\/armband-der-staerke-und-liebe-kunzit-rubin-granat\\\/\"]}]},{\"@type\":\"ImageObject\",\"inLanguage\":\"de\",\"@id\":\"https:\\\/\\\/spiritdust.pl\\\/de\\\/produkt\\\/armband-der-staerke-und-liebe-kunzit-rubin-granat\\\/#primaryimage\",\"url\":\"https:\\\/\\\/spiritdust.pl\\\/wp-content\\\/uploads\\\/2026\\\/01\\\/DSC02554-1.jpg\",\"contentUrl\":\"https:\\\/\\\/spiritdust.pl\\\/wp-content\\\/uploads\\\/2026\\\/01\\\/DSC02554-1.jpg\",\"width\":1088,\"height\":1080},{\"@type\":\"BreadcrumbList\",\"@id\":\"https:\\\/\\\/spiritdust.pl\\\/de\\\/produkt\\\/armband-der-staerke-und-liebe-kunzit-rubin-granat\\\/#breadcrumb\",\"itemListElement\":[{\"@type\":\"ListItem\",\"position\":1,\"name\":\"Strona g\u0142\u00f3wna\",\"item\":\"https:\\\/\\\/spiritdust.pl\\\/de\\\/spirit-dust-schmuck-aus-kupfer-silber-und-natursteinen\\\/\"},{\"@type\":\"ListItem\",\"position\":2,\"name\":\"Shop\",\"item\":\"https:\\\/\\\/green-chough-870564.hostingersite.com\\\/shop\\\/\"},{\"@type\":\"ListItem\",\"position\":3,\"name\":\"Armband der St\u00e4rke und Liebe &#8211; Kunzit, Rubin, Granat\"}]},{\"@type\":\"WebSite\",\"@id\":\"https:\\\/\\\/green-chough-870564.hostingersite.com\\\/#website\",\"url\":\"https:\\\/\\\/green-chough-870564.hostingersite.com\\\/\",\"name\":\"Spirit Dust\",\"description\":\"Bi\u017cuteria z Miedzi, Srebra i Kamieni Naturalnych\",\"publisher\":{\"@id\":\"https:\\\/\\\/green-chough-870564.hostingersite.com\\\/#organization\"},\"potentialAction\":[{\"@type\":\"SearchAction\",\"target\":{\"@type\":\"EntryPoint\",\"urlTemplate\":\"https:\\\/\\\/green-chough-870564.hostingersite.com\\\/?s={search_term_string}\"},\"query-input\":{\"@type\":\"PropertyValueSpecification\",\"valueRequired\":true,\"valueName\":\"search_term_string\"}}],\"inLanguage\":\"de\"},{\"@type\":\"Organization\",\"@id\":\"https:\\\/\\\/green-chough-870564.hostingersite.com\\\/#organization\",\"name\":\"Geisterstaub\",\"url\":\"https:\\\/\\\/green-chough-870564.hostingersite.com\\\/\",\"logo\":{\"@type\":\"ImageObject\",\"inLanguage\":\"de\",\"@id\":\"https:\\\/\\\/green-chough-870564.hostingersite.com\\\/#\\\/schema\\\/logo\\\/image\\\/\",\"url\":\"https:\\\/\\\/spiritdust.pl\\\/wp-content\\\/uploads\\\/2026\\\/01\\\/logo-sd.png\",\"contentUrl\":\"https:\\\/\\\/spiritdust.pl\\\/wp-content\\\/uploads\\\/2026\\\/01\\\/logo-sd.png\",\"width\":251,\"height\":368,\"caption\":\"Geisterstaub\"},\"image\":{\"@id\":\"https:\\\/\\\/green-chough-870564.hostingersite.com\\\/#\\\/schema\\\/logo\\\/image\\\/\"},\"sameAs\":[\"https:\\\/\\\/www.facebook.com\\\/spiritdustmj\\\/\",\"https:\\\/\\\/instagram.com\\\/spirit__dust\"]}]}<\/script>\n<!-- \/ Yoast SEO plugin. -->","yoast_head_json":{"title":"Armband der St\u00e4rke und Liebe - Kunzit, Rubin, Granat - Spirit Dust","description":"Armband mit Kunzit, Jadeit, Phosphosiderit, Rubin, Granat und H\u00e4matit. Es vereint St\u00e4rke, Harmonie und Leidenschaft. St\u00e4rke und Liebe.","robots":{"index":"index","follow":"follow","max-snippet":"max-snippet:-1","max-image-preview":"max-image-preview:large","max-video-preview":"max-video-preview:-1"},"canonical":"https:\/\/spiritdust.pl\/de\/produkt\/armband-der-staerke-und-liebe-kunzit-rubin-granat\/","og_locale":"de_DE","og_type":"article","og_title":"Armband der St\u00e4rke und Liebe - Kunzit, Rubin, Granat - Spirit Dust","og_description":"Armband mit Kunzit, Jadeit, Phosphosiderit, Rubin, Granat und H\u00e4matit. Es vereint St\u00e4rke, Harmonie und Leidenschaft. St\u00e4rke und Liebe.","og_url":"https:\/\/spiritdust.pl\/de\/produkt\/armband-der-staerke-und-liebe-kunzit-rubin-granat\/","og_site_name":"Spirit Dust","article_publisher":"https:\/\/www.facebook.com\/spiritdustmj\/","og_image":[{"width":1088,"height":1080,"url":"https:\/\/spiritdust.pl\/wp-content\/uploads\/2026\/01\/DSC02554-1.jpg","type":"image\/jpeg"}],"twitter_card":"summary_large_image","twitter_misc":{"Gesch\u00e4tzte Lesezeit":"1\u00a0Minute"},"schema":{"@context":"https:\/\/schema.org","@graph":[{"@type":"WebPage","@id":"https:\/\/spiritdust.pl\/de\/produkt\/armband-der-staerke-und-liebe-kunzit-rubin-granat\/","url":"https:\/\/spiritdust.pl\/de\/produkt\/armband-der-staerke-und-liebe-kunzit-rubin-granat\/","name":"Armband der St\u00e4rke und Liebe - Kunzit, Rubin, Granat - Spirit Dust","isPartOf":{"@id":"https:\/\/green-chough-870564.hostingersite.com\/#website"},"primaryImageOfPage":{"@id":"https:\/\/spiritdust.pl\/de\/produkt\/armband-der-staerke-und-liebe-kunzit-rubin-granat\/#primaryimage"},"image":{"@id":"https:\/\/spiritdust.pl\/de\/produkt\/armband-der-staerke-und-liebe-kunzit-rubin-granat\/#primaryimage"},"thumbnailUrl":"https:\/\/spiritdust.pl\/wp-content\/uploads\/2026\/01\/DSC02554-1.jpg","datePublished":"2026-01-26T09:15:09+00:00","description":"Armband mit Kunzit, Jadeit, Phosphosiderit, Rubin, Granat und H\u00e4matit. Es vereint St\u00e4rke, Harmonie und Leidenschaft. St\u00e4rke und Liebe.","breadcrumb":{"@id":"https:\/\/spiritdust.pl\/de\/produkt\/armband-der-staerke-und-liebe-kunzit-rubin-granat\/#breadcrumb"},"inLanguage":"de","potentialAction":[{"@type":"ReadAction","target":["https:\/\/spiritdust.pl\/de\/produkt\/armband-der-staerke-und-liebe-kunzit-rubin-granat\/"]}]},{"@type":"ImageObject","inLanguage":"de","@id":"https:\/\/spiritdust.pl\/de\/produkt\/armband-der-staerke-und-liebe-kunzit-rubin-granat\/#primaryimage","url":"https:\/\/spiritdust.pl\/wp-content\/uploads\/2026\/01\/DSC02554-1.jpg","contentUrl":"https:\/\/spiritdust.pl\/wp-content\/uploads\/2026\/01\/DSC02554-1.jpg","width":1088,"height":1080},{"@type":"BreadcrumbList","@id":"https:\/\/spiritdust.pl\/de\/produkt\/armband-der-staerke-und-liebe-kunzit-rubin-granat\/#breadcrumb","itemListElement":[{"@type":"ListItem","position":1,"name":"Strona g\u0142\u00f3wna","item":"https:\/\/spiritdust.pl\/de\/spirit-dust-schmuck-aus-kupfer-silber-und-natursteinen\/"},{"@type":"ListItem","position":2,"name":"Shop","item":"https:\/\/green-chough-870564.hostingersite.com\/shop\/"},{"@type":"ListItem","position":3,"name":"Armband der St\u00e4rke und Liebe &#8211; Kunzit, Rubin, Granat"}]},{"@type":"WebSite","@id":"https:\/\/green-chough-870564.hostingersite.com\/#website","url":"https:\/\/green-chough-870564.hostingersite.com\/","name":"Spirit Dust","description":"Bi\u017cuteria z Miedzi, Srebra i Kamieni Naturalnych","publisher":{"@id":"https:\/\/green-chough-870564.hostingersite.com\/#organization"},"potentialAction":[{"@type":"SearchAction","target":{"@type":"EntryPoint","urlTemplate":"https:\/\/green-chough-870564.hostingersite.com\/?s={search_term_string}"},"query-input":{"@type":"PropertyValueSpecification","valueRequired":true,"valueName":"search_term_string"}}],"inLanguage":"de"},{"@type":"Organization","@id":"https:\/\/green-chough-870564.hostingersite.com\/#organization","name":"Geisterstaub","url":"https:\/\/green-chough-870564.hostingersite.com\/","logo":{"@type":"ImageObject","inLanguage":"de","@id":"https:\/\/green-chough-870564.hostingersite.com\/#\/schema\/logo\/image\/","url":"https:\/\/spiritdust.pl\/wp-content\/uploads\/2026\/01\/logo-sd.png","contentUrl":"https:\/\/spiritdust.pl\/wp-content\/uploads\/2026\/01\/logo-sd.png","width":251,"height":368,"caption":"Geisterstaub"},"image":{"@id":"https:\/\/green-chough-870564.hostingersite.com\/#\/schema\/logo\/image\/"},"sameAs":["https:\/\/www.facebook.com\/spiritdustmj\/","https:\/\/instagram.com\/spirit__dust"]}]}},"_links":{"self":[{"href":"https:\/\/spiritdust.pl\/de\/wp-json\/wp\/v2\/product\/3326","targetHints":{"allow":["GET"]}}],"collection":[{"href":"https:\/\/spiritdust.pl\/de\/wp-json\/wp\/v2\/product"}],"about":[{"href":"https:\/\/spiritdust.pl\/de\/wp-json\/wp\/v2\/types\/product"}],"version-history":[{"count":0,"href":"https:\/\/spiritdust.pl\/de\/wp-json\/wp\/v2\/product\/3326\/revisions"}],"wp:featuredmedia":[{"embeddable":true,"href":"https:\/\/spiritdust.pl\/de\/wp-json\/wp\/v2\/media\/3330"}],"wp:attachment":[{"href":"https:\/\/spiritdust.pl\/de\/wp-json\/wp\/v2\/media?parent=3326"}],"wp:term":[{"taxonomy":"product_brand","embeddable":true,"href":"https:\/\/spiritdust.pl\/de\/wp-json\/wp\/v2\/product_brand?post=3326"},{"taxonomy":"product_cat","embeddable":true,"href":"https:\/\/spiritdust.pl\/de\/wp-json\/wp\/v2\/product_cat?post=3326"},{"taxonomy":"product_tag","embeddable":true,"href":"https:\/\/spiritdust.pl\/de\/wp-json\/wp\/v2\/product_tag?post=3326"}],"curies":[{"name":"wp","href":"https:\/\/api.w.org\/{rel}","templated":true}]}}