{"id":3339,"date":"2026-01-26T09:15:09","date_gmt":"2026-01-26T09:15:09","guid":{"rendered":"https:\/\/spiritdust.pl\/produkt\/armband-fuer-schutz-und-vitalitaet-schwarzer-turmalin\/"},"modified":"2026-01-26T09:15:09","modified_gmt":"2026-01-26T09:15:09","slug":"armband-fuer-schutz-und-vitalitaet-schwarzer-turmalin","status":"publish","type":"product","link":"https:\/\/spiritdust.pl\/de\/produkt\/armband-fuer-schutz-und-vitalitaet-schwarzer-turmalin\/","title":{"rendered":"Armband f\u00fcr Schutz und Vitalit\u00e4t &#8211; Schwarzer Turmalin"},"content":{"rendered":"<p><strong>Schwarzer Turmalin<\/strong> \u2013 sch\u00fctzt vor \u00e4u\u00dferen Einfl\u00fcssen, Stress, Anspannung und negativer Energie. Er f\u00f6rdert innere Weisheit, Mut und Geduld und ist eine St\u00fctze f\u00fcr Herz und Geist. <\/p>\n<p><strong>Obsidian<\/strong> \u2013 ein stark sch\u00fctzender Stein, der einen Schild gegen Negativit\u00e4t bildet. Er reduziert Stress und psychische Anspannung. Er stellt die Klarheit des Geistes wieder her und beseitigt Verwirrung. Er hilft dir, herauszufinden, wer du wirklich bist.   <\/p>\n<p><strong>H\u00e4matit <\/strong>&#8211; ist ein Stein, der den K\u00f6rper mit Energie f\u00fcllt und belebt. Er steigert Optimismus, Entschlossenheit, Mut, Selbstwertgef\u00fchl und Willenskraft. Er unterst\u00fctzt bei Kreislaufproblemen und erh\u00f6ht den Eisengehalt im Blut.  <\/p>\n","protected":false},"excerpt":{"rendered":"<p>Das Armband f\u00fcr Schutz und Vitalit\u00e4t ist ein Amulett mit drei m\u00e4chtigen Steinen: <strong>Schwarzem Turmalin<\/strong>, <strong>Obsidian<\/strong> und <strong>H\u00e4matit<\/strong>. Indem es die Kraft dieser Steine vereint, bietet das Armband Schutz vor negativen Einfl\u00fcssen, zieht positive Energie an und st\u00e4rkt die Vitalit\u00e4t. Es ist eine ausgezeichnete M\u00f6glichkeit f\u00fcr Harmonie und Gleichgewicht im Alltag.  <\/p>\n<p>Die Weite wird durch einen Schiebeknoten reguliert.<\/p>\n<p class=\"p1\">Ich verpacke den Schmuck in einer dekorativen Schachtel und lege jeder Bestellung einen Beutel sowie zuf\u00e4llige Aufkleber als Geschenk bei. \u2728<\/p>\n<p>&nbsp;<\/p>\n<p><strong data-start=\"1081\" data-end=\"1127\">Das Armband wird speziell f\u00fcr dich angefertigt<\/strong> \u2013 du kannst die Farbe der Zwischenperlen bei der Bestellung w\u00e4hlen.<br data-start=\"1187\" data-end=\"1190\">Aus diesem Grund handelt es sich um ein personalisiertes Produkt, das <strong data-start=\"1246\" data-end=\"1270\">vom Umtausch ausgeschlossen ist<\/strong>, gem\u00e4\u00df den geltenden Bestimmungen.<\/p>\n","protected":false},"featured_media":3340,"template":"","meta":{"inline_featured_image":false},"product_brand":[],"product_cat":[168,167],"product_tag":[169,236,220],"class_list":{"0":"post-3339","1":"product","2":"type-product","3":"status-publish","4":"has-post-thumbnail","6":"product_cat-armbander","7":"product_cat-schmuck","8":"product_tag-hamatit","9":"product_tag-obsidian","10":"product_tag-schwarzer-turmalin","12":"first","13":"instock","14":"taxable","15":"shipping-taxable","16":"purchasable","17":"product-type-variable"},"yoast_head":"<!-- This site is optimized with the Yoast SEO plugin v27.5 - https:\/\/yoast.com\/product\/yoast-seo-wordpress\/ -->\n<title>Armband f\u00fcr Schutz und Vitalit\u00e4t - Schwarzer Turmalin - Spirit Dust<\/title>\n<meta name=\"description\" content=\"Das Armband f\u00fcr Schutz und Vitalit\u00e4t ist ein Amulett mit drei m\u00e4chtigen Steinen: Schwarzem Turmalin, Obsidian und H\u00e4matit. Schutz vor negativen Einfl\u00fcssen.\" \/>\n<meta name=\"robots\" content=\"index, follow, max-snippet:-1, max-image-preview:large, max-video-preview:-1\" \/>\n<link rel=\"canonical\" href=\"https:\/\/spiritdust.pl\/de\/produkt\/armband-fuer-schutz-und-vitalitaet-schwarzer-turmalin\/\" \/>\n<meta property=\"og:locale\" content=\"de_DE\" \/>\n<meta property=\"og:type\" content=\"article\" \/>\n<meta property=\"og:title\" content=\"Armband f\u00fcr Schutz und Vitalit\u00e4t - Schwarzer Turmalin - Spirit Dust\" \/>\n<meta property=\"og:description\" content=\"Das Armband f\u00fcr Schutz und Vitalit\u00e4t ist ein Amulett mit drei m\u00e4chtigen Steinen: Schwarzem Turmalin, Obsidian und H\u00e4matit. Schutz vor negativen Einfl\u00fcssen.\" \/>\n<meta property=\"og:url\" content=\"https:\/\/spiritdust.pl\/de\/produkt\/armband-fuer-schutz-und-vitalitaet-schwarzer-turmalin\/\" \/>\n<meta property=\"og:site_name\" content=\"Spirit Dust\" \/>\n<meta property=\"article:publisher\" content=\"https:\/\/www.facebook.com\/spiritdustmj\/\" \/>\n<meta property=\"og:image\" content=\"https:\/\/spiritdust.pl\/wp-content\/uploads\/2026\/01\/DSC02544-1.jpg\" \/>\n\t<meta property=\"og:image:width\" content=\"1088\" \/>\n\t<meta property=\"og:image:height\" content=\"1080\" \/>\n\t<meta property=\"og:image:type\" content=\"image\/jpeg\" \/>\n<meta name=\"twitter:card\" content=\"summary_large_image\" \/>\n<meta name=\"twitter:label1\" content=\"Gesch\u00e4tzte Lesezeit\" \/>\n\t<meta name=\"twitter:data1\" content=\"1\u00a0Minute\" \/>\n<script type=\"application\/ld+json\" class=\"yoast-schema-graph\">{\"@context\":\"https:\\\/\\\/schema.org\",\"@graph\":[{\"@type\":\"WebPage\",\"@id\":\"https:\\\/\\\/spiritdust.pl\\\/de\\\/produkt\\\/armband-fuer-schutz-und-vitalitaet-schwarzer-turmalin\\\/\",\"url\":\"https:\\\/\\\/spiritdust.pl\\\/de\\\/produkt\\\/armband-fuer-schutz-und-vitalitaet-schwarzer-turmalin\\\/\",\"name\":\"Armband f\u00fcr Schutz und Vitalit\u00e4t - Schwarzer Turmalin - Spirit Dust\",\"isPartOf\":{\"@id\":\"https:\\\/\\\/green-chough-870564.hostingersite.com\\\/#website\"},\"primaryImageOfPage\":{\"@id\":\"https:\\\/\\\/spiritdust.pl\\\/de\\\/produkt\\\/armband-fuer-schutz-und-vitalitaet-schwarzer-turmalin\\\/#primaryimage\"},\"image\":{\"@id\":\"https:\\\/\\\/spiritdust.pl\\\/de\\\/produkt\\\/armband-fuer-schutz-und-vitalitaet-schwarzer-turmalin\\\/#primaryimage\"},\"thumbnailUrl\":\"https:\\\/\\\/spiritdust.pl\\\/wp-content\\\/uploads\\\/2026\\\/01\\\/DSC02544-1.jpg\",\"datePublished\":\"2026-01-26T09:15:09+00:00\",\"description\":\"Das Armband f\u00fcr Schutz und Vitalit\u00e4t ist ein Amulett mit drei m\u00e4chtigen Steinen: Schwarzem Turmalin, Obsidian und H\u00e4matit. Schutz vor negativen Einfl\u00fcssen.\",\"breadcrumb\":{\"@id\":\"https:\\\/\\\/spiritdust.pl\\\/de\\\/produkt\\\/armband-fuer-schutz-und-vitalitaet-schwarzer-turmalin\\\/#breadcrumb\"},\"inLanguage\":\"de\",\"potentialAction\":[{\"@type\":\"ReadAction\",\"target\":[\"https:\\\/\\\/spiritdust.pl\\\/de\\\/produkt\\\/armband-fuer-schutz-und-vitalitaet-schwarzer-turmalin\\\/\"]}]},{\"@type\":\"ImageObject\",\"inLanguage\":\"de\",\"@id\":\"https:\\\/\\\/spiritdust.pl\\\/de\\\/produkt\\\/armband-fuer-schutz-und-vitalitaet-schwarzer-turmalin\\\/#primaryimage\",\"url\":\"https:\\\/\\\/spiritdust.pl\\\/wp-content\\\/uploads\\\/2026\\\/01\\\/DSC02544-1.jpg\",\"contentUrl\":\"https:\\\/\\\/spiritdust.pl\\\/wp-content\\\/uploads\\\/2026\\\/01\\\/DSC02544-1.jpg\",\"width\":1088,\"height\":1080},{\"@type\":\"BreadcrumbList\",\"@id\":\"https:\\\/\\\/spiritdust.pl\\\/de\\\/produkt\\\/armband-fuer-schutz-und-vitalitaet-schwarzer-turmalin\\\/#breadcrumb\",\"itemListElement\":[{\"@type\":\"ListItem\",\"position\":1,\"name\":\"Strona g\u0142\u00f3wna\",\"item\":\"https:\\\/\\\/spiritdust.pl\\\/de\\\/spirit-dust-schmuck-aus-kupfer-silber-und-natursteinen\\\/\"},{\"@type\":\"ListItem\",\"position\":2,\"name\":\"Shop\",\"item\":\"https:\\\/\\\/green-chough-870564.hostingersite.com\\\/shop\\\/\"},{\"@type\":\"ListItem\",\"position\":3,\"name\":\"Armband f\u00fcr Schutz und Vitalit\u00e4t &#8211; Schwarzer Turmalin\"}]},{\"@type\":\"WebSite\",\"@id\":\"https:\\\/\\\/green-chough-870564.hostingersite.com\\\/#website\",\"url\":\"https:\\\/\\\/green-chough-870564.hostingersite.com\\\/\",\"name\":\"Spirit Dust\",\"description\":\"Bi\u017cuteria z Miedzi, Srebra i Kamieni Naturalnych\",\"publisher\":{\"@id\":\"https:\\\/\\\/green-chough-870564.hostingersite.com\\\/#organization\"},\"potentialAction\":[{\"@type\":\"SearchAction\",\"target\":{\"@type\":\"EntryPoint\",\"urlTemplate\":\"https:\\\/\\\/green-chough-870564.hostingersite.com\\\/?s={search_term_string}\"},\"query-input\":{\"@type\":\"PropertyValueSpecification\",\"valueRequired\":true,\"valueName\":\"search_term_string\"}}],\"inLanguage\":\"de\"},{\"@type\":\"Organization\",\"@id\":\"https:\\\/\\\/green-chough-870564.hostingersite.com\\\/#organization\",\"name\":\"Geisterstaub\",\"url\":\"https:\\\/\\\/green-chough-870564.hostingersite.com\\\/\",\"logo\":{\"@type\":\"ImageObject\",\"inLanguage\":\"de\",\"@id\":\"https:\\\/\\\/green-chough-870564.hostingersite.com\\\/#\\\/schema\\\/logo\\\/image\\\/\",\"url\":\"https:\\\/\\\/spiritdust.pl\\\/wp-content\\\/uploads\\\/2026\\\/01\\\/logo-sd.png\",\"contentUrl\":\"https:\\\/\\\/spiritdust.pl\\\/wp-content\\\/uploads\\\/2026\\\/01\\\/logo-sd.png\",\"width\":251,\"height\":368,\"caption\":\"Geisterstaub\"},\"image\":{\"@id\":\"https:\\\/\\\/green-chough-870564.hostingersite.com\\\/#\\\/schema\\\/logo\\\/image\\\/\"},\"sameAs\":[\"https:\\\/\\\/www.facebook.com\\\/spiritdustmj\\\/\",\"https:\\\/\\\/instagram.com\\\/spirit__dust\"]}]}<\/script>\n<!-- \/ Yoast SEO plugin. -->","yoast_head_json":{"title":"Armband f\u00fcr Schutz und Vitalit\u00e4t - Schwarzer Turmalin - Spirit Dust","description":"Das Armband f\u00fcr Schutz und Vitalit\u00e4t ist ein Amulett mit drei m\u00e4chtigen Steinen: Schwarzem Turmalin, Obsidian und H\u00e4matit. Schutz vor negativen Einfl\u00fcssen.","robots":{"index":"index","follow":"follow","max-snippet":"max-snippet:-1","max-image-preview":"max-image-preview:large","max-video-preview":"max-video-preview:-1"},"canonical":"https:\/\/spiritdust.pl\/de\/produkt\/armband-fuer-schutz-und-vitalitaet-schwarzer-turmalin\/","og_locale":"de_DE","og_type":"article","og_title":"Armband f\u00fcr Schutz und Vitalit\u00e4t - Schwarzer Turmalin - Spirit Dust","og_description":"Das Armband f\u00fcr Schutz und Vitalit\u00e4t ist ein Amulett mit drei m\u00e4chtigen Steinen: Schwarzem Turmalin, Obsidian und H\u00e4matit. Schutz vor negativen Einfl\u00fcssen.","og_url":"https:\/\/spiritdust.pl\/de\/produkt\/armband-fuer-schutz-und-vitalitaet-schwarzer-turmalin\/","og_site_name":"Spirit Dust","article_publisher":"https:\/\/www.facebook.com\/spiritdustmj\/","og_image":[{"width":1088,"height":1080,"url":"https:\/\/spiritdust.pl\/wp-content\/uploads\/2026\/01\/DSC02544-1.jpg","type":"image\/jpeg"}],"twitter_card":"summary_large_image","twitter_misc":{"Gesch\u00e4tzte Lesezeit":"1\u00a0Minute"},"schema":{"@context":"https:\/\/schema.org","@graph":[{"@type":"WebPage","@id":"https:\/\/spiritdust.pl\/de\/produkt\/armband-fuer-schutz-und-vitalitaet-schwarzer-turmalin\/","url":"https:\/\/spiritdust.pl\/de\/produkt\/armband-fuer-schutz-und-vitalitaet-schwarzer-turmalin\/","name":"Armband f\u00fcr Schutz und Vitalit\u00e4t - Schwarzer Turmalin - Spirit Dust","isPartOf":{"@id":"https:\/\/green-chough-870564.hostingersite.com\/#website"},"primaryImageOfPage":{"@id":"https:\/\/spiritdust.pl\/de\/produkt\/armband-fuer-schutz-und-vitalitaet-schwarzer-turmalin\/#primaryimage"},"image":{"@id":"https:\/\/spiritdust.pl\/de\/produkt\/armband-fuer-schutz-und-vitalitaet-schwarzer-turmalin\/#primaryimage"},"thumbnailUrl":"https:\/\/spiritdust.pl\/wp-content\/uploads\/2026\/01\/DSC02544-1.jpg","datePublished":"2026-01-26T09:15:09+00:00","description":"Das Armband f\u00fcr Schutz und Vitalit\u00e4t ist ein Amulett mit drei m\u00e4chtigen Steinen: Schwarzem Turmalin, Obsidian und H\u00e4matit. Schutz vor negativen Einfl\u00fcssen.","breadcrumb":{"@id":"https:\/\/spiritdust.pl\/de\/produkt\/armband-fuer-schutz-und-vitalitaet-schwarzer-turmalin\/#breadcrumb"},"inLanguage":"de","potentialAction":[{"@type":"ReadAction","target":["https:\/\/spiritdust.pl\/de\/produkt\/armband-fuer-schutz-und-vitalitaet-schwarzer-turmalin\/"]}]},{"@type":"ImageObject","inLanguage":"de","@id":"https:\/\/spiritdust.pl\/de\/produkt\/armband-fuer-schutz-und-vitalitaet-schwarzer-turmalin\/#primaryimage","url":"https:\/\/spiritdust.pl\/wp-content\/uploads\/2026\/01\/DSC02544-1.jpg","contentUrl":"https:\/\/spiritdust.pl\/wp-content\/uploads\/2026\/01\/DSC02544-1.jpg","width":1088,"height":1080},{"@type":"BreadcrumbList","@id":"https:\/\/spiritdust.pl\/de\/produkt\/armband-fuer-schutz-und-vitalitaet-schwarzer-turmalin\/#breadcrumb","itemListElement":[{"@type":"ListItem","position":1,"name":"Strona g\u0142\u00f3wna","item":"https:\/\/spiritdust.pl\/de\/spirit-dust-schmuck-aus-kupfer-silber-und-natursteinen\/"},{"@type":"ListItem","position":2,"name":"Shop","item":"https:\/\/green-chough-870564.hostingersite.com\/shop\/"},{"@type":"ListItem","position":3,"name":"Armband f\u00fcr Schutz und Vitalit\u00e4t &#8211; Schwarzer Turmalin"}]},{"@type":"WebSite","@id":"https:\/\/green-chough-870564.hostingersite.com\/#website","url":"https:\/\/green-chough-870564.hostingersite.com\/","name":"Spirit Dust","description":"Bi\u017cuteria z Miedzi, Srebra i Kamieni Naturalnych","publisher":{"@id":"https:\/\/green-chough-870564.hostingersite.com\/#organization"},"potentialAction":[{"@type":"SearchAction","target":{"@type":"EntryPoint","urlTemplate":"https:\/\/green-chough-870564.hostingersite.com\/?s={search_term_string}"},"query-input":{"@type":"PropertyValueSpecification","valueRequired":true,"valueName":"search_term_string"}}],"inLanguage":"de"},{"@type":"Organization","@id":"https:\/\/green-chough-870564.hostingersite.com\/#organization","name":"Geisterstaub","url":"https:\/\/green-chough-870564.hostingersite.com\/","logo":{"@type":"ImageObject","inLanguage":"de","@id":"https:\/\/green-chough-870564.hostingersite.com\/#\/schema\/logo\/image\/","url":"https:\/\/spiritdust.pl\/wp-content\/uploads\/2026\/01\/logo-sd.png","contentUrl":"https:\/\/spiritdust.pl\/wp-content\/uploads\/2026\/01\/logo-sd.png","width":251,"height":368,"caption":"Geisterstaub"},"image":{"@id":"https:\/\/green-chough-870564.hostingersite.com\/#\/schema\/logo\/image\/"},"sameAs":["https:\/\/www.facebook.com\/spiritdustmj\/","https:\/\/instagram.com\/spirit__dust"]}]}},"_links":{"self":[{"href":"https:\/\/spiritdust.pl\/de\/wp-json\/wp\/v2\/product\/3339","targetHints":{"allow":["GET"]}}],"collection":[{"href":"https:\/\/spiritdust.pl\/de\/wp-json\/wp\/v2\/product"}],"about":[{"href":"https:\/\/spiritdust.pl\/de\/wp-json\/wp\/v2\/types\/product"}],"version-history":[{"count":0,"href":"https:\/\/spiritdust.pl\/de\/wp-json\/wp\/v2\/product\/3339\/revisions"}],"wp:featuredmedia":[{"embeddable":true,"href":"https:\/\/spiritdust.pl\/de\/wp-json\/wp\/v2\/media\/3340"}],"wp:attachment":[{"href":"https:\/\/spiritdust.pl\/de\/wp-json\/wp\/v2\/media?parent=3339"}],"wp:term":[{"taxonomy":"product_brand","embeddable":true,"href":"https:\/\/spiritdust.pl\/de\/wp-json\/wp\/v2\/product_brand?post=3339"},{"taxonomy":"product_cat","embeddable":true,"href":"https:\/\/spiritdust.pl\/de\/wp-json\/wp\/v2\/product_cat?post=3339"},{"taxonomy":"product_tag","embeddable":true,"href":"https:\/\/spiritdust.pl\/de\/wp-json\/wp\/v2\/product_tag?post=3339"}],"curies":[{"name":"wp","href":"https:\/\/api.w.org\/{rel}","templated":true}]}}