{"id":3443,"date":"2026-01-29T15:50:58","date_gmt":"2026-01-29T15:50:58","guid":{"rendered":"https:\/\/spiritdust.pl\/produkt\/armband-mit-labradorit-fuer-intuition-und-schutz\/"},"modified":"2026-01-29T15:50:58","modified_gmt":"2026-01-29T15:50:58","slug":"armband-mit-labradorit-fuer-intuition-und-schutz","status":"publish","type":"product","link":"https:\/\/spiritdust.pl\/de\/produkt\/armband-mit-labradorit-fuer-intuition-und-schutz\/","title":{"rendered":"Armband mit Labradorit \u2013 f\u00fcr Intuition und Schutz"},"content":{"rendered":"<div class=\"flex-shrink-0 flex flex-col relative items-end\">\n<div class=\"pt-0\">\n<div class=\"gizmo-bot-avatar flex h-8 w-8 items-center justify-center overflow-hidden rounded-full\">\n<div class=\"relative p-1 rounded-sm flex items-center justify-center bg-token-main-surface-primary text-token-text-primary h-8 w-8\">\n<p data-start=\"683\" data-end=\"1206\"><strong data-start=\"683\" data-end=\"737\">Das Labradorit-Armband \u2013 f\u00fcr Intuition und Schutz<\/strong> ist eine zarte, k\u00fchle Steinkomposition, die Grau, Blau und Schwarz in einer sehr ruhigen, eleganten Form vereint. Schon auf den ersten Blick siehst du, dass <em data-start=\"891\" data-end=\"922\">dieses Labradorit-Armband<\/em> einen subtilen, leicht mystischen Charakter hat, der sich hervorragend f\u00fcr den Alltag eignet. Ich habe hier Labradorit, Mondstein mit Turmalin, schwarzen Turmalin, Aquamarin und kleine H\u00e4matit-Akzente verwendet. Zusammen bilden sie eine beruhigende, sch\u00fctzende Komposition in wundersch\u00f6nen, nat\u00fcrlichen Farbt\u00f6nen.   <\/p>\n<p data-start=\"1208\" data-end=\"1585\">Im Zentrum befindet sich ein Labradorit. Dies ist ein Stein, der f\u00fcr seine Iridisation bekannt ist, also einen Glanz, der seine Farbe im Licht \u00e4ndert \u2013 oft erscheint darin ein blauer oder silberner Schimmer. Dieser Effekt l\u00e4sst das Armband subtil und einzigartig wirken. Labradorit wird mit Intuition und energetischem Schutz assoziiert, deshalb wird er gerne von Menschen gew\u00e4hlt, die Steine mit tieferer Bedeutung m\u00f6gen.   <\/p>\n<p data-start=\"1587\" data-end=\"1929\">Daneben erscheint ein Mondstein mit schwarzem Turmalin, der einen interessanten Kontrast bildet: eine helle Basis mit feinen, dunklen Adern. Er bringt eine zarte, weiche Energie und unterst\u00fctzt gleichzeitig den Schutz, dank der Anwesenheit des Turmalins. Reiner schwarzer Turmalin verleiht Kraft, Struktur und Eleganz. Seine Tiefe gleicht die Helligkeit der anderen Steine hervorragend aus.   <\/p>\n<p data-start=\"1931\" data-end=\"2231\">Aquamarin hellt die Komposition mit einem leichten, k\u00fchlen Blau auf. Er bringt Leichtigkeit, Ruhe und Weichheit, deshalb harmoniert er gut sowohl mit hellen als auch mit dunklen Mineralien. H\u00e4matit erg\u00e4nzt das Armband mit feinen, metallischen Akzenten, die das Gesamtbild ordnen und ihm einen eher schmuckhaften Charakter verleihen.  <\/p>\n<p data-start=\"2233\" data-end=\"2525\">Ich fertige das Modell auf einem starken, verstellbaren schwarzen Faden an. Dadurch ist das Armband bequem, leicht und einfach anzupassen. Es ist einfach, es t\u00e4glich zu tragen \u2013 es sieht sowohl zu hellen Outfits als auch zu dunkleren, minimalistischeren Looks gut aus.  <\/p>\n<p data-start=\"2527\" data-end=\"2816\">Wenn du k\u00fchle Steine magst, kannst du auch einen Blick auf meine <strong data-start=\"2587\" data-end=\"2650\"><a class=\"decorated-link\" href=\"https:\/\/spiritdust.pl\/?s=naszyjnik+kamie%C5%84+ksi%C4%99%C5%BCycowy&amp;post_type=product&amp;v=288404204e3d\" target=\"_blank\" rel=\"noopener\" data-start=\"2589\" data-end=\"2648\">Mondstein-Halsketten<\/a><\/strong> werfen, die dieses Modell hervorragend erg\u00e4nzen.<\/p>\n<p data-start=\"2818\" data-end=\"2956\"><em data-start=\"2818\" data-end=\"2849\">Dieses Labradorit-Armband<\/em> ist ideal f\u00fcr Menschen, die etwas Elegantes, Ruhiges und sanft Sch\u00fctzendes bei sich tragen m\u00f6chten.<\/p>\n<\/div>\n<\/div>\n<\/div>\n<\/div>\n","protected":false},"excerpt":{"rendered":"<div class=\"flex max-w-full flex-col flex-grow\">\n<div class=\"min-h-8 text-message flex w-full flex-col items-end gap-2 whitespace-normal break-words text-start [.text-message+&amp;]:mt-5\" dir=\"auto\" data-message-author-role=\"assistant\" data-message-id=\"e37d3b1a-d597-4200-97d4-57fb7acf2184\" data-message-model-slug=\"gpt-4o-mini\">\n<div class=\"flex w-full flex-col gap-1 empty:hidden first:pt-[3px]\">\n<div class=\"&lt;div class=\">\n<div class=\"min-h-8 text-message flex w-full flex-col items-end gap-2 whitespace-normal break-words text-start [.text-message+&amp;]:mt-5\" dir=\"auto\" data-message-author-role=\"assistant\" data-message-id=\"434ce9a3-1eaf-4b96-b199-2a1d18b5b877\" data-message-mode=\"\">\n<p data-start=\"3176\" data-end=\"3348\"><strong data-start=\"3176\" data-end=\"3230\">Das Labradorit-Armband \u2013 f\u00fcr Intuition und Schutz<\/strong> vereint Labradorit, Mondstein mit Turmalin, schwarzen Turmalin, Aquamarin und H\u00e4matit. Leicht, verstellbar, alltagstauglich. <\/p>\n<p data-start=\"2270\" data-end=\"2380\">Ich verpacke den Schmuck sorgf\u00e4ltig in einer dekorativen Schachtel, sodass er sofort als Geschenk bereit ist.<\/p>\n<p data-start=\"2270\" data-end=\"2380\">\n<\/div>\n<p data-start=\"2270\" data-end=\"2380\"><strong data-start=\"1081\" data-end=\"1127\">Das Armband wird speziell f\u00fcr dich angefertigt<\/strong> \u2013 du kannst die Farbe der Zwischenperlen bei der Bestellung w\u00e4hlen.<br data-start=\"1187\" data-end=\"1190\">Aus diesem Grund ist es ein personalisiertes Produkt, das <strong data-start=\"1246\" data-end=\"1270\">vom Umtausch ausgeschlossen ist<\/strong>, gem\u00e4\u00df den geltenden Bestimmungen.<\/p>\n<\/div>\n<\/div>\n<\/div>\n<\/div>\n","protected":false},"featured_media":7062,"template":"","meta":{"inline_featured_image":false},"product_brand":[],"product_cat":[168],"product_tag":[300,169,210,171,220],"class_list":{"0":"post-3443","1":"product","2":"type-product","3":"status-publish","4":"has-post-thumbnail","6":"product_cat-armbander","7":"product_tag-aquamarin","8":"product_tag-hamatit","9":"product_tag-labradorit","10":"product_tag-mondstein","11":"product_tag-schwarzer-turmalin","13":"first","14":"instock","15":"taxable","16":"shipping-taxable","17":"purchasable","18":"product-type-variable"},"yoast_head":"<!-- This site is optimized with the Yoast SEO plugin v27.5 - https:\/\/yoast.com\/product\/yoast-seo-wordpress\/ -->\n<title>Armband mit Labradorit \u2013 f\u00fcr Intuition und Schutz - Spirit Dust<\/title>\n<meta name=\"description\" content=\"Armband mit Labradorit \u2013 eine k\u00fchle, sch\u00fctzende Komposition mit Labradorit, Mondstein, Turmalin und Aquamarin. Zart und alltagstauglich.\" \/>\n<meta name=\"robots\" content=\"index, follow, max-snippet:-1, max-image-preview:large, max-video-preview:-1\" \/>\n<link rel=\"canonical\" href=\"https:\/\/spiritdust.pl\/de\/produkt\/armband-mit-labradorit-fuer-intuition-und-schutz\/\" \/>\n<meta property=\"og:locale\" content=\"de_DE\" \/>\n<meta property=\"og:type\" content=\"article\" \/>\n<meta property=\"og:title\" content=\"Armband mit Labradorit \u2013 f\u00fcr Intuition und Schutz - Spirit Dust\" \/>\n<meta property=\"og:description\" content=\"Armband mit Labradorit \u2013 eine k\u00fchle, sch\u00fctzende Komposition mit Labradorit, Mondstein, Turmalin und Aquamarin. Zart und alltagstauglich.\" \/>\n<meta property=\"og:url\" content=\"https:\/\/spiritdust.pl\/de\/produkt\/armband-mit-labradorit-fuer-intuition-und-schutz\/\" \/>\n<meta property=\"og:site_name\" content=\"Spirit Dust\" \/>\n<meta property=\"article:publisher\" content=\"https:\/\/www.facebook.com\/spiritdustmj\/\" \/>\n<meta property=\"og:image\" content=\"https:\/\/spiritdust.pl\/wp-content\/uploads\/2026\/01\/DSC02290-scaled-1.jpg\" \/>\n\t<meta property=\"og:image:width\" content=\"2560\" \/>\n\t<meta property=\"og:image:height\" content=\"2560\" \/>\n\t<meta property=\"og:image:type\" content=\"image\/jpeg\" \/>\n<meta name=\"twitter:card\" content=\"summary_large_image\" \/>\n<meta name=\"twitter:label1\" content=\"Gesch\u00e4tzte Lesezeit\" \/>\n\t<meta name=\"twitter:data1\" content=\"2\u00a0Minuten\" \/>\n<script type=\"application\/ld+json\" class=\"yoast-schema-graph\">{\"@context\":\"https:\\\/\\\/schema.org\",\"@graph\":[{\"@type\":\"WebPage\",\"@id\":\"https:\\\/\\\/spiritdust.pl\\\/de\\\/produkt\\\/armband-mit-labradorit-fuer-intuition-und-schutz\\\/\",\"url\":\"https:\\\/\\\/spiritdust.pl\\\/de\\\/produkt\\\/armband-mit-labradorit-fuer-intuition-und-schutz\\\/\",\"name\":\"Armband mit Labradorit \u2013 f\u00fcr Intuition und Schutz - Spirit Dust\",\"isPartOf\":{\"@id\":\"https:\\\/\\\/green-chough-870564.hostingersite.com\\\/#website\"},\"primaryImageOfPage\":{\"@id\":\"https:\\\/\\\/spiritdust.pl\\\/de\\\/produkt\\\/armband-mit-labradorit-fuer-intuition-und-schutz\\\/#primaryimage\"},\"image\":{\"@id\":\"https:\\\/\\\/spiritdust.pl\\\/de\\\/produkt\\\/armband-mit-labradorit-fuer-intuition-und-schutz\\\/#primaryimage\"},\"thumbnailUrl\":\"https:\\\/\\\/spiritdust.pl\\\/wp-content\\\/uploads\\\/2026\\\/01\\\/DSC02290-scaled-1.jpg\",\"datePublished\":\"2026-01-29T15:50:58+00:00\",\"description\":\"Armband mit Labradorit \u2013 eine k\u00fchle, sch\u00fctzende Komposition mit Labradorit, Mondstein, Turmalin und Aquamarin. Zart und alltagstauglich.\",\"breadcrumb\":{\"@id\":\"https:\\\/\\\/spiritdust.pl\\\/de\\\/produkt\\\/armband-mit-labradorit-fuer-intuition-und-schutz\\\/#breadcrumb\"},\"inLanguage\":\"de\",\"potentialAction\":[{\"@type\":\"ReadAction\",\"target\":[\"https:\\\/\\\/spiritdust.pl\\\/de\\\/produkt\\\/armband-mit-labradorit-fuer-intuition-und-schutz\\\/\"]}]},{\"@type\":\"ImageObject\",\"inLanguage\":\"de\",\"@id\":\"https:\\\/\\\/spiritdust.pl\\\/de\\\/produkt\\\/armband-mit-labradorit-fuer-intuition-und-schutz\\\/#primaryimage\",\"url\":\"https:\\\/\\\/spiritdust.pl\\\/wp-content\\\/uploads\\\/2026\\\/01\\\/DSC02290-scaled-1.jpg\",\"contentUrl\":\"https:\\\/\\\/spiritdust.pl\\\/wp-content\\\/uploads\\\/2026\\\/01\\\/DSC02290-scaled-1.jpg\",\"width\":2560,\"height\":2560},{\"@type\":\"BreadcrumbList\",\"@id\":\"https:\\\/\\\/spiritdust.pl\\\/de\\\/produkt\\\/armband-mit-labradorit-fuer-intuition-und-schutz\\\/#breadcrumb\",\"itemListElement\":[{\"@type\":\"ListItem\",\"position\":1,\"name\":\"Strona g\u0142\u00f3wna\",\"item\":\"https:\\\/\\\/spiritdust.pl\\\/de\\\/spirit-dust-schmuck-aus-kupfer-silber-und-natursteinen\\\/\"},{\"@type\":\"ListItem\",\"position\":2,\"name\":\"Shop\",\"item\":\"https:\\\/\\\/green-chough-870564.hostingersite.com\\\/shop\\\/\"},{\"@type\":\"ListItem\",\"position\":3,\"name\":\"Armband mit Labradorit \u2013 f\u00fcr Intuition und Schutz\"}]},{\"@type\":\"WebSite\",\"@id\":\"https:\\\/\\\/green-chough-870564.hostingersite.com\\\/#website\",\"url\":\"https:\\\/\\\/green-chough-870564.hostingersite.com\\\/\",\"name\":\"Spirit Dust\",\"description\":\"Bi\u017cuteria z Miedzi, Srebra i Kamieni Naturalnych\",\"publisher\":{\"@id\":\"https:\\\/\\\/green-chough-870564.hostingersite.com\\\/#organization\"},\"potentialAction\":[{\"@type\":\"SearchAction\",\"target\":{\"@type\":\"EntryPoint\",\"urlTemplate\":\"https:\\\/\\\/green-chough-870564.hostingersite.com\\\/?s={search_term_string}\"},\"query-input\":{\"@type\":\"PropertyValueSpecification\",\"valueRequired\":true,\"valueName\":\"search_term_string\"}}],\"inLanguage\":\"de\"},{\"@type\":\"Organization\",\"@id\":\"https:\\\/\\\/green-chough-870564.hostingersite.com\\\/#organization\",\"name\":\"Geisterstaub\",\"url\":\"https:\\\/\\\/green-chough-870564.hostingersite.com\\\/\",\"logo\":{\"@type\":\"ImageObject\",\"inLanguage\":\"de\",\"@id\":\"https:\\\/\\\/green-chough-870564.hostingersite.com\\\/#\\\/schema\\\/logo\\\/image\\\/\",\"url\":\"https:\\\/\\\/spiritdust.pl\\\/wp-content\\\/uploads\\\/2026\\\/01\\\/logo-sd.png\",\"contentUrl\":\"https:\\\/\\\/spiritdust.pl\\\/wp-content\\\/uploads\\\/2026\\\/01\\\/logo-sd.png\",\"width\":251,\"height\":368,\"caption\":\"Geisterstaub\"},\"image\":{\"@id\":\"https:\\\/\\\/green-chough-870564.hostingersite.com\\\/#\\\/schema\\\/logo\\\/image\\\/\"},\"sameAs\":[\"https:\\\/\\\/www.facebook.com\\\/spiritdustmj\\\/\",\"https:\\\/\\\/instagram.com\\\/spirit__dust\"]}]}<\/script>\n<!-- \/ Yoast SEO plugin. -->","yoast_head_json":{"title":"Armband mit Labradorit \u2013 f\u00fcr Intuition und Schutz - Spirit Dust","description":"Armband mit Labradorit \u2013 eine k\u00fchle, sch\u00fctzende Komposition mit Labradorit, Mondstein, Turmalin und Aquamarin. Zart und alltagstauglich.","robots":{"index":"index","follow":"follow","max-snippet":"max-snippet:-1","max-image-preview":"max-image-preview:large","max-video-preview":"max-video-preview:-1"},"canonical":"https:\/\/spiritdust.pl\/de\/produkt\/armband-mit-labradorit-fuer-intuition-und-schutz\/","og_locale":"de_DE","og_type":"article","og_title":"Armband mit Labradorit \u2013 f\u00fcr Intuition und Schutz - Spirit Dust","og_description":"Armband mit Labradorit \u2013 eine k\u00fchle, sch\u00fctzende Komposition mit Labradorit, Mondstein, Turmalin und Aquamarin. Zart und alltagstauglich.","og_url":"https:\/\/spiritdust.pl\/de\/produkt\/armband-mit-labradorit-fuer-intuition-und-schutz\/","og_site_name":"Spirit Dust","article_publisher":"https:\/\/www.facebook.com\/spiritdustmj\/","og_image":[{"width":2560,"height":2560,"url":"https:\/\/spiritdust.pl\/wp-content\/uploads\/2026\/01\/DSC02290-scaled-1.jpg","type":"image\/jpeg"}],"twitter_card":"summary_large_image","twitter_misc":{"Gesch\u00e4tzte Lesezeit":"2\u00a0Minuten"},"schema":{"@context":"https:\/\/schema.org","@graph":[{"@type":"WebPage","@id":"https:\/\/spiritdust.pl\/de\/produkt\/armband-mit-labradorit-fuer-intuition-und-schutz\/","url":"https:\/\/spiritdust.pl\/de\/produkt\/armband-mit-labradorit-fuer-intuition-und-schutz\/","name":"Armband mit Labradorit \u2013 f\u00fcr Intuition und Schutz - Spirit Dust","isPartOf":{"@id":"https:\/\/green-chough-870564.hostingersite.com\/#website"},"primaryImageOfPage":{"@id":"https:\/\/spiritdust.pl\/de\/produkt\/armband-mit-labradorit-fuer-intuition-und-schutz\/#primaryimage"},"image":{"@id":"https:\/\/spiritdust.pl\/de\/produkt\/armband-mit-labradorit-fuer-intuition-und-schutz\/#primaryimage"},"thumbnailUrl":"https:\/\/spiritdust.pl\/wp-content\/uploads\/2026\/01\/DSC02290-scaled-1.jpg","datePublished":"2026-01-29T15:50:58+00:00","description":"Armband mit Labradorit \u2013 eine k\u00fchle, sch\u00fctzende Komposition mit Labradorit, Mondstein, Turmalin und Aquamarin. Zart und alltagstauglich.","breadcrumb":{"@id":"https:\/\/spiritdust.pl\/de\/produkt\/armband-mit-labradorit-fuer-intuition-und-schutz\/#breadcrumb"},"inLanguage":"de","potentialAction":[{"@type":"ReadAction","target":["https:\/\/spiritdust.pl\/de\/produkt\/armband-mit-labradorit-fuer-intuition-und-schutz\/"]}]},{"@type":"ImageObject","inLanguage":"de","@id":"https:\/\/spiritdust.pl\/de\/produkt\/armband-mit-labradorit-fuer-intuition-und-schutz\/#primaryimage","url":"https:\/\/spiritdust.pl\/wp-content\/uploads\/2026\/01\/DSC02290-scaled-1.jpg","contentUrl":"https:\/\/spiritdust.pl\/wp-content\/uploads\/2026\/01\/DSC02290-scaled-1.jpg","width":2560,"height":2560},{"@type":"BreadcrumbList","@id":"https:\/\/spiritdust.pl\/de\/produkt\/armband-mit-labradorit-fuer-intuition-und-schutz\/#breadcrumb","itemListElement":[{"@type":"ListItem","position":1,"name":"Strona g\u0142\u00f3wna","item":"https:\/\/spiritdust.pl\/de\/spirit-dust-schmuck-aus-kupfer-silber-und-natursteinen\/"},{"@type":"ListItem","position":2,"name":"Shop","item":"https:\/\/green-chough-870564.hostingersite.com\/shop\/"},{"@type":"ListItem","position":3,"name":"Armband mit Labradorit \u2013 f\u00fcr Intuition und Schutz"}]},{"@type":"WebSite","@id":"https:\/\/green-chough-870564.hostingersite.com\/#website","url":"https:\/\/green-chough-870564.hostingersite.com\/","name":"Spirit Dust","description":"Bi\u017cuteria z Miedzi, Srebra i Kamieni Naturalnych","publisher":{"@id":"https:\/\/green-chough-870564.hostingersite.com\/#organization"},"potentialAction":[{"@type":"SearchAction","target":{"@type":"EntryPoint","urlTemplate":"https:\/\/green-chough-870564.hostingersite.com\/?s={search_term_string}"},"query-input":{"@type":"PropertyValueSpecification","valueRequired":true,"valueName":"search_term_string"}}],"inLanguage":"de"},{"@type":"Organization","@id":"https:\/\/green-chough-870564.hostingersite.com\/#organization","name":"Geisterstaub","url":"https:\/\/green-chough-870564.hostingersite.com\/","logo":{"@type":"ImageObject","inLanguage":"de","@id":"https:\/\/green-chough-870564.hostingersite.com\/#\/schema\/logo\/image\/","url":"https:\/\/spiritdust.pl\/wp-content\/uploads\/2026\/01\/logo-sd.png","contentUrl":"https:\/\/spiritdust.pl\/wp-content\/uploads\/2026\/01\/logo-sd.png","width":251,"height":368,"caption":"Geisterstaub"},"image":{"@id":"https:\/\/green-chough-870564.hostingersite.com\/#\/schema\/logo\/image\/"},"sameAs":["https:\/\/www.facebook.com\/spiritdustmj\/","https:\/\/instagram.com\/spirit__dust"]}]}},"_links":{"self":[{"href":"https:\/\/spiritdust.pl\/de\/wp-json\/wp\/v2\/product\/3443","targetHints":{"allow":["GET"]}}],"collection":[{"href":"https:\/\/spiritdust.pl\/de\/wp-json\/wp\/v2\/product"}],"about":[{"href":"https:\/\/spiritdust.pl\/de\/wp-json\/wp\/v2\/types\/product"}],"version-history":[{"count":0,"href":"https:\/\/spiritdust.pl\/de\/wp-json\/wp\/v2\/product\/3443\/revisions"}],"wp:featuredmedia":[{"embeddable":true,"href":"https:\/\/spiritdust.pl\/de\/wp-json\/wp\/v2\/media\/7062"}],"wp:attachment":[{"href":"https:\/\/spiritdust.pl\/de\/wp-json\/wp\/v2\/media?parent=3443"}],"wp:term":[{"taxonomy":"product_brand","embeddable":true,"href":"https:\/\/spiritdust.pl\/de\/wp-json\/wp\/v2\/product_brand?post=3443"},{"taxonomy":"product_cat","embeddable":true,"href":"https:\/\/spiritdust.pl\/de\/wp-json\/wp\/v2\/product_cat?post=3443"},{"taxonomy":"product_tag","embeddable":true,"href":"https:\/\/spiritdust.pl\/de\/wp-json\/wp\/v2\/product_tag?post=3443"}],"curies":[{"name":"wp","href":"https:\/\/api.w.org\/{rel}","templated":true}]}}