{"id":3494,"date":"2026-01-26T09:25:19","date_gmt":"2026-01-26T09:25:19","guid":{"rendered":"https:\/\/spiritdust.pl\/produkt\/armband-mit-ametrin-und-perle-zartheit-und-staerke\/"},"modified":"2026-01-26T09:25:19","modified_gmt":"2026-01-26T09:25:19","slug":"armband-mit-ametrin-und-perle-zartheit-und-staerke","status":"publish","type":"product","link":"https:\/\/spiritdust.pl\/de\/produkt\/armband-mit-ametrin-und-perle-zartheit-und-staerke\/","title":{"rendered":"Armband mit Ametrin und Perle \u2013 Zartheit und St\u00e4rke"},"content":{"rendered":"<div class=\"flex-shrink-0 flex flex-col relative items-end\">\n<div class=\"pt-0\">\n<div class=\"gizmo-bot-avatar flex h-8 w-8 items-center justify-center overflow-hidden rounded-full\">\n<div class=\"relative p-1 rounded-sm flex items-center justify-center bg-token-main-surface-primary text-token-text-primary h-8 w-8\">\n<p data-start=\"473\" data-end=\"745\"><strong data-start=\"473\" data-end=\"508\">Armband mit Ametrin und Perle<\/strong> \u2013 Zartheit und St\u00e4rke \u2013 ist ein einzigartiges, handgefertigtes Schmuckst\u00fcck, das die Sch\u00f6nheit von Natursteinen mit ihrer Symbolik verbindet. Es wurde auf einem elastischen Band gefertigt, wodurch es leicht, bequem und einfach an das Handgelenk anpassbar ist. <\/p>\n<p data-start=\"747\" data-end=\"1143\">Das Armband enth\u00e4lt sieben verschiedene Mineralien: <strong data-start=\"796\" data-end=\"807\">Ametrin<\/strong>, <strong data-start=\"809\" data-end=\"828\">gefleckter Amethyst<\/strong>, <strong data-start=\"830\" data-end=\"850\">Sonnenstein<\/strong>, <strong data-start=\"852\" data-end=\"863\">Fluorit<\/strong>, <strong data-start=\"865\" data-end=\"875\">Citrin<\/strong>, <strong data-start=\"877\" data-end=\"888\">H\u00e4matit<\/strong> und <strong data-start=\"894\" data-end=\"903\">Perle<\/strong>. Diese Kombination erzeugt einen au\u00dfergew\u00f6hnlichen Effekt \u2013 von zarten Violettt\u00f6nen \u00fcber goldene und warme T\u00f6ne bis hin zum eleganten Glanz des H\u00e4matits und dem subtilen Wei\u00df der Perle. Dadurch zeichnet sich das <strong data-start=\"1064\" data-end=\"1099\">Armband mit Ametrin und Perle<\/strong> durch seinen Reichtum an Farben und Energie aus.  <\/p>\n<p data-start=\"1145\" data-end=\"1179\">Jeder Stein hat seine eigene Symbolik:<\/p>\n<ul data-start=\"1180\" data-end=\"1447\">\n<li data-start=\"1180\" data-end=\"1234\">\n<p data-start=\"1182\" data-end=\"1234\">Ametrin und Amethyst f\u00f6rdern Ruhe und Gleichgewicht,<\/p>\n<\/li>\n<li data-start=\"1235\" data-end=\"1276\">\n<p data-start=\"1237\" data-end=\"1276\">Sonnenstein bringt Freude und St\u00e4rke,<\/p>\n<\/li>\n<li data-start=\"1277\" data-end=\"1316\">\n<p data-start=\"1279\" data-end=\"1316\">Fluorit verleiht Leichtigkeit und Harmonie,<\/p>\n<\/li>\n<li data-start=\"1317\" data-end=\"1358\">\n<p data-start=\"1319\" data-end=\"1358\">Citrin zieht Optimismus und Wohlstand an,<\/p>\n<\/li>\n<li data-start=\"1359\" data-end=\"1390\">\n<p data-start=\"1361\" data-end=\"1390\">H\u00e4matit st\u00e4rkt und erdet,<\/p>\n<\/li>\n<li data-start=\"1391\" data-end=\"1447\">\n<p data-start=\"1393\" data-end=\"1447\">Perle symbolisiert Zartheit, Weiblichkeit und Reinheit.<\/p>\n<\/li>\n<\/ul>\n<p data-start=\"1449\" data-end=\"1557\">Dadurch schm\u00fcckt das Armband nicht nur, sondern wirkt auch als Talisman, der positive Energie mit sich bringt.<\/p>\n<h3 data-start=\"1559\" data-end=\"1609\">\ud83c\udf19 F\u00fcr wen ist das Armband mit Ametrin und Perle?<\/h3>\n<p data-start=\"1610\" data-end=\"1834\">Es ist ein Schmuckst\u00fcck f\u00fcr Menschen, die Subtilit\u00e4t mit St\u00e4rke verbinden m\u00f6chten. Es eignet sich hervorragend f\u00fcr den Alltag, aber auch als Accessoire f\u00fcr elegante Outfits. Es kann auch ein besonderes Geschenk sein \u2013 ein Schmuckst\u00fcck voller Symbolik und Bedeutung.  <\/p>\n<h3 data-start=\"1836\" data-end=\"1870\">\ud83d\udcab Warum solltest du es w\u00e4hlen?<\/h3>\n<ul data-start=\"1871\" data-end=\"2096\">\n<li data-start=\"1871\" data-end=\"1927\">\n<p data-start=\"1873\" data-end=\"1927\">Handgefertigt \u2013 jedes Armband ist ein Unikat,<\/p>\n<\/li>\n<li data-start=\"1928\" data-end=\"1982\">\n<p data-start=\"1930\" data-end=\"1982\">sieben Natursteine in verschiedenen Farben,<\/p>\n<\/li>\n<li data-start=\"1983\" data-end=\"2040\">\n<p data-start=\"1985\" data-end=\"2040\">flexible Form \u2013 passt sich jedem Handgelenk an,<\/p>\n<\/li>\n<li data-start=\"2041\" data-end=\"2096\">\n<p data-start=\"2043\" data-end=\"2096\">universeller Charakter \u2013 passt zu vielen Outfits.<\/p>\n<\/li>\n<\/ul>\n<p data-start=\"2098\" data-end=\"2228\"><strong data-start=\"2098\" data-end=\"2133\">Das Armband mit Ametrin und Perle<\/strong> ist eine Kombination aus Zartheit und St\u00e4rke. Dadurch erh\u00e4lt jeder Moment einen besonderen Charakter. <\/p>\n<\/div>\n<\/div>\n<\/div>\n<\/div>\n","protected":false},"excerpt":{"rendered":"<div class=\"flex max-w-full flex-col flex-grow\">\n<div class=\"min-h-8 text-message flex w-full flex-col items-end gap-2 whitespace-normal break-words text-start [.text-message+&amp;]:mt-5\" dir=\"auto\" data-message-author-role=\"assistant\" data-message-id=\"e37d3b1a-d597-4200-97d4-57fb7acf2184\" data-message-model-slug=\"gpt-4o-mini\">\n<div class=\"flex w-full flex-col gap-1 empty:hidden first:pt-[3px]\">\n<div class=\"&lt;div class=\">\n<div class=\"min-h-8 text-message flex w-full flex-col items-end gap-2 whitespace-normal break-words text-start [.text-message+&amp;]:mt-5\" dir=\"auto\" data-message-author-role=\"assistant\" data-message-id=\"434ce9a3-1eaf-4b96-b199-2a1d18b5b877\" data-message-mode=\"\">\n<p data-start=\"1953\" data-end=\"2097\"><strong data-start=\"1953\" data-end=\"2009\">Armband mit Ametrin und Perle \u2013 Zartheit und St\u00e4rke<\/strong> ist ein handgefertigtes Schmuckst\u00fcck aus sieben Natursteinen, voller Farbe und der Magie der Natur.<\/p>\n<p data-start=\"2270\" data-end=\"2380\">Ich verpacke den Schmuck sorgf\u00e4ltig in einer dekorativen Schachtel, sodass er sofort als Geschenk bereit ist.<\/p>\n<\/div>\n<\/div>\n<\/div>\n<\/div>\n<\/div>\n","protected":false},"featured_media":3495,"template":"","meta":{"inline_featured_image":false},"product_brand":[],"product_cat":[168,167],"product_tag":[174,178,283,354,169,209,217],"class_list":{"0":"post-3494","1":"product","2":"type-product","3":"status-publish","4":"has-post-thumbnail","6":"product_cat-armbander","7":"product_cat-schmuck","8":"product_tag-ametrin","9":"product_tag-citrin","10":"product_tag-fluorit","11":"product_tag-gefleckter-amethyst","12":"product_tag-hamatit","13":"product_tag-perle","14":"product_tag-sonnenstein","16":"first","17":"instock","18":"taxable","19":"shipping-taxable","20":"purchasable","21":"product-type-simple"},"yoast_head":"<!-- This site is optimized with the Yoast SEO plugin v27.1.1 - https:\/\/yoast.com\/product\/yoast-seo-wordpress\/ -->\n<title>Armband mit Ametrin und Perle \u2013 Zartheit und St\u00e4rke - Spirit Dust<\/title>\n<meta name=\"description\" content=\"Entdecke das Armband mit Ametrin und Perle \u2013 Zartheit und St\u00e4rke. Handgefertigt aus sieben Natursteinen, vereint es Sch\u00f6nheit, Eleganz und die Energie der Natur.\" \/>\n<meta name=\"robots\" content=\"index, follow, max-snippet:-1, max-image-preview:large, max-video-preview:-1\" \/>\n<link rel=\"canonical\" href=\"https:\/\/spiritdust.pl\/de\/produkt\/armband-mit-ametrin-und-perle-zartheit-und-staerke\/\" \/>\n<meta property=\"og:locale\" content=\"de_DE\" \/>\n<meta property=\"og:type\" content=\"article\" \/>\n<meta property=\"og:title\" content=\"Armband mit Ametrin und Perle \u2013 Zartheit und St\u00e4rke - Spirit Dust\" \/>\n<meta property=\"og:description\" content=\"Entdecke das Armband mit Ametrin und Perle \u2013 Zartheit und St\u00e4rke. Handgefertigt aus sieben Natursteinen, vereint es Sch\u00f6nheit, Eleganz und die Energie der Natur.\" \/>\n<meta property=\"og:url\" content=\"https:\/\/spiritdust.pl\/de\/produkt\/armband-mit-ametrin-und-perle-zartheit-und-staerke\/\" \/>\n<meta property=\"og:site_name\" content=\"Spirit Dust\" \/>\n<meta property=\"article:publisher\" content=\"https:\/\/www.facebook.com\/spiritdustmj\/\" \/>\n<meta property=\"og:image\" content=\"https:\/\/spiritdust.pl\/wp-content\/uploads\/2026\/01\/DSC01568-scaled-1.webp\" \/>\n\t<meta property=\"og:image:width\" content=\"1920\" \/>\n\t<meta property=\"og:image:height\" content=\"1920\" \/>\n\t<meta property=\"og:image:type\" content=\"image\/webp\" \/>\n<meta name=\"twitter:card\" content=\"summary_large_image\" \/>\n<meta name=\"twitter:label1\" content=\"Gesch\u00e4tzte Lesezeit\" \/>\n\t<meta name=\"twitter:data1\" content=\"1\u00a0Minute\" \/>\n<script type=\"application\/ld+json\" class=\"yoast-schema-graph\">{\"@context\":\"https:\/\/schema.org\",\"@graph\":[{\"@type\":\"WebPage\",\"@id\":\"https:\/\/spiritdust.pl\/de\/produkt\/armband-mit-ametrin-und-perle-zartheit-und-staerke\/\",\"url\":\"https:\/\/spiritdust.pl\/de\/produkt\/armband-mit-ametrin-und-perle-zartheit-und-staerke\/\",\"name\":\"Armband mit Ametrin und Perle \u2013 Zartheit und St\u00e4rke - Spirit Dust\",\"isPartOf\":{\"@id\":\"https:\/\/green-chough-870564.hostingersite.com\/#website\"},\"primaryImageOfPage\":{\"@id\":\"https:\/\/spiritdust.pl\/de\/produkt\/armband-mit-ametrin-und-perle-zartheit-und-staerke\/#primaryimage\"},\"image\":{\"@id\":\"https:\/\/spiritdust.pl\/de\/produkt\/armband-mit-ametrin-und-perle-zartheit-und-staerke\/#primaryimage\"},\"thumbnailUrl\":\"https:\/\/spiritdust.pl\/wp-content\/uploads\/2026\/01\/DSC01568-scaled-1.webp\",\"datePublished\":\"2026-01-26T09:25:19+00:00\",\"description\":\"Entdecke das Armband mit Ametrin und Perle \u2013 Zartheit und St\u00e4rke. Handgefertigt aus sieben Natursteinen, vereint es Sch\u00f6nheit, Eleganz und die Energie der Natur.\",\"breadcrumb\":{\"@id\":\"https:\/\/spiritdust.pl\/de\/produkt\/armband-mit-ametrin-und-perle-zartheit-und-staerke\/#breadcrumb\"},\"inLanguage\":\"de\",\"potentialAction\":[{\"@type\":\"ReadAction\",\"target\":[\"https:\/\/spiritdust.pl\/de\/produkt\/armband-mit-ametrin-und-perle-zartheit-und-staerke\/\"]}]},{\"@type\":\"ImageObject\",\"inLanguage\":\"de\",\"@id\":\"https:\/\/spiritdust.pl\/de\/produkt\/armband-mit-ametrin-und-perle-zartheit-und-staerke\/#primaryimage\",\"url\":\"https:\/\/spiritdust.pl\/wp-content\/uploads\/2026\/01\/DSC01568-scaled-1.webp\",\"contentUrl\":\"https:\/\/spiritdust.pl\/wp-content\/uploads\/2026\/01\/DSC01568-scaled-1.webp\",\"width\":1920,\"height\":1920},{\"@type\":\"BreadcrumbList\",\"@id\":\"https:\/\/spiritdust.pl\/de\/produkt\/armband-mit-ametrin-und-perle-zartheit-und-staerke\/#breadcrumb\",\"itemListElement\":[{\"@type\":\"ListItem\",\"position\":1,\"name\":\"Strona g\u0142\u00f3wna\",\"item\":\"https:\/\/spiritdust.pl\/de\/\"},{\"@type\":\"ListItem\",\"position\":2,\"name\":\"Shop\",\"item\":\"https:\/\/green-chough-870564.hostingersite.com\/shop\/\"},{\"@type\":\"ListItem\",\"position\":3,\"name\":\"Armband mit Ametrin und Perle \u2013 Zartheit und St\u00e4rke\"}]},{\"@type\":\"WebSite\",\"@id\":\"https:\/\/green-chough-870564.hostingersite.com\/#website\",\"url\":\"https:\/\/green-chough-870564.hostingersite.com\/\",\"name\":\"Spirit Dust\",\"description\":\"Bi\u017cuteria z Miedzi, Srebra i Kamieni Naturalnych\",\"publisher\":{\"@id\":\"https:\/\/green-chough-870564.hostingersite.com\/#organization\"},\"potentialAction\":[{\"@type\":\"SearchAction\",\"target\":{\"@type\":\"EntryPoint\",\"urlTemplate\":\"https:\/\/green-chough-870564.hostingersite.com\/?s={search_term_string}\"},\"query-input\":{\"@type\":\"PropertyValueSpecification\",\"valueRequired\":true,\"valueName\":\"search_term_string\"}}],\"inLanguage\":\"de\"},{\"@type\":\"Organization\",\"@id\":\"https:\/\/green-chough-870564.hostingersite.com\/#organization\",\"name\":\"Geisterstaub\",\"url\":\"https:\/\/green-chough-870564.hostingersite.com\/\",\"logo\":{\"@type\":\"ImageObject\",\"inLanguage\":\"de\",\"@id\":\"https:\/\/green-chough-870564.hostingersite.com\/#\/schema\/logo\/image\/\",\"url\":\"https:\/\/spiritdust.pl\/wp-content\/uploads\/2026\/01\/logo-sd.png\",\"contentUrl\":\"https:\/\/spiritdust.pl\/wp-content\/uploads\/2026\/01\/logo-sd.png\",\"width\":251,\"height\":368,\"caption\":\"Geisterstaub\"},\"image\":{\"@id\":\"https:\/\/green-chough-870564.hostingersite.com\/#\/schema\/logo\/image\/\"},\"sameAs\":[\"https:\/\/www.facebook.com\/spiritdustmj\/\",\"https:\/\/instagram.com\/spirit__dust\"]}]}<\/script>\n<!-- \/ Yoast SEO plugin. -->","yoast_head_json":{"title":"Armband mit Ametrin und Perle \u2013 Zartheit und St\u00e4rke - Spirit Dust","description":"Entdecke das Armband mit Ametrin und Perle \u2013 Zartheit und St\u00e4rke. Handgefertigt aus sieben Natursteinen, vereint es Sch\u00f6nheit, Eleganz und die Energie der Natur.","robots":{"index":"index","follow":"follow","max-snippet":"max-snippet:-1","max-image-preview":"max-image-preview:large","max-video-preview":"max-video-preview:-1"},"canonical":"https:\/\/spiritdust.pl\/de\/produkt\/armband-mit-ametrin-und-perle-zartheit-und-staerke\/","og_locale":"de_DE","og_type":"article","og_title":"Armband mit Ametrin und Perle \u2013 Zartheit und St\u00e4rke - Spirit Dust","og_description":"Entdecke das Armband mit Ametrin und Perle \u2013 Zartheit und St\u00e4rke. Handgefertigt aus sieben Natursteinen, vereint es Sch\u00f6nheit, Eleganz und die Energie der Natur.","og_url":"https:\/\/spiritdust.pl\/de\/produkt\/armband-mit-ametrin-und-perle-zartheit-und-staerke\/","og_site_name":"Spirit Dust","article_publisher":"https:\/\/www.facebook.com\/spiritdustmj\/","og_image":[{"width":1920,"height":1920,"url":"https:\/\/spiritdust.pl\/wp-content\/uploads\/2026\/01\/DSC01568-scaled-1.webp","type":"image\/webp"}],"twitter_card":"summary_large_image","twitter_misc":{"Gesch\u00e4tzte Lesezeit":"1\u00a0Minute"},"schema":{"@context":"https:\/\/schema.org","@graph":[{"@type":"WebPage","@id":"https:\/\/spiritdust.pl\/de\/produkt\/armband-mit-ametrin-und-perle-zartheit-und-staerke\/","url":"https:\/\/spiritdust.pl\/de\/produkt\/armband-mit-ametrin-und-perle-zartheit-und-staerke\/","name":"Armband mit Ametrin und Perle \u2013 Zartheit und St\u00e4rke - Spirit Dust","isPartOf":{"@id":"https:\/\/green-chough-870564.hostingersite.com\/#website"},"primaryImageOfPage":{"@id":"https:\/\/spiritdust.pl\/de\/produkt\/armband-mit-ametrin-und-perle-zartheit-und-staerke\/#primaryimage"},"image":{"@id":"https:\/\/spiritdust.pl\/de\/produkt\/armband-mit-ametrin-und-perle-zartheit-und-staerke\/#primaryimage"},"thumbnailUrl":"https:\/\/spiritdust.pl\/wp-content\/uploads\/2026\/01\/DSC01568-scaled-1.webp","datePublished":"2026-01-26T09:25:19+00:00","description":"Entdecke das Armband mit Ametrin und Perle \u2013 Zartheit und St\u00e4rke. Handgefertigt aus sieben Natursteinen, vereint es Sch\u00f6nheit, Eleganz und die Energie der Natur.","breadcrumb":{"@id":"https:\/\/spiritdust.pl\/de\/produkt\/armband-mit-ametrin-und-perle-zartheit-und-staerke\/#breadcrumb"},"inLanguage":"de","potentialAction":[{"@type":"ReadAction","target":["https:\/\/spiritdust.pl\/de\/produkt\/armband-mit-ametrin-und-perle-zartheit-und-staerke\/"]}]},{"@type":"ImageObject","inLanguage":"de","@id":"https:\/\/spiritdust.pl\/de\/produkt\/armband-mit-ametrin-und-perle-zartheit-und-staerke\/#primaryimage","url":"https:\/\/spiritdust.pl\/wp-content\/uploads\/2026\/01\/DSC01568-scaled-1.webp","contentUrl":"https:\/\/spiritdust.pl\/wp-content\/uploads\/2026\/01\/DSC01568-scaled-1.webp","width":1920,"height":1920},{"@type":"BreadcrumbList","@id":"https:\/\/spiritdust.pl\/de\/produkt\/armband-mit-ametrin-und-perle-zartheit-und-staerke\/#breadcrumb","itemListElement":[{"@type":"ListItem","position":1,"name":"Strona g\u0142\u00f3wna","item":"https:\/\/spiritdust.pl\/de\/"},{"@type":"ListItem","position":2,"name":"Shop","item":"https:\/\/green-chough-870564.hostingersite.com\/shop\/"},{"@type":"ListItem","position":3,"name":"Armband mit Ametrin und Perle \u2013 Zartheit und St\u00e4rke"}]},{"@type":"WebSite","@id":"https:\/\/green-chough-870564.hostingersite.com\/#website","url":"https:\/\/green-chough-870564.hostingersite.com\/","name":"Spirit Dust","description":"Bi\u017cuteria z Miedzi, Srebra i Kamieni Naturalnych","publisher":{"@id":"https:\/\/green-chough-870564.hostingersite.com\/#organization"},"potentialAction":[{"@type":"SearchAction","target":{"@type":"EntryPoint","urlTemplate":"https:\/\/green-chough-870564.hostingersite.com\/?s={search_term_string}"},"query-input":{"@type":"PropertyValueSpecification","valueRequired":true,"valueName":"search_term_string"}}],"inLanguage":"de"},{"@type":"Organization","@id":"https:\/\/green-chough-870564.hostingersite.com\/#organization","name":"Geisterstaub","url":"https:\/\/green-chough-870564.hostingersite.com\/","logo":{"@type":"ImageObject","inLanguage":"de","@id":"https:\/\/green-chough-870564.hostingersite.com\/#\/schema\/logo\/image\/","url":"https:\/\/spiritdust.pl\/wp-content\/uploads\/2026\/01\/logo-sd.png","contentUrl":"https:\/\/spiritdust.pl\/wp-content\/uploads\/2026\/01\/logo-sd.png","width":251,"height":368,"caption":"Geisterstaub"},"image":{"@id":"https:\/\/green-chough-870564.hostingersite.com\/#\/schema\/logo\/image\/"},"sameAs":["https:\/\/www.facebook.com\/spiritdustmj\/","https:\/\/instagram.com\/spirit__dust"]}]}},"_links":{"self":[{"href":"https:\/\/spiritdust.pl\/de\/wp-json\/wp\/v2\/product\/3494","targetHints":{"allow":["GET"]}}],"collection":[{"href":"https:\/\/spiritdust.pl\/de\/wp-json\/wp\/v2\/product"}],"about":[{"href":"https:\/\/spiritdust.pl\/de\/wp-json\/wp\/v2\/types\/product"}],"version-history":[{"count":0,"href":"https:\/\/spiritdust.pl\/de\/wp-json\/wp\/v2\/product\/3494\/revisions"}],"wp:featuredmedia":[{"embeddable":true,"href":"https:\/\/spiritdust.pl\/de\/wp-json\/wp\/v2\/media\/3495"}],"wp:attachment":[{"href":"https:\/\/spiritdust.pl\/de\/wp-json\/wp\/v2\/media?parent=3494"}],"wp:term":[{"taxonomy":"product_brand","embeddable":true,"href":"https:\/\/spiritdust.pl\/de\/wp-json\/wp\/v2\/product_brand?post=3494"},{"taxonomy":"product_cat","embeddable":true,"href":"https:\/\/spiritdust.pl\/de\/wp-json\/wp\/v2\/product_cat?post=3494"},{"taxonomy":"product_tag","embeddable":true,"href":"https:\/\/spiritdust.pl\/de\/wp-json\/wp\/v2\/product_tag?post=3494"}],"curies":[{"name":"wp","href":"https:\/\/api.w.org\/{rel}","templated":true}]}}