{"id":3506,"date":"2026-01-26T09:24:54","date_gmt":"2026-01-26T09:24:54","guid":{"rendered":"https:\/\/spiritdust.pl\/produkt\/fusskettchen-mit-turmalin-und-tuerkis-tanz-der-erde\/"},"modified":"2026-01-26T09:24:54","modified_gmt":"2026-01-26T09:24:54","slug":"fusskettchen-mit-turmalin-und-tuerkis-tanz-der-erde","status":"publish","type":"product","link":"https:\/\/spiritdust.pl\/de\/produkt\/fusskettchen-mit-turmalin-und-tuerkis-tanz-der-erde\/","title":{"rendered":"Fu\u00dfkettchen mit Turmalin und T\u00fcrkis \u2013 Tanz der Erde"},"content":{"rendered":"<div class=\"flex-shrink-0 flex flex-col relative items-end\">\n<div class=\"pt-0\">\n<div class=\"gizmo-bot-avatar flex h-8 w-8 items-center justify-center overflow-hidden rounded-full\">\n<div class=\"relative p-1 rounded-sm flex items-center justify-center bg-token-main-surface-primary text-token-text-primary h-8 w-8\">\n<h3 data-start=\"531\" data-end=\"594\"><strong data-start=\"535\" data-end=\"594\">Nat\u00fcrliches Fu\u00dfkettchen mit Turmalin und T\u00fcrkis<\/strong><\/h3>\n<p data-start=\"596\" data-end=\"1017\">Wenn du ein Accessoire suchst, das sowohl leicht als auch ausdrucksstark ist, k\u00f6nnte dieses <strong data-start=\"667\" data-end=\"705\">Turmalin-Fu\u00dfkettchen<\/strong> die ideale Wahl sein. Es wurde aus kleinen, facettierten Natursteinen gefertigt \u2013 wie <strong data-start=\"800\" data-end=\"819\">schwarzer Turmalin<\/strong>, <strong data-start=\"821\" data-end=\"831\">T\u00fcrkis<\/strong>, <strong data-start=\"833\" data-end=\"844\">H\u00e4matit<\/strong>, <strong data-start=\"846\" data-end=\"858\">Amazonit<\/strong>, <strong data-start=\"860\" data-end=\"874\">Labradorit<\/strong>, <strong data-start=\"876\" data-end=\"887\">Prehnit<\/strong> und <strong data-start=\"893\" data-end=\"914\">gr\u00fcner Aventurin<\/strong>. Dadurch sieht es nicht nur wundersch\u00f6n aus, sondern verbindet auch die Ruhe der Natur mit den subtilen Farben der Erde.  <\/p>\n<p data-start=\"1019\" data-end=\"1291\">Obwohl das Fu\u00dfkettchen zart ist, zieht es Blicke auf sich \u2013 gerade durch den Kontrast zwischen dem tiefen Schwarz des Turmalins und den hellen Farbt\u00f6nen der anderen Steine. Zudem wird es durch einen <strong data-start=\"1197\" data-end=\"1240\">vergoldeten 925er Silberanh\u00e4nger<\/strong> erg\u00e4nzt, der dem Schmuckst\u00fcck einen warmen, goldenen Akzent verleiht. <\/p>\n<hr data-start=\"1293\" data-end=\"1296\">\n<h3 data-start=\"1298\" data-end=\"1329\"><strong data-start=\"1302\" data-end=\"1329\">Warum solltest du es haben?<\/strong><\/h3>\n<p data-start=\"1331\" data-end=\"1731\">Schwarzer Turmalin gilt als Schutzstein \u2013 erdet, beruhigt und hilft, das Gleichgewicht zu bewahren. H\u00e4matit wiederum st\u00e4rkt die innere Stabilit\u00e4t, w\u00e4hrend T\u00fcrkis die Kommunikation und das Gef\u00fchl der Ruhe f\u00f6rdert. Deshalb wirkt diese Steinkombination nicht nur visuell, sondern auch symbolisch. Du kannst es t\u00e4glich tragen oder bei Spazierg\u00e4ngen anziehen \u2013 zu Sandalen, Turnschuhen oder sogar barfu\u00df.   <\/p>\n<hr data-start=\"1733\" data-end=\"1736\">\n<h3 data-start=\"1738\" data-end=\"1755\"><strong data-start=\"1742\" data-end=\"1755\">F\u00fcr wen?<\/strong><\/h3>\n<p data-start=\"1757\" data-end=\"1807\">Dieses Fu\u00dfkettchen ist ideal f\u00fcr Personen, die:<\/p>\n<ul data-start=\"1809\" data-end=\"2038\">\n<li data-start=\"1809\" data-end=\"1851\">\n<p data-start=\"1811\" data-end=\"1851\">nat\u00fcrlichen <strong data-start=\"1817\" data-end=\"1848\">Schmuck mit Seele<\/strong> lieben,<\/p>\n<\/li>\n<li data-start=\"1852\" data-end=\"1914\">\n<p data-start=\"1854\" data-end=\"1914\">sommerliche Accessoires suchen, die bequem, aber nicht langweilig sind,<\/p>\n<\/li>\n<li data-start=\"1915\" data-end=\"1967\">\n<p data-start=\"1917\" data-end=\"1967\">sich leicht, aber selbstbewusst f\u00fchlen m\u00f6chten \u2013 auch barfu\u00df,<\/p>\n<\/li>\n<li data-start=\"1968\" data-end=\"2038\">\n<p data-start=\"1970\" data-end=\"2038\">sich f\u00fcr die Bedeutung von Steinen interessieren und Mode gerne mit Symbolik verbinden.<\/p>\n<\/li>\n<\/ul>\n<p data-start=\"2040\" data-end=\"2131\">Das Fu\u00dfkettchen eignet sich auch hervorragend als Geschenk \u2013 sowohl f\u00fcr eine Freundin als auch f\u00fcr dich selbst.<\/p>\n<hr data-start=\"2133\" data-end=\"2136\">\n<h3 data-start=\"2138\" data-end=\"2163\"><strong data-start=\"2142\" data-end=\"2163\">Technische Details<\/strong><\/h3>\n<ul data-start=\"2165\" data-end=\"2391\">\n<li data-start=\"2165\" data-end=\"2263\">\n<p data-start=\"2167\" data-end=\"2263\">Natursteine: schwarzer Turmalin, H\u00e4matit, T\u00fcrkis, Amazonit, Prehnit, Labradorit, Aventurin<\/p>\n<\/li>\n<li data-start=\"2264\" data-end=\"2304\">\n<p data-start=\"2266\" data-end=\"2304\">Verstellbares, olivbraunes Band<\/p>\n<\/li>\n<li data-start=\"2352\" data-end=\"2391\">\n<p data-start=\"2354\" data-end=\"2391\">Anh\u00e4nger: <strong data-start=\"2365\" data-end=\"2389\">925er Silber, vergoldet<\/strong><\/p>\n<\/li>\n<\/ul>\n<p data-start=\"2393\" data-end=\"2566\">Dank des verschiebbaren Knotens kannst du das Fu\u00dfkettchen leicht an dein Fu\u00dfgelenk anpassen. Zudem h\u00e4lt es trotz seines zarten Aussehens gut am Fu\u00df \u2013 auch bei Bewegung. <\/p>\n<hr data-start=\"2568\" data-end=\"2571\">\n<h3 data-start=\"2573\" data-end=\"2592\"><a class=\"cursor-pointer\" style=\"font-size: 16px\" href=\"https:\/\/spiritdust.pl\/?s=na+kostk%C4%99&amp;post_type=product&amp;v=288404204e3d\" target=\"_blank\" rel=\"noopener\" data-start=\"2715\" data-end=\"2805\">Entdecke weitere Fu\u00dfkettchen<\/a><span style=\"font-size: 16px\"> \u2013 Spirit Dust Kollektion<\/span><\/h3>\n<\/div>\n<\/div>\n<\/div>\n<\/div>\n","protected":false},"excerpt":{"rendered":"<div class=\"flex max-w-full flex-col flex-grow\">\n<div class=\"min-h-8 text-message flex w-full flex-col items-end gap-2 whitespace-normal break-words text-start [.text-message+&amp;]:mt-5\" dir=\"auto\" data-message-author-role=\"assistant\" data-message-id=\"e37d3b1a-d597-4200-97d4-57fb7acf2184\" data-message-model-slug=\"gpt-4o-mini\">\n<div class=\"flex w-full flex-col gap-1 empty:hidden first:pt-[3px]\">\n<div class=\"markdown prose w-full break-words dark:prose-invert dark\">\n<div class=\"flex max-w-full flex-col flex-grow\">\n<div class=\"min-h-8 text-message flex w-full flex-col items-end gap-2 whitespace-normal break-words text-start [.text-message+&amp;]:mt-5\" dir=\"auto\" data-message-author-role=\"assistant\" data-message-id=\"434ce9a3-1eaf-4b96-b199-2a1d18b5b877\" data-message-model-slug=\"gpt-4o-mini\">\n<div class=\"flex w-full flex-col gap-1 empty:hidden first:pt-[3px]\">\n<div class=\"markdown prose w-full break-words dark:prose-invert dark\">\n<div class=\"flex max-w-full flex-col flex-grow\">\n<div class=\"min-h-8 text-message flex w-full flex-col items-end gap-2 whitespace-normal break-words text-start [.text-message+&amp;]:mt-5\" dir=\"auto\" data-message-author-role=\"assistant\" data-message-id=\"cc074b21-0a8d-4f21-9e38-ad275a6193e1\" data-message-model-slug=\"gpt-4o-mini\">\n<div class=\"flex w-full flex-col gap-1 empty:hidden first:pt-[3px]\">\n<div class=\"markdown prose w-full break-words dark:prose-invert dark\">\n<p data-start=\"1541\" data-end=\"1659\">Fu\u00dfkettchen aus Natursteinen: Turmalin, T\u00fcrkis und weiteren. Verstellbar, mit vergoldetem Silberanh\u00e4nger. <\/p>\n<\/div>\n<\/div>\n<\/div>\n<\/div>\n<\/div>\n<\/div>\n<\/div>\n<\/div>\n<\/div>\n<\/div>\n<\/div>\n<\/div>\n<p>&nbsp;<\/p>\n<p>Ich verpacke den Schmuck sorgf\u00e4ltig in einer dekorativen Schachtel, sodass er sofort als Geschenk bereit ist.<\/p>\n","protected":false},"featured_media":3508,"template":"","meta":{"inline_featured_image":false},"product_brand":[],"product_cat":[168,167],"product_tag":[257,179,169,210,269,220,334],"class_list":{"0":"post-3506","1":"product","2":"type-product","3":"status-publish","4":"has-post-thumbnail","6":"product_cat-armbander","7":"product_cat-schmuck","8":"product_tag-amazonit","9":"product_tag-aventurin","10":"product_tag-hamatit","11":"product_tag-labradorit","12":"product_tag-prehnit","13":"product_tag-schwarzer-turmalin","14":"product_tag-turkis","16":"first","17":"instock","18":"taxable","19":"shipping-taxable","20":"purchasable","21":"product-type-simple"},"yoast_head":"<!-- This site is optimized with the Yoast SEO plugin v27.5 - https:\/\/yoast.com\/product\/yoast-seo-wordpress\/ -->\n<title>Fu\u00dfkettchen mit Turmalin und T\u00fcrkis \u2013 Tanz der Erde - Spirit Dust<\/title>\n<meta name=\"description\" content=\"Zartes Fu\u00dfkettchen mit Turmalin, T\u00fcrkis und H\u00e4matit. Verstellbar, mit vergoldetem 925er Silberanh\u00e4nger. F\u00fcr den Sommer, zum Tanzen, barfu\u00df.\" \/>\n<meta name=\"robots\" content=\"index, follow, max-snippet:-1, max-image-preview:large, max-video-preview:-1\" \/>\n<link rel=\"canonical\" href=\"https:\/\/spiritdust.pl\/de\/produkt\/fusskettchen-mit-turmalin-und-tuerkis-tanz-der-erde\/\" \/>\n<meta property=\"og:locale\" content=\"de_DE\" \/>\n<meta property=\"og:type\" content=\"article\" \/>\n<meta property=\"og:title\" content=\"Fu\u00dfkettchen mit Turmalin und T\u00fcrkis \u2013 Tanz der Erde - Spirit Dust\" \/>\n<meta property=\"og:description\" content=\"Zartes Fu\u00dfkettchen mit Turmalin, T\u00fcrkis und H\u00e4matit. Verstellbar, mit vergoldetem 925er Silberanh\u00e4nger. F\u00fcr den Sommer, zum Tanzen, barfu\u00df.\" \/>\n<meta property=\"og:url\" content=\"https:\/\/spiritdust.pl\/de\/produkt\/fusskettchen-mit-turmalin-und-tuerkis-tanz-der-erde\/\" \/>\n<meta property=\"og:site_name\" content=\"Spirit Dust\" \/>\n<meta property=\"article:publisher\" content=\"https:\/\/www.facebook.com\/spiritdustmj\/\" \/>\n<meta property=\"og:image\" content=\"https:\/\/spiritdust.pl\/wp-content\/uploads\/2026\/01\/DSC01463-scaled-1.jpg\" \/>\n\t<meta property=\"og:image:width\" content=\"2048\" \/>\n\t<meta property=\"og:image:height\" content=\"2048\" \/>\n\t<meta property=\"og:image:type\" content=\"image\/jpeg\" \/>\n<meta name=\"twitter:card\" content=\"summary_large_image\" \/>\n<meta name=\"twitter:label1\" content=\"Gesch\u00e4tzte Lesezeit\" \/>\n\t<meta name=\"twitter:data1\" content=\"2\u00a0Minuten\" \/>\n<script type=\"application\/ld+json\" class=\"yoast-schema-graph\">{\"@context\":\"https:\\\/\\\/schema.org\",\"@graph\":[{\"@type\":\"WebPage\",\"@id\":\"https:\\\/\\\/spiritdust.pl\\\/de\\\/produkt\\\/fusskettchen-mit-turmalin-und-tuerkis-tanz-der-erde\\\/\",\"url\":\"https:\\\/\\\/spiritdust.pl\\\/de\\\/produkt\\\/fusskettchen-mit-turmalin-und-tuerkis-tanz-der-erde\\\/\",\"name\":\"Fu\u00dfkettchen mit Turmalin und T\u00fcrkis \u2013 Tanz der Erde - Spirit Dust\",\"isPartOf\":{\"@id\":\"https:\\\/\\\/green-chough-870564.hostingersite.com\\\/#website\"},\"primaryImageOfPage\":{\"@id\":\"https:\\\/\\\/spiritdust.pl\\\/de\\\/produkt\\\/fusskettchen-mit-turmalin-und-tuerkis-tanz-der-erde\\\/#primaryimage\"},\"image\":{\"@id\":\"https:\\\/\\\/spiritdust.pl\\\/de\\\/produkt\\\/fusskettchen-mit-turmalin-und-tuerkis-tanz-der-erde\\\/#primaryimage\"},\"thumbnailUrl\":\"https:\\\/\\\/spiritdust.pl\\\/wp-content\\\/uploads\\\/2026\\\/01\\\/DSC01463-scaled-1.jpg\",\"datePublished\":\"2026-01-26T09:24:54+00:00\",\"description\":\"Zartes Fu\u00dfkettchen mit Turmalin, T\u00fcrkis und H\u00e4matit. Verstellbar, mit vergoldetem 925er Silberanh\u00e4nger. F\u00fcr den Sommer, zum Tanzen, barfu\u00df.\",\"breadcrumb\":{\"@id\":\"https:\\\/\\\/spiritdust.pl\\\/de\\\/produkt\\\/fusskettchen-mit-turmalin-und-tuerkis-tanz-der-erde\\\/#breadcrumb\"},\"inLanguage\":\"de\",\"potentialAction\":[{\"@type\":\"ReadAction\",\"target\":[\"https:\\\/\\\/spiritdust.pl\\\/de\\\/produkt\\\/fusskettchen-mit-turmalin-und-tuerkis-tanz-der-erde\\\/\"]}]},{\"@type\":\"ImageObject\",\"inLanguage\":\"de\",\"@id\":\"https:\\\/\\\/spiritdust.pl\\\/de\\\/produkt\\\/fusskettchen-mit-turmalin-und-tuerkis-tanz-der-erde\\\/#primaryimage\",\"url\":\"https:\\\/\\\/spiritdust.pl\\\/wp-content\\\/uploads\\\/2026\\\/01\\\/DSC01463-scaled-1.jpg\",\"contentUrl\":\"https:\\\/\\\/spiritdust.pl\\\/wp-content\\\/uploads\\\/2026\\\/01\\\/DSC01463-scaled-1.jpg\",\"width\":2048,\"height\":2048},{\"@type\":\"BreadcrumbList\",\"@id\":\"https:\\\/\\\/spiritdust.pl\\\/de\\\/produkt\\\/fusskettchen-mit-turmalin-und-tuerkis-tanz-der-erde\\\/#breadcrumb\",\"itemListElement\":[{\"@type\":\"ListItem\",\"position\":1,\"name\":\"Strona g\u0142\u00f3wna\",\"item\":\"https:\\\/\\\/spiritdust.pl\\\/de\\\/spirit-dust-schmuck-aus-kupfer-silber-und-natursteinen\\\/\"},{\"@type\":\"ListItem\",\"position\":2,\"name\":\"Shop\",\"item\":\"https:\\\/\\\/green-chough-870564.hostingersite.com\\\/shop\\\/\"},{\"@type\":\"ListItem\",\"position\":3,\"name\":\"Fu\u00dfkettchen mit Turmalin und T\u00fcrkis \u2013 Tanz der Erde\"}]},{\"@type\":\"WebSite\",\"@id\":\"https:\\\/\\\/green-chough-870564.hostingersite.com\\\/#website\",\"url\":\"https:\\\/\\\/green-chough-870564.hostingersite.com\\\/\",\"name\":\"Spirit Dust\",\"description\":\"Bi\u017cuteria z Miedzi, Srebra i Kamieni Naturalnych\",\"publisher\":{\"@id\":\"https:\\\/\\\/green-chough-870564.hostingersite.com\\\/#organization\"},\"potentialAction\":[{\"@type\":\"SearchAction\",\"target\":{\"@type\":\"EntryPoint\",\"urlTemplate\":\"https:\\\/\\\/green-chough-870564.hostingersite.com\\\/?s={search_term_string}\"},\"query-input\":{\"@type\":\"PropertyValueSpecification\",\"valueRequired\":true,\"valueName\":\"search_term_string\"}}],\"inLanguage\":\"de\"},{\"@type\":\"Organization\",\"@id\":\"https:\\\/\\\/green-chough-870564.hostingersite.com\\\/#organization\",\"name\":\"Geisterstaub\",\"url\":\"https:\\\/\\\/green-chough-870564.hostingersite.com\\\/\",\"logo\":{\"@type\":\"ImageObject\",\"inLanguage\":\"de\",\"@id\":\"https:\\\/\\\/green-chough-870564.hostingersite.com\\\/#\\\/schema\\\/logo\\\/image\\\/\",\"url\":\"https:\\\/\\\/spiritdust.pl\\\/wp-content\\\/uploads\\\/2026\\\/01\\\/logo-sd.png\",\"contentUrl\":\"https:\\\/\\\/spiritdust.pl\\\/wp-content\\\/uploads\\\/2026\\\/01\\\/logo-sd.png\",\"width\":251,\"height\":368,\"caption\":\"Geisterstaub\"},\"image\":{\"@id\":\"https:\\\/\\\/green-chough-870564.hostingersite.com\\\/#\\\/schema\\\/logo\\\/image\\\/\"},\"sameAs\":[\"https:\\\/\\\/www.facebook.com\\\/spiritdustmj\\\/\",\"https:\\\/\\\/instagram.com\\\/spirit__dust\"]}]}<\/script>\n<!-- \/ Yoast SEO plugin. -->","yoast_head_json":{"title":"Fu\u00dfkettchen mit Turmalin und T\u00fcrkis \u2013 Tanz der Erde - Spirit Dust","description":"Zartes Fu\u00dfkettchen mit Turmalin, T\u00fcrkis und H\u00e4matit. Verstellbar, mit vergoldetem 925er Silberanh\u00e4nger. F\u00fcr den Sommer, zum Tanzen, barfu\u00df.","robots":{"index":"index","follow":"follow","max-snippet":"max-snippet:-1","max-image-preview":"max-image-preview:large","max-video-preview":"max-video-preview:-1"},"canonical":"https:\/\/spiritdust.pl\/de\/produkt\/fusskettchen-mit-turmalin-und-tuerkis-tanz-der-erde\/","og_locale":"de_DE","og_type":"article","og_title":"Fu\u00dfkettchen mit Turmalin und T\u00fcrkis \u2013 Tanz der Erde - Spirit Dust","og_description":"Zartes Fu\u00dfkettchen mit Turmalin, T\u00fcrkis und H\u00e4matit. Verstellbar, mit vergoldetem 925er Silberanh\u00e4nger. F\u00fcr den Sommer, zum Tanzen, barfu\u00df.","og_url":"https:\/\/spiritdust.pl\/de\/produkt\/fusskettchen-mit-turmalin-und-tuerkis-tanz-der-erde\/","og_site_name":"Spirit Dust","article_publisher":"https:\/\/www.facebook.com\/spiritdustmj\/","og_image":[{"width":2048,"height":2048,"url":"https:\/\/spiritdust.pl\/wp-content\/uploads\/2026\/01\/DSC01463-scaled-1.jpg","type":"image\/jpeg"}],"twitter_card":"summary_large_image","twitter_misc":{"Gesch\u00e4tzte Lesezeit":"2\u00a0Minuten"},"schema":{"@context":"https:\/\/schema.org","@graph":[{"@type":"WebPage","@id":"https:\/\/spiritdust.pl\/de\/produkt\/fusskettchen-mit-turmalin-und-tuerkis-tanz-der-erde\/","url":"https:\/\/spiritdust.pl\/de\/produkt\/fusskettchen-mit-turmalin-und-tuerkis-tanz-der-erde\/","name":"Fu\u00dfkettchen mit Turmalin und T\u00fcrkis \u2013 Tanz der Erde - Spirit Dust","isPartOf":{"@id":"https:\/\/green-chough-870564.hostingersite.com\/#website"},"primaryImageOfPage":{"@id":"https:\/\/spiritdust.pl\/de\/produkt\/fusskettchen-mit-turmalin-und-tuerkis-tanz-der-erde\/#primaryimage"},"image":{"@id":"https:\/\/spiritdust.pl\/de\/produkt\/fusskettchen-mit-turmalin-und-tuerkis-tanz-der-erde\/#primaryimage"},"thumbnailUrl":"https:\/\/spiritdust.pl\/wp-content\/uploads\/2026\/01\/DSC01463-scaled-1.jpg","datePublished":"2026-01-26T09:24:54+00:00","description":"Zartes Fu\u00dfkettchen mit Turmalin, T\u00fcrkis und H\u00e4matit. Verstellbar, mit vergoldetem 925er Silberanh\u00e4nger. F\u00fcr den Sommer, zum Tanzen, barfu\u00df.","breadcrumb":{"@id":"https:\/\/spiritdust.pl\/de\/produkt\/fusskettchen-mit-turmalin-und-tuerkis-tanz-der-erde\/#breadcrumb"},"inLanguage":"de","potentialAction":[{"@type":"ReadAction","target":["https:\/\/spiritdust.pl\/de\/produkt\/fusskettchen-mit-turmalin-und-tuerkis-tanz-der-erde\/"]}]},{"@type":"ImageObject","inLanguage":"de","@id":"https:\/\/spiritdust.pl\/de\/produkt\/fusskettchen-mit-turmalin-und-tuerkis-tanz-der-erde\/#primaryimage","url":"https:\/\/spiritdust.pl\/wp-content\/uploads\/2026\/01\/DSC01463-scaled-1.jpg","contentUrl":"https:\/\/spiritdust.pl\/wp-content\/uploads\/2026\/01\/DSC01463-scaled-1.jpg","width":2048,"height":2048},{"@type":"BreadcrumbList","@id":"https:\/\/spiritdust.pl\/de\/produkt\/fusskettchen-mit-turmalin-und-tuerkis-tanz-der-erde\/#breadcrumb","itemListElement":[{"@type":"ListItem","position":1,"name":"Strona g\u0142\u00f3wna","item":"https:\/\/spiritdust.pl\/de\/spirit-dust-schmuck-aus-kupfer-silber-und-natursteinen\/"},{"@type":"ListItem","position":2,"name":"Shop","item":"https:\/\/green-chough-870564.hostingersite.com\/shop\/"},{"@type":"ListItem","position":3,"name":"Fu\u00dfkettchen mit Turmalin und T\u00fcrkis \u2013 Tanz der Erde"}]},{"@type":"WebSite","@id":"https:\/\/green-chough-870564.hostingersite.com\/#website","url":"https:\/\/green-chough-870564.hostingersite.com\/","name":"Spirit Dust","description":"Bi\u017cuteria z Miedzi, Srebra i Kamieni Naturalnych","publisher":{"@id":"https:\/\/green-chough-870564.hostingersite.com\/#organization"},"potentialAction":[{"@type":"SearchAction","target":{"@type":"EntryPoint","urlTemplate":"https:\/\/green-chough-870564.hostingersite.com\/?s={search_term_string}"},"query-input":{"@type":"PropertyValueSpecification","valueRequired":true,"valueName":"search_term_string"}}],"inLanguage":"de"},{"@type":"Organization","@id":"https:\/\/green-chough-870564.hostingersite.com\/#organization","name":"Geisterstaub","url":"https:\/\/green-chough-870564.hostingersite.com\/","logo":{"@type":"ImageObject","inLanguage":"de","@id":"https:\/\/green-chough-870564.hostingersite.com\/#\/schema\/logo\/image\/","url":"https:\/\/spiritdust.pl\/wp-content\/uploads\/2026\/01\/logo-sd.png","contentUrl":"https:\/\/spiritdust.pl\/wp-content\/uploads\/2026\/01\/logo-sd.png","width":251,"height":368,"caption":"Geisterstaub"},"image":{"@id":"https:\/\/green-chough-870564.hostingersite.com\/#\/schema\/logo\/image\/"},"sameAs":["https:\/\/www.facebook.com\/spiritdustmj\/","https:\/\/instagram.com\/spirit__dust"]}]}},"_links":{"self":[{"href":"https:\/\/spiritdust.pl\/de\/wp-json\/wp\/v2\/product\/3506","targetHints":{"allow":["GET"]}}],"collection":[{"href":"https:\/\/spiritdust.pl\/de\/wp-json\/wp\/v2\/product"}],"about":[{"href":"https:\/\/spiritdust.pl\/de\/wp-json\/wp\/v2\/types\/product"}],"version-history":[{"count":0,"href":"https:\/\/spiritdust.pl\/de\/wp-json\/wp\/v2\/product\/3506\/revisions"}],"wp:featuredmedia":[{"embeddable":true,"href":"https:\/\/spiritdust.pl\/de\/wp-json\/wp\/v2\/media\/3508"}],"wp:attachment":[{"href":"https:\/\/spiritdust.pl\/de\/wp-json\/wp\/v2\/media?parent=3506"}],"wp:term":[{"taxonomy":"product_brand","embeddable":true,"href":"https:\/\/spiritdust.pl\/de\/wp-json\/wp\/v2\/product_brand?post=3506"},{"taxonomy":"product_cat","embeddable":true,"href":"https:\/\/spiritdust.pl\/de\/wp-json\/wp\/v2\/product_cat?post=3506"},{"taxonomy":"product_tag","embeddable":true,"href":"https:\/\/spiritdust.pl\/de\/wp-json\/wp\/v2\/product_tag?post=3506"}],"curies":[{"name":"wp","href":"https:\/\/api.w.org\/{rel}","templated":true}]}}