{"id":3516,"date":"2026-01-26T09:24:27","date_gmt":"2026-01-26T09:24:27","guid":{"rendered":"https:\/\/spiritdust.pl\/produkt\/fusskettchen-mit-blaettern-und-steinen-waldhexe\/"},"modified":"2026-01-26T09:24:27","modified_gmt":"2026-01-26T09:24:27","slug":"fusskettchen-mit-blaettern-und-steinen-waldhexe","status":"publish","type":"product","link":"https:\/\/spiritdust.pl\/de\/produkt\/fusskettchen-mit-blaettern-und-steinen-waldhexe\/","title":{"rendered":"Fu\u00dfkettchen mit Bl\u00e4ttern und Steinen \u2013 Waldhexe"},"content":{"rendered":"<div class=\"flex-shrink-0 flex flex-col relative items-end\">\n<div class=\"pt-0\">\n<div class=\"gizmo-bot-avatar flex h-8 w-8 items-center justify-center overflow-hidden rounded-full\">\n<div class=\"relative p-1 rounded-sm flex items-center justify-center bg-token-main-surface-primary text-token-text-primary h-8 w-8\">\n<h3 data-start=\"502\" data-end=\"617\">Fu\u00dfkettchen mit Natursteinen und vergoldetem Anh\u00e4nger \u2013 wild, symbolisch und tief erdend<\/h3>\n<p data-start=\"619\" data-end=\"929\"><strong data-start=\"619\" data-end=\"678\">Das Fu\u00dfkettchen mit Bl\u00e4ttern und Natursteinen<\/strong> ist nicht nur ein Schmuckst\u00fcck, sondern auch eine Geschichte. Inspiriert von Moos, Erde, dem Licht vor dem Sturm und dem Fl\u00fcstern der Bl\u00e4tter, wurde es f\u00fcr Frauen geschaffen, die sich als Teil der Natur f\u00fchlen. Nicht der pastellfarbenen und s\u00fc\u00dfen \u2013 sondern der urspr\u00fcnglichen, wahren und etwas wilden.  <\/p>\n<p data-start=\"931\" data-end=\"1360\">Zarte Glasbl\u00e4tter schimmern in Oliv-, Gold- und Braunt\u00f6nen, ziehen Blicke auf sich, ohne aufdringlich zu sein. Das Ganze ist auf einem erdbraunen, verstellbaren Polyesterband befestigt, was das Fu\u00dfkettchen bequem macht und es gut an jeden Kn\u00f6chel anpasst. Erg\u00e4nzt wird es durch einen <strong data-start=\"1244\" data-end=\"1281\">vergoldeten 925er Silberanh\u00e4nger<\/strong> in Form einer Feder \u2013 ein Symbol f\u00fcr Leichtigkeit, Schutz und eine tiefere Verbindung zu dir selbst.  <\/p>\n<hr data-start=\"1362\" data-end=\"1365\">\n<h3 data-start=\"1367\" data-end=\"1397\">\u2728 Steine und ihre Bedeutung<\/h3>\n<p data-start=\"1399\" data-end=\"1545\">Jeder Stein in diesem Fu\u00dfkettchen wurde mit Blick auf die Energie der Erde und innere Weisheit ausgew\u00e4hlt, daher schm\u00fcckt es nicht nur, sondern unterst\u00fctzt dich auch.<\/p>\n<p data-start=\"1547\" data-end=\"1575\">Hier findest du unter anderem:<\/p>\n<ul data-start=\"1577\" data-end=\"2232\">\n<li data-start=\"1577\" data-end=\"1638\">\n<p data-start=\"1579\" data-end=\"1638\"><strong data-start=\"1579\" data-end=\"1599\">Grossular-Granat<\/strong>, der die Kraft des Wachstums und der Erneuerung in sich tr\u00e4gt,<\/p>\n<\/li>\n<li data-start=\"1639\" data-end=\"1715\">\n<p data-start=\"1641\" data-end=\"1715\"><strong data-start=\"1641\" data-end=\"1656\">Rauchquarz<\/strong>, denn er reinigt und hilft, emotionale Lasten abzubauen,<\/p>\n<\/li>\n<li data-start=\"1716\" data-end=\"1792\">\n<p data-start=\"1718\" data-end=\"1792\"><strong data-start=\"1718\" data-end=\"1732\">Labradorit<\/strong>, der den Kontakt zur Intuition erleichtert und vor Illusionen sch\u00fctzt,<\/p>\n<\/li>\n<li data-start=\"1793\" data-end=\"1867\">\n<p data-start=\"1795\" data-end=\"1867\"><strong data-start=\"1795\" data-end=\"1806\">Amethyst<\/strong>, der beruhigt, bes\u00e4nftigt und das innere Gleichgewicht f\u00f6rdert,<\/p>\n<\/li>\n<li data-start=\"1868\" data-end=\"1929\">\n<p data-start=\"1870\" data-end=\"1929\"><strong data-start=\"1870\" data-end=\"1881\">Prehnit<\/strong>, der die Harmonie zwischen Herz und K\u00f6rper unterst\u00fctzt,<\/p>\n<\/li>\n<li data-start=\"1930\" data-end=\"2017\">\n<p data-start=\"1932\" data-end=\"2017\"><strong data-start=\"1932\" data-end=\"1951\">Schwarzer Turmalin<\/strong>, der sch\u00fctzend wirkt und dich von unerw\u00fcnschten Energien abschirmt,<\/p>\n<\/li>\n<li data-start=\"2018\" data-end=\"2100\">\n<p data-start=\"2020\" data-end=\"2100\"><strong data-start=\"2020\" data-end=\"2036\">Phosphosiderit<\/strong>, der Spannungen lindert und Sanftheit in der Kommunikation f\u00f6rdert,<\/p>\n<\/li>\n<li data-start=\"2101\" data-end=\"2174\">\n<p data-start=\"2103\" data-end=\"2174\"><strong data-start=\"2103\" data-end=\"2116\">Aventurin<\/strong>, der f\u00fcr Ver\u00e4nderungen, F\u00fclle und innere Frische \u00f6ffnet,<\/p>\n<\/li>\n<li data-start=\"2175\" data-end=\"2232\">\n<p data-start=\"2177\" data-end=\"2232\">und <strong data-start=\"2182\" data-end=\"2193\">H\u00e4matit<\/strong>, der erdet und Stabilit\u00e4t wiederherstellt.<\/p>\n<\/li>\n<\/ul>\n<p data-start=\"2234\" data-end=\"2323\">Die Steine sind mit winzigen, schimmernden Bl\u00e4ttern durchwoben \u2013 als h\u00e4tte der Wald Schmuck angelegt.<\/p>\n<hr data-start=\"2325\" data-end=\"2328\">\n<h3 data-start=\"2330\" data-end=\"2346\">\ud83c\udf38 F\u00fcr wen?<\/h3>\n<p data-start=\"2348\" data-end=\"2697\">F\u00fcr jene, die Magie in sich sp\u00fcren. F\u00fcr Frauen, die still sein k\u00f6nnen, aber nicht schwach sind. Wenn du statt urbanem Trubel lieber das Fl\u00fcstern des Windes magst und statt perfekter Stylings Dinge mit Seele w\u00e4hlst \u2013 dann wurde dieses Fu\u00dfkettchen genau f\u00fcr dich geschaffen. Es eignet sich auch als symbolisches Geschenk f\u00fcr eine nahestehende Seele \u2013 wortlos, aber mit Intention.   <\/p>\n<hr data-start=\"2699\" data-end=\"2702\">\n<h3 data-start=\"2704\" data-end=\"2728\">\ud83d\udccf Technische Details<\/h3>\n<ul data-start=\"2730\" data-end=\"3096\">\n<li data-start=\"2730\" data-end=\"2771\">\n<p data-start=\"2732\" data-end=\"2771\">L\u00e4ngenverstellbar \u2013 verschiebbarer Knoten<\/p>\n<\/li>\n<li data-start=\"2772\" data-end=\"2822\">\n<p data-start=\"2774\" data-end=\"2822\">Polyesterband in erdigem Braun<\/p>\n<\/li>\n<li data-start=\"2823\" data-end=\"2957\">\n<p data-start=\"2825\" data-end=\"2957\">Natursteine: Grossular-Granat, Rauchquarz, Labradorit, Amethyst, Prehnit, Schwarzer Turmalin, Phosphosiderit, Aventurin, H\u00e4matit<\/p>\n<\/li>\n<li data-start=\"2958\" data-end=\"2998\">\n<p data-start=\"2960\" data-end=\"2998\">Bl\u00e4tter: b\u00f6hmisches Glas, irisierend<\/p>\n<\/li>\n<li data-start=\"2999\" data-end=\"3045\">\n<p data-start=\"3001\" data-end=\"3045\">Anh\u00e4nger: Feder aus 925er Silber, vergoldet<\/p>\n<\/li>\n<li data-start=\"3046\" data-end=\"3096\">\n<p data-start=\"3048\" data-end=\"3096\">Handgefertigt in Polen, mit Achtsamkeit und Herz<\/p>\n<\/li>\n<\/ul>\n<\/div>\n<\/div>\n<\/div>\n<\/div>\n","protected":false},"excerpt":{"rendered":"<div class=\"flex max-w-full flex-col flex-grow\">\n<div class=\"min-h-8 text-message flex w-full flex-col items-end gap-2 whitespace-normal break-words text-start [.text-message+&amp;]:mt-5\" dir=\"auto\" data-message-author-role=\"assistant\" data-message-id=\"e37d3b1a-d597-4200-97d4-57fb7acf2184\" data-message-model-slug=\"gpt-4o-mini\">\n<div class=\"flex w-full flex-col gap-1 empty:hidden first:pt-[3px]\">\n<div class=\"markdown prose w-full break-words dark:prose-invert dark\">\n<div class=\"flex max-w-full flex-col flex-grow\">\n<div class=\"min-h-8 text-message flex w-full flex-col items-end gap-2 whitespace-normal break-words text-start [.text-message+&amp;]:mt-5\" dir=\"auto\" data-message-author-role=\"assistant\" data-message-id=\"434ce9a3-1eaf-4b96-b199-2a1d18b5b877\" data-message-model-slug=\"gpt-4o-mini\">\n<div class=\"flex w-full flex-col gap-1 empty:hidden first:pt-[3px]\">\n<div class=\"markdown prose w-full break-words dark:prose-invert dark\">\n<div class=\"flex max-w-full flex-col flex-grow\">\n<div class=\"min-h-8 text-message flex w-full flex-col items-end gap-2 whitespace-normal break-words text-start [.text-message+&amp;]:mt-5\" dir=\"auto\" data-message-author-role=\"assistant\" data-message-id=\"cc074b21-0a8d-4f21-9e38-ad275a6193e1\" data-message-model-slug=\"gpt-4o-mini\">\n<div class=\"flex w-full flex-col gap-1 empty:hidden first:pt-[3px]\">\n<div class=\"markdown prose w-full break-words dark:prose-invert dark\">\n<p data-start=\"3377\" data-end=\"3557\">Fu\u00dfkettchen mit Bl\u00e4ttern und Natursteinen \u2013 mit Grossular-Granat, Rauchquarz, Phosphosiderit und einem vergoldeten Federanh\u00e4nger. Erdig, symbolisch und magisch. <\/p>\n<\/div>\n<\/div>\n<\/div>\n<\/div>\n<\/div>\n<\/div>\n<\/div>\n<\/div>\n<\/div>\n<\/div>\n<\/div>\n<\/div>\n<p>&nbsp;<\/p>\n<p>Ich verpacke den Schmuck sorgf\u00e4ltig in einer dekorativen Schachtel, sodass er sofort als Geschenk bereit ist.<\/p>\n","protected":false},"featured_media":3517,"template":"","meta":{"inline_featured_image":false},"product_brand":[],"product_cat":[168,167],"product_tag":[172,179,309,169,210,208,269,254,199,222],"class_list":{"0":"post-3516","1":"product","2":"type-product","3":"status-publish","4":"has-post-thumbnail","6":"product_cat-armbander","7":"product_cat-schmuck","8":"product_tag-amethyst","9":"product_tag-aventurin","10":"product_tag-grossular-granat","11":"product_tag-hamatit","12":"product_tag-labradorit","13":"product_tag-phosphosiderit","14":"product_tag-prehnit","15":"product_tag-rauchquarz","16":"product_tag-silber","17":"product_tag-turmalin","19":"first","20":"instock","21":"taxable","22":"shipping-taxable","23":"purchasable","24":"product-type-simple"},"yoast_head":"<!-- This site is optimized with the Yoast SEO plugin v27.5 - https:\/\/yoast.com\/product\/yoast-seo-wordpress\/ -->\n<title>Fu\u00dfkettchen mit Bl\u00e4ttern und Steinen \u2013 Waldhexe - Spirit Dust<\/title>\n<meta name=\"description\" content=\"Fu\u00dfkettchen mit Bl\u00e4ttern und Steinen \u2013 mit Grossular-Granat, Rauchquarz, Phosphosiderit und einem vergoldeten Anh\u00e4nger. Handgefertigt und voller Energie.\" \/>\n<meta name=\"robots\" content=\"index, follow, max-snippet:-1, max-image-preview:large, max-video-preview:-1\" \/>\n<link rel=\"canonical\" href=\"https:\/\/spiritdust.pl\/de\/produkt\/fusskettchen-mit-blaettern-und-steinen-waldhexe\/\" \/>\n<meta property=\"og:locale\" content=\"de_DE\" \/>\n<meta property=\"og:type\" content=\"article\" \/>\n<meta property=\"og:title\" content=\"Fu\u00dfkettchen mit Bl\u00e4ttern und Steinen \u2013 Waldhexe - Spirit Dust\" \/>\n<meta property=\"og:description\" content=\"Fu\u00dfkettchen mit Bl\u00e4ttern und Steinen \u2013 mit Grossular-Granat, Rauchquarz, Phosphosiderit und einem vergoldeten Anh\u00e4nger. Handgefertigt und voller Energie.\" \/>\n<meta property=\"og:url\" content=\"https:\/\/spiritdust.pl\/de\/produkt\/fusskettchen-mit-blaettern-und-steinen-waldhexe\/\" \/>\n<meta property=\"og:site_name\" content=\"Spirit Dust\" \/>\n<meta property=\"article:publisher\" content=\"https:\/\/www.facebook.com\/spiritdustmj\/\" \/>\n<meta property=\"og:image\" content=\"https:\/\/spiritdust.pl\/wp-content\/uploads\/2026\/01\/DSC01442-scaled-1.jpg\" \/>\n\t<meta property=\"og:image:width\" content=\"2048\" \/>\n\t<meta property=\"og:image:height\" content=\"2048\" \/>\n\t<meta property=\"og:image:type\" content=\"image\/jpeg\" \/>\n<meta name=\"twitter:card\" content=\"summary_large_image\" \/>\n<meta name=\"twitter:label1\" content=\"Gesch\u00e4tzte Lesezeit\" \/>\n\t<meta name=\"twitter:data1\" content=\"2\u00a0Minuten\" \/>\n<script type=\"application\/ld+json\" class=\"yoast-schema-graph\">{\"@context\":\"https:\\\/\\\/schema.org\",\"@graph\":[{\"@type\":\"WebPage\",\"@id\":\"https:\\\/\\\/spiritdust.pl\\\/de\\\/produkt\\\/fusskettchen-mit-blaettern-und-steinen-waldhexe\\\/\",\"url\":\"https:\\\/\\\/spiritdust.pl\\\/de\\\/produkt\\\/fusskettchen-mit-blaettern-und-steinen-waldhexe\\\/\",\"name\":\"Fu\u00dfkettchen mit Bl\u00e4ttern und Steinen \u2013 Waldhexe - Spirit Dust\",\"isPartOf\":{\"@id\":\"https:\\\/\\\/green-chough-870564.hostingersite.com\\\/#website\"},\"primaryImageOfPage\":{\"@id\":\"https:\\\/\\\/spiritdust.pl\\\/de\\\/produkt\\\/fusskettchen-mit-blaettern-und-steinen-waldhexe\\\/#primaryimage\"},\"image\":{\"@id\":\"https:\\\/\\\/spiritdust.pl\\\/de\\\/produkt\\\/fusskettchen-mit-blaettern-und-steinen-waldhexe\\\/#primaryimage\"},\"thumbnailUrl\":\"https:\\\/\\\/spiritdust.pl\\\/wp-content\\\/uploads\\\/2026\\\/01\\\/DSC01442-scaled-1.jpg\",\"datePublished\":\"2026-01-26T09:24:27+00:00\",\"description\":\"Fu\u00dfkettchen mit Bl\u00e4ttern und Steinen \u2013 mit Grossular-Granat, Rauchquarz, Phosphosiderit und einem vergoldeten Anh\u00e4nger. Handgefertigt und voller Energie.\",\"breadcrumb\":{\"@id\":\"https:\\\/\\\/spiritdust.pl\\\/de\\\/produkt\\\/fusskettchen-mit-blaettern-und-steinen-waldhexe\\\/#breadcrumb\"},\"inLanguage\":\"de\",\"potentialAction\":[{\"@type\":\"ReadAction\",\"target\":[\"https:\\\/\\\/spiritdust.pl\\\/de\\\/produkt\\\/fusskettchen-mit-blaettern-und-steinen-waldhexe\\\/\"]}]},{\"@type\":\"ImageObject\",\"inLanguage\":\"de\",\"@id\":\"https:\\\/\\\/spiritdust.pl\\\/de\\\/produkt\\\/fusskettchen-mit-blaettern-und-steinen-waldhexe\\\/#primaryimage\",\"url\":\"https:\\\/\\\/spiritdust.pl\\\/wp-content\\\/uploads\\\/2026\\\/01\\\/DSC01442-scaled-1.jpg\",\"contentUrl\":\"https:\\\/\\\/spiritdust.pl\\\/wp-content\\\/uploads\\\/2026\\\/01\\\/DSC01442-scaled-1.jpg\",\"width\":2048,\"height\":2048},{\"@type\":\"BreadcrumbList\",\"@id\":\"https:\\\/\\\/spiritdust.pl\\\/de\\\/produkt\\\/fusskettchen-mit-blaettern-und-steinen-waldhexe\\\/#breadcrumb\",\"itemListElement\":[{\"@type\":\"ListItem\",\"position\":1,\"name\":\"Strona g\u0142\u00f3wna\",\"item\":\"https:\\\/\\\/spiritdust.pl\\\/de\\\/spirit-dust-schmuck-aus-kupfer-silber-und-natursteinen\\\/\"},{\"@type\":\"ListItem\",\"position\":2,\"name\":\"Shop\",\"item\":\"https:\\\/\\\/green-chough-870564.hostingersite.com\\\/shop\\\/\"},{\"@type\":\"ListItem\",\"position\":3,\"name\":\"Fu\u00dfkettchen mit Bl\u00e4ttern und Steinen \u2013 Waldhexe\"}]},{\"@type\":\"WebSite\",\"@id\":\"https:\\\/\\\/green-chough-870564.hostingersite.com\\\/#website\",\"url\":\"https:\\\/\\\/green-chough-870564.hostingersite.com\\\/\",\"name\":\"Spirit Dust\",\"description\":\"Bi\u017cuteria z Miedzi, Srebra i Kamieni Naturalnych\",\"publisher\":{\"@id\":\"https:\\\/\\\/green-chough-870564.hostingersite.com\\\/#organization\"},\"potentialAction\":[{\"@type\":\"SearchAction\",\"target\":{\"@type\":\"EntryPoint\",\"urlTemplate\":\"https:\\\/\\\/green-chough-870564.hostingersite.com\\\/?s={search_term_string}\"},\"query-input\":{\"@type\":\"PropertyValueSpecification\",\"valueRequired\":true,\"valueName\":\"search_term_string\"}}],\"inLanguage\":\"de\"},{\"@type\":\"Organization\",\"@id\":\"https:\\\/\\\/green-chough-870564.hostingersite.com\\\/#organization\",\"name\":\"Geisterstaub\",\"url\":\"https:\\\/\\\/green-chough-870564.hostingersite.com\\\/\",\"logo\":{\"@type\":\"ImageObject\",\"inLanguage\":\"de\",\"@id\":\"https:\\\/\\\/green-chough-870564.hostingersite.com\\\/#\\\/schema\\\/logo\\\/image\\\/\",\"url\":\"https:\\\/\\\/spiritdust.pl\\\/wp-content\\\/uploads\\\/2026\\\/01\\\/logo-sd.png\",\"contentUrl\":\"https:\\\/\\\/spiritdust.pl\\\/wp-content\\\/uploads\\\/2026\\\/01\\\/logo-sd.png\",\"width\":251,\"height\":368,\"caption\":\"Geisterstaub\"},\"image\":{\"@id\":\"https:\\\/\\\/green-chough-870564.hostingersite.com\\\/#\\\/schema\\\/logo\\\/image\\\/\"},\"sameAs\":[\"https:\\\/\\\/www.facebook.com\\\/spiritdustmj\\\/\",\"https:\\\/\\\/instagram.com\\\/spirit__dust\"]}]}<\/script>\n<!-- \/ Yoast SEO plugin. -->","yoast_head_json":{"title":"Fu\u00dfkettchen mit Bl\u00e4ttern und Steinen \u2013 Waldhexe - Spirit Dust","description":"Fu\u00dfkettchen mit Bl\u00e4ttern und Steinen \u2013 mit Grossular-Granat, Rauchquarz, Phosphosiderit und einem vergoldeten Anh\u00e4nger. Handgefertigt und voller Energie.","robots":{"index":"index","follow":"follow","max-snippet":"max-snippet:-1","max-image-preview":"max-image-preview:large","max-video-preview":"max-video-preview:-1"},"canonical":"https:\/\/spiritdust.pl\/de\/produkt\/fusskettchen-mit-blaettern-und-steinen-waldhexe\/","og_locale":"de_DE","og_type":"article","og_title":"Fu\u00dfkettchen mit Bl\u00e4ttern und Steinen \u2013 Waldhexe - Spirit Dust","og_description":"Fu\u00dfkettchen mit Bl\u00e4ttern und Steinen \u2013 mit Grossular-Granat, Rauchquarz, Phosphosiderit und einem vergoldeten Anh\u00e4nger. Handgefertigt und voller Energie.","og_url":"https:\/\/spiritdust.pl\/de\/produkt\/fusskettchen-mit-blaettern-und-steinen-waldhexe\/","og_site_name":"Spirit Dust","article_publisher":"https:\/\/www.facebook.com\/spiritdustmj\/","og_image":[{"width":2048,"height":2048,"url":"https:\/\/spiritdust.pl\/wp-content\/uploads\/2026\/01\/DSC01442-scaled-1.jpg","type":"image\/jpeg"}],"twitter_card":"summary_large_image","twitter_misc":{"Gesch\u00e4tzte Lesezeit":"2\u00a0Minuten"},"schema":{"@context":"https:\/\/schema.org","@graph":[{"@type":"WebPage","@id":"https:\/\/spiritdust.pl\/de\/produkt\/fusskettchen-mit-blaettern-und-steinen-waldhexe\/","url":"https:\/\/spiritdust.pl\/de\/produkt\/fusskettchen-mit-blaettern-und-steinen-waldhexe\/","name":"Fu\u00dfkettchen mit Bl\u00e4ttern und Steinen \u2013 Waldhexe - Spirit Dust","isPartOf":{"@id":"https:\/\/green-chough-870564.hostingersite.com\/#website"},"primaryImageOfPage":{"@id":"https:\/\/spiritdust.pl\/de\/produkt\/fusskettchen-mit-blaettern-und-steinen-waldhexe\/#primaryimage"},"image":{"@id":"https:\/\/spiritdust.pl\/de\/produkt\/fusskettchen-mit-blaettern-und-steinen-waldhexe\/#primaryimage"},"thumbnailUrl":"https:\/\/spiritdust.pl\/wp-content\/uploads\/2026\/01\/DSC01442-scaled-1.jpg","datePublished":"2026-01-26T09:24:27+00:00","description":"Fu\u00dfkettchen mit Bl\u00e4ttern und Steinen \u2013 mit Grossular-Granat, Rauchquarz, Phosphosiderit und einem vergoldeten Anh\u00e4nger. Handgefertigt und voller Energie.","breadcrumb":{"@id":"https:\/\/spiritdust.pl\/de\/produkt\/fusskettchen-mit-blaettern-und-steinen-waldhexe\/#breadcrumb"},"inLanguage":"de","potentialAction":[{"@type":"ReadAction","target":["https:\/\/spiritdust.pl\/de\/produkt\/fusskettchen-mit-blaettern-und-steinen-waldhexe\/"]}]},{"@type":"ImageObject","inLanguage":"de","@id":"https:\/\/spiritdust.pl\/de\/produkt\/fusskettchen-mit-blaettern-und-steinen-waldhexe\/#primaryimage","url":"https:\/\/spiritdust.pl\/wp-content\/uploads\/2026\/01\/DSC01442-scaled-1.jpg","contentUrl":"https:\/\/spiritdust.pl\/wp-content\/uploads\/2026\/01\/DSC01442-scaled-1.jpg","width":2048,"height":2048},{"@type":"BreadcrumbList","@id":"https:\/\/spiritdust.pl\/de\/produkt\/fusskettchen-mit-blaettern-und-steinen-waldhexe\/#breadcrumb","itemListElement":[{"@type":"ListItem","position":1,"name":"Strona g\u0142\u00f3wna","item":"https:\/\/spiritdust.pl\/de\/spirit-dust-schmuck-aus-kupfer-silber-und-natursteinen\/"},{"@type":"ListItem","position":2,"name":"Shop","item":"https:\/\/green-chough-870564.hostingersite.com\/shop\/"},{"@type":"ListItem","position":3,"name":"Fu\u00dfkettchen mit Bl\u00e4ttern und Steinen \u2013 Waldhexe"}]},{"@type":"WebSite","@id":"https:\/\/green-chough-870564.hostingersite.com\/#website","url":"https:\/\/green-chough-870564.hostingersite.com\/","name":"Spirit Dust","description":"Bi\u017cuteria z Miedzi, Srebra i Kamieni Naturalnych","publisher":{"@id":"https:\/\/green-chough-870564.hostingersite.com\/#organization"},"potentialAction":[{"@type":"SearchAction","target":{"@type":"EntryPoint","urlTemplate":"https:\/\/green-chough-870564.hostingersite.com\/?s={search_term_string}"},"query-input":{"@type":"PropertyValueSpecification","valueRequired":true,"valueName":"search_term_string"}}],"inLanguage":"de"},{"@type":"Organization","@id":"https:\/\/green-chough-870564.hostingersite.com\/#organization","name":"Geisterstaub","url":"https:\/\/green-chough-870564.hostingersite.com\/","logo":{"@type":"ImageObject","inLanguage":"de","@id":"https:\/\/green-chough-870564.hostingersite.com\/#\/schema\/logo\/image\/","url":"https:\/\/spiritdust.pl\/wp-content\/uploads\/2026\/01\/logo-sd.png","contentUrl":"https:\/\/spiritdust.pl\/wp-content\/uploads\/2026\/01\/logo-sd.png","width":251,"height":368,"caption":"Geisterstaub"},"image":{"@id":"https:\/\/green-chough-870564.hostingersite.com\/#\/schema\/logo\/image\/"},"sameAs":["https:\/\/www.facebook.com\/spiritdustmj\/","https:\/\/instagram.com\/spirit__dust"]}]}},"_links":{"self":[{"href":"https:\/\/spiritdust.pl\/de\/wp-json\/wp\/v2\/product\/3516","targetHints":{"allow":["GET"]}}],"collection":[{"href":"https:\/\/spiritdust.pl\/de\/wp-json\/wp\/v2\/product"}],"about":[{"href":"https:\/\/spiritdust.pl\/de\/wp-json\/wp\/v2\/types\/product"}],"version-history":[{"count":0,"href":"https:\/\/spiritdust.pl\/de\/wp-json\/wp\/v2\/product\/3516\/revisions"}],"wp:featuredmedia":[{"embeddable":true,"href":"https:\/\/spiritdust.pl\/de\/wp-json\/wp\/v2\/media\/3517"}],"wp:attachment":[{"href":"https:\/\/spiritdust.pl\/de\/wp-json\/wp\/v2\/media?parent=3516"}],"wp:term":[{"taxonomy":"product_brand","embeddable":true,"href":"https:\/\/spiritdust.pl\/de\/wp-json\/wp\/v2\/product_brand?post=3516"},{"taxonomy":"product_cat","embeddable":true,"href":"https:\/\/spiritdust.pl\/de\/wp-json\/wp\/v2\/product_cat?post=3516"},{"taxonomy":"product_tag","embeddable":true,"href":"https:\/\/spiritdust.pl\/de\/wp-json\/wp\/v2\/product_tag?post=3516"}],"curies":[{"name":"wp","href":"https:\/\/api.w.org\/{rel}","templated":true}]}}