{"id":3536,"date":"2026-01-26T09:24:27","date_gmt":"2026-01-26T09:24:27","guid":{"rendered":"https:\/\/spiritdust.pl\/produkt\/fusskettchen-mit-monden-und-steinen-silberne-nacht\/"},"modified":"2026-01-26T09:24:27","modified_gmt":"2026-01-26T09:24:27","slug":"fusskettchen-mit-monden-und-steinen-silberne-nacht","status":"publish","type":"product","link":"https:\/\/spiritdust.pl\/de\/produkt\/fusskettchen-mit-monden-und-steinen-silberne-nacht\/","title":{"rendered":"Fu\u00dfkettchen mit Monden und Steinen \u2013 Silberne Nacht"},"content":{"rendered":"<div class=\"flex-shrink-0 flex flex-col relative items-end\">\n<div class=\"pt-0\">\n<div class=\"gizmo-bot-avatar flex h-8 w-8 items-center justify-center overflow-hidden rounded-full\">\n<div class=\"relative p-1 rounded-sm flex items-center justify-center bg-token-main-surface-primary text-token-text-primary h-8 w-8\">\n<h3 data-start=\"316\" data-end=\"410\">Fu\u00dfkettchen mit Perlmutt und Natursteinen \u2013 Leichtigkeit, Ruhe und Intuition<\/h3>\n<p data-start=\"412\" data-end=\"812\"><strong data-start=\"412\" data-end=\"477\">Das Fu\u00dfkettchen mit Perlmutt und Natursteinen<\/strong> ist ein zarter Schmuck, inspiriert vom Mondlicht. Seine k\u00fchlen Blau-, Grau- und Perlwei\u00df-T\u00f6ne erinnern an den Nachthimmel, der sich im Wasser spiegelt. Es ist ein leichtes und bequemes Fu\u00dfkettchen an einem Polyesterband, verziert mit kleinen Steinen und Anh\u00e4ngern aus 925er Silber \u2013 darunter ein Blatt in symbolischer Federform.  <\/p>\n<hr data-start=\"814\" data-end=\"817\">\n<h3 data-start=\"819\" data-end=\"849\">\u2728 Steine und ihre Bedeutung<\/h3>\n<p data-start=\"851\" data-end=\"930\">Entworfen f\u00fcr Ruhe, Schutz und die R\u00fcckkehr zu dir selbst. Hier findest du: <\/p>\n<ul data-start=\"932\" data-end=\"1329\">\n<li data-start=\"932\" data-end=\"984\">\n<p data-start=\"934\" data-end=\"984\"><strong data-start=\"934\" data-end=\"947\">Aquamarin<\/strong> \u2013 beruhigt Emotionen und f\u00f6rdert Sanftheit,<\/p>\n<\/li>\n<li data-start=\"985\" data-end=\"1049\">\n<p data-start=\"987\" data-end=\"1049\"><strong data-start=\"987\" data-end=\"1008\">Mondstein<\/strong> \u2013 st\u00e4rkt Intuition und weibliche Energie,<\/p>\n<\/li>\n<li data-start=\"1050\" data-end=\"1142\">\n<p data-start=\"1052\" data-end=\"1142\"><strong data-start=\"1052\" data-end=\"1089\">Perlmutt in Mondform<\/strong> \u2013 spiegelt Zyklen und innere Harmonie wider,<\/p>\n<\/li>\n<li data-start=\"1143\" data-end=\"1206\">\n<p data-start=\"1145\" data-end=\"1206\"><strong data-start=\"1145\" data-end=\"1164\">schwarzer Turmalin<\/strong> \u2013 sch\u00fctzt und reinigt das Energiefeld,<\/p>\n<\/li>\n<li data-start=\"1207\" data-end=\"1270\">\n<p data-start=\"1209\" data-end=\"1270\"><strong data-start=\"1209\" data-end=\"1223\">Labradorit<\/strong> \u2013 regt die Fantasie an und st\u00e4rkt die Kreativit\u00e4t,<\/p>\n<\/li>\n<li data-start=\"1271\" data-end=\"1329\">\n<p data-start=\"1273\" data-end=\"1329\"><strong data-start=\"1273\" data-end=\"1284\">H\u00e4matit<\/strong> \u2013 unterst\u00fctzt Erdung und innere Balance.<\/p>\n<\/li>\n<\/ul>\n<p data-start=\"1331\" data-end=\"1474\">Anh\u00e4nger aus <strong data-start=\"1344\" data-end=\"1358\">925er Silber<\/strong> verleihen dem Ganzen Adel und einzigartigen Glanz. Die Feder symbolisiert Leichtigkeit, Freiheit und die Verbindung zum Spirituellen. <\/p>\n<hr data-start=\"1476\" data-end=\"1479\">\n<h3 data-start=\"1481\" data-end=\"1497\">\ud83c\udf38 F\u00fcr wen?<\/h3>\n<p data-start=\"1499\" data-end=\"1722\">F\u00fcr sensible Seelen, die mehr als nur Schmuck suchen. F\u00fcr Frauen, die Magie in gew\u00f6hnlichen Momenten sp\u00fcren und Gegenst\u00e4nde mit Seele sch\u00e4tzen. Ideal als Geschenk f\u00fcr einen geliebten Menschen \u2013 oder als intimer Talisman f\u00fcr dich selbst.  <\/p>\n<hr data-start=\"1724\" data-end=\"1727\">\n<h3 data-start=\"1729\" data-end=\"1753\">\ud83d\udccf Technische Details<\/h3>\n<ul data-start=\"1755\" data-end=\"2038\">\n<li data-start=\"1755\" data-end=\"1786\">\n<p data-start=\"1757\" data-end=\"1786\">Verstellbarkeit: verschiebbarer Knoten<\/p>\n<\/li>\n<li data-start=\"1787\" data-end=\"1828\">\n<p data-start=\"1789\" data-end=\"1828\">Band: Polyester, violett-grau<\/p>\n<\/li>\n<li data-start=\"1829\" data-end=\"1909\">\n<p data-start=\"1831\" data-end=\"1909\">Steine: Aquamarin, Mondstein, schwarzer Turmalin, Labradorit, H\u00e4matit<\/p>\n<\/li>\n<li data-start=\"1910\" data-end=\"2008\">\n<p data-start=\"1912\" data-end=\"2008\">Dekorelemente: Perlmutt (Mondform), Anh\u00e4nger aus 925er Silber (Feder und Kreis)<\/p>\n<\/li>\n<li data-start=\"2009\" data-end=\"2038\">\n<p data-start=\"2011\" data-end=\"2038\">handgefertigt in Polen<\/p>\n<\/li>\n<\/ul>\n<\/div>\n<\/div>\n<\/div>\n<\/div>\n","protected":false},"excerpt":{"rendered":"<div class=\"flex max-w-full flex-col flex-grow\">\n<div class=\"min-h-8 text-message flex w-full flex-col items-end gap-2 whitespace-normal break-words text-start [.text-message+&amp;]:mt-5\" dir=\"auto\" data-message-author-role=\"assistant\" data-message-id=\"e37d3b1a-d597-4200-97d4-57fb7acf2184\" data-message-model-slug=\"gpt-4o-mini\">\n<div class=\"flex w-full flex-col gap-1 empty:hidden first:pt-[3px]\">\n<div class=\"markdown prose w-full break-words dark:prose-invert dark\">\n<div class=\"flex max-w-full flex-col flex-grow\">\n<div class=\"min-h-8 text-message flex w-full flex-col items-end gap-2 whitespace-normal break-words text-start [.text-message+&amp;]:mt-5\" dir=\"auto\" data-message-author-role=\"assistant\" data-message-id=\"434ce9a3-1eaf-4b96-b199-2a1d18b5b877\" data-message-model-slug=\"gpt-4o-mini\">\n<div class=\"flex w-full flex-col gap-1 empty:hidden first:pt-[3px]\">\n<div class=\"markdown prose w-full break-words dark:prose-invert dark\">\n<div class=\"flex max-w-full flex-col flex-grow\">\n<div class=\"min-h-8 text-message flex w-full flex-col items-end gap-2 whitespace-normal break-words text-start [.text-message+&amp;]:mt-5\" dir=\"auto\" data-message-author-role=\"assistant\" data-message-id=\"cc074b21-0a8d-4f21-9e38-ad275a6193e1\" data-message-model-slug=\"gpt-4o-mini\">\n<div class=\"flex w-full flex-col gap-1 empty:hidden first:pt-[3px]\">\n<div class=\"markdown prose w-full break-words dark:prose-invert dark\">\n<p data-start=\"2312\" data-end=\"2455\">Fu\u00dfkettchen mit Perlmutt und Natursteinen \u2013 Aquamarin, Turmalin, Mondstein und Silber. Subtil, \u00e4therisch, sch\u00fctzend. <\/p>\n<\/div>\n<\/div>\n<\/div>\n<\/div>\n<\/div>\n<\/div>\n<\/div>\n<\/div>\n<\/div>\n<\/div>\n<\/div>\n<\/div>\n<p>&nbsp;<\/p>\n<p>Ich verpacke den Schmuck sorgf\u00e4ltig in einer dekorativen Schachtel, sodass er sofort als Geschenk bereit ist.<\/p>\n","protected":false},"featured_media":3537,"template":"","meta":{"inline_featured_image":false},"product_brand":[],"product_cat":[168,167],"product_tag":[300,169,210,171,356,220,199],"class_list":{"0":"post-3536","1":"product","2":"type-product","3":"status-publish","4":"has-post-thumbnail","6":"product_cat-armbander","7":"product_cat-schmuck","8":"product_tag-aquamarin","9":"product_tag-hamatit","10":"product_tag-labradorit","11":"product_tag-mondstein","12":"product_tag-perlmutt","13":"product_tag-schwarzer-turmalin","14":"product_tag-silber","16":"first","17":"instock","18":"taxable","19":"shipping-taxable","20":"purchasable","21":"product-type-simple"},"yoast_head":"<!-- This site is optimized with the Yoast SEO plugin v27.5 - https:\/\/yoast.com\/product\/yoast-seo-wordpress\/ -->\n<title>Fu\u00dfkettchen mit Monden und Steinen \u2013 Silberne Nacht - Spirit Dust<\/title>\n<meta name=\"description\" content=\"Fu\u00dfkettchen mit Perlmutt, Natursteinen und Silberanh\u00e4nger \u2013 mit Aquamarin, Mond und Feder. Leicht, \u00e4therisch und sch\u00fctzend.\" \/>\n<meta name=\"robots\" content=\"index, follow, max-snippet:-1, max-image-preview:large, max-video-preview:-1\" \/>\n<link rel=\"canonical\" href=\"https:\/\/spiritdust.pl\/de\/produkt\/fusskettchen-mit-monden-und-steinen-silberne-nacht\/\" \/>\n<meta property=\"og:locale\" content=\"de_DE\" \/>\n<meta property=\"og:type\" content=\"article\" \/>\n<meta property=\"og:title\" content=\"Fu\u00dfkettchen mit Monden und Steinen \u2013 Silberne Nacht - Spirit Dust\" \/>\n<meta property=\"og:description\" content=\"Fu\u00dfkettchen mit Perlmutt, Natursteinen und Silberanh\u00e4nger \u2013 mit Aquamarin, Mond und Feder. Leicht, \u00e4therisch und sch\u00fctzend.\" \/>\n<meta property=\"og:url\" content=\"https:\/\/spiritdust.pl\/de\/produkt\/fusskettchen-mit-monden-und-steinen-silberne-nacht\/\" \/>\n<meta property=\"og:site_name\" content=\"Spirit Dust\" \/>\n<meta property=\"article:publisher\" content=\"https:\/\/www.facebook.com\/spiritdustmj\/\" \/>\n<meta property=\"og:image\" content=\"https:\/\/spiritdust.pl\/wp-content\/uploads\/2026\/01\/DSC01434-scaled-1.jpg\" \/>\n\t<meta property=\"og:image:width\" content=\"2048\" \/>\n\t<meta property=\"og:image:height\" content=\"2048\" \/>\n\t<meta property=\"og:image:type\" content=\"image\/jpeg\" \/>\n<meta name=\"twitter:card\" content=\"summary_large_image\" \/>\n<meta name=\"twitter:label1\" content=\"Gesch\u00e4tzte Lesezeit\" \/>\n\t<meta name=\"twitter:data1\" content=\"1\u00a0Minute\" \/>\n<script type=\"application\/ld+json\" class=\"yoast-schema-graph\">{\"@context\":\"https:\\\/\\\/schema.org\",\"@graph\":[{\"@type\":\"WebPage\",\"@id\":\"https:\\\/\\\/spiritdust.pl\\\/de\\\/produkt\\\/fusskettchen-mit-monden-und-steinen-silberne-nacht\\\/\",\"url\":\"https:\\\/\\\/spiritdust.pl\\\/de\\\/produkt\\\/fusskettchen-mit-monden-und-steinen-silberne-nacht\\\/\",\"name\":\"Fu\u00dfkettchen mit Monden und Steinen \u2013 Silberne Nacht - Spirit Dust\",\"isPartOf\":{\"@id\":\"https:\\\/\\\/green-chough-870564.hostingersite.com\\\/#website\"},\"primaryImageOfPage\":{\"@id\":\"https:\\\/\\\/spiritdust.pl\\\/de\\\/produkt\\\/fusskettchen-mit-monden-und-steinen-silberne-nacht\\\/#primaryimage\"},\"image\":{\"@id\":\"https:\\\/\\\/spiritdust.pl\\\/de\\\/produkt\\\/fusskettchen-mit-monden-und-steinen-silberne-nacht\\\/#primaryimage\"},\"thumbnailUrl\":\"https:\\\/\\\/spiritdust.pl\\\/wp-content\\\/uploads\\\/2026\\\/01\\\/DSC01434-scaled-1.jpg\",\"datePublished\":\"2026-01-26T09:24:27+00:00\",\"description\":\"Fu\u00dfkettchen mit Perlmutt, Natursteinen und Silberanh\u00e4nger \u2013 mit Aquamarin, Mond und Feder. Leicht, \u00e4therisch und sch\u00fctzend.\",\"breadcrumb\":{\"@id\":\"https:\\\/\\\/spiritdust.pl\\\/de\\\/produkt\\\/fusskettchen-mit-monden-und-steinen-silberne-nacht\\\/#breadcrumb\"},\"inLanguage\":\"de\",\"potentialAction\":[{\"@type\":\"ReadAction\",\"target\":[\"https:\\\/\\\/spiritdust.pl\\\/de\\\/produkt\\\/fusskettchen-mit-monden-und-steinen-silberne-nacht\\\/\"]}]},{\"@type\":\"ImageObject\",\"inLanguage\":\"de\",\"@id\":\"https:\\\/\\\/spiritdust.pl\\\/de\\\/produkt\\\/fusskettchen-mit-monden-und-steinen-silberne-nacht\\\/#primaryimage\",\"url\":\"https:\\\/\\\/spiritdust.pl\\\/wp-content\\\/uploads\\\/2026\\\/01\\\/DSC01434-scaled-1.jpg\",\"contentUrl\":\"https:\\\/\\\/spiritdust.pl\\\/wp-content\\\/uploads\\\/2026\\\/01\\\/DSC01434-scaled-1.jpg\",\"width\":2048,\"height\":2048},{\"@type\":\"BreadcrumbList\",\"@id\":\"https:\\\/\\\/spiritdust.pl\\\/de\\\/produkt\\\/fusskettchen-mit-monden-und-steinen-silberne-nacht\\\/#breadcrumb\",\"itemListElement\":[{\"@type\":\"ListItem\",\"position\":1,\"name\":\"Strona g\u0142\u00f3wna\",\"item\":\"https:\\\/\\\/spiritdust.pl\\\/de\\\/spirit-dust-schmuck-aus-kupfer-silber-und-natursteinen\\\/\"},{\"@type\":\"ListItem\",\"position\":2,\"name\":\"Shop\",\"item\":\"https:\\\/\\\/green-chough-870564.hostingersite.com\\\/shop\\\/\"},{\"@type\":\"ListItem\",\"position\":3,\"name\":\"Fu\u00dfkettchen mit Monden und Steinen \u2013 Silberne Nacht\"}]},{\"@type\":\"WebSite\",\"@id\":\"https:\\\/\\\/green-chough-870564.hostingersite.com\\\/#website\",\"url\":\"https:\\\/\\\/green-chough-870564.hostingersite.com\\\/\",\"name\":\"Spirit Dust\",\"description\":\"Bi\u017cuteria z Miedzi, Srebra i Kamieni Naturalnych\",\"publisher\":{\"@id\":\"https:\\\/\\\/green-chough-870564.hostingersite.com\\\/#organization\"},\"potentialAction\":[{\"@type\":\"SearchAction\",\"target\":{\"@type\":\"EntryPoint\",\"urlTemplate\":\"https:\\\/\\\/green-chough-870564.hostingersite.com\\\/?s={search_term_string}\"},\"query-input\":{\"@type\":\"PropertyValueSpecification\",\"valueRequired\":true,\"valueName\":\"search_term_string\"}}],\"inLanguage\":\"de\"},{\"@type\":\"Organization\",\"@id\":\"https:\\\/\\\/green-chough-870564.hostingersite.com\\\/#organization\",\"name\":\"Geisterstaub\",\"url\":\"https:\\\/\\\/green-chough-870564.hostingersite.com\\\/\",\"logo\":{\"@type\":\"ImageObject\",\"inLanguage\":\"de\",\"@id\":\"https:\\\/\\\/green-chough-870564.hostingersite.com\\\/#\\\/schema\\\/logo\\\/image\\\/\",\"url\":\"https:\\\/\\\/spiritdust.pl\\\/wp-content\\\/uploads\\\/2026\\\/01\\\/logo-sd.png\",\"contentUrl\":\"https:\\\/\\\/spiritdust.pl\\\/wp-content\\\/uploads\\\/2026\\\/01\\\/logo-sd.png\",\"width\":251,\"height\":368,\"caption\":\"Geisterstaub\"},\"image\":{\"@id\":\"https:\\\/\\\/green-chough-870564.hostingersite.com\\\/#\\\/schema\\\/logo\\\/image\\\/\"},\"sameAs\":[\"https:\\\/\\\/www.facebook.com\\\/spiritdustmj\\\/\",\"https:\\\/\\\/instagram.com\\\/spirit__dust\"]}]}<\/script>\n<!-- \/ Yoast SEO plugin. -->","yoast_head_json":{"title":"Fu\u00dfkettchen mit Monden und Steinen \u2013 Silberne Nacht - Spirit Dust","description":"Fu\u00dfkettchen mit Perlmutt, Natursteinen und Silberanh\u00e4nger \u2013 mit Aquamarin, Mond und Feder. Leicht, \u00e4therisch und sch\u00fctzend.","robots":{"index":"index","follow":"follow","max-snippet":"max-snippet:-1","max-image-preview":"max-image-preview:large","max-video-preview":"max-video-preview:-1"},"canonical":"https:\/\/spiritdust.pl\/de\/produkt\/fusskettchen-mit-monden-und-steinen-silberne-nacht\/","og_locale":"de_DE","og_type":"article","og_title":"Fu\u00dfkettchen mit Monden und Steinen \u2013 Silberne Nacht - Spirit Dust","og_description":"Fu\u00dfkettchen mit Perlmutt, Natursteinen und Silberanh\u00e4nger \u2013 mit Aquamarin, Mond und Feder. Leicht, \u00e4therisch und sch\u00fctzend.","og_url":"https:\/\/spiritdust.pl\/de\/produkt\/fusskettchen-mit-monden-und-steinen-silberne-nacht\/","og_site_name":"Spirit Dust","article_publisher":"https:\/\/www.facebook.com\/spiritdustmj\/","og_image":[{"width":2048,"height":2048,"url":"https:\/\/spiritdust.pl\/wp-content\/uploads\/2026\/01\/DSC01434-scaled-1.jpg","type":"image\/jpeg"}],"twitter_card":"summary_large_image","twitter_misc":{"Gesch\u00e4tzte Lesezeit":"1\u00a0Minute"},"schema":{"@context":"https:\/\/schema.org","@graph":[{"@type":"WebPage","@id":"https:\/\/spiritdust.pl\/de\/produkt\/fusskettchen-mit-monden-und-steinen-silberne-nacht\/","url":"https:\/\/spiritdust.pl\/de\/produkt\/fusskettchen-mit-monden-und-steinen-silberne-nacht\/","name":"Fu\u00dfkettchen mit Monden und Steinen \u2013 Silberne Nacht - Spirit Dust","isPartOf":{"@id":"https:\/\/green-chough-870564.hostingersite.com\/#website"},"primaryImageOfPage":{"@id":"https:\/\/spiritdust.pl\/de\/produkt\/fusskettchen-mit-monden-und-steinen-silberne-nacht\/#primaryimage"},"image":{"@id":"https:\/\/spiritdust.pl\/de\/produkt\/fusskettchen-mit-monden-und-steinen-silberne-nacht\/#primaryimage"},"thumbnailUrl":"https:\/\/spiritdust.pl\/wp-content\/uploads\/2026\/01\/DSC01434-scaled-1.jpg","datePublished":"2026-01-26T09:24:27+00:00","description":"Fu\u00dfkettchen mit Perlmutt, Natursteinen und Silberanh\u00e4nger \u2013 mit Aquamarin, Mond und Feder. Leicht, \u00e4therisch und sch\u00fctzend.","breadcrumb":{"@id":"https:\/\/spiritdust.pl\/de\/produkt\/fusskettchen-mit-monden-und-steinen-silberne-nacht\/#breadcrumb"},"inLanguage":"de","potentialAction":[{"@type":"ReadAction","target":["https:\/\/spiritdust.pl\/de\/produkt\/fusskettchen-mit-monden-und-steinen-silberne-nacht\/"]}]},{"@type":"ImageObject","inLanguage":"de","@id":"https:\/\/spiritdust.pl\/de\/produkt\/fusskettchen-mit-monden-und-steinen-silberne-nacht\/#primaryimage","url":"https:\/\/spiritdust.pl\/wp-content\/uploads\/2026\/01\/DSC01434-scaled-1.jpg","contentUrl":"https:\/\/spiritdust.pl\/wp-content\/uploads\/2026\/01\/DSC01434-scaled-1.jpg","width":2048,"height":2048},{"@type":"BreadcrumbList","@id":"https:\/\/spiritdust.pl\/de\/produkt\/fusskettchen-mit-monden-und-steinen-silberne-nacht\/#breadcrumb","itemListElement":[{"@type":"ListItem","position":1,"name":"Strona g\u0142\u00f3wna","item":"https:\/\/spiritdust.pl\/de\/spirit-dust-schmuck-aus-kupfer-silber-und-natursteinen\/"},{"@type":"ListItem","position":2,"name":"Shop","item":"https:\/\/green-chough-870564.hostingersite.com\/shop\/"},{"@type":"ListItem","position":3,"name":"Fu\u00dfkettchen mit Monden und Steinen \u2013 Silberne Nacht"}]},{"@type":"WebSite","@id":"https:\/\/green-chough-870564.hostingersite.com\/#website","url":"https:\/\/green-chough-870564.hostingersite.com\/","name":"Spirit Dust","description":"Bi\u017cuteria z Miedzi, Srebra i Kamieni Naturalnych","publisher":{"@id":"https:\/\/green-chough-870564.hostingersite.com\/#organization"},"potentialAction":[{"@type":"SearchAction","target":{"@type":"EntryPoint","urlTemplate":"https:\/\/green-chough-870564.hostingersite.com\/?s={search_term_string}"},"query-input":{"@type":"PropertyValueSpecification","valueRequired":true,"valueName":"search_term_string"}}],"inLanguage":"de"},{"@type":"Organization","@id":"https:\/\/green-chough-870564.hostingersite.com\/#organization","name":"Geisterstaub","url":"https:\/\/green-chough-870564.hostingersite.com\/","logo":{"@type":"ImageObject","inLanguage":"de","@id":"https:\/\/green-chough-870564.hostingersite.com\/#\/schema\/logo\/image\/","url":"https:\/\/spiritdust.pl\/wp-content\/uploads\/2026\/01\/logo-sd.png","contentUrl":"https:\/\/spiritdust.pl\/wp-content\/uploads\/2026\/01\/logo-sd.png","width":251,"height":368,"caption":"Geisterstaub"},"image":{"@id":"https:\/\/green-chough-870564.hostingersite.com\/#\/schema\/logo\/image\/"},"sameAs":["https:\/\/www.facebook.com\/spiritdustmj\/","https:\/\/instagram.com\/spirit__dust"]}]}},"_links":{"self":[{"href":"https:\/\/spiritdust.pl\/de\/wp-json\/wp\/v2\/product\/3536","targetHints":{"allow":["GET"]}}],"collection":[{"href":"https:\/\/spiritdust.pl\/de\/wp-json\/wp\/v2\/product"}],"about":[{"href":"https:\/\/spiritdust.pl\/de\/wp-json\/wp\/v2\/types\/product"}],"version-history":[{"count":0,"href":"https:\/\/spiritdust.pl\/de\/wp-json\/wp\/v2\/product\/3536\/revisions"}],"wp:featuredmedia":[{"embeddable":true,"href":"https:\/\/spiritdust.pl\/de\/wp-json\/wp\/v2\/media\/3537"}],"wp:attachment":[{"href":"https:\/\/spiritdust.pl\/de\/wp-json\/wp\/v2\/media?parent=3536"}],"wp:term":[{"taxonomy":"product_brand","embeddable":true,"href":"https:\/\/spiritdust.pl\/de\/wp-json\/wp\/v2\/product_brand?post=3536"},{"taxonomy":"product_cat","embeddable":true,"href":"https:\/\/spiritdust.pl\/de\/wp-json\/wp\/v2\/product_cat?post=3536"},{"taxonomy":"product_tag","embeddable":true,"href":"https:\/\/spiritdust.pl\/de\/wp-json\/wp\/v2\/product_tag?post=3536"}],"curies":[{"name":"wp","href":"https:\/\/api.w.org\/{rel}","templated":true}]}}